{"id":6090,"date":"2024-07-17T09:03:21","date_gmt":"2024-07-17T08:03:21","guid":{"rendered":"https:\/\/mayoguide.org\/produkty\/?post_type=product&#038;p=6090"},"modified":"2024-07-17T09:08:23","modified_gmt":"2024-07-17T08:08:23","slug":"alfazone","status":"publish","type":"product","link":"https:\/\/www.clinicaalthea.com\/farmacia\/ro\/apt\/alfazone\/","title":{"rendered":"Alfazone"},"content":{"rendered":"\n<h2 class=\"wp-block-heading\">Ce este Alfazone \u0219i cum func\u021bioneaz\u0103?<\/h2>\n\n\n\n<p>Alfazone este un <b>supliment alimentar<\/b> conceput special pentru b\u0103rba\u021bi cu scopul principal de a <b>spori poten\u021ba<\/b> \u0219i de a <b>\u00eembun\u0103t\u0103\u021bi libidoul<\/b>. Acesta con\u021bine <b>ingrediente naturale<\/b> care sus\u021bin fiziologia s\u0103n\u0103toas\u0103 \u0219i procesele sexuale.<\/p>\n\n\n\n<p>Suplimentul Alfazone func\u021bioneaz\u0103 prin utilizarea ingredientelor atent selectate care stimuleaz\u0103 circula\u021bia s\u00e2ngelui \u00een organism. Ca urmare, are un efect pozitiv asupra performan\u021bei sexuale \u0219i \u00eembun\u0103t\u0103\u021be\u0219te func\u021bia sexual\u0103 la b\u0103rba\u021bi.<\/p>\n\n\n\n<p>Mecanismul de ac\u021biune al Alfazone se concentreaz\u0103 pe stimularea s\u00e2ngelui, f\u0103c\u00e2nd procesele sexuale mai eficiente. Cu utilizarea regulat\u0103 a suplimentului, b\u0103rba\u021bii pot observa o cre\u0219tere a libidoului \u0219i o \u00eembun\u0103t\u0103\u021bire a calit\u0103\u021bii vie\u021bii lor sexuale.<\/p>\n\n\n\n<h2 class=\"wp-block-heading\">Beneficii ale Alfazone &#8211; Efecte<\/h2>\n\n\n\n<p>Utilizarea suplimentului alimentar Alfazone poate oferi multe beneficii \u0219i efecte pozitive pentru b\u0103rba\u021bi. Principalele beneficii asociate cu utilizarea sa sunt <b>\u00eembun\u0103t\u0103\u021birea poten\u021bei<\/b> \u0219i <b>cre\u0219terea libidoului<\/b>. Utilizarea regulat\u0103 a Alfazone poate duce la erec\u021bii mai intense \u0219i mai lungi, ceea ce se traduce printr-o mai mare satisfac\u021bie sexual\u0103.<\/p>\n\n\n\n<p>\u00cembun\u0103t\u0103\u021birea <b>calit\u0103\u021bii vie\u021bii sexuale<\/b> este unul dintre efectele cheie ale administr\u0103rii Alfazone. Suplimentul sus\u021bine o fiziologie s\u0103n\u0103toas\u0103 \u0219i poate avea un impact pozitiv asupra st\u0103rii generale a organismului, contribuind la \u00eembun\u0103t\u0103\u021birea bun\u0103st\u0103rii sexuale.<\/p>\n\n\n\n<p><b>Cre\u0219terea libidoului<\/b> \u0219i <b>\u00eembun\u0103t\u0103\u021birea poten\u021bei<\/b> sunt efecte de dorit pentru mul\u021bi b\u0103rba\u021bi care pot avea un impact pozitiv asupra vie\u021bii lor sexuale. Alfazone, cu ingredientele sale special selectate, poate fi un sprijin eficient pentru fiziologia masculin\u0103.<\/p>\n\n\n\n<figure class=\"wp-block-table\"><table><tbody><tr><th>Beneficiile utiliz\u0103rii Alfazone:<\/th><\/tr><tr><td><em>\u00cembun\u0103t\u0103\u021birea poten\u021bei<\/em> &#8211; Utilizarea Alfazone poate avea ca efect <b>cre\u0219terea poten\u021bei<\/b> masculine.<\/td><\/tr><tr><td><em>Cre\u0219terea libidoului<\/em> &#8211; Utilizarea regulat\u0103 a suplimentului poate ajuta la cre\u0219terea nivelului libidoului.<\/td><\/tr><tr><td><em>Erec\u021bii mai intense \u0219i mai lungi<\/em> &#8211; Suplimentul sus\u021bine ob\u021binerea de erec\u021bii de intensitate mai mare \u0219i durat\u0103 mai lung\u0103.<\/td><\/tr><tr><td><em>Cre\u0219terea satisfac\u021biei sexuale<\/em> &#8211; <b>Efectele Alfazone<\/b> pot contribui la cre\u0219terea satisfac\u021biei sexuale.<\/td><\/tr><tr><td><em>\u00cembun\u0103t\u0103\u021birea vie\u021bii sexuale<\/em> &#8211; Utilizarea regulat\u0103 a suplimentului poate avea <b>efecte<\/b> benefice asupra bun\u0103st\u0103rii sexuale generale.<\/td><\/tr><\/tbody><\/table><\/figure>\n\n\n\n<h2 class=\"wp-block-heading\">Cum se utilizeaz\u0103 Alfazone? &#8211; Dozaj<\/h2>\n\n\n\n<p><b>Dozajul de<\/b> Alfazone este foarte simplu. Se recomand\u0103 administrarea a <em>1 capsul\u0103 de 2 ori pe zi<\/em>, de preferin\u021b\u0103 \u00eenainte de mese. Durata minim\u0103 recomandat\u0103 de utilizare este de <em>2 s\u0103pt\u0103m\u00e2ni<\/em>. Este important s\u0103 urma\u021bi recomand\u0103rile produc\u0103torului \u0219i s\u0103 <em>nu dep\u0103\u0219i\u021bi doza recomandat\u0103<\/em>. Este \u00eentotdeauna recomandabil s\u0103 consulta\u021bi un medic \u00eenainte de a \u00eencepe tratamentul, mai ales dac\u0103 exist\u0103 <em>contraindica\u021bii<\/em> sau \u00eendoieli cu privire la <em>siguran\u021ba suplimentului<\/em>.<\/p>\n\n\n\n<figure class=\"wp-block-table\"><table><tbody><tr><th>Instruc\u021biuni de dozare<\/th><th>Descriere<\/th><\/tr><tr><td><em>1 capsul\u0103 de 2 ori pe zi<\/em><\/td><td>Lua\u021bi o capsul\u0103 de dou\u0103 ori pe zi \u00eenainte de mese.<\/td><\/tr><tr><td><em>Durata minim\u0103 de aplicare: 2 s\u0103pt\u0103m\u00e2ni<\/em><\/td><td>Suplimentul trebuie utilizat timp de cel pu\u021bin 2 s\u0103pt\u0103m\u00e2ni pentru a ob\u021bine <b>efectele<\/b> dorite.<\/td><\/tr><tr><td><em>Respecta\u021bi recomand\u0103rile produc\u0103torului<\/em><\/td><td>Este important s\u0103 citi\u021bi cu aten\u021bie instruc\u021biunile \u0219i s\u0103 urma\u021bi recomand\u0103rile produc\u0103torului.<\/td><\/tr><tr><td><em>Nu dep\u0103\u0219i\u021bi doza recomandat\u0103<\/em><\/td><td>Este important s\u0103 nu dep\u0103\u0219i\u021bi doza recomandat\u0103 pentru a evita posibilele efecte secundare.<\/td><\/tr><tr><td><em>Consulta\u021bie cu un medic<\/em><\/td><td>Este \u00eentotdeauna o idee bun\u0103 s\u0103 v\u0103 consulta\u021bi medicul \u00eenainte de a \u00eencepe tratamentul, mai ales dac\u0103 exist\u0103 contraindica\u021bii sau preocup\u0103ri cu privire la siguran\u021ba suplimentului.<\/td><\/tr><\/tbody><\/table><\/figure>\n\n\n\n<h2 class=\"wp-block-heading\">Recenzii \u0219i opinii despre Alfazone<\/h2>\n\n\n\n<p><b>Recenzile utilizatorilor<\/b> de Alfazone sunt variate. Mul\u021bi raporteaz\u0103 <b>efecte<\/b> pozitive <b>ale utiliz\u0103rii<\/b> \u0219i recomand\u0103 acest supliment ca un sprijin eficient pentru fiziologia masculin\u0103. Cu toate acestea, merit\u0103 avut \u00een vedere faptul c\u0103 efectele pot varia \u00een func\u021bie de organism \u0219i de condi\u021biile individuale. Este recomandabil s\u0103 citi\u021bi diverse opinii \u0219i recenzii \u00eenainte de a lua o decizie de cump\u0103rare pentru a avea o imagine mai complet\u0103 a produsului.<\/p>\n\n\n\n<blockquote class=\"wp-block-quote is-layout-flow wp-block-quote-is-layout-flow\">\n<p>&#8220;Alfazone este un supliment senza\u021bional care mi-a \u00eembun\u0103t\u0103\u021bit cu siguran\u021b\u0103 starea de spirit \u0219i performan\u021ba sexual\u0103. De c\u00e2nd \u00eel folosesc, am mai mult\u0103 energie \u0219i erec\u021bii mai intense. \u00cel recomand cu sinceritate!&#8221; &#8211; Karol Kowalski<\/p>\n<\/blockquote>\n\n\n\n<p>Opiniile <b>utilizatorilor<\/b> sunt importante, dar este important s\u0103 re\u021bine\u021bi c\u0103 fiecare organism este diferit. <b>Efectele utiliz\u0103rii<\/b> Alfazone pot varia de la o persoan\u0103 la alta. Prin urmare, merit\u0103 s\u0103 citi\u021bi diferitele recenzii pentru a ob\u021bine o imagine mai complet\u0103 \u0219i pentru a evalua dac\u0103 suplimentul este potrivit pentru fiziologia noastr\u0103 individual\u0103.<\/p>\n\n\n\n<h2 class=\"wp-block-heading\">Alfazone &#8211; Compozi\u021bie &#8211; Ce con\u021bine?<\/h2>\n\n\n\n<p><b>Compozi\u021bia<\/b> Alfazone se bazeaz\u0103 pe ingrediente naturale care au un efect pozitiv asupra fiziologiei masculine. Suplimentul con\u021bine <b>substan\u021be active<\/b>, inclusiv extract de ceai Damian, <b>ginseng<\/b> \u0219i <b>zinc<\/b>. Fiecare dintre aceste ingrediente are propria sa ac\u021biune unic\u0103 \u0219i sus\u021bine func\u021bia sexual\u0103.<\/p>\n\n\n\n<p>Exper\u021bii \u00een domeniul suplimentelor alimentare subliniaz\u0103 faptul c\u0103 <b>ceaiul Damiana<\/b> este cunoscut pentru efectul s\u0103u de cre\u0219tere a libidoului, care are un impact pozitiv asupra sferei sexuale a b\u0103rba\u021bilor. <b>Ginsengul<\/b>, pe de alt\u0103 parte, are un efect de tonifiere \u0219i \u00eent\u0103rire, sus\u021bin\u00e2nd performan\u021ba fizic\u0103 a organismului. <b>Zincul<\/b>, prezent \u00een compozi\u021bia Alfazone, este esen\u021bial pentru func\u021bionarea s\u0103n\u0103toas\u0103 a organismului, inclusiv pentru \u00eembun\u0103t\u0103\u021birea vie\u021bii sexuale.<\/p>\n\n\n\n<p>Toate ingredientele din Alfazone sunt atent selectate \u0219i ofer\u0103 ingrediente active concentrate care pot sus\u021bine \u00een mod eficient func\u021bia sexual\u0103 masculin\u0103. Acest supliment ofer\u0103 suport pentru b\u0103rba\u021bii de toate v\u00e2rstele \u0219i poate avea un efect pozitiv asupra \u00eembun\u0103t\u0103\u021birii poten\u021bei \u0219i cre\u0219terii satisfac\u021biei sexuale.<\/p>\n\n\n\n<h2 class=\"wp-block-heading\">Alfazone pre\u021b &#8211; Unde s\u0103 cump\u0103ra\u021bi?<\/h2>\n\n\n\n<p><b>Pre\u021bul suplimentului Alfazone<\/b> poate varia \u00een func\u021bie de locul de cump\u0103rare. Cu toate acestea, este \u00eentotdeauna important s\u0103 alege\u021bi surse autorizate \u0219i magazine de \u00eencredere pentru a fi siguri de autenticitatea produsului.<\/p>\n\n\n\n<p>Cel mai sigur \u0219i mai sigur mod de a achizi\u021biona suplimentul natural Alfazone este de pe site-ul oficial al produc\u0103torului. Pe site-ul web al produc\u0103torului ve\u021bi g\u0103si informa\u021bii fiabile despre produs \u0219i posibilitatea de a cump\u0103ra \u00een siguran\u021b\u0103. Cu toate acestea, trebuie s\u0103 v\u0103 feri\u021bi de site-urile web false care pot \u00eencerca s\u0103 v\u00e2nd\u0103 produse contraf\u0103cute. Prin urmare, verifica\u021bi \u00eentotdeauna cu aten\u021bie adresa site-ului web al produc\u0103torului \u00eenainte de a face o achizi\u021bie.<\/p>\n\n\n\n<h2 class=\"wp-block-heading\">Poten\u021biale efecte secundare \u0219i contraindica\u021bii ale Alfazone<\/h2>\n\n\n\n<p>\u00cenainte de a lua suplimentul alimentar Alfazone, citi\u021bi \u00eentotdeauna contraindica\u021biile \u0219i face\u021bi o evaluare informat\u0103 a s\u0103n\u0103t\u0103\u021bii dumneavoastr\u0103. Exist\u0103 mai mul\u021bi factori care pot constitui <b>contraindica\u021bii<\/b> pentru utilizarea acestui produs. Alfazone trebuie evitat dac\u0103 sunte\u021bi alergic la orice component\u0103 a suplimentului. Dac\u0103 ave\u021bi o afec\u021biune cronic\u0103 sau lua\u021bi orice medicament, este \u00eentotdeauna recomandabil s\u0103 v\u0103 consulta\u021bi medicul \u00eenainte de a \u00eencepe tratamentul.<\/p>\n\n\n\n<p>De\u0219i efectele secundare ale Alfazone sunt rare, ocazional unele persoane prezint\u0103 unele efecte nedorite. Acestea pot include grea\u021b\u0103, dureri de cap, reac\u021bii alergice sau alte simptome. Dac\u0103 v\u0103 confrunta\u021bi cu simptome sup\u0103r\u0103toare \u00een timp ce lua\u021bi suplimentul, se recomand\u0103 s\u0103 \u00eentrerupe\u021bi tratamentul \u0219i s\u0103 consulta\u021bi medicul.<\/p>\n\n\n\n<p><b>Siguran\u021ba<\/b> \u0219i utilizarea corect\u0103 a suplimentului Alfazone sunt esen\u021biale pentru ob\u021binerea unor rezultate pozitive.<br>Urmarea recomand\u0103rilor produc\u0103torului, <b>dozarea<\/b> corect\u0103 \u0219i adoptarea unei abord\u0103ri con\u0219tiente fa\u021b\u0103 de propria s\u0103n\u0103tate sunt extrem de importante. Dac\u0103 se iau m\u0103surile de precau\u021bie adecvate \u0219i se identific\u0103 <b>contraindica\u021biile<\/b> poten\u021biale, utilizarea suplimentului Alfazone poate fi sigur\u0103 \u0219i eficient\u0103 pentru \u00eembun\u0103t\u0103\u021birea func\u021biei sexuale masculine.<\/p>\n","protected":false},"excerpt":{"rendered":"<p><strong>169.00 lei<\/strong><\/p>\n<p><del>338.00 lei<\/del><\/p>\n<p><strong>[date_countdown]<\/strong><\/p>\n","protected":false},"featured_media":6067,"comment_status":"open","ping_status":"closed","template":"","meta":{"neve_meta_sidebar":"","neve_meta_container":"","neve_meta_enable_content_width":"","neve_meta_content_width":0,"neve_meta_title_alignment":"","neve_meta_author_avatar":"","neve_post_elements_order":"","neve_meta_disable_header":"","neve_meta_disable_footer":"","neve_meta_disable_title":"","neve_meta_reading_time":""},"product_brand":[],"product_cat":[387],"product_tag":[],"class_list":{"0":"post-6090","1":"product","2":"type-product","3":"status-publish","4":"has-post-thumbnail","6":"product_cat-sanatate-sexuala","8":"first","9":"instock","10":"shipping-taxable","11":"product-type-external"},"yoast_head":"<!-- This site is optimized with the Yoast SEO plugin v27.4 - https:\/\/yoast.com\/product\/yoast-seo-wordpress\/ -->\n<title>Alfazone - Clinica Althea<\/title>\n<meta name=\"robots\" content=\"index, follow, max-snippet:-1, max-image-preview:large, max-video-preview:-1\" \/>\n<link rel=\"canonical\" href=\"https:\/\/www.clinicaalthea.com\/farmacia\/ro\/apt\/alfazone\/\" \/>\n<meta property=\"og:locale\" content=\"pl_PL\" \/>\n<meta property=\"og:type\" content=\"article\" \/>\n<meta property=\"og:title\" content=\"Alfazone - Clinica Althea\" \/>\n<meta property=\"og:description\" content=\"169.00 lei 338.00 lei\" \/>\n<meta property=\"og:url\" content=\"https:\/\/www.clinicaalthea.com\/farmacia\/ro\/apt\/alfazone\/\" \/>\n<meta property=\"og:site_name\" content=\"Clinica Althea\" \/>\n<meta property=\"article:modified_time\" content=\"2024-07-17T08:08:23+00:00\" \/>\n<meta property=\"og:image\" content=\"https:\/\/www.clinicaalthea.com\/farmacia\/wp-content\/uploads\/2024\/07\/ALFAZONE.jpg\" \/>\n\t<meta property=\"og:image:width\" content=\"768\" \/>\n\t<meta property=\"og:image:height\" content=\"768\" \/>\n\t<meta property=\"og:image:type\" content=\"image\/jpeg\" \/>\n<meta name=\"twitter:card\" content=\"summary_large_image\" \/>\n<meta name=\"twitter:label1\" content=\"Szacowany czas czytania\" \/>\n\t<meta name=\"twitter:data1\" content=\"7 minut\" \/>\n<script type=\"application\/ld+json\" class=\"yoast-schema-graph\">{\"@context\":\"https:\\\/\\\/schema.org\",\"@graph\":[{\"@type\":\"WebPage\",\"@id\":\"https:\\\/\\\/www.clinicaalthea.com\\\/farmacia\\\/ro\\\/apt\\\/alfazone\\\/\",\"url\":\"https:\\\/\\\/www.clinicaalthea.com\\\/farmacia\\\/ro\\\/apt\\\/alfazone\\\/\",\"name\":\"Alfazone - Clinica Althea\",\"isPartOf\":{\"@id\":\"https:\\\/\\\/www.clinicaalthea.com\\\/farmacia\\\/#website\"},\"primaryImageOfPage\":{\"@id\":\"https:\\\/\\\/www.clinicaalthea.com\\\/farmacia\\\/ro\\\/apt\\\/alfazone\\\/#primaryimage\"},\"image\":{\"@id\":\"https:\\\/\\\/www.clinicaalthea.com\\\/farmacia\\\/ro\\\/apt\\\/alfazone\\\/#primaryimage\"},\"thumbnailUrl\":\"https:\\\/\\\/www.clinicaalthea.com\\\/farmacia\\\/wp-content\\\/uploads\\\/2024\\\/07\\\/ALFAZONE.jpg\",\"datePublished\":\"2024-07-17T08:03:21+00:00\",\"dateModified\":\"2024-07-17T08:08:23+00:00\",\"breadcrumb\":{\"@id\":\"https:\\\/\\\/www.clinicaalthea.com\\\/farmacia\\\/ro\\\/apt\\\/alfazone\\\/#breadcrumb\"},\"inLanguage\":\"pl-PL\",\"potentialAction\":[{\"@type\":\"ReadAction\",\"target\":[\"https:\\\/\\\/www.clinicaalthea.com\\\/farmacia\\\/ro\\\/apt\\\/alfazone\\\/\"]}]},{\"@type\":\"ImageObject\",\"inLanguage\":\"pl-PL\",\"@id\":\"https:\\\/\\\/www.clinicaalthea.com\\\/farmacia\\\/ro\\\/apt\\\/alfazone\\\/#primaryimage\",\"url\":\"https:\\\/\\\/www.clinicaalthea.com\\\/farmacia\\\/wp-content\\\/uploads\\\/2024\\\/07\\\/ALFAZONE.jpg\",\"contentUrl\":\"https:\\\/\\\/www.clinicaalthea.com\\\/farmacia\\\/wp-content\\\/uploads\\\/2024\\\/07\\\/ALFAZONE.jpg\",\"width\":768,\"height\":768,\"caption\":\"Alfazone\"},{\"@type\":\"BreadcrumbList\",\"@id\":\"https:\\\/\\\/www.clinicaalthea.com\\\/farmacia\\\/ro\\\/apt\\\/alfazone\\\/#breadcrumb\",\"itemListElement\":[{\"@type\":\"ListItem\",\"position\":1,\"name\":\"Strona g\u0142\u00f3wna\",\"item\":\"https:\\\/\\\/www.clinicaalthea.com\\\/farmacia\\\/\"},{\"@type\":\"ListItem\",\"position\":2,\"name\":\"Produkty\",\"item\":\"https:\\\/\\\/www.clinicaalthea.com\\\/farmacia\\\/\"},{\"@type\":\"ListItem\",\"position\":3,\"name\":\"Alfazone\"}]},{\"@type\":\"WebSite\",\"@id\":\"https:\\\/\\\/www.clinicaalthea.com\\\/farmacia\\\/#website\",\"url\":\"https:\\\/\\\/www.clinicaalthea.com\\\/farmacia\\\/\",\"name\":\"Clinica Althea\",\"description\":\"\",\"publisher\":{\"@id\":\"https:\\\/\\\/www.clinicaalthea.com\\\/farmacia\\\/#organization\"},\"potentialAction\":[{\"@type\":\"SearchAction\",\"target\":{\"@type\":\"EntryPoint\",\"urlTemplate\":\"https:\\\/\\\/www.clinicaalthea.com\\\/farmacia\\\/?s={search_term_string}\"},\"query-input\":{\"@type\":\"PropertyValueSpecification\",\"valueRequired\":true,\"valueName\":\"search_term_string\"}}],\"inLanguage\":\"pl-PL\"},{\"@type\":\"Organization\",\"@id\":\"https:\\\/\\\/www.clinicaalthea.com\\\/farmacia\\\/#organization\",\"name\":\"Clinica Althea\",\"url\":\"https:\\\/\\\/www.clinicaalthea.com\\\/farmacia\\\/\",\"logo\":{\"@type\":\"ImageObject\",\"inLanguage\":\"pl-PL\",\"@id\":\"https:\\\/\\\/www.clinicaalthea.com\\\/farmacia\\\/#\\\/schema\\\/logo\\\/image\\\/\",\"url\":\"https:\\\/\\\/www.clinicaalthea.com\\\/farmacia\\\/wp-content\\\/uploads\\\/2023\\\/12\\\/Jak-diagnozuje-sie-FAS_-objawy-kryteria-diagnostyczne-i-metody-diagnozowania-154162903.jpg\",\"contentUrl\":\"https:\\\/\\\/www.clinicaalthea.com\\\/farmacia\\\/wp-content\\\/uploads\\\/2023\\\/12\\\/Jak-diagnozuje-sie-FAS_-objawy-kryteria-diagnostyczne-i-metody-diagnozowania-154162903.jpg\",\"width\":1216,\"height\":832,\"caption\":\"Clinica Althea\"},\"image\":{\"@id\":\"https:\\\/\\\/www.clinicaalthea.com\\\/farmacia\\\/#\\\/schema\\\/logo\\\/image\\\/\"}}]}<\/script>\n<!-- \/ Yoast SEO plugin. -->","yoast_head_json":{"title":"Alfazone - Clinica Althea","robots":{"index":"index","follow":"follow","max-snippet":"max-snippet:-1","max-image-preview":"max-image-preview:large","max-video-preview":"max-video-preview:-1"},"canonical":"https:\/\/www.clinicaalthea.com\/farmacia\/ro\/apt\/alfazone\/","og_locale":"pl_PL","og_type":"article","og_title":"Alfazone - Clinica Althea","og_description":"169.00 lei 338.00 lei","og_url":"https:\/\/www.clinicaalthea.com\/farmacia\/ro\/apt\/alfazone\/","og_site_name":"Clinica Althea","article_modified_time":"2024-07-17T08:08:23+00:00","og_image":[{"width":768,"height":768,"url":"https:\/\/www.clinicaalthea.com\/farmacia\/wp-content\/uploads\/2024\/07\/ALFAZONE.jpg","type":"image\/jpeg"}],"twitter_card":"summary_large_image","twitter_misc":{"Szacowany czas czytania":"7 minut"},"schema":{"@context":"https:\/\/schema.org","@graph":[{"@type":"WebPage","@id":"https:\/\/www.clinicaalthea.com\/farmacia\/ro\/apt\/alfazone\/","url":"https:\/\/www.clinicaalthea.com\/farmacia\/ro\/apt\/alfazone\/","name":"Alfazone - Clinica Althea","isPartOf":{"@id":"https:\/\/www.clinicaalthea.com\/farmacia\/#website"},"primaryImageOfPage":{"@id":"https:\/\/www.clinicaalthea.com\/farmacia\/ro\/apt\/alfazone\/#primaryimage"},"image":{"@id":"https:\/\/www.clinicaalthea.com\/farmacia\/ro\/apt\/alfazone\/#primaryimage"},"thumbnailUrl":"https:\/\/www.clinicaalthea.com\/farmacia\/wp-content\/uploads\/2024\/07\/ALFAZONE.jpg","datePublished":"2024-07-17T08:03:21+00:00","dateModified":"2024-07-17T08:08:23+00:00","breadcrumb":{"@id":"https:\/\/www.clinicaalthea.com\/farmacia\/ro\/apt\/alfazone\/#breadcrumb"},"inLanguage":"pl-PL","potentialAction":[{"@type":"ReadAction","target":["https:\/\/www.clinicaalthea.com\/farmacia\/ro\/apt\/alfazone\/"]}]},{"@type":"ImageObject","inLanguage":"pl-PL","@id":"https:\/\/www.clinicaalthea.com\/farmacia\/ro\/apt\/alfazone\/#primaryimage","url":"https:\/\/www.clinicaalthea.com\/farmacia\/wp-content\/uploads\/2024\/07\/ALFAZONE.jpg","contentUrl":"https:\/\/www.clinicaalthea.com\/farmacia\/wp-content\/uploads\/2024\/07\/ALFAZONE.jpg","width":768,"height":768,"caption":"Alfazone"},{"@type":"BreadcrumbList","@id":"https:\/\/www.clinicaalthea.com\/farmacia\/ro\/apt\/alfazone\/#breadcrumb","itemListElement":[{"@type":"ListItem","position":1,"name":"Strona g\u0142\u00f3wna","item":"https:\/\/www.clinicaalthea.com\/farmacia\/"},{"@type":"ListItem","position":2,"name":"Produkty","item":"https:\/\/www.clinicaalthea.com\/farmacia\/"},{"@type":"ListItem","position":3,"name":"Alfazone"}]},{"@type":"WebSite","@id":"https:\/\/www.clinicaalthea.com\/farmacia\/#website","url":"https:\/\/www.clinicaalthea.com\/farmacia\/","name":"Clinica Althea","description":"","publisher":{"@id":"https:\/\/www.clinicaalthea.com\/farmacia\/#organization"},"potentialAction":[{"@type":"SearchAction","target":{"@type":"EntryPoint","urlTemplate":"https:\/\/www.clinicaalthea.com\/farmacia\/?s={search_term_string}"},"query-input":{"@type":"PropertyValueSpecification","valueRequired":true,"valueName":"search_term_string"}}],"inLanguage":"pl-PL"},{"@type":"Organization","@id":"https:\/\/www.clinicaalthea.com\/farmacia\/#organization","name":"Clinica Althea","url":"https:\/\/www.clinicaalthea.com\/farmacia\/","logo":{"@type":"ImageObject","inLanguage":"pl-PL","@id":"https:\/\/www.clinicaalthea.com\/farmacia\/#\/schema\/logo\/image\/","url":"https:\/\/www.clinicaalthea.com\/farmacia\/wp-content\/uploads\/2023\/12\/Jak-diagnozuje-sie-FAS_-objawy-kryteria-diagnostyczne-i-metody-diagnozowania-154162903.jpg","contentUrl":"https:\/\/www.clinicaalthea.com\/farmacia\/wp-content\/uploads\/2023\/12\/Jak-diagnozuje-sie-FAS_-objawy-kryteria-diagnostyczne-i-metody-diagnozowania-154162903.jpg","width":1216,"height":832,"caption":"Clinica Althea"},"image":{"@id":"https:\/\/www.clinicaalthea.com\/farmacia\/#\/schema\/logo\/image\/"}}]}},"lang":"ro","translations":{"ro":6090,"pl":6066,"hu":6088,"cs":6095,"sk":6101,"de":6103,"es":6105,"it":6107,"fr":6109,"nl":6111},"pll_sync_post":[],"_links":{"self":[{"href":"https:\/\/www.clinicaalthea.com\/farmacia\/wp-json\/wp\/v2\/product\/6090","targetHints":{"allow":["GET"]}}],"collection":[{"href":"https:\/\/www.clinicaalthea.com\/farmacia\/wp-json\/wp\/v2\/product"}],"about":[{"href":"https:\/\/www.clinicaalthea.com\/farmacia\/wp-json\/wp\/v2\/types\/product"}],"replies":[{"embeddable":true,"href":"https:\/\/www.clinicaalthea.com\/farmacia\/wp-json\/wp\/v2\/comments?post=6090"}],"wp:featuredmedia":[{"embeddable":true,"href":"https:\/\/www.clinicaalthea.com\/farmacia\/wp-json\/wp\/v2\/media\/6067"}],"wp:attachment":[{"href":"https:\/\/www.clinicaalthea.com\/farmacia\/wp-json\/wp\/v2\/media?parent=6090"}],"wp:term":[{"taxonomy":"product_brand","embeddable":true,"href":"https:\/\/www.clinicaalthea.com\/farmacia\/wp-json\/wp\/v2\/product_brand?post=6090"},{"taxonomy":"product_cat","embeddable":true,"href":"https:\/\/www.clinicaalthea.com\/farmacia\/wp-json\/wp\/v2\/product_cat?post=6090"},{"taxonomy":"product_tag","embeddable":true,"href":"https:\/\/www.clinicaalthea.com\/farmacia\/wp-json\/wp\/v2\/product_tag?post=6090"}],"curies":[{"name":"wp","href":"https:\/\/api.w.org\/{rel}","templated":true}]}}