{"id":6088,"date":"2024-07-17T09:02:27","date_gmt":"2024-07-17T08:02:27","guid":{"rendered":"https:\/\/mayoguide.org\/produkty\/?post_type=product&#038;p=6088"},"modified":"2024-07-17T09:08:23","modified_gmt":"2024-07-17T08:08:23","slug":"alfazone","status":"publish","type":"product","link":"https:\/\/www.clinicaalthea.com\/farmacia\/hu\/apt\/alfazone\/","title":{"rendered":"Alfazone"},"content":{"rendered":"\n<h2 class=\"wp-block-heading\">Milyen t\u00edpus\u00fa gy\u00f3gyszer az Alfazone \u00e9s hogyan fejti ki hat\u00e1s\u00e1t?<\/h2>\n\n\n\n<p>Az Alfazone egy kifejezetten f\u00e9rfiak sz\u00e1m\u00e1ra kifejlesztett <b>\u00e9trend-kieg\u00e9sz\u00edt\u0151<\/b>, amelynek f\u0151 c\u00e9lja a <b>potencia fokoz\u00e1sa<\/b> \u00e9s a <b>libid\u00f3 jav\u00edt\u00e1sa<\/b>. Olyan <b>term\u00e9szetes \u00f6sszetev\u0151ket<\/b> tartalmaz, amelyek t\u00e1mogatj\u00e1k az eg\u00e9szs\u00e9ges \u00e9lettani \u00e9s szexu\u00e1lis folyamatokat.<\/p>\n\n\n\n<p>Az Alfazone kieg\u00e9sz\u00edt\u00e9s gondosan kiv\u00e1lasztott \u00f6sszetev\u0151k felhaszn\u00e1l\u00e1s\u00e1val m\u0171k\u00f6dik, amelyek serkentik a v\u00e9rkering\u00e9st a szervezetben. Ennek eredm\u00e9nyek\u00e9ppen pozit\u00edv hat\u00e1ssal van a szexu\u00e1lis teljes\u00edtm\u00e9nyre \u00e9s jav\u00edtja a f\u00e9rfiak szexu\u00e1lis funkci\u00f3j\u00e1t.<\/p>\n\n\n\n<p>Az Alfazone hat\u00e1smechanizmusa a v\u00e9r stimul\u00e1l\u00e1s\u00e1ra \u00f6sszpontos\u00edt, ami hat\u00e9konyabb\u00e1 teszi a szexu\u00e1lis folyamatokat. A kieg\u00e9sz\u00edt\u00e9s rendszeres haszn\u00e1lat\u00e1val a f\u00e9rfiak \u00e9szrevehetik a libid\u00f3 n\u00f6veked\u00e9s\u00e9t \u00e9s a szexu\u00e1lis \u00e9let min\u0151s\u00e9g\u00e9nek javul\u00e1s\u00e1t.<\/p>\n\n\n\n<h2 class=\"wp-block-heading\">Az Alfazone el\u0151nyei &#8211; hat\u00e1sok<\/h2>\n\n\n\n<p>Az Alfazone \u00e9trend-kieg\u00e9sz\u00edt\u0151 haszn\u00e1lata sz\u00e1mos el\u0151nnyel \u00e9s pozit\u00edv hat\u00e1ssal j\u00e1rhat a f\u00e9rfiak sz\u00e1m\u00e1ra. A haszn\u00e1lat\u00e1val kapcsolatos f\u0151 el\u0151ny\u00f6k a <b>jobb potencia<\/b> \u00e9s a <b>megn\u00f6vekedett libid\u00f3<\/b>. Az Alfazone rendszeres haszn\u00e1lata intenz\u00edvebb \u00e9s hosszabb erekci\u00f3t eredm\u00e9nyezhet, ami nagyobb szexu\u00e1lis kiel\u00e9g\u00fcl\u00e9st jelent.<\/p>\n\n\n\n<p>A <b>szexu\u00e1lis \u00e9let min\u0151s\u00e9g\u00e9nek jav\u00edt\u00e1sa<\/b> az Alfazone szed\u00e9s\u00e9nek egyik legfontosabb hat\u00e1sa. A kieg\u00e9sz\u00edt\u0151 t\u00e1mogatja az eg\u00e9szs\u00e9ges fiziol\u00f3gi\u00e1t, \u00e9s pozit\u00edv hat\u00e1ssal lehet a szervezet \u00e1ltal\u00e1nos \u00e1llapot\u00e1ra, hozz\u00e1j\u00e1rulva a szexu\u00e1lis j\u00f3l\u00e9t javul\u00e1s\u00e1hoz.<\/p>\n\n\n\n<p>A <b>megn\u00f6vekedett libid\u00f3<\/b> \u00e9s a <b>javul\u00f3 potenci\u00e1l<\/b> sok f\u00e9rfi sz\u00e1m\u00e1ra k\u00edv\u00e1natos hat\u00e1sok, amelyek pozit\u00edv hat\u00e1ssal lehetnek a szexu\u00e1lis \u00e9let\u00fckre. Az Alfazone a speci\u00e1lisan kiv\u00e1lasztott \u00f6sszetev\u0151ivel hat\u00e9konyan t\u00e1mogathatja a f\u00e9rfi fiziol\u00f3gi\u00e1t.<\/p>\n\n\n\n<figure class=\"wp-block-table\"><table><tbody><tr><th>Az Alfazone haszn\u00e1lat\u00e1nak el\u0151nyei:<\/th><\/tr><tr><td>A <em>potencia jav\u00edt\u00e1sa<\/em> &#8211; Az Alfazone haszn\u00e1lata <b>fokozhatja<\/b> a f\u00e9rfi <b>potenci\u00e1t<\/b>.<\/td><\/tr><tr><td><em>Fokozott libid\u00f3<\/em> &#8211; A kieg\u00e9sz\u00edt\u00e9s rendszeres haszn\u00e1lata seg\u00edthet a libid\u00f3szint n\u00f6vel\u00e9s\u00e9ben.<\/td><\/tr><tr><td><em>Intenz\u00edvebb \u00e9s hosszabb erekci\u00f3<\/em> &#8211; A kieg\u00e9sz\u00edt\u00e9s t\u00e1mogatja a nagyobb intenzit\u00e1s\u00fa \u00e9s hosszabb ideig tart\u00f3 erekci\u00f3 el\u00e9r\u00e9s\u00e9t.<\/td><\/tr><tr><td><em>Fokozott szexu\u00e1lis el\u00e9gedetts\u00e9g<\/em> &#8211; Az <b>Alfazone hat\u00e1sai<\/b> hozz\u00e1j\u00e1rulhatnak a fokozott szexu\u00e1lis el\u00e9gedetts\u00e9ghez.<\/td><\/tr><tr><td><em>Jav\u00edtott szexu\u00e1lis \u00e9let<\/em> &#8211; A kieg\u00e9sz\u00edt\u00e9s rendszeres haszn\u00e1lata j\u00f3t\u00e9kony <b>hat\u00e1ssal lehet<\/b> az \u00e1ltal\u00e1nos szexu\u00e1lis j\u00f3l\u00e9tre.<\/td><\/tr><\/tbody><\/table><\/figure>\n\n\n\n<h2 class=\"wp-block-heading\">Hogyan kell haszn\u00e1lni az Alfazone-t? &#8211; Adagol\u00e1s<\/h2>\n\n\n\n<p>Az Alfazone <b>adagol\u00e1sa<\/b> nagyon egyszer\u0171. <em>Naponta 2-szer 1 kapszula<\/em> bev\u00e9tele aj\u00e1nlott, lehet\u0151leg \u00e9tkez\u00e9s el\u0151tt. Az aj\u00e1nlott minim\u00e1lis alkalmaz\u00e1si id\u0151tartam <em>2 h\u00e9t<\/em>. Fontos, hogy k\u00f6vesse a gy\u00e1rt\u00f3 aj\u00e1nl\u00e1sait, \u00e9s <em>ne l\u00e9pje t\u00fal az aj\u00e1nlott adagot<\/em>. A kezel\u00e9s megkezd\u00e9se el\u0151tt mindig tan\u00e1csos orvoshoz fordulni, k\u00fcl\u00f6n\u00f6sen, ha <em>ellenjavallatok<\/em> vagy k\u00e9ts\u00e9gek mer\u00fclnek fel a <em>kieg\u00e9sz\u00edt\u0151 biztons\u00e1goss\u00e1g\u00e1val<\/em> kapcsolatban.<\/p>\n\n\n\n<figure class=\"wp-block-table\"><table><tbody><tr><th>Adagol\u00e1si utas\u00edt\u00e1sok<\/th><th>Le\u00edr\u00e1s<\/th><\/tr><tr><td><em>1 kapszula naponta 2-szer<\/em><\/td><td>Vegyen be naponta k\u00e9tszer egy kapszul\u00e1t \u00e9tkez\u00e9s el\u0151tt.<\/td><\/tr><tr><td><em>Az alkalmaz\u00e1s minim\u00e1lis id\u0151tartama: 2 h\u00e9t<\/em><\/td><td>A kieg\u00e9sz\u00edt\u00e9st legal\u00e1bb 2 h\u00e9tig kell haszn\u00e1lni a k\u00edv\u00e1nt <b>hat\u00e1s<\/b> el\u00e9r\u00e9s\u00e9hez.<\/td><\/tr><tr><td><em>K\u00f6vesse a gy\u00e1rt\u00f3 aj\u00e1nl\u00e1sait<\/em><\/td><td>Fontos, hogy figyelmesen olvassa el az utas\u00edt\u00e1sokat, \u00e9s k\u00f6vesse a gy\u00e1rt\u00f3 aj\u00e1nl\u00e1sait.<\/td><\/tr><tr><td><em>Ne l\u00e9pje t\u00fal az aj\u00e1nlott adagot<\/em><\/td><td>Fontos, hogy a lehets\u00e9ges mell\u00e9khat\u00e1sok elker\u00fcl\u00e9se \u00e9rdek\u00e9ben ne l\u00e9pje t\u00fal az aj\u00e1nlott adagot.<\/td><\/tr><tr><td><em>Orvosi konzult\u00e1ci\u00f3<\/em><\/td><td>A kezel\u00e9s megkezd\u00e9se el\u0151tt mindig \u00e9rdemes konzult\u00e1lni kezel\u0151orvos\u00e1val, k\u00fcl\u00f6n\u00f6sen, ha b\u00e1rmilyen ellenjavallat vagy a kieg\u00e9sz\u00edt\u00e9s biztons\u00e1goss\u00e1g\u00e1val kapcsolatos agg\u00e1ly van.<\/td><\/tr><\/tbody><\/table><\/figure>\n\n\n\n<h2 class=\"wp-block-heading\">V\u00e9lem\u00e9nyek \u00e9s v\u00e9lem\u00e9nyek Alfazone-r\u00f3l<\/h2>\n\n\n\n<p>Az Alfazone <b>felhaszn\u00e1l\u00f3i v\u00e9lem\u00e9nye<\/b> v\u00e1ltozatos. Sokan besz\u00e1molnak <b>a haszn\u00e1lat<\/b> pozit\u00edv <b>hat\u00e1sair\u00f3l<\/b>, \u00e9s ezt a kieg\u00e9sz\u00edt\u00e9st a f\u00e9rfi fiziol\u00f3gia hat\u00e9kony t\u00e1mogat\u00e1sak\u00e9nt aj\u00e1nlj\u00e1k. \u00c9rdemes azonban szem el\u0151tt tartani, hogy a hat\u00e1sok a testt\u0151l \u00e9s az egy\u00e9ni k\u00f6r\u00fclm\u00e9nyekt\u0151l f\u00fcgg\u0151en v\u00e1ltozhatnak. A v\u00e1s\u00e1rl\u00e1si d\u00f6nt\u00e9s meghozatala el\u0151tt c\u00e9lszer\u0171 elolvasni a k\u00fcl\u00f6nb\u00f6z\u0151 v\u00e9lem\u00e9nyeket \u00e9s v\u00e9lem\u00e9nyeket, hogy teljesebb k\u00e9pet kapjunk a term\u00e9kr\u0151l.<\/p>\n\n\n\n<blockquote class=\"wp-block-quote is-layout-flow wp-block-quote-is-layout-flow\">\n<p>&#8220;Az Alfazone egy szenz\u00e1ci\u00f3s kieg\u00e9sz\u00edt\u0151, amely hat\u00e1rozottan jav\u00edtotta a hangulatomat \u00e9s a szexu\u00e1lis teljes\u00edtm\u00e9nyemet. Ami\u00f3ta haszn\u00e1lom, t\u00f6bb energi\u00e1m \u00e9s intenz\u00edvebb erekci\u00f3m van. \u0150szint\u00e9n aj\u00e1nlom!&#8221; &#8211; Karol Kowalski<\/p>\n<\/blockquote>\n\n\n\n<p>A <b>felhaszn\u00e1l\u00f3i v\u00e9lem\u00e9nyek<\/b> fontosak, de nem szabad elfelejteni, hogy minden test m\u00e1s \u00e9s m\u00e1s. Az Alfazone <b>haszn\u00e1lat\u00e1nak hat\u00e1sai<\/b> egy\u00e9nenk\u00e9nt elt\u00e9r\u0151ek lehetnek. Ez\u00e9rt \u00e9rdemes elolvasni a k\u00fcl\u00f6nb\u00f6z\u0151 v\u00e9lem\u00e9nyeket, hogy teljesebb k\u00e9pet kapjunk, \u00e9s felm\u00e9rj\u00fck, hogy a kieg\u00e9sz\u00edt\u0151 alkalmas-e az egy\u00e9ni fiziol\u00f3gi\u00e1nknak.<\/p>\n\n\n\n<h2 class=\"wp-block-heading\">Alfazone &#8211; \u00d6sszet\u00e9tel &#8211; Mit tartalmaz?<\/h2>\n\n\n\n<p>Az Alfazone <b>\u00f6sszet\u00e9tele<\/b> olyan term\u00e9szetes \u00f6sszetev\u0151k\u00f6n alapul, amelyek pozit\u00edv hat\u00e1ssal vannak a f\u00e9rfi fiziol\u00f3gi\u00e1ra. A kieg\u00e9sz\u00edt\u00e9s olyan <b>hat\u00f3anyagokat<\/b> tartalmaz, mint a Damian tea kivonat, <b>ginzeng<\/b> \u00e9s <b>cink<\/b>. Ezen \u00f6sszetev\u0151k mindegyike egyedi hat\u00e1ssal rendelkezik \u00e9s t\u00e1mogatja a szexu\u00e1lis funkci\u00f3kat.<\/p>\n\n\n\n<p>A t\u00e1pl\u00e1l\u00e9kkieg\u00e9sz\u00edt\u0151k szak\u00e9rt\u0151i hangs\u00falyozz\u00e1k, hogy a <b>Damiana tea<\/b> libid\u00f3fokoz\u00f3 hat\u00e1s\u00e1r\u00f3l ismert, amely pozit\u00edv hat\u00e1ssal van a f\u00e9rfiak szexu\u00e1lis szf\u00e9r\u00e1j\u00e1ra. A <b>ginzeng<\/b> viszont toniz\u00e1l\u00f3 \u00e9s er\u0151s\u00edt\u0151 hat\u00e1s\u00fa, t\u00e1mogatja a szervezet fizikai teljes\u00edtm\u00e9ny\u00e9t. Az Alfazone \u00f6sszet\u00e9tel\u00e9ben jelen l\u00e9v\u0151 <b>cink<\/b> elengedhetetlen a szervezet eg\u00e9szs\u00e9ges m\u0171k\u00f6d\u00e9s\u00e9hez, bele\u00e9rtve a szexu\u00e1lis \u00e9let jav\u00edt\u00e1s\u00e1t is.<\/p>\n\n\n\n<p>Az Alfazone \u00f6sszes \u00f6sszetev\u0151je gondosan kiv\u00e1lasztott \u00e9s koncentr\u00e1lt hat\u00f3anyagokat tartalmaz, amelyek hat\u00e9konyan t\u00e1mogatj\u00e1k a f\u00e9rfi szexu\u00e1lis funkci\u00f3kat. Ez a kieg\u00e9sz\u00edt\u00e9s t\u00e1mogat\u00e1st ny\u00fajt minden koroszt\u00e1ly\u00fa f\u00e9rfi sz\u00e1m\u00e1ra, \u00e9s pozit\u00edv hat\u00e1ssal lehet a potencia jav\u00edt\u00e1s\u00e1ra \u00e9s a szexu\u00e1lis el\u00e9gedetts\u00e9g n\u00f6vel\u00e9s\u00e9re.<\/p>\n\n\n\n<h2 class=\"wp-block-heading\">Alfazone \u00e1r &#8211; Hol lehet megv\u00e1s\u00e1rolni?<\/h2>\n\n\n\n<p>Az <b>Alfazone kieg\u00e9sz\u00edt\u0151 \u00e1ra<\/b> att\u00f3l f\u00fcgg\u0151en v\u00e1ltozhat, hogy hol v\u00e1s\u00e1rolja meg. Mindig fontos azonban, hogy enged\u00e9lyezett forr\u00e1sokat \u00e9s megb\u00edzhat\u00f3 \u00fczleteket v\u00e1lasszon, hogy biztos lehessen a term\u00e9k hiteless\u00e9g\u00e9ben.<\/p>\n\n\n\n<p>A legbiztons\u00e1gosabb \u00e9s legbiztons\u00e1gosabb m\u00f3dja annak, hogy megv\u00e1s\u00e1rolja Alfazone term\u00e9szetes kieg\u00e9sz\u00edt\u00e9s a gy\u00e1rt\u00f3 hivatalos honlapj\u00e1n. A gy\u00e1rt\u00f3 honlapj\u00e1n megb\u00edzhat\u00f3 inform\u00e1ci\u00f3kat tal\u00e1l a term\u00e9kr\u0151l \u00e9s a biztons\u00e1gos v\u00e1s\u00e1rl\u00e1s lehet\u0151s\u00e9g\u00e9t. \u00d3vakodnia kell azonban a hamis\u00edtott webhelyekt\u0151l, amelyek megpr\u00f3b\u00e1lhatnak hamis\u00edtott term\u00e9keket \u00e9rt\u00e9kes\u00edteni. Ez\u00e9rt v\u00e1s\u00e1rl\u00e1s el\u0151tt mindig alaposan ellen\u0151rizze a gy\u00e1rt\u00f3 weboldal\u00e1nak c\u00edm\u00e9t.<\/p>\n\n\n\n<h2 class=\"wp-block-heading\">Az Alfazone lehets\u00e9ges mell\u00e9khat\u00e1sai \u00e9s ellenjavallatai<\/h2>\n\n\n\n<p>Az Alfazone \u00e9trend-kieg\u00e9sz\u00edt\u0151 szed\u00e9se el\u0151tt mindig olvassa el az ellenjavallatokat, \u00e9s t\u00e1j\u00e9kozottan \u00e9rt\u00e9kelje eg\u00e9szs\u00e9gi \u00e1llapot\u00e1t. Sz\u00e1mos olyan t\u00e9nyez\u0151 van, amely <b>ellenjavallat\u00e1t<\/b> k\u00e9pezheti a term\u00e9k haszn\u00e1lat\u00e1nak. Az Alfazone-t ker\u00fclni kell, ha \u00d6n allergi\u00e1s a t\u00e1pl\u00e1l\u00e9kkieg\u00e9sz\u00edt\u0151 b\u00e1rmely \u00f6sszetev\u0151j\u00e9re. Ha kr\u00f3nikus betegs\u00e9gben szenved, vagy b\u00e1rmilyen gy\u00f3gyszert szed, a kezel\u00e9s megkezd\u00e9se el\u0151tt mindig tan\u00e1csos konzult\u00e1lni kezel\u0151orvos\u00e1val.<\/p>\n\n\n\n<p>B\u00e1r az Alfazone mell\u00e9khat\u00e1sai ritk\u00e1k, esetenk\u00e9nt n\u00e9h\u00e1ny embern\u00e9l el\u0151fordulnak nem k\u00edv\u00e1nt hat\u00e1sok. Ezek lehetnek h\u00e1nyinger, fejf\u00e1j\u00e1s, allergi\u00e1s reakci\u00f3k vagy egy\u00e9b t\u00fcnetek. Ha a k\u00e9sz\u00edtm\u00e9ny szed\u00e9se k\u00f6zben b\u00e1rmilyen nyugtalan\u00edt\u00f3 t\u00fcnetet tapasztal, aj\u00e1nlott a kezel\u00e9s abbahagy\u00e1sa \u00e9s orvoshoz fordulni.<\/p>\n\n\n\n<p>A pozit\u00edv eredm\u00e9nyek el\u00e9r\u00e9s\u00e9hez kulcsfontoss\u00e1g\u00fa az Alfazone-kieg\u00e9sz\u00edt\u0151 <b>biztons\u00e1ga<\/b> \u00e9s helyes haszn\u00e1lata.<br>Rendk\u00edv\u00fcl fontos a gy\u00e1rt\u00f3 aj\u00e1nl\u00e1sainak betart\u00e1sa, a helyes <b>adagol\u00e1s<\/b> \u00e9s az eg\u00e9szs\u00e9ggel val\u00f3 tudatos foglalkoz\u00e1s. A megfelel\u0151 \u00f3vint\u00e9zked\u00e9sek megt\u00e9tele \u00e9s az esetleges <b>ellenjavallatok<\/b> azonos\u00edt\u00e1sa eset\u00e9n az Alfazone kieg\u00e9sz\u00edt\u0151 haszn\u00e1lata biztons\u00e1gos \u00e9s hat\u00e9kony lehet a f\u00e9rfi szexu\u00e1lis funkci\u00f3 jav\u00edt\u00e1s\u00e1ra.<\/p>\n","protected":false},"excerpt":{"rendered":"<p><strong>12900.00 Ft<\/strong><\/p>\n<p><del>25800.00 Ft<\/del><\/p>\n<p><strong>[date_countdown]<\/strong><\/p>\n","protected":false},"featured_media":6067,"comment_status":"open","ping_status":"closed","template":"","meta":{"neve_meta_sidebar":"","neve_meta_container":"","neve_meta_enable_content_width":"","neve_meta_content_width":0,"neve_meta_title_alignment":"","neve_meta_author_avatar":"","neve_post_elements_order":"","neve_meta_disable_header":"","neve_meta_disable_footer":"","neve_meta_disable_title":"","neve_meta_reading_time":""},"product_brand":[],"product_cat":[365],"product_tag":[],"class_list":{"0":"post-6088","1":"product","2":"type-product","3":"status-publish","4":"has-post-thumbnail","6":"product_cat-szexualis-egeszseg","8":"first","9":"instock","10":"shipping-taxable","11":"product-type-external"},"yoast_head":"<!-- This site is optimized with the Yoast SEO plugin v27.4 - https:\/\/yoast.com\/product\/yoast-seo-wordpress\/ -->\n<title>Alfazone - Clinica Althea<\/title>\n<meta name=\"robots\" content=\"index, follow, max-snippet:-1, max-image-preview:large, max-video-preview:-1\" \/>\n<link rel=\"canonical\" href=\"https:\/\/www.clinicaalthea.com\/farmacia\/hu\/apt\/alfazone\/\" \/>\n<meta property=\"og:locale\" content=\"pl_PL\" \/>\n<meta property=\"og:type\" content=\"article\" \/>\n<meta property=\"og:title\" content=\"Alfazone - Clinica Althea\" \/>\n<meta property=\"og:description\" content=\"12900.00 Ft 25800.00 Ft\" \/>\n<meta property=\"og:url\" content=\"https:\/\/www.clinicaalthea.com\/farmacia\/hu\/apt\/alfazone\/\" \/>\n<meta property=\"og:site_name\" content=\"Clinica Althea\" \/>\n<meta property=\"article:modified_time\" content=\"2024-07-17T08:08:23+00:00\" \/>\n<meta property=\"og:image\" content=\"https:\/\/www.clinicaalthea.com\/farmacia\/wp-content\/uploads\/2024\/07\/ALFAZONE.jpg\" \/>\n\t<meta property=\"og:image:width\" content=\"768\" \/>\n\t<meta property=\"og:image:height\" content=\"768\" \/>\n\t<meta property=\"og:image:type\" content=\"image\/jpeg\" \/>\n<meta name=\"twitter:card\" content=\"summary_large_image\" \/>\n<meta name=\"twitter:label1\" content=\"Szacowany czas czytania\" \/>\n\t<meta name=\"twitter:data1\" content=\"6 minut\" \/>\n<script type=\"application\/ld+json\" class=\"yoast-schema-graph\">{\"@context\":\"https:\\\/\\\/schema.org\",\"@graph\":[{\"@type\":\"WebPage\",\"@id\":\"https:\\\/\\\/www.clinicaalthea.com\\\/farmacia\\\/hu\\\/apt\\\/alfazone\\\/\",\"url\":\"https:\\\/\\\/www.clinicaalthea.com\\\/farmacia\\\/hu\\\/apt\\\/alfazone\\\/\",\"name\":\"Alfazone - Clinica Althea\",\"isPartOf\":{\"@id\":\"https:\\\/\\\/www.clinicaalthea.com\\\/farmacia\\\/#website\"},\"primaryImageOfPage\":{\"@id\":\"https:\\\/\\\/www.clinicaalthea.com\\\/farmacia\\\/hu\\\/apt\\\/alfazone\\\/#primaryimage\"},\"image\":{\"@id\":\"https:\\\/\\\/www.clinicaalthea.com\\\/farmacia\\\/hu\\\/apt\\\/alfazone\\\/#primaryimage\"},\"thumbnailUrl\":\"https:\\\/\\\/www.clinicaalthea.com\\\/farmacia\\\/wp-content\\\/uploads\\\/2024\\\/07\\\/ALFAZONE.jpg\",\"datePublished\":\"2024-07-17T08:02:27+00:00\",\"dateModified\":\"2024-07-17T08:08:23+00:00\",\"breadcrumb\":{\"@id\":\"https:\\\/\\\/www.clinicaalthea.com\\\/farmacia\\\/hu\\\/apt\\\/alfazone\\\/#breadcrumb\"},\"inLanguage\":\"pl-PL\",\"potentialAction\":[{\"@type\":\"ReadAction\",\"target\":[\"https:\\\/\\\/www.clinicaalthea.com\\\/farmacia\\\/hu\\\/apt\\\/alfazone\\\/\"]}]},{\"@type\":\"ImageObject\",\"inLanguage\":\"pl-PL\",\"@id\":\"https:\\\/\\\/www.clinicaalthea.com\\\/farmacia\\\/hu\\\/apt\\\/alfazone\\\/#primaryimage\",\"url\":\"https:\\\/\\\/www.clinicaalthea.com\\\/farmacia\\\/wp-content\\\/uploads\\\/2024\\\/07\\\/ALFAZONE.jpg\",\"contentUrl\":\"https:\\\/\\\/www.clinicaalthea.com\\\/farmacia\\\/wp-content\\\/uploads\\\/2024\\\/07\\\/ALFAZONE.jpg\",\"width\":768,\"height\":768,\"caption\":\"Alfazone\"},{\"@type\":\"BreadcrumbList\",\"@id\":\"https:\\\/\\\/www.clinicaalthea.com\\\/farmacia\\\/hu\\\/apt\\\/alfazone\\\/#breadcrumb\",\"itemListElement\":[{\"@type\":\"ListItem\",\"position\":1,\"name\":\"Strona g\u0142\u00f3wna\",\"item\":\"https:\\\/\\\/www.clinicaalthea.com\\\/farmacia\\\/\"},{\"@type\":\"ListItem\",\"position\":2,\"name\":\"Produkty\",\"item\":\"https:\\\/\\\/www.clinicaalthea.com\\\/farmacia\\\/\"},{\"@type\":\"ListItem\",\"position\":3,\"name\":\"Alfazone\"}]},{\"@type\":\"WebSite\",\"@id\":\"https:\\\/\\\/www.clinicaalthea.com\\\/farmacia\\\/#website\",\"url\":\"https:\\\/\\\/www.clinicaalthea.com\\\/farmacia\\\/\",\"name\":\"Clinica Althea\",\"description\":\"\",\"publisher\":{\"@id\":\"https:\\\/\\\/www.clinicaalthea.com\\\/farmacia\\\/#organization\"},\"potentialAction\":[{\"@type\":\"SearchAction\",\"target\":{\"@type\":\"EntryPoint\",\"urlTemplate\":\"https:\\\/\\\/www.clinicaalthea.com\\\/farmacia\\\/?s={search_term_string}\"},\"query-input\":{\"@type\":\"PropertyValueSpecification\",\"valueRequired\":true,\"valueName\":\"search_term_string\"}}],\"inLanguage\":\"pl-PL\"},{\"@type\":\"Organization\",\"@id\":\"https:\\\/\\\/www.clinicaalthea.com\\\/farmacia\\\/#organization\",\"name\":\"Clinica Althea\",\"url\":\"https:\\\/\\\/www.clinicaalthea.com\\\/farmacia\\\/\",\"logo\":{\"@type\":\"ImageObject\",\"inLanguage\":\"pl-PL\",\"@id\":\"https:\\\/\\\/www.clinicaalthea.com\\\/farmacia\\\/#\\\/schema\\\/logo\\\/image\\\/\",\"url\":\"https:\\\/\\\/www.clinicaalthea.com\\\/farmacia\\\/wp-content\\\/uploads\\\/2023\\\/12\\\/Jak-diagnozuje-sie-FAS_-objawy-kryteria-diagnostyczne-i-metody-diagnozowania-154162903.jpg\",\"contentUrl\":\"https:\\\/\\\/www.clinicaalthea.com\\\/farmacia\\\/wp-content\\\/uploads\\\/2023\\\/12\\\/Jak-diagnozuje-sie-FAS_-objawy-kryteria-diagnostyczne-i-metody-diagnozowania-154162903.jpg\",\"width\":1216,\"height\":832,\"caption\":\"Clinica Althea\"},\"image\":{\"@id\":\"https:\\\/\\\/www.clinicaalthea.com\\\/farmacia\\\/#\\\/schema\\\/logo\\\/image\\\/\"}}]}<\/script>\n<!-- \/ Yoast SEO plugin. -->","yoast_head_json":{"title":"Alfazone - Clinica Althea","robots":{"index":"index","follow":"follow","max-snippet":"max-snippet:-1","max-image-preview":"max-image-preview:large","max-video-preview":"max-video-preview:-1"},"canonical":"https:\/\/www.clinicaalthea.com\/farmacia\/hu\/apt\/alfazone\/","og_locale":"pl_PL","og_type":"article","og_title":"Alfazone - Clinica Althea","og_description":"12900.00 Ft 25800.00 Ft","og_url":"https:\/\/www.clinicaalthea.com\/farmacia\/hu\/apt\/alfazone\/","og_site_name":"Clinica Althea","article_modified_time":"2024-07-17T08:08:23+00:00","og_image":[{"width":768,"height":768,"url":"https:\/\/www.clinicaalthea.com\/farmacia\/wp-content\/uploads\/2024\/07\/ALFAZONE.jpg","type":"image\/jpeg"}],"twitter_card":"summary_large_image","twitter_misc":{"Szacowany czas czytania":"6 minut"},"schema":{"@context":"https:\/\/schema.org","@graph":[{"@type":"WebPage","@id":"https:\/\/www.clinicaalthea.com\/farmacia\/hu\/apt\/alfazone\/","url":"https:\/\/www.clinicaalthea.com\/farmacia\/hu\/apt\/alfazone\/","name":"Alfazone - Clinica Althea","isPartOf":{"@id":"https:\/\/www.clinicaalthea.com\/farmacia\/#website"},"primaryImageOfPage":{"@id":"https:\/\/www.clinicaalthea.com\/farmacia\/hu\/apt\/alfazone\/#primaryimage"},"image":{"@id":"https:\/\/www.clinicaalthea.com\/farmacia\/hu\/apt\/alfazone\/#primaryimage"},"thumbnailUrl":"https:\/\/www.clinicaalthea.com\/farmacia\/wp-content\/uploads\/2024\/07\/ALFAZONE.jpg","datePublished":"2024-07-17T08:02:27+00:00","dateModified":"2024-07-17T08:08:23+00:00","breadcrumb":{"@id":"https:\/\/www.clinicaalthea.com\/farmacia\/hu\/apt\/alfazone\/#breadcrumb"},"inLanguage":"pl-PL","potentialAction":[{"@type":"ReadAction","target":["https:\/\/www.clinicaalthea.com\/farmacia\/hu\/apt\/alfazone\/"]}]},{"@type":"ImageObject","inLanguage":"pl-PL","@id":"https:\/\/www.clinicaalthea.com\/farmacia\/hu\/apt\/alfazone\/#primaryimage","url":"https:\/\/www.clinicaalthea.com\/farmacia\/wp-content\/uploads\/2024\/07\/ALFAZONE.jpg","contentUrl":"https:\/\/www.clinicaalthea.com\/farmacia\/wp-content\/uploads\/2024\/07\/ALFAZONE.jpg","width":768,"height":768,"caption":"Alfazone"},{"@type":"BreadcrumbList","@id":"https:\/\/www.clinicaalthea.com\/farmacia\/hu\/apt\/alfazone\/#breadcrumb","itemListElement":[{"@type":"ListItem","position":1,"name":"Strona g\u0142\u00f3wna","item":"https:\/\/www.clinicaalthea.com\/farmacia\/"},{"@type":"ListItem","position":2,"name":"Produkty","item":"https:\/\/www.clinicaalthea.com\/farmacia\/"},{"@type":"ListItem","position":3,"name":"Alfazone"}]},{"@type":"WebSite","@id":"https:\/\/www.clinicaalthea.com\/farmacia\/#website","url":"https:\/\/www.clinicaalthea.com\/farmacia\/","name":"Clinica Althea","description":"","publisher":{"@id":"https:\/\/www.clinicaalthea.com\/farmacia\/#organization"},"potentialAction":[{"@type":"SearchAction","target":{"@type":"EntryPoint","urlTemplate":"https:\/\/www.clinicaalthea.com\/farmacia\/?s={search_term_string}"},"query-input":{"@type":"PropertyValueSpecification","valueRequired":true,"valueName":"search_term_string"}}],"inLanguage":"pl-PL"},{"@type":"Organization","@id":"https:\/\/www.clinicaalthea.com\/farmacia\/#organization","name":"Clinica Althea","url":"https:\/\/www.clinicaalthea.com\/farmacia\/","logo":{"@type":"ImageObject","inLanguage":"pl-PL","@id":"https:\/\/www.clinicaalthea.com\/farmacia\/#\/schema\/logo\/image\/","url":"https:\/\/www.clinicaalthea.com\/farmacia\/wp-content\/uploads\/2023\/12\/Jak-diagnozuje-sie-FAS_-objawy-kryteria-diagnostyczne-i-metody-diagnozowania-154162903.jpg","contentUrl":"https:\/\/www.clinicaalthea.com\/farmacia\/wp-content\/uploads\/2023\/12\/Jak-diagnozuje-sie-FAS_-objawy-kryteria-diagnostyczne-i-metody-diagnozowania-154162903.jpg","width":1216,"height":832,"caption":"Clinica Althea"},"image":{"@id":"https:\/\/www.clinicaalthea.com\/farmacia\/#\/schema\/logo\/image\/"}}]}},"lang":"hu","translations":{"hu":6088,"pl":6066,"ro":6090,"cs":6095,"sk":6101,"de":6103,"es":6105,"it":6107,"fr":6109,"nl":6111},"pll_sync_post":[],"_links":{"self":[{"href":"https:\/\/www.clinicaalthea.com\/farmacia\/wp-json\/wp\/v2\/product\/6088","targetHints":{"allow":["GET"]}}],"collection":[{"href":"https:\/\/www.clinicaalthea.com\/farmacia\/wp-json\/wp\/v2\/product"}],"about":[{"href":"https:\/\/www.clinicaalthea.com\/farmacia\/wp-json\/wp\/v2\/types\/product"}],"replies":[{"embeddable":true,"href":"https:\/\/www.clinicaalthea.com\/farmacia\/wp-json\/wp\/v2\/comments?post=6088"}],"wp:featuredmedia":[{"embeddable":true,"href":"https:\/\/www.clinicaalthea.com\/farmacia\/wp-json\/wp\/v2\/media\/6067"}],"wp:attachment":[{"href":"https:\/\/www.clinicaalthea.com\/farmacia\/wp-json\/wp\/v2\/media?parent=6088"}],"wp:term":[{"taxonomy":"product_brand","embeddable":true,"href":"https:\/\/www.clinicaalthea.com\/farmacia\/wp-json\/wp\/v2\/product_brand?post=6088"},{"taxonomy":"product_cat","embeddable":true,"href":"https:\/\/www.clinicaalthea.com\/farmacia\/wp-json\/wp\/v2\/product_cat?post=6088"},{"taxonomy":"product_tag","embeddable":true,"href":"https:\/\/www.clinicaalthea.com\/farmacia\/wp-json\/wp\/v2\/product_tag?post=6088"}],"curies":[{"name":"wp","href":"https:\/\/api.w.org\/{rel}","templated":true}]}}