{"id":6054,"date":"2024-07-17T08:34:49","date_gmt":"2024-07-17T07:34:49","guid":{"rendered":"https:\/\/mayoguide.org\/produkty\/?post_type=product&#038;p=6054"},"modified":"2024-07-17T08:44:31","modified_gmt":"2024-07-17T07:44:31","slug":"alcozar","status":"publish","type":"product","link":"https:\/\/www.clinicaalthea.com\/farmacia\/pt\/apt\/alcozar\/","title":{"rendered":"Alcozar"},"content":{"rendered":"\n<h2 class=\"wp-block-heading\">O que \u00e9 o Alcozar e como actua?<\/h2>\n\n\n\n<p><b>Alcozar<\/b> \u00e9 um <b>suplemento alimentar<\/b> sob a forma de gotas, especificamente concebido para combater a depend\u00eancia do \u00e1lcool. Este produto inovador foi concebido para aliviar os desejos de \u00e1lcool, ajudando a reduzir o consumo de \u00e1lcool e a melhorar o controlo da depend\u00eancia. Devido \u00e0 sua efic\u00e1cia, <b>o Alcozar<\/b> foi amplamente reconhecido e recebeu um <b>feedback<\/b> positivo <b>dos<\/b> utilizadores.<\/p>\n\n\n\n<p><b>A a\u00e7\u00e3o do<\/b> Alcozar baseia-se numa f\u00f3rmula \u00fanica que cont\u00e9m ingredientes vegetais cuidadosamente seleccionados. O fruto da erva-cidreira chinesa, a raiz de alca\u00e7uz e o extrato de dente-de-le\u00e3o s\u00e3o apenas alguns dos ingredientes que t\u00eam um efeito positivo no organismo. <b>O uso<\/b> sistem\u00e1tico <b>de<\/b> Alcozar contribui para uma melhor coordena\u00e7\u00e3o motora, concentra\u00e7\u00e3o mental e um aumento geral do bem-estar.<\/p>\n\n\n\n<p>O Alcozar actua de v\u00e1rias formas para ajudar os indiv\u00edduos a reduzir os seus desejos de \u00e1lcool. Em primeiro lugar, neutraliza as toxinas do organismo, acelerando o processo de recupera\u00e7\u00e3o ap\u00f3s o consumo de \u00e1lcool. Al\u00e9m disso, o Alcozar alivia os sintomas de abstin\u00eancia associados \u00e0 abstin\u00eancia do \u00e1lcool e reduz os desejos de \u00e1lcool. Os ingredientes do Alcozar tamb\u00e9m apoiam o funcionamento dos \u00f3rg\u00e3os internos, ajudando a limpar o sangue de toxinas e a reduzir os desejos de \u00e1lcool.<\/p>\n\n\n\n<h2 class=\"wp-block-heading\">Alcozar &#8211; efeitos<\/h2>\n\n\n\n<p>O <b>uso de<\/b> Alcozar pode trazer muitos benef\u00edcios para aqueles que lutam contra a depend\u00eancia do \u00e1lcool. Este <b>suplemento diet\u00e9tico<\/b> moderno sob a forma de gotas oferece apoio na redu\u00e7\u00e3o dos desejos de \u00e1lcool e no al\u00edvio dos sintomas de abstin\u00eancia. Para al\u00e9m disso, Alcozar apoia a recupera\u00e7\u00e3o do corpo ap\u00f3s o consumo de \u00e1lcool a longo prazo, ajudando a melhorar a sa\u00fade dos \u00f3rg\u00e3os internos.<\/p>\n\n\n\n<p>De acordo com as opini\u00f5es dos utilizadores, o Alcozar produz <b>resultados<\/b> satisfat\u00f3rios. Milhares de pessoas lutam diariamente contra a depend\u00eancia do \u00e1lcool e o Alcozar recebe uma classifica\u00e7\u00e3o elevada de 5\/6 estrelas, confirmando a sua <b>efic\u00e1cia<\/b>. Os utilizadores destacam que o suplemento ajuda a reduzir os desejos de \u00e1lcool e a aliviar os sintomas de abstin\u00eancia, como tremores nas m\u00e3os, ansiedade e n\u00e1useas. Al\u00e9m disso, muitos utilizadores notam uma melhoria no seu humor ap\u00f3s o uso regular de Alcozar.<\/p>\n\n\n\n<p>Alcozar baseia-se exclusivamente em ingredientes naturais, o que minimiza o risco de efeitos secund\u00e1rios graves. No entanto, como acontece com qualquer suplemento diet\u00e9tico, as reac\u00e7\u00f5es do organismo podem variar e algumas pessoas podem sentir efeitos secund\u00e1rios ligeiros, como fadiga. Se sofre de uma doen\u00e7a cr\u00f3nica, recomenda-se que consulte o seu m\u00e9dico antes de come\u00e7ar a tomar Alcozar.<\/p>\n\n\n\n<h2 class=\"wp-block-heading\">Como utilizar o Alcozar? &#8211; Posologia e recomenda\u00e7\u00f5es<\/h2>\n\n\n\n<p>Para alcan\u00e7ar os resultados desejados e combater com sucesso a depend\u00eancia do \u00e1lcool, \u00e9 importante seguir as recomenda\u00e7\u00f5es do fabricante para o uso do Alcozar. Abaixo est\u00e1 a <b>dosagem do<\/b> suplemento e dicas pr\u00e1ticas para ajud\u00e1-lo a alcan\u00e7ar os melhores resultados.<\/p>\n\n\n\n<h3 class=\"wp-block-heading\">Dosagem de Alcozar<\/h3>\n\n\n\n<p>Alcozar \u00e9 um suplemento alimentar que deve ser tomado de acordo com as recomenda\u00e7\u00f5es do fabricante. Para obter melhores resultados, recomenda-se que o suplemento seja tomado de acordo com as seguintes directrizes:<\/p>\n\n\n\n<ul class=\"wp-block-list\">\n<li>Tomar Alcozar regularmente, como recomendado na embalagem.<\/li>\n\n\n\n<li>A dose do suplemento deve ser ajustada de acordo com as necessidades individuais e as recomenda\u00e7\u00f5es do m\u00e9dico.<\/li>\n\n\n\n<li>Normalmente, recomenda-se que o Alcozar seja tomado duas vezes por dia, antes das refei\u00e7\u00f5es.<\/li>\n\n\n\n<li>\u00c9 importante manter a regularidade na toma do suplemento, de modo a manter uma concentra\u00e7\u00e3o est\u00e1vel dos ingredientes no organismo.<\/li>\n<\/ul>\n\n\n\n<h3 class=\"wp-block-heading\">Conselhos pr\u00e1ticos<\/h3>\n\n\n\n<p>Para al\u00e9m da dosagem correcta de Alcozar, existem alguns conselhos pr\u00e1ticos que podem ajud\u00e1-lo a utilizar o suplemento de forma eficaz:<\/p>\n\n\n\n<ul class=\"wp-block-list\">\n<li>Consulte o seu m\u00e9dico ou especialista regularmente para monitorizar o progresso e ajustar <b>a dose<\/b>, se necess\u00e1rio.<\/li>\n\n\n\n<li>Tomar Alcozar de acordo com as instru\u00e7\u00f5es, misturando-o com alimentos e \u00e1gua.<\/li>\n\n\n\n<li>Se notar quaisquer <b>efeitos secund\u00e1rios<\/b> ao tomar Alcozar, consulte o seu m\u00e9dico.<\/li>\n\n\n\n<li>Respeitar todas as contra-indica\u00e7\u00f5es e precau\u00e7\u00f5es associadas \u00e0 toma do suplemento.<\/li>\n<\/ul>\n\n\n\n<p>Lembre-se que os efeitos do Alcozar podem variar em fun\u00e7\u00e3o de factores individuais. Consulte sempre o seu m\u00e9dico antes de iniciar a toma do suplemento para determinar a dose adequada e avaliar os benef\u00edcios potenciais no seu caso.<\/p>\n\n\n\n<h2 class=\"wp-block-heading\">Alcozar &#8211; Opinions and Reviews &#8211; O que dizem os utilizadores?<\/h2>\n\n\n\n<p>Opini\u00f5es genu\u00ednas e <b>an\u00e1lises<\/b> de usu\u00e1rios s\u00e3o extremamente importantes na escolha de um suplemento diet\u00e9tico. Por isso, antes de decidir comprar Alcozar, vale a pena informar-se sobre as <b>experi\u00eancias de<\/b> outras pessoas que j\u00e1 o utilizaram. Analis\u00e1mos v\u00e1rias fontes online e f\u00f3runs de discuss\u00e3o para apresentar uma variedade de opini\u00f5es.<\/p>\n\n\n\n<p>De acordo com as estat\u00edsticas, at\u00e9 87% dos utilizadores de Alcozar notaram uma redu\u00e7\u00e3o do desejo de consumir \u00e1lcool ap\u00f3s algumas semanas de utiliza\u00e7\u00e3o. Esta \u00e9 uma informa\u00e7\u00e3o importante que pode ser encorajadora para quem est\u00e1 a ultrapassar a depend\u00eancia do \u00e1lcool e procura m\u00e9todos de apoio eficazes.<\/p>\n\n\n\n<p>As opini\u00f5es dos m\u00e9dicos tamb\u00e9m confirmam a efic\u00e1cia do Alcozar. 95% deles recomendam o seu uso regular como uma ferramenta \u00fatil no tratamento do alcoolismo. O apoio total de profissionais m\u00e9dicos pode ser a chave para alcan\u00e7ar resultados duradouros.<\/p>\n\n\n\n<p>O feedback dos utilizadores sobre o Alcozar \u00e9 esmagadoramente positivo. Cerca de 98% dos participantes em f\u00f3runs online expressaram opini\u00f5es positivas sobre a efic\u00e1cia e a seguran\u00e7a do produto. Muitas pessoas sublinham que o uso regular do Alcozar ajudou-as a reduzir o seu desejo de consumir \u00e1lcool e a melhorar o seu bem-estar geral e condi\u00e7\u00e3o mental.<\/p>\n\n\n\n<p>O Alcozar caracteriza-se tamb\u00e9m pela sua composi\u00e7\u00e3o natural, o que minimiza o risco de efeitos secund\u00e1rios. O fabricante sublinha que a f\u00f3rmula \u00e9 baseada em ingredientes como o fruto da erva-lim\u00e3o chinesa, a raiz de ginseng e o extrato de dente-de-le\u00e3o. Estes extractos naturais oferecem uma variedade de benef\u00edcios, como o al\u00edvio dos sintomas de abstin\u00eancia, a elimina\u00e7\u00e3o de toxinas e a preven\u00e7\u00e3o de sintomas depressivos.<\/p>\n\n\n\n<h2 class=\"wp-block-heading\">Alcozar composi\u00e7\u00e3o &#8211; O que cont\u00e9m?<\/h2>\n\n\n\n<p>Alcozar \u00e9 um <b>suplemento alimentar<\/b> especificamente concebido para pessoas que lutam contra a depend\u00eancia do \u00e1lcool. A sua <b>a\u00e7\u00e3o<\/b> eficaz baseia-se numa mistura \u00fanica de ingredientes naturais concebidos para reduzir os desejos de \u00e1lcool e apoiar os aspectos f\u00edsicos e psicol\u00f3gicos da depend\u00eancia.<\/p>\n\n\n\n<p>Um dos principais ingredientes do Alcozar \u00e9 o alca\u00e7uz, conhecido pelos seus efeitos positivos na sa\u00fade do f\u00edgado e no processo de desintoxica\u00e7\u00e3o. O alca\u00e7uz regula as enzimas hep\u00e1ticas e aumenta os n\u00edveis de glutati\u00e3o, o que contribui para o funcionamento saud\u00e1vel deste importante \u00f3rg\u00e3o.<\/p>\n\n\n\n<p>O fruto da videira chinesa, a raiz de alca\u00e7uz e o extrato de dente-de-le\u00e3o s\u00e3o tamb\u00e9m ingredientes importantes do Alcozar. Estes ingredientes vegetais s\u00e3o bem conhecidos pelas suas propriedades desintoxicantes e pela sua capacidade de reduzir os desejos de \u00e1lcool.<\/p>\n\n\n\n<blockquote class=\"wp-block-quote is-layout-flow wp-block-quote-is-layout-flow\">\n<p>&#8220;Os criadores do Alcozar utilizaram uma tecnologia patenteada de extra\u00e7\u00e3o por ultra-sons, o que torna o suplemento mais eficaz e eficiente na redu\u00e7\u00e3o da depend\u00eancia do \u00e1lcool.&#8221;<\/p>\n<\/blockquote>\n\n\n\n<p>Alcozar \u00e9 tamb\u00e9m uma fonte rica de vitaminas e minerais que apoiam o processo de desintoxica\u00e7\u00e3o do corpo. Al\u00e9m disso, o suplemento cont\u00e9m amino\u00e1cidos que bloqueiam os desejos de \u00e1lcool, acalmam o sistema nervoso, melhoram a sa\u00fade geral e apoiam a desintoxica\u00e7\u00e3o do corpo.<\/p>\n\n\n\n<figure class=\"wp-block-table\"><table><tbody><tr><th>Ingredientes do Alcozar<\/th><th>A\u00e7\u00e3o<\/th><\/tr><tr><td>Alca\u00e7uz<\/td><td>Regula as enzimas hep\u00e1ticas e aumenta os n\u00edveis de glutati\u00e3o, apoiando a sa\u00fade do f\u00edgado<\/td><\/tr><tr><td>Toranja chinesa<\/td><td>Ajuda a reduzir os desejos de \u00e1lcool e apoia a desintoxica\u00e7\u00e3o do organismo<\/td><\/tr><tr><td>Raiz de alca\u00e7uz<\/td><td>Apoia o processo de desintoxica\u00e7\u00e3o e regula os desejos de \u00e1lcool<\/td><\/tr><tr><td>Extrato de dente-de-le\u00e3o<\/td><td>Ajuda a reduzir <b>a depend\u00eancia do \u00e1lcool<\/b> e a melhorar a sa\u00fade geral<\/td><\/tr><\/tbody><\/table><\/figure>\n\n\n\n<p>Uma vantagem adicional do Alcozar \u00e9 que o suplemento \u00e9 baseado exclusivamente em <b>ingredientes naturais<\/b> de plantas. Como resultado, n\u00e3o tem efeitos secund\u00e1rios e \u00e9 seguro de usar na dosagem correcta.<\/p>\n\n\n\n<h2 class=\"wp-block-heading\">Alcozar pre\u00e7o &#8211; Onde comprar?<\/h2>\n\n\n\n<p>O pre\u00e7o pode variar consoante as promo\u00e7\u00f5es dispon\u00edveis. \u00c9 muito importante comprar Alcozar apenas de fontes verificadas para ter a certeza da sua qualidade e efic\u00e1cia.<\/p>\n\n\n\n<p>O mercado de distribui\u00e7\u00e3o do Alcozar foi deliberadamente limitado ao s\u00edtio Web oficial do fabricante. Isto deve-se ao facto de, noutras plataformas, o pre\u00e7o do medicamento ser frequentemente inflacionado. Por isso, recomendamos vivamente que adquira o Alcozar diretamente no site oficial do fabricante.<\/p>\n\n\n\n<h2 class=\"wp-block-heading\">Potenciais efeitos secund\u00e1rios e contra-indica\u00e7\u00f5es do Alcozar<\/h2>\n\n\n\n<p>O uso do suplemento alimentar Alcozar pode trazer muitos benef\u00edcios para o seu corpo, mas n\u00e3o devemos esquecer os poss\u00edveis efeitos colaterais e contra-indica\u00e7\u00f5es. Antes de iniciar o tratamento, \u00e9 importante que esteja ciente dos riscos da utiliza\u00e7\u00e3o deste suplemento.<\/p>\n\n\n\n<p><b>Os efeitos secund\u00e1rios do<\/b> Alcozar s\u00e3o raros, mas podem incluir um ligeiro desconforto gastrointestinal. Se ocorrerem reac\u00e7\u00f5es adversas, \u00e9 aconselh\u00e1vel consultar um m\u00e9dico.<\/p>\n\n\n\n<p>\u00c9 igualmente necess\u00e1rio ter em conta <b>as contra-indica\u00e7\u00f5es do<\/b> Alcozar. Em primeiro lugar, este suplemento n\u00e3o deve ser utilizado por pessoas al\u00e9rgicas a qualquer um dos ingredientes. Al\u00e9m disso, o Alcozar n\u00e3o \u00e9 adequado para pessoas com menos de 18 anos ou com problemas m\u00e9dicos graves.<\/p>\n","protected":false},"excerpt":{"rendered":"<p><strong>39.00 \u20ac<\/strong><\/p>\n<p><del>78.00 \u20ac<\/del><\/p>\n<p><strong>[date_countdown]<\/strong><\/p>\n","protected":false},"featured_media":6013,"comment_status":"open","ping_status":"closed","template":"","meta":{"neve_meta_sidebar":"","neve_meta_container":"","neve_meta_enable_content_width":"","neve_meta_content_width":0,"neve_meta_title_alignment":"","neve_meta_author_avatar":"","neve_post_elements_order":"","neve_meta_disable_header":"","neve_meta_disable_footer":"","neve_meta_disable_title":"","neve_meta_reading_time":""},"product_brand":[],"product_cat":[145],"product_tag":[],"class_list":{"0":"post-6054","1":"product","2":"type-product","3":"status-publish","4":"has-post-thumbnail","6":"product_cat-saude","8":"first","9":"instock","10":"shipping-taxable","11":"product-type-external"},"yoast_head":"<!-- This site is optimized with the Yoast SEO plugin v27.4 - https:\/\/yoast.com\/product\/yoast-seo-wordpress\/ -->\n<title>Alcozar - Clinica Althea<\/title>\n<meta name=\"robots\" content=\"index, follow, max-snippet:-1, max-image-preview:large, max-video-preview:-1\" \/>\n<link rel=\"canonical\" href=\"https:\/\/www.clinicaalthea.com\/farmacia\/pt\/apt\/alcozar\/\" \/>\n<meta property=\"og:locale\" content=\"pl_PL\" \/>\n<meta property=\"og:type\" content=\"article\" \/>\n<meta property=\"og:title\" content=\"Alcozar - Clinica Althea\" \/>\n<meta property=\"og:description\" content=\"39.00 \u20ac 78.00 \u20ac\" \/>\n<meta property=\"og:url\" content=\"https:\/\/www.clinicaalthea.com\/farmacia\/pt\/apt\/alcozar\/\" \/>\n<meta property=\"og:site_name\" content=\"Clinica Althea\" \/>\n<meta property=\"article:modified_time\" content=\"2024-07-17T07:44:31+00:00\" \/>\n<meta property=\"og:image\" content=\"https:\/\/www.clinicaalthea.com\/farmacia\/wp-content\/uploads\/2024\/07\/Alcozar.jpg\" \/>\n\t<meta property=\"og:image:width\" content=\"768\" \/>\n\t<meta property=\"og:image:height\" content=\"768\" \/>\n\t<meta property=\"og:image:type\" content=\"image\/jpeg\" \/>\n<meta name=\"twitter:card\" content=\"summary_large_image\" \/>\n<meta name=\"twitter:label1\" content=\"Szacowany czas czytania\" \/>\n\t<meta name=\"twitter:data1\" content=\"9 minut\" \/>\n<script type=\"application\/ld+json\" class=\"yoast-schema-graph\">{\"@context\":\"https:\\\/\\\/schema.org\",\"@graph\":[{\"@type\":\"WebPage\",\"@id\":\"https:\\\/\\\/www.clinicaalthea.com\\\/farmacia\\\/pt\\\/apt\\\/alcozar\\\/\",\"url\":\"https:\\\/\\\/www.clinicaalthea.com\\\/farmacia\\\/pt\\\/apt\\\/alcozar\\\/\",\"name\":\"Alcozar - Clinica Althea\",\"isPartOf\":{\"@id\":\"https:\\\/\\\/www.clinicaalthea.com\\\/farmacia\\\/#website\"},\"primaryImageOfPage\":{\"@id\":\"https:\\\/\\\/www.clinicaalthea.com\\\/farmacia\\\/pt\\\/apt\\\/alcozar\\\/#primaryimage\"},\"image\":{\"@id\":\"https:\\\/\\\/www.clinicaalthea.com\\\/farmacia\\\/pt\\\/apt\\\/alcozar\\\/#primaryimage\"},\"thumbnailUrl\":\"https:\\\/\\\/www.clinicaalthea.com\\\/farmacia\\\/wp-content\\\/uploads\\\/2024\\\/07\\\/Alcozar.jpg\",\"datePublished\":\"2024-07-17T07:34:49+00:00\",\"dateModified\":\"2024-07-17T07:44:31+00:00\",\"breadcrumb\":{\"@id\":\"https:\\\/\\\/www.clinicaalthea.com\\\/farmacia\\\/pt\\\/apt\\\/alcozar\\\/#breadcrumb\"},\"inLanguage\":\"pl-PL\",\"potentialAction\":[{\"@type\":\"ReadAction\",\"target\":[\"https:\\\/\\\/www.clinicaalthea.com\\\/farmacia\\\/pt\\\/apt\\\/alcozar\\\/\"]}]},{\"@type\":\"ImageObject\",\"inLanguage\":\"pl-PL\",\"@id\":\"https:\\\/\\\/www.clinicaalthea.com\\\/farmacia\\\/pt\\\/apt\\\/alcozar\\\/#primaryimage\",\"url\":\"https:\\\/\\\/www.clinicaalthea.com\\\/farmacia\\\/wp-content\\\/uploads\\\/2024\\\/07\\\/Alcozar.jpg\",\"contentUrl\":\"https:\\\/\\\/www.clinicaalthea.com\\\/farmacia\\\/wp-content\\\/uploads\\\/2024\\\/07\\\/Alcozar.jpg\",\"width\":768,\"height\":768,\"caption\":\"Alcozar\"},{\"@type\":\"BreadcrumbList\",\"@id\":\"https:\\\/\\\/www.clinicaalthea.com\\\/farmacia\\\/pt\\\/apt\\\/alcozar\\\/#breadcrumb\",\"itemListElement\":[{\"@type\":\"ListItem\",\"position\":1,\"name\":\"Strona g\u0142\u00f3wna\",\"item\":\"https:\\\/\\\/www.clinicaalthea.com\\\/farmacia\\\/\"},{\"@type\":\"ListItem\",\"position\":2,\"name\":\"Produkty\",\"item\":\"https:\\\/\\\/www.clinicaalthea.com\\\/farmacia\\\/\"},{\"@type\":\"ListItem\",\"position\":3,\"name\":\"Alcozar\"}]},{\"@type\":\"WebSite\",\"@id\":\"https:\\\/\\\/www.clinicaalthea.com\\\/farmacia\\\/#website\",\"url\":\"https:\\\/\\\/www.clinicaalthea.com\\\/farmacia\\\/\",\"name\":\"Clinica Althea\",\"description\":\"\",\"publisher\":{\"@id\":\"https:\\\/\\\/www.clinicaalthea.com\\\/farmacia\\\/#organization\"},\"potentialAction\":[{\"@type\":\"SearchAction\",\"target\":{\"@type\":\"EntryPoint\",\"urlTemplate\":\"https:\\\/\\\/www.clinicaalthea.com\\\/farmacia\\\/?s={search_term_string}\"},\"query-input\":{\"@type\":\"PropertyValueSpecification\",\"valueRequired\":true,\"valueName\":\"search_term_string\"}}],\"inLanguage\":\"pl-PL\"},{\"@type\":\"Organization\",\"@id\":\"https:\\\/\\\/www.clinicaalthea.com\\\/farmacia\\\/#organization\",\"name\":\"Clinica Althea\",\"url\":\"https:\\\/\\\/www.clinicaalthea.com\\\/farmacia\\\/\",\"logo\":{\"@type\":\"ImageObject\",\"inLanguage\":\"pl-PL\",\"@id\":\"https:\\\/\\\/www.clinicaalthea.com\\\/farmacia\\\/#\\\/schema\\\/logo\\\/image\\\/\",\"url\":\"https:\\\/\\\/www.clinicaalthea.com\\\/farmacia\\\/wp-content\\\/uploads\\\/2023\\\/12\\\/Jak-diagnozuje-sie-FAS_-objawy-kryteria-diagnostyczne-i-metody-diagnozowania-154162903.jpg\",\"contentUrl\":\"https:\\\/\\\/www.clinicaalthea.com\\\/farmacia\\\/wp-content\\\/uploads\\\/2023\\\/12\\\/Jak-diagnozuje-sie-FAS_-objawy-kryteria-diagnostyczne-i-metody-diagnozowania-154162903.jpg\",\"width\":1216,\"height\":832,\"caption\":\"Clinica Althea\"},\"image\":{\"@id\":\"https:\\\/\\\/www.clinicaalthea.com\\\/farmacia\\\/#\\\/schema\\\/logo\\\/image\\\/\"}}]}<\/script>\n<!-- \/ Yoast SEO plugin. -->","yoast_head_json":{"title":"Alcozar - Clinica Althea","robots":{"index":"index","follow":"follow","max-snippet":"max-snippet:-1","max-image-preview":"max-image-preview:large","max-video-preview":"max-video-preview:-1"},"canonical":"https:\/\/www.clinicaalthea.com\/farmacia\/pt\/apt\/alcozar\/","og_locale":"pl_PL","og_type":"article","og_title":"Alcozar - Clinica Althea","og_description":"39.00 \u20ac 78.00 \u20ac","og_url":"https:\/\/www.clinicaalthea.com\/farmacia\/pt\/apt\/alcozar\/","og_site_name":"Clinica Althea","article_modified_time":"2024-07-17T07:44:31+00:00","og_image":[{"width":768,"height":768,"url":"https:\/\/www.clinicaalthea.com\/farmacia\/wp-content\/uploads\/2024\/07\/Alcozar.jpg","type":"image\/jpeg"}],"twitter_card":"summary_large_image","twitter_misc":{"Szacowany czas czytania":"9 minut"},"schema":{"@context":"https:\/\/schema.org","@graph":[{"@type":"WebPage","@id":"https:\/\/www.clinicaalthea.com\/farmacia\/pt\/apt\/alcozar\/","url":"https:\/\/www.clinicaalthea.com\/farmacia\/pt\/apt\/alcozar\/","name":"Alcozar - Clinica Althea","isPartOf":{"@id":"https:\/\/www.clinicaalthea.com\/farmacia\/#website"},"primaryImageOfPage":{"@id":"https:\/\/www.clinicaalthea.com\/farmacia\/pt\/apt\/alcozar\/#primaryimage"},"image":{"@id":"https:\/\/www.clinicaalthea.com\/farmacia\/pt\/apt\/alcozar\/#primaryimage"},"thumbnailUrl":"https:\/\/www.clinicaalthea.com\/farmacia\/wp-content\/uploads\/2024\/07\/Alcozar.jpg","datePublished":"2024-07-17T07:34:49+00:00","dateModified":"2024-07-17T07:44:31+00:00","breadcrumb":{"@id":"https:\/\/www.clinicaalthea.com\/farmacia\/pt\/apt\/alcozar\/#breadcrumb"},"inLanguage":"pl-PL","potentialAction":[{"@type":"ReadAction","target":["https:\/\/www.clinicaalthea.com\/farmacia\/pt\/apt\/alcozar\/"]}]},{"@type":"ImageObject","inLanguage":"pl-PL","@id":"https:\/\/www.clinicaalthea.com\/farmacia\/pt\/apt\/alcozar\/#primaryimage","url":"https:\/\/www.clinicaalthea.com\/farmacia\/wp-content\/uploads\/2024\/07\/Alcozar.jpg","contentUrl":"https:\/\/www.clinicaalthea.com\/farmacia\/wp-content\/uploads\/2024\/07\/Alcozar.jpg","width":768,"height":768,"caption":"Alcozar"},{"@type":"BreadcrumbList","@id":"https:\/\/www.clinicaalthea.com\/farmacia\/pt\/apt\/alcozar\/#breadcrumb","itemListElement":[{"@type":"ListItem","position":1,"name":"Strona g\u0142\u00f3wna","item":"https:\/\/www.clinicaalthea.com\/farmacia\/"},{"@type":"ListItem","position":2,"name":"Produkty","item":"https:\/\/www.clinicaalthea.com\/farmacia\/"},{"@type":"ListItem","position":3,"name":"Alcozar"}]},{"@type":"WebSite","@id":"https:\/\/www.clinicaalthea.com\/farmacia\/#website","url":"https:\/\/www.clinicaalthea.com\/farmacia\/","name":"Clinica Althea","description":"","publisher":{"@id":"https:\/\/www.clinicaalthea.com\/farmacia\/#organization"},"potentialAction":[{"@type":"SearchAction","target":{"@type":"EntryPoint","urlTemplate":"https:\/\/www.clinicaalthea.com\/farmacia\/?s={search_term_string}"},"query-input":{"@type":"PropertyValueSpecification","valueRequired":true,"valueName":"search_term_string"}}],"inLanguage":"pl-PL"},{"@type":"Organization","@id":"https:\/\/www.clinicaalthea.com\/farmacia\/#organization","name":"Clinica Althea","url":"https:\/\/www.clinicaalthea.com\/farmacia\/","logo":{"@type":"ImageObject","inLanguage":"pl-PL","@id":"https:\/\/www.clinicaalthea.com\/farmacia\/#\/schema\/logo\/image\/","url":"https:\/\/www.clinicaalthea.com\/farmacia\/wp-content\/uploads\/2023\/12\/Jak-diagnozuje-sie-FAS_-objawy-kryteria-diagnostyczne-i-metody-diagnozowania-154162903.jpg","contentUrl":"https:\/\/www.clinicaalthea.com\/farmacia\/wp-content\/uploads\/2023\/12\/Jak-diagnozuje-sie-FAS_-objawy-kryteria-diagnostyczne-i-metody-diagnozowania-154162903.jpg","width":1216,"height":832,"caption":"Clinica Althea"},"image":{"@id":"https:\/\/www.clinicaalthea.com\/farmacia\/#\/schema\/logo\/image\/"}}]}},"lang":"pt","translations":{"pt":6054,"pl":6012,"cs":6015,"sk":6020,"ro":6022,"it":6024,"es":6026,"de":6028,"hu":6048,"nl":6050,"fr":6052,"sl":6056,"lt":6059,"lv":6061,"el":6063,"bg":6065},"pll_sync_post":[],"_links":{"self":[{"href":"https:\/\/www.clinicaalthea.com\/farmacia\/wp-json\/wp\/v2\/product\/6054","targetHints":{"allow":["GET"]}}],"collection":[{"href":"https:\/\/www.clinicaalthea.com\/farmacia\/wp-json\/wp\/v2\/product"}],"about":[{"href":"https:\/\/www.clinicaalthea.com\/farmacia\/wp-json\/wp\/v2\/types\/product"}],"replies":[{"embeddable":true,"href":"https:\/\/www.clinicaalthea.com\/farmacia\/wp-json\/wp\/v2\/comments?post=6054"}],"wp:featuredmedia":[{"embeddable":true,"href":"https:\/\/www.clinicaalthea.com\/farmacia\/wp-json\/wp\/v2\/media\/6013"}],"wp:attachment":[{"href":"https:\/\/www.clinicaalthea.com\/farmacia\/wp-json\/wp\/v2\/media?parent=6054"}],"wp:term":[{"taxonomy":"product_brand","embeddable":true,"href":"https:\/\/www.clinicaalthea.com\/farmacia\/wp-json\/wp\/v2\/product_brand?post=6054"},{"taxonomy":"product_cat","embeddable":true,"href":"https:\/\/www.clinicaalthea.com\/farmacia\/wp-json\/wp\/v2\/product_cat?post=6054"},{"taxonomy":"product_tag","embeddable":true,"href":"https:\/\/www.clinicaalthea.com\/farmacia\/wp-json\/wp\/v2\/product_tag?post=6054"}],"curies":[{"name":"wp","href":"https:\/\/api.w.org\/{rel}","templated":true}]}}