{"id":6048,"date":"2024-07-17T08:30:15","date_gmt":"2024-07-17T07:30:15","guid":{"rendered":"https:\/\/mayoguide.org\/produkty\/?post_type=product&#038;p=6048"},"modified":"2024-07-17T08:44:31","modified_gmt":"2024-07-17T07:44:31","slug":"alcozar","status":"publish","type":"product","link":"https:\/\/www.clinicaalthea.com\/farmacia\/hu\/apt\/alcozar\/","title":{"rendered":"Alcozar"},"content":{"rendered":"\n<h2 class=\"wp-block-heading\">Milyen t\u00edpus\u00fa gy\u00f3gyszer az Alcozar \u00e9s hogyan fejti ki hat\u00e1s\u00e1t?<\/h2>\n\n\n\n<p><b>Az Alcozar<\/b> egy <b>\u00e9trend-kieg\u00e9sz\u00edt\u0151<\/b> cseppek form\u00e1j\u00e1ban, amelyet kifejezetten az alkoholf\u00fcgg\u0151s\u00e9g lek\u00fczd\u00e9s\u00e9re terveztek. Ezt az innovat\u00edv term\u00e9ket \u00fagy tervezt\u00e9k, hogy enyh\u00edtse az alkohol ut\u00e1ni s\u00f3v\u00e1rg\u00e1st, seg\u00edtsen cs\u00f6kkenteni az alkoholfogyaszt\u00e1st \u00e9s jav\u00edtsa a f\u00fcgg\u0151s\u00e9g ellen\u0151rz\u00e9s\u00e9t. Hat\u00e9konys\u00e1g\u00e1nak k\u00f6sz\u00f6nhet\u0151en az <b>Alcozar<\/b> sz\u00e9les k\u00f6r\u0171 elismer\u00e9st \u00e9s pozit\u00edv <b>visszajelz\u00e9seket<\/b> kapott a <b>felhaszn\u00e1l\u00f3kt\u00f3l<\/b>.<\/p>\n\n\n\n<p>Az Alcozar <b>hat\u00e1sa<\/b> egy egyed\u00fcl\u00e1ll\u00f3 formul\u00e1n alapul, amely gondosan kiv\u00e1lasztott n\u00f6v\u00e9nyi \u00f6sszetev\u0151ket tartalmaz. A k\u00ednai citromf\u0171gy\u00fcm\u00f6lcs, az \u00e9desgy\u00f6k\u00e9r \u00e9s a gyermekl\u00e1ncf\u0171 kivonat csak n\u00e9h\u00e1ny a szervezetre pozit\u00edvan hat\u00f3 \u00f6sszetev\u0151k k\u00f6z\u00fcl. Az Alcozar rendszeres <b>haszn\u00e1lata<\/b> hozz\u00e1j\u00e1rul a motoros koordin\u00e1ci\u00f3 javul\u00e1s\u00e1hoz, a ment\u00e1lis koncentr\u00e1ci\u00f3hoz \u00e9s a j\u00f3 k\u00f6z\u00e9rzet \u00e1ltal\u00e1nos n\u00f6veked\u00e9s\u00e9hez.<\/p>\n\n\n\n<p>Az Alcozar t\u00f6bbf\u00e9lek\u00e9ppen is seg\u00edt az egy\u00e9neknek cs\u00f6kkenteni az alkohol ut\u00e1ni s\u00f3v\u00e1rg\u00e1sukat. El\u0151sz\u00f6r is semleges\u00edti a szervezetben l\u00e9v\u0151 m\u00e9reganyagokat, felgyors\u00edtva ezzel az alkoholfogyaszt\u00e1s ut\u00e1ni regener\u00e1l\u00f3d\u00e1si folyamatot. Ezenk\u00edv\u00fcl az Alcozar enyh\u00edti az alkoholmegvon\u00e1ssal j\u00e1r\u00f3 elvon\u00e1si t\u00fcneteket \u00e9s cs\u00f6kkenti az alkohol ut\u00e1ni s\u00f3v\u00e1rg\u00e1st. Az Alcozar \u00f6sszetev\u0151i t\u00e1mogatj\u00e1k a bels\u0151 szervek m\u0171k\u00f6d\u00e9s\u00e9t is, seg\u00edtik a v\u00e9r m\u00e9reganyagt\u00f3l val\u00f3 megtiszt\u00edt\u00e1s\u00e1t \u00e9s cs\u00f6kkentik az alkohol ut\u00e1ni s\u00f3v\u00e1rg\u00e1st.<\/p>\n\n\n\n<h2 class=\"wp-block-heading\">Alcozar &#8211; hat\u00e1sok<\/h2>\n\n\n\n<p>Az Alcozar <b>haszn\u00e1lata<\/b> sz\u00e1mos el\u0151nnyel j\u00e1rhat az alkoholf\u00fcgg\u0151s\u00e9ggel k\u00fczd\u0151k sz\u00e1m\u00e1ra. Ez a modern <b>\u00e9trend-kieg\u00e9sz\u00edt\u0151<\/b> cseppek form\u00e1j\u00e1ban t\u00e1mogat\u00e1st ny\u00fajt az alkohol ut\u00e1ni s\u00f3v\u00e1rg\u00e1s cs\u00f6kkent\u00e9s\u00e9ben \u00e9s az elvon\u00e1si t\u00fcnetek enyh\u00edt\u00e9s\u00e9ben. Ezen k\u00edv\u00fcl az Alcozar t\u00e1mogatja a szervezet hossz\u00fa t\u00e1v\u00fa alkoholfogyaszt\u00e1sb\u00f3l val\u00f3 fel\u00e9p\u00fcl\u00e9s\u00e9t, seg\u00edtve a bels\u0151 szervek eg\u00e9szs\u00e9g\u00e9nek jav\u00edt\u00e1s\u00e1t.<\/p>\n\n\n\n<p>A felhaszn\u00e1l\u00f3i v\u00e9lem\u00e9nyek szerint az Alcozar kiel\u00e9g\u00edt\u0151 <b>eredm\u00e9nyeket<\/b> produk\u00e1l. Naponta t\u00f6bb ezer ember k\u00fczd az alkoholf\u00fcgg\u0151s\u00e9ggel, \u00e9s az Alcozar magas, 5\/6 csillagos \u00e9rt\u00e9kel\u00e9st kap, ami meger\u0151s\u00edti <b>hat\u00e9konys\u00e1g\u00e1t<\/b>. A felhaszn\u00e1l\u00f3k kiemelik, hogy a kieg\u00e9sz\u00edt\u0151 seg\u00edt cs\u00f6kkenteni az alkohol ut\u00e1ni s\u00f3v\u00e1rg\u00e1st \u00e9s enyh\u00edti az elvon\u00e1si t\u00fcneteket, mint p\u00e9ld\u00e1ul a k\u00e9zremeg\u00e9s, a szorong\u00e1s \u00e9s a h\u00e1nyinger. Emellett sok felhaszn\u00e1l\u00f3 az Alcozar rendszeres haszn\u00e1lata ut\u00e1n javul\u00e1st \u00e9szlel a hangulat\u00e1ban.<\/p>\n\n\n\n<p>Az Alcozar kiz\u00e1r\u00f3lag term\u00e9szetes \u00f6sszetev\u0151k\u00f6n alapul, ami minim\u00e1lisra cs\u00f6kkenti a s\u00falyos mell\u00e9khat\u00e1sok kock\u00e1zat\u00e1t. Azonban, mint minden \u00e9trend-kieg\u00e9sz\u00edt\u0151 eset\u00e9ben, a szervezet reakci\u00f3i elt\u00e9r\u0151ek lehetnek, \u00e9s egyesekn\u00e9l el\u0151fordulhatnak enyhe mell\u00e9khat\u00e1sok, p\u00e9ld\u00e1ul f\u00e1radts\u00e1g. Ha \u00d6n kr\u00f3nikus betegs\u00e9gben szenved, aj\u00e1nlott, hogy az Alcozar szed\u00e9s\u00e9nek megkezd\u00e9se el\u0151tt konzult\u00e1ljon kezel\u0151orvos\u00e1val.<\/p>\n\n\n\n<h2 class=\"wp-block-heading\">Hogyan kell haszn\u00e1lni az Alcozar-t? &#8211; Adagol\u00e1s \u00e9s aj\u00e1nl\u00e1sok<\/h2>\n\n\n\n<p>A k\u00edv\u00e1nt eredm\u00e9nyek el\u00e9r\u00e9se \u00e9s az alkoholf\u00fcgg\u0151s\u00e9g elleni sikeres k\u00fczdelem \u00e9rdek\u00e9ben fontos, hogy k\u00f6vesse a gy\u00e1rt\u00f3 Alcozar haszn\u00e1lat\u00e1ra vonatkoz\u00f3 aj\u00e1nl\u00e1sait. Az al\u00e1bbiakban a kieg\u00e9sz\u00edt\u00e9s <b>adagol\u00e1sa<\/b> \u00e9s gyakorlati tippek seg\u00edtenek az optim\u00e1lis eredm\u00e9nyek el\u00e9r\u00e9s\u00e9ben.<\/p>\n\n\n\n<h3 class=\"wp-block-heading\">Alcozar adagol\u00e1s<\/h3>\n\n\n\n<p>Az Alcozar \u00e9trend-kieg\u00e9sz\u00edt\u0151, amelyet a gy\u00e1rt\u00f3 aj\u00e1nl\u00e1sai szerint kell szedni. A legjobb eredm\u00e9ny el\u00e9r\u00e9se \u00e9rdek\u00e9ben aj\u00e1nlott a kieg\u00e9sz\u00edt\u0151t az al\u00e1bbi ir\u00e1nyelvek szerint szedni:<\/p>\n\n\n\n<ul class=\"wp-block-list\">\n<li>Az Alcozar-t rendszeresen, a csomagol\u00e1son szerepl\u0151 aj\u00e1nl\u00e1snak megfelel\u0151en szedje.<\/li>\n\n\n\n<li>A t\u00e1pl\u00e1l\u00e9kkieg\u00e9sz\u00edt\u0151 adagj\u00e1t az egy\u00e9ni ig\u00e9nyeknek \u00e9s az orvos aj\u00e1nl\u00e1sainak megfelel\u0151en kell be\u00e1ll\u00edtani.<\/li>\n\n\n\n<li>Az Alcozar-t \u00e1ltal\u00e1ban naponta k\u00e9tszer, \u00e9tkez\u00e9s el\u0151tt aj\u00e1nlott bevenni.<\/li>\n\n\n\n<li>Fontos, hogy a kieg\u00e9sz\u00edt\u00e9s szed\u00e9se rendszeres legyen, hogy az \u00f6sszetev\u0151k koncentr\u00e1ci\u00f3ja stabil maradjon a szervezetben.<\/li>\n<\/ul>\n\n\n\n<h3 class=\"wp-block-heading\">Gyakorlati tippek<\/h3>\n\n\n\n<p>Az Alcozar helyes adagol\u00e1s\u00e1n k\u00edv\u00fcl van n\u00e9h\u00e1ny gyakorlati tipp, amely seg\u00edthet a kieg\u00e9sz\u00edt\u0151 hat\u00e9kony haszn\u00e1lat\u00e1ban:<\/p>\n\n\n\n<ul class=\"wp-block-list\">\n<li>Rendszeresen keresse fel kezel\u0151orvos\u00e1t vagy szakorvos\u00e1t a fejl\u0151d\u00e9s nyomon k\u00f6vet\u00e9se \u00e9s az <b>adagol\u00e1s<\/b> sz\u00fcks\u00e9g szerinti m\u00f3dos\u00edt\u00e1sa \u00e9rdek\u00e9ben.<\/li>\n\n\n\n<li>Az Alcozar-t az utas\u00edt\u00e1snak megfelel\u0151en, \u00e9tellel \u00e9s v\u00edzzel elkeverve vegye be.<\/li>\n\n\n\n<li>Ha az Alcozar szed\u00e9se sor\u00e1n b\u00e1rmilyen <b>mell\u00e9khat\u00e1st<\/b> \u00e9szlel, forduljon orvos\u00e1hoz.<\/li>\n\n\n\n<li>Tartsa be a kieg\u00e9sz\u00edt\u00e9s szed\u00e9s\u00e9vel kapcsolatos \u00f6sszes ellenjavallatot \u00e9s \u00f3vint\u00e9zked\u00e9st.<\/li>\n<\/ul>\n\n\n\n<p>Ne feledje, hogy az Alcozar hat\u00e1sa egy\u00e9ni t\u00e9nyez\u0151kt\u0151l f\u00fcgg\u0151en v\u00e1ltozhat. A szed\u00e9s\u00e9nek megkezd\u00e9se el\u0151tt mindig konzult\u00e1ljon kezel\u0151orvos\u00e1val a megfelel\u0151 adag meghat\u00e1roz\u00e1sa \u00e9s az \u00d6n eset\u00e9ben a lehets\u00e9ges el\u0151ny\u00f6k felm\u00e9r\u00e9se \u00e9rdek\u00e9ben.<\/p>\n\n\n\n<h2 class=\"wp-block-heading\">Alcozar &#8211; V\u00e9lem\u00e9nyek \u00e9s v\u00e9lem\u00e9nyek &#8211; Mit mondanak a felhaszn\u00e1l\u00f3k?<\/h2>\n\n\n\n<p>A val\u00f3di v\u00e9lem\u00e9nyek \u00e9s felhaszn\u00e1l\u00f3i <b>v\u00e9lem\u00e9nyek<\/b> rendk\u00edv\u00fcl fontosak egy \u00e9trend-kieg\u00e9sz\u00edt\u0151 kiv\u00e1laszt\u00e1sakor. Ez\u00e9rt, miel\u0151tt \u00fagy d\u00f6nt, hogy megv\u00e1s\u00e1rolja az Alcozar-t, \u00e9rdemes t\u00e1j\u00e9koz\u00f3dni m\u00e1sok <b>tapasztalatair\u00f3l<\/b>, akik m\u00e1r haszn\u00e1lt\u00e1k. K\u00fcl\u00f6nb\u00f6z\u0151 online forr\u00e1sokat \u00e9s vitaf\u00f3rumokat elemezt\u00fcnk, hogy bemutassuk a k\u00fcl\u00f6nb\u00f6z\u0151 v\u00e9lem\u00e9nyeket.<\/p>\n\n\n\n<p>A statisztik\u00e1k szerint az Alcozar-haszn\u00e1l\u00f3k 87%-a \u00e9szlelte, hogy n\u00e9h\u00e1ny hetes haszn\u00e1lat ut\u00e1n cs\u00f6kkent az alkohol ir\u00e1nti v\u00e1gya. Ez egy fontos inform\u00e1ci\u00f3, amely b\u00e1tor\u00edt\u00f3 lehet azok sz\u00e1m\u00e1ra, akik lek\u00fczdik az alkoholf\u00fcgg\u0151s\u00e9get \u00e9s hat\u00e9kony t\u00e1mogat\u00e1si m\u00f3dszereket keresnek.<\/p>\n\n\n\n<p>Az orvosok v\u00e9lem\u00e9nye is meger\u0151s\u00edti az Alcozar hat\u00e9konys\u00e1g\u00e1t. 95%-uk aj\u00e1nlja rendszeres haszn\u00e1lat\u00e1t, mint az alkoholizmus kezel\u00e9s\u00e9nek hasznos eszk\u00f6z\u00e9t. Az orvosi szakemberek teljes k\u00f6r\u0171 t\u00e1mogat\u00e1sa kulcsfontoss\u00e1g\u00fa lehet a tart\u00f3s eredm\u00e9nyek el\u00e9r\u00e9s\u00e9hez.<\/p>\n\n\n\n<p>A felhaszn\u00e1l\u00f3k visszajelz\u00e9sei az Alcozarr\u00f3l t\u00falnyom\u00f3r\u00e9szt pozit\u00edvak. Az online f\u00f3rumok r\u00e9sztvev\u0151inek 98%-a pozit\u00edvan nyilatkozott a term\u00e9k hat\u00e9konys\u00e1g\u00e1r\u00f3l \u00e9s biztons\u00e1goss\u00e1g\u00e1r\u00f3l. Sokan hangs\u00falyozz\u00e1k, hogy az Alcozar rendszeres haszn\u00e1lata seg\u00edtett nekik abban, hogy cs\u00f6kkents\u00e9k az alkoholfogyaszt\u00e1s ir\u00e1nti v\u00e1gyukat, valamint javult az \u00e1ltal\u00e1nos k\u00f6z\u00e9rzet\u00fck \u00e9s ment\u00e1lis \u00e1llapotuk.<\/p>\n\n\n\n<p>Az Alcozart term\u00e9szetes \u00f6sszet\u00e9tele is jellemzi, ami minim\u00e1lisra cs\u00f6kkenti a mell\u00e9khat\u00e1sok kock\u00e1zat\u00e1t. A gy\u00e1rt\u00f3 hangs\u00falyozza, hogy a k\u00e9sz\u00edtm\u00e9ny olyan \u00f6sszetev\u0151k\u00f6n alapul, mint a k\u00ednai citromf\u0171gy\u00fcm\u00f6lcs, a ginzenggy\u00f6k\u00e9r \u00e9s a gyermekl\u00e1ncf\u0171 kivonat. Ezek a term\u00e9szetes kivonatok sz\u00e1mos el\u0151nnyel rendelkeznek, p\u00e9ld\u00e1ul enyh\u00edtik az elvon\u00e1si t\u00fcneteket, elt\u00e1vol\u00edtj\u00e1k a m\u00e9reganyagokat \u00e9s megel\u0151zik a depresszi\u00f3s t\u00fcneteket.<\/p>\n\n\n\n<h2 class=\"wp-block-heading\">Alcozar \u00f6sszet\u00e9tele &#8211; Mit tartalmaz?<\/h2>\n\n\n\n<p>Az Alcozar egy <b>\u00e9trend-kieg\u00e9sz\u00edt\u0151<\/b>, amelyet kifejezetten az alkoholf\u00fcgg\u0151s\u00e9ggel k\u00fczd\u0151 emberek sz\u00e1m\u00e1ra fejlesztettek ki. Hat\u00e9kony <b>hat\u00e1sa<\/b> a term\u00e9szetes \u00f6sszetev\u0151k egyed\u00fcl\u00e1ll\u00f3 kever\u00e9k\u00e9n alapul, amelyet \u00fagy terveztek, hogy cs\u00f6kkentse az alkohol ut\u00e1ni s\u00f3v\u00e1rg\u00e1st, \u00e9s t\u00e1mogassa a f\u00fcgg\u0151s\u00e9g fizikai \u00e9s pszichol\u00f3giai aspektusait egyar\u00e1nt.<\/p>\n\n\n\n<p>Az Alcozar egyik legfontosabb \u00f6sszetev\u0151je az \u00e9desgy\u00f6k\u00e9r, amely a m\u00e1j eg\u00e9szs\u00e9g\u00e9re \u00e9s a m\u00e9regtelen\u00edt\u00e9si folyamatra gyakorolt pozit\u00edv hat\u00e1sair\u00f3l ismert. Az \u00e9desgy\u00f6k\u00e9r szab\u00e1lyozza a m\u00e1jenzimeket \u00e9s n\u00f6veli a glutation szintj\u00e9t, ami hozz\u00e1j\u00e1rul e fontos szerv eg\u00e9szs\u00e9ges m\u0171k\u00f6d\u00e9s\u00e9hez.<\/p>\n\n\n\n<p>A k\u00ednai sz\u0151l\u0151gy\u00fcm\u00f6lcs, az \u00e9desgy\u00f6k\u00e9r \u00e9s a gyermekl\u00e1ncf\u0171 kivonat szint\u00e9n fontos \u00f6sszetev\u0151i az Alcozarnak. Ezek a n\u00f6v\u00e9nyi \u00f6sszetev\u0151k j\u00f3l ismertek m\u00e9regtelen\u00edt\u0151 tulajdons\u00e1gaikr\u00f3l \u00e9s az alkohol ut\u00e1ni s\u00f3v\u00e1rg\u00e1s cs\u00f6kkent\u00e9s\u00e9nek k\u00e9pess\u00e9g\u00e9r\u0151l.<\/p>\n\n\n\n<blockquote class=\"wp-block-quote is-layout-flow wp-block-quote-is-layout-flow\">\n<p>&#8220;Az Alcozar alkot\u00f3i szabadalmaztatott ultrahangos extrakci\u00f3s technol\u00f3gi\u00e1t alkalmaztak, amely hat\u00e9konyabb\u00e1 \u00e9s eredm\u00e9nyesebb\u00e9 teszi a kieg\u00e9sz\u00edt\u0151t az alkoholf\u00fcgg\u0151s\u00e9g cs\u00f6kkent\u00e9s\u00e9ben.&#8221;<\/p>\n<\/blockquote>\n\n\n\n<p>Az Alcozar emellett gazdag forr\u00e1sa a szervezet m\u00e9regtelen\u00edt\u00e9si folyamat\u00e1t t\u00e1mogat\u00f3 vitaminoknak \u00e9s \u00e1sv\u00e1nyi anyagoknak. Ezenk\u00edv\u00fcl a kieg\u00e9sz\u00edt\u0151 olyan aminosavakat tartalmaz, amelyek blokkolj\u00e1k az alkohol ut\u00e1ni s\u00f3v\u00e1rg\u00e1st, megnyugtatj\u00e1k az idegrendszert, jav\u00edtj\u00e1k az \u00e1ltal\u00e1nos eg\u00e9szs\u00e9gi \u00e1llapotot \u00e9s t\u00e1mogatj\u00e1k a szervezet m\u00e9regtelen\u00edt\u00e9s\u00e9t.<\/p>\n\n\n\n<figure class=\"wp-block-table\"><table><tbody><tr><th>Az Alcozar \u00f6sszetev\u0151i<\/th><th>Akci\u00f3<\/th><\/tr><tr><td>\u00c9desgy\u00f6k\u00e9r<\/td><td>Szab\u00e1lyozza a m\u00e1jenzimeket \u00e9s n\u00f6veli a glutation szintet, t\u00e1mogatva a m\u00e1j eg\u00e9szs\u00e9g\u00e9t.<\/td><\/tr><tr><td>K\u00ednai grapefruit<\/td><td>Seg\u00edt cs\u00f6kkenteni az alkohol ut\u00e1ni s\u00f3v\u00e1rg\u00e1st \u00e9s t\u00e1mogatja a szervezet m\u00e9regtelen\u00edt\u00e9s\u00e9t.<\/td><\/tr><tr><td>\u00c9desgy\u00f6k\u00e9r<\/td><td>T\u00e1mogatja a m\u00e9regtelen\u00edt\u00e9si folyamatot \u00e9s szab\u00e1lyozza az alkohol ut\u00e1ni s\u00f3v\u00e1rg\u00e1st.<\/td><\/tr><tr><td>Gyermekl\u00e1ncf\u0171 kivonat<\/td><td>Seg\u00edt cs\u00f6kkenteni az <b>alkoholf\u00fcgg\u0151s\u00e9get<\/b> \u00e9s jav\u00edtja az \u00e1ltal\u00e1nos eg\u00e9szs\u00e9gi \u00e1llapotot<\/td><\/tr><\/tbody><\/table><\/figure>\n\n\n\n<p>Az Alcozar tov\u00e1bbi el\u0151nye, hogy a kieg\u00e9sz\u00edt\u0151 kiz\u00e1r\u00f3lag <b>term\u00e9szetes<\/b> n\u00f6v\u00e9nyi <b>\u00f6sszetev\u0151k\u00f6n<\/b> alapul. Ennek eredm\u00e9nyek\u00e9ppen nincsenek mell\u00e9khat\u00e1sai, \u00e9s megfelel\u0151 adagol\u00e1s mellett biztons\u00e1gosan haszn\u00e1lhat\u00f3.<\/p>\n\n\n\n<h2 class=\"wp-block-heading\">Alcozar \u00e1r &#8211; Hol lehet megv\u00e1s\u00e1rolni?<\/h2>\n\n\n\n<p>Az \u00e1r az el\u00e9rhet\u0151 akci\u00f3k f\u00fcggv\u00e9ny\u00e9ben v\u00e1ltozhat. Nagyon fontos, hogy csak ellen\u0151rz\u00f6tt forr\u00e1sb\u00f3l v\u00e1s\u00e1roljon Alcozar-t, hogy biztos lehessen a min\u0151s\u00e9g\u00e9ben \u00e9s hat\u00e9konys\u00e1g\u00e1ban.<\/p>\n\n\n\n<p>Az Alcozar forgalmaz\u00e1si piac\u00e1t sz\u00e1nd\u00e9kosan a gy\u00e1rt\u00f3 hivatalos honlapj\u00e1ra korl\u00e1tozt\u00e1k. Ez annak k\u00f6sz\u00f6nhet\u0151, hogy m\u00e1s platformokon a gy\u00f3gyszer \u00e1ra gyakran t\u00fal magas. Ez\u00e9rt er\u0151sen javasoljuk, hogy az Alcozar-t k\u00f6zvetlen\u00fcl a gy\u00e1rt\u00f3 hivatalos weboldal\u00e1n v\u00e1s\u00e1rolja meg.<\/p>\n\n\n\n<h2 class=\"wp-block-heading\">Az Alcozar lehets\u00e9ges mell\u00e9khat\u00e1sai \u00e9s ellenjavallatai<\/h2>\n\n\n\n<p>Az Alcozar \u00e9trend-kieg\u00e9sz\u00edt\u0151 haszn\u00e1lata sz\u00e1mos el\u0151nnyel j\u00e1rhat a szervezet sz\u00e1m\u00e1ra, de nem szabad megfeledkezn\u00fcnk a lehets\u00e9ges mell\u00e9khat\u00e1sokr\u00f3l \u00e9s ellenjavallatokr\u00f3l. A kezel\u00e9s megkezd\u00e9se el\u0151tt fontos, hogy tiszt\u00e1ban legyen a t\u00e1pl\u00e1l\u00e9kkieg\u00e9sz\u00edt\u0151 haszn\u00e1lat\u00e1nak kock\u00e1zataival.<\/p>\n\n\n\n<p>Az Alcozar <b>mell\u00e9khat\u00e1sai<\/b> ritk\u00e1k, de el\u0151fordulhat enyhe gyomor-b\u00e9lrendszeri kellemetlens\u00e9g. Ha mell\u00e9khat\u00e1sok jelentkeznek, tan\u00e1csos orvoshoz fordulni.<\/p>\n\n\n\n<p>Meg kell jegyezni az Alcozar <b>ellenjavallatait<\/b> is. El\u0151sz\u00f6r is, ezt a kieg\u00e9sz\u00edt\u00e9st nem haszn\u00e1lhatj\u00e1k olyan emberek, akik allergi\u00e1sak b\u00e1rmelyik \u00f6sszetev\u0151re. Ezenk\u00edv\u00fcl az Alcozar nem alkalmas 18 \u00e9v alattiaknak vagy s\u00falyos betegs\u00e9gben szenved\u0151knek.<\/p>\n","protected":false},"excerpt":{"rendered":"<p><strong>12900.00 Ft<\/strong><\/p>\n<p><del>25800.00 Ft<\/del><\/p>\n<p><strong>[date_countdown]<\/strong><\/p>\n","protected":false},"featured_media":6013,"comment_status":"open","ping_status":"closed","template":"","meta":{"neve_meta_sidebar":"","neve_meta_container":"","neve_meta_enable_content_width":"","neve_meta_content_width":0,"neve_meta_title_alignment":"","neve_meta_author_avatar":"","neve_post_elements_order":"","neve_meta_disable_header":"","neve_meta_disable_footer":"","neve_meta_disable_title":"","neve_meta_reading_time":""},"product_brand":[],"product_cat":[105],"product_tag":[],"class_list":{"0":"post-6048","1":"product","2":"type-product","3":"status-publish","4":"has-post-thumbnail","6":"product_cat-egeszseg","8":"first","9":"instock","10":"shipping-taxable","11":"product-type-external"},"yoast_head":"<!-- This site is optimized with the Yoast SEO plugin v27.4 - https:\/\/yoast.com\/product\/yoast-seo-wordpress\/ -->\n<title>Alcozar - Clinica Althea<\/title>\n<meta name=\"robots\" content=\"index, follow, max-snippet:-1, max-image-preview:large, max-video-preview:-1\" \/>\n<link rel=\"canonical\" href=\"https:\/\/www.clinicaalthea.com\/farmacia\/hu\/apt\/alcozar\/\" \/>\n<meta property=\"og:locale\" content=\"pl_PL\" \/>\n<meta property=\"og:type\" content=\"article\" \/>\n<meta property=\"og:title\" content=\"Alcozar - Clinica Althea\" \/>\n<meta property=\"og:description\" content=\"12900.00 Ft 25800.00 Ft\" \/>\n<meta property=\"og:url\" content=\"https:\/\/www.clinicaalthea.com\/farmacia\/hu\/apt\/alcozar\/\" \/>\n<meta property=\"og:site_name\" content=\"Clinica Althea\" \/>\n<meta property=\"article:modified_time\" content=\"2024-07-17T07:44:31+00:00\" \/>\n<meta property=\"og:image\" content=\"https:\/\/www.clinicaalthea.com\/farmacia\/wp-content\/uploads\/2024\/07\/Alcozar.jpg\" \/>\n\t<meta property=\"og:image:width\" content=\"768\" \/>\n\t<meta property=\"og:image:height\" content=\"768\" \/>\n\t<meta property=\"og:image:type\" content=\"image\/jpeg\" \/>\n<meta name=\"twitter:card\" content=\"summary_large_image\" \/>\n<meta name=\"twitter:label1\" content=\"Szacowany czas czytania\" \/>\n\t<meta name=\"twitter:data1\" content=\"7 minut\" \/>\n<script type=\"application\/ld+json\" class=\"yoast-schema-graph\">{\"@context\":\"https:\\\/\\\/schema.org\",\"@graph\":[{\"@type\":\"WebPage\",\"@id\":\"https:\\\/\\\/www.clinicaalthea.com\\\/farmacia\\\/hu\\\/apt\\\/alcozar\\\/\",\"url\":\"https:\\\/\\\/www.clinicaalthea.com\\\/farmacia\\\/hu\\\/apt\\\/alcozar\\\/\",\"name\":\"Alcozar - Clinica Althea\",\"isPartOf\":{\"@id\":\"https:\\\/\\\/www.clinicaalthea.com\\\/farmacia\\\/#website\"},\"primaryImageOfPage\":{\"@id\":\"https:\\\/\\\/www.clinicaalthea.com\\\/farmacia\\\/hu\\\/apt\\\/alcozar\\\/#primaryimage\"},\"image\":{\"@id\":\"https:\\\/\\\/www.clinicaalthea.com\\\/farmacia\\\/hu\\\/apt\\\/alcozar\\\/#primaryimage\"},\"thumbnailUrl\":\"https:\\\/\\\/www.clinicaalthea.com\\\/farmacia\\\/wp-content\\\/uploads\\\/2024\\\/07\\\/Alcozar.jpg\",\"datePublished\":\"2024-07-17T07:30:15+00:00\",\"dateModified\":\"2024-07-17T07:44:31+00:00\",\"breadcrumb\":{\"@id\":\"https:\\\/\\\/www.clinicaalthea.com\\\/farmacia\\\/hu\\\/apt\\\/alcozar\\\/#breadcrumb\"},\"inLanguage\":\"pl-PL\",\"potentialAction\":[{\"@type\":\"ReadAction\",\"target\":[\"https:\\\/\\\/www.clinicaalthea.com\\\/farmacia\\\/hu\\\/apt\\\/alcozar\\\/\"]}]},{\"@type\":\"ImageObject\",\"inLanguage\":\"pl-PL\",\"@id\":\"https:\\\/\\\/www.clinicaalthea.com\\\/farmacia\\\/hu\\\/apt\\\/alcozar\\\/#primaryimage\",\"url\":\"https:\\\/\\\/www.clinicaalthea.com\\\/farmacia\\\/wp-content\\\/uploads\\\/2024\\\/07\\\/Alcozar.jpg\",\"contentUrl\":\"https:\\\/\\\/www.clinicaalthea.com\\\/farmacia\\\/wp-content\\\/uploads\\\/2024\\\/07\\\/Alcozar.jpg\",\"width\":768,\"height\":768,\"caption\":\"Alcozar\"},{\"@type\":\"BreadcrumbList\",\"@id\":\"https:\\\/\\\/www.clinicaalthea.com\\\/farmacia\\\/hu\\\/apt\\\/alcozar\\\/#breadcrumb\",\"itemListElement\":[{\"@type\":\"ListItem\",\"position\":1,\"name\":\"Strona g\u0142\u00f3wna\",\"item\":\"https:\\\/\\\/www.clinicaalthea.com\\\/farmacia\\\/\"},{\"@type\":\"ListItem\",\"position\":2,\"name\":\"Produkty\",\"item\":\"https:\\\/\\\/www.clinicaalthea.com\\\/farmacia\\\/\"},{\"@type\":\"ListItem\",\"position\":3,\"name\":\"Alcozar\"}]},{\"@type\":\"WebSite\",\"@id\":\"https:\\\/\\\/www.clinicaalthea.com\\\/farmacia\\\/#website\",\"url\":\"https:\\\/\\\/www.clinicaalthea.com\\\/farmacia\\\/\",\"name\":\"Clinica Althea\",\"description\":\"\",\"publisher\":{\"@id\":\"https:\\\/\\\/www.clinicaalthea.com\\\/farmacia\\\/#organization\"},\"potentialAction\":[{\"@type\":\"SearchAction\",\"target\":{\"@type\":\"EntryPoint\",\"urlTemplate\":\"https:\\\/\\\/www.clinicaalthea.com\\\/farmacia\\\/?s={search_term_string}\"},\"query-input\":{\"@type\":\"PropertyValueSpecification\",\"valueRequired\":true,\"valueName\":\"search_term_string\"}}],\"inLanguage\":\"pl-PL\"},{\"@type\":\"Organization\",\"@id\":\"https:\\\/\\\/www.clinicaalthea.com\\\/farmacia\\\/#organization\",\"name\":\"Clinica Althea\",\"url\":\"https:\\\/\\\/www.clinicaalthea.com\\\/farmacia\\\/\",\"logo\":{\"@type\":\"ImageObject\",\"inLanguage\":\"pl-PL\",\"@id\":\"https:\\\/\\\/www.clinicaalthea.com\\\/farmacia\\\/#\\\/schema\\\/logo\\\/image\\\/\",\"url\":\"https:\\\/\\\/www.clinicaalthea.com\\\/farmacia\\\/wp-content\\\/uploads\\\/2023\\\/12\\\/Jak-diagnozuje-sie-FAS_-objawy-kryteria-diagnostyczne-i-metody-diagnozowania-154162903.jpg\",\"contentUrl\":\"https:\\\/\\\/www.clinicaalthea.com\\\/farmacia\\\/wp-content\\\/uploads\\\/2023\\\/12\\\/Jak-diagnozuje-sie-FAS_-objawy-kryteria-diagnostyczne-i-metody-diagnozowania-154162903.jpg\",\"width\":1216,\"height\":832,\"caption\":\"Clinica Althea\"},\"image\":{\"@id\":\"https:\\\/\\\/www.clinicaalthea.com\\\/farmacia\\\/#\\\/schema\\\/logo\\\/image\\\/\"}}]}<\/script>\n<!-- \/ Yoast SEO plugin. -->","yoast_head_json":{"title":"Alcozar - Clinica Althea","robots":{"index":"index","follow":"follow","max-snippet":"max-snippet:-1","max-image-preview":"max-image-preview:large","max-video-preview":"max-video-preview:-1"},"canonical":"https:\/\/www.clinicaalthea.com\/farmacia\/hu\/apt\/alcozar\/","og_locale":"pl_PL","og_type":"article","og_title":"Alcozar - Clinica Althea","og_description":"12900.00 Ft 25800.00 Ft","og_url":"https:\/\/www.clinicaalthea.com\/farmacia\/hu\/apt\/alcozar\/","og_site_name":"Clinica Althea","article_modified_time":"2024-07-17T07:44:31+00:00","og_image":[{"width":768,"height":768,"url":"https:\/\/www.clinicaalthea.com\/farmacia\/wp-content\/uploads\/2024\/07\/Alcozar.jpg","type":"image\/jpeg"}],"twitter_card":"summary_large_image","twitter_misc":{"Szacowany czas czytania":"7 minut"},"schema":{"@context":"https:\/\/schema.org","@graph":[{"@type":"WebPage","@id":"https:\/\/www.clinicaalthea.com\/farmacia\/hu\/apt\/alcozar\/","url":"https:\/\/www.clinicaalthea.com\/farmacia\/hu\/apt\/alcozar\/","name":"Alcozar - Clinica Althea","isPartOf":{"@id":"https:\/\/www.clinicaalthea.com\/farmacia\/#website"},"primaryImageOfPage":{"@id":"https:\/\/www.clinicaalthea.com\/farmacia\/hu\/apt\/alcozar\/#primaryimage"},"image":{"@id":"https:\/\/www.clinicaalthea.com\/farmacia\/hu\/apt\/alcozar\/#primaryimage"},"thumbnailUrl":"https:\/\/www.clinicaalthea.com\/farmacia\/wp-content\/uploads\/2024\/07\/Alcozar.jpg","datePublished":"2024-07-17T07:30:15+00:00","dateModified":"2024-07-17T07:44:31+00:00","breadcrumb":{"@id":"https:\/\/www.clinicaalthea.com\/farmacia\/hu\/apt\/alcozar\/#breadcrumb"},"inLanguage":"pl-PL","potentialAction":[{"@type":"ReadAction","target":["https:\/\/www.clinicaalthea.com\/farmacia\/hu\/apt\/alcozar\/"]}]},{"@type":"ImageObject","inLanguage":"pl-PL","@id":"https:\/\/www.clinicaalthea.com\/farmacia\/hu\/apt\/alcozar\/#primaryimage","url":"https:\/\/www.clinicaalthea.com\/farmacia\/wp-content\/uploads\/2024\/07\/Alcozar.jpg","contentUrl":"https:\/\/www.clinicaalthea.com\/farmacia\/wp-content\/uploads\/2024\/07\/Alcozar.jpg","width":768,"height":768,"caption":"Alcozar"},{"@type":"BreadcrumbList","@id":"https:\/\/www.clinicaalthea.com\/farmacia\/hu\/apt\/alcozar\/#breadcrumb","itemListElement":[{"@type":"ListItem","position":1,"name":"Strona g\u0142\u00f3wna","item":"https:\/\/www.clinicaalthea.com\/farmacia\/"},{"@type":"ListItem","position":2,"name":"Produkty","item":"https:\/\/www.clinicaalthea.com\/farmacia\/"},{"@type":"ListItem","position":3,"name":"Alcozar"}]},{"@type":"WebSite","@id":"https:\/\/www.clinicaalthea.com\/farmacia\/#website","url":"https:\/\/www.clinicaalthea.com\/farmacia\/","name":"Clinica Althea","description":"","publisher":{"@id":"https:\/\/www.clinicaalthea.com\/farmacia\/#organization"},"potentialAction":[{"@type":"SearchAction","target":{"@type":"EntryPoint","urlTemplate":"https:\/\/www.clinicaalthea.com\/farmacia\/?s={search_term_string}"},"query-input":{"@type":"PropertyValueSpecification","valueRequired":true,"valueName":"search_term_string"}}],"inLanguage":"pl-PL"},{"@type":"Organization","@id":"https:\/\/www.clinicaalthea.com\/farmacia\/#organization","name":"Clinica Althea","url":"https:\/\/www.clinicaalthea.com\/farmacia\/","logo":{"@type":"ImageObject","inLanguage":"pl-PL","@id":"https:\/\/www.clinicaalthea.com\/farmacia\/#\/schema\/logo\/image\/","url":"https:\/\/www.clinicaalthea.com\/farmacia\/wp-content\/uploads\/2023\/12\/Jak-diagnozuje-sie-FAS_-objawy-kryteria-diagnostyczne-i-metody-diagnozowania-154162903.jpg","contentUrl":"https:\/\/www.clinicaalthea.com\/farmacia\/wp-content\/uploads\/2023\/12\/Jak-diagnozuje-sie-FAS_-objawy-kryteria-diagnostyczne-i-metody-diagnozowania-154162903.jpg","width":1216,"height":832,"caption":"Clinica Althea"},"image":{"@id":"https:\/\/www.clinicaalthea.com\/farmacia\/#\/schema\/logo\/image\/"}}]}},"lang":"hu","translations":{"hu":6048,"pl":6012,"cs":6015,"sk":6020,"ro":6022,"it":6024,"es":6026,"de":6028,"nl":6050,"fr":6052,"pt":6054,"sl":6056,"lt":6059,"lv":6061,"el":6063,"bg":6065},"pll_sync_post":[],"_links":{"self":[{"href":"https:\/\/www.clinicaalthea.com\/farmacia\/wp-json\/wp\/v2\/product\/6048","targetHints":{"allow":["GET"]}}],"collection":[{"href":"https:\/\/www.clinicaalthea.com\/farmacia\/wp-json\/wp\/v2\/product"}],"about":[{"href":"https:\/\/www.clinicaalthea.com\/farmacia\/wp-json\/wp\/v2\/types\/product"}],"replies":[{"embeddable":true,"href":"https:\/\/www.clinicaalthea.com\/farmacia\/wp-json\/wp\/v2\/comments?post=6048"}],"wp:featuredmedia":[{"embeddable":true,"href":"https:\/\/www.clinicaalthea.com\/farmacia\/wp-json\/wp\/v2\/media\/6013"}],"wp:attachment":[{"href":"https:\/\/www.clinicaalthea.com\/farmacia\/wp-json\/wp\/v2\/media?parent=6048"}],"wp:term":[{"taxonomy":"product_brand","embeddable":true,"href":"https:\/\/www.clinicaalthea.com\/farmacia\/wp-json\/wp\/v2\/product_brand?post=6048"},{"taxonomy":"product_cat","embeddable":true,"href":"https:\/\/www.clinicaalthea.com\/farmacia\/wp-json\/wp\/v2\/product_cat?post=6048"},{"taxonomy":"product_tag","embeddable":true,"href":"https:\/\/www.clinicaalthea.com\/farmacia\/wp-json\/wp\/v2\/product_tag?post=6048"}],"curies":[{"name":"wp","href":"https:\/\/api.w.org\/{rel}","templated":true}]}}