{"id":6028,"date":"2024-07-17T08:27:41","date_gmt":"2024-07-17T07:27:41","guid":{"rendered":"https:\/\/mayoguide.org\/produkty\/?post_type=product&#038;p=6028"},"modified":"2024-07-17T08:44:31","modified_gmt":"2024-07-17T07:44:31","slug":"alcozar","status":"publish","type":"product","link":"https:\/\/www.clinicaalthea.com\/farmacia\/de\/apt\/alcozar\/","title":{"rendered":"Alcozar"},"content":{"rendered":"\n<h2 class=\"wp-block-heading\">Was ist Alcozar und wie funktioniert es?<\/h2>\n\n\n\n<p><b>Alcozar<\/b> ist ein <b>Nahrungserg\u00e4nzungsmittel<\/b> in Form von Tropfen, das speziell zur Bek\u00e4mpfung der Alkoholabh\u00e4ngigkeit entwickelt wurde. Dieses innovative Produkt wurde entwickelt, um das Verlangen nach Alkohol zu lindern, den Alkoholkonsum zu reduzieren und die Kontrolle \u00fcber die Sucht zu verbessern. Dank seiner Wirksamkeit hat <b>Alcozar<\/b> breite Anerkennung und positive <b>R\u00fcckmeldungen von<\/b> Benutzern erhalten.<\/p>\n\n\n\n<p><b>Die Wirkung von<\/b> Alcozar beruht auf einer einzigartigen Formel, die sorgf\u00e4ltig ausgew\u00e4hlte pflanzliche Inhaltsstoffe enth\u00e4lt. Chinesische Zitronengrasfrucht, S\u00fc\u00dfholzwurzel und L\u00f6wenzahnextrakt sind nur einige der Inhaltsstoffe, die eine positive Wirkung auf den K\u00f6rper haben. Die systematische <b>Einnahme von<\/b> Alcozar tr\u00e4gt zu einer Verbesserung der motorischen Koordination, der geistigen Konzentration und zu einer allgemeinen Steigerung des Wohlbefindens bei.<\/p>\n\n\n\n<p>Alcozar wirkt auf verschiedene Weise, um das Verlangen nach Alkohol zu verringern. Zun\u00e4chst einmal neutralisiert es die Giftstoffe im K\u00f6rper und beschleunigt so den Genesungsprozess nach dem Alkoholkonsum. Dar\u00fcber hinaus lindert Alcozar die mit dem Alkoholentzug verbundenen Entzugserscheinungen und reduziert das Verlangen nach Alkohol. Die Inhaltsstoffe von Alcozar unterst\u00fctzen auch die Funktion der inneren Organe und helfen, das Blut von Giftstoffen zu reinigen und das Verlangen nach Alkohol zu reduzieren.<\/p>\n\n\n\n<h2 class=\"wp-block-heading\">Alcozar &#8211; Auswirkungen<\/h2>\n\n\n\n<p>Die <b>Einnahme von<\/b> Alcozar kann f\u00fcr Menschen, die mit Alkoholabh\u00e4ngigkeit zu k\u00e4mpfen haben, viele Vorteile bringen. Dieses moderne <b>Nahrungserg\u00e4nzungsmittel<\/b> in Form von Tropfen bietet Unterst\u00fctzung bei der Verringerung des Alkoholverlangens und der Linderung von Entzugserscheinungen. Dar\u00fcber hinaus unterst\u00fctzt Alcozar die Erholung des K\u00f6rpers von langfristigem Alkoholkonsum und hilft, die Gesundheit der inneren Organe zu verbessern.<\/p>\n\n\n\n<p>Den Nutzerbewertungen zufolge erzielt Alcozar zufriedenstellende <b>Ergebnisse<\/b>. Tausende von Menschen k\u00e4mpfen t\u00e4glich mit ihrer Alkoholsucht und Alcozar erh\u00e4lt eine hohe Bewertung von 5\/6 Sternen, was seine <b>Wirksamkeit<\/b> best\u00e4tigt. Die Benutzer heben hervor, dass das Pr\u00e4parat hilft, das Verlangen nach Alkohol zu reduzieren und Entzugserscheinungen wie Zittern der H\u00e4nde, Angst und \u00dcbelkeit zu lindern. Au\u00dferdem bemerken viele Anwender eine Verbesserung ihrer Stimmung nach regelm\u00e4\u00dfiger Einnahme von Alcozar.<\/p>\n\n\n\n<p>Alcozar basiert ausschlie\u00dflich auf nat\u00fcrlichen Inhaltsstoffen, wodurch das Risiko ernsthafter Nebenwirkungen minimiert wird. Wie bei jedem Nahrungserg\u00e4nzungsmittel k\u00f6nnen die Reaktionen des K\u00f6rpers jedoch variieren, und bei manchen Menschen k\u00f6nnen leichte Nebenwirkungen wie M\u00fcdigkeit auftreten. Wenn Sie an einer chronischen Erkrankung leiden, sollten Sie Ihren Arzt konsultieren, bevor Sie Alcozar einnehmen.<\/p>\n\n\n\n<h2 class=\"wp-block-heading\">Wie wird Alcozar angewendet? &#8211; Dosierung und Empfehlungen<\/h2>\n\n\n\n<p>Um die gew\u00fcnschten Ergebnisse zu erzielen und die Alkoholsucht erfolgreich zu bek\u00e4mpfen, ist es wichtig, die Empfehlungen des Herstellers f\u00fcr die Verwendung von Alcozar zu befolgen. Im Folgenden finden Sie die <b>Dosierung der<\/b> Erg\u00e4nzung und praktische Tipps, die Ihnen helfen, optimale Ergebnisse zu erzielen.<\/p>\n\n\n\n<h3 class=\"wp-block-heading\">Alcozar Dosierung<\/h3>\n\n\n\n<p>Alcozar ist ein Nahrungserg\u00e4nzungsmittel, das gem\u00e4\u00df den Empfehlungen des Herstellers eingenommen werden sollte. Um optimale Ergebnisse zu erzielen, wird empfohlen, das Erg\u00e4nzungsmittel gem\u00e4\u00df den folgenden Richtlinien einzunehmen:<\/p>\n\n\n\n<ul class=\"wp-block-list\">\n<li>Nehmen Sie Alcozar regelm\u00e4\u00dfig, wie auf der Packung empfohlen, ein.<\/li>\n\n\n\n<li>Die Dosis des Nahrungserg\u00e4nzungsmittels sollte je nach den individuellen Bed\u00fcrfnissen und den Empfehlungen des Arztes angepasst werden.<\/li>\n\n\n\n<li>Es wird in der Regel empfohlen, Alcozar zweimal t\u00e4glich vor den Mahlzeiten einzunehmen.<\/li>\n\n\n\n<li>Es ist wichtig, das Erg\u00e4nzungsmittel regelm\u00e4\u00dfig einzunehmen, um eine stabile Konzentration der Inhaltsstoffe im K\u00f6rper zu erhalten.<\/li>\n<\/ul>\n\n\n\n<h3 class=\"wp-block-heading\">Praktische Tipps<\/h3>\n\n\n\n<p>Neben der richtigen Dosierung von Alcozar gibt es auch einige praktische Tipps, die Ihnen helfen k\u00f6nnen, das Pr\u00e4parat effektiv zu verwenden:<\/p>\n\n\n\n<ul class=\"wp-block-list\">\n<li>Konsultieren Sie Ihren Arzt oder Facharzt regelm\u00e4\u00dfig, um die Fortschritte zu \u00fcberwachen und die <b>Dosierung<\/b> gegebenenfalls anzupassen.<\/li>\n\n\n\n<li>Nehmen Sie Alcozar wie verordnet ein, indem Sie es mit Wasser und Nahrung mischen.<\/li>\n\n\n\n<li>Wenn Sie bei der Einnahme von Alcozar <b>Nebenwirkungen<\/b> bemerken, wenden Sie sich an Ihren Arzt.<\/li>\n\n\n\n<li>Beachten Sie alle Kontraindikationen und Vorsichtsma\u00dfnahmen im Zusammenhang mit der Einnahme des Erg\u00e4nzungsmittels.<\/li>\n<\/ul>\n\n\n\n<p>Denken Sie daran, dass die Wirkung von Alcozar von individuellen Faktoren abh\u00e4ngen kann. Konsultieren Sie immer Ihren Arzt, bevor Sie mit der Einnahme von Alcozar beginnen, um die geeignete Dosis zu bestimmen und den m\u00f6glichen Nutzen in Ihrem Fall zu beurteilen.<\/p>\n\n\n\n<h2 class=\"wp-block-heading\">Alcozar &#8211; Meinungen und Bewertungen &#8211; Was sagen die Benutzer?<\/h2>\n\n\n\n<p>Echte Meinungen und <b>Nutzerbewertungen<\/b> sind bei der Auswahl eines Nahrungserg\u00e4nzungsmittels \u00e4u\u00dferst wichtig. Bevor Sie sich f\u00fcr den Kauf von Alcozar entscheiden, sollten Sie sich daher \u00fcber die <b>Erfahrungen<\/b> anderer Personen informieren, die das Produkt bereits verwendet haben. Wir haben verschiedene Online-Quellen und Diskussionsforen analysiert, um eine Vielzahl von Meinungen zu pr\u00e4sentieren.<\/p>\n\n\n\n<p>Statistiken zufolge bemerkten bis zu 87 % der Alcozar-Benutzer nach einigen Wochen der Einnahme eine Verringerung ihres Verlangens nach Alkohol. Dies ist eine wichtige Information, die f\u00fcr diejenigen ermutigend sein kann, die ihre Alkoholsucht \u00fcberwinden und nach wirksamen Unterst\u00fctzungsmethoden suchen.<\/p>\n\n\n\n<p>Auch die Meinungen von \u00c4rzten best\u00e4tigen die Wirksamkeit von Alcozar. 95 % von ihnen empfehlen die regelm\u00e4\u00dfige Einnahme von Alcozar als hilfreiches Mittel bei der Behandlung von Alkoholismus. Die volle Unterst\u00fctzung durch medizinische Fachkr\u00e4fte kann entscheidend sein, um dauerhafte Ergebnisse zu erzielen.<\/p>\n\n\n\n<p>Das Feedback der Anwender zu Alcozar ist \u00fcberw\u00e4ltigend positiv. Nicht weniger als 98 % der Teilnehmer in Online-Foren \u00e4u\u00dferten sich positiv \u00fcber die Wirksamkeit und Sicherheit des Produkts. Viele betonen, dass die regelm\u00e4\u00dfige Einnahme von Alcozar ihnen geholfen hat, ihr Verlangen nach Alkohol zu verringern und ihr allgemeines Wohlbefinden und ihren psychischen Zustand zu verbessern.<\/p>\n\n\n\n<p>Alcozar zeichnet sich auch durch seine nat\u00fcrliche Zusammensetzung aus, die das Risiko von Nebenwirkungen minimiert. Der Hersteller betont, dass die Formulierung auf Inhaltsstoffen wie der chinesischen Zitronengrasfrucht, der Ginsengwurzel und dem L\u00f6wenzahnextrakt basiert. Diese nat\u00fcrlichen Extrakte bieten eine Reihe von Vorteilen, wie z. B. die Linderung von Entzugserscheinungen, die Beseitigung von Giftstoffen und die Vorbeugung von depressiven Symptomen.<\/p>\n\n\n\n<h2 class=\"wp-block-heading\">Zusammensetzung von Alcozar &#8211; Was enth\u00e4lt es?<\/h2>\n\n\n\n<p>Alcozar ist ein <b>Nahrungserg\u00e4nzungsmittel<\/b>, das speziell f\u00fcr Menschen entwickelt wurde, die mit Alkoholabh\u00e4ngigkeit zu k\u00e4mpfen haben. Seine effektive <b>Wirkung<\/b> basiert auf einer einzigartigen Mischung nat\u00fcrlicher Inhaltsstoffe, die das Verlangen nach Alkohol reduzieren und sowohl die physischen als auch die psychischen Aspekte der Sucht unterst\u00fctzen.<\/p>\n\n\n\n<p>Einer der Hauptbestandteile von Alcozar ist S\u00fc\u00dfholz, das f\u00fcr seine positiven Auswirkungen auf die Gesundheit der Leber und den Entgiftungsprozess bekannt ist. S\u00fc\u00dfholz reguliert die Leberenzyme und erh\u00f6ht den Glutathionspiegel, was zu einer gesunden Funktion dieses wichtigen Organs beitr\u00e4gt.<\/p>\n\n\n\n<p>Chinesische Weinfrucht, S\u00fc\u00dfholzwurzel und L\u00f6wenzahnextrakt sind ebenfalls wichtige Bestandteile von Alcozar. Diese pflanzlichen Inhaltsstoffe sind bekannt f\u00fcr ihre entgiftenden Eigenschaften und ihre F\u00e4higkeit, das Verlangen nach Alkohol zu reduzieren.<\/p>\n\n\n\n<blockquote class=\"wp-block-quote is-layout-flow wp-block-quote-is-layout-flow\">\n<p>&#8220;Die Entwickler von Alcozar haben eine patentierte Technologie zur Ultraschallextraktion verwendet, die das Pr\u00e4parat noch wirksamer und effizienter bei der Reduzierung der Alkoholabh\u00e4ngigkeit macht&#8221;.<\/p>\n<\/blockquote>\n\n\n\n<p>Alcozar ist auch eine reiche Quelle von Vitaminen und Mineralien, die den Entgiftungsprozess des K\u00f6rpers unterst\u00fctzen. Dar\u00fcber hinaus enth\u00e4lt das Pr\u00e4parat Aminos\u00e4uren, die das Verlangen nach Alkohol blockieren, das Nervensystem beruhigen, die allgemeine Gesundheit verbessern und die Entgiftung des K\u00f6rpers unterst\u00fctzen.<\/p>\n\n\n\n<figure class=\"wp-block-table\"><table><tbody><tr><th>Inhaltsstoffe von Alcozar<\/th><th>Aktion<\/th><\/tr><tr><td>Lakritze<\/td><td>Reguliert die Leberenzyme und erh\u00f6ht den Glutathionspiegel, was die Gesundheit der Leber unterst\u00fctzt<\/td><\/tr><tr><td>Chinesische Grapefruit<\/td><td>Hilft, das Verlangen nach Alkohol zu reduzieren und unterst\u00fctzt die Entgiftung des K\u00f6rpers<\/td><\/tr><tr><td>S\u00fc\u00dfholzwurzel<\/td><td>Unterst\u00fctzt den Entgiftungsprozess und reguliert das Verlangen nach Alkohol<\/td><\/tr><tr><td>L\u00f6wenzahn-Extrakt<\/td><td>Hilft, die <b>Alkoholabh\u00e4ngigkeit<\/b> zu verringern und die allgemeine Gesundheit zu verbessern<\/td><\/tr><\/tbody><\/table><\/figure>\n\n\n\n<p>Ein weiterer Vorteil von Alcozar ist, dass das Pr\u00e4parat ausschlie\u00dflich auf <b>nat\u00fcrlichen<\/b> pflanzlichen <b>Inhaltsstoffen<\/b> basiert. Daher hat es keine Nebenwirkungen und ist in der richtigen Dosierung sicher zu verwenden.<\/p>\n\n\n\n<h2 class=\"wp-block-heading\">Alcozar Preis &#8211; Wo kaufen?<\/h2>\n\n\n\n<p>Der Preis kann je nach verf\u00fcgbaren Angeboten schwanken. Es ist sehr wichtig, Alcozar nur von gepr\u00fcften Quellen zu kaufen, um sicher zu sein, dass seine Qualit\u00e4t und Wirksamkeit.<\/p>\n\n\n\n<p>Der Vertriebsmarkt f\u00fcr Alcozar wurde absichtlich auf die offizielle Website des Herstellers beschr\u00e4nkt. Dies ist darauf zur\u00fcckzuf\u00fchren, dass der Preis des Medikaments auf anderen Plattformen oft \u00fcberh\u00f6ht ist. Wir empfehlen Ihnen daher dringend, Alcozar direkt auf der offiziellen Website des Herstellers zu kaufen.<\/p>\n\n\n\n<h2 class=\"wp-block-heading\">M\u00f6gliche Nebenwirkungen und Kontraindikationen von Alcozar<\/h2>\n\n\n\n<p>Die Einnahme des Nahrungserg\u00e4nzungsmittels Alcozar kann Ihrem K\u00f6rper viele Vorteile bringen, aber wir d\u00fcrfen die m\u00f6glichen Nebenwirkungen und Kontraindikationen nicht vergessen. Bevor Sie mit der Behandlung beginnen, ist es wichtig, dass Sie sich \u00fcber die Risiken der Einnahme dieses Nahrungserg\u00e4nzungsmittels bewusst sind.<\/p>\n\n\n\n<p><b>Nebenwirkungen von<\/b> Alcozar sind selten, k\u00f6nnen aber leichte Magen-Darm-Beschwerden umfassen. Wenn unerw\u00fcnschte Reaktionen auftreten, ist es ratsam, einen Arzt zu konsultieren.<\/p>\n\n\n\n<p>Es ist auch notwendig, <b>die Kontraindikationen von<\/b> Alcozar zu beachten. Zun\u00e4chst einmal sollte diese Erg\u00e4nzung nicht von Personen verwendet werden, die auf einen der Inhaltsstoffe allergisch sind. Dar\u00fcber hinaus ist Alcozar nicht geeignet f\u00fcr Personen unter 18 Jahren und Personen mit schweren medizinischen Erkrankungen.<\/p>\n","protected":false},"excerpt":{"rendered":"<p><strong>49.00 \u20ac<\/strong><\/p>\n<p><del>98.00 \u20ac<\/del><\/p>\n<p><strong>[date_countdown]<\/strong><\/p>\n","protected":false},"featured_media":6013,"comment_status":"open","ping_status":"closed","template":"","meta":{"neve_meta_sidebar":"","neve_meta_container":"","neve_meta_enable_content_width":"","neve_meta_content_width":0,"neve_meta_title_alignment":"","neve_meta_author_avatar":"","neve_post_elements_order":"","neve_meta_disable_header":"","neve_meta_disable_footer":"","neve_meta_disable_title":"","neve_meta_reading_time":""},"product_brand":[],"product_cat":[33],"product_tag":[],"class_list":{"0":"post-6028","1":"product","2":"type-product","3":"status-publish","4":"has-post-thumbnail","6":"product_cat-gesundheit","8":"first","9":"instock","10":"shipping-taxable","11":"product-type-external"},"yoast_head":"<!-- This site is optimized with the Yoast SEO plugin v27.4 - https:\/\/yoast.com\/product\/yoast-seo-wordpress\/ -->\n<title>Alcozar - Clinica Althea<\/title>\n<meta name=\"robots\" content=\"index, follow, max-snippet:-1, max-image-preview:large, max-video-preview:-1\" \/>\n<link rel=\"canonical\" href=\"https:\/\/www.clinicaalthea.com\/farmacia\/de\/apt\/alcozar\/\" \/>\n<meta property=\"og:locale\" content=\"pl_PL\" \/>\n<meta property=\"og:type\" content=\"article\" \/>\n<meta property=\"og:title\" content=\"Alcozar - Clinica Althea\" \/>\n<meta property=\"og:description\" content=\"49.00 \u20ac 98.00 \u20ac\" \/>\n<meta property=\"og:url\" content=\"https:\/\/www.clinicaalthea.com\/farmacia\/de\/apt\/alcozar\/\" \/>\n<meta property=\"og:site_name\" content=\"Clinica Althea\" \/>\n<meta property=\"article:modified_time\" content=\"2024-07-17T07:44:31+00:00\" \/>\n<meta property=\"og:image\" content=\"https:\/\/www.clinicaalthea.com\/farmacia\/wp-content\/uploads\/2024\/07\/Alcozar.jpg\" \/>\n\t<meta property=\"og:image:width\" content=\"768\" \/>\n\t<meta property=\"og:image:height\" content=\"768\" \/>\n\t<meta property=\"og:image:type\" content=\"image\/jpeg\" \/>\n<meta name=\"twitter:card\" content=\"summary_large_image\" \/>\n<meta name=\"twitter:label1\" content=\"Szacowany czas czytania\" \/>\n\t<meta name=\"twitter:data1\" content=\"9 minut\" \/>\n<script type=\"application\/ld+json\" class=\"yoast-schema-graph\">{\"@context\":\"https:\\\/\\\/schema.org\",\"@graph\":[{\"@type\":\"WebPage\",\"@id\":\"https:\\\/\\\/www.clinicaalthea.com\\\/farmacia\\\/de\\\/apt\\\/alcozar\\\/\",\"url\":\"https:\\\/\\\/www.clinicaalthea.com\\\/farmacia\\\/de\\\/apt\\\/alcozar\\\/\",\"name\":\"Alcozar - Clinica Althea\",\"isPartOf\":{\"@id\":\"https:\\\/\\\/www.clinicaalthea.com\\\/farmacia\\\/#website\"},\"primaryImageOfPage\":{\"@id\":\"https:\\\/\\\/www.clinicaalthea.com\\\/farmacia\\\/de\\\/apt\\\/alcozar\\\/#primaryimage\"},\"image\":{\"@id\":\"https:\\\/\\\/www.clinicaalthea.com\\\/farmacia\\\/de\\\/apt\\\/alcozar\\\/#primaryimage\"},\"thumbnailUrl\":\"https:\\\/\\\/www.clinicaalthea.com\\\/farmacia\\\/wp-content\\\/uploads\\\/2024\\\/07\\\/Alcozar.jpg\",\"datePublished\":\"2024-07-17T07:27:41+00:00\",\"dateModified\":\"2024-07-17T07:44:31+00:00\",\"breadcrumb\":{\"@id\":\"https:\\\/\\\/www.clinicaalthea.com\\\/farmacia\\\/de\\\/apt\\\/alcozar\\\/#breadcrumb\"},\"inLanguage\":\"pl-PL\",\"potentialAction\":[{\"@type\":\"ReadAction\",\"target\":[\"https:\\\/\\\/www.clinicaalthea.com\\\/farmacia\\\/de\\\/apt\\\/alcozar\\\/\"]}]},{\"@type\":\"ImageObject\",\"inLanguage\":\"pl-PL\",\"@id\":\"https:\\\/\\\/www.clinicaalthea.com\\\/farmacia\\\/de\\\/apt\\\/alcozar\\\/#primaryimage\",\"url\":\"https:\\\/\\\/www.clinicaalthea.com\\\/farmacia\\\/wp-content\\\/uploads\\\/2024\\\/07\\\/Alcozar.jpg\",\"contentUrl\":\"https:\\\/\\\/www.clinicaalthea.com\\\/farmacia\\\/wp-content\\\/uploads\\\/2024\\\/07\\\/Alcozar.jpg\",\"width\":768,\"height\":768,\"caption\":\"Alcozar\"},{\"@type\":\"BreadcrumbList\",\"@id\":\"https:\\\/\\\/www.clinicaalthea.com\\\/farmacia\\\/de\\\/apt\\\/alcozar\\\/#breadcrumb\",\"itemListElement\":[{\"@type\":\"ListItem\",\"position\":1,\"name\":\"Strona g\u0142\u00f3wna\",\"item\":\"https:\\\/\\\/www.clinicaalthea.com\\\/farmacia\\\/\"},{\"@type\":\"ListItem\",\"position\":2,\"name\":\"Produkty\",\"item\":\"https:\\\/\\\/www.clinicaalthea.com\\\/farmacia\\\/\"},{\"@type\":\"ListItem\",\"position\":3,\"name\":\"Alcozar\"}]},{\"@type\":\"WebSite\",\"@id\":\"https:\\\/\\\/www.clinicaalthea.com\\\/farmacia\\\/#website\",\"url\":\"https:\\\/\\\/www.clinicaalthea.com\\\/farmacia\\\/\",\"name\":\"Clinica Althea\",\"description\":\"\",\"publisher\":{\"@id\":\"https:\\\/\\\/www.clinicaalthea.com\\\/farmacia\\\/#organization\"},\"potentialAction\":[{\"@type\":\"SearchAction\",\"target\":{\"@type\":\"EntryPoint\",\"urlTemplate\":\"https:\\\/\\\/www.clinicaalthea.com\\\/farmacia\\\/?s={search_term_string}\"},\"query-input\":{\"@type\":\"PropertyValueSpecification\",\"valueRequired\":true,\"valueName\":\"search_term_string\"}}],\"inLanguage\":\"pl-PL\"},{\"@type\":\"Organization\",\"@id\":\"https:\\\/\\\/www.clinicaalthea.com\\\/farmacia\\\/#organization\",\"name\":\"Clinica Althea\",\"url\":\"https:\\\/\\\/www.clinicaalthea.com\\\/farmacia\\\/\",\"logo\":{\"@type\":\"ImageObject\",\"inLanguage\":\"pl-PL\",\"@id\":\"https:\\\/\\\/www.clinicaalthea.com\\\/farmacia\\\/#\\\/schema\\\/logo\\\/image\\\/\",\"url\":\"https:\\\/\\\/www.clinicaalthea.com\\\/farmacia\\\/wp-content\\\/uploads\\\/2023\\\/12\\\/Jak-diagnozuje-sie-FAS_-objawy-kryteria-diagnostyczne-i-metody-diagnozowania-154162903.jpg\",\"contentUrl\":\"https:\\\/\\\/www.clinicaalthea.com\\\/farmacia\\\/wp-content\\\/uploads\\\/2023\\\/12\\\/Jak-diagnozuje-sie-FAS_-objawy-kryteria-diagnostyczne-i-metody-diagnozowania-154162903.jpg\",\"width\":1216,\"height\":832,\"caption\":\"Clinica Althea\"},\"image\":{\"@id\":\"https:\\\/\\\/www.clinicaalthea.com\\\/farmacia\\\/#\\\/schema\\\/logo\\\/image\\\/\"}}]}<\/script>\n<!-- \/ Yoast SEO plugin. -->","yoast_head_json":{"title":"Alcozar - Clinica Althea","robots":{"index":"index","follow":"follow","max-snippet":"max-snippet:-1","max-image-preview":"max-image-preview:large","max-video-preview":"max-video-preview:-1"},"canonical":"https:\/\/www.clinicaalthea.com\/farmacia\/de\/apt\/alcozar\/","og_locale":"pl_PL","og_type":"article","og_title":"Alcozar - Clinica Althea","og_description":"49.00 \u20ac 98.00 \u20ac","og_url":"https:\/\/www.clinicaalthea.com\/farmacia\/de\/apt\/alcozar\/","og_site_name":"Clinica Althea","article_modified_time":"2024-07-17T07:44:31+00:00","og_image":[{"width":768,"height":768,"url":"https:\/\/www.clinicaalthea.com\/farmacia\/wp-content\/uploads\/2024\/07\/Alcozar.jpg","type":"image\/jpeg"}],"twitter_card":"summary_large_image","twitter_misc":{"Szacowany czas czytania":"9 minut"},"schema":{"@context":"https:\/\/schema.org","@graph":[{"@type":"WebPage","@id":"https:\/\/www.clinicaalthea.com\/farmacia\/de\/apt\/alcozar\/","url":"https:\/\/www.clinicaalthea.com\/farmacia\/de\/apt\/alcozar\/","name":"Alcozar - Clinica Althea","isPartOf":{"@id":"https:\/\/www.clinicaalthea.com\/farmacia\/#website"},"primaryImageOfPage":{"@id":"https:\/\/www.clinicaalthea.com\/farmacia\/de\/apt\/alcozar\/#primaryimage"},"image":{"@id":"https:\/\/www.clinicaalthea.com\/farmacia\/de\/apt\/alcozar\/#primaryimage"},"thumbnailUrl":"https:\/\/www.clinicaalthea.com\/farmacia\/wp-content\/uploads\/2024\/07\/Alcozar.jpg","datePublished":"2024-07-17T07:27:41+00:00","dateModified":"2024-07-17T07:44:31+00:00","breadcrumb":{"@id":"https:\/\/www.clinicaalthea.com\/farmacia\/de\/apt\/alcozar\/#breadcrumb"},"inLanguage":"pl-PL","potentialAction":[{"@type":"ReadAction","target":["https:\/\/www.clinicaalthea.com\/farmacia\/de\/apt\/alcozar\/"]}]},{"@type":"ImageObject","inLanguage":"pl-PL","@id":"https:\/\/www.clinicaalthea.com\/farmacia\/de\/apt\/alcozar\/#primaryimage","url":"https:\/\/www.clinicaalthea.com\/farmacia\/wp-content\/uploads\/2024\/07\/Alcozar.jpg","contentUrl":"https:\/\/www.clinicaalthea.com\/farmacia\/wp-content\/uploads\/2024\/07\/Alcozar.jpg","width":768,"height":768,"caption":"Alcozar"},{"@type":"BreadcrumbList","@id":"https:\/\/www.clinicaalthea.com\/farmacia\/de\/apt\/alcozar\/#breadcrumb","itemListElement":[{"@type":"ListItem","position":1,"name":"Strona g\u0142\u00f3wna","item":"https:\/\/www.clinicaalthea.com\/farmacia\/"},{"@type":"ListItem","position":2,"name":"Produkty","item":"https:\/\/www.clinicaalthea.com\/farmacia\/"},{"@type":"ListItem","position":3,"name":"Alcozar"}]},{"@type":"WebSite","@id":"https:\/\/www.clinicaalthea.com\/farmacia\/#website","url":"https:\/\/www.clinicaalthea.com\/farmacia\/","name":"Clinica Althea","description":"","publisher":{"@id":"https:\/\/www.clinicaalthea.com\/farmacia\/#organization"},"potentialAction":[{"@type":"SearchAction","target":{"@type":"EntryPoint","urlTemplate":"https:\/\/www.clinicaalthea.com\/farmacia\/?s={search_term_string}"},"query-input":{"@type":"PropertyValueSpecification","valueRequired":true,"valueName":"search_term_string"}}],"inLanguage":"pl-PL"},{"@type":"Organization","@id":"https:\/\/www.clinicaalthea.com\/farmacia\/#organization","name":"Clinica Althea","url":"https:\/\/www.clinicaalthea.com\/farmacia\/","logo":{"@type":"ImageObject","inLanguage":"pl-PL","@id":"https:\/\/www.clinicaalthea.com\/farmacia\/#\/schema\/logo\/image\/","url":"https:\/\/www.clinicaalthea.com\/farmacia\/wp-content\/uploads\/2023\/12\/Jak-diagnozuje-sie-FAS_-objawy-kryteria-diagnostyczne-i-metody-diagnozowania-154162903.jpg","contentUrl":"https:\/\/www.clinicaalthea.com\/farmacia\/wp-content\/uploads\/2023\/12\/Jak-diagnozuje-sie-FAS_-objawy-kryteria-diagnostyczne-i-metody-diagnozowania-154162903.jpg","width":1216,"height":832,"caption":"Clinica Althea"},"image":{"@id":"https:\/\/www.clinicaalthea.com\/farmacia\/#\/schema\/logo\/image\/"}}]}},"lang":"de","translations":{"de":6028,"pl":6012,"cs":6015,"sk":6020,"ro":6022,"it":6024,"es":6026,"hu":6048,"nl":6050,"fr":6052,"pt":6054,"sl":6056,"lt":6059,"lv":6061,"el":6063,"bg":6065},"pll_sync_post":[],"_links":{"self":[{"href":"https:\/\/www.clinicaalthea.com\/farmacia\/wp-json\/wp\/v2\/product\/6028","targetHints":{"allow":["GET"]}}],"collection":[{"href":"https:\/\/www.clinicaalthea.com\/farmacia\/wp-json\/wp\/v2\/product"}],"about":[{"href":"https:\/\/www.clinicaalthea.com\/farmacia\/wp-json\/wp\/v2\/types\/product"}],"replies":[{"embeddable":true,"href":"https:\/\/www.clinicaalthea.com\/farmacia\/wp-json\/wp\/v2\/comments?post=6028"}],"wp:featuredmedia":[{"embeddable":true,"href":"https:\/\/www.clinicaalthea.com\/farmacia\/wp-json\/wp\/v2\/media\/6013"}],"wp:attachment":[{"href":"https:\/\/www.clinicaalthea.com\/farmacia\/wp-json\/wp\/v2\/media?parent=6028"}],"wp:term":[{"taxonomy":"product_brand","embeddable":true,"href":"https:\/\/www.clinicaalthea.com\/farmacia\/wp-json\/wp\/v2\/product_brand?post=6028"},{"taxonomy":"product_cat","embeddable":true,"href":"https:\/\/www.clinicaalthea.com\/farmacia\/wp-json\/wp\/v2\/product_cat?post=6028"},{"taxonomy":"product_tag","embeddable":true,"href":"https:\/\/www.clinicaalthea.com\/farmacia\/wp-json\/wp\/v2\/product_tag?post=6028"}],"curies":[{"name":"wp","href":"https:\/\/api.w.org\/{rel}","templated":true}]}}