{"id":5660,"date":"2024-05-23T15:24:46","date_gmt":"2024-05-23T14:24:46","guid":{"rendered":"https:\/\/mayoguide.org\/produkty\/?post_type=product&#038;p=5660"},"modified":"2024-05-28T22:26:27","modified_gmt":"2024-05-28T21:26:27","slug":"thyrolin","status":"publish","type":"product","link":"https:\/\/www.clinicaalthea.com\/farmacia\/de\/apt\/thyrolin\/","title":{"rendered":"Thyrolin"},"content":{"rendered":"\n<h2 class=\"wp-block-heading\" id=\"h-co-to-jest-thyrolin-i-jak-dziala\">Was ist Thyrolin und wie wirkt es?<\/h2>\n\n\n\n<p>Thyrolin ist ein <b>Nahrungserg\u00e4nzungsmittel<\/b> mit einer einzigartigen Formel, die die Schilddr\u00fcsenfunktion unterst\u00fctzt, indem sie die Produktion von Schilddr\u00fcsenhormonen erh\u00f6ht. Seine <b>Inhaltsstoffe<\/b> verbessern den Stoffwechsel, die <b>Verdauung<\/b> und die Kontrolle des Appetits. Mit dieser Erg\u00e4nzung kann der K\u00f6rper effizienter arbeiten und das hormonelle Gleichgewicht aufrechterhalten.<\/p>\n\n\n\n<p>Es enth\u00e4lt eine speziell ausgew\u00e4hlte Reihe von Inhaltsstoffen, die sich positiv auf die Schilddr\u00fcsenfunktion auswirken. Ashwagandha und Bacopa monnieri unterst\u00fctzen die Produktion von Schilddr\u00fcsenhormonen, was zur Aufrechterhaltung eines normalen Stoffwechsels beitr\u00e4gt. Dar\u00fcber hinaus beeinflussen Selen und Jod den Stoffwechsel und erh\u00f6hen die metabolische Rate. Zu den Inhaltsstoffen von Thyrolin geh\u00f6ren auch Kupfer und B-Vitamine, die die <b>Verdauung<\/b> unterst\u00fctzen und zur Aufrechterhaltung des hormonellen Gleichgewichts beitragen.<\/p>\n\n\n\n<p><b>Die Wirkung von<\/b> Thyrolin besteht darin, den K\u00f6rper mit essentiellen Substanzen zu versorgen, die bei der Produktion von Schilddr\u00fcsenhormonen helfen. Diese Hormone sind \u00e4u\u00dferst wichtig f\u00fcr viele Prozesse in unserem K\u00f6rper, einschlie\u00dflich der Regulierung des <b>Stoffwechsels<\/b>, der Kontrolle des Appetits, der Beeinflussung des Energieniveaus und der allgemeinen Gesundheit. Die <b>Einnahme<\/b> von Thyrolin unterst\u00fctzt das ordnungsgem\u00e4\u00dfe Funktionieren der Schilddr\u00fcse, was sich in einer erh\u00f6hten Leistungsf\u00e4higkeit des K\u00f6rpers und der Aufrechterhaltung eines gesunden Lebensstils niederschl\u00e4gt.<\/p>\n\n\n\n<h2 class=\"wp-block-heading\" id=\"h-korzysci-ze-stosowania-thyrolin-efekty\">Vorteile von Thyrolin &#8211; Wirkungen<\/h2>\n\n\n\n<p>Die regelm\u00e4\u00dfige <b>Einnahme<\/b> des Nahrungserg\u00e4nzungsmittels Thyrolin bietet eine Reihe von <b>Vorteilen<\/b> f\u00fcr die Gesundheit der Schilddr\u00fcse und das allgemeine Wohlbefinden. Dank seiner speziell ausgew\u00e4hlten Inhaltsstoffe unterst\u00fctzt Thyrolin die Produktion von Schilddr\u00fcsenhormonen und tr\u00e4gt zur Verbesserung der Funktion dieser wichtigen Dr\u00fcse bei.<\/p>\n\n\n\n<p>Die Wirkung von Thyrolin auf die Schilddr\u00fcse bringt viele <b>Vorteile<\/b> f\u00fcr den gesamten K\u00f6rper mit sich. Hier sind die wichtigsten Auswirkungen einer regelm\u00e4\u00dfigen Einnahme von Thyrolin:<\/p>\n\n\n\n<ol class=\"wp-block-list\">\n<li>Erh\u00f6hter Stoffwechsel: Hilft bei der Regulierung des Stoffwechsels, was zur Gewichtsabnahme und zur Erhaltung eines gesunden K\u00f6rpergewichts beitragen kann.<\/li>\n\n\n\n<li>Verbesserte Verdauung: <b>Die in<\/b> Thyrolin enthaltenen <b>Inhaltsstoffe<\/b> unterst\u00fctzen die ordnungsgem\u00e4\u00dfe Funktion des Verdauungssystems, was zu einer besseren Aufnahme von N\u00e4hrstoffen f\u00fchrt und Verdauungsproblemen vorbeugt.<\/li>\n\n\n\n<li><b>Appetitkontrolle<\/b>: Das Nahrungserg\u00e4nzungsmittel Thyrolin hilft bei der Aufrechterhaltung einer gesunden Appetitkontrolle, was besonders f\u00fcr diejenigen von Vorteil sein kann, die mit Gewichtsproblemen und \u00fcberm\u00e4\u00dfigem Essen zu k\u00e4mpfen haben.<\/li>\n\n\n\n<li><b>Gesundes Herz<\/b>: Die <b>Inhaltsstoffe<\/b> k\u00f6nnen sich positiv auf die <b>Gesundheit<\/b> des Herzens auswirken, indem sie die kardiovaskul\u00e4re <b>Gesundheit<\/b> verbessern und die Entwicklung von Herzkrankheiten verhindern.<\/li>\n<\/ol>\n\n\n\n<p>Mit seiner ausgewogenen Formel und den nat\u00fcrlichen Inhaltsstoffen ist Thyrolin sicher und wirksam bei der Unterst\u00fctzung der Schilddr\u00fcsengesundheit. Die regelm\u00e4\u00dfige Einnahme des Nahrungserg\u00e4nzungsmittels kann unserem K\u00f6rper erhebliche Vorteile bringen.<\/p>\n\n\n\n<h2 class=\"wp-block-heading\" id=\"h-jak-prawidlowo-stosowac-thyrolin-dawkowanie\">So verwenden Sie Thyrolin richtig &#8211; Dosierung<\/h2>\n\n\n\n<p>Um die besten Ergebnisse zu erzielen, wird empfohlen, Thyrolin gem\u00e4\u00df den Empfehlungen des Herstellers zu verwenden. Es ist wichtig, die richtige Dosierung einzuhalten, um eine optimale Unterst\u00fctzung der Schilddr\u00fcsengesundheit zu gew\u00e4hrleisten.<\/p>\n\n\n\n<ol class=\"wp-block-list\">\n<li>Einnahme einer Kapsel pro Tag: In der Regel wird empfohlen, Thyrolin einmal pro Tag einzunehmen. Der beste Zeitpunkt f\u00fcr die Einnahme der Kapsel ist w\u00e4hrend einer Mahlzeit, um die Aufnahme der Inhaltsstoffe zu erleichtern und die optimale <b>Wirkung des<\/b> Erg\u00e4nzungsmittels zu gew\u00e4hrleisten.<\/li>\n\n\n\n<li>Aufrechterhaltung eines gesunden Lebensstils: Neben der regelm\u00e4\u00dfigen Einnahme von Thyrolin ist es auch wichtig, einen gesunden und ausgewogenen Lebensstil zu pflegen. Regelm\u00e4\u00dfige k\u00f6rperliche Bet\u00e4tigung und eine gesunde Ern\u00e4hrung k\u00f6nnen die Schilddr\u00fcsenfunktion unterst\u00fctzen und die allgemeine Gesundheit verbessern.<\/li>\n\n\n\n<li>R\u00fccksprache mit dem Arzt: Es ist immer ratsam, Ihren Arzt zu konsultieren, bevor Sie mit der Einnahme eines Nahrungserg\u00e4nzungsmittels beginnen, insbesondere wenn Sie an chronischen Krankheiten leiden. Ihr Arzt wird in der Lage sein, die <b>Dosierung von<\/b> Thyrolin an Ihre individuellen Bed\u00fcrfnisse und Ihren Zustand anzupassen.<\/li>\n<\/ol>\n\n\n\n<p>Wenn Sie die Dosierungsempfehlungen f\u00fcr Thyrolin befolgen und einen gesunden Lebensstil beibehalten, k\u00f6nnen Sie eine optimale Schilddr\u00fcsengesundheit und allgemeine Gesundheit sicherstellen.<\/p>\n\n\n\n<figure class=\"wp-block-table\"><table><tbody><tr><th>Dosis<\/th><th>Art der Verabreichung<\/th><\/tr><tr><td>1 Kapsel pro Tag<\/td><td>W\u00e4hrend der Mahlzeit<\/td><\/tr><\/tbody><\/table><\/figure>\n\n\n\n<h2 class=\"wp-block-heading\" id=\"h-thyrolin-opinie-i-recenzje-forum\">Thyrolin &#8211; Meinungen und Bewertungen, Forum<\/h2>\n\n\n\n<p>In verschiedenen <b>Gesundheitsforen<\/b> findet man viele positive Meinungen und Bewertungen \u00fcber Thyrolin. Die Nutzer betonen die Wirksamkeit des Pr\u00e4parats bei der Verbesserung der Schilddr\u00fcsenfunktion und des allgemeinen Wohlbefindens. Die <b>Meinungen<\/b> und <b>Bewertungen<\/b> anderer k\u00f6nnen eine wertvolle Informationsquelle f\u00fcr potenzielle Thyrolin-Benutzer sein.<\/p>\n\n\n\n<p>Unter den Nutzern des <b>Forums<\/b>, die Thyrolin verwendet haben, haben viele die positiven Auswirkungen der Erg\u00e4nzung auf die Schilddr\u00fcsenfunktion festgestellt. Viele haben eine Verbesserung ihrer Stimmung, mehr Energie und weniger M\u00fcdigkeitsgef\u00fchle festgestellt. Diese <b>Bewertungen<\/b> best\u00e4tigen die Wirksamkeit von Thyrolin bei der Unterst\u00fctzung der Schilddr\u00fcsengesundheit.<\/p>\n\n\n\n<blockquote class=\"wp-block-quote is-layout-flow wp-block-quote-is-layout-flow\">\n<p>&#8220;Thyrolin ist die beste Erg\u00e4nzung, die ich zur Verbesserung meiner Schilddr\u00fcsenfunktion verwendet habe. Nachdem ich es ein paar Wochen lang regelm\u00e4\u00dfig eingenommen habe, habe ich einen gro\u00dfen Unterschied in meiner Stimmung festgestellt. Ich f\u00fchle mich energiegeladener und konzentrierter. Ich kann es nur empfehlen!&#8221; &#8211; Anna<\/p>\n<\/blockquote>\n\n\n\n<p>Das <b>Gesundheitsforum<\/b> ist auch ein gro\u00dfartiger Ort, um Thyrolin-Bewertungen von anderen Benutzern zu finden. Viele Menschen haben ihre Erfolgsgeschichten geteilt und beschrieben, wie das Pr\u00e4parat ihnen geholfen hat, ihre Hormone wieder ins Gleichgewicht zu bringen und ihre Lebensqualit\u00e4t zu verbessern.<\/p>\n\n\n\n<h2 class=\"wp-block-heading\" id=\"h-thyrolin-sklad\">Thyrolin &#8211; Zusammensetzung<\/h2>\n\n\n\n<p><b>Die Zusammensetzung von<\/b> Thyrolin basiert auf 13 nat\u00fcrlichen Inhaltsstoffen, die die Schilddr\u00fcsenfunktion unterst\u00fctzen. Zu den wichtigsten Inhaltsstoffen geh\u00f6ren Ashwagandha, Bacopa monnieri, Kupfer, Selen, Jod und B-Vitamine. Diese Inhaltsstoffe haben nicht nur eine positive Wirkung auf die Schilddr\u00fcse, sondern auch auf die allgemeine Gesundheit des K\u00f6rpers.<\/p>\n\n\n\n<figure class=\"wp-block-table\"><table><tbody><tr><th>Name des Inhaltsstoffs<\/th><th>Aktion<\/th><\/tr><tr><td>Ashwagandha<\/td><td>Reduziert Stress und verbessert die mentale Verfassung<\/td><\/tr><tr><td>Bacopa monnieri<\/td><td>F\u00f6rdert Ged\u00e4chtnis und Konzentration<\/td><\/tr><tr><td>Kupfer<\/td><td>Unterst\u00fctzt die normale Produktion von Schilddr\u00fcsenhormonen<\/td><\/tr><tr><td>Selen<\/td><td>Sch\u00fctzt vor oxidativen Sch\u00e4den<\/td><\/tr><tr><td>Jod<\/td><td>St\u00e4rkt die Schilddr\u00fcse und beeinflusst die Hormonproduktion<\/td><\/tr><tr><td>B-Vitamine<\/td><td>Unterst\u00fctzung der ordnungsgem\u00e4\u00dfen Funktion des Nervensystems<\/td><\/tr><\/tbody><\/table><\/figure>\n\n\n\n<h2 class=\"wp-block-heading\" id=\"h-gdzie-kupic-i-ile-kosztuje-thyrolin-cena\">Wo kaufen und wie viel kostet Thyrolin &#8211; Preis<\/h2>\n\n\n\n<p>Es ist am besten, Thyrolin von der offiziellen Website des Herstellers zu kaufen, um sicherzustellen, dass Sie das Originalprodukt erhalten.<\/p>\n\n\n\n<p>Dar\u00fcber hinaus werden auf der offiziellen Website h\u00e4ufig Werbeaktionen und Rabatte angeboten, um den Preis zu senken.<\/p>\n\n\n\n<p><b>Der Preis von<\/b> Thyrolin kann je nach Anzahl der Packungen variieren, aber es lohnt sich immer, in die <b>Gesundheit<\/b> der Schilddr\u00fcse zu investieren.<\/p>\n\n\n\n<h2 class=\"wp-block-heading\" id=\"h-potencjalne-skutki-uboczne-i-przeciwwskazania-thyrolin\">M\u00f6gliche Nebenwirkungen und Kontraindikationen von Thyrolin<\/h2>\n\n\n\n<p>Bei der Einnahme von Thyrolin sind die m\u00f6glichen <b>Nebenwirkungen<\/b> minimal, da das Pr\u00e4parat auf einer nat\u00fcrlichen Zusammensetzung beruht. Es ist jedoch immer ratsam, vor Beginn der Einnahme \u00e4rztlichen Rat einzuholen, insbesondere bei chronischen Erkrankungen. Medizinische Hilfe kann helfen, m\u00f6gliche allergische Reaktionen oder Wechselwirkungen mit anderen Medikamenten zu erkennen.<\/p>\n\n\n\n<p><b>Kontraindikationen<\/b> f\u00fcr die Verwendung von Thyrolin sind begrenzt, jedoch gibt es einige Situationen, in denen die Einnahme der Erg\u00e4nzung nicht empfohlen wird. Menschen mit Allergien gegen einen der Inhaltsstoffe von Thyrolin sollten es nicht einnehmen. Dar\u00fcber hinaus sollten schwangere und stillende Frauen ihren Arzt konsultieren, bevor sie das Pr\u00e4parat einnehmen.<\/p>\n\n\n\n<p>Es ist wichtig, Thyrolin gem\u00e4\u00df den Empfehlungen des Herstellers einzunehmen und Ihre Gesundheit regelm\u00e4\u00dfig zu \u00fcberwachen. Wenn Sie nach der Einnahme des Nahrungserg\u00e4nzungsmittels unerw\u00fcnschte <b>Nebenwirkungen<\/b> oder allergische Reaktionen feststellen, brechen Sie die Einnahme sofort ab und konsultieren Sie Ihren Arzt.<\/p>\n","protected":false},"excerpt":{"rendered":"<p><strong>49.00 \u20ac<\/strong><\/p>\n<p><del>98.00 \u20ac<\/del><\/p>\n<p><strong>[date_countdown]<\/strong><\/p>\n","protected":false},"featured_media":5652,"comment_status":"open","ping_status":"closed","template":"","meta":{"neve_meta_sidebar":"","neve_meta_container":"","neve_meta_enable_content_width":"","neve_meta_content_width":0,"neve_meta_title_alignment":"","neve_meta_author_avatar":"","neve_post_elements_order":"","neve_meta_disable_header":"","neve_meta_disable_footer":"","neve_meta_disable_title":"","neve_meta_reading_time":""},"product_brand":[],"product_cat":[33],"product_tag":[],"class_list":{"0":"post-5660","1":"product","2":"type-product","3":"status-publish","4":"has-post-thumbnail","6":"product_cat-gesundheit","8":"first","9":"instock","10":"shipping-taxable","11":"product-type-external"},"yoast_head":"<!-- This site is optimized with the Yoast SEO plugin v27.4 - https:\/\/yoast.com\/product\/yoast-seo-wordpress\/ -->\n<title>Thyrolin - Clinica Althea<\/title>\n<meta name=\"robots\" content=\"index, follow, max-snippet:-1, max-image-preview:large, max-video-preview:-1\" \/>\n<link rel=\"canonical\" href=\"https:\/\/www.clinicaalthea.com\/farmacia\/de\/apt\/thyrolin\/\" \/>\n<meta property=\"og:locale\" content=\"pl_PL\" \/>\n<meta property=\"og:type\" content=\"article\" \/>\n<meta property=\"og:title\" content=\"Thyrolin - Clinica Althea\" \/>\n<meta property=\"og:description\" content=\"49.00 \u20ac 98.00 \u20ac\" \/>\n<meta property=\"og:url\" content=\"https:\/\/www.clinicaalthea.com\/farmacia\/de\/apt\/thyrolin\/\" \/>\n<meta property=\"og:site_name\" content=\"Clinica Althea\" \/>\n<meta property=\"article:modified_time\" content=\"2024-05-28T21:26:27+00:00\" \/>\n<meta property=\"og:image\" content=\"https:\/\/www.clinicaalthea.com\/farmacia\/wp-content\/uploads\/2024\/05\/Thyrolin.jpg\" \/>\n\t<meta property=\"og:image:width\" content=\"768\" \/>\n\t<meta property=\"og:image:height\" content=\"768\" \/>\n\t<meta property=\"og:image:type\" content=\"image\/jpeg\" \/>\n<meta name=\"twitter:card\" content=\"summary_large_image\" \/>\n<meta name=\"twitter:label1\" content=\"Szacowany czas czytania\" \/>\n\t<meta name=\"twitter:data1\" content=\"7 minut\" \/>\n<script type=\"application\/ld+json\" class=\"yoast-schema-graph\">{\"@context\":\"https:\\\/\\\/schema.org\",\"@graph\":[{\"@type\":\"WebPage\",\"@id\":\"https:\\\/\\\/www.clinicaalthea.com\\\/farmacia\\\/de\\\/apt\\\/thyrolin\\\/\",\"url\":\"https:\\\/\\\/www.clinicaalthea.com\\\/farmacia\\\/de\\\/apt\\\/thyrolin\\\/\",\"name\":\"Thyrolin - Clinica Althea\",\"isPartOf\":{\"@id\":\"https:\\\/\\\/www.clinicaalthea.com\\\/farmacia\\\/#website\"},\"primaryImageOfPage\":{\"@id\":\"https:\\\/\\\/www.clinicaalthea.com\\\/farmacia\\\/de\\\/apt\\\/thyrolin\\\/#primaryimage\"},\"image\":{\"@id\":\"https:\\\/\\\/www.clinicaalthea.com\\\/farmacia\\\/de\\\/apt\\\/thyrolin\\\/#primaryimage\"},\"thumbnailUrl\":\"https:\\\/\\\/www.clinicaalthea.com\\\/farmacia\\\/wp-content\\\/uploads\\\/2024\\\/05\\\/Thyrolin.jpg\",\"datePublished\":\"2024-05-23T14:24:46+00:00\",\"dateModified\":\"2024-05-28T21:26:27+00:00\",\"breadcrumb\":{\"@id\":\"https:\\\/\\\/www.clinicaalthea.com\\\/farmacia\\\/de\\\/apt\\\/thyrolin\\\/#breadcrumb\"},\"inLanguage\":\"pl-PL\",\"potentialAction\":[{\"@type\":\"ReadAction\",\"target\":[\"https:\\\/\\\/www.clinicaalthea.com\\\/farmacia\\\/de\\\/apt\\\/thyrolin\\\/\"]}]},{\"@type\":\"ImageObject\",\"inLanguage\":\"pl-PL\",\"@id\":\"https:\\\/\\\/www.clinicaalthea.com\\\/farmacia\\\/de\\\/apt\\\/thyrolin\\\/#primaryimage\",\"url\":\"https:\\\/\\\/www.clinicaalthea.com\\\/farmacia\\\/wp-content\\\/uploads\\\/2024\\\/05\\\/Thyrolin.jpg\",\"contentUrl\":\"https:\\\/\\\/www.clinicaalthea.com\\\/farmacia\\\/wp-content\\\/uploads\\\/2024\\\/05\\\/Thyrolin.jpg\",\"width\":768,\"height\":768,\"caption\":\"Thyrolin\"},{\"@type\":\"BreadcrumbList\",\"@id\":\"https:\\\/\\\/www.clinicaalthea.com\\\/farmacia\\\/de\\\/apt\\\/thyrolin\\\/#breadcrumb\",\"itemListElement\":[{\"@type\":\"ListItem\",\"position\":1,\"name\":\"Strona g\u0142\u00f3wna\",\"item\":\"https:\\\/\\\/www.clinicaalthea.com\\\/farmacia\\\/\"},{\"@type\":\"ListItem\",\"position\":2,\"name\":\"Produkty\",\"item\":\"https:\\\/\\\/www.clinicaalthea.com\\\/farmacia\\\/\"},{\"@type\":\"ListItem\",\"position\":3,\"name\":\"Thyrolin\"}]},{\"@type\":\"WebSite\",\"@id\":\"https:\\\/\\\/www.clinicaalthea.com\\\/farmacia\\\/#website\",\"url\":\"https:\\\/\\\/www.clinicaalthea.com\\\/farmacia\\\/\",\"name\":\"Clinica Althea\",\"description\":\"\",\"publisher\":{\"@id\":\"https:\\\/\\\/www.clinicaalthea.com\\\/farmacia\\\/#organization\"},\"potentialAction\":[{\"@type\":\"SearchAction\",\"target\":{\"@type\":\"EntryPoint\",\"urlTemplate\":\"https:\\\/\\\/www.clinicaalthea.com\\\/farmacia\\\/?s={search_term_string}\"},\"query-input\":{\"@type\":\"PropertyValueSpecification\",\"valueRequired\":true,\"valueName\":\"search_term_string\"}}],\"inLanguage\":\"pl-PL\"},{\"@type\":\"Organization\",\"@id\":\"https:\\\/\\\/www.clinicaalthea.com\\\/farmacia\\\/#organization\",\"name\":\"Clinica Althea\",\"url\":\"https:\\\/\\\/www.clinicaalthea.com\\\/farmacia\\\/\",\"logo\":{\"@type\":\"ImageObject\",\"inLanguage\":\"pl-PL\",\"@id\":\"https:\\\/\\\/www.clinicaalthea.com\\\/farmacia\\\/#\\\/schema\\\/logo\\\/image\\\/\",\"url\":\"https:\\\/\\\/www.clinicaalthea.com\\\/farmacia\\\/wp-content\\\/uploads\\\/2023\\\/12\\\/Jak-diagnozuje-sie-FAS_-objawy-kryteria-diagnostyczne-i-metody-diagnozowania-154162903.jpg\",\"contentUrl\":\"https:\\\/\\\/www.clinicaalthea.com\\\/farmacia\\\/wp-content\\\/uploads\\\/2023\\\/12\\\/Jak-diagnozuje-sie-FAS_-objawy-kryteria-diagnostyczne-i-metody-diagnozowania-154162903.jpg\",\"width\":1216,\"height\":832,\"caption\":\"Clinica Althea\"},\"image\":{\"@id\":\"https:\\\/\\\/www.clinicaalthea.com\\\/farmacia\\\/#\\\/schema\\\/logo\\\/image\\\/\"}}]}<\/script>\n<!-- \/ Yoast SEO plugin. -->","yoast_head_json":{"title":"Thyrolin - Clinica Althea","robots":{"index":"index","follow":"follow","max-snippet":"max-snippet:-1","max-image-preview":"max-image-preview:large","max-video-preview":"max-video-preview:-1"},"canonical":"https:\/\/www.clinicaalthea.com\/farmacia\/de\/apt\/thyrolin\/","og_locale":"pl_PL","og_type":"article","og_title":"Thyrolin - Clinica Althea","og_description":"49.00 \u20ac 98.00 \u20ac","og_url":"https:\/\/www.clinicaalthea.com\/farmacia\/de\/apt\/thyrolin\/","og_site_name":"Clinica Althea","article_modified_time":"2024-05-28T21:26:27+00:00","og_image":[{"width":768,"height":768,"url":"https:\/\/www.clinicaalthea.com\/farmacia\/wp-content\/uploads\/2024\/05\/Thyrolin.jpg","type":"image\/jpeg"}],"twitter_card":"summary_large_image","twitter_misc":{"Szacowany czas czytania":"7 minut"},"schema":{"@context":"https:\/\/schema.org","@graph":[{"@type":"WebPage","@id":"https:\/\/www.clinicaalthea.com\/farmacia\/de\/apt\/thyrolin\/","url":"https:\/\/www.clinicaalthea.com\/farmacia\/de\/apt\/thyrolin\/","name":"Thyrolin - Clinica Althea","isPartOf":{"@id":"https:\/\/www.clinicaalthea.com\/farmacia\/#website"},"primaryImageOfPage":{"@id":"https:\/\/www.clinicaalthea.com\/farmacia\/de\/apt\/thyrolin\/#primaryimage"},"image":{"@id":"https:\/\/www.clinicaalthea.com\/farmacia\/de\/apt\/thyrolin\/#primaryimage"},"thumbnailUrl":"https:\/\/www.clinicaalthea.com\/farmacia\/wp-content\/uploads\/2024\/05\/Thyrolin.jpg","datePublished":"2024-05-23T14:24:46+00:00","dateModified":"2024-05-28T21:26:27+00:00","breadcrumb":{"@id":"https:\/\/www.clinicaalthea.com\/farmacia\/de\/apt\/thyrolin\/#breadcrumb"},"inLanguage":"pl-PL","potentialAction":[{"@type":"ReadAction","target":["https:\/\/www.clinicaalthea.com\/farmacia\/de\/apt\/thyrolin\/"]}]},{"@type":"ImageObject","inLanguage":"pl-PL","@id":"https:\/\/www.clinicaalthea.com\/farmacia\/de\/apt\/thyrolin\/#primaryimage","url":"https:\/\/www.clinicaalthea.com\/farmacia\/wp-content\/uploads\/2024\/05\/Thyrolin.jpg","contentUrl":"https:\/\/www.clinicaalthea.com\/farmacia\/wp-content\/uploads\/2024\/05\/Thyrolin.jpg","width":768,"height":768,"caption":"Thyrolin"},{"@type":"BreadcrumbList","@id":"https:\/\/www.clinicaalthea.com\/farmacia\/de\/apt\/thyrolin\/#breadcrumb","itemListElement":[{"@type":"ListItem","position":1,"name":"Strona g\u0142\u00f3wna","item":"https:\/\/www.clinicaalthea.com\/farmacia\/"},{"@type":"ListItem","position":2,"name":"Produkty","item":"https:\/\/www.clinicaalthea.com\/farmacia\/"},{"@type":"ListItem","position":3,"name":"Thyrolin"}]},{"@type":"WebSite","@id":"https:\/\/www.clinicaalthea.com\/farmacia\/#website","url":"https:\/\/www.clinicaalthea.com\/farmacia\/","name":"Clinica Althea","description":"","publisher":{"@id":"https:\/\/www.clinicaalthea.com\/farmacia\/#organization"},"potentialAction":[{"@type":"SearchAction","target":{"@type":"EntryPoint","urlTemplate":"https:\/\/www.clinicaalthea.com\/farmacia\/?s={search_term_string}"},"query-input":{"@type":"PropertyValueSpecification","valueRequired":true,"valueName":"search_term_string"}}],"inLanguage":"pl-PL"},{"@type":"Organization","@id":"https:\/\/www.clinicaalthea.com\/farmacia\/#organization","name":"Clinica Althea","url":"https:\/\/www.clinicaalthea.com\/farmacia\/","logo":{"@type":"ImageObject","inLanguage":"pl-PL","@id":"https:\/\/www.clinicaalthea.com\/farmacia\/#\/schema\/logo\/image\/","url":"https:\/\/www.clinicaalthea.com\/farmacia\/wp-content\/uploads\/2023\/12\/Jak-diagnozuje-sie-FAS_-objawy-kryteria-diagnostyczne-i-metody-diagnozowania-154162903.jpg","contentUrl":"https:\/\/www.clinicaalthea.com\/farmacia\/wp-content\/uploads\/2023\/12\/Jak-diagnozuje-sie-FAS_-objawy-kryteria-diagnostyczne-i-metody-diagnozowania-154162903.jpg","width":1216,"height":832,"caption":"Clinica Althea"},"image":{"@id":"https:\/\/www.clinicaalthea.com\/farmacia\/#\/schema\/logo\/image\/"}}]}},"lang":"de","translations":{"de":5660,"pl":5651,"sv":5654,"ro":5656,"hu":5658,"es":5663,"fi":5665,"fr":5667,"it":5669,"nl":5671,"pt":5673},"pll_sync_post":[],"_links":{"self":[{"href":"https:\/\/www.clinicaalthea.com\/farmacia\/wp-json\/wp\/v2\/product\/5660","targetHints":{"allow":["GET"]}}],"collection":[{"href":"https:\/\/www.clinicaalthea.com\/farmacia\/wp-json\/wp\/v2\/product"}],"about":[{"href":"https:\/\/www.clinicaalthea.com\/farmacia\/wp-json\/wp\/v2\/types\/product"}],"replies":[{"embeddable":true,"href":"https:\/\/www.clinicaalthea.com\/farmacia\/wp-json\/wp\/v2\/comments?post=5660"}],"wp:featuredmedia":[{"embeddable":true,"href":"https:\/\/www.clinicaalthea.com\/farmacia\/wp-json\/wp\/v2\/media\/5652"}],"wp:attachment":[{"href":"https:\/\/www.clinicaalthea.com\/farmacia\/wp-json\/wp\/v2\/media?parent=5660"}],"wp:term":[{"taxonomy":"product_brand","embeddable":true,"href":"https:\/\/www.clinicaalthea.com\/farmacia\/wp-json\/wp\/v2\/product_brand?post=5660"},{"taxonomy":"product_cat","embeddable":true,"href":"https:\/\/www.clinicaalthea.com\/farmacia\/wp-json\/wp\/v2\/product_cat?post=5660"},{"taxonomy":"product_tag","embeddable":true,"href":"https:\/\/www.clinicaalthea.com\/farmacia\/wp-json\/wp\/v2\/product_tag?post=5660"}],"curies":[{"name":"wp","href":"https:\/\/api.w.org\/{rel}","templated":true}]}}