{"id":5598,"date":"2024-05-23T14:59:34","date_gmt":"2024-05-23T13:59:34","guid":{"rendered":"https:\/\/mayoguide.org\/produkty\/?post_type=product&#038;p=5598"},"modified":"2024-05-23T15:00:48","modified_gmt":"2024-05-23T14:00:48","slug":"semaxin","status":"publish","type":"product","link":"https:\/\/www.clinicaalthea.com\/farmacia\/fi\/apt\/semaxin\/","title":{"rendered":"Semaxin"},"content":{"rendered":"<h2 class=\"wp-block-heading\" id=\"h-czym-jest-semaxin-i-jak-dziala\">Mit\u00e4 Semaxin on ja miten se toimii?<\/h2>\n\n\n<p>Semaxin on luonnollinen <em>ravintolis\u00e4<\/em>, joka on suunniteltu erityisesti miehille tukemaan lis\u00e4\u00e4ntymiskyky\u00e4 ja voimaa. Tuote sis\u00e4lt\u00e4\u00e4 huolellisesti valittuja ainesosia, joilla on positiivinen vaikutus <em>miehen hedelm\u00e4llisyyteen<\/em> ja seksuaaliseen toimintaan.<\/p>\n\n\n<p>Semaxin toimii s\u00e4\u00e4telem\u00e4ll\u00e4 hormonaalisia prosesseja, stimuloimalla siitti\u00f6iden tuotantoa ja parantamalla siemennesteen laatua ja liikkuvuutta. Sen ainesosat ovat hyvin tasapainotettuja ja toimivat yhdess\u00e4 luoden synergistisen <b>vaikutuksen<\/b>, jonka avulla miehen <b>hedelm\u00e4llisyytt\u00e4<\/b> ja potenssia voidaan tukea luonnollisesti ilman, ett\u00e4 tarvitsee turvautua muihin, invasiivisempiin menetelmiin.<\/p>\n\n\n<h2 class=\"wp-block-heading\" id=\"h-efekty-stosowania-semaxin\">Semaxinin vaikutukset<\/h2>\n\n\n<p>Semaxin-ravintolis\u00e4n <b>k\u00e4yt\u00f6ll\u00e4<\/b> voi olla monia my\u00f6nteisi\u00e4 vaikutuksia miehen hedelm\u00e4llisyyteen ja potenssiin. T\u00e4m\u00e4 tuote on huolellisesti muotoiltu tukemaan kattavia etuja miehille. Seuraavassa on joitakin Semaxinin k\u00e4yt\u00f6n keskeisi\u00e4 vaikutuksia:<\/p>\n\n\n\n<ul class=\"wp-block-list\">\n<li>Spermatogeneesin tukeminen: Semaxin voi auttaa yll\u00e4pit\u00e4m\u00e4\u00e4n elimist\u00f6n normaalia siitti\u00f6iden tuotantoa. T\u00e4m\u00e4 voi lis\u00e4t\u00e4 hedelm\u00f6ittymismahdollisuuksia ja parantaa lis\u00e4\u00e4ntymiskyky\u00e4.<\/li>\n\n\n\n<li>Lis\u00e4t\u00e4 siemennesteen m\u00e4\u00e4r\u00e4\u00e4 ja laatua: Semaxinin ainesosien ansiosta siemennesteen m\u00e4\u00e4r\u00e4\u00e4 ja laatua voidaan parantaa. T\u00e4m\u00e4 voi vaikuttaa my\u00f6nteisesti hedelm\u00f6ittymisen ja alkion onnistuneen sijoittumisen mahdollisuuksiin.<\/li>\n\n\n\n<li>Tehon parantaminen: Semaxin voi tukea miesten kyky\u00e4 saavuttaa ja yll\u00e4pit\u00e4\u00e4 erektiota. T\u00e4m\u00e4 voi poistaa erektio-ongelmat, jotka voivat vaikuttaa seksuaaliseen tyydytykseen.<\/li>\n\n\n\n<li>Lis\u00e4\u00e4ntynyt libido: Semaxinin s\u00e4\u00e4nn\u00f6llinen <b>k\u00e4ytt\u00f6<\/b> voi auttaa lis\u00e4\u00e4m\u00e4\u00e4n miesten libidoa. T\u00e4m\u00e4 voi johtaa suurempaan kiinnostukseen seksi\u00e4 kohtaan ja lis\u00e4\u00e4ntyneeseen seksuaaliseen aktiivisuuteen.<\/li>\n<\/ul>\n\n\n<p>Semaxinin s\u00e4\u00e4nn\u00f6llinen <b>k\u00e4ytt\u00f6<\/b> valmistajan suositusten mukaisesti voi auttaa parantamaan lis\u00e4\u00e4ntymiskyky\u00e4 ja parantamaan miehen intiimin el\u00e4m\u00e4n laatua. Jokainen keho on kuitenkin erilainen, joten yksil\u00f6lliset erot Semaxinin k\u00e4yt\u00f6n vaikutuksissa ja tuloksissa ovat mahdollisia.<\/p>\n\n\n<h2 class=\"wp-block-heading\" id=\"h-dawkowanie-semaxin-jak-stosowac\">Semaxinin annostus &#8211; Kuinka k\u00e4ytt\u00e4\u00e4?<\/h2>\n\n\n<p>Semaxinin suositeltu <b>annostus<\/b> on yksi kapseli p\u00e4iv\u00e4ss\u00e4, mieluiten aterian yhteydess\u00e4. On t\u00e4rke\u00e4\u00e4 noudattaa valmistajan suosituksia optimaalisten tulosten saavuttamiseksi.<\/p>\n\n\n<p>Sinun on my\u00f6s neuvoteltava l\u00e4\u00e4k\u00e4risi kanssa ennen lis\u00e4ravinteiden k\u00e4yt\u00f6n aloittamista, erityisesti jos sinulla on jokin sairaus tai k\u00e4yt\u00e4t muita l\u00e4\u00e4kkeit\u00e4.<\/p>\n\n\n<h2 class=\"wp-block-heading\" id=\"h-recenzje-i-opinie-o-semaxin\">Arvosteluja ja mielipiteit\u00e4 aiheesta Semaxin<\/h2>\n\n\n<p>K\u00e4ytt\u00e4jien <b>arviot<\/b> Semaxinista ovat yleens\u00e4 my\u00f6nteisi\u00e4. Ihmiset, jotka ovat k\u00e4ytt\u00e4neet t\u00e4t\u00e4 <b>ravintolis\u00e4\u00e4<\/b>, kehuvat usein sen tehokkuutta ja sivuvaikutusten puutetta. Verkkofoorumeilla voi l\u00f6yt\u00e4\u00e4 monia positiivisia arvosteluja ja mielipiteit\u00e4 Semaxinista, jotka vahvistavat sen tehokkuuden hedelm\u00e4llisyyden ja potenssin parantamisessa.<\/p>\n\n\n<p>&#8220;Olen ollut Semaxinin k\u00e4ytt\u00e4j\u00e4 muutaman kuukauden ajan ja minun on sanottava, ett\u00e4 t\u00e4m\u00e4 tuote todella ansaitsee positiivista palautetta. Ennen hoidon aloittamista minulla oli ongelmia siemennesteen laadun kanssa, mik\u00e4 heijastui intiimeihin ongelmiini. Sen j\u00e4lkeen kun aloin k\u00e4ytt\u00e4\u00e4 Semaxinia s\u00e4\u00e4nn\u00f6llisesti, olen huomannut merkitt\u00e4v\u00e4\u00e4 parannusta. Lis\u00e4ksi voin sanoa, ett\u00e4 my\u00f6s libidoni on lis\u00e4\u00e4ntynyt. Suosittelen ehdottomasti t\u00e4t\u00e4 t\u00e4ydennyst\u00e4 kaikille miehille, jotka haluavat parantaa seksuaalista toimintaansa ja lis\u00e4\u00e4ntymiskyky\u00e4\u00e4n. Vaikka hinta saattaa tuntua melko korkealta, kannattaa investoida t\u00e4h\u00e4n tuotteeseen parantuneen el\u00e4m\u00e4nlaadun vuoksi.&#8221;<\/p>\n\n\n<h2 class=\"wp-block-heading\" id=\"h-semaxin-sklad\">Semaxin &#8211; Koostumus<\/h2>\n\n\n<p>Semaxin sis\u00e4lt\u00e4\u00e4 huolellisesti valittuja <b>luonnollisia ainesosia<\/b>, joiden tiedet\u00e4\u00e4n vaikuttavan my\u00f6nteisesti <b>hedelm\u00e4llisyyteen<\/b> ja potenssiin.<\/p>\n\n\n<p>Joitakin t\u00e4rkeimpi\u00e4 ainesosia ovat:<\/p>\n\n\n\n<ul class=\"wp-block-list\">\n<li><em>maca-juuri<\/em> &#8211; kasvi, jonka ominaisuudet stimuloivat testosteronin tuotantoa ja parantavat sperman laatua;<\/li>\n\n\n\n<li><em>L-arginiini<\/em> &#8211; aminohappo, joka parantaa sukupuolielinten verenkiertoa ja auttaa erektiota;<\/li>\n\n\n\n<li><em>Sinkki<\/em> &#8211; elementti, joka on v\u00e4ltt\u00e4m\u00e4t\u00f6n asianmukaisen siitti\u00f6iden tuotannon kannalta;<\/li>\n\n\n\n<li><em>Foolihappo<\/em> &#8211; vitamiini, joka on vastuussa DNA:n tehokkaasta synteesist\u00e4 soluissa.<\/li>\n<\/ul>\n\n\n<p>Synergiassa n\u00e4m\u00e4 Semaxinin <b>luonnolliset ainesosat<\/b> auttavat parantamaan miesten seksuaalista toimintaa, mik\u00e4 vaikuttaa siemennesteen laatuun, tehoon ja libidoon.<\/p>\n\n\n<h2 class=\"wp-block-heading\" id=\"h-gdzie-kupic-i-jaka-jest-cena-semaxin\">Mist\u00e4 ostaa ja mik\u00e4 on Semaxinin hinta?<\/h2>\n\n\n<p>Semaxinia voi ostaa valmistajan virallisilta verkkosivuilta, jossa voit olla varma, ett\u00e4 saat alkuper\u00e4isen tuotteen.<\/p>\n\n\n<p>Semaxinin <b>hinta<\/b> voi vaihdella voimassa olevien kampanjoiden ja pakkausten mukaan. On suositeltavaa v\u00e4ltt\u00e4\u00e4 tuotteen ostamista muilta verkkosivustoilta, jotta v\u00e4ltyt\u00e4\u00e4n v\u00e4\u00e4renn\u00f6sten ostamiselta.<\/p>\n\n\n<h2 class=\"wp-block-heading\" id=\"h-potencjalne-skutki-uboczne-i-przeciwwskazania-semaxin\">Semaxinin mahdolliset haittavaikutukset ja vasta-aiheet<\/h2>\n\n\n<p>Semaxin on <b>ravintolis\u00e4<\/b>, jonka koostumus on luonnollinen, joten se on yleens\u00e4 turvallinen ja sill\u00e4 on vain v\u00e4h\u00e4n <b>sivuvaikutuksia<\/b>. On kuitenkin aina suositeltavaa neuvotella l\u00e4\u00e4k\u00e4rin kanssa ennen lis\u00e4ravinteen k\u00e4yt\u00f6n aloittamista, varsinkin jos sinulla on olemassa olevia sairauksia tai k\u00e4yt\u00e4t muita l\u00e4\u00e4kkeit\u00e4. L\u00e4\u00e4k\u00e4rin ammatillinen mielipide ja neuvot ovat eritt\u00e4in t\u00e4rkeit\u00e4, jotta voidaan varmistaa, ett\u00e4 Semaxin sopii kyseiselle miehelle.<\/p>\n\n\n<p>Semaxinin k\u00e4yt\u00f6n <b>vasta-aiheita<\/b> voivat olla henkil\u00f6t, jotka ovat allergisia jollekin tuotteen ainesosalle. Tarkista aina huolellisesti ainesosaluettelo ja pakkauksen tiedot varmistaaksesi, ettei allergisten reaktioiden riski\u00e4 ole. Henkil\u00f6iden, joilla on olemassa olevia sairauksia, kuten kilpirauhasongelmia, korkea verenpaine tai syd\u00e4nsairaus, on neuvoteltava l\u00e4\u00e4k\u00e4rin kanssa ennen Semaxinin k\u00e4ytt\u00f6\u00e4.<\/p>\n\n\n<p>Jos Semaxinin k\u00e4yt\u00f6n aloittamisen j\u00e4lkeen ilmenee haittavaikutuksia, kuten ihottumaa, kutinaa, huimausta tai vatsavaivoja, lopeta k\u00e4ytt\u00f6 ja ota v\u00e4litt\u00f6m\u00e4sti yhteys l\u00e4\u00e4k\u00e4riin. L\u00e4\u00e4k\u00e4ri pystyy arvioimaan n\u00e4iden oireiden syyn ja ehdottamaan asianmukaisia toimenpiteit\u00e4. Muista, ett\u00e4 turvallisuus ja terveys ovat etusijalla, joten k\u00e4\u00e4nny aina l\u00e4\u00e4k\u00e4rin puoleen ennen mink\u00e4\u00e4n lis\u00e4ravinteen aloittamista.<\/p>\n","protected":false},"excerpt":{"rendered":"<p><strong>49.00 \u20ac<\/strong><\/p>\n<p><del>98.00 \u20ac<\/del><\/p>\n<p><strong>[date_countdown]<\/strong><\/p>\n","protected":false},"featured_media":5586,"comment_status":"open","ping_status":"closed","template":"","meta":{"neve_meta_sidebar":"","neve_meta_container":"","neve_meta_enable_content_width":"","neve_meta_content_width":0,"neve_meta_title_alignment":"","neve_meta_author_avatar":"","neve_post_elements_order":"","neve_meta_disable_header":"","neve_meta_disable_footer":"","neve_meta_disable_title":"","neve_meta_reading_time":""},"product_brand":[],"product_cat":[269],"product_tag":[],"class_list":{"0":"post-5598","1":"product","2":"type-product","3":"status-publish","4":"has-post-thumbnail","6":"product_cat-seksuaaliterveys","8":"first","9":"instock","10":"shipping-taxable","11":"product-type-external"},"yoast_head":"<!-- This site is optimized with the Yoast SEO plugin v27.4 - https:\/\/yoast.com\/product\/yoast-seo-wordpress\/ -->\n<title>Semaxin - Clinica Althea<\/title>\n<meta name=\"robots\" content=\"index, follow, max-snippet:-1, max-image-preview:large, max-video-preview:-1\" \/>\n<link rel=\"canonical\" href=\"https:\/\/www.clinicaalthea.com\/farmacia\/fi\/apt\/semaxin\/\" \/>\n<meta property=\"og:locale\" content=\"pl_PL\" \/>\n<meta property=\"og:type\" content=\"article\" \/>\n<meta property=\"og:title\" content=\"Semaxin - Clinica Althea\" \/>\n<meta property=\"og:description\" content=\"49.00 \u20ac 98.00 \u20ac\" \/>\n<meta property=\"og:url\" content=\"https:\/\/www.clinicaalthea.com\/farmacia\/fi\/apt\/semaxin\/\" \/>\n<meta property=\"og:site_name\" content=\"Clinica Althea\" \/>\n<meta property=\"article:modified_time\" content=\"2024-05-23T14:00:48+00:00\" \/>\n<meta property=\"og:image\" content=\"https:\/\/www.clinicaalthea.com\/farmacia\/wp-content\/uploads\/2024\/05\/Semaxin.jpg\" \/>\n\t<meta property=\"og:image:width\" content=\"768\" \/>\n\t<meta property=\"og:image:height\" content=\"768\" \/>\n\t<meta property=\"og:image:type\" content=\"image\/jpeg\" \/>\n<meta name=\"twitter:card\" content=\"summary_large_image\" \/>\n<meta name=\"twitter:label1\" content=\"Szacowany czas czytania\" \/>\n\t<meta name=\"twitter:data1\" content=\"5 minut\" \/>\n<script type=\"application\/ld+json\" class=\"yoast-schema-graph\">{\"@context\":\"https:\\\/\\\/schema.org\",\"@graph\":[{\"@type\":\"WebPage\",\"@id\":\"https:\\\/\\\/www.clinicaalthea.com\\\/farmacia\\\/fi\\\/apt\\\/semaxin\\\/\",\"url\":\"https:\\\/\\\/www.clinicaalthea.com\\\/farmacia\\\/fi\\\/apt\\\/semaxin\\\/\",\"name\":\"Semaxin - Clinica Althea\",\"isPartOf\":{\"@id\":\"https:\\\/\\\/www.clinicaalthea.com\\\/farmacia\\\/#website\"},\"primaryImageOfPage\":{\"@id\":\"https:\\\/\\\/www.clinicaalthea.com\\\/farmacia\\\/fi\\\/apt\\\/semaxin\\\/#primaryimage\"},\"image\":{\"@id\":\"https:\\\/\\\/www.clinicaalthea.com\\\/farmacia\\\/fi\\\/apt\\\/semaxin\\\/#primaryimage\"},\"thumbnailUrl\":\"https:\\\/\\\/www.clinicaalthea.com\\\/farmacia\\\/wp-content\\\/uploads\\\/2024\\\/05\\\/Semaxin.jpg\",\"datePublished\":\"2024-05-23T13:59:34+00:00\",\"dateModified\":\"2024-05-23T14:00:48+00:00\",\"breadcrumb\":{\"@id\":\"https:\\\/\\\/www.clinicaalthea.com\\\/farmacia\\\/fi\\\/apt\\\/semaxin\\\/#breadcrumb\"},\"inLanguage\":\"pl-PL\",\"potentialAction\":[{\"@type\":\"ReadAction\",\"target\":[\"https:\\\/\\\/www.clinicaalthea.com\\\/farmacia\\\/fi\\\/apt\\\/semaxin\\\/\"]}]},{\"@type\":\"ImageObject\",\"inLanguage\":\"pl-PL\",\"@id\":\"https:\\\/\\\/www.clinicaalthea.com\\\/farmacia\\\/fi\\\/apt\\\/semaxin\\\/#primaryimage\",\"url\":\"https:\\\/\\\/www.clinicaalthea.com\\\/farmacia\\\/wp-content\\\/uploads\\\/2024\\\/05\\\/Semaxin.jpg\",\"contentUrl\":\"https:\\\/\\\/www.clinicaalthea.com\\\/farmacia\\\/wp-content\\\/uploads\\\/2024\\\/05\\\/Semaxin.jpg\",\"width\":768,\"height\":768,\"caption\":\"Semaxin\"},{\"@type\":\"BreadcrumbList\",\"@id\":\"https:\\\/\\\/www.clinicaalthea.com\\\/farmacia\\\/fi\\\/apt\\\/semaxin\\\/#breadcrumb\",\"itemListElement\":[{\"@type\":\"ListItem\",\"position\":1,\"name\":\"Strona g\u0142\u00f3wna\",\"item\":\"https:\\\/\\\/www.clinicaalthea.com\\\/farmacia\\\/\"},{\"@type\":\"ListItem\",\"position\":2,\"name\":\"Produkty\",\"item\":\"https:\\\/\\\/www.clinicaalthea.com\\\/farmacia\\\/\"},{\"@type\":\"ListItem\",\"position\":3,\"name\":\"Semaxin\"}]},{\"@type\":\"WebSite\",\"@id\":\"https:\\\/\\\/www.clinicaalthea.com\\\/farmacia\\\/#website\",\"url\":\"https:\\\/\\\/www.clinicaalthea.com\\\/farmacia\\\/\",\"name\":\"Clinica Althea\",\"description\":\"\",\"publisher\":{\"@id\":\"https:\\\/\\\/www.clinicaalthea.com\\\/farmacia\\\/#organization\"},\"potentialAction\":[{\"@type\":\"SearchAction\",\"target\":{\"@type\":\"EntryPoint\",\"urlTemplate\":\"https:\\\/\\\/www.clinicaalthea.com\\\/farmacia\\\/?s={search_term_string}\"},\"query-input\":{\"@type\":\"PropertyValueSpecification\",\"valueRequired\":true,\"valueName\":\"search_term_string\"}}],\"inLanguage\":\"pl-PL\"},{\"@type\":\"Organization\",\"@id\":\"https:\\\/\\\/www.clinicaalthea.com\\\/farmacia\\\/#organization\",\"name\":\"Clinica Althea\",\"url\":\"https:\\\/\\\/www.clinicaalthea.com\\\/farmacia\\\/\",\"logo\":{\"@type\":\"ImageObject\",\"inLanguage\":\"pl-PL\",\"@id\":\"https:\\\/\\\/www.clinicaalthea.com\\\/farmacia\\\/#\\\/schema\\\/logo\\\/image\\\/\",\"url\":\"https:\\\/\\\/www.clinicaalthea.com\\\/farmacia\\\/wp-content\\\/uploads\\\/2023\\\/12\\\/Jak-diagnozuje-sie-FAS_-objawy-kryteria-diagnostyczne-i-metody-diagnozowania-154162903.jpg\",\"contentUrl\":\"https:\\\/\\\/www.clinicaalthea.com\\\/farmacia\\\/wp-content\\\/uploads\\\/2023\\\/12\\\/Jak-diagnozuje-sie-FAS_-objawy-kryteria-diagnostyczne-i-metody-diagnozowania-154162903.jpg\",\"width\":1216,\"height\":832,\"caption\":\"Clinica Althea\"},\"image\":{\"@id\":\"https:\\\/\\\/www.clinicaalthea.com\\\/farmacia\\\/#\\\/schema\\\/logo\\\/image\\\/\"}}]}<\/script>\n<!-- \/ Yoast SEO plugin. -->","yoast_head_json":{"title":"Semaxin - Clinica Althea","robots":{"index":"index","follow":"follow","max-snippet":"max-snippet:-1","max-image-preview":"max-image-preview:large","max-video-preview":"max-video-preview:-1"},"canonical":"https:\/\/www.clinicaalthea.com\/farmacia\/fi\/apt\/semaxin\/","og_locale":"pl_PL","og_type":"article","og_title":"Semaxin - Clinica Althea","og_description":"49.00 \u20ac 98.00 \u20ac","og_url":"https:\/\/www.clinicaalthea.com\/farmacia\/fi\/apt\/semaxin\/","og_site_name":"Clinica Althea","article_modified_time":"2024-05-23T14:00:48+00:00","og_image":[{"width":768,"height":768,"url":"https:\/\/www.clinicaalthea.com\/farmacia\/wp-content\/uploads\/2024\/05\/Semaxin.jpg","type":"image\/jpeg"}],"twitter_card":"summary_large_image","twitter_misc":{"Szacowany czas czytania":"5 minut"},"schema":{"@context":"https:\/\/schema.org","@graph":[{"@type":"WebPage","@id":"https:\/\/www.clinicaalthea.com\/farmacia\/fi\/apt\/semaxin\/","url":"https:\/\/www.clinicaalthea.com\/farmacia\/fi\/apt\/semaxin\/","name":"Semaxin - Clinica Althea","isPartOf":{"@id":"https:\/\/www.clinicaalthea.com\/farmacia\/#website"},"primaryImageOfPage":{"@id":"https:\/\/www.clinicaalthea.com\/farmacia\/fi\/apt\/semaxin\/#primaryimage"},"image":{"@id":"https:\/\/www.clinicaalthea.com\/farmacia\/fi\/apt\/semaxin\/#primaryimage"},"thumbnailUrl":"https:\/\/www.clinicaalthea.com\/farmacia\/wp-content\/uploads\/2024\/05\/Semaxin.jpg","datePublished":"2024-05-23T13:59:34+00:00","dateModified":"2024-05-23T14:00:48+00:00","breadcrumb":{"@id":"https:\/\/www.clinicaalthea.com\/farmacia\/fi\/apt\/semaxin\/#breadcrumb"},"inLanguage":"pl-PL","potentialAction":[{"@type":"ReadAction","target":["https:\/\/www.clinicaalthea.com\/farmacia\/fi\/apt\/semaxin\/"]}]},{"@type":"ImageObject","inLanguage":"pl-PL","@id":"https:\/\/www.clinicaalthea.com\/farmacia\/fi\/apt\/semaxin\/#primaryimage","url":"https:\/\/www.clinicaalthea.com\/farmacia\/wp-content\/uploads\/2024\/05\/Semaxin.jpg","contentUrl":"https:\/\/www.clinicaalthea.com\/farmacia\/wp-content\/uploads\/2024\/05\/Semaxin.jpg","width":768,"height":768,"caption":"Semaxin"},{"@type":"BreadcrumbList","@id":"https:\/\/www.clinicaalthea.com\/farmacia\/fi\/apt\/semaxin\/#breadcrumb","itemListElement":[{"@type":"ListItem","position":1,"name":"Strona g\u0142\u00f3wna","item":"https:\/\/www.clinicaalthea.com\/farmacia\/"},{"@type":"ListItem","position":2,"name":"Produkty","item":"https:\/\/www.clinicaalthea.com\/farmacia\/"},{"@type":"ListItem","position":3,"name":"Semaxin"}]},{"@type":"WebSite","@id":"https:\/\/www.clinicaalthea.com\/farmacia\/#website","url":"https:\/\/www.clinicaalthea.com\/farmacia\/","name":"Clinica Althea","description":"","publisher":{"@id":"https:\/\/www.clinicaalthea.com\/farmacia\/#organization"},"potentialAction":[{"@type":"SearchAction","target":{"@type":"EntryPoint","urlTemplate":"https:\/\/www.clinicaalthea.com\/farmacia\/?s={search_term_string}"},"query-input":{"@type":"PropertyValueSpecification","valueRequired":true,"valueName":"search_term_string"}}],"inLanguage":"pl-PL"},{"@type":"Organization","@id":"https:\/\/www.clinicaalthea.com\/farmacia\/#organization","name":"Clinica Althea","url":"https:\/\/www.clinicaalthea.com\/farmacia\/","logo":{"@type":"ImageObject","inLanguage":"pl-PL","@id":"https:\/\/www.clinicaalthea.com\/farmacia\/#\/schema\/logo\/image\/","url":"https:\/\/www.clinicaalthea.com\/farmacia\/wp-content\/uploads\/2023\/12\/Jak-diagnozuje-sie-FAS_-objawy-kryteria-diagnostyczne-i-metody-diagnozowania-154162903.jpg","contentUrl":"https:\/\/www.clinicaalthea.com\/farmacia\/wp-content\/uploads\/2023\/12\/Jak-diagnozuje-sie-FAS_-objawy-kryteria-diagnostyczne-i-metody-diagnozowania-154162903.jpg","width":1216,"height":832,"caption":"Clinica Althea"},"image":{"@id":"https:\/\/www.clinicaalthea.com\/farmacia\/#\/schema\/logo\/image\/"}}]}},"lang":"fi","translations":{"fi":5598,"pl":5585,"cs":5588,"ro":5590,"sv":5592,"de":5594,"es":5596,"fr":5600,"it":5602,"nl":5604},"pll_sync_post":[],"_links":{"self":[{"href":"https:\/\/www.clinicaalthea.com\/farmacia\/wp-json\/wp\/v2\/product\/5598","targetHints":{"allow":["GET"]}}],"collection":[{"href":"https:\/\/www.clinicaalthea.com\/farmacia\/wp-json\/wp\/v2\/product"}],"about":[{"href":"https:\/\/www.clinicaalthea.com\/farmacia\/wp-json\/wp\/v2\/types\/product"}],"replies":[{"embeddable":true,"href":"https:\/\/www.clinicaalthea.com\/farmacia\/wp-json\/wp\/v2\/comments?post=5598"}],"wp:featuredmedia":[{"embeddable":true,"href":"https:\/\/www.clinicaalthea.com\/farmacia\/wp-json\/wp\/v2\/media\/5586"}],"wp:attachment":[{"href":"https:\/\/www.clinicaalthea.com\/farmacia\/wp-json\/wp\/v2\/media?parent=5598"}],"wp:term":[{"taxonomy":"product_brand","embeddable":true,"href":"https:\/\/www.clinicaalthea.com\/farmacia\/wp-json\/wp\/v2\/product_brand?post=5598"},{"taxonomy":"product_cat","embeddable":true,"href":"https:\/\/www.clinicaalthea.com\/farmacia\/wp-json\/wp\/v2\/product_cat?post=5598"},{"taxonomy":"product_tag","embeddable":true,"href":"https:\/\/www.clinicaalthea.com\/farmacia\/wp-json\/wp\/v2\/product_tag?post=5598"}],"curies":[{"name":"wp","href":"https:\/\/api.w.org\/{rel}","templated":true}]}}