{"id":5485,"date":"2024-05-23T13:05:03","date_gmt":"2024-05-23T12:05:03","guid":{"rendered":"https:\/\/mayoguide.org\/produkty\/?post_type=product&#038;p=5485"},"modified":"2024-05-23T13:05:06","modified_gmt":"2024-05-23T12:05:06","slug":"proflexen","status":"publish","type":"product","link":"https:\/\/www.clinicaalthea.com\/farmacia\/sv\/apt\/proflexen\/","title":{"rendered":"ProFlexen"},"content":{"rendered":"\n<h2 class=\"wp-block-heading\" id=\"h-co-to-jest-proflexen-i-jak-dziala\">Vad \u00e4r ProFlexen och hur fungerar det?<\/h2>\n\n\n\n<p>ProFlexen \u00e4r ett <strong>kosttillskott<\/strong> som \u00e4r utformat f\u00f6r att st\u00f6dja ledh\u00e4lsan. Dess unika formel, baserad p\u00e5 naturliga ingredienser som kollagen, glukosamin och kondroitin, fungerar p\u00e5 flera niv\u00e5er.<\/p>\n\n\n\n<p>Kollagen \u00e4r en av huvudingredienserna i ProFlexen och spelar en viktig roll f\u00f6r att bibeh\u00e5lla ledens flexibilitet. Det hj\u00e4lper till att \u00e5terst\u00e4lla och bibeh\u00e5lla ett friskt ledbrosk.<\/p>\n\n\n\n<p>Glukosamin och kondroitin har en positiv effekt p\u00e5 skyddet av ledbrosket och f\u00f6rb\u00e4ttrar dess elasticitet och styrka. Dessutom ger de viktiga n\u00e4rings\u00e4mnen f\u00f6r att bibeh\u00e5lla ett friskt skelett.<\/p>\n\n\n\n<p>Regelbunden <strong>anv\u00e4ndning<\/strong> av ProFlexen har m\u00e5nga <strong>f\u00f6rdelar<\/strong> f\u00f6r ledh\u00e4lsan. Det f\u00f6rb\u00e4ttrar ledr\u00f6rligheten och p\u00e5verkar ledens flexibilitet. Dessutom st\u00f6der tillskottet friska ben och minskar sm\u00e4rta och artrit.<\/p>\n\n\n\n<h2 class=\"wp-block-heading\" id=\"h-jakie-sa-efekty-stosowania-proflexen\">Vilka \u00e4r effekterna av ProFlexen?<\/h2>\n\n\n\n<p>Det finns m\u00e5nga f\u00f6rdelar med att <b>anv\u00e4nda<\/b> <em>ProFlexen<\/em> f\u00f6r att bibeh\u00e5lla friska och flexibla leder och minska ledv\u00e4rk. Anv\u00e4ndningen av detta innovativa kosttillskott kan avsev\u00e4rt f\u00f6rb\u00e4ttra r\u00f6rligheten och livskvaliteten f\u00f6r personer med ledproblem.<\/p>\n\n\n\n<ul class=\"wp-block-list\">\n<li><strong>F\u00f6rb\u00e4ttrad r\u00f6rlighet i lederna:<\/strong> ProFlexen inneh\u00e5ller ingredienser som st\u00f6der ledens flexibilitet och f\u00f6rb\u00e4ttrar ledfunktionen. Regelbunden <b>anv\u00e4ndning<\/b> av tillskottet kan bidra till att \u00f6ka ledens r\u00f6relseomf\u00e5ng och g\u00f6ra vardagliga aktiviteter enklare.<\/li>\n\n\n\n<li><strong>Minskning av ledsm\u00e4rta:<\/strong> Med naturliga ingredienser som <b>kollagen<\/b>, <b>glukosamin<\/b> och <b>kondroitin<\/b> hj\u00e4lper ProFlexen till att minska ledv\u00e4rk. Genom att agera p\u00e5 orsakerna till sm\u00e4rta kan tillskottet ge l\u00e4ttnad och f\u00f6rb\u00e4ttra livskvaliteten.<\/li>\n\n\n\n<li><strong>St\u00f6djer regenerering av leder:<\/strong> ProFlexen kan spela en viktig roll i regenerering av ledv\u00e4vnader. Ingredienserna i till\u00e4gget p\u00e5verkar produktionen av kollagen, vilket \u00e4r viktigt f\u00f6r ledernas normala struktur och funktion.<\/li>\n\n\n\n<li><strong>Bibeh\u00e5llande av friska ben:<\/strong> <b>Kosttillskottet<\/b> ProFlexen ger kroppen de n\u00e4rings\u00e4mnen som beh\u00f6vs f\u00f6r att bibeh\u00e5lla ett friskt skelett. Detta bidrar till att \u00f6ka benstyrkan och f\u00f6rhindra benskador.<\/li>\n<\/ul>\n\n\n\n<p>Att <b>anv\u00e4nda<\/b> ProFlexen som ett kosttillskott har potential att avsev\u00e4rt f\u00f6rb\u00e4ttra led- och benh\u00e4lsan. Det \u00e4r dock viktigt att komma ih\u00e5g att <b>effekterna<\/b> kan variera beroende p\u00e5 individuella behov och kroppsf\u00f6rh\u00e5llanden. Om du har n\u00e5gra problem eller gemensamma h\u00e4lsoproblem \u00e4r det alltid tillr\u00e5dligt att konsultera din l\u00e4kare innan du b\u00f6rjar komplettera.<\/p>\n\n\n\n<h2 class=\"wp-block-heading\" id=\"h-dawkowanie-proflexen-jak-stosowac\">ProFlexen dosering &#8211; Hur man anv\u00e4nder?<\/h2>\n\n\n\n<p>Regelbunden anv\u00e4ndning av ProFlexen \u00e4r nyckeln till att uppn\u00e5 b\u00e4sta resultat. Vi rekommenderar att du tar 2 kapslar av tillskottet dagligen, helst med en m\u00e5ltid. Det \u00e4r viktigt att f\u00f6lja den rekommenderade dosen och tillverkarens rekommendationer f\u00f6r optimala resultat n\u00e4r det g\u00e4ller att st\u00e4rka ledh\u00e4lsan.<\/p>\n\n\n\n<p>Att anpassa sig till ProFlexen-dosering \u00e4r enkelt och bekv\u00e4mt. Du kan inf\u00f6rliva doseringen <b>av<\/b> tillskottet i din dagliga rutin, till exempel 1 kapsel p\u00e5 morgonen och en annan p\u00e5 kv\u00e4llen. V\u00e4gledning om anv\u00e4ndningen av ProFlexen finns i bipacksedeln eller p\u00e5 tillverkarens webbplats.<\/p>\n\n\n\n<h2 class=\"wp-block-heading\" id=\"h-recenzje-i-opinie-o-proflexen\">Recensioner och \u00e5sikter om ProFlexen<\/h2>\n\n\n\n<p><b>Feedback<\/b> fr\u00e5n anv\u00e4ndare av ProFlexen \u00e4r i allm\u00e4nhet positiv och lyfter ofta fram f\u00f6rb\u00e4ttrad ledr\u00f6rlighet, minskad ledv\u00e4rk och lindring av inflammation. Anv\u00e4ndare rekommenderar detta tillskott till andra med ledproblem.<\/p>\n\n\n\n<blockquote class=\"wp-block-quote is-layout-flow wp-block-quote-is-layout-flow\">\n<p>&#8220;Jag \u00e4r en mycket fysiskt aktiv person. Jag \u00e4lskar att g\u00e5 i bergen, jag springer ofta och tyv\u00e4rr b\u00f6rjade mina leder att v\u00e4gra lyda mig. Sm\u00e4rtorna b\u00f6rjade komma allt oftare och jag var tvungen att avbryta m\u00e5nga vandringar. Jag anv\u00e4nde m\u00e5nga salvor och nu har jag best\u00e4mt mig f\u00f6r att anv\u00e4nda en annan form &#8211; n\u00e4mligen tabletter. Efter n\u00e5gra dagar m\u00e4rkte jag en betydande f\u00f6rb\u00e4ttring. Jag k\u00e4nde att lederna var som om de var mer &#8220;r\u00f6rliga&#8221;, de var inte stillast\u00e5ende. Efter cirka tre veckor hade sm\u00e4rtan helt f\u00f6rsvunnit, men jag best\u00e4mde mig f\u00f6r att forts\u00e4tta behandlingen med Proflexen s\u00e5 att problemet inte skulle komma tillbaka.&#8221; &#8211; <strong>Dominica<\/strong><\/p>\n<\/blockquote>\n\n\n\n<blockquote class=\"wp-block-quote is-layout-flow wp-block-quote-is-layout-flow\">\n<p>&#8220;N\u00e4r man blir \u00e4ldre f\u00e5r man allt fler kr\u00e4mpor. I mitt fall \u00e4r en av dem tyv\u00e4rr ledv\u00e4rk. Jag inser att jag inte kommer att kunna \u00e5terg\u00e5 till den fulla kapacitet som jag hade f\u00f6r flera \u00e5r sedan, men det f\u00f6r\u00e4ndrar inte det faktum att jag vill fungera normalt. Tack vare Proflexen \u00e4r detta m\u00f6jligt. Jag upplever fortfarande ett visst obehag, men jag kan g\u00e5 utan att k\u00e4nna n\u00e5got tryck. Det som verkligen uppmuntrade mig att k\u00f6pa Proflexen var priset och sammans\u00e4ttningen av tillskottet. I min \u00e5lder anv\u00e4nds tyv\u00e4rr redan en hel del mediciner, vilket kostar mycket och inte allt har r\u00e5d med. I det h\u00e4r fallet m\u00e5ste jag s\u00e4ga att det var v\u00e4linvesterade pengar!&#8221; &#8211; <strong>Wanda<\/strong><\/p>\n<\/blockquote>\n\n\n\n<h2 class=\"wp-block-heading\" id=\"h-proflexen-sklad-co-zawiera\">ProFlexen &#8211; Sammans\u00e4ttning &#8211; Vad inneh\u00e5ller den?<\/h2>\n\n\n\n<p>ProFlexen \u00e4r ett innovativt <b>kosttillskott<\/b> som \u00e4r utformat f\u00f6r att st\u00f6dja led- och benh\u00e4lsan. Dess <b>sammans\u00e4ttning<\/b> \u00e4r baserad p\u00e5 naturliga ingredienser som har en gynnsam effekt p\u00e5 ledflexibilitet och minskning av ledsm\u00e4rta.<\/p>\n\n\n\n<p>Sammans\u00e4ttningen av ProFlexen inneh\u00e5ller ingredienser som:<\/p>\n\n\n\n<ul class=\"wp-block-list\">\n<li><b>Kollagen<\/b> &#8211; ett strukturellt protein som \u00e4r ansvarigt f\u00f6r bindv\u00e4vens elasticitet och styrka. Kollagen \u00e4r den viktigaste komponenten som bildar strukturen i ligament och ledbrosk.<\/li>\n\n\n\n<li><b>Glukosamin<\/b> &#8211; ett aminosocker som spelar en nyckelroll i produktionen och \u00e5terst\u00e4llandet av ledbrosk. Det hj\u00e4lper ocks\u00e5 till att uppr\u00e4tth\u00e5lla r\u00e4tt viskositet i ledv\u00e4tska, vilket bidrar till att lederna fungerar korrekt.<\/li>\n\n\n\n<li><b>Chondroitin<\/b> &#8211; en glykosaminoglykan som st\u00f6der regenerering av ledbrosk och uppr\u00e4tth\u00e5ller dess hydrering.<\/li>\n<\/ul>\n\n\n\n<p>Genom anv\u00e4ndningen av dessa ingredienser st\u00f6der ProFlexen inte bara ledh\u00e4lsan utan gynnar ocks\u00e5 uppr\u00e4tth\u00e5llandet av benvitalitet. Till\u00e4ggets sammans\u00e4ttning har noggrant valts ut och testats f\u00f6r att s\u00e4kerst\u00e4lla maximal nytta samtidigt som s\u00e4ker anv\u00e4ndning uppr\u00e4tth\u00e5lls.<\/p>\n\n\n\n<h2 class=\"wp-block-heading\" id=\"h-cena-proflexen-gdzie-kupic\">Pris p\u00e5 ProFlexen &#8211; Var kan man k\u00f6pa?<\/h2>\n\n\n\n<p>Om du \u00e4r intresserad av att <b>k\u00f6pa<\/b> ett original ProFlexen-kosttillskott \u00e4r det b\u00e4st att g\u00f6ra det fr\u00e5n tillverkarens officiella webbplats. Varf\u00f6r? F\u00f6r det f\u00f6rsta kommer du att best\u00e4lla p\u00e5 detta s\u00e4tt att ge dig f\u00f6rtroende f\u00f6r produktens originalitet, vilket \u00e4r viktigt n\u00e4r det g\u00e4ller kosttillskott. F\u00f6r det andra kan du p\u00e5 tillverkarens officiella webbplats alltid hitta den mest uppdaterade informationen om produkten, inklusive eventuella kampanjer eller rabatter som kan g\u00f6ra ditt <b>k\u00f6p<\/b> mer \u00f6verkomligt.<\/p>\n\n\n\n<p>Det slutliga <b>priset<\/b> f\u00f6r ProFlexen kan variera beroende p\u00e5 vilken f\u00f6rpackning som v\u00e4ljs och antalet tabletter. I regel g\u00e4ller att ju st\u00f6rre f\u00f6rpackningen \u00e4r, desto f\u00f6rm\u00e5nligare \u00e4r <b>priset<\/b> per f\u00f6rpackning. D\u00e4rf\u00f6r b\u00f6r du \u00f6verv\u00e4ga att k\u00f6pa en st\u00f6rre m\u00e4ngd f\u00f6r att spara pengar. P\u00e5 tillverkarens officiella webbplats hittar du s\u00e4kert detaljerad information om priser och f\u00f6rpackningar.<\/p>\n\n\n\n<p>Det \u00e4r ocks\u00e5 v\u00e4rt att kontrollera om tillverkaren erbjuder n\u00e5gra ytterligare kampanjer eller rabatter n\u00e4r du k\u00f6per mer av till\u00e4gget. Detta kan vara ett utm\u00e4rkt tillf\u00e4lle att fylla p\u00e5 ProFlexen till ett bra pris och s\u00e4kra en l\u00e4ngre period av tillskott.<\/p>\n\n\n\n<p>Vi uppmuntrar dig att bes\u00f6ka tillverkarens officiella webbplats, d\u00e4r du s\u00e4kert kan k\u00f6pa ProFlexen och hitta detaljerad information om produkten och aktuella kampanjer. Kom ih\u00e5g att anv\u00e4nda det ursprungliga ProFlexen-kosttillskottet kan hj\u00e4lpa till att f\u00f6rb\u00e4ttra h\u00e4lsan hos dina leder och ben.<\/p>\n\n\n\n<h2 class=\"wp-block-heading\" id=\"h-proflexen-skutki-uboczne-i-przeciwwskazania\">ProFlexen &#8211; Biverkningar och kontraindikationer<\/h2>\n\n\n\n<p>ProFlexen \u00e4r ett kosttillskott som i allm\u00e4nhet anses vara s\u00e4kert f\u00f6r anv\u00e4ndning. Det \u00e4r dock alltid tillr\u00e5dligt att konsultera din l\u00e4kare innan du b\u00f6rjar komplettera. Speciellt om du har n\u00e5gra kroniska medicinska tillst\u00e5nd eller tar andra mediciner \u00e4r det viktigt att f\u00e5 professionell medicinsk r\u00e5dgivning.<\/p>\n\n\n\n<p>\u00c4ven om ProFlexen tolereras v\u00e4l av de flesta m\u00e4nniskor finns det risk f\u00f6r biverkningar hos vissa m\u00e4nniskor. Dessa kan inkludera gastrointestinala problem s\u00e5som buksm\u00e4rta, illam\u00e5ende, kr\u00e4kningar eller halsbr\u00e4nna. Om du m\u00e4rker n\u00e5got av dessa symtom n\u00e4r du tar ProFlexen, b\u00f6r du sluta tillskott och kontakta din l\u00e4kare.<\/p>\n\n\n\n<p>Observera att ProFlexen inneh\u00e5ller ingredienser som kan orsaka en allergisk reaktion hos vissa m\u00e4nniskor. Om du \u00e4r ben\u00e4gen f\u00f6r allergier eller har haft tidigare allergiska reaktioner mot n\u00e5gra ingredienser i ProFlexen, b\u00f6r du inte anv\u00e4nda den. Om s\u00e5 \u00e4r fallet \u00e4r det alltid en bra id\u00e9 att konsultera din l\u00e4kare innan du best\u00e4mmer dig f\u00f6r att b\u00f6rja komplettera.<\/p>\n","protected":false},"excerpt":{"rendered":"<p><strong>469.00 kr<\/strong><\/p>\n<p><del>938.00 kr<\/del><\/p>\n<p><strong>[date_countdown]<\/strong><\/p>\n","protected":false},"featured_media":5461,"comment_status":"open","ping_status":"closed","template":"","meta":{"neve_meta_sidebar":"","neve_meta_container":"","neve_meta_enable_content_width":"","neve_meta_content_width":0,"neve_meta_title_alignment":"","neve_meta_author_avatar":"","neve_post_elements_order":"","neve_meta_disable_header":"","neve_meta_disable_footer":"","neve_meta_disable_title":"","neve_meta_reading_time":""},"product_brand":[],"product_cat":[193],"product_tag":[],"class_list":{"0":"post-5485","1":"product","2":"type-product","3":"status-publish","4":"has-post-thumbnail","6":"product_cat-halsa","8":"first","9":"instock","10":"shipping-taxable","11":"product-type-external"},"yoast_head":"<!-- This site is optimized with the Yoast SEO plugin v27.4 - https:\/\/yoast.com\/product\/yoast-seo-wordpress\/ -->\n<title>ProFlexen - Clinica Althea<\/title>\n<meta name=\"robots\" content=\"index, follow, max-snippet:-1, max-image-preview:large, max-video-preview:-1\" \/>\n<link rel=\"canonical\" href=\"https:\/\/www.clinicaalthea.com\/farmacia\/sv\/apt\/proflexen\/\" \/>\n<meta property=\"og:locale\" content=\"pl_PL\" \/>\n<meta property=\"og:type\" content=\"article\" \/>\n<meta property=\"og:title\" content=\"ProFlexen - Clinica Althea\" \/>\n<meta property=\"og:description\" content=\"469.00 kr 938.00 kr\" \/>\n<meta property=\"og:url\" content=\"https:\/\/www.clinicaalthea.com\/farmacia\/sv\/apt\/proflexen\/\" \/>\n<meta property=\"og:site_name\" content=\"Clinica Althea\" \/>\n<meta property=\"article:modified_time\" content=\"2024-05-23T12:05:06+00:00\" \/>\n<meta property=\"og:image\" content=\"https:\/\/www.clinicaalthea.com\/farmacia\/wp-content\/uploads\/2024\/05\/ProFlexen.jpg\" \/>\n\t<meta property=\"og:image:width\" content=\"768\" \/>\n\t<meta property=\"og:image:height\" content=\"768\" \/>\n\t<meta property=\"og:image:type\" content=\"image\/jpeg\" \/>\n<meta name=\"twitter:card\" content=\"summary_large_image\" \/>\n<meta name=\"twitter:label1\" content=\"Szacowany czas czytania\" \/>\n\t<meta name=\"twitter:data1\" content=\"7 minut\" \/>\n<script type=\"application\/ld+json\" class=\"yoast-schema-graph\">{\"@context\":\"https:\\\/\\\/schema.org\",\"@graph\":[{\"@type\":\"WebPage\",\"@id\":\"https:\\\/\\\/www.clinicaalthea.com\\\/farmacia\\\/sv\\\/apt\\\/proflexen\\\/\",\"url\":\"https:\\\/\\\/www.clinicaalthea.com\\\/farmacia\\\/sv\\\/apt\\\/proflexen\\\/\",\"name\":\"ProFlexen - Clinica Althea\",\"isPartOf\":{\"@id\":\"https:\\\/\\\/www.clinicaalthea.com\\\/farmacia\\\/#website\"},\"primaryImageOfPage\":{\"@id\":\"https:\\\/\\\/www.clinicaalthea.com\\\/farmacia\\\/sv\\\/apt\\\/proflexen\\\/#primaryimage\"},\"image\":{\"@id\":\"https:\\\/\\\/www.clinicaalthea.com\\\/farmacia\\\/sv\\\/apt\\\/proflexen\\\/#primaryimage\"},\"thumbnailUrl\":\"https:\\\/\\\/www.clinicaalthea.com\\\/farmacia\\\/wp-content\\\/uploads\\\/2024\\\/05\\\/ProFlexen.jpg\",\"datePublished\":\"2024-05-23T12:05:03+00:00\",\"dateModified\":\"2024-05-23T12:05:06+00:00\",\"breadcrumb\":{\"@id\":\"https:\\\/\\\/www.clinicaalthea.com\\\/farmacia\\\/sv\\\/apt\\\/proflexen\\\/#breadcrumb\"},\"inLanguage\":\"pl-PL\",\"potentialAction\":[{\"@type\":\"ReadAction\",\"target\":[\"https:\\\/\\\/www.clinicaalthea.com\\\/farmacia\\\/sv\\\/apt\\\/proflexen\\\/\"]}]},{\"@type\":\"ImageObject\",\"inLanguage\":\"pl-PL\",\"@id\":\"https:\\\/\\\/www.clinicaalthea.com\\\/farmacia\\\/sv\\\/apt\\\/proflexen\\\/#primaryimage\",\"url\":\"https:\\\/\\\/www.clinicaalthea.com\\\/farmacia\\\/wp-content\\\/uploads\\\/2024\\\/05\\\/ProFlexen.jpg\",\"contentUrl\":\"https:\\\/\\\/www.clinicaalthea.com\\\/farmacia\\\/wp-content\\\/uploads\\\/2024\\\/05\\\/ProFlexen.jpg\",\"width\":768,\"height\":768,\"caption\":\"ProFlexen\"},{\"@type\":\"BreadcrumbList\",\"@id\":\"https:\\\/\\\/www.clinicaalthea.com\\\/farmacia\\\/sv\\\/apt\\\/proflexen\\\/#breadcrumb\",\"itemListElement\":[{\"@type\":\"ListItem\",\"position\":1,\"name\":\"Strona g\u0142\u00f3wna\",\"item\":\"https:\\\/\\\/www.clinicaalthea.com\\\/farmacia\\\/\"},{\"@type\":\"ListItem\",\"position\":2,\"name\":\"Produkty\",\"item\":\"https:\\\/\\\/www.clinicaalthea.com\\\/farmacia\\\/\"},{\"@type\":\"ListItem\",\"position\":3,\"name\":\"ProFlexen\"}]},{\"@type\":\"WebSite\",\"@id\":\"https:\\\/\\\/www.clinicaalthea.com\\\/farmacia\\\/#website\",\"url\":\"https:\\\/\\\/www.clinicaalthea.com\\\/farmacia\\\/\",\"name\":\"Clinica Althea\",\"description\":\"\",\"publisher\":{\"@id\":\"https:\\\/\\\/www.clinicaalthea.com\\\/farmacia\\\/#organization\"},\"potentialAction\":[{\"@type\":\"SearchAction\",\"target\":{\"@type\":\"EntryPoint\",\"urlTemplate\":\"https:\\\/\\\/www.clinicaalthea.com\\\/farmacia\\\/?s={search_term_string}\"},\"query-input\":{\"@type\":\"PropertyValueSpecification\",\"valueRequired\":true,\"valueName\":\"search_term_string\"}}],\"inLanguage\":\"pl-PL\"},{\"@type\":\"Organization\",\"@id\":\"https:\\\/\\\/www.clinicaalthea.com\\\/farmacia\\\/#organization\",\"name\":\"Clinica Althea\",\"url\":\"https:\\\/\\\/www.clinicaalthea.com\\\/farmacia\\\/\",\"logo\":{\"@type\":\"ImageObject\",\"inLanguage\":\"pl-PL\",\"@id\":\"https:\\\/\\\/www.clinicaalthea.com\\\/farmacia\\\/#\\\/schema\\\/logo\\\/image\\\/\",\"url\":\"https:\\\/\\\/www.clinicaalthea.com\\\/farmacia\\\/wp-content\\\/uploads\\\/2023\\\/12\\\/Jak-diagnozuje-sie-FAS_-objawy-kryteria-diagnostyczne-i-metody-diagnozowania-154162903.jpg\",\"contentUrl\":\"https:\\\/\\\/www.clinicaalthea.com\\\/farmacia\\\/wp-content\\\/uploads\\\/2023\\\/12\\\/Jak-diagnozuje-sie-FAS_-objawy-kryteria-diagnostyczne-i-metody-diagnozowania-154162903.jpg\",\"width\":1216,\"height\":832,\"caption\":\"Clinica Althea\"},\"image\":{\"@id\":\"https:\\\/\\\/www.clinicaalthea.com\\\/farmacia\\\/#\\\/schema\\\/logo\\\/image\\\/\"}}]}<\/script>\n<!-- \/ Yoast SEO plugin. -->","yoast_head_json":{"title":"ProFlexen - Clinica Althea","robots":{"index":"index","follow":"follow","max-snippet":"max-snippet:-1","max-image-preview":"max-image-preview:large","max-video-preview":"max-video-preview:-1"},"canonical":"https:\/\/www.clinicaalthea.com\/farmacia\/sv\/apt\/proflexen\/","og_locale":"pl_PL","og_type":"article","og_title":"ProFlexen - Clinica Althea","og_description":"469.00 kr 938.00 kr","og_url":"https:\/\/www.clinicaalthea.com\/farmacia\/sv\/apt\/proflexen\/","og_site_name":"Clinica Althea","article_modified_time":"2024-05-23T12:05:06+00:00","og_image":[{"width":768,"height":768,"url":"https:\/\/www.clinicaalthea.com\/farmacia\/wp-content\/uploads\/2024\/05\/ProFlexen.jpg","type":"image\/jpeg"}],"twitter_card":"summary_large_image","twitter_misc":{"Szacowany czas czytania":"7 minut"},"schema":{"@context":"https:\/\/schema.org","@graph":[{"@type":"WebPage","@id":"https:\/\/www.clinicaalthea.com\/farmacia\/sv\/apt\/proflexen\/","url":"https:\/\/www.clinicaalthea.com\/farmacia\/sv\/apt\/proflexen\/","name":"ProFlexen - Clinica Althea","isPartOf":{"@id":"https:\/\/www.clinicaalthea.com\/farmacia\/#website"},"primaryImageOfPage":{"@id":"https:\/\/www.clinicaalthea.com\/farmacia\/sv\/apt\/proflexen\/#primaryimage"},"image":{"@id":"https:\/\/www.clinicaalthea.com\/farmacia\/sv\/apt\/proflexen\/#primaryimage"},"thumbnailUrl":"https:\/\/www.clinicaalthea.com\/farmacia\/wp-content\/uploads\/2024\/05\/ProFlexen.jpg","datePublished":"2024-05-23T12:05:03+00:00","dateModified":"2024-05-23T12:05:06+00:00","breadcrumb":{"@id":"https:\/\/www.clinicaalthea.com\/farmacia\/sv\/apt\/proflexen\/#breadcrumb"},"inLanguage":"pl-PL","potentialAction":[{"@type":"ReadAction","target":["https:\/\/www.clinicaalthea.com\/farmacia\/sv\/apt\/proflexen\/"]}]},{"@type":"ImageObject","inLanguage":"pl-PL","@id":"https:\/\/www.clinicaalthea.com\/farmacia\/sv\/apt\/proflexen\/#primaryimage","url":"https:\/\/www.clinicaalthea.com\/farmacia\/wp-content\/uploads\/2024\/05\/ProFlexen.jpg","contentUrl":"https:\/\/www.clinicaalthea.com\/farmacia\/wp-content\/uploads\/2024\/05\/ProFlexen.jpg","width":768,"height":768,"caption":"ProFlexen"},{"@type":"BreadcrumbList","@id":"https:\/\/www.clinicaalthea.com\/farmacia\/sv\/apt\/proflexen\/#breadcrumb","itemListElement":[{"@type":"ListItem","position":1,"name":"Strona g\u0142\u00f3wna","item":"https:\/\/www.clinicaalthea.com\/farmacia\/"},{"@type":"ListItem","position":2,"name":"Produkty","item":"https:\/\/www.clinicaalthea.com\/farmacia\/"},{"@type":"ListItem","position":3,"name":"ProFlexen"}]},{"@type":"WebSite","@id":"https:\/\/www.clinicaalthea.com\/farmacia\/#website","url":"https:\/\/www.clinicaalthea.com\/farmacia\/","name":"Clinica Althea","description":"","publisher":{"@id":"https:\/\/www.clinicaalthea.com\/farmacia\/#organization"},"potentialAction":[{"@type":"SearchAction","target":{"@type":"EntryPoint","urlTemplate":"https:\/\/www.clinicaalthea.com\/farmacia\/?s={search_term_string}"},"query-input":{"@type":"PropertyValueSpecification","valueRequired":true,"valueName":"search_term_string"}}],"inLanguage":"pl-PL"},{"@type":"Organization","@id":"https:\/\/www.clinicaalthea.com\/farmacia\/#organization","name":"Clinica Althea","url":"https:\/\/www.clinicaalthea.com\/farmacia\/","logo":{"@type":"ImageObject","inLanguage":"pl-PL","@id":"https:\/\/www.clinicaalthea.com\/farmacia\/#\/schema\/logo\/image\/","url":"https:\/\/www.clinicaalthea.com\/farmacia\/wp-content\/uploads\/2023\/12\/Jak-diagnozuje-sie-FAS_-objawy-kryteria-diagnostyczne-i-metody-diagnozowania-154162903.jpg","contentUrl":"https:\/\/www.clinicaalthea.com\/farmacia\/wp-content\/uploads\/2023\/12\/Jak-diagnozuje-sie-FAS_-objawy-kryteria-diagnostyczne-i-metody-diagnozowania-154162903.jpg","width":1216,"height":832,"caption":"Clinica Althea"},"image":{"@id":"https:\/\/www.clinicaalthea.com\/farmacia\/#\/schema\/logo\/image\/"}}]}},"lang":"sv","translations":{"sv":5485,"pl":5460,"nb":5463,"da":5465,"hu":5467,"de":5469,"es":5471,"fi":5473,"fr":5475,"it":5477,"nl":5479,"pt":5481,"ro":5483},"pll_sync_post":[],"_links":{"self":[{"href":"https:\/\/www.clinicaalthea.com\/farmacia\/wp-json\/wp\/v2\/product\/5485","targetHints":{"allow":["GET"]}}],"collection":[{"href":"https:\/\/www.clinicaalthea.com\/farmacia\/wp-json\/wp\/v2\/product"}],"about":[{"href":"https:\/\/www.clinicaalthea.com\/farmacia\/wp-json\/wp\/v2\/types\/product"}],"replies":[{"embeddable":true,"href":"https:\/\/www.clinicaalthea.com\/farmacia\/wp-json\/wp\/v2\/comments?post=5485"}],"wp:featuredmedia":[{"embeddable":true,"href":"https:\/\/www.clinicaalthea.com\/farmacia\/wp-json\/wp\/v2\/media\/5461"}],"wp:attachment":[{"href":"https:\/\/www.clinicaalthea.com\/farmacia\/wp-json\/wp\/v2\/media?parent=5485"}],"wp:term":[{"taxonomy":"product_brand","embeddable":true,"href":"https:\/\/www.clinicaalthea.com\/farmacia\/wp-json\/wp\/v2\/product_brand?post=5485"},{"taxonomy":"product_cat","embeddable":true,"href":"https:\/\/www.clinicaalthea.com\/farmacia\/wp-json\/wp\/v2\/product_cat?post=5485"},{"taxonomy":"product_tag","embeddable":true,"href":"https:\/\/www.clinicaalthea.com\/farmacia\/wp-json\/wp\/v2\/product_tag?post=5485"}],"curies":[{"name":"wp","href":"https:\/\/api.w.org\/{rel}","templated":true}]}}