{"id":5477,"date":"2024-05-23T13:03:16","date_gmt":"2024-05-23T12:03:16","guid":{"rendered":"https:\/\/mayoguide.org\/produkty\/?post_type=product&#038;p=5477"},"modified":"2024-05-23T13:05:06","modified_gmt":"2024-05-23T12:05:06","slug":"proflexen","status":"publish","type":"product","link":"https:\/\/www.clinicaalthea.com\/farmacia\/it\/apt\/proflexen\/","title":{"rendered":"ProFlexen"},"content":{"rendered":"<h2 class=\"wp-block-heading\" id=\"h-co-to-jest-proflexen-i-jak-dziala\">Che cos&#8217;\u00e8 ProFlexen e come funziona?<\/h2>\n\n\n<p>ProFlexen \u00e8 un <strong>integratore alimentare<\/strong> studiato per favorire la salute delle articolazioni. La sua formula unica, basata su ingredienti naturali come collagene, glucosamina e condroitina, agisce su pi\u00f9 livelli.<\/p>\n\n\n<p>Il collagene \u00e8 uno degli ingredienti principali di ProFlexen e svolge un ruolo importante nel mantenimento della flessibilit\u00e0 articolare. Aiuta a ripristinare e mantenere sana la cartilagine articolare.<\/p>\n\n\n<p>La glucosamina e la condroitina hanno un effetto positivo sulla protezione della cartilagine articolare, migliorandone l&#8217;elasticit\u00e0 e la resistenza. Inoltre, forniscono nutrienti essenziali per il mantenimento di ossa sane.<\/p>\n\n\n<p>L&#8217;<strong>uso<\/strong> regolare <strong>di<\/strong> ProFlexen ha molti <strong>benefici<\/strong> per la salute delle articolazioni. Migliora la mobilit\u00e0 articolare e influisce sulla flessibilit\u00e0 delle articolazioni. Inoltre, l&#8217;integratore sostiene la salute delle ossa e riduce il dolore e l&#8217;artrite.<\/p>\n\n\n<h2 class=\"wp-block-heading\" id=\"h-jakie-sa-efekty-stosowania-proflexen\">Quali sono gli effetti di ProFlexen?<\/h2>\n\n\n<p>L&#8217;<b>uso di<\/b> <em>ProFlexen<\/em> \u00e8 molto utile per mantenere le articolazioni sane e flessibili e per ridurre i dolori articolari. L&#8217;uso di questo innovativo integratore alimentare pu\u00f2 migliorare significativamente la mobilit\u00e0 e la qualit\u00e0 della vita delle persone con problemi articolari.<\/p>\n\n\n\n<ul class=\"wp-block-list\">\n<li><strong>Miglioramento della mobilit\u00e0 articolare:<\/strong> ProFlexen contiene ingredienti che favoriscono la flessibilit\u00e0 delle articolazioni e ne migliorano la funzionalit\u00e0. L&#8217;<b>uso<\/b> regolare <b>dell<\/b> &#8216;integratore pu\u00f2 contribuire ad aumentare l&#8217;ampiezza di movimento delle articolazioni e a facilitare lo svolgimento delle attivit\u00e0 quotidiane.<\/li>\n\n\n\n<li><strong>Riduzione dei dolori articolari:<\/strong> Grazie a ingredienti naturali come <b>collagene<\/b>, <b>glucosamina<\/b> e <b>condroitina<\/b>, ProFlexen aiuta a ridurre i dolori articolari. Agendo sulle cause del dolore, l&#8217;integratore pu\u00f2 dare sollievo e migliorare la qualit\u00e0 della vita.<\/li>\n\n\n\n<li><strong>Sostiene la rigenerazione delle articolazioni:<\/strong> ProFlexen pu\u00f2 svolgere un ruolo importante nella rigenerazione dei tessuti articolari. Gli ingredienti dell&#8217;integratore influenzano la produzione di collagene, essenziale per la normale struttura e funzione delle articolazioni.<\/li>\n\n\n\n<li><strong>Mantenimento di ossa sane:<\/strong> L&#8217;<b>integratore alimentare<\/b> ProFlexen fornisce all&#8217;organismo i nutrienti necessari per mantenere le ossa sane. Contribuisce ad aumentare la forza delle ossa e a prevenire i danni ossei.<\/li>\n<\/ul>\n\n\n<p>L&#8217;<b>uso di<\/b> ProFlexen come integratore alimentare pu\u00f2 migliorare significativamente la salute delle articolazioni e delle ossa. Tuttavia, \u00e8 importante ricordare che gli <b>effetti<\/b> possono variare a seconda delle esigenze individuali e delle condizioni del corpo. In caso di dubbi o problemi di salute delle articolazioni, \u00e8 sempre consigliabile consultare il proprio medico prima di iniziare l&#8217;integrazione.<\/p>\n\n\n<h2 class=\"wp-block-heading\" id=\"h-dawkowanie-proflexen-jak-stosowac\">Dosaggio di ProFlexen &#8211; Come si usa?<\/h2>\n\n\n<p>L&#8217;uso regolare di ProFlexen \u00e8 fondamentale per ottenere i migliori risultati. Si consiglia di assumere 2 capsule dell&#8217;integratore al giorno, preferibilmente con un pasto. \u00c8 importante seguire il dosaggio consigliato e le raccomandazioni del produttore per ottenere risultati ottimali nel rafforzamento della salute delle articolazioni.<\/p>\n\n\n<p>L&#8217;adattamento al dosaggio di ProFlexen \u00e8 semplice e comodo. \u00c8 possibile integrare il dosaggio <b>dell<\/b> &#8216;integratore nella propria routine quotidiana, ad esempio 1 capsula al mattino e un&#8217;altra alla sera. Le indicazioni sull&#8217;uso di ProFlexen sono disponibili sul foglio illustrativo del prodotto o sul sito web del produttore.<\/p>\n\n\n<h2 class=\"wp-block-heading\" id=\"h-recenzje-i-opinie-o-proflexen\">Recensioni e opinioni su ProFlexen<\/h2>\n\n\n<p>Il <b>feedback<\/b> degli utilizzatori di ProFlexen \u00e8 generalmente positivo e spesso sottolinea il miglioramento della mobilit\u00e0 articolare, la riduzione del dolore articolare e il sollievo dall&#8217;infiammazione. Gli utenti raccomandano questo integratore ad altre persone con problemi articolari.<\/p>\n\n\n\n<blockquote class=\"wp-block-quote is-layout-flow wp-block-quote-is-layout-flow\"><p>&#8220;Sono una persona molto attiva fisicamente. Mi piace camminare in montagna, corro spesso e purtroppo le mie articolazioni hanno iniziato a rifiutarsi di obbedirmi. I dolori hanno iniziato a diventare pi\u00f9 frequenti e ho dovuto rinunciare a numerose escursioni. Ho usato molte pomate e ora ho deciso di usare un&#8217;altra forma: le compresse. Dopo pochi giorni ho notato un miglioramento significativo. Sentivo che le articolazioni erano come pi\u00f9 &#8220;mobili&#8221;, non ristagnavano. Dopo circa tre settimane il dolore era completamente scomparso, ma ho deciso di continuare il trattamento con Proflexen per evitare che il problema si ripresentasse&#8221;. &#8211; <strong>Dominica<\/strong><\/p>\n<\/blockquote>\n\n\n\n<blockquote class=\"wp-block-quote is-layout-flow wp-block-quote-is-layout-flow\"><p>&#8220;Con l&#8217;avanzare dell&#8217;et\u00e0, le persone accusano sempre pi\u00f9 disturbi. Purtroppo, nel mio caso, uno di questi \u00e8 il dolore alle articolazioni. Mi rendo conto che non potr\u00f2 tornare alla piena capacit\u00e0 di anni fa, ma questo non cambia il fatto che vorrei funzionare normalmente. Grazie a Proflexen, questo \u00e8 possibile. Ho ancora qualche fastidio, ma posso camminare senza pressione. Ci\u00f2 che mi ha spinto ad acquistare Proflexen \u00e8 stato il prezzo e la composizione dell&#8217;integratore. Alla mia et\u00e0, purtroppo, si ricorre gi\u00e0 a una discreta quantit\u00e0 di farmaci, che costano molto e che non tutti possono permettersi. In questo caso, devo dire che sono stati soldi ben investiti!&#8221;. &#8211; <strong>Wanda<\/strong><\/p>\n<\/blockquote>\n\n\n<h2 class=\"wp-block-heading\" id=\"h-proflexen-sklad-co-zawiera\">ProFlexen &#8211; Composizione &#8211; Cosa contiene?<\/h2>\n\n\n<p>ProFlexen \u00e8 un <b>integratore alimentare<\/b> innovativo studiato per sostenere la salute delle articolazioni e delle ossa. La sua <b>composizione<\/b> si basa su ingredienti naturali che hanno un effetto benefico sulla flessibilit\u00e0 delle articolazioni e sulla riduzione del dolore articolare.<\/p>\n\n\n<p>La composizione di ProFlexen comprende ingredienti quali:<\/p>\n\n\n\n<ul class=\"wp-block-list\">\n<li>Il<b>collagene<\/b> \u00e8 una proteina strutturale responsabile dell&#8217;elasticit\u00e0 e della resistenza del tessuto connettivo. Il collagene \u00e8 il componente principale che forma la struttura dei legamenti e della cartilagine articolare.<\/li>\n\n\n\n<li><b>Glucosamina<\/b> &#8211; un aminozucchero che svolge un ruolo fondamentale nella produzione e nel ripristino della cartilagine articolare. Aiuta inoltre a mantenere la corretta viscosit\u00e0 del liquido articolare, che contribuisce al buon funzionamento delle articolazioni.<\/li>\n\n\n\n<li><b>Condroitina<\/b> &#8211; un glicosaminoglicano che favorisce la rigenerazione della cartilagine articolare e il mantenimento della sua idratazione.<\/li>\n<\/ul>\n\n\n<p>Grazie all&#8217;uso di questi ingredienti, ProFlexen non solo supporta la salute delle articolazioni, ma favorisce anche il mantenimento della vitalit\u00e0 delle ossa. La composizione dell&#8217;integratore \u00e8 stata accuratamente selezionata e testata per garantire il massimo beneficio, pur mantenendo un uso sicuro.<\/p>\n\n\n<h2 class=\"wp-block-heading\" id=\"h-cena-proflexen-gdzie-kupic\">Prezzo di ProFlexen &#8211; Dove si compra?<\/h2>\n\n\n<p>Se siete interessati ad <b>acquistare<\/b> un integratore alimentare ProFlexen originale, \u00e8 meglio farlo dal sito ufficiale del produttore. Perch\u00e9? Innanzitutto, ordinando in questo modo si avr\u00e0 la certezza dell&#8217;originalit\u00e0 del prodotto, cosa importante quando si tratta di integratori alimentari. In secondo luogo, sul sito ufficiale del produttore \u00e8 sempre possibile trovare le informazioni pi\u00f9 aggiornate sul prodotto, comprese eventuali promozioni o sconti che possono rendere l&#8217;<b>acquisto<\/b> pi\u00f9 conveniente.<\/p>\n\n\n<p>Il <b>prezzo<\/b> finale <b>di<\/b> ProFlexen pu\u00f2 variare a seconda della confezione scelta e del numero di compresse. Di norma, pi\u00f9 grande \u00e8 la confezione, pi\u00f9 vantaggioso \u00e8 il <b>prezzo<\/b> per confezione. Pertanto, si dovrebbe considerare l&#8217;acquisto di una quantit\u00e0 maggiore per risparmiare. Sul sito ufficiale del produttore troverete sicuramente informazioni dettagliate su prezzi e confezioni.<\/p>\n\n\n<p>Vale anche la pena di verificare se il produttore offre ulteriori promozioni o sconti quando si acquistano pi\u00f9 integratori. Questa potrebbe essere un&#8217;ottima occasione per fare scorta di ProFlexen a un prezzo vantaggioso e assicurarsi un periodo di integrazione pi\u00f9 lungo.<\/p>\n\n\n<p>Vi invitiamo a visitare il sito ufficiale del produttore, dove potrete acquistare ProFlexen in tutta sicurezza e trovare informazioni dettagliate sul prodotto e sulle promozioni in corso. Ricordate che l&#8217;uso dell&#8217;integratore alimentare originale ProFlexen pu\u00f2 contribuire a migliorare la salute delle articolazioni e delle ossa.<\/p>\n\n\n<h2 class=\"wp-block-heading\" id=\"h-proflexen-skutki-uboczne-i-przeciwwskazania\">ProFlexen &#8211; Effetti collaterali e controindicazioni<\/h2>\n\n\n<p>ProFlexen \u00e8 un integratore alimentare generalmente considerato sicuro per l&#8217;uso. Tuttavia, \u00e8 sempre consigliabile consultare il proprio medico prima di iniziare l&#8217;integrazione. Soprattutto se si soffre di condizioni mediche croniche o si assumono altri farmaci, \u00e8 importante ottenere il parere di un medico professionista.<\/p>\n\n\n<p>Sebbene ProFlexen sia ben tollerato dalla maggior parte delle persone, \u00e8 possibile che in alcuni soggetti si verifichino effetti collaterali. Questi possono includere problemi gastrointestinali come dolore addominale, nausea, vomito o bruciore di stomaco. Se si nota uno di questi sintomi durante l&#8217;assunzione di ProFlexen, \u00e8 necessario interrompere l&#8217;integrazione e consultare il medico.<\/p>\n\n\n<p>Si noti che ProFlexen contiene ingredienti che possono provocare una reazione allergica in alcune persone. Se si \u00e8 soggetti ad allergie o si sono avute precedenti reazioni allergiche a uno qualsiasi degli ingredienti di ProFlexen, non si deve utilizzare. In tal caso, \u00e8 sempre consigliabile consultare il proprio medico prima di decidere di iniziare l&#8217;integrazione.<\/p>\n","protected":false},"excerpt":{"rendered":"<p><strong>44.00 \u20ac<\/strong><\/p>\n<p><del>88.00 \u20ac<\/del><\/p>\n<p><strong>[date_countdown]<\/strong><\/p>\n","protected":false},"featured_media":5461,"comment_status":"open","ping_status":"closed","template":"","meta":{"neve_meta_sidebar":"","neve_meta_container":"","neve_meta_enable_content_width":"","neve_meta_content_width":0,"neve_meta_title_alignment":"","neve_meta_author_avatar":"","neve_post_elements_order":"","neve_meta_disable_header":"","neve_meta_disable_footer":"","neve_meta_disable_title":"","neve_meta_reading_time":""},"product_brand":[],"product_cat":[113],"product_tag":[],"class_list":{"0":"post-5477","1":"product","2":"type-product","3":"status-publish","4":"has-post-thumbnail","6":"product_cat-salute","8":"first","9":"instock","10":"shipping-taxable","11":"product-type-external"},"yoast_head":"<!-- This site is optimized with the Yoast SEO plugin v27.4 - https:\/\/yoast.com\/product\/yoast-seo-wordpress\/ -->\n<title>ProFlexen - Clinica Althea<\/title>\n<meta name=\"robots\" content=\"index, follow, max-snippet:-1, max-image-preview:large, max-video-preview:-1\" \/>\n<link rel=\"canonical\" href=\"https:\/\/www.clinicaalthea.com\/farmacia\/it\/apt\/proflexen\/\" \/>\n<meta property=\"og:locale\" content=\"pl_PL\" \/>\n<meta property=\"og:type\" content=\"article\" \/>\n<meta property=\"og:title\" content=\"ProFlexen - Clinica Althea\" \/>\n<meta property=\"og:description\" content=\"44.00 \u20ac 88.00 \u20ac\" \/>\n<meta property=\"og:url\" content=\"https:\/\/www.clinicaalthea.com\/farmacia\/it\/apt\/proflexen\/\" \/>\n<meta property=\"og:site_name\" content=\"Clinica Althea\" \/>\n<meta property=\"article:modified_time\" content=\"2024-05-23T12:05:06+00:00\" \/>\n<meta property=\"og:image\" content=\"https:\/\/www.clinicaalthea.com\/farmacia\/wp-content\/uploads\/2024\/05\/ProFlexen.jpg\" \/>\n\t<meta property=\"og:image:width\" content=\"768\" \/>\n\t<meta property=\"og:image:height\" content=\"768\" \/>\n\t<meta property=\"og:image:type\" content=\"image\/jpeg\" \/>\n<meta name=\"twitter:card\" content=\"summary_large_image\" \/>\n<meta name=\"twitter:label1\" content=\"Szacowany czas czytania\" \/>\n\t<meta name=\"twitter:data1\" content=\"7 minut\" \/>\n<script type=\"application\/ld+json\" class=\"yoast-schema-graph\">{\"@context\":\"https:\\\/\\\/schema.org\",\"@graph\":[{\"@type\":\"WebPage\",\"@id\":\"https:\\\/\\\/www.clinicaalthea.com\\\/farmacia\\\/it\\\/apt\\\/proflexen\\\/\",\"url\":\"https:\\\/\\\/www.clinicaalthea.com\\\/farmacia\\\/it\\\/apt\\\/proflexen\\\/\",\"name\":\"ProFlexen - Clinica Althea\",\"isPartOf\":{\"@id\":\"https:\\\/\\\/www.clinicaalthea.com\\\/farmacia\\\/#website\"},\"primaryImageOfPage\":{\"@id\":\"https:\\\/\\\/www.clinicaalthea.com\\\/farmacia\\\/it\\\/apt\\\/proflexen\\\/#primaryimage\"},\"image\":{\"@id\":\"https:\\\/\\\/www.clinicaalthea.com\\\/farmacia\\\/it\\\/apt\\\/proflexen\\\/#primaryimage\"},\"thumbnailUrl\":\"https:\\\/\\\/www.clinicaalthea.com\\\/farmacia\\\/wp-content\\\/uploads\\\/2024\\\/05\\\/ProFlexen.jpg\",\"datePublished\":\"2024-05-23T12:03:16+00:00\",\"dateModified\":\"2024-05-23T12:05:06+00:00\",\"breadcrumb\":{\"@id\":\"https:\\\/\\\/www.clinicaalthea.com\\\/farmacia\\\/it\\\/apt\\\/proflexen\\\/#breadcrumb\"},\"inLanguage\":\"pl-PL\",\"potentialAction\":[{\"@type\":\"ReadAction\",\"target\":[\"https:\\\/\\\/www.clinicaalthea.com\\\/farmacia\\\/it\\\/apt\\\/proflexen\\\/\"]}]},{\"@type\":\"ImageObject\",\"inLanguage\":\"pl-PL\",\"@id\":\"https:\\\/\\\/www.clinicaalthea.com\\\/farmacia\\\/it\\\/apt\\\/proflexen\\\/#primaryimage\",\"url\":\"https:\\\/\\\/www.clinicaalthea.com\\\/farmacia\\\/wp-content\\\/uploads\\\/2024\\\/05\\\/ProFlexen.jpg\",\"contentUrl\":\"https:\\\/\\\/www.clinicaalthea.com\\\/farmacia\\\/wp-content\\\/uploads\\\/2024\\\/05\\\/ProFlexen.jpg\",\"width\":768,\"height\":768,\"caption\":\"ProFlexen\"},{\"@type\":\"BreadcrumbList\",\"@id\":\"https:\\\/\\\/www.clinicaalthea.com\\\/farmacia\\\/it\\\/apt\\\/proflexen\\\/#breadcrumb\",\"itemListElement\":[{\"@type\":\"ListItem\",\"position\":1,\"name\":\"Strona g\u0142\u00f3wna\",\"item\":\"https:\\\/\\\/www.clinicaalthea.com\\\/farmacia\\\/\"},{\"@type\":\"ListItem\",\"position\":2,\"name\":\"Produkty\",\"item\":\"https:\\\/\\\/www.clinicaalthea.com\\\/farmacia\\\/\"},{\"@type\":\"ListItem\",\"position\":3,\"name\":\"ProFlexen\"}]},{\"@type\":\"WebSite\",\"@id\":\"https:\\\/\\\/www.clinicaalthea.com\\\/farmacia\\\/#website\",\"url\":\"https:\\\/\\\/www.clinicaalthea.com\\\/farmacia\\\/\",\"name\":\"Clinica Althea\",\"description\":\"\",\"publisher\":{\"@id\":\"https:\\\/\\\/www.clinicaalthea.com\\\/farmacia\\\/#organization\"},\"potentialAction\":[{\"@type\":\"SearchAction\",\"target\":{\"@type\":\"EntryPoint\",\"urlTemplate\":\"https:\\\/\\\/www.clinicaalthea.com\\\/farmacia\\\/?s={search_term_string}\"},\"query-input\":{\"@type\":\"PropertyValueSpecification\",\"valueRequired\":true,\"valueName\":\"search_term_string\"}}],\"inLanguage\":\"pl-PL\"},{\"@type\":\"Organization\",\"@id\":\"https:\\\/\\\/www.clinicaalthea.com\\\/farmacia\\\/#organization\",\"name\":\"Clinica Althea\",\"url\":\"https:\\\/\\\/www.clinicaalthea.com\\\/farmacia\\\/\",\"logo\":{\"@type\":\"ImageObject\",\"inLanguage\":\"pl-PL\",\"@id\":\"https:\\\/\\\/www.clinicaalthea.com\\\/farmacia\\\/#\\\/schema\\\/logo\\\/image\\\/\",\"url\":\"https:\\\/\\\/www.clinicaalthea.com\\\/farmacia\\\/wp-content\\\/uploads\\\/2023\\\/12\\\/Jak-diagnozuje-sie-FAS_-objawy-kryteria-diagnostyczne-i-metody-diagnozowania-154162903.jpg\",\"contentUrl\":\"https:\\\/\\\/www.clinicaalthea.com\\\/farmacia\\\/wp-content\\\/uploads\\\/2023\\\/12\\\/Jak-diagnozuje-sie-FAS_-objawy-kryteria-diagnostyczne-i-metody-diagnozowania-154162903.jpg\",\"width\":1216,\"height\":832,\"caption\":\"Clinica Althea\"},\"image\":{\"@id\":\"https:\\\/\\\/www.clinicaalthea.com\\\/farmacia\\\/#\\\/schema\\\/logo\\\/image\\\/\"}}]}<\/script>\n<!-- \/ Yoast SEO plugin. -->","yoast_head_json":{"title":"ProFlexen - Clinica Althea","robots":{"index":"index","follow":"follow","max-snippet":"max-snippet:-1","max-image-preview":"max-image-preview:large","max-video-preview":"max-video-preview:-1"},"canonical":"https:\/\/www.clinicaalthea.com\/farmacia\/it\/apt\/proflexen\/","og_locale":"pl_PL","og_type":"article","og_title":"ProFlexen - Clinica Althea","og_description":"44.00 \u20ac 88.00 \u20ac","og_url":"https:\/\/www.clinicaalthea.com\/farmacia\/it\/apt\/proflexen\/","og_site_name":"Clinica Althea","article_modified_time":"2024-05-23T12:05:06+00:00","og_image":[{"width":768,"height":768,"url":"https:\/\/www.clinicaalthea.com\/farmacia\/wp-content\/uploads\/2024\/05\/ProFlexen.jpg","type":"image\/jpeg"}],"twitter_card":"summary_large_image","twitter_misc":{"Szacowany czas czytania":"7 minut"},"schema":{"@context":"https:\/\/schema.org","@graph":[{"@type":"WebPage","@id":"https:\/\/www.clinicaalthea.com\/farmacia\/it\/apt\/proflexen\/","url":"https:\/\/www.clinicaalthea.com\/farmacia\/it\/apt\/proflexen\/","name":"ProFlexen - Clinica Althea","isPartOf":{"@id":"https:\/\/www.clinicaalthea.com\/farmacia\/#website"},"primaryImageOfPage":{"@id":"https:\/\/www.clinicaalthea.com\/farmacia\/it\/apt\/proflexen\/#primaryimage"},"image":{"@id":"https:\/\/www.clinicaalthea.com\/farmacia\/it\/apt\/proflexen\/#primaryimage"},"thumbnailUrl":"https:\/\/www.clinicaalthea.com\/farmacia\/wp-content\/uploads\/2024\/05\/ProFlexen.jpg","datePublished":"2024-05-23T12:03:16+00:00","dateModified":"2024-05-23T12:05:06+00:00","breadcrumb":{"@id":"https:\/\/www.clinicaalthea.com\/farmacia\/it\/apt\/proflexen\/#breadcrumb"},"inLanguage":"pl-PL","potentialAction":[{"@type":"ReadAction","target":["https:\/\/www.clinicaalthea.com\/farmacia\/it\/apt\/proflexen\/"]}]},{"@type":"ImageObject","inLanguage":"pl-PL","@id":"https:\/\/www.clinicaalthea.com\/farmacia\/it\/apt\/proflexen\/#primaryimage","url":"https:\/\/www.clinicaalthea.com\/farmacia\/wp-content\/uploads\/2024\/05\/ProFlexen.jpg","contentUrl":"https:\/\/www.clinicaalthea.com\/farmacia\/wp-content\/uploads\/2024\/05\/ProFlexen.jpg","width":768,"height":768,"caption":"ProFlexen"},{"@type":"BreadcrumbList","@id":"https:\/\/www.clinicaalthea.com\/farmacia\/it\/apt\/proflexen\/#breadcrumb","itemListElement":[{"@type":"ListItem","position":1,"name":"Strona g\u0142\u00f3wna","item":"https:\/\/www.clinicaalthea.com\/farmacia\/"},{"@type":"ListItem","position":2,"name":"Produkty","item":"https:\/\/www.clinicaalthea.com\/farmacia\/"},{"@type":"ListItem","position":3,"name":"ProFlexen"}]},{"@type":"WebSite","@id":"https:\/\/www.clinicaalthea.com\/farmacia\/#website","url":"https:\/\/www.clinicaalthea.com\/farmacia\/","name":"Clinica Althea","description":"","publisher":{"@id":"https:\/\/www.clinicaalthea.com\/farmacia\/#organization"},"potentialAction":[{"@type":"SearchAction","target":{"@type":"EntryPoint","urlTemplate":"https:\/\/www.clinicaalthea.com\/farmacia\/?s={search_term_string}"},"query-input":{"@type":"PropertyValueSpecification","valueRequired":true,"valueName":"search_term_string"}}],"inLanguage":"pl-PL"},{"@type":"Organization","@id":"https:\/\/www.clinicaalthea.com\/farmacia\/#organization","name":"Clinica Althea","url":"https:\/\/www.clinicaalthea.com\/farmacia\/","logo":{"@type":"ImageObject","inLanguage":"pl-PL","@id":"https:\/\/www.clinicaalthea.com\/farmacia\/#\/schema\/logo\/image\/","url":"https:\/\/www.clinicaalthea.com\/farmacia\/wp-content\/uploads\/2023\/12\/Jak-diagnozuje-sie-FAS_-objawy-kryteria-diagnostyczne-i-metody-diagnozowania-154162903.jpg","contentUrl":"https:\/\/www.clinicaalthea.com\/farmacia\/wp-content\/uploads\/2023\/12\/Jak-diagnozuje-sie-FAS_-objawy-kryteria-diagnostyczne-i-metody-diagnozowania-154162903.jpg","width":1216,"height":832,"caption":"Clinica Althea"},"image":{"@id":"https:\/\/www.clinicaalthea.com\/farmacia\/#\/schema\/logo\/image\/"}}]}},"lang":"it","translations":{"it":5477,"pl":5460,"nb":5463,"da":5465,"hu":5467,"de":5469,"es":5471,"fi":5473,"fr":5475,"nl":5479,"pt":5481,"ro":5483,"sv":5485},"pll_sync_post":[],"_links":{"self":[{"href":"https:\/\/www.clinicaalthea.com\/farmacia\/wp-json\/wp\/v2\/product\/5477","targetHints":{"allow":["GET"]}}],"collection":[{"href":"https:\/\/www.clinicaalthea.com\/farmacia\/wp-json\/wp\/v2\/product"}],"about":[{"href":"https:\/\/www.clinicaalthea.com\/farmacia\/wp-json\/wp\/v2\/types\/product"}],"replies":[{"embeddable":true,"href":"https:\/\/www.clinicaalthea.com\/farmacia\/wp-json\/wp\/v2\/comments?post=5477"}],"wp:featuredmedia":[{"embeddable":true,"href":"https:\/\/www.clinicaalthea.com\/farmacia\/wp-json\/wp\/v2\/media\/5461"}],"wp:attachment":[{"href":"https:\/\/www.clinicaalthea.com\/farmacia\/wp-json\/wp\/v2\/media?parent=5477"}],"wp:term":[{"taxonomy":"product_brand","embeddable":true,"href":"https:\/\/www.clinicaalthea.com\/farmacia\/wp-json\/wp\/v2\/product_brand?post=5477"},{"taxonomy":"product_cat","embeddable":true,"href":"https:\/\/www.clinicaalthea.com\/farmacia\/wp-json\/wp\/v2\/product_cat?post=5477"},{"taxonomy":"product_tag","embeddable":true,"href":"https:\/\/www.clinicaalthea.com\/farmacia\/wp-json\/wp\/v2\/product_tag?post=5477"}],"curies":[{"name":"wp","href":"https:\/\/api.w.org\/{rel}","templated":true}]}}