{"id":5471,"date":"2024-05-23T13:02:01","date_gmt":"2024-05-23T12:02:01","guid":{"rendered":"https:\/\/mayoguide.org\/produkty\/?post_type=product&#038;p=5471"},"modified":"2024-05-23T13:05:06","modified_gmt":"2024-05-23T12:05:06","slug":"proflexen","status":"publish","type":"product","link":"https:\/\/www.clinicaalthea.com\/farmacia\/es\/apt\/proflexen\/","title":{"rendered":"ProFlexen"},"content":{"rendered":"<h2 class=\"wp-block-heading\" id=\"h-co-to-jest-proflexen-i-jak-dziala\">\u00bfQu\u00e9 es ProFlexen y c\u00f3mo funciona?<\/h2>\n\n\n<p>ProFlexen es un <strong>complemento alimenticio<\/strong> dise\u00f1ado para favorecer la salud de las articulaciones. Su f\u00f3rmula \u00fanica, basada en ingredientes naturales como el col\u00e1geno, la glucosamina y la condroitina, act\u00faa en m\u00faltiples niveles.<\/p>\n\n\n<p>El col\u00e1geno es uno de los principales ingredientes de ProFlexen y desempe\u00f1a un papel importante en el mantenimiento de la flexibilidad articular. Ayuda a restaurar y mantener sano el cart\u00edlago articular.<\/p>\n\n\n<p>La glucosamina y la condroitina tienen un efecto positivo en la protecci\u00f3n del cart\u00edlago articular, mejorando su elasticidad y resistencia. Adem\u00e1s, aportan nutrientes esenciales para el mantenimiento de unos huesos sanos.<\/p>\n\n\n<p>El <strong>uso<\/strong> regular <strong>de<\/strong> ProFlexen tiene muchos <strong>beneficios<\/strong> para la salud de las articulaciones. Mejora la movilidad articular, lo que afecta a la flexibilidad de las articulaciones. Adem\u00e1s, el suplemento favorece la salud de los huesos y reduce el dolor y la artritis.<\/p>\n\n\n<h2 class=\"wp-block-heading\" id=\"h-jakie-sa-efekty-stosowania-proflexen\">\u00bfCu\u00e1les son los efectos de ProFlexen?<\/h2>\n\n\n<p>El <b>uso de<\/b> <em>ProFlexen<\/em> tiene muchas ventajas para mantener unas articulaciones sanas y flexibles y reducir el dolor articular. El uso de este innovador suplemento diet\u00e9tico puede mejorar significativamente la movilidad y la calidad de vida de las personas con problemas articulares.<\/p>\n\n\n\n<ul class=\"wp-block-list\">\n<li><strong>Mejora de la movilidad articular:<\/strong> ProFlexen contiene ingredientes que favorecen la flexibilidad articular y mejoran la funci\u00f3n de las articulaciones. El <b>uso<\/b> regular del suplemento puede ayudar a aumentar la amplitud de movimiento de las articulaciones y facilitar la realizaci\u00f3n de las actividades diarias.<\/li>\n\n\n\n<li><strong>Reducci\u00f3n del dolor articular:<\/strong> Con ingredientes naturales como el <b>col\u00e1geno<\/b>, la <b>glucosamina<\/b> y <b>la condroitina<\/b>, ProFlexen ayuda a reducir el dolor articular. Al actuar sobre las causas del dolor, el suplemento puede proporcionar alivio y mejorar la calidad de vida.<\/li>\n\n\n\n<li><strong>Favorecer la regeneraci\u00f3n articular:<\/strong> ProFlexen puede desempe\u00f1ar un papel importante en la regeneraci\u00f3n de los tejidos articulares. Los ingredientes del suplemento influyen en la producci\u00f3n de col\u00e1geno, que es esencial para la estructura y el funcionamiento normales de las articulaciones.<\/li>\n\n\n\n<li><strong>Mantener unos huesos sanos:<\/strong> El <b>complemento alimenticio<\/b> ProFlexen aporta al organismo los nutrientes necesarios para mantener unos huesos sanos. Esto ayuda a aumentar la resistencia de los huesos y a prevenir el da\u00f1o \u00f3seo.<\/li>\n<\/ul>\n\n\n<p>El <b>uso<\/b> de ProFlexen como suplemento diet\u00e9tico tiene el potencial de mejorar significativamente la salud articular y \u00f3sea. Sin embargo, es importante recordar que los <b>efectos<\/b> pueden variar en funci\u00f3n de las necesidades individuales y la condici\u00f3n corporal. Si usted tiene alguna preocupaci\u00f3n o problemas de salud de las articulaciones, siempre es aconsejable consultar a su m\u00e9dico antes de comenzar la suplementaci\u00f3n.<\/p>\n\n\n<h2 class=\"wp-block-heading\" id=\"h-dawkowanie-proflexen-jak-stosowac\">Dosificaci\u00f3n de ProFlexen &#8211; \u00bfC\u00f3mo utilizarlo?<\/h2>\n\n\n<p>El uso regular de ProFlexen es fundamental para obtener los mejores resultados. Recomendamos tomar 2 c\u00e1psulas del suplemento al d\u00eda, preferiblemente con una comida. Es importante seguir la dosis recomendada y las recomendaciones del fabricante para obtener resultados \u00f3ptimos en el fortalecimiento de la salud articular.<\/p>\n\n\n<p>Adaptarse a la dosificaci\u00f3n de ProFlexen es sencillo y c\u00f3modo. Puede incorporar la dosis <b>del<\/b> suplemento a su rutina diaria, por ejemplo 1 c\u00e1psula por la ma\u00f1ana y otra por la noche. Encontrar\u00e1 orientaciones sobre la utilizaci\u00f3n de ProFlexen en el prospecto del producto o en la p\u00e1gina web del fabricante.<\/p>\n\n\n<h2 class=\"wp-block-heading\" id=\"h-recenzje-i-opinie-o-proflexen\">Rese\u00f1as y opiniones sobre ProFlexen<\/h2>\n\n\n<p>Los <b>comentarios<\/b> de los usuarios de ProFlexen son generalmente positivos, destacando a menudo la mejora de la movilidad articular, la reducci\u00f3n del dolor articular y el alivio de la inflamaci\u00f3n. Los usuarios recomiendan este suplemento a otras personas con problemas articulares.<\/p>\n\n\n\n<blockquote class=\"wp-block-quote is-layout-flow wp-block-quote-is-layout-flow\"><p>&#8220;Soy una persona muy activa f\u00edsicamente. Me encanta caminar por la monta\u00f1a, corro a menudo y, por desgracia, mis articulaciones empezaron a negarse a obedecerme. Los dolores empezaron a ser m\u00e1s frecuentes y tuve que renunciar a numerosas caminatas. Utilic\u00e9 muchos ung\u00fcentos y ahora he decidido utilizar otra forma, es decir, comprimidos. Al cabo de unos d\u00edas not\u00e9 una mejora significativa. Sent\u00ed que las articulaciones estaban como m\u00e1s &#8220;m\u00f3viles&#8221;, no estaban estancadas. Al cabo de unas tres semanas el dolor hab\u00eda desaparecido por completo, pero decid\u00ed continuar el tratamiento con Proflexen para que el problema no volviera.&#8221; &#8211; <strong>Dominica<\/strong><\/p>\n<\/blockquote>\n\n\n\n<blockquote class=\"wp-block-quote is-layout-flow wp-block-quote-is-layout-flow\"><p>&#8220;A medida que la gente envejece, experimenta cada vez m\u00e1s dolencias. Por desgracia, en mi caso una de ellas es el dolor articular. Soy consciente de que no podr\u00e9 recuperar toda la capacidad de hace a\u00f1os, pero eso no cambia el hecho de que me gustar\u00eda funcionar con normalidad. Gracias a Proflexen, esto es posible. Todav\u00eda siento algunas molestias, pero puedo caminar sin ninguna presi\u00f3n. Lo que realmente me anim\u00f3 a comprar Proflexen fue el precio y la composici\u00f3n del suplemento. A mi edad, por desgracia, ya se utiliza una buena cantidad de medicamentos, que cuestan mucho y no todo se puede permitir. En este caso, \u00a1tengo que decir que fue dinero bien invertido!&#8221;. &#8211; <strong>Wanda<\/strong><\/p>\n<\/blockquote>\n\n\n<h2 class=\"wp-block-heading\" id=\"h-proflexen-sklad-co-zawiera\">ProFlexen &#8211; Composici\u00f3n &#8211; \u00bfQu\u00e9 contiene?<\/h2>\n\n\n<p>ProFlexen es un <b>suplemento diet\u00e9tico<\/b> innovador dise\u00f1ado para favorecer la salud articular y \u00f3sea. Su <b>composici\u00f3n<\/b> se basa en ingredientes naturales que tienen un efecto beneficioso sobre la flexibilidad de las articulaciones y la reducci\u00f3n del dolor articular.<\/p>\n\n\n<p>La composici\u00f3n de ProFlexen incluye ingredientes como:<\/p>\n\n\n\n<ul class=\"wp-block-list\">\n<li><b>Col\u00e1geno<\/b>: prote\u00edna estructural responsable de la elasticidad y resistencia del tejido conjuntivo. El col\u00e1geno es el principal componente que forma la estructura de los ligamentos y el cart\u00edlago articular.<\/li>\n\n\n\n<li><b>Glucosamina<\/b>: aminoaz\u00facar que desempe\u00f1a un papel clave en la producci\u00f3n y restauraci\u00f3n del cart\u00edlago articular. Tambi\u00e9n ayuda a mantener la viscosidad correcta del l\u00edquido articular, lo que contribuye al buen funcionamiento de las articulaciones.<\/li>\n\n\n\n<li><b>Condroitina<\/b>: un glicosaminoglicano que favorece la regeneraci\u00f3n del cart\u00edlago articular y el mantenimiento de su hidrataci\u00f3n.<\/li>\n<\/ul>\n\n\n<p>Mediante el uso de estos ingredientes, ProFlexen no s\u00f3lo favorece la salud articular, sino que tambi\u00e9n beneficia el mantenimiento de la vitalidad \u00f3sea. La composici\u00f3n del suplemento ha sido cuidadosamente seleccionada y probada para garantizar el m\u00e1ximo beneficio, manteniendo al mismo tiempo un uso seguro.<\/p>\n\n\n<h2 class=\"wp-block-heading\" id=\"h-cena-proflexen-gdzie-kupic\">Precio de ProFlexen &#8211; \u00bfD\u00f3nde comprar?<\/h2>\n\n\n<p>Si usted est\u00e1 interesado en la <b>compra<\/b> de un suplemento diet\u00e9tico original ProFlexen, lo mejor es hacerlo desde el sitio web oficial del fabricante. \u00bfPor qu\u00e9? En primer lugar, hacer el pedido de esta manera le dar\u00e1 confianza en la originalidad del producto, lo cual es importante cuando se trata de suplementos diet\u00e9ticos. En segundo lugar, en el sitio web oficial del fabricante siempre podr\u00e1 encontrar la informaci\u00f3n m\u00e1s actualizada sobre el producto, incluidas las promociones o descuentos que puedan hacer que su <b>compra<\/b> sea m\u00e1s asequible.<\/p>\n\n\n<p>El <b>precio<\/b> final <b>de<\/b> ProFlexen puede variar en funci\u00f3n del envase elegido y del n\u00famero de comprimidos. Por regla general, cuanto mayor sea el envase, m\u00e1s favorable ser\u00e1 el <b>precio<\/b> por envase. Por lo tanto, deber\u00eda considerar la compra de una cantidad mayor para ahorrar dinero. En el sitio web oficial del fabricante encontrar\u00e1 sin duda informaci\u00f3n detallada sobre precios y envases.<\/p>\n\n\n<p>Tambi\u00e9n vale la pena comprobar si el fabricante ofrece promociones o descuentos adicionales al comprar m\u00e1s cantidad del suplemento. Esto podr\u00eda ser una gran oportunidad para abastecerse de ProFlexen a un gran precio y asegurar un per\u00edodo m\u00e1s largo de la suplementaci\u00f3n.<\/p>\n\n\n<p>Le animamos a visitar la p\u00e1gina web oficial del fabricante, donde podr\u00e1 comprar ProFlexen de forma segura y encontrar informaci\u00f3n detallada sobre el producto y las promociones vigentes. Recuerde que el uso del suplemento diet\u00e9tico original ProFlexen puede ayudar a mejorar la salud de sus articulaciones y huesos.<\/p>\n\n\n<h2 class=\"wp-block-heading\" id=\"h-proflexen-skutki-uboczne-i-przeciwwskazania\">ProFlexen &#8211; Efectos secundarios y contraindicaciones<\/h2>\n\n\n<p>ProFlexen es un suplemento diet\u00e9tico generalmente considerado seguro para su uso. Sin embargo, siempre es aconsejable consultar a su m\u00e9dico antes de empezar a tomar suplementos. Especialmente si padece alguna enfermedad cr\u00f3nica o est\u00e1 tomando otros medicamentos, es importante que obtenga asesoramiento m\u00e9dico profesional.<\/p>\n\n\n<p>Aunque ProFlexen es bien tolerado por la mayor\u00eda de las personas, existe la posibilidad de que se produzcan efectos secundarios en algunas personas. Estos pueden incluir problemas gastrointestinales como dolor abdominal, n\u00e1useas, v\u00f3mitos o ardor de est\u00f3mago. Si nota alguno de estos s\u00edntomas mientras toma ProFlexen, debe interrumpir la suplementaci\u00f3n y consultar a su m\u00e9dico.<\/p>\n\n\n<p>Tenga en cuenta que ProFlexen contiene ingredientes que pueden provocar reacciones al\u00e9rgicas en algunas personas. Si usted es propenso a las alergias o ha tenido anteriormente reacciones al\u00e9rgicas a alguno de los ingredientes de ProFlexen, no debe utilizarlo. Si este es el caso, siempre es una buena idea consultar a su m\u00e9dico antes de decidir comenzar la suplementaci\u00f3n.<\/p>\n","protected":false},"excerpt":{"rendered":"<p><strong>44.00 \u20ac<\/strong><\/p>\n<p><del>88.00 \u20ac<\/del><\/p>\n<p><strong>[date_countdown]<\/strong><\/p>\n","protected":false},"featured_media":5461,"comment_status":"open","ping_status":"closed","template":"","meta":{"neve_meta_sidebar":"","neve_meta_container":"","neve_meta_enable_content_width":"","neve_meta_content_width":0,"neve_meta_title_alignment":"","neve_meta_author_avatar":"","neve_post_elements_order":"","neve_meta_disable_header":"","neve_meta_disable_footer":"","neve_meta_disable_title":"","neve_meta_reading_time":""},"product_brand":[],"product_cat":[73],"product_tag":[],"class_list":{"0":"post-5471","1":"product","2":"type-product","3":"status-publish","4":"has-post-thumbnail","6":"product_cat-salud","8":"first","9":"instock","10":"shipping-taxable","11":"product-type-external"},"yoast_head":"<!-- This site is optimized with the Yoast SEO plugin v27.4 - https:\/\/yoast.com\/product\/yoast-seo-wordpress\/ -->\n<title>ProFlexen - Clinica Althea<\/title>\n<meta name=\"robots\" content=\"index, follow, max-snippet:-1, max-image-preview:large, max-video-preview:-1\" \/>\n<link rel=\"canonical\" href=\"https:\/\/www.clinicaalthea.com\/farmacia\/es\/apt\/proflexen\/\" \/>\n<meta property=\"og:locale\" content=\"pl_PL\" \/>\n<meta property=\"og:type\" content=\"article\" \/>\n<meta property=\"og:title\" content=\"ProFlexen - Clinica Althea\" \/>\n<meta property=\"og:description\" content=\"44.00 \u20ac 88.00 \u20ac\" \/>\n<meta property=\"og:url\" content=\"https:\/\/www.clinicaalthea.com\/farmacia\/es\/apt\/proflexen\/\" \/>\n<meta property=\"og:site_name\" content=\"Clinica Althea\" \/>\n<meta property=\"article:modified_time\" content=\"2024-05-23T12:05:06+00:00\" \/>\n<meta property=\"og:image\" content=\"https:\/\/www.clinicaalthea.com\/farmacia\/wp-content\/uploads\/2024\/05\/ProFlexen.jpg\" \/>\n\t<meta property=\"og:image:width\" content=\"768\" \/>\n\t<meta property=\"og:image:height\" content=\"768\" \/>\n\t<meta property=\"og:image:type\" content=\"image\/jpeg\" \/>\n<meta name=\"twitter:card\" content=\"summary_large_image\" \/>\n<meta name=\"twitter:label1\" content=\"Szacowany czas czytania\" \/>\n\t<meta name=\"twitter:data1\" content=\"8 minut\" \/>\n<script type=\"application\/ld+json\" class=\"yoast-schema-graph\">{\"@context\":\"https:\\\/\\\/schema.org\",\"@graph\":[{\"@type\":\"WebPage\",\"@id\":\"https:\\\/\\\/www.clinicaalthea.com\\\/farmacia\\\/es\\\/apt\\\/proflexen\\\/\",\"url\":\"https:\\\/\\\/www.clinicaalthea.com\\\/farmacia\\\/es\\\/apt\\\/proflexen\\\/\",\"name\":\"ProFlexen - Clinica Althea\",\"isPartOf\":{\"@id\":\"https:\\\/\\\/www.clinicaalthea.com\\\/farmacia\\\/#website\"},\"primaryImageOfPage\":{\"@id\":\"https:\\\/\\\/www.clinicaalthea.com\\\/farmacia\\\/es\\\/apt\\\/proflexen\\\/#primaryimage\"},\"image\":{\"@id\":\"https:\\\/\\\/www.clinicaalthea.com\\\/farmacia\\\/es\\\/apt\\\/proflexen\\\/#primaryimage\"},\"thumbnailUrl\":\"https:\\\/\\\/www.clinicaalthea.com\\\/farmacia\\\/wp-content\\\/uploads\\\/2024\\\/05\\\/ProFlexen.jpg\",\"datePublished\":\"2024-05-23T12:02:01+00:00\",\"dateModified\":\"2024-05-23T12:05:06+00:00\",\"breadcrumb\":{\"@id\":\"https:\\\/\\\/www.clinicaalthea.com\\\/farmacia\\\/es\\\/apt\\\/proflexen\\\/#breadcrumb\"},\"inLanguage\":\"pl-PL\",\"potentialAction\":[{\"@type\":\"ReadAction\",\"target\":[\"https:\\\/\\\/www.clinicaalthea.com\\\/farmacia\\\/es\\\/apt\\\/proflexen\\\/\"]}]},{\"@type\":\"ImageObject\",\"inLanguage\":\"pl-PL\",\"@id\":\"https:\\\/\\\/www.clinicaalthea.com\\\/farmacia\\\/es\\\/apt\\\/proflexen\\\/#primaryimage\",\"url\":\"https:\\\/\\\/www.clinicaalthea.com\\\/farmacia\\\/wp-content\\\/uploads\\\/2024\\\/05\\\/ProFlexen.jpg\",\"contentUrl\":\"https:\\\/\\\/www.clinicaalthea.com\\\/farmacia\\\/wp-content\\\/uploads\\\/2024\\\/05\\\/ProFlexen.jpg\",\"width\":768,\"height\":768,\"caption\":\"ProFlexen\"},{\"@type\":\"BreadcrumbList\",\"@id\":\"https:\\\/\\\/www.clinicaalthea.com\\\/farmacia\\\/es\\\/apt\\\/proflexen\\\/#breadcrumb\",\"itemListElement\":[{\"@type\":\"ListItem\",\"position\":1,\"name\":\"Strona g\u0142\u00f3wna\",\"item\":\"https:\\\/\\\/www.clinicaalthea.com\\\/farmacia\\\/\"},{\"@type\":\"ListItem\",\"position\":2,\"name\":\"Produkty\",\"item\":\"https:\\\/\\\/www.clinicaalthea.com\\\/farmacia\\\/\"},{\"@type\":\"ListItem\",\"position\":3,\"name\":\"ProFlexen\"}]},{\"@type\":\"WebSite\",\"@id\":\"https:\\\/\\\/www.clinicaalthea.com\\\/farmacia\\\/#website\",\"url\":\"https:\\\/\\\/www.clinicaalthea.com\\\/farmacia\\\/\",\"name\":\"Clinica Althea\",\"description\":\"\",\"publisher\":{\"@id\":\"https:\\\/\\\/www.clinicaalthea.com\\\/farmacia\\\/#organization\"},\"potentialAction\":[{\"@type\":\"SearchAction\",\"target\":{\"@type\":\"EntryPoint\",\"urlTemplate\":\"https:\\\/\\\/www.clinicaalthea.com\\\/farmacia\\\/?s={search_term_string}\"},\"query-input\":{\"@type\":\"PropertyValueSpecification\",\"valueRequired\":true,\"valueName\":\"search_term_string\"}}],\"inLanguage\":\"pl-PL\"},{\"@type\":\"Organization\",\"@id\":\"https:\\\/\\\/www.clinicaalthea.com\\\/farmacia\\\/#organization\",\"name\":\"Clinica Althea\",\"url\":\"https:\\\/\\\/www.clinicaalthea.com\\\/farmacia\\\/\",\"logo\":{\"@type\":\"ImageObject\",\"inLanguage\":\"pl-PL\",\"@id\":\"https:\\\/\\\/www.clinicaalthea.com\\\/farmacia\\\/#\\\/schema\\\/logo\\\/image\\\/\",\"url\":\"https:\\\/\\\/www.clinicaalthea.com\\\/farmacia\\\/wp-content\\\/uploads\\\/2023\\\/12\\\/Jak-diagnozuje-sie-FAS_-objawy-kryteria-diagnostyczne-i-metody-diagnozowania-154162903.jpg\",\"contentUrl\":\"https:\\\/\\\/www.clinicaalthea.com\\\/farmacia\\\/wp-content\\\/uploads\\\/2023\\\/12\\\/Jak-diagnozuje-sie-FAS_-objawy-kryteria-diagnostyczne-i-metody-diagnozowania-154162903.jpg\",\"width\":1216,\"height\":832,\"caption\":\"Clinica Althea\"},\"image\":{\"@id\":\"https:\\\/\\\/www.clinicaalthea.com\\\/farmacia\\\/#\\\/schema\\\/logo\\\/image\\\/\"}}]}<\/script>\n<!-- \/ Yoast SEO plugin. -->","yoast_head_json":{"title":"ProFlexen - Clinica Althea","robots":{"index":"index","follow":"follow","max-snippet":"max-snippet:-1","max-image-preview":"max-image-preview:large","max-video-preview":"max-video-preview:-1"},"canonical":"https:\/\/www.clinicaalthea.com\/farmacia\/es\/apt\/proflexen\/","og_locale":"pl_PL","og_type":"article","og_title":"ProFlexen - Clinica Althea","og_description":"44.00 \u20ac 88.00 \u20ac","og_url":"https:\/\/www.clinicaalthea.com\/farmacia\/es\/apt\/proflexen\/","og_site_name":"Clinica Althea","article_modified_time":"2024-05-23T12:05:06+00:00","og_image":[{"width":768,"height":768,"url":"https:\/\/www.clinicaalthea.com\/farmacia\/wp-content\/uploads\/2024\/05\/ProFlexen.jpg","type":"image\/jpeg"}],"twitter_card":"summary_large_image","twitter_misc":{"Szacowany czas czytania":"8 minut"},"schema":{"@context":"https:\/\/schema.org","@graph":[{"@type":"WebPage","@id":"https:\/\/www.clinicaalthea.com\/farmacia\/es\/apt\/proflexen\/","url":"https:\/\/www.clinicaalthea.com\/farmacia\/es\/apt\/proflexen\/","name":"ProFlexen - Clinica Althea","isPartOf":{"@id":"https:\/\/www.clinicaalthea.com\/farmacia\/#website"},"primaryImageOfPage":{"@id":"https:\/\/www.clinicaalthea.com\/farmacia\/es\/apt\/proflexen\/#primaryimage"},"image":{"@id":"https:\/\/www.clinicaalthea.com\/farmacia\/es\/apt\/proflexen\/#primaryimage"},"thumbnailUrl":"https:\/\/www.clinicaalthea.com\/farmacia\/wp-content\/uploads\/2024\/05\/ProFlexen.jpg","datePublished":"2024-05-23T12:02:01+00:00","dateModified":"2024-05-23T12:05:06+00:00","breadcrumb":{"@id":"https:\/\/www.clinicaalthea.com\/farmacia\/es\/apt\/proflexen\/#breadcrumb"},"inLanguage":"pl-PL","potentialAction":[{"@type":"ReadAction","target":["https:\/\/www.clinicaalthea.com\/farmacia\/es\/apt\/proflexen\/"]}]},{"@type":"ImageObject","inLanguage":"pl-PL","@id":"https:\/\/www.clinicaalthea.com\/farmacia\/es\/apt\/proflexen\/#primaryimage","url":"https:\/\/www.clinicaalthea.com\/farmacia\/wp-content\/uploads\/2024\/05\/ProFlexen.jpg","contentUrl":"https:\/\/www.clinicaalthea.com\/farmacia\/wp-content\/uploads\/2024\/05\/ProFlexen.jpg","width":768,"height":768,"caption":"ProFlexen"},{"@type":"BreadcrumbList","@id":"https:\/\/www.clinicaalthea.com\/farmacia\/es\/apt\/proflexen\/#breadcrumb","itemListElement":[{"@type":"ListItem","position":1,"name":"Strona g\u0142\u00f3wna","item":"https:\/\/www.clinicaalthea.com\/farmacia\/"},{"@type":"ListItem","position":2,"name":"Produkty","item":"https:\/\/www.clinicaalthea.com\/farmacia\/"},{"@type":"ListItem","position":3,"name":"ProFlexen"}]},{"@type":"WebSite","@id":"https:\/\/www.clinicaalthea.com\/farmacia\/#website","url":"https:\/\/www.clinicaalthea.com\/farmacia\/","name":"Clinica Althea","description":"","publisher":{"@id":"https:\/\/www.clinicaalthea.com\/farmacia\/#organization"},"potentialAction":[{"@type":"SearchAction","target":{"@type":"EntryPoint","urlTemplate":"https:\/\/www.clinicaalthea.com\/farmacia\/?s={search_term_string}"},"query-input":{"@type":"PropertyValueSpecification","valueRequired":true,"valueName":"search_term_string"}}],"inLanguage":"pl-PL"},{"@type":"Organization","@id":"https:\/\/www.clinicaalthea.com\/farmacia\/#organization","name":"Clinica Althea","url":"https:\/\/www.clinicaalthea.com\/farmacia\/","logo":{"@type":"ImageObject","inLanguage":"pl-PL","@id":"https:\/\/www.clinicaalthea.com\/farmacia\/#\/schema\/logo\/image\/","url":"https:\/\/www.clinicaalthea.com\/farmacia\/wp-content\/uploads\/2023\/12\/Jak-diagnozuje-sie-FAS_-objawy-kryteria-diagnostyczne-i-metody-diagnozowania-154162903.jpg","contentUrl":"https:\/\/www.clinicaalthea.com\/farmacia\/wp-content\/uploads\/2023\/12\/Jak-diagnozuje-sie-FAS_-objawy-kryteria-diagnostyczne-i-metody-diagnozowania-154162903.jpg","width":1216,"height":832,"caption":"Clinica Althea"},"image":{"@id":"https:\/\/www.clinicaalthea.com\/farmacia\/#\/schema\/logo\/image\/"}}]}},"lang":"es","translations":{"es":5471,"pl":5460,"nb":5463,"da":5465,"hu":5467,"de":5469,"fi":5473,"fr":5475,"it":5477,"nl":5479,"pt":5481,"ro":5483,"sv":5485},"pll_sync_post":[],"_links":{"self":[{"href":"https:\/\/www.clinicaalthea.com\/farmacia\/wp-json\/wp\/v2\/product\/5471","targetHints":{"allow":["GET"]}}],"collection":[{"href":"https:\/\/www.clinicaalthea.com\/farmacia\/wp-json\/wp\/v2\/product"}],"about":[{"href":"https:\/\/www.clinicaalthea.com\/farmacia\/wp-json\/wp\/v2\/types\/product"}],"replies":[{"embeddable":true,"href":"https:\/\/www.clinicaalthea.com\/farmacia\/wp-json\/wp\/v2\/comments?post=5471"}],"wp:featuredmedia":[{"embeddable":true,"href":"https:\/\/www.clinicaalthea.com\/farmacia\/wp-json\/wp\/v2\/media\/5461"}],"wp:attachment":[{"href":"https:\/\/www.clinicaalthea.com\/farmacia\/wp-json\/wp\/v2\/media?parent=5471"}],"wp:term":[{"taxonomy":"product_brand","embeddable":true,"href":"https:\/\/www.clinicaalthea.com\/farmacia\/wp-json\/wp\/v2\/product_brand?post=5471"},{"taxonomy":"product_cat","embeddable":true,"href":"https:\/\/www.clinicaalthea.com\/farmacia\/wp-json\/wp\/v2\/product_cat?post=5471"},{"taxonomy":"product_tag","embeddable":true,"href":"https:\/\/www.clinicaalthea.com\/farmacia\/wp-json\/wp\/v2\/product_tag?post=5471"}],"curies":[{"name":"wp","href":"https:\/\/api.w.org\/{rel}","templated":true}]}}