{"id":5465,"date":"2024-05-23T13:00:32","date_gmt":"2024-05-23T12:00:32","guid":{"rendered":"https:\/\/mayoguide.org\/produkty\/?post_type=product&#038;p=5465"},"modified":"2024-05-23T13:05:06","modified_gmt":"2024-05-23T12:05:06","slug":"proflexen","status":"publish","type":"product","link":"https:\/\/www.clinicaalthea.com\/farmacia\/da\/apt\/proflexen\/","title":{"rendered":"ProFlexen"},"content":{"rendered":"\n<h2 class=\"wp-block-heading\" id=\"h-co-to-jest-proflexen-i-jak-dziala\">Hvad er ProFlexen, og hvordan virker det?<\/h2>\n\n\n\n<p>ProFlexen er et <strong>kosttilskud<\/strong>, der er designet til at st\u00f8tte leddenes sundhed. Dets unikke formel, der er baseret p\u00e5 naturlige ingredienser som kollagen, glucosamin og chondroitin, virker p\u00e5 flere niveauer.<\/p>\n\n\n\n<p>Kollagen er en af hovedingredienserne i ProFlexen og spiller en vigtig rolle i opretholdelsen af leddenes fleksibilitet. Det hj\u00e6lper med at genoprette og vedligeholde sund ledbrusk.<\/p>\n\n\n\n<p>Glucosamin og chondroitin har en positiv effekt p\u00e5 beskyttelsen af ledbrusken og forbedrer dens elasticitet og styrke. Desuden giver de vigtige n\u00e6ringsstoffer til opretholdelse af sunde knogler.<\/p>\n\n\n\n<p>Regelm\u00e6ssig <strong>brug<\/strong> af ProFlexen har mange <strong>fordele<\/strong> for leddenes sundhed. Det forbedrer leddenes mobilitet og p\u00e5virker leddenes fleksibilitet. Desuden underst\u00f8tter tilskuddet sunde knogler og reducerer smerter og gigt.<\/p>\n\n\n\n<h2 class=\"wp-block-heading\" id=\"h-jakie-sa-efekty-stosowania-proflexen\">Hvad er virkningerne af ProFlexen?<\/h2>\n\n\n\n<p>Der er mange fordele ved at <b>bruge<\/b> <em>ProFlexen<\/em> til at opretholde sunde og fleksible led og reducere ledsmerter. Brug af dette innovative kosttilskud kan forbedre mobiliteten og livskvaliteten betydeligt for mennesker med ledproblemer.<\/p>\n\n\n\n<ul class=\"wp-block-list\">\n<li><strong>Forbedring af leddenes mobilitet:<\/strong> ProFlexen indeholder ingredienser, der underst\u00f8tter leddenes fleksibilitet og forbedrer deres funktion. Regelm\u00e6ssig <b>brug<\/b> af kosttilskuddet kan hj\u00e6lpe med at \u00f8ge leddenes bev\u00e6gelsesfrihed og g\u00f8re det lettere at udf\u00f8re daglige aktiviteter.<\/li>\n\n\n\n<li><strong>Reduktion af ledsmerter:<\/strong> Med naturlige ingredienser som <b>kollagen<\/b>, <b>glucosamin<\/b> og <b>chondroitin<\/b> hj\u00e6lper ProFlexen med at reducere ledsmerter. Ved at virke p\u00e5 \u00e5rsagerne til smerter kan kosttilskuddet give lindring og forbedre livskvaliteten.<\/li>\n\n\n\n<li><strong>Underst\u00f8tter regenerering af led:<\/strong> ProFlexen kan spille en vigtig rolle i regenereringen af ledv\u00e6v. Ingredienserne i kosttilskuddet p\u00e5virker produktionen af kollagen, som er afg\u00f8rende for leddenes normale struktur og funktion.<\/li>\n\n\n\n<li><strong>Opretholdelse af sunde knogler:<\/strong> <b>Kosttilskuddet<\/b> ProFlexen giver kroppen de n\u00f8dvendige n\u00e6ringsstoffer til at opretholde sunde knogler. Det hj\u00e6lper med at \u00f8ge knoglestyrken og forebygge knogleskader.<\/li>\n<\/ul>\n\n\n\n<p><b>Brug<\/b> af ProFlexen som kosttilskud har potentiale til at forbedre led- og knoglesundheden betydeligt. Det er dog vigtigt at huske, at <b>virkningerne<\/b> kan variere afh\u00e6ngigt af individuelle behov og kropstilstand. Hvis du har bekymringer eller problemer med leddenes sundhed, er det altid tilr\u00e5deligt at konsultere din l\u00e6ge, f\u00f8r du begynder at tage tilskud.<\/p>\n\n\n\n<h2 class=\"wp-block-heading\" id=\"h-dawkowanie-proflexen-jak-stosowac\">ProFlexen dosering &#8211; Hvordan bruges den?<\/h2>\n\n\n\n<p>Regelm\u00e6ssig brug af ProFlexen er n\u00f8glen til at opn\u00e5 de bedste resultater. Vi anbefaler at tage 2 kapsler af kosttilskuddet dagligt, helst i forbindelse med et m\u00e5ltid. Det er vigtigt at f\u00f8lge den anbefalede dosering og producentens anbefalinger for at opn\u00e5 optimale resultater med hensyn til at styrke leddenes sundhed.<\/p>\n\n\n\n<p>Det er nemt og bekvemt at tilpasse sig ProFlexens dosering. Du kan indarbejde doseringen <b>af<\/b> kosttilskuddet i din daglige rutine, f.eks. 1 kapsel om morgenen og en anden om aftenen. Vejledning i brug af ProFlexen findes i indl\u00e6gssedlen eller p\u00e5 producentens hjemmeside.<\/p>\n\n\n\n<h2 class=\"wp-block-heading\" id=\"h-recenzje-i-opinie-o-proflexen\">Anmeldelser og meninger om ProFlexen<\/h2>\n\n\n\n<p><b>Feedback<\/b> fra brugere af ProFlexen er generelt positiv og fremh\u00e6ver ofte forbedret ledmobilitet, reduktion af ledsmerter og lindring af inflammation. Brugerne anbefaler dette tilskud til andre med ledproblemer.<\/p>\n\n\n\n<blockquote class=\"wp-block-quote is-layout-flow wp-block-quote-is-layout-flow\">\n<p>&#8220;Jeg er en meget fysisk aktiv person. Jeg elsker at g\u00e5 i bjergene, jeg l\u00f8ber ofte, og desv\u00e6rre begyndte mine led at n\u00e6gte at adlyde mig. Smerterne begyndte at blive hyppigere, og jeg m\u00e5tte opgive mange vandreture. Jeg brugte en masse salver, og nu har jeg besluttet at bruge en anden form &#8211; nemlig tabletter. Efter et par dage bem\u00e6rkede jeg en betydelig forbedring. Jeg f\u00f8lte, at leddene var som om de var mere &#8220;mobile&#8221;, de var ikke stillest\u00e5ende. Efter cirka tre uger var smerterne helt forsvundet, men jeg besluttede at forts\u00e6tte behandlingen med Proflexen, s\u00e5 problemet ikke skulle vende tilbage.&#8221; &#8211; <strong>Dominica<\/strong><\/p>\n<\/blockquote>\n\n\n\n<blockquote class=\"wp-block-quote is-layout-flow wp-block-quote-is-layout-flow\">\n<p>&#8220;N\u00e5r folk bliver \u00e6ldre, oplever de flere og flere skavanker. I mit tilf\u00e6lde er en af dem desv\u00e6rre ledsmerter. Jeg er klar over, at jeg ikke vil v\u00e6re i stand til at vende tilbage til den fulde kapacitet for \u00e5r tilbage, men det \u00e6ndrer ikke p\u00e5, at jeg gerne vil fungere normalt. Takket v\u00e6re Proflexen er det muligt. Jeg oplever stadig et vist ubehag, men jeg kan g\u00e5 uden pres. Det, der virkelig fik mig til at k\u00f8be Proflexen, var prisen og sammens\u00e6tningen af kosttilskuddet. I min alder bruger man desv\u00e6rre allerede en hel del medicin, som koster meget, og man har ikke r\u00e5d til alt. I dette tilf\u00e6lde m\u00e5 jeg sige, at det var godt investerede penge!&#8221; &#8211; <strong>Wanda<\/strong><\/p>\n<\/blockquote>\n\n\n\n<h2 class=\"wp-block-heading\" id=\"h-proflexen-sklad-co-zawiera\">ProFlexen &#8211; Sammens\u00e6tning &#8211; Hvad indeholder det?<\/h2>\n\n\n\n<p>ProFlexen er et innovativt <b>kosttilskud<\/b> designet til at st\u00f8tte led- og knoglesundhed. Dets <b>sammens\u00e6tning<\/b> er baseret p\u00e5 naturlige ingredienser, der har en gavnlig effekt p\u00e5 leddenes fleksibilitet og reduktion af ledsmerter.<\/p>\n\n\n\n<p>Sammens\u00e6tningen af ProFlexen omfatter ingredienser som f.eks:<\/p>\n\n\n\n<ul class=\"wp-block-list\">\n<li><b>Kollagen<\/b> &#8211; et strukturelt protein, der er ansvarligt for bindev\u00e6vets elasticitet og styrke. Kollagen er den vigtigste komponent, der danner strukturen i ledb\u00e5nd og ledbrusk.<\/li>\n\n\n\n<li><b>Glucosamin<\/b> &#8211; et aminosukker, der spiller en vigtig rolle i produktionen og genopbygningen af ledbrusk. Det hj\u00e6lper ogs\u00e5 med at opretholde den korrekte viskositet i ledv\u00e6sken, hvilket bidrager til, at leddene fungerer korrekt.<\/li>\n\n\n\n<li><b>Chondroitin<\/b> &#8211; et glykosaminoglykan, der underst\u00f8tter regenerering af ledbrusk og opretholdelse af dens hydrering.<\/li>\n<\/ul>\n\n\n\n<p>Ved hj\u00e6lp af disse ingredienser underst\u00f8tter ProFlexen ikke kun leddenes sundhed, men bidrager ogs\u00e5 til at bevare knoglernes vitalitet. Sammens\u00e6tningen af kosttilskuddet er n\u00f8je udvalgt og testet for at sikre maksimalt udbytte, samtidig med at det er sikkert at bruge.<\/p>\n\n\n\n<h2 class=\"wp-block-heading\" id=\"h-cena-proflexen-gdzie-kupic\">Pris p\u00e5 ProFlexen &#8211; Hvor kan man k\u00f8be?<\/h2>\n\n\n\n<p>Hvis du er interesseret i at <b>k\u00f8be<\/b> et originalt ProFlexen-kosttilskud, er det bedst at g\u00f8re det fra producentens officielle hjemmeside. Hvorfor det? For det f\u00f8rste giver denne m\u00e5de at bestille p\u00e5 dig tillid til produktets originalitet, hvilket er vigtigt, n\u00e5r det kommer til kosttilskud. For det andet kan du p\u00e5 producentens officielle hjemmeside altid finde de mest opdaterede oplysninger om produktet, herunder eventuelle kampagner eller rabatter, der kan g\u00f8re dit <b>k\u00f8b<\/b> mere overkommeligt.<\/p>\n\n\n\n<p>Den endelige <b>pris<\/b> p\u00e5 ProFlexen kan variere afh\u00e6ngigt af den valgte pakning og antallet af tabletter. Som regel g\u00e6lder det, at jo st\u00f8rre pakning, jo mere fordelagtig er <b>prisen<\/b> pr. pakning. Derfor b\u00f8r du overveje at k\u00f8be en st\u00f8rre m\u00e6ngde for at spare penge. P\u00e5 producentens officielle hjemmeside vil du helt sikkert finde detaljerede oplysninger om priser og emballage.<\/p>\n\n\n\n<p>Det er ogs\u00e5 v\u00e6rd at tjekke, om producenten tilbyder yderligere kampagner eller rabatter, n\u00e5r du k\u00f8ber mere af tilskuddet. Det kan v\u00e6re en god mulighed for at f\u00e5 ProFlexen p\u00e5 lager til en god pris og sikre en l\u00e6ngere periode med tilskud.<\/p>\n\n\n\n<p>Vi opfordrer dig til at bes\u00f8ge producentens officielle hjemmeside, hvor du sikkert kan k\u00f8be ProFlexen og finde detaljerede oplysninger om produktet og aktuelle kampagner. Husk, at brug af det originale ProFlexen-kosttilskud kan hj\u00e6lpe med at forbedre sundheden i dine led og knogler.<\/p>\n\n\n\n<h2 class=\"wp-block-heading\" id=\"h-proflexen-skutki-uboczne-i-przeciwwskazania\">ProFlexen &#8211; Bivirkninger og kontraindikationer<\/h2>\n\n\n\n<p>ProFlexen er et kosttilskud, der generelt anses for at v\u00e6re sikkert at bruge. Det er dog altid tilr\u00e5deligt at konsultere din l\u00e6ge, f\u00f8r du begynder at tage tilskud. Is\u00e6r hvis du har kroniske sygdomme eller tager anden medicin, er det vigtigt at f\u00e5 professionel l\u00e6gehj\u00e6lp.<\/p>\n\n\n\n<p>Selvom ProFlexen tolereres godt af de fleste mennesker, er der mulighed for bivirkninger hos nogle mennesker. Disse kan omfatte gastrointestinale problemer som mavesmerter, kvalme, opkastning eller halsbrand. Hvis du bem\u00e6rker nogle af disse symptomer, mens du tager ProFlexen, skal du stoppe med at tage tilskuddet og kontakte din l\u00e6ge.<\/p>\n\n\n\n<p>Bem\u00e6rk, at ProFlexen indeholder ingredienser, der kan for\u00e5rsage en allergisk reaktion hos nogle mennesker. Hvis du har tendens til allergi eller tidligere har haft allergiske reaktioner over for nogen af ingredienserne i ProFlexen, b\u00f8r du ikke bruge det. Hvis dette er tilf\u00e6ldet, er det altid tilr\u00e5deligt at konsultere din l\u00e6ge, f\u00f8r du beslutter dig for at begynde at tage tilskud.<\/p>\n","protected":false},"excerpt":{"rendered":"<p><strong>329.00 kr<\/strong><\/p>\n<p><del>658.00 kr<\/del><\/p>\n<p><strong>[date_countdown]<\/strong><\/p>\n","protected":false},"featured_media":5461,"comment_status":"open","ping_status":"closed","template":"","meta":{"neve_meta_sidebar":"","neve_meta_container":"","neve_meta_enable_content_width":"","neve_meta_content_width":0,"neve_meta_title_alignment":"","neve_meta_author_avatar":"","neve_post_elements_order":"","neve_meta_disable_header":"","neve_meta_disable_footer":"","neve_meta_disable_title":"","neve_meta_reading_time":""},"product_brand":[],"product_cat":[57],"product_tag":[],"class_list":{"0":"post-5465","1":"product","2":"type-product","3":"status-publish","4":"has-post-thumbnail","6":"product_cat-sundhed","8":"first","9":"instock","10":"shipping-taxable","11":"product-type-external"},"yoast_head":"<!-- This site is optimized with the Yoast SEO plugin v27.4 - https:\/\/yoast.com\/product\/yoast-seo-wordpress\/ -->\n<title>ProFlexen - Clinica Althea<\/title>\n<meta name=\"robots\" content=\"index, follow, max-snippet:-1, max-image-preview:large, max-video-preview:-1\" \/>\n<link rel=\"canonical\" href=\"https:\/\/www.clinicaalthea.com\/farmacia\/da\/apt\/proflexen\/\" \/>\n<meta property=\"og:locale\" content=\"pl_PL\" \/>\n<meta property=\"og:type\" content=\"article\" \/>\n<meta property=\"og:title\" content=\"ProFlexen - Clinica Althea\" \/>\n<meta property=\"og:description\" content=\"329.00 kr 658.00 kr\" \/>\n<meta property=\"og:url\" content=\"https:\/\/www.clinicaalthea.com\/farmacia\/da\/apt\/proflexen\/\" \/>\n<meta property=\"og:site_name\" content=\"Clinica Althea\" \/>\n<meta property=\"article:modified_time\" content=\"2024-05-23T12:05:06+00:00\" \/>\n<meta property=\"og:image\" content=\"https:\/\/www.clinicaalthea.com\/farmacia\/wp-content\/uploads\/2024\/05\/ProFlexen.jpg\" \/>\n\t<meta property=\"og:image:width\" content=\"768\" \/>\n\t<meta property=\"og:image:height\" content=\"768\" \/>\n\t<meta property=\"og:image:type\" content=\"image\/jpeg\" \/>\n<meta name=\"twitter:card\" content=\"summary_large_image\" \/>\n<meta name=\"twitter:label1\" content=\"Szacowany czas czytania\" \/>\n\t<meta name=\"twitter:data1\" content=\"7 minut\" \/>\n<script type=\"application\/ld+json\" class=\"yoast-schema-graph\">{\"@context\":\"https:\\\/\\\/schema.org\",\"@graph\":[{\"@type\":\"WebPage\",\"@id\":\"https:\\\/\\\/www.clinicaalthea.com\\\/farmacia\\\/da\\\/apt\\\/proflexen\\\/\",\"url\":\"https:\\\/\\\/www.clinicaalthea.com\\\/farmacia\\\/da\\\/apt\\\/proflexen\\\/\",\"name\":\"ProFlexen - Clinica Althea\",\"isPartOf\":{\"@id\":\"https:\\\/\\\/www.clinicaalthea.com\\\/farmacia\\\/#website\"},\"primaryImageOfPage\":{\"@id\":\"https:\\\/\\\/www.clinicaalthea.com\\\/farmacia\\\/da\\\/apt\\\/proflexen\\\/#primaryimage\"},\"image\":{\"@id\":\"https:\\\/\\\/www.clinicaalthea.com\\\/farmacia\\\/da\\\/apt\\\/proflexen\\\/#primaryimage\"},\"thumbnailUrl\":\"https:\\\/\\\/www.clinicaalthea.com\\\/farmacia\\\/wp-content\\\/uploads\\\/2024\\\/05\\\/ProFlexen.jpg\",\"datePublished\":\"2024-05-23T12:00:32+00:00\",\"dateModified\":\"2024-05-23T12:05:06+00:00\",\"breadcrumb\":{\"@id\":\"https:\\\/\\\/www.clinicaalthea.com\\\/farmacia\\\/da\\\/apt\\\/proflexen\\\/#breadcrumb\"},\"inLanguage\":\"pl-PL\",\"potentialAction\":[{\"@type\":\"ReadAction\",\"target\":[\"https:\\\/\\\/www.clinicaalthea.com\\\/farmacia\\\/da\\\/apt\\\/proflexen\\\/\"]}]},{\"@type\":\"ImageObject\",\"inLanguage\":\"pl-PL\",\"@id\":\"https:\\\/\\\/www.clinicaalthea.com\\\/farmacia\\\/da\\\/apt\\\/proflexen\\\/#primaryimage\",\"url\":\"https:\\\/\\\/www.clinicaalthea.com\\\/farmacia\\\/wp-content\\\/uploads\\\/2024\\\/05\\\/ProFlexen.jpg\",\"contentUrl\":\"https:\\\/\\\/www.clinicaalthea.com\\\/farmacia\\\/wp-content\\\/uploads\\\/2024\\\/05\\\/ProFlexen.jpg\",\"width\":768,\"height\":768,\"caption\":\"ProFlexen\"},{\"@type\":\"BreadcrumbList\",\"@id\":\"https:\\\/\\\/www.clinicaalthea.com\\\/farmacia\\\/da\\\/apt\\\/proflexen\\\/#breadcrumb\",\"itemListElement\":[{\"@type\":\"ListItem\",\"position\":1,\"name\":\"Strona g\u0142\u00f3wna\",\"item\":\"https:\\\/\\\/www.clinicaalthea.com\\\/farmacia\\\/\"},{\"@type\":\"ListItem\",\"position\":2,\"name\":\"Produkty\",\"item\":\"https:\\\/\\\/www.clinicaalthea.com\\\/farmacia\\\/\"},{\"@type\":\"ListItem\",\"position\":3,\"name\":\"ProFlexen\"}]},{\"@type\":\"WebSite\",\"@id\":\"https:\\\/\\\/www.clinicaalthea.com\\\/farmacia\\\/#website\",\"url\":\"https:\\\/\\\/www.clinicaalthea.com\\\/farmacia\\\/\",\"name\":\"Clinica Althea\",\"description\":\"\",\"publisher\":{\"@id\":\"https:\\\/\\\/www.clinicaalthea.com\\\/farmacia\\\/#organization\"},\"potentialAction\":[{\"@type\":\"SearchAction\",\"target\":{\"@type\":\"EntryPoint\",\"urlTemplate\":\"https:\\\/\\\/www.clinicaalthea.com\\\/farmacia\\\/?s={search_term_string}\"},\"query-input\":{\"@type\":\"PropertyValueSpecification\",\"valueRequired\":true,\"valueName\":\"search_term_string\"}}],\"inLanguage\":\"pl-PL\"},{\"@type\":\"Organization\",\"@id\":\"https:\\\/\\\/www.clinicaalthea.com\\\/farmacia\\\/#organization\",\"name\":\"Clinica Althea\",\"url\":\"https:\\\/\\\/www.clinicaalthea.com\\\/farmacia\\\/\",\"logo\":{\"@type\":\"ImageObject\",\"inLanguage\":\"pl-PL\",\"@id\":\"https:\\\/\\\/www.clinicaalthea.com\\\/farmacia\\\/#\\\/schema\\\/logo\\\/image\\\/\",\"url\":\"https:\\\/\\\/www.clinicaalthea.com\\\/farmacia\\\/wp-content\\\/uploads\\\/2023\\\/12\\\/Jak-diagnozuje-sie-FAS_-objawy-kryteria-diagnostyczne-i-metody-diagnozowania-154162903.jpg\",\"contentUrl\":\"https:\\\/\\\/www.clinicaalthea.com\\\/farmacia\\\/wp-content\\\/uploads\\\/2023\\\/12\\\/Jak-diagnozuje-sie-FAS_-objawy-kryteria-diagnostyczne-i-metody-diagnozowania-154162903.jpg\",\"width\":1216,\"height\":832,\"caption\":\"Clinica Althea\"},\"image\":{\"@id\":\"https:\\\/\\\/www.clinicaalthea.com\\\/farmacia\\\/#\\\/schema\\\/logo\\\/image\\\/\"}}]}<\/script>\n<!-- \/ Yoast SEO plugin. -->","yoast_head_json":{"title":"ProFlexen - Clinica Althea","robots":{"index":"index","follow":"follow","max-snippet":"max-snippet:-1","max-image-preview":"max-image-preview:large","max-video-preview":"max-video-preview:-1"},"canonical":"https:\/\/www.clinicaalthea.com\/farmacia\/da\/apt\/proflexen\/","og_locale":"pl_PL","og_type":"article","og_title":"ProFlexen - Clinica Althea","og_description":"329.00 kr 658.00 kr","og_url":"https:\/\/www.clinicaalthea.com\/farmacia\/da\/apt\/proflexen\/","og_site_name":"Clinica Althea","article_modified_time":"2024-05-23T12:05:06+00:00","og_image":[{"width":768,"height":768,"url":"https:\/\/www.clinicaalthea.com\/farmacia\/wp-content\/uploads\/2024\/05\/ProFlexen.jpg","type":"image\/jpeg"}],"twitter_card":"summary_large_image","twitter_misc":{"Szacowany czas czytania":"7 minut"},"schema":{"@context":"https:\/\/schema.org","@graph":[{"@type":"WebPage","@id":"https:\/\/www.clinicaalthea.com\/farmacia\/da\/apt\/proflexen\/","url":"https:\/\/www.clinicaalthea.com\/farmacia\/da\/apt\/proflexen\/","name":"ProFlexen - Clinica Althea","isPartOf":{"@id":"https:\/\/www.clinicaalthea.com\/farmacia\/#website"},"primaryImageOfPage":{"@id":"https:\/\/www.clinicaalthea.com\/farmacia\/da\/apt\/proflexen\/#primaryimage"},"image":{"@id":"https:\/\/www.clinicaalthea.com\/farmacia\/da\/apt\/proflexen\/#primaryimage"},"thumbnailUrl":"https:\/\/www.clinicaalthea.com\/farmacia\/wp-content\/uploads\/2024\/05\/ProFlexen.jpg","datePublished":"2024-05-23T12:00:32+00:00","dateModified":"2024-05-23T12:05:06+00:00","breadcrumb":{"@id":"https:\/\/www.clinicaalthea.com\/farmacia\/da\/apt\/proflexen\/#breadcrumb"},"inLanguage":"pl-PL","potentialAction":[{"@type":"ReadAction","target":["https:\/\/www.clinicaalthea.com\/farmacia\/da\/apt\/proflexen\/"]}]},{"@type":"ImageObject","inLanguage":"pl-PL","@id":"https:\/\/www.clinicaalthea.com\/farmacia\/da\/apt\/proflexen\/#primaryimage","url":"https:\/\/www.clinicaalthea.com\/farmacia\/wp-content\/uploads\/2024\/05\/ProFlexen.jpg","contentUrl":"https:\/\/www.clinicaalthea.com\/farmacia\/wp-content\/uploads\/2024\/05\/ProFlexen.jpg","width":768,"height":768,"caption":"ProFlexen"},{"@type":"BreadcrumbList","@id":"https:\/\/www.clinicaalthea.com\/farmacia\/da\/apt\/proflexen\/#breadcrumb","itemListElement":[{"@type":"ListItem","position":1,"name":"Strona g\u0142\u00f3wna","item":"https:\/\/www.clinicaalthea.com\/farmacia\/"},{"@type":"ListItem","position":2,"name":"Produkty","item":"https:\/\/www.clinicaalthea.com\/farmacia\/"},{"@type":"ListItem","position":3,"name":"ProFlexen"}]},{"@type":"WebSite","@id":"https:\/\/www.clinicaalthea.com\/farmacia\/#website","url":"https:\/\/www.clinicaalthea.com\/farmacia\/","name":"Clinica Althea","description":"","publisher":{"@id":"https:\/\/www.clinicaalthea.com\/farmacia\/#organization"},"potentialAction":[{"@type":"SearchAction","target":{"@type":"EntryPoint","urlTemplate":"https:\/\/www.clinicaalthea.com\/farmacia\/?s={search_term_string}"},"query-input":{"@type":"PropertyValueSpecification","valueRequired":true,"valueName":"search_term_string"}}],"inLanguage":"pl-PL"},{"@type":"Organization","@id":"https:\/\/www.clinicaalthea.com\/farmacia\/#organization","name":"Clinica Althea","url":"https:\/\/www.clinicaalthea.com\/farmacia\/","logo":{"@type":"ImageObject","inLanguage":"pl-PL","@id":"https:\/\/www.clinicaalthea.com\/farmacia\/#\/schema\/logo\/image\/","url":"https:\/\/www.clinicaalthea.com\/farmacia\/wp-content\/uploads\/2023\/12\/Jak-diagnozuje-sie-FAS_-objawy-kryteria-diagnostyczne-i-metody-diagnozowania-154162903.jpg","contentUrl":"https:\/\/www.clinicaalthea.com\/farmacia\/wp-content\/uploads\/2023\/12\/Jak-diagnozuje-sie-FAS_-objawy-kryteria-diagnostyczne-i-metody-diagnozowania-154162903.jpg","width":1216,"height":832,"caption":"Clinica Althea"},"image":{"@id":"https:\/\/www.clinicaalthea.com\/farmacia\/#\/schema\/logo\/image\/"}}]}},"lang":"da","translations":{"da":5465,"pl":5460,"nb":5463,"hu":5467,"de":5469,"es":5471,"fi":5473,"fr":5475,"it":5477,"nl":5479,"pt":5481,"ro":5483,"sv":5485},"pll_sync_post":[],"_links":{"self":[{"href":"https:\/\/www.clinicaalthea.com\/farmacia\/wp-json\/wp\/v2\/product\/5465","targetHints":{"allow":["GET"]}}],"collection":[{"href":"https:\/\/www.clinicaalthea.com\/farmacia\/wp-json\/wp\/v2\/product"}],"about":[{"href":"https:\/\/www.clinicaalthea.com\/farmacia\/wp-json\/wp\/v2\/types\/product"}],"replies":[{"embeddable":true,"href":"https:\/\/www.clinicaalthea.com\/farmacia\/wp-json\/wp\/v2\/comments?post=5465"}],"wp:featuredmedia":[{"embeddable":true,"href":"https:\/\/www.clinicaalthea.com\/farmacia\/wp-json\/wp\/v2\/media\/5461"}],"wp:attachment":[{"href":"https:\/\/www.clinicaalthea.com\/farmacia\/wp-json\/wp\/v2\/media?parent=5465"}],"wp:term":[{"taxonomy":"product_brand","embeddable":true,"href":"https:\/\/www.clinicaalthea.com\/farmacia\/wp-json\/wp\/v2\/product_brand?post=5465"},{"taxonomy":"product_cat","embeddable":true,"href":"https:\/\/www.clinicaalthea.com\/farmacia\/wp-json\/wp\/v2\/product_cat?post=5465"},{"taxonomy":"product_tag","embeddable":true,"href":"https:\/\/www.clinicaalthea.com\/farmacia\/wp-json\/wp\/v2\/product_tag?post=5465"}],"curies":[{"name":"wp","href":"https:\/\/api.w.org\/{rel}","templated":true}]}}