{"id":5360,"date":"2024-05-22T12:38:38","date_gmt":"2024-05-22T11:38:38","guid":{"rendered":"https:\/\/mayoguide.org\/produkty\/?post_type=product&#038;p=5360"},"modified":"2024-05-22T12:40:54","modified_gmt":"2024-05-22T11:40:54","slug":"varicorin","status":"publish","type":"product","link":"https:\/\/www.clinicaalthea.com\/farmacia\/it\/apt\/varicorin\/","title":{"rendered":"Varicorin"},"content":{"rendered":"<h2 class=\"wp-block-heading\" id=\"h-co-to-jest-varicorin-i-jak-dziala\">Che cos&#8217;\u00e8 il Varicorin e come funziona?<\/h2>\n\n\n<p>Varicorin \u00e8 un <b>integratore alimentare<\/b> specificamente formulato per combattere le vene varicose e i capillari rotti. Agisce migliorando la circolazione sanguigna, aumentando l&#8217;elasticit\u00e0 vascolare e riducendo il gonfiore.<\/p>\n\n\n<p><b>Varicorin<\/b> \u00e8 composto da principi attivi naturali come l&#8217;estratto di ippocastano, l&#8217;estratto di <b>vite<\/b>, l&#8217;estratto di aglio, la <b>vitamina C<\/b> e la <b>rutina<\/b>. Questi ingredienti agiscono sinergicamente per rafforzare i vasi sanguigni e migliorarne l&#8217;elasticit\u00e0.<\/p>\n\n\n<h2 class=\"wp-block-heading\" id=\"h-efekty-stosowania-varicorin\">Effetti di Varicorin<\/h2>\n\n\n<p>L&#8217;uso regolare di Varicorin pu\u00f2 apportare numerosi benefici alla salute vascolare e al benessere generale. L&#8217;azione di questo integratore alimentare copre vari aspetti e contribuisce a migliorare la salute cardiovascolare.<\/p>\n\n\n<p>Soprattutto, Varicorin d\u00e0 sollievo dalle vene varicose riducendo la sensazione di pesantezza alle gambe. Grazie a ingredienti dalle propriet\u00e0 comprovate, l&#8217;<b>integratore alimentare<\/b> riduce il gonfiore e favorisce il normale funzionamento dei vasi sanguigni.<\/p>\n\n\n<p>Un altro effetto dell&#8217;assunzione di Varicorin \u00e8 il <b>miglioramento della circolazione sanguigna<\/b>. L&#8217;assunzione regolare di capsule di Varicorin migliora la circolazione del sangue, che \u00e8 estremamente importante per la salute del sistema circolatorio. Il miglioramento del flusso sanguigno contribuisce a una migliore ossigenazione dell&#8217;organismo e al trasporto dei nutrienti ai tessuti.<\/p>\n\n\n<p>Inoltre, Varicorin riduce il rischio di vene varicose e di rottura dei vasi sanguigni. Grazie alla combinazione unica di principi attivi, l&#8217;integratore alimentare rafforza le pareti dei vasi sanguigni, migliorandone l&#8217;elasticit\u00e0 e la resistenza. In questo modo si previene principalmente la formazione di vene varicose e si riduce il rischio di un loro ulteriore sviluppo.<\/p>\n\n\n<h2 class=\"wp-block-heading\" id=\"h-jak-prawidlowo-stosowac-varicorin-dawkowanie\">Come utilizzare correttamente Varicorin &#8211; Dosaggio<\/h2>\n\n\n<p>Per ottenere risultati ottimali, si consiglia di assumere una capsula di Varicorin al giorno, preferibilmente al mattino, con una bevanda d&#8217;acqua. La regolarit\u00e0 d&#8217;uso \u00e8 fondamentale per ottenere tutti i benefici. L&#8217;integratore alimentare deve essere utilizzato come complemento di uno stile di vita sano, che comprenda l&#8217;attivit\u00e0 fisica e una dieta sana.<\/p>\n\n\n<p>Ricordate di seguire la dose raccomandata e di non superarla senza consultare il vostro medico. L&#8217;organismo di ognuno \u00e8 diverso, quindi \u00e8 importante adattare il dosaggio di Varicorin alle proprie esigenze individuali. In caso di dubbi o preoccupazioni, consultare il medico o il farmacista.<\/p>\n\n\n<h2 class=\"wp-block-heading\" id=\"h-varicorin-opinie-i-recenzje-co-mowia-uzytkownicy\">Varicorin &#8211; Opinioni e recensioni &#8211; Cosa dicono gli utenti?<\/h2>\n\n\n<p>Le recensioni e le testimonianze degli utenti di Varicorin possono essere una fonte preziosa di informazioni per prendere una decisione di acquisto. Molte persone che hanno utilizzato Varicorin apprezzano l&#8217;efficacia di questo integratore nel combattere le vene varicose e la sensazione di gambe pesanti. Le recensioni confermano i benefici di Varicorin, ma \u00e8 sempre bene ricordare che ogni organismo pu\u00f2 reagire in modo diverso.<\/p>\n\n\n<figure class=\"wp-block-table\"><table><tbody><tr><th>Utente<\/th><th>Opinione<\/th><\/tr><tr><td>Adamo<\/td><td>&#8220;Varicorin mi ha aiutato a ridurre in modo significativo i sintomi delle vene varicose. Dopo poche settimane di utilizzo, ho notato un sollievo nelle mie gambe e il gonfiore si \u00e8 ridotto in modo significativo. Ora posso godere di gambe leggere e di un maggiore comfort&#8221;.<\/td><\/tr><tr><td>Hanna<\/td><td>&#8220;Ho avuto a lungo un problema di vene varicose. Ho provato diverse creme e pomate, ma nessuna ha avuto un effetto duraturo. Solo Varicorin si \u00e8 dimostrato efficace e ha migliorato visibilmente la condizione delle mie gambe. Lo consiglio vivamente!&#8221;.<\/td><\/tr><tr><td>Pietro<\/td><td>&#8220;Varicorin \u00e8 l&#8217;unico integratore che mi ha veramente aiutato. Non solo ha ridotto i sintomi delle vene varicose, ma anche la sensazione di pesantezza alle gambe \u00e8 scomparsa. Ora posso godere di un comfort e di una leggerezza totali&#8221;.<\/td><\/tr><\/tbody><\/table><\/figure>\n\n\n<p>Analoghe recensioni positive degli utilizzatori di Varicorin confermano l&#8217;efficacia di questo integratore nel ridurre le vene varicose e migliorare la salute dei vasi sanguigni. Tuttavia, come sempre, \u00e8 importante ricordare che l&#8217;organismo di ognuno pu\u00f2 reagire in modo diverso, quindi \u00e8 consigliabile consultare il proprio medico prima di assumere Varicorin.<\/p>\n\n\n<h2 class=\"wp-block-heading\" id=\"h-varicorin-sklad-co-zawiera\">Varicorin &#8211; Composizione &#8211; Cosa contiene?<\/h2>\n\n\n<p>Varicorin \u00e8 un integratore alimentare contenente una combinazione unica di principi attivi che hanno un effetto benefico sulla <b>salute vascolare<\/b>. Grazie agli ingredienti accuratamente selezionati, Varicorin aiuta a migliorare la circolazione sanguigna, a ridurre il gonfiore e ad alleviare la sensazione di gambe pesanti.<\/p>\n\n\n<p>Gli <b>ingredienti<\/b> principali <b>di Varicorin<\/b> sono:<\/p>\n\n\n\n<ul class=\"wp-block-list\">\n<li><b>Ippocastano<\/b>: l&#8217;estratto di ippocastano \u00e8 un ingrediente con una lunga tradizione nella medicina naturale. Contiene sostanze attive che rafforzano i vasi sanguigni e ne migliorano l&#8217;elasticit\u00e0. Ha un effetto antinfiammatorio e antipruriginoso, che aiuta a ridurre i sintomi delle vene varicose e del gonfiore.<\/li>\n\n\n\n<li><b>Estratto<\/b> di vite: la <b>vite<\/b> \u00e8 ricca di polifenoli e flavonoidi, potenti antiossidanti. L&#8217;estratto di vite aiuta a migliorare l&#8217;elasticit\u00e0 dei vasi sanguigni e svolge un&#8217;azione antiossidante, prevenendo gli effetti dannosi dei radicali liberi.<\/li>\n\n\n\n<li><b>Aglio<\/b>: l&#8217;<b>aglio<\/b> \u00e8 una fonte naturale di sostanze attive come l&#8217;allicina, che ha propriet\u00e0 antibatteriche e antinfiammatorie. Inoltre, l&#8217;aglio migliora la circolazione sanguigna, a tutto vantaggio dei vasi sanguigni.<\/li>\n\n\n\n<li>Vitamina<b>C<\/b>: la vitamina C \u00e8 essenziale per la salute dei vasi sanguigni. Agisce come un potente antiossidante, proteggendo le cellule vascolari dai danni ossidativi. Inoltre, la vitamina C \u00e8 essenziale per la sintesi del collagene, che \u00e8 un componente importante delle pareti dei vasi sanguigni.<\/li>\n\n\n\n<li><b>Rutina<\/b>: la rutina \u00e8 un bioflavonoide che favorisce il corretto funzionamento del sistema cardiovascolare. Ha un effetto antinfiammatorio, rafforza i vasi sanguigni e migliora la circolazione sanguigna.<\/li>\n<\/ul>\n\n\n<p>Questi ingredienti agiscono sinergicamente per rafforzare i vasi sanguigni e migliorarne l&#8217;elasticit\u00e0. L&#8217;uso regolare di Varicorin, associato a uno stile di vita sano, pu\u00f2 dare sollievo alle vene varicose, <b>ridurre la pesantezza delle gambe<\/b> e il gonfiore.<\/p>\n\n\n<h2 class=\"wp-block-heading\" id=\"h-gdzie-kupic-i-jaka-jest-cena-varicorin\">Dove acquistare e qual \u00e8 il prezzo di Varicorin?<\/h2>\n\n\n<p>Il prodotto Varicorin \u00e8 disponibile per l&#8217;acquisto sul sito ufficiale del produttore. Acquistando Varicorin direttamente dal produttore, si ha la certezza di ricevere un prodotto genuino e di altissima qualit\u00e0. Vale la pena notare che <b>il prezzo di Varicorin<\/b> pu\u00f2 variare a seconda delle promozioni e degli sconti disponibili sul sito ufficiale del produttore.<\/p>\n\n\n\n<blockquote class=\"wp-block-quote is-layout-flow wp-block-quote-is-layout-flow\"><p>Come promemoria, per evitare prodotti contraffatti e non testati, \u00e8 sempre consigliabile acquistare dai siti web ufficiali dei produttori o dei rivenditori di fiducia.<\/p>\n<\/blockquote>\n\n\n<p>Per controllare il prezzo attuale di Varicorin e per approfittare di eventuali promozioni, si consiglia di visitare il sito ufficiale del produttore di Varicorin. L\u00ec troverete informazioni complete sul prezzo e le offerte speciali in corso che possono aiutarvi a risparmiare.<\/p>\n\n\n<p>Quando si sceglie Varicorin, vale la pena considerare un periodo di utilizzo pi\u00f9 lungo, in quanto un pacchetto di 3 o 6 mesi pu\u00f2 essere pi\u00f9 conveniente. Naturalmente la scelta finale spetta a voi, ma vale la pena considerare la prospettiva di benefici a lungo termine per la salute.<\/p>\n\n\n<h2 class=\"wp-block-heading\" id=\"h-varicorin-skutki-uboczne-i-przeciwwskazania-czy-jest-bezpieczny\">Varicorin &#8211; Effetti collaterali e controindicazioni &#8211; \u00c8 sicuro?<\/h2>\n\n\n<p>Varicorin \u00e8 un integratore alimentare a base di ingredienti naturali, che riduce al minimo il rischio di effetti collaterali. Tuttavia, in caso di condizioni mediche o allergie, \u00e8 consigliabile consultare il medico prima di iniziare l&#8217;integrazione. Esistono alcune controindicazioni da considerare per garantire un <b>uso sicuro di Varicorin<\/b>.<\/p>\n\n\n<p>Le controindicazioni all&#8217;uso di Varicorin riguardano soprattutto le persone allergiche a uno qualsiasi degli ingredienti dell&#8217;integratore. Le persone con ipersensibilit\u00e0 a ingredienti come l&#8217;<b>ippocastano<\/b>, la <b>vite<\/b>, l&#8217;aglio, la vitamina C o la rutina dovrebbero astenersi dall&#8217;uso di Varicorin. Inoltre, le donne in gravidanza o in fase di allattamento e i minori di 18 anni dovrebbero consultare un medico prima di iniziare l&#8217;integrazione.<\/p>\n\n\n<p>Per garantire un uso sicuro ed efficace di Varicorin, attenersi sempre alle raccomandazioni di dosaggio del produttore. La dose raccomandata non deve essere superata e l&#8217;integratore alimentare deve essere utilizzato come complemento di uno stile di vita sano, che includa attivit\u00e0 fisica e una dieta sana. In caso di sintomi preoccupanti o di effetti collaterali, \u00e8 necessario sospendere Varicorin e consultare un medico.<\/p>\n","protected":false},"excerpt":{"rendered":"<p><strong>49.00 \u20ac<\/strong><\/p>\n<p><del>98.00 \u20ac<\/del><\/p>\n<p><strong>[date_countdown]<\/strong><\/p>\n","protected":false},"featured_media":5352,"comment_status":"open","ping_status":"closed","template":"","meta":{"neve_meta_sidebar":"","neve_meta_container":"","neve_meta_enable_content_width":"","neve_meta_content_width":0,"neve_meta_title_alignment":"","neve_meta_author_avatar":"","neve_post_elements_order":"","neve_meta_disable_header":"","neve_meta_disable_footer":"","neve_meta_disable_title":"","neve_meta_reading_time":""},"product_brand":[],"product_cat":[113],"product_tag":[],"class_list":{"0":"post-5360","1":"product","2":"type-product","3":"status-publish","4":"has-post-thumbnail","6":"product_cat-salute","8":"first","9":"instock","10":"shipping-taxable","11":"product-type-external"},"yoast_head":"<!-- This site is optimized with the Yoast SEO plugin v27.4 - https:\/\/yoast.com\/product\/yoast-seo-wordpress\/ -->\n<title>Varicorin - Clinica Althea<\/title>\n<meta name=\"robots\" content=\"index, follow, max-snippet:-1, max-image-preview:large, max-video-preview:-1\" \/>\n<link rel=\"canonical\" href=\"https:\/\/www.clinicaalthea.com\/farmacia\/it\/apt\/varicorin\/\" \/>\n<meta property=\"og:locale\" content=\"pl_PL\" \/>\n<meta property=\"og:type\" content=\"article\" \/>\n<meta property=\"og:title\" content=\"Varicorin - Clinica Althea\" \/>\n<meta property=\"og:description\" content=\"49.00 \u20ac 98.00 \u20ac\" \/>\n<meta property=\"og:url\" content=\"https:\/\/www.clinicaalthea.com\/farmacia\/it\/apt\/varicorin\/\" \/>\n<meta property=\"og:site_name\" content=\"Clinica Althea\" \/>\n<meta property=\"article:modified_time\" content=\"2024-05-22T11:40:54+00:00\" \/>\n<meta property=\"og:image\" content=\"https:\/\/www.clinicaalthea.com\/farmacia\/wp-content\/uploads\/2024\/05\/Varicorin.jpg\" \/>\n\t<meta property=\"og:image:width\" content=\"768\" \/>\n\t<meta property=\"og:image:height\" content=\"768\" \/>\n\t<meta property=\"og:image:type\" content=\"image\/jpeg\" \/>\n<meta name=\"twitter:card\" content=\"summary_large_image\" \/>\n<meta name=\"twitter:label1\" content=\"Szacowany czas czytania\" \/>\n\t<meta name=\"twitter:data1\" content=\"8 minut\" \/>\n<script type=\"application\/ld+json\" class=\"yoast-schema-graph\">{\"@context\":\"https:\\\/\\\/schema.org\",\"@graph\":[{\"@type\":\"WebPage\",\"@id\":\"https:\\\/\\\/www.clinicaalthea.com\\\/farmacia\\\/it\\\/apt\\\/varicorin\\\/\",\"url\":\"https:\\\/\\\/www.clinicaalthea.com\\\/farmacia\\\/it\\\/apt\\\/varicorin\\\/\",\"name\":\"Varicorin - Clinica Althea\",\"isPartOf\":{\"@id\":\"https:\\\/\\\/www.clinicaalthea.com\\\/farmacia\\\/#website\"},\"primaryImageOfPage\":{\"@id\":\"https:\\\/\\\/www.clinicaalthea.com\\\/farmacia\\\/it\\\/apt\\\/varicorin\\\/#primaryimage\"},\"image\":{\"@id\":\"https:\\\/\\\/www.clinicaalthea.com\\\/farmacia\\\/it\\\/apt\\\/varicorin\\\/#primaryimage\"},\"thumbnailUrl\":\"https:\\\/\\\/www.clinicaalthea.com\\\/farmacia\\\/wp-content\\\/uploads\\\/2024\\\/05\\\/Varicorin.jpg\",\"datePublished\":\"2024-05-22T11:38:38+00:00\",\"dateModified\":\"2024-05-22T11:40:54+00:00\",\"breadcrumb\":{\"@id\":\"https:\\\/\\\/www.clinicaalthea.com\\\/farmacia\\\/it\\\/apt\\\/varicorin\\\/#breadcrumb\"},\"inLanguage\":\"pl-PL\",\"potentialAction\":[{\"@type\":\"ReadAction\",\"target\":[\"https:\\\/\\\/www.clinicaalthea.com\\\/farmacia\\\/it\\\/apt\\\/varicorin\\\/\"]}]},{\"@type\":\"ImageObject\",\"inLanguage\":\"pl-PL\",\"@id\":\"https:\\\/\\\/www.clinicaalthea.com\\\/farmacia\\\/it\\\/apt\\\/varicorin\\\/#primaryimage\",\"url\":\"https:\\\/\\\/www.clinicaalthea.com\\\/farmacia\\\/wp-content\\\/uploads\\\/2024\\\/05\\\/Varicorin.jpg\",\"contentUrl\":\"https:\\\/\\\/www.clinicaalthea.com\\\/farmacia\\\/wp-content\\\/uploads\\\/2024\\\/05\\\/Varicorin.jpg\",\"width\":768,\"height\":768,\"caption\":\"Varicorin\"},{\"@type\":\"BreadcrumbList\",\"@id\":\"https:\\\/\\\/www.clinicaalthea.com\\\/farmacia\\\/it\\\/apt\\\/varicorin\\\/#breadcrumb\",\"itemListElement\":[{\"@type\":\"ListItem\",\"position\":1,\"name\":\"Strona g\u0142\u00f3wna\",\"item\":\"https:\\\/\\\/www.clinicaalthea.com\\\/farmacia\\\/\"},{\"@type\":\"ListItem\",\"position\":2,\"name\":\"Produkty\",\"item\":\"https:\\\/\\\/www.clinicaalthea.com\\\/farmacia\\\/\"},{\"@type\":\"ListItem\",\"position\":3,\"name\":\"Varicorin\"}]},{\"@type\":\"WebSite\",\"@id\":\"https:\\\/\\\/www.clinicaalthea.com\\\/farmacia\\\/#website\",\"url\":\"https:\\\/\\\/www.clinicaalthea.com\\\/farmacia\\\/\",\"name\":\"Clinica Althea\",\"description\":\"\",\"publisher\":{\"@id\":\"https:\\\/\\\/www.clinicaalthea.com\\\/farmacia\\\/#organization\"},\"potentialAction\":[{\"@type\":\"SearchAction\",\"target\":{\"@type\":\"EntryPoint\",\"urlTemplate\":\"https:\\\/\\\/www.clinicaalthea.com\\\/farmacia\\\/?s={search_term_string}\"},\"query-input\":{\"@type\":\"PropertyValueSpecification\",\"valueRequired\":true,\"valueName\":\"search_term_string\"}}],\"inLanguage\":\"pl-PL\"},{\"@type\":\"Organization\",\"@id\":\"https:\\\/\\\/www.clinicaalthea.com\\\/farmacia\\\/#organization\",\"name\":\"Clinica Althea\",\"url\":\"https:\\\/\\\/www.clinicaalthea.com\\\/farmacia\\\/\",\"logo\":{\"@type\":\"ImageObject\",\"inLanguage\":\"pl-PL\",\"@id\":\"https:\\\/\\\/www.clinicaalthea.com\\\/farmacia\\\/#\\\/schema\\\/logo\\\/image\\\/\",\"url\":\"https:\\\/\\\/www.clinicaalthea.com\\\/farmacia\\\/wp-content\\\/uploads\\\/2023\\\/12\\\/Jak-diagnozuje-sie-FAS_-objawy-kryteria-diagnostyczne-i-metody-diagnozowania-154162903.jpg\",\"contentUrl\":\"https:\\\/\\\/www.clinicaalthea.com\\\/farmacia\\\/wp-content\\\/uploads\\\/2023\\\/12\\\/Jak-diagnozuje-sie-FAS_-objawy-kryteria-diagnostyczne-i-metody-diagnozowania-154162903.jpg\",\"width\":1216,\"height\":832,\"caption\":\"Clinica Althea\"},\"image\":{\"@id\":\"https:\\\/\\\/www.clinicaalthea.com\\\/farmacia\\\/#\\\/schema\\\/logo\\\/image\\\/\"}}]}<\/script>\n<!-- \/ Yoast SEO plugin. -->","yoast_head_json":{"title":"Varicorin - Clinica Althea","robots":{"index":"index","follow":"follow","max-snippet":"max-snippet:-1","max-image-preview":"max-image-preview:large","max-video-preview":"max-video-preview:-1"},"canonical":"https:\/\/www.clinicaalthea.com\/farmacia\/it\/apt\/varicorin\/","og_locale":"pl_PL","og_type":"article","og_title":"Varicorin - Clinica Althea","og_description":"49.00 \u20ac 98.00 \u20ac","og_url":"https:\/\/www.clinicaalthea.com\/farmacia\/it\/apt\/varicorin\/","og_site_name":"Clinica Althea","article_modified_time":"2024-05-22T11:40:54+00:00","og_image":[{"width":768,"height":768,"url":"https:\/\/www.clinicaalthea.com\/farmacia\/wp-content\/uploads\/2024\/05\/Varicorin.jpg","type":"image\/jpeg"}],"twitter_card":"summary_large_image","twitter_misc":{"Szacowany czas czytania":"8 minut"},"schema":{"@context":"https:\/\/schema.org","@graph":[{"@type":"WebPage","@id":"https:\/\/www.clinicaalthea.com\/farmacia\/it\/apt\/varicorin\/","url":"https:\/\/www.clinicaalthea.com\/farmacia\/it\/apt\/varicorin\/","name":"Varicorin - Clinica Althea","isPartOf":{"@id":"https:\/\/www.clinicaalthea.com\/farmacia\/#website"},"primaryImageOfPage":{"@id":"https:\/\/www.clinicaalthea.com\/farmacia\/it\/apt\/varicorin\/#primaryimage"},"image":{"@id":"https:\/\/www.clinicaalthea.com\/farmacia\/it\/apt\/varicorin\/#primaryimage"},"thumbnailUrl":"https:\/\/www.clinicaalthea.com\/farmacia\/wp-content\/uploads\/2024\/05\/Varicorin.jpg","datePublished":"2024-05-22T11:38:38+00:00","dateModified":"2024-05-22T11:40:54+00:00","breadcrumb":{"@id":"https:\/\/www.clinicaalthea.com\/farmacia\/it\/apt\/varicorin\/#breadcrumb"},"inLanguage":"pl-PL","potentialAction":[{"@type":"ReadAction","target":["https:\/\/www.clinicaalthea.com\/farmacia\/it\/apt\/varicorin\/"]}]},{"@type":"ImageObject","inLanguage":"pl-PL","@id":"https:\/\/www.clinicaalthea.com\/farmacia\/it\/apt\/varicorin\/#primaryimage","url":"https:\/\/www.clinicaalthea.com\/farmacia\/wp-content\/uploads\/2024\/05\/Varicorin.jpg","contentUrl":"https:\/\/www.clinicaalthea.com\/farmacia\/wp-content\/uploads\/2024\/05\/Varicorin.jpg","width":768,"height":768,"caption":"Varicorin"},{"@type":"BreadcrumbList","@id":"https:\/\/www.clinicaalthea.com\/farmacia\/it\/apt\/varicorin\/#breadcrumb","itemListElement":[{"@type":"ListItem","position":1,"name":"Strona g\u0142\u00f3wna","item":"https:\/\/www.clinicaalthea.com\/farmacia\/"},{"@type":"ListItem","position":2,"name":"Produkty","item":"https:\/\/www.clinicaalthea.com\/farmacia\/"},{"@type":"ListItem","position":3,"name":"Varicorin"}]},{"@type":"WebSite","@id":"https:\/\/www.clinicaalthea.com\/farmacia\/#website","url":"https:\/\/www.clinicaalthea.com\/farmacia\/","name":"Clinica Althea","description":"","publisher":{"@id":"https:\/\/www.clinicaalthea.com\/farmacia\/#organization"},"potentialAction":[{"@type":"SearchAction","target":{"@type":"EntryPoint","urlTemplate":"https:\/\/www.clinicaalthea.com\/farmacia\/?s={search_term_string}"},"query-input":{"@type":"PropertyValueSpecification","valueRequired":true,"valueName":"search_term_string"}}],"inLanguage":"pl-PL"},{"@type":"Organization","@id":"https:\/\/www.clinicaalthea.com\/farmacia\/#organization","name":"Clinica Althea","url":"https:\/\/www.clinicaalthea.com\/farmacia\/","logo":{"@type":"ImageObject","inLanguage":"pl-PL","@id":"https:\/\/www.clinicaalthea.com\/farmacia\/#\/schema\/logo\/image\/","url":"https:\/\/www.clinicaalthea.com\/farmacia\/wp-content\/uploads\/2023\/12\/Jak-diagnozuje-sie-FAS_-objawy-kryteria-diagnostyczne-i-metody-diagnozowania-154162903.jpg","contentUrl":"https:\/\/www.clinicaalthea.com\/farmacia\/wp-content\/uploads\/2023\/12\/Jak-diagnozuje-sie-FAS_-objawy-kryteria-diagnostyczne-i-metody-diagnozowania-154162903.jpg","width":1216,"height":832,"caption":"Clinica Althea"},"image":{"@id":"https:\/\/www.clinicaalthea.com\/farmacia\/#\/schema\/logo\/image\/"}}]}},"lang":"it","translations":{"it":5360,"pl":5351,"de":5354,"es":5356,"fr":5358,"nl":5361},"pll_sync_post":[],"_links":{"self":[{"href":"https:\/\/www.clinicaalthea.com\/farmacia\/wp-json\/wp\/v2\/product\/5360","targetHints":{"allow":["GET"]}}],"collection":[{"href":"https:\/\/www.clinicaalthea.com\/farmacia\/wp-json\/wp\/v2\/product"}],"about":[{"href":"https:\/\/www.clinicaalthea.com\/farmacia\/wp-json\/wp\/v2\/types\/product"}],"replies":[{"embeddable":true,"href":"https:\/\/www.clinicaalthea.com\/farmacia\/wp-json\/wp\/v2\/comments?post=5360"}],"wp:featuredmedia":[{"embeddable":true,"href":"https:\/\/www.clinicaalthea.com\/farmacia\/wp-json\/wp\/v2\/media\/5352"}],"wp:attachment":[{"href":"https:\/\/www.clinicaalthea.com\/farmacia\/wp-json\/wp\/v2\/media?parent=5360"}],"wp:term":[{"taxonomy":"product_brand","embeddable":true,"href":"https:\/\/www.clinicaalthea.com\/farmacia\/wp-json\/wp\/v2\/product_brand?post=5360"},{"taxonomy":"product_cat","embeddable":true,"href":"https:\/\/www.clinicaalthea.com\/farmacia\/wp-json\/wp\/v2\/product_cat?post=5360"},{"taxonomy":"product_tag","embeddable":true,"href":"https:\/\/www.clinicaalthea.com\/farmacia\/wp-json\/wp\/v2\/product_tag?post=5360"}],"curies":[{"name":"wp","href":"https:\/\/api.w.org\/{rel}","templated":true}]}}