{"id":5354,"date":"2024-05-22T12:37:20","date_gmt":"2024-05-22T11:37:20","guid":{"rendered":"https:\/\/mayoguide.org\/produkty\/?post_type=product&#038;p=5354"},"modified":"2024-05-22T12:40:54","modified_gmt":"2024-05-22T11:40:54","slug":"varicorin","status":"publish","type":"product","link":"https:\/\/www.clinicaalthea.com\/farmacia\/de\/apt\/varicorin\/","title":{"rendered":"Varicorin"},"content":{"rendered":"\n<h2 class=\"wp-block-heading\" id=\"h-co-to-jest-varicorin-i-jak-dziala\">Was ist Varicorin und wie wirkt es?<\/h2>\n\n\n\n<p>Varicorin ist ein <b>Nahrungserg\u00e4nzungsmittel<\/b>, das speziell zur Bek\u00e4mpfung von Krampfadern und kaputten Kapillaren entwickelt wurde. Es wirkt, indem es die Blutzirkulation verbessert, die Elastizit\u00e4t der Gef\u00e4\u00dfe erh\u00f6ht und Schwellungen reduziert.<\/p>\n\n\n\n<p><b>Varicorin<\/b> besteht aus nat\u00fcrlichen Wirkstoffen wie Rosskastanienextrakt, <b>Weinrebenextrakt<\/b>, Knoblauchextrakt, <b>Vitamin C<\/b> und <b>Rutin<\/b>. Diese Inhaltsstoffe wirken synergetisch, um die Blutgef\u00e4\u00dfe zu st\u00e4rken und ihre Elastizit\u00e4t zu verbessern.<\/p>\n\n\n\n<h2 class=\"wp-block-heading\" id=\"h-efekty-stosowania-varicorin\">Auswirkungen von Varicorin<\/h2>\n\n\n\n<p>Die regelm\u00e4\u00dfige Einnahme von Varicorin kann zahlreiche Vorteile f\u00fcr die Gef\u00e4\u00dfgesundheit und das allgemeine Wohlbefinden mit sich bringen. Die Wirkung dieses Nahrungserg\u00e4nzungsmittels umfasst verschiedene Aspekte und tr\u00e4gt zur Verbesserung der kardiovaskul\u00e4ren Gesundheit bei.<\/p>\n\n\n\n<p>Varicorin hilft vor allem bei Krampfadern, indem es das Schweregef\u00fchl in den Beinen reduziert. Dank der Inhaltsstoffe mit bew\u00e4hrten Eigenschaften reduziert das <b>Nahrungserg\u00e4nzungsmittel<\/b> Schwellungen und unterst\u00fctzt die normale Funktion der Blutgef\u00e4\u00dfe.<\/p>\n\n\n\n<p>Eine weitere Wirkung der Einnahme von Varicorin ist die <b>Verbesserung der Blutzirkulation<\/b>. Bei regelm\u00e4\u00dfiger Einnahme von Varicorin-Kapseln wird die Blutzirkulation verbessert, was f\u00fcr die Gesundheit des Kreislaufsystems \u00e4u\u00dferst wichtig ist. Die verbesserte Durchblutung tr\u00e4gt zu einer besseren Sauerstoffversorgung des K\u00f6rpers und zum Transport von N\u00e4hrstoffen zu den Geweben bei.<\/p>\n\n\n\n<p>Dar\u00fcber hinaus verringert Varicorin das Risiko von Krampfadern und geplatzten Blutgef\u00e4\u00dfen. Dank seiner einzigartigen Wirkstoffkombination st\u00e4rkt das Nahrungserg\u00e4nzungsmittel die W\u00e4nde der Blutgef\u00e4\u00dfe und verbessert deren Elastizit\u00e4t und Festigkeit. Dies beugt in erster Linie der Bildung von Krampfadern vor und verringert das Risiko ihrer weiteren Entwicklung.<\/p>\n\n\n\n<h2 class=\"wp-block-heading\" id=\"h-jak-prawidlowo-stosowac-varicorin-dawkowanie\">Wie man Varicorin richtig anwendet &#8211; Dosierung<\/h2>\n\n\n\n<p>Um optimale Ergebnisse zu erzielen, wird empfohlen, eine Kapsel Varicorin t\u00e4glich, vorzugsweise morgens, mit einem Glas Wasser einzunehmen. Die Regelm\u00e4\u00dfigkeit der Einnahme ist der Schl\u00fcssel zur Erzielung des vollen Nutzens. Das Nahrungserg\u00e4nzungsmittel sollte als Erg\u00e4nzung zu einer gesunden Lebensweise, einschlie\u00dflich k\u00f6rperlicher Aktivit\u00e4t und einer gesunden Ern\u00e4hrung, verwendet werden.<\/p>\n\n\n\n<p>Halten Sie sich an die empfohlene Dosierung und \u00fcberschreiten Sie sie nicht ohne R\u00fccksprache mit Ihrem Arzt. Jeder K\u00f6rper ist anders, daher ist es wichtig, dass Sie die Dosierung von Varicorin auf Ihre individuellen Bed\u00fcrfnisse abstimmen. Wenn Sie irgendwelche Zweifel oder Bedenken haben, fragen Sie Ihren Arzt oder Apotheker.<\/p>\n\n\n\n<h2 class=\"wp-block-heading\" id=\"h-varicorin-opinie-i-recenzje-co-mowia-uzytkownicy\">Varicorin &#8211; Meinungen und Bewertungen &#8211; Was sagen die Benutzer?<\/h2>\n\n\n\n<p>Varicorin-Benutzerbewertungen und -Zeugnisse k\u00f6nnen eine wertvolle Informationsquelle f\u00fcr eine Kaufentscheidung sein. Viele Menschen, die Varicorin verwendet haben, sch\u00e4tzen die Wirksamkeit dieser Erg\u00e4nzung bei der Bek\u00e4mpfung von Krampfadern und dem Gef\u00fchl von schweren Beinen. Die Bewertungen best\u00e4tigen die Vorteile von Varicorin, aber es ist immer zu bedenken, dass jeder K\u00f6rper anders reagieren kann.<\/p>\n\n\n\n<figure class=\"wp-block-table\"><table><tbody><tr><th>Benutzer<\/th><th>Stellungnahme<\/th><\/tr><tr><td>Adam<\/td><td>&#8220;Varicorin hat mir geholfen, die Symptome von Krampfadern deutlich zu reduzieren. Schon nach wenigen Wochen der Anwendung sp\u00fcrte ich eine Erleichterung in meinen Beinen und die Schwellungen gingen deutlich zur\u00fcck. Ich kann jetzt leichte Beine und mehr Komfort genie\u00dfen.&#8221;<\/td><\/tr><tr><td>Hanna<\/td><td>&#8220;Ich hatte lange Zeit ein Problem mit Krampfadern. Ich habe verschiedene Cremes und Salben ausprobiert, aber keine von ihnen hatte eine nachhaltige Wirkung. Erst Varicorin hat sich als wirksam erwiesen und den Zustand meiner Beine sichtlich verbessert. Ich kann es nur empfehlen!&#8221;<\/td><\/tr><tr><td>Peter<\/td><td>&#8220;Varicorin ist die einzige Erg\u00e4nzung, die mir wirklich geholfen hat. Es hat nicht nur die Symptome von Krampfadern reduziert, sondern auch das Schweregef\u00fchl in meinen Beinen ist verschwunden. Ich kann jetzt v\u00f6lligen Komfort und Leichtigkeit genie\u00dfen.&#8221;<\/td><\/tr><\/tbody><\/table><\/figure>\n\n\n\n<p>\u00c4hnlich positive Bewertungen von Varicorin-Benutzern best\u00e4tigen die Wirksamkeit dieser Erg\u00e4nzung bei der Reduzierung von Krampfadern und der Verbesserung der Gesundheit der Blutgef\u00e4\u00dfe. Wie immer ist es jedoch wichtig, sich daran zu erinnern, dass der K\u00f6rper eines jeden Menschen anders reagieren kann, so dass es ratsam ist, Ihren Arzt zu konsultieren, bevor Sie Varicorin einnehmen.<\/p>\n\n\n\n<h2 class=\"wp-block-heading\" id=\"h-varicorin-sklad-co-zawiera\">Varicorin &#8211; Zusammensetzung &#8211; Was enth\u00e4lt es?<\/h2>\n\n\n\n<p>Varicorin ist ein Nahrungserg\u00e4nzungsmittel mit einer einzigartigen Kombination von Wirkstoffen, die sich positiv auf die <b>Gesundheit der Gef\u00e4\u00dfe<\/b> auswirken. Dank der sorgf\u00e4ltig ausgew\u00e4hlten Inhaltsstoffe von Varicorin tr\u00e4gt das Nahrungserg\u00e4nzungsmittel dazu bei, die Blutzirkulation zu verbessern, Schwellungen zu reduzieren und das Gef\u00fchl von schweren Beinen zu lindern.<\/p>\n\n\n\n<p>Die wichtigsten <b>Inhaltsstoffe von Varicorin<\/b> sind:<\/p>\n\n\n\n<ul class=\"wp-block-list\">\n<li><b>Rosskastanie<\/b>: Rosskastanienextrakt ist ein Inhaltsstoff mit einer langen Tradition in der Naturmedizin. Er enth\u00e4lt Wirkstoffe, die die Blutgef\u00e4\u00dfe st\u00e4rken und ihre Elastizit\u00e4t verbessern. Er hat eine entz\u00fcndungshemmende und juckreizstillende Wirkung, die hilft, die Symptome von Krampfadern und Schwellungen zu reduzieren.<\/li>\n\n\n\n<li><b>Weintraubenextrakt<\/b>: Die <b>Weintraube<\/b> ist reich an Polyphenolen und Flavonoiden, die starke Antioxidantien sind. Weintraubenextrakt tr\u00e4gt zur Verbesserung der Elastizit\u00e4t der Blutgef\u00e4\u00dfe bei und hat au\u00dferdem eine antioxidative Wirkung, die die sch\u00e4dlichen Auswirkungen freier Radikale verhindert.<\/li>\n\n\n\n<li><b>Knoblauch<\/b>: <b>Knoblauch<\/b> ist eine nat\u00fcrliche Quelle von Wirkstoffen wie Allicin, das antibakterielle und entz\u00fcndungshemmende Eigenschaften hat. Knoblauch verbessert auch die Blutzirkulation, was sich positiv auf die Blutgef\u00e4\u00dfe auswirkt.<\/li>\n\n\n\n<li>Vitamin<b>C<\/b>: Vitamin C ist wichtig f\u00fcr die Gesundheit der Blutgef\u00e4\u00dfe. Es wirkt als starkes Antioxidans und sch\u00fctzt die Gef\u00e4\u00dfzellen vor oxidativen Sch\u00e4den. Dar\u00fcber hinaus ist Vitamin C f\u00fcr die Synthese von Kollagen, einem wichtigen Bestandteil der Blutgef\u00e4\u00dfw\u00e4nde, unerl\u00e4sslich.<\/li>\n\n\n\n<li><b>Rutin<\/b>: Rutin ist ein Bioflavonoid, das das reibungslose Funktionieren des Herz-Kreislauf-Systems unterst\u00fctzt. Es hat eine entz\u00fcndungshemmende Wirkung, st\u00e4rkt die Blutgef\u00e4\u00dfe und verbessert die Blutzirkulation.<\/li>\n<\/ul>\n\n\n\n<p>Diese Inhaltsstoffe wirken synergetisch, um die Blutgef\u00e4\u00dfe zu st\u00e4rken und ihre Elastizit\u00e4t zu verbessern. Die regelm\u00e4\u00dfige Einnahme von Varicorin in Kombination mit einer gesunden Lebensweise kann Krampfadern lindern, <b>das Schweregef\u00fchl in den Beinen reduzieren<\/b> und Schwellungen verringern.<\/p>\n\n\n\n<h2 class=\"wp-block-heading\" id=\"h-gdzie-kupic-i-jaka-jest-cena-varicorin\">Wo kann man Varicorin kaufen und wie hoch ist der Preis?<\/h2>\n\n\n\n<p>Das Produkt Varicorin k\u00f6nnen Sie auf der offiziellen Website des Herstellers erwerben. Durch den Kauf von Varicorin direkt vom Hersteller sind Sie sicher, ein echtes Produkt von h\u00f6chster Qualit\u00e4t zu erhalten. Es ist erw\u00e4hnenswert, dass <b>der Preis von Varicorin<\/b> je nach Aktionen und Rabatten auf der offiziellen Website des Herstellers variieren kann.<\/p>\n\n\n\n<blockquote class=\"wp-block-quote is-layout-flow wp-block-quote-is-layout-flow\">\n<p>Zur Erinnerung: Um gef\u00e4lschte und ungepr\u00fcfte Produkte zu vermeiden, ist es immer ratsam, auf den offiziellen Websites der Hersteller oder vertrauensw\u00fcrdiger Einzelh\u00e4ndler zu kaufen.<\/p>\n<\/blockquote>\n\n\n\n<p>Um den aktuellen Preis von Varicorin zu \u00fcberpr\u00fcfen und von eventuellen Sonderangeboten zu profitieren, empfehlen wir Ihnen, die offizielle Website des Herstellers von Varicorin zu besuchen. Dort finden Sie vollst\u00e4ndige Preisinformationen und aktuelle Sonderangebote, mit denen Sie Geld sparen k\u00f6nnen.<\/p>\n\n\n\n<p>Wenn Sie sich f\u00fcr Varicorin entscheiden, sollten Sie eine l\u00e4ngere Einnahmedauer in Betracht ziehen, da eine 3- oder 6-monatige Packung m\u00f6glicherweise kosteng\u00fcnstiger ist. Nat\u00fcrlich liegt die endg\u00fcltige Entscheidung bei Ihnen, aber es lohnt sich, die Aussicht auf langfristige gesundheitliche Vorteile in Betracht zu ziehen.<\/p>\n\n\n\n<h2 class=\"wp-block-heading\" id=\"h-varicorin-skutki-uboczne-i-przeciwwskazania-czy-jest-bezpieczny\">Varicorin &#8211; Nebenwirkungen und Kontraindikationen &#8211; Ist es sicher?<\/h2>\n\n\n\n<p>Varicorin ist ein Nahrungserg\u00e4nzungsmittel auf der Grundlage nat\u00fcrlicher Inhaltsstoffe, wodurch das Risiko von Nebenwirkungen minimiert wird. Wenn Sie jedoch an einer Krankheit oder Allergie leiden, sollten Sie Ihren Arzt konsultieren, bevor Sie mit der Einnahme beginnen. Um eine <b>sichere Anwendung von Varicorin<\/b> zu gew\u00e4hrleisten, sind einige Kontraindikationen zu beachten.<\/p>\n\n\n\n<p>Gegenanzeigen f\u00fcr die Einnahme von Varicorin sind vor allem Personen, die auf einen der Inhaltsstoffe des Pr\u00e4parats allergisch reagieren. Personen mit einer \u00dcberempfindlichkeit gegen Inhaltsstoffe wie <b>Rosskastanie<\/b>, <b>Weinrebe<\/b>, Knoblauch, Vitamin C oder Rutin sollten von der Einnahme von Varicorin absehen. Au\u00dferdem sollten schwangere oder stillende Frauen und Personen unter 18 Jahren einen Arzt konsultieren, bevor sie mit der Einnahme beginnen.<\/p>\n\n\n\n<p>Um eine sichere und wirksame Anwendung von Varicorin zu gew\u00e4hrleisten, sollten Sie sich stets an die Dosierungsempfehlungen des Herstellers halten. Die empfohlene Dosis sollte nicht \u00fcberschritten werden und das Nahrungserg\u00e4nzungsmittel sollte als Erg\u00e4nzung zu einer gesunden Lebensweise, einschlie\u00dflich k\u00f6rperlicher Aktivit\u00e4t und gesunder Ern\u00e4hrung, eingenommen werden. Beim Auftreten von besorgniserregenden Symptomen oder Nebenwirkungen sollte Varicorin abgesetzt und ein Arzt aufgesucht werden.<\/p>\n","protected":false},"excerpt":{"rendered":"<p><strong>49.00 \u20ac<\/strong><\/p>\n<p><del>98.00 \u20ac<\/del><\/p>\n<p><strong>[date_countdown]<\/strong><\/p>\n","protected":false},"featured_media":5352,"comment_status":"open","ping_status":"closed","template":"","meta":{"neve_meta_sidebar":"","neve_meta_container":"","neve_meta_enable_content_width":"","neve_meta_content_width":0,"neve_meta_title_alignment":"","neve_meta_author_avatar":"","neve_post_elements_order":"","neve_meta_disable_header":"","neve_meta_disable_footer":"","neve_meta_disable_title":"","neve_meta_reading_time":""},"product_brand":[],"product_cat":[33],"product_tag":[],"class_list":{"0":"post-5354","1":"product","2":"type-product","3":"status-publish","4":"has-post-thumbnail","6":"product_cat-gesundheit","8":"first","9":"instock","10":"shipping-taxable","11":"product-type-external"},"yoast_head":"<!-- This site is optimized with the Yoast SEO plugin v27.4 - https:\/\/yoast.com\/product\/yoast-seo-wordpress\/ -->\n<title>Varicorin - Clinica Althea<\/title>\n<meta name=\"robots\" content=\"index, follow, max-snippet:-1, max-image-preview:large, max-video-preview:-1\" \/>\n<link rel=\"canonical\" href=\"https:\/\/www.clinicaalthea.com\/farmacia\/de\/apt\/varicorin\/\" \/>\n<meta property=\"og:locale\" content=\"pl_PL\" \/>\n<meta property=\"og:type\" content=\"article\" \/>\n<meta property=\"og:title\" content=\"Varicorin - Clinica Althea\" \/>\n<meta property=\"og:description\" content=\"49.00 \u20ac 98.00 \u20ac\" \/>\n<meta property=\"og:url\" content=\"https:\/\/www.clinicaalthea.com\/farmacia\/de\/apt\/varicorin\/\" \/>\n<meta property=\"og:site_name\" content=\"Clinica Althea\" \/>\n<meta property=\"article:modified_time\" content=\"2024-05-22T11:40:54+00:00\" \/>\n<meta property=\"og:image\" content=\"https:\/\/www.clinicaalthea.com\/farmacia\/wp-content\/uploads\/2024\/05\/Varicorin.jpg\" \/>\n\t<meta property=\"og:image:width\" content=\"768\" \/>\n\t<meta property=\"og:image:height\" content=\"768\" \/>\n\t<meta property=\"og:image:type\" content=\"image\/jpeg\" \/>\n<meta name=\"twitter:card\" content=\"summary_large_image\" \/>\n<meta name=\"twitter:label1\" content=\"Szacowany czas czytania\" \/>\n\t<meta name=\"twitter:data1\" content=\"8 minut\" \/>\n<script type=\"application\/ld+json\" class=\"yoast-schema-graph\">{\"@context\":\"https:\\\/\\\/schema.org\",\"@graph\":[{\"@type\":\"WebPage\",\"@id\":\"https:\\\/\\\/www.clinicaalthea.com\\\/farmacia\\\/de\\\/apt\\\/varicorin\\\/\",\"url\":\"https:\\\/\\\/www.clinicaalthea.com\\\/farmacia\\\/de\\\/apt\\\/varicorin\\\/\",\"name\":\"Varicorin - Clinica Althea\",\"isPartOf\":{\"@id\":\"https:\\\/\\\/www.clinicaalthea.com\\\/farmacia\\\/#website\"},\"primaryImageOfPage\":{\"@id\":\"https:\\\/\\\/www.clinicaalthea.com\\\/farmacia\\\/de\\\/apt\\\/varicorin\\\/#primaryimage\"},\"image\":{\"@id\":\"https:\\\/\\\/www.clinicaalthea.com\\\/farmacia\\\/de\\\/apt\\\/varicorin\\\/#primaryimage\"},\"thumbnailUrl\":\"https:\\\/\\\/www.clinicaalthea.com\\\/farmacia\\\/wp-content\\\/uploads\\\/2024\\\/05\\\/Varicorin.jpg\",\"datePublished\":\"2024-05-22T11:37:20+00:00\",\"dateModified\":\"2024-05-22T11:40:54+00:00\",\"breadcrumb\":{\"@id\":\"https:\\\/\\\/www.clinicaalthea.com\\\/farmacia\\\/de\\\/apt\\\/varicorin\\\/#breadcrumb\"},\"inLanguage\":\"pl-PL\",\"potentialAction\":[{\"@type\":\"ReadAction\",\"target\":[\"https:\\\/\\\/www.clinicaalthea.com\\\/farmacia\\\/de\\\/apt\\\/varicorin\\\/\"]}]},{\"@type\":\"ImageObject\",\"inLanguage\":\"pl-PL\",\"@id\":\"https:\\\/\\\/www.clinicaalthea.com\\\/farmacia\\\/de\\\/apt\\\/varicorin\\\/#primaryimage\",\"url\":\"https:\\\/\\\/www.clinicaalthea.com\\\/farmacia\\\/wp-content\\\/uploads\\\/2024\\\/05\\\/Varicorin.jpg\",\"contentUrl\":\"https:\\\/\\\/www.clinicaalthea.com\\\/farmacia\\\/wp-content\\\/uploads\\\/2024\\\/05\\\/Varicorin.jpg\",\"width\":768,\"height\":768,\"caption\":\"Varicorin\"},{\"@type\":\"BreadcrumbList\",\"@id\":\"https:\\\/\\\/www.clinicaalthea.com\\\/farmacia\\\/de\\\/apt\\\/varicorin\\\/#breadcrumb\",\"itemListElement\":[{\"@type\":\"ListItem\",\"position\":1,\"name\":\"Strona g\u0142\u00f3wna\",\"item\":\"https:\\\/\\\/www.clinicaalthea.com\\\/farmacia\\\/\"},{\"@type\":\"ListItem\",\"position\":2,\"name\":\"Produkty\",\"item\":\"https:\\\/\\\/www.clinicaalthea.com\\\/farmacia\\\/\"},{\"@type\":\"ListItem\",\"position\":3,\"name\":\"Varicorin\"}]},{\"@type\":\"WebSite\",\"@id\":\"https:\\\/\\\/www.clinicaalthea.com\\\/farmacia\\\/#website\",\"url\":\"https:\\\/\\\/www.clinicaalthea.com\\\/farmacia\\\/\",\"name\":\"Clinica Althea\",\"description\":\"\",\"publisher\":{\"@id\":\"https:\\\/\\\/www.clinicaalthea.com\\\/farmacia\\\/#organization\"},\"potentialAction\":[{\"@type\":\"SearchAction\",\"target\":{\"@type\":\"EntryPoint\",\"urlTemplate\":\"https:\\\/\\\/www.clinicaalthea.com\\\/farmacia\\\/?s={search_term_string}\"},\"query-input\":{\"@type\":\"PropertyValueSpecification\",\"valueRequired\":true,\"valueName\":\"search_term_string\"}}],\"inLanguage\":\"pl-PL\"},{\"@type\":\"Organization\",\"@id\":\"https:\\\/\\\/www.clinicaalthea.com\\\/farmacia\\\/#organization\",\"name\":\"Clinica Althea\",\"url\":\"https:\\\/\\\/www.clinicaalthea.com\\\/farmacia\\\/\",\"logo\":{\"@type\":\"ImageObject\",\"inLanguage\":\"pl-PL\",\"@id\":\"https:\\\/\\\/www.clinicaalthea.com\\\/farmacia\\\/#\\\/schema\\\/logo\\\/image\\\/\",\"url\":\"https:\\\/\\\/www.clinicaalthea.com\\\/farmacia\\\/wp-content\\\/uploads\\\/2023\\\/12\\\/Jak-diagnozuje-sie-FAS_-objawy-kryteria-diagnostyczne-i-metody-diagnozowania-154162903.jpg\",\"contentUrl\":\"https:\\\/\\\/www.clinicaalthea.com\\\/farmacia\\\/wp-content\\\/uploads\\\/2023\\\/12\\\/Jak-diagnozuje-sie-FAS_-objawy-kryteria-diagnostyczne-i-metody-diagnozowania-154162903.jpg\",\"width\":1216,\"height\":832,\"caption\":\"Clinica Althea\"},\"image\":{\"@id\":\"https:\\\/\\\/www.clinicaalthea.com\\\/farmacia\\\/#\\\/schema\\\/logo\\\/image\\\/\"}}]}<\/script>\n<!-- \/ Yoast SEO plugin. -->","yoast_head_json":{"title":"Varicorin - Clinica Althea","robots":{"index":"index","follow":"follow","max-snippet":"max-snippet:-1","max-image-preview":"max-image-preview:large","max-video-preview":"max-video-preview:-1"},"canonical":"https:\/\/www.clinicaalthea.com\/farmacia\/de\/apt\/varicorin\/","og_locale":"pl_PL","og_type":"article","og_title":"Varicorin - Clinica Althea","og_description":"49.00 \u20ac 98.00 \u20ac","og_url":"https:\/\/www.clinicaalthea.com\/farmacia\/de\/apt\/varicorin\/","og_site_name":"Clinica Althea","article_modified_time":"2024-05-22T11:40:54+00:00","og_image":[{"width":768,"height":768,"url":"https:\/\/www.clinicaalthea.com\/farmacia\/wp-content\/uploads\/2024\/05\/Varicorin.jpg","type":"image\/jpeg"}],"twitter_card":"summary_large_image","twitter_misc":{"Szacowany czas czytania":"8 minut"},"schema":{"@context":"https:\/\/schema.org","@graph":[{"@type":"WebPage","@id":"https:\/\/www.clinicaalthea.com\/farmacia\/de\/apt\/varicorin\/","url":"https:\/\/www.clinicaalthea.com\/farmacia\/de\/apt\/varicorin\/","name":"Varicorin - Clinica Althea","isPartOf":{"@id":"https:\/\/www.clinicaalthea.com\/farmacia\/#website"},"primaryImageOfPage":{"@id":"https:\/\/www.clinicaalthea.com\/farmacia\/de\/apt\/varicorin\/#primaryimage"},"image":{"@id":"https:\/\/www.clinicaalthea.com\/farmacia\/de\/apt\/varicorin\/#primaryimage"},"thumbnailUrl":"https:\/\/www.clinicaalthea.com\/farmacia\/wp-content\/uploads\/2024\/05\/Varicorin.jpg","datePublished":"2024-05-22T11:37:20+00:00","dateModified":"2024-05-22T11:40:54+00:00","breadcrumb":{"@id":"https:\/\/www.clinicaalthea.com\/farmacia\/de\/apt\/varicorin\/#breadcrumb"},"inLanguage":"pl-PL","potentialAction":[{"@type":"ReadAction","target":["https:\/\/www.clinicaalthea.com\/farmacia\/de\/apt\/varicorin\/"]}]},{"@type":"ImageObject","inLanguage":"pl-PL","@id":"https:\/\/www.clinicaalthea.com\/farmacia\/de\/apt\/varicorin\/#primaryimage","url":"https:\/\/www.clinicaalthea.com\/farmacia\/wp-content\/uploads\/2024\/05\/Varicorin.jpg","contentUrl":"https:\/\/www.clinicaalthea.com\/farmacia\/wp-content\/uploads\/2024\/05\/Varicorin.jpg","width":768,"height":768,"caption":"Varicorin"},{"@type":"BreadcrumbList","@id":"https:\/\/www.clinicaalthea.com\/farmacia\/de\/apt\/varicorin\/#breadcrumb","itemListElement":[{"@type":"ListItem","position":1,"name":"Strona g\u0142\u00f3wna","item":"https:\/\/www.clinicaalthea.com\/farmacia\/"},{"@type":"ListItem","position":2,"name":"Produkty","item":"https:\/\/www.clinicaalthea.com\/farmacia\/"},{"@type":"ListItem","position":3,"name":"Varicorin"}]},{"@type":"WebSite","@id":"https:\/\/www.clinicaalthea.com\/farmacia\/#website","url":"https:\/\/www.clinicaalthea.com\/farmacia\/","name":"Clinica Althea","description":"","publisher":{"@id":"https:\/\/www.clinicaalthea.com\/farmacia\/#organization"},"potentialAction":[{"@type":"SearchAction","target":{"@type":"EntryPoint","urlTemplate":"https:\/\/www.clinicaalthea.com\/farmacia\/?s={search_term_string}"},"query-input":{"@type":"PropertyValueSpecification","valueRequired":true,"valueName":"search_term_string"}}],"inLanguage":"pl-PL"},{"@type":"Organization","@id":"https:\/\/www.clinicaalthea.com\/farmacia\/#organization","name":"Clinica Althea","url":"https:\/\/www.clinicaalthea.com\/farmacia\/","logo":{"@type":"ImageObject","inLanguage":"pl-PL","@id":"https:\/\/www.clinicaalthea.com\/farmacia\/#\/schema\/logo\/image\/","url":"https:\/\/www.clinicaalthea.com\/farmacia\/wp-content\/uploads\/2023\/12\/Jak-diagnozuje-sie-FAS_-objawy-kryteria-diagnostyczne-i-metody-diagnozowania-154162903.jpg","contentUrl":"https:\/\/www.clinicaalthea.com\/farmacia\/wp-content\/uploads\/2023\/12\/Jak-diagnozuje-sie-FAS_-objawy-kryteria-diagnostyczne-i-metody-diagnozowania-154162903.jpg","width":1216,"height":832,"caption":"Clinica Althea"},"image":{"@id":"https:\/\/www.clinicaalthea.com\/farmacia\/#\/schema\/logo\/image\/"}}]}},"lang":"de","translations":{"de":5354,"pl":5351,"es":5356,"fr":5358,"it":5360,"nl":5361},"pll_sync_post":[],"_links":{"self":[{"href":"https:\/\/www.clinicaalthea.com\/farmacia\/wp-json\/wp\/v2\/product\/5354","targetHints":{"allow":["GET"]}}],"collection":[{"href":"https:\/\/www.clinicaalthea.com\/farmacia\/wp-json\/wp\/v2\/product"}],"about":[{"href":"https:\/\/www.clinicaalthea.com\/farmacia\/wp-json\/wp\/v2\/types\/product"}],"replies":[{"embeddable":true,"href":"https:\/\/www.clinicaalthea.com\/farmacia\/wp-json\/wp\/v2\/comments?post=5354"}],"wp:featuredmedia":[{"embeddable":true,"href":"https:\/\/www.clinicaalthea.com\/farmacia\/wp-json\/wp\/v2\/media\/5352"}],"wp:attachment":[{"href":"https:\/\/www.clinicaalthea.com\/farmacia\/wp-json\/wp\/v2\/media?parent=5354"}],"wp:term":[{"taxonomy":"product_brand","embeddable":true,"href":"https:\/\/www.clinicaalthea.com\/farmacia\/wp-json\/wp\/v2\/product_brand?post=5354"},{"taxonomy":"product_cat","embeddable":true,"href":"https:\/\/www.clinicaalthea.com\/farmacia\/wp-json\/wp\/v2\/product_cat?post=5354"},{"taxonomy":"product_tag","embeddable":true,"href":"https:\/\/www.clinicaalthea.com\/farmacia\/wp-json\/wp\/v2\/product_tag?post=5354"}],"curies":[{"name":"wp","href":"https:\/\/api.w.org\/{rel}","templated":true}]}}