{"id":5241,"date":"2024-05-22T08:41:30","date_gmt":"2024-05-22T07:41:30","guid":{"rendered":"https:\/\/mayoguide.org\/produkty\/?post_type=product&#038;p=5241"},"modified":"2024-05-22T08:41:33","modified_gmt":"2024-05-22T07:41:33","slug":"restilen","status":"publish","type":"product","link":"https:\/\/www.clinicaalthea.com\/farmacia\/sk\/apt\/restilen\/","title":{"rendered":"Restilen"},"content":{"rendered":"\n<h2 class=\"wp-block-heading\" id=\"h-czym-jest-restilen-i-jak-dziala\">\u010co je Restilen a ako funguje?<\/h2>\n\n\n\n<p><b>Restilen<\/b> je <b>doplnok stravy<\/b> obsahuj\u00faci <b>pr\u00edrodn\u00e9 zlo\u017eky<\/b>, ktor\u00e9 pom\u00e1haj\u00fa zvl\u00e1da\u0165 stres a zni\u017eova\u0165 pr\u00edznaky s\u00favisiace so stresom. <b>Restilen<\/b> je vytvoren\u00fd tak, aby poskytoval komplexn\u00fa podporu du\u0161evn\u00e9ho zdravia. P\u00f4sob\u00ed na viacer\u00fdch \u00farovniach v prospech organizmu.<\/p>\n\n\n\n<p>Jednou z k\u013e\u00fa\u010dov\u00fdch zlo\u017eiek lieku Restilen je <b>ashwagandha<\/b>, adaptog\u00e9nna rastlina, ktor\u00e1 pom\u00e1ha telu prisp\u00f4sobi\u0165 sa stresu. <b>A\u0161vaganda<\/b> podporuje nervov\u00fd syst\u00e9m a pom\u00e1ha udr\u017eiava\u0165 du\u0161evn\u00fa rovnov\u00e1hu po\u010das n\u00e1ro\u010dn\u00fdch situ\u00e1ci\u00ed.<\/p>\n\n\n\n<p>\u010eal\u0161ou zlo\u017ekou lieku Restilen je <b>medovka lek\u00e1rska<\/b>, rastlina s upokojuj\u00facimi \u00fa\u010dinkami. <b>Medovka<\/b> pom\u00e1ha uvo\u013eni\u0165 myse\u013e a telo, zni\u017euje pocity \u00fazkosti a nap\u00e4tia.<\/p>\n\n\n\n<p>Restilen obsahuje aj mel\u00f3nov\u00fa k\u00f4ru, ktor\u00e1 m\u00e1 vlastnosti zni\u017euj\u00face \u00fanavu. K\u00f4ra mel\u00f3na kantalupu pom\u00e1ha zvy\u0161ova\u0165 energiu a zlep\u0161ova\u0165 celkov\u00fa pohodu.<\/p>\n\n\n\n<p><b>Doplnok stravy<\/b> Restilen obsahuje aj <b>hor\u010d\u00edk<\/b> a <b>vitam\u00edny skupiny B,<\/b> ktor\u00e9 s\u00fa mimoriadne d\u00f4le\u017eit\u00e9 pre du\u0161evn\u00e9 zdravie. <b>Hor\u010d\u00edk<\/b> pom\u00e1ha zni\u017eova\u0165 \u00fanavu a podporuje \u010dinnos\u0165 nervov\u00e9ho syst\u00e9mu. <b>Vitam\u00edny skupiny B<\/b> s\u00fa nevyhnutn\u00e9 pre norm\u00e1lnu funkciu mozgu a tvorbu energie.<\/p>\n\n\n\n<p>V\u010faka synergick\u00e9mu p\u00f4sobeniu t\u00fdchto zlo\u017eiek Restilen podporuje organizmus v boji proti stresu, zni\u017euje pr\u00edznaky stresu a podporuje du\u0161evn\u00e9 zdravie. <b>Pravideln\u00e9 u\u017e\u00edvanie<\/b> doplnku m\u00e1 v\u00fdrazn\u00fd vplyv na zlep\u0161enie n\u00e1lady, zn\u00ed\u017eenie pr\u00edznakov stresu a zlep\u0161enie kvality sp\u00e1nku.<\/p>\n\n\n\n<h2 class=\"wp-block-heading\" id=\"h-korzysci-ze-stosowania-restilen-efekty\">V\u00fdhody Restilen &#8211; \u00fa\u010dinky<\/h2>\n\n\n\n<p>Pou\u017e\u00edvanie v\u00fd\u017eivov\u00e9ho doplnku Restilen m\u00f4\u017ee ma\u0165 mnoho v\u00fdhod pri zni\u017eovan\u00ed pr\u00edznakov stresu, zlep\u0161ovan\u00ed n\u00e1lady a zvy\u0161ovan\u00ed odolnosti vo\u010di stresu. <b>Pravideln\u00e9 u\u017e\u00edvanie<\/b> Restilenu m\u00f4\u017ee pom\u00f4c\u0165 zlep\u0161i\u0165 n\u00e1ladu a zabezpe\u010di\u0165 kvalitnej\u0161\u00ed sp\u00e1nok.<\/p>\n\n\n\n<p>Zlo\u017eky lieku Restilen p\u00f4sobia synergicky a poskytuj\u00fa telu komplexn\u00fa podporu v boji proti stresu. P\u00f4sobenie doplnku je zalo\u017een\u00e9 na pr\u00edrodn\u00fdch zlo\u017ek\u00e1ch, ako s\u00fa <b>ashwagandha<\/b>, <b>medovka<\/b>, mel\u00f3nov\u00e1 k\u00f4ra, <b>hor\u010d\u00edk<\/b> a <b>vitam\u00edny skupiny B<\/b>.<\/p>\n\n\n\n<p>Ashwagandha pom\u00e1ha telu prisp\u00f4sobi\u0165 sa stresu a z\u00e1rove\u0148 podporuje du\u0161evn\u00e9 zdravie. Medovka lek\u00e1rska m\u00e1 zasa upokojuj\u00faci \u00fa\u010dinok a pom\u00e1ha zmier\u0148ova\u0165 pocity nepokoja a \u00fazkosti. K\u00f4ra mel\u00f3na Cantaloupe a hor\u010d\u00edk pom\u00e1haj\u00fa zni\u017eova\u0165 \u00fanavu, zatia\u013e \u010do vitam\u00edny skupiny B s\u00fa nevyhnutn\u00e9 pre spr\u00e1vnu funkciu nervov\u00e9ho syst\u00e9mu a tvorbu energie.<\/p>\n\n\n\n<p>Pou\u017e\u00edvanie lieku Restilen je komplexn\u00fd sp\u00f4sob, ako zn\u00ed\u017ei\u0165 pr\u00edznaky stresu a zlep\u0161i\u0165 pohodu. Jeho <b>pr\u00edrodn\u00e9 zlo\u017eky<\/b> p\u00f4sobia v harm\u00f3nii a poskytuj\u00fa telu potrebn\u00fa podporu pri zvl\u00e1dan\u00ed stresu.<\/p>\n\n\n\n<h2 class=\"wp-block-heading\" id=\"h-jak-stosowac-restilen-dawkowanie-i-zalecenia\">Ako pou\u017e\u00edva\u0165 Restilen? &#8211; D\u00e1vkovanie a odpor\u00fa\u010dania<\/h2>\n\n\n\n<p>Odpor\u00fa\u010da sa u\u017e\u00edva\u0165 dve kapsuly Restilenu denne &#8211; jednu r\u00e1no a jednu ve\u010der. Pravideln\u00e9 u\u017e\u00edvanie lieku Restilen je k\u013e\u00fa\u010dom k dosiahnutiu trval\u00fdch v\u00fdsledkov pri zvl\u00e1dan\u00ed stresu a podpore du\u0161evn\u00e9ho zdravia.<\/p>\n\n\n\n<p>Pred za\u010dat\u00edm u\u017e\u00edvania lieku Restilen je vhodn\u00e9 poradi\u0165 sa s lek\u00e1rom, najm\u00e4 ak m\u00e1te nejak\u00e9 <b>kontraindik\u00e1cie<\/b> alebo u\u017e\u00edvate in\u00e9 lieky. V\u00e1\u0161 lek\u00e1r m\u00f4\u017ee presne ur\u010di\u0165 vhodn\u00e9 <b>d\u00e1vkovanie<\/b> Restilenu s prihliadnut\u00edm na va\u0161e individu\u00e1lne potreby a zdravotn\u00fd stav.<\/p>\n\n\n\n<h2 class=\"wp-block-heading\" id=\"h-restilen-opinie-uzytkownikow-forum-co-mowia-uzytkownicy\">Restilen &#8211; Recenzie pou\u017e\u00edvate\u013eov, f\u00f3rum &#8211; \u010co hovoria pou\u017e\u00edvatelia?<\/h2>\n\n\n\n<p>Pou\u017e\u00edvatelia lieku Restilen \u010dasto poskytuj\u00fa <em>pozit\u00edvnu sp\u00e4tn\u00fa v\u00e4zbu o<\/em> \u00fa\u010dinnosti a bezpe\u010dnosti v\u00fdrobku. Vo svojej <em>sp\u00e4tnej v\u00e4zbe<\/em> uv\u00e1dzaj\u00fa mnoh\u00e9 v\u00fdhody pravideln\u00e9ho pou\u017e\u00edvania lieku Restilen. Mnoh\u00fdm z nich doplnok pom\u00e1ha <em>zlep\u0161i\u0165 n\u00e1ladu<\/em> a zn\u00ed\u017ei\u0165 pr\u00edznaky stresu. Okrem toho pou\u017e\u00edvatelia zaznamen\u00e1vaj\u00fa aj <em>zlep\u0161enie kvality sp\u00e1nku<\/em> a <em>zv\u00fd\u0161enie odolnosti vo\u010di stresu<\/em>.<\/p>\n\n\n\n<p>Ak sa chcete dozvedie\u0165 viac, na r\u00f4znych <em>online f\u00f3rach<\/em> n\u00e1jdete mno\u017estvo <em>recenzi\u00ed pou\u017e\u00edvate\u013eov<\/em>. Na tak\u00fdchto platform\u00e1ch si m\u00f4\u017eete pre\u010d\u00edta\u0165 \u00faprimn\u00e9 a cenn\u00e9 posudky pou\u017e\u00edvate\u013eov, ktor\u00e9 v\u00e1m pom\u00f4\u017eu z\u00edska\u0165 viac inform\u00e1ci\u00ed o Restilene a jeho \u00fa\u010dinkoch.<\/p>\n\n\n\n<blockquote class=\"wp-block-quote is-layout-flow wp-block-quote-is-layout-flow\">\n<p>&#8220;Restilen pou\u017e\u00edvam u\u017e nieko\u013eko t\u00fd\u017ed\u0148ov a s v\u00fdsledkami som ve\u013emi spokojn\u00fd. Zlep\u0161ila sa mi n\u00e1lada, c\u00edtim sa menej vystresovan\u00e1 a \u013eah\u0161ie relaxujem. Tento doplnok odpor\u00fa\u010dam ka\u017ed\u00e9mu, kto h\u013ead\u00e1 prirodzen\u00fa podporu na zn\u00ed\u017eenie pr\u00edznakov stresu.&#8221; &#8211; pou\u017e\u00edvate\u013e <b>f\u00f3ra<\/b><\/p>\n<\/blockquote>\n\n\n\n<h2 class=\"wp-block-heading\" id=\"h-sklad-restilen-analiza-skladnikow\">Zlo\u017eenie lieku Restilen &#8211; anal\u00fdza zlo\u017eiek<\/h2>\n\n\n\n<p>Restilen ako doplnok stravy obsahuje starostlivo vybran\u00e9 zlo\u017eky na podporu du\u0161evn\u00e9ho a fyzick\u00e9ho zdravia. Zlo\u017eenie obsahuje pr\u00edrodn\u00e9 l\u00e1tky s preuk\u00e1zan\u00fdmi antistresov\u00fdmi \u00fa\u010dinkami. Ka\u017ed\u00e1 zlo\u017eka m\u00e1 jedine\u010dn\u00e9 vlastnosti a pr\u00ednosy pre organizmus.<\/p>\n\n\n\n<p>Tu s\u00fa hlavn\u00e9 zlo\u017eky lieku Restilen:<\/p>\n\n\n\n<figure class=\"wp-block-table\"><table><tbody><tr><th>Komponent<\/th><th>Vlastnosti a v\u00fdhody<\/th><\/tr><tr><td>Ashwagandha<\/td><td>Pom\u00e1ha prisp\u00f4sobi\u0165 telo stresu, zni\u017euje nervov\u00e9 nap\u00e4tie<\/td><\/tr><tr><td>Melissa<\/td><td>Upokojuje, zlep\u0161uje n\u00e1ladu<\/td><\/tr><tr><td><b>Mel\u00f3n Cantaloupe<\/b><\/td><td>Zni\u017euje \u00fanavu, podporuje nervov\u00fd syst\u00e9m<\/td><\/tr><tr><td>Hor\u010d\u00edk<\/td><td>Reguluje nervov\u00fd syst\u00e9m, zabra\u0148uje nedostatkom<\/td><\/tr><tr><td>Vitam\u00edny skupiny B<\/td><td>Podpora nervov\u00e9ho syst\u00e9mu, zv\u00fd\u0161enie odolnosti vo\u010di stresu<\/td><\/tr><\/tbody><\/table><\/figure>\n\n\n\n<p>V\u010faka starostliv\u00e9mu v\u00fdberu zlo\u017eiek poskytuje Restilen komplexn\u00fa podporu organizmu, zni\u017euje pr\u00edznaky stresu a podporuje jeho \u00fa\u010dinn\u00e9 zvl\u00e1danie.<\/p>\n\n\n\n<h2 class=\"wp-block-heading\" id=\"h-gdzie-kupic-i-ile-kosztuje-restilen-cena\">Kde k\u00fapi\u0165 a Ko\u013eko stoj\u00ed Restilen &#8211; cena<\/h2>\n\n\n\n<p>Ak chcete k\u00fapi\u0165 Restilen, odpor\u00fa\u010da sa pou\u017ei\u0165 ofici\u00e1lnu webov\u00fa str\u00e1nku v\u00fdrobcu. Je to najbezpe\u010dnej\u0161\u00ed sp\u00f4sob, ako sa uisti\u0165, \u017ee dostanete origin\u00e1lny v\u00fdrobok bez rizika n\u00e1kupu falzifik\u00e1tov. Na ofici\u00e1lnej webovej str\u00e1nke v\u00fdrobcu n\u00e1jdete presn\u00e9 inform\u00e1cie o cene a dostupnosti Restilen, ktor\u00e9 sa m\u00f4\u017eu l\u00ed\u0161i\u0165 v z\u00e1vislosti od propaga\u010dn\u00fdch akci\u00ed a n\u00e1kupn\u00fdch bal\u00edkov.<\/p>\n\n\n\n<p>Stoj\u00ed za to pravidelne kontrolova\u0165 ofici\u00e1lnu webov\u00fa str\u00e1nku v\u00fdrobcu, kde n\u00e1jdete aktu\u00e1lne inform\u00e1cie o cene lieku Restilen. T\u00fdm sa uist\u00edte, \u017ee plat\u00edte primeran\u00fa cenu za v\u00fdrobok, ktor\u00fd v\u00e1m pom\u00f4\u017ee zvl\u00e1dnu\u0165 stres a zlep\u0161i\u0165 va\u0161e du\u0161evn\u00e9 zdravie.<\/p>\n\n\n\n<h2 class=\"wp-block-heading\" id=\"h-restilen-skutki-uboczne-i-przeciwwskazania\">Restilen &#8211; ved\u013eaj\u0161ie \u00fa\u010dinky a kontraindik\u00e1cie<\/h2>\n\n\n\n<p>Restilen je v\u0161eobecne uzn\u00e1van\u00fd ako bezpe\u010dn\u00fd doplnok stravy, ktor\u00fd zriedkavo sp\u00f4sobuje z\u00e1va\u017en\u00e9 <b>ved\u013eaj\u0161ie \u00fa\u010dinky<\/b>. Ako pri ka\u017edom doplnku, aj tu v\u0161ak plat\u00ed, \u017ee pred za\u010dat\u00edm jeho u\u017e\u00edvania je potrebn\u00e9 zv\u00e1\u017ei\u0165 nieko\u013eko vec\u00ed.<\/p>\n\n\n\n<p>Prvou d\u00f4le\u017eitou kontraindik\u00e1ciou je alergia na zlo\u017eky lieku Restilen. Ak m\u00e1te zn\u00e1me alergie na ashwagandhu, medovku, mel\u00f3nov\u00fa k\u00f4ru, hor\u010d\u00edk alebo vitam\u00edny skupiny B, mali by ste by\u0165 opatrn\u00ed a pred za\u010dat\u00edm u\u017e\u00edvania lieku Restilen sa poradi\u0165 so svoj\u00edm lek\u00e1rom.<\/p>\n\n\n\n<p>Ak ste tehotn\u00e1 alebo doj\u010d\u00edte, pred za\u010dat\u00edm u\u017e\u00edvania lieku Restilen sa v\u017edy pora\u010fte so svoj\u00edm lek\u00e1rom. Hoci s\u00fa zlo\u017eky Restilenu pr\u00edrodn\u00e9, je d\u00f4le\u017eit\u00e9 uisti\u0165 sa, \u017ee u\u017e\u00edvanie doplnku nebude ma\u0165 negat\u00edvny vplyv na zdravie matky a die\u0165a\u0165a.<\/p>\n\n\n\n<p>Aby ste zaistili <b>bezpe\u010dnos\u0165<\/b> a vyhli sa mo\u017en\u00fdm komplik\u00e1ci\u00e1m, v\u017edy sa odpor\u00fa\u010da poradi\u0165 sa so svoj\u00edm lek\u00e1rom pred za\u010dat\u00edm u\u017e\u00edvania lieku Restilen. V\u00e1\u0161 lek\u00e1r pozn\u00e1 v\u00e1\u0161 zdravotn\u00fd stav najlep\u0161ie a m\u00f4\u017ee v\u00e1m poskytn\u00fa\u0165 konkr\u00e9tne inform\u00e1cie a odpor\u00fa\u010dania.<\/p>\n","protected":false},"excerpt":{"rendered":"<p><strong>49.00 \u20ac<\/strong><\/p>\n<p><del>98.00 \u20ac<\/del><\/p>\n<p><strong>[date_countdown]<\/strong><\/p>\n","protected":false},"featured_media":5205,"comment_status":"open","ping_status":"closed","template":"","meta":{"neve_meta_sidebar":"","neve_meta_container":"","neve_meta_enable_content_width":"","neve_meta_content_width":0,"neve_meta_title_alignment":"","neve_meta_author_avatar":"","neve_post_elements_order":"","neve_meta_disable_header":"","neve_meta_disable_footer":"","neve_meta_disable_title":"","neve_meta_reading_time":""},"product_brand":[],"product_cat":[169],"product_tag":[],"class_list":{"0":"post-5241","1":"product","2":"type-product","3":"status-publish","4":"has-post-thumbnail","6":"product_cat-zdravie","8":"first","9":"instock","10":"shipping-taxable","11":"product-type-external"},"yoast_head":"<!-- This site is optimized with the Yoast SEO plugin v27.4 - https:\/\/yoast.com\/product\/yoast-seo-wordpress\/ -->\n<title>Restilen - Clinica Althea<\/title>\n<meta name=\"robots\" content=\"index, follow, max-snippet:-1, max-image-preview:large, max-video-preview:-1\" \/>\n<link rel=\"canonical\" href=\"https:\/\/www.clinicaalthea.com\/farmacia\/sk\/apt\/restilen\/\" \/>\n<meta property=\"og:locale\" content=\"pl_PL\" \/>\n<meta property=\"og:type\" content=\"article\" \/>\n<meta property=\"og:title\" content=\"Restilen - Clinica Althea\" \/>\n<meta property=\"og:description\" content=\"49.00 \u20ac 98.00 \u20ac\" \/>\n<meta property=\"og:url\" content=\"https:\/\/www.clinicaalthea.com\/farmacia\/sk\/apt\/restilen\/\" \/>\n<meta property=\"og:site_name\" content=\"Clinica Althea\" \/>\n<meta property=\"article:modified_time\" content=\"2024-05-22T07:41:33+00:00\" \/>\n<meta property=\"og:image\" content=\"https:\/\/www.clinicaalthea.com\/farmacia\/wp-content\/uploads\/2024\/05\/Restilen.jpg\" \/>\n\t<meta property=\"og:image:width\" content=\"768\" \/>\n\t<meta property=\"og:image:height\" content=\"768\" \/>\n\t<meta property=\"og:image:type\" content=\"image\/jpeg\" \/>\n<meta name=\"twitter:card\" content=\"summary_large_image\" \/>\n<meta name=\"twitter:label1\" content=\"Szacowany czas czytania\" \/>\n\t<meta name=\"twitter:data1\" content=\"6 minut\" \/>\n<script type=\"application\/ld+json\" class=\"yoast-schema-graph\">{\"@context\":\"https:\\\/\\\/schema.org\",\"@graph\":[{\"@type\":\"WebPage\",\"@id\":\"https:\\\/\\\/www.clinicaalthea.com\\\/farmacia\\\/sk\\\/apt\\\/restilen\\\/\",\"url\":\"https:\\\/\\\/www.clinicaalthea.com\\\/farmacia\\\/sk\\\/apt\\\/restilen\\\/\",\"name\":\"Restilen - Clinica Althea\",\"isPartOf\":{\"@id\":\"https:\\\/\\\/www.clinicaalthea.com\\\/farmacia\\\/#website\"},\"primaryImageOfPage\":{\"@id\":\"https:\\\/\\\/www.clinicaalthea.com\\\/farmacia\\\/sk\\\/apt\\\/restilen\\\/#primaryimage\"},\"image\":{\"@id\":\"https:\\\/\\\/www.clinicaalthea.com\\\/farmacia\\\/sk\\\/apt\\\/restilen\\\/#primaryimage\"},\"thumbnailUrl\":\"https:\\\/\\\/www.clinicaalthea.com\\\/farmacia\\\/wp-content\\\/uploads\\\/2024\\\/05\\\/Restilen.jpg\",\"datePublished\":\"2024-05-22T07:41:30+00:00\",\"dateModified\":\"2024-05-22T07:41:33+00:00\",\"breadcrumb\":{\"@id\":\"https:\\\/\\\/www.clinicaalthea.com\\\/farmacia\\\/sk\\\/apt\\\/restilen\\\/#breadcrumb\"},\"inLanguage\":\"pl-PL\",\"potentialAction\":[{\"@type\":\"ReadAction\",\"target\":[\"https:\\\/\\\/www.clinicaalthea.com\\\/farmacia\\\/sk\\\/apt\\\/restilen\\\/\"]}]},{\"@type\":\"ImageObject\",\"inLanguage\":\"pl-PL\",\"@id\":\"https:\\\/\\\/www.clinicaalthea.com\\\/farmacia\\\/sk\\\/apt\\\/restilen\\\/#primaryimage\",\"url\":\"https:\\\/\\\/www.clinicaalthea.com\\\/farmacia\\\/wp-content\\\/uploads\\\/2024\\\/05\\\/Restilen.jpg\",\"contentUrl\":\"https:\\\/\\\/www.clinicaalthea.com\\\/farmacia\\\/wp-content\\\/uploads\\\/2024\\\/05\\\/Restilen.jpg\",\"width\":768,\"height\":768,\"caption\":\"Restilen\"},{\"@type\":\"BreadcrumbList\",\"@id\":\"https:\\\/\\\/www.clinicaalthea.com\\\/farmacia\\\/sk\\\/apt\\\/restilen\\\/#breadcrumb\",\"itemListElement\":[{\"@type\":\"ListItem\",\"position\":1,\"name\":\"Strona g\u0142\u00f3wna\",\"item\":\"https:\\\/\\\/www.clinicaalthea.com\\\/farmacia\\\/\"},{\"@type\":\"ListItem\",\"position\":2,\"name\":\"Produkty\",\"item\":\"https:\\\/\\\/www.clinicaalthea.com\\\/farmacia\\\/\"},{\"@type\":\"ListItem\",\"position\":3,\"name\":\"Restilen\"}]},{\"@type\":\"WebSite\",\"@id\":\"https:\\\/\\\/www.clinicaalthea.com\\\/farmacia\\\/#website\",\"url\":\"https:\\\/\\\/www.clinicaalthea.com\\\/farmacia\\\/\",\"name\":\"Clinica Althea\",\"description\":\"\",\"publisher\":{\"@id\":\"https:\\\/\\\/www.clinicaalthea.com\\\/farmacia\\\/#organization\"},\"potentialAction\":[{\"@type\":\"SearchAction\",\"target\":{\"@type\":\"EntryPoint\",\"urlTemplate\":\"https:\\\/\\\/www.clinicaalthea.com\\\/farmacia\\\/?s={search_term_string}\"},\"query-input\":{\"@type\":\"PropertyValueSpecification\",\"valueRequired\":true,\"valueName\":\"search_term_string\"}}],\"inLanguage\":\"pl-PL\"},{\"@type\":\"Organization\",\"@id\":\"https:\\\/\\\/www.clinicaalthea.com\\\/farmacia\\\/#organization\",\"name\":\"Clinica Althea\",\"url\":\"https:\\\/\\\/www.clinicaalthea.com\\\/farmacia\\\/\",\"logo\":{\"@type\":\"ImageObject\",\"inLanguage\":\"pl-PL\",\"@id\":\"https:\\\/\\\/www.clinicaalthea.com\\\/farmacia\\\/#\\\/schema\\\/logo\\\/image\\\/\",\"url\":\"https:\\\/\\\/www.clinicaalthea.com\\\/farmacia\\\/wp-content\\\/uploads\\\/2023\\\/12\\\/Jak-diagnozuje-sie-FAS_-objawy-kryteria-diagnostyczne-i-metody-diagnozowania-154162903.jpg\",\"contentUrl\":\"https:\\\/\\\/www.clinicaalthea.com\\\/farmacia\\\/wp-content\\\/uploads\\\/2023\\\/12\\\/Jak-diagnozuje-sie-FAS_-objawy-kryteria-diagnostyczne-i-metody-diagnozowania-154162903.jpg\",\"width\":1216,\"height\":832,\"caption\":\"Clinica Althea\"},\"image\":{\"@id\":\"https:\\\/\\\/www.clinicaalthea.com\\\/farmacia\\\/#\\\/schema\\\/logo\\\/image\\\/\"}}]}<\/script>\n<!-- \/ Yoast SEO plugin. -->","yoast_head_json":{"title":"Restilen - Clinica Althea","robots":{"index":"index","follow":"follow","max-snippet":"max-snippet:-1","max-image-preview":"max-image-preview:large","max-video-preview":"max-video-preview:-1"},"canonical":"https:\/\/www.clinicaalthea.com\/farmacia\/sk\/apt\/restilen\/","og_locale":"pl_PL","og_type":"article","og_title":"Restilen - Clinica Althea","og_description":"49.00 \u20ac 98.00 \u20ac","og_url":"https:\/\/www.clinicaalthea.com\/farmacia\/sk\/apt\/restilen\/","og_site_name":"Clinica Althea","article_modified_time":"2024-05-22T07:41:33+00:00","og_image":[{"width":768,"height":768,"url":"https:\/\/www.clinicaalthea.com\/farmacia\/wp-content\/uploads\/2024\/05\/Restilen.jpg","type":"image\/jpeg"}],"twitter_card":"summary_large_image","twitter_misc":{"Szacowany czas czytania":"6 minut"},"schema":{"@context":"https:\/\/schema.org","@graph":[{"@type":"WebPage","@id":"https:\/\/www.clinicaalthea.com\/farmacia\/sk\/apt\/restilen\/","url":"https:\/\/www.clinicaalthea.com\/farmacia\/sk\/apt\/restilen\/","name":"Restilen - Clinica Althea","isPartOf":{"@id":"https:\/\/www.clinicaalthea.com\/farmacia\/#website"},"primaryImageOfPage":{"@id":"https:\/\/www.clinicaalthea.com\/farmacia\/sk\/apt\/restilen\/#primaryimage"},"image":{"@id":"https:\/\/www.clinicaalthea.com\/farmacia\/sk\/apt\/restilen\/#primaryimage"},"thumbnailUrl":"https:\/\/www.clinicaalthea.com\/farmacia\/wp-content\/uploads\/2024\/05\/Restilen.jpg","datePublished":"2024-05-22T07:41:30+00:00","dateModified":"2024-05-22T07:41:33+00:00","breadcrumb":{"@id":"https:\/\/www.clinicaalthea.com\/farmacia\/sk\/apt\/restilen\/#breadcrumb"},"inLanguage":"pl-PL","potentialAction":[{"@type":"ReadAction","target":["https:\/\/www.clinicaalthea.com\/farmacia\/sk\/apt\/restilen\/"]}]},{"@type":"ImageObject","inLanguage":"pl-PL","@id":"https:\/\/www.clinicaalthea.com\/farmacia\/sk\/apt\/restilen\/#primaryimage","url":"https:\/\/www.clinicaalthea.com\/farmacia\/wp-content\/uploads\/2024\/05\/Restilen.jpg","contentUrl":"https:\/\/www.clinicaalthea.com\/farmacia\/wp-content\/uploads\/2024\/05\/Restilen.jpg","width":768,"height":768,"caption":"Restilen"},{"@type":"BreadcrumbList","@id":"https:\/\/www.clinicaalthea.com\/farmacia\/sk\/apt\/restilen\/#breadcrumb","itemListElement":[{"@type":"ListItem","position":1,"name":"Strona g\u0142\u00f3wna","item":"https:\/\/www.clinicaalthea.com\/farmacia\/"},{"@type":"ListItem","position":2,"name":"Produkty","item":"https:\/\/www.clinicaalthea.com\/farmacia\/"},{"@type":"ListItem","position":3,"name":"Restilen"}]},{"@type":"WebSite","@id":"https:\/\/www.clinicaalthea.com\/farmacia\/#website","url":"https:\/\/www.clinicaalthea.com\/farmacia\/","name":"Clinica Althea","description":"","publisher":{"@id":"https:\/\/www.clinicaalthea.com\/farmacia\/#organization"},"potentialAction":[{"@type":"SearchAction","target":{"@type":"EntryPoint","urlTemplate":"https:\/\/www.clinicaalthea.com\/farmacia\/?s={search_term_string}"},"query-input":{"@type":"PropertyValueSpecification","valueRequired":true,"valueName":"search_term_string"}}],"inLanguage":"pl-PL"},{"@type":"Organization","@id":"https:\/\/www.clinicaalthea.com\/farmacia\/#organization","name":"Clinica Althea","url":"https:\/\/www.clinicaalthea.com\/farmacia\/","logo":{"@type":"ImageObject","inLanguage":"pl-PL","@id":"https:\/\/www.clinicaalthea.com\/farmacia\/#\/schema\/logo\/image\/","url":"https:\/\/www.clinicaalthea.com\/farmacia\/wp-content\/uploads\/2023\/12\/Jak-diagnozuje-sie-FAS_-objawy-kryteria-diagnostyczne-i-metody-diagnozowania-154162903.jpg","contentUrl":"https:\/\/www.clinicaalthea.com\/farmacia\/wp-content\/uploads\/2023\/12\/Jak-diagnozuje-sie-FAS_-objawy-kryteria-diagnostyczne-i-metody-diagnozowania-154162903.jpg","width":1216,"height":832,"caption":"Clinica Althea"},"image":{"@id":"https:\/\/www.clinicaalthea.com\/farmacia\/#\/schema\/logo\/image\/"}}]}},"lang":"sk","translations":{"sk":5241,"pl":5204,"cs":5207,"de":5209,"da":5211,"hu":5213,"id":5216,"pt":5220,"nb":5221,"es":5224,"fr":5226,"nl":5232,"it":5234,"el":5235,"ro":5237,"sv":5239},"pll_sync_post":[],"_links":{"self":[{"href":"https:\/\/www.clinicaalthea.com\/farmacia\/wp-json\/wp\/v2\/product\/5241","targetHints":{"allow":["GET"]}}],"collection":[{"href":"https:\/\/www.clinicaalthea.com\/farmacia\/wp-json\/wp\/v2\/product"}],"about":[{"href":"https:\/\/www.clinicaalthea.com\/farmacia\/wp-json\/wp\/v2\/types\/product"}],"replies":[{"embeddable":true,"href":"https:\/\/www.clinicaalthea.com\/farmacia\/wp-json\/wp\/v2\/comments?post=5241"}],"wp:featuredmedia":[{"embeddable":true,"href":"https:\/\/www.clinicaalthea.com\/farmacia\/wp-json\/wp\/v2\/media\/5205"}],"wp:attachment":[{"href":"https:\/\/www.clinicaalthea.com\/farmacia\/wp-json\/wp\/v2\/media?parent=5241"}],"wp:term":[{"taxonomy":"product_brand","embeddable":true,"href":"https:\/\/www.clinicaalthea.com\/farmacia\/wp-json\/wp\/v2\/product_brand?post=5241"},{"taxonomy":"product_cat","embeddable":true,"href":"https:\/\/www.clinicaalthea.com\/farmacia\/wp-json\/wp\/v2\/product_cat?post=5241"},{"taxonomy":"product_tag","embeddable":true,"href":"https:\/\/www.clinicaalthea.com\/farmacia\/wp-json\/wp\/v2\/product_tag?post=5241"}],"curies":[{"name":"wp","href":"https:\/\/api.w.org\/{rel}","templated":true}]}}