{"id":5239,"date":"2024-05-22T08:40:55","date_gmt":"2024-05-22T07:40:55","guid":{"rendered":"https:\/\/mayoguide.org\/produkty\/?post_type=product&#038;p=5239"},"modified":"2024-05-22T08:41:33","modified_gmt":"2024-05-22T07:41:33","slug":"restilen","status":"publish","type":"product","link":"https:\/\/www.clinicaalthea.com\/farmacia\/sv\/apt\/restilen\/","title":{"rendered":"Restilen"},"content":{"rendered":"\n<h2 class=\"wp-block-heading\" id=\"h-czym-jest-restilen-i-jak-dziala\">Vad \u00e4r Restilen och hur fungerar det?<\/h2>\n\n\n\n<p><b>Restilen<\/b> \u00e4r ett <b>kosttillskott<\/b> som inneh\u00e5ller <b>naturliga ingredienser<\/b> som hj\u00e4lper till att hantera stress och minska stressrelaterade symtom. <b>Restilen<\/b> \u00e4r formulerat f\u00f6r att ge ett omfattande st\u00f6d f\u00f6r mental h\u00e4lsa. Det fungerar p\u00e5 flera niv\u00e5er f\u00f6r att gynna kroppen.<\/p>\n\n\n\n<p>En av de viktigaste ingredienserna i Restilen \u00e4r <b>ashwagandha<\/b>, en adaptogen v\u00e4xt som hj\u00e4lper kroppen att anpassa sig till stress. <b>Ashwagandha<\/b> st\u00f6der nervsystemet och hj\u00e4lper till att uppr\u00e4tth\u00e5lla mental balans under sv\u00e5ra situationer.<\/p>\n\n\n\n<p>En annan ingrediens i Restilen \u00e4r <b>citronmeliss<\/b>, en v\u00e4xt med lugnande egenskaper. <b>Melissa<\/b> hj\u00e4lper till att slappna av i sinnet och kroppen, vilket minskar k\u00e4nslor av \u00e5ngest och sp\u00e4nning.<\/p>\n\n\n\n<p>Restilen inneh\u00e5ller ocks\u00e5 skal fr\u00e5n cantaloupemelon, som har tr\u00f6tthetsreducerande egenskaper. Skal fr\u00e5n cantaloupemelon bidrar till att \u00f6ka energin och f\u00f6rb\u00e4ttra det allm\u00e4nna v\u00e4lbefinnandet.<\/p>\n\n\n\n<p><b>Kosttillskottet<\/b> Restilen inneh\u00e5ller ocks\u00e5 <b>magnesium<\/b> och <b>B-vitaminer<\/b>, som \u00e4r extremt viktiga f\u00f6r mental h\u00e4lsa. <b>Magnesium<\/b> hj\u00e4lper till att minska tr\u00f6tthet och st\u00f6der nervsystemets funktion. <b>B-vitaminer<\/b> \u00e4r viktiga f\u00f6r normal hj\u00e4rnfunktion och energiproduktion.<\/p>\n\n\n\n<p>Tack vare den synergistiska verkan av dessa ingredienser st\u00f6der Restilen kroppen i kampen mot stress, minskar stressymtom och st\u00f6der mental h\u00e4lsa. <b>Regelbunden anv\u00e4ndning<\/b> av tillskottet har en m\u00e4rkbar effekt p\u00e5 f\u00f6rb\u00e4ttrat hum\u00f6r, minskade stressymptom och f\u00f6rb\u00e4ttrad s\u00f6mnkvalitet.<\/p>\n\n\n\n<h2 class=\"wp-block-heading\" id=\"h-korzysci-ze-stosowania-restilen-efekty\">F\u00f6rdelar med Restilen &#8211; Effekter<\/h2>\n\n\n\n<p>Anv\u00e4ndningen av kosttillskottet Restilen kan ha m\u00e5nga f\u00f6rdelar n\u00e4r det g\u00e4ller att minska symtomen p\u00e5 stress, f\u00f6rb\u00e4ttra hum\u00f6ret och \u00f6ka motst\u00e5ndskraften mot stress. <b>Regelbunden anv\u00e4ndning<\/b> av Restilen kan bidra till att f\u00f6rb\u00e4ttra hum\u00f6ret och ge b\u00e4ttre s\u00f6mnkvalitet.<\/p>\n\n\n\n<p>Ingredienserna i Restilen arbetar synergistiskt f\u00f6r att ge omfattande st\u00f6d f\u00f6r kroppen i kampen mot stress. Till\u00e4ggets verkan \u00e4r baserad p\u00e5 naturliga ingredienser som <b>ashwagandha<\/b>, <b>melissa<\/b>, cantaloupmelonskal, <b>magnesium<\/b> och <b>B-vitaminer<\/b>.<\/p>\n\n\n\n<p>Ashwagandha hj\u00e4lper kroppen att anpassa sig till stress samtidigt som den st\u00f6der mental h\u00e4lsa. Citronmeliss har \u00e5 andra sidan en lugnande effekt som hj\u00e4lper till att lindra k\u00e4nslor av rastl\u00f6shet och \u00e5ngest. Skal fr\u00e5n cantaloupemelon och magnesium bidrar till att minska tr\u00f6tthet, medan B-vitaminer \u00e4r viktiga f\u00f6r att nervsystemet ska fungera och f\u00f6r energiproduktionen.<\/p>\n\n\n\n<p>Att anv\u00e4nda Restilen \u00e4r ett helt\u00e4ckande s\u00e4tt att minska stressymtom och f\u00f6rb\u00e4ttra v\u00e4lbefinnandet. Dess <b>naturliga ingredienser<\/b> arbetar i harmoni f\u00f6r att ge kroppen det st\u00f6d som beh\u00f6vs f\u00f6r att hantera stress.<\/p>\n\n\n\n<h2 class=\"wp-block-heading\" id=\"h-jak-stosowac-restilen-dawkowanie-i-zalecenia\">Hur ska jag anv\u00e4nda Restilen? &#8211; Dosering och rekommendationer<\/h2>\n\n\n\n<p>Det rekommenderas att ta tv\u00e5 Restilen-kapslar dagligen &#8211; en p\u00e5 morgonen och en p\u00e5 kv\u00e4llen. Regelbunden anv\u00e4ndning av Restilen \u00e4r nyckeln till att uppn\u00e5 varaktiga resultat n\u00e4r det g\u00e4ller att hantera stress och st\u00f6dja mental h\u00e4lsa.<\/p>\n\n\n\n<p>Innan du b\u00f6rjar med Restilen-tillskott \u00e4r det l\u00e4mpligt att r\u00e5dfr\u00e5ga din l\u00e4kare, s\u00e4rskilt om du har n\u00e5gra <b>kontraindikationer<\/b> eller tar andra mediciner. Din l\u00e4kare kan exakt best\u00e4mma l\u00e4mplig <b>dos<\/b> av Restilen med h\u00e4nsyn till dina individuella behov och h\u00e4lsotillst\u00e5nd.<\/p>\n\n\n\n<h2 class=\"wp-block-heading\" id=\"h-restilen-opinie-uzytkownikow-forum-co-mowia-uzytkownicy\">Restilen &#8211; Anv\u00e4ndarrecensioner, forum &#8211; Vad s\u00e4ger anv\u00e4ndarna?<\/h2>\n\n\n\n<p>Restilen-anv\u00e4ndare ger ofta <em>positiv feedback<\/em> om produktens effektivitet och s\u00e4kerhet. I sin <em>feedback<\/em> n\u00e4mner de de m\u00e5nga f\u00f6rdelarna med regelbunden anv\u00e4ndning av Restilen. F\u00f6r m\u00e5nga hj\u00e4lper tillskottet till att <em>f\u00f6rb\u00e4ttra hum\u00f6ret<\/em> och minska symtomen p\u00e5 stress. Dessutom noterar anv\u00e4ndarna ocks\u00e5 <em>f\u00f6rb\u00e4ttrad s\u00f6mnkvalitet<\/em> och <em>\u00f6kad motst\u00e5ndskraft mot stress<\/em>.<\/p>\n\n\n\n<p>Om du vill ta reda p\u00e5 mer kan du hitta m\u00e5nga <em>anv\u00e4ndarrecensioner<\/em> p\u00e5 olika <em>onlineforum<\/em>. P\u00e5 s\u00e5dana plattformar kan du l\u00e4sa \u00e4rliga och v\u00e4rdefulla anv\u00e4ndarutl\u00e5tanden som hj\u00e4lper dig att f\u00e5 mer information om Restilen och dess effekter.<\/p>\n\n\n\n<blockquote class=\"wp-block-quote is-layout-flow wp-block-quote-is-layout-flow\">\n<p>&#8220;Jag har anv\u00e4nt Restilen i n\u00e5gra veckor nu och jag \u00e4r mycket n\u00f6jd med resultatet. Mitt hum\u00f6r har f\u00f6rb\u00e4ttrats, jag upplever mindre stress och har l\u00e4ttare att slappna av. Jag skulle rekommendera detta tillskott till alla som letar efter naturligt st\u00f6d f\u00f6r att minska stressymptom.&#8221; &#8211; <b>forumanv\u00e4ndare<\/b><\/p>\n<\/blockquote>\n\n\n\n<h2 class=\"wp-block-heading\" id=\"h-sklad-restilen-analiza-skladnikow\">Restilens sammans\u00e4ttning &#8211; Analys av ingredienser<\/h2>\n\n\n\n<p>Restilen, som \u00e4r ett kosttillskott, inneh\u00e5ller noggrant utvalda ingredienser f\u00f6r att st\u00f6dja mental och fysisk h\u00e4lsa. Formuleringen inneh\u00e5ller naturliga \u00e4mnen med bevisade antistresseffekter. Varje ingrediens har unika egenskaper och f\u00f6rdelar f\u00f6r kroppen.<\/p>\n\n\n\n<p>H\u00e4r \u00e4r de viktigaste ingredienserna i Restilen:<\/p>\n\n\n\n<figure class=\"wp-block-table\"><table><tbody><tr><th>Komponent<\/th><th>Funktioner och f\u00f6rdelar<\/th><\/tr><tr><td>Ashwagandha<\/td><td>Hj\u00e4lper till att anpassa kroppen till stress, minskar nervsp\u00e4nningar<\/td><\/tr><tr><td>Melissa<\/td><td>Lugnar, f\u00f6rb\u00e4ttrar hum\u00f6ret<\/td><\/tr><tr><td><b>Cantaloupe melon<\/b><\/td><td>Minskar tr\u00f6tthet, st\u00f6djer nervsystemet<\/td><\/tr><tr><td>Magnesium<\/td><td>Reglerar nervsystemet, f\u00f6rebygger bristsjukdomar<\/td><\/tr><tr><td>B-vitaminer<\/td><td>St\u00f6djer nervsystemet, \u00f6kar motst\u00e5ndskraften mot stress<\/td><\/tr><\/tbody><\/table><\/figure>\n\n\n\n<p>Tack vare ett noggrant urval av ingredienser ger Restilen ett omfattande st\u00f6d till kroppen, minskar symtomen p\u00e5 stress och st\u00f6der en effektiv hantering av stress.<\/p>\n\n\n\n<h2 class=\"wp-block-heading\" id=\"h-gdzie-kupic-i-ile-kosztuje-restilen-cena\">Var kan man k\u00f6pa och hur mycket kostar Restilen &#8211; pris<\/h2>\n\n\n\n<p>F\u00f6r att k\u00f6pa Restilen \u00e4r det l\u00e4mpligt att anv\u00e4nda tillverkarens officiella webbplats. Detta \u00e4r det s\u00e4kraste s\u00e4ttet att se till att du f\u00e5r originalprodukten utan risk f\u00f6r att k\u00f6pa f\u00f6rfalskningar. P\u00e5 den officiella tillverkarens webbplats hittar du korrekt information om priset och tillg\u00e4ngligheten f\u00f6r Restilen, som kan variera beroende p\u00e5 kampanjer och ink\u00f6pspaket.<\/p>\n\n\n\n<p>Det \u00e4r v\u00e4rt att kontrollera tillverkarens officiella webbplats regelbundet f\u00f6r uppdaterad information om priset p\u00e5 Restilen. Detta kommer att s\u00e4kerst\u00e4lla att du betalar ett rimligt pris f\u00f6r en produkt som kan hj\u00e4lpa dig att hantera stress och f\u00f6rb\u00e4ttra din mentala h\u00e4lsa.<\/p>\n\n\n\n<h2 class=\"wp-block-heading\" id=\"h-restilen-skutki-uboczne-i-przeciwwskazania\">Restilen &#8211; Biverkningar och kontraindikationer<\/h2>\n\n\n\n<p>Restilen \u00e4r allm\u00e4nt erk\u00e4nt som ett s\u00e4kert kosttillskott som s\u00e4llan orsakar allvarliga <b>biverkningar<\/b>. Som med alla kosttillskott finns det dock n\u00e5gra saker att t\u00e4nka p\u00e5 innan du b\u00f6rjar med tillskott.<\/p>\n\n\n\n<p>Den f\u00f6rsta viktiga kontraindikationen \u00e4r en allergi mot Restilens ingredienser. Om du har k\u00e4nda allergier mot ashwagandha, citronmeliss, cantaloupemelonskal, magnesium eller B-vitaminer b\u00f6r du vara f\u00f6rsiktig och r\u00e5dfr\u00e5ga din l\u00e4kare innan du b\u00f6rjar med Restilen.<\/p>\n\n\n\n<p>Om du \u00e4r gravid eller ammar \u00e4r det alltid tillr\u00e5dligt att r\u00e5dfr\u00e5ga din l\u00e4kare innan du b\u00f6rjar med Restilen-tillskott. \u00c4ven om ingredienserna i Restilen \u00e4r naturliga \u00e4r det viktigt att se till att anv\u00e4ndningen av tillskottet inte har en negativ inverkan p\u00e5 moderns och barnets h\u00e4lsa.<\/p>\n\n\n\n<p>F\u00f6r att garantera <b>s\u00e4kerheten<\/b> och undvika eventuella komplikationer \u00e4r det alltid tillr\u00e5dligt att r\u00e5dfr\u00e5ga din l\u00e4kare innan du p\u00e5b\u00f6rjar tillskott med Restilen. Din l\u00e4kare k\u00e4nner till ditt tillst\u00e5nd b\u00e4st och kan ge dig specifik information och rekommendationer.<\/p>\n","protected":false},"excerpt":{"rendered":"<p><strong>499.00 kr<\/strong><\/p>\n<p><del>998.00 kr<\/del><\/p>\n<p><strong>[date_countdown]<\/strong><\/p>\n","protected":false},"featured_media":5205,"comment_status":"open","ping_status":"closed","template":"","meta":{"neve_meta_sidebar":"","neve_meta_container":"","neve_meta_enable_content_width":"","neve_meta_content_width":0,"neve_meta_title_alignment":"","neve_meta_author_avatar":"","neve_post_elements_order":"","neve_meta_disable_header":"","neve_meta_disable_footer":"","neve_meta_disable_title":"","neve_meta_reading_time":""},"product_brand":[],"product_cat":[193],"product_tag":[],"class_list":{"0":"post-5239","1":"product","2":"type-product","3":"status-publish","4":"has-post-thumbnail","6":"product_cat-halsa","8":"first","9":"instock","10":"shipping-taxable","11":"product-type-external"},"yoast_head":"<!-- This site is optimized with the Yoast SEO plugin v27.4 - https:\/\/yoast.com\/product\/yoast-seo-wordpress\/ -->\n<title>Restilen - Clinica Althea<\/title>\n<meta name=\"robots\" content=\"index, follow, max-snippet:-1, max-image-preview:large, max-video-preview:-1\" \/>\n<link rel=\"canonical\" href=\"https:\/\/www.clinicaalthea.com\/farmacia\/sv\/apt\/restilen\/\" \/>\n<meta property=\"og:locale\" content=\"pl_PL\" \/>\n<meta property=\"og:type\" content=\"article\" \/>\n<meta property=\"og:title\" content=\"Restilen - Clinica Althea\" \/>\n<meta property=\"og:description\" content=\"499.00 kr 998.00 kr\" \/>\n<meta property=\"og:url\" content=\"https:\/\/www.clinicaalthea.com\/farmacia\/sv\/apt\/restilen\/\" \/>\n<meta property=\"og:site_name\" content=\"Clinica Althea\" \/>\n<meta property=\"article:modified_time\" content=\"2024-05-22T07:41:33+00:00\" \/>\n<meta property=\"og:image\" content=\"https:\/\/www.clinicaalthea.com\/farmacia\/wp-content\/uploads\/2024\/05\/Restilen.jpg\" \/>\n\t<meta property=\"og:image:width\" content=\"768\" \/>\n\t<meta property=\"og:image:height\" content=\"768\" \/>\n\t<meta property=\"og:image:type\" content=\"image\/jpeg\" \/>\n<meta name=\"twitter:card\" content=\"summary_large_image\" \/>\n<meta name=\"twitter:label1\" content=\"Szacowany czas czytania\" \/>\n\t<meta name=\"twitter:data1\" content=\"6 minut\" \/>\n<script type=\"application\/ld+json\" class=\"yoast-schema-graph\">{\"@context\":\"https:\\\/\\\/schema.org\",\"@graph\":[{\"@type\":\"WebPage\",\"@id\":\"https:\\\/\\\/www.clinicaalthea.com\\\/farmacia\\\/sv\\\/apt\\\/restilen\\\/\",\"url\":\"https:\\\/\\\/www.clinicaalthea.com\\\/farmacia\\\/sv\\\/apt\\\/restilen\\\/\",\"name\":\"Restilen - Clinica Althea\",\"isPartOf\":{\"@id\":\"https:\\\/\\\/www.clinicaalthea.com\\\/farmacia\\\/#website\"},\"primaryImageOfPage\":{\"@id\":\"https:\\\/\\\/www.clinicaalthea.com\\\/farmacia\\\/sv\\\/apt\\\/restilen\\\/#primaryimage\"},\"image\":{\"@id\":\"https:\\\/\\\/www.clinicaalthea.com\\\/farmacia\\\/sv\\\/apt\\\/restilen\\\/#primaryimage\"},\"thumbnailUrl\":\"https:\\\/\\\/www.clinicaalthea.com\\\/farmacia\\\/wp-content\\\/uploads\\\/2024\\\/05\\\/Restilen.jpg\",\"datePublished\":\"2024-05-22T07:40:55+00:00\",\"dateModified\":\"2024-05-22T07:41:33+00:00\",\"breadcrumb\":{\"@id\":\"https:\\\/\\\/www.clinicaalthea.com\\\/farmacia\\\/sv\\\/apt\\\/restilen\\\/#breadcrumb\"},\"inLanguage\":\"pl-PL\",\"potentialAction\":[{\"@type\":\"ReadAction\",\"target\":[\"https:\\\/\\\/www.clinicaalthea.com\\\/farmacia\\\/sv\\\/apt\\\/restilen\\\/\"]}]},{\"@type\":\"ImageObject\",\"inLanguage\":\"pl-PL\",\"@id\":\"https:\\\/\\\/www.clinicaalthea.com\\\/farmacia\\\/sv\\\/apt\\\/restilen\\\/#primaryimage\",\"url\":\"https:\\\/\\\/www.clinicaalthea.com\\\/farmacia\\\/wp-content\\\/uploads\\\/2024\\\/05\\\/Restilen.jpg\",\"contentUrl\":\"https:\\\/\\\/www.clinicaalthea.com\\\/farmacia\\\/wp-content\\\/uploads\\\/2024\\\/05\\\/Restilen.jpg\",\"width\":768,\"height\":768,\"caption\":\"Restilen\"},{\"@type\":\"BreadcrumbList\",\"@id\":\"https:\\\/\\\/www.clinicaalthea.com\\\/farmacia\\\/sv\\\/apt\\\/restilen\\\/#breadcrumb\",\"itemListElement\":[{\"@type\":\"ListItem\",\"position\":1,\"name\":\"Strona g\u0142\u00f3wna\",\"item\":\"https:\\\/\\\/www.clinicaalthea.com\\\/farmacia\\\/\"},{\"@type\":\"ListItem\",\"position\":2,\"name\":\"Produkty\",\"item\":\"https:\\\/\\\/www.clinicaalthea.com\\\/farmacia\\\/\"},{\"@type\":\"ListItem\",\"position\":3,\"name\":\"Restilen\"}]},{\"@type\":\"WebSite\",\"@id\":\"https:\\\/\\\/www.clinicaalthea.com\\\/farmacia\\\/#website\",\"url\":\"https:\\\/\\\/www.clinicaalthea.com\\\/farmacia\\\/\",\"name\":\"Clinica Althea\",\"description\":\"\",\"publisher\":{\"@id\":\"https:\\\/\\\/www.clinicaalthea.com\\\/farmacia\\\/#organization\"},\"potentialAction\":[{\"@type\":\"SearchAction\",\"target\":{\"@type\":\"EntryPoint\",\"urlTemplate\":\"https:\\\/\\\/www.clinicaalthea.com\\\/farmacia\\\/?s={search_term_string}\"},\"query-input\":{\"@type\":\"PropertyValueSpecification\",\"valueRequired\":true,\"valueName\":\"search_term_string\"}}],\"inLanguage\":\"pl-PL\"},{\"@type\":\"Organization\",\"@id\":\"https:\\\/\\\/www.clinicaalthea.com\\\/farmacia\\\/#organization\",\"name\":\"Clinica Althea\",\"url\":\"https:\\\/\\\/www.clinicaalthea.com\\\/farmacia\\\/\",\"logo\":{\"@type\":\"ImageObject\",\"inLanguage\":\"pl-PL\",\"@id\":\"https:\\\/\\\/www.clinicaalthea.com\\\/farmacia\\\/#\\\/schema\\\/logo\\\/image\\\/\",\"url\":\"https:\\\/\\\/www.clinicaalthea.com\\\/farmacia\\\/wp-content\\\/uploads\\\/2023\\\/12\\\/Jak-diagnozuje-sie-FAS_-objawy-kryteria-diagnostyczne-i-metody-diagnozowania-154162903.jpg\",\"contentUrl\":\"https:\\\/\\\/www.clinicaalthea.com\\\/farmacia\\\/wp-content\\\/uploads\\\/2023\\\/12\\\/Jak-diagnozuje-sie-FAS_-objawy-kryteria-diagnostyczne-i-metody-diagnozowania-154162903.jpg\",\"width\":1216,\"height\":832,\"caption\":\"Clinica Althea\"},\"image\":{\"@id\":\"https:\\\/\\\/www.clinicaalthea.com\\\/farmacia\\\/#\\\/schema\\\/logo\\\/image\\\/\"}}]}<\/script>\n<!-- \/ Yoast SEO plugin. -->","yoast_head_json":{"title":"Restilen - Clinica Althea","robots":{"index":"index","follow":"follow","max-snippet":"max-snippet:-1","max-image-preview":"max-image-preview:large","max-video-preview":"max-video-preview:-1"},"canonical":"https:\/\/www.clinicaalthea.com\/farmacia\/sv\/apt\/restilen\/","og_locale":"pl_PL","og_type":"article","og_title":"Restilen - Clinica Althea","og_description":"499.00 kr 998.00 kr","og_url":"https:\/\/www.clinicaalthea.com\/farmacia\/sv\/apt\/restilen\/","og_site_name":"Clinica Althea","article_modified_time":"2024-05-22T07:41:33+00:00","og_image":[{"width":768,"height":768,"url":"https:\/\/www.clinicaalthea.com\/farmacia\/wp-content\/uploads\/2024\/05\/Restilen.jpg","type":"image\/jpeg"}],"twitter_card":"summary_large_image","twitter_misc":{"Szacowany czas czytania":"6 minut"},"schema":{"@context":"https:\/\/schema.org","@graph":[{"@type":"WebPage","@id":"https:\/\/www.clinicaalthea.com\/farmacia\/sv\/apt\/restilen\/","url":"https:\/\/www.clinicaalthea.com\/farmacia\/sv\/apt\/restilen\/","name":"Restilen - Clinica Althea","isPartOf":{"@id":"https:\/\/www.clinicaalthea.com\/farmacia\/#website"},"primaryImageOfPage":{"@id":"https:\/\/www.clinicaalthea.com\/farmacia\/sv\/apt\/restilen\/#primaryimage"},"image":{"@id":"https:\/\/www.clinicaalthea.com\/farmacia\/sv\/apt\/restilen\/#primaryimage"},"thumbnailUrl":"https:\/\/www.clinicaalthea.com\/farmacia\/wp-content\/uploads\/2024\/05\/Restilen.jpg","datePublished":"2024-05-22T07:40:55+00:00","dateModified":"2024-05-22T07:41:33+00:00","breadcrumb":{"@id":"https:\/\/www.clinicaalthea.com\/farmacia\/sv\/apt\/restilen\/#breadcrumb"},"inLanguage":"pl-PL","potentialAction":[{"@type":"ReadAction","target":["https:\/\/www.clinicaalthea.com\/farmacia\/sv\/apt\/restilen\/"]}]},{"@type":"ImageObject","inLanguage":"pl-PL","@id":"https:\/\/www.clinicaalthea.com\/farmacia\/sv\/apt\/restilen\/#primaryimage","url":"https:\/\/www.clinicaalthea.com\/farmacia\/wp-content\/uploads\/2024\/05\/Restilen.jpg","contentUrl":"https:\/\/www.clinicaalthea.com\/farmacia\/wp-content\/uploads\/2024\/05\/Restilen.jpg","width":768,"height":768,"caption":"Restilen"},{"@type":"BreadcrumbList","@id":"https:\/\/www.clinicaalthea.com\/farmacia\/sv\/apt\/restilen\/#breadcrumb","itemListElement":[{"@type":"ListItem","position":1,"name":"Strona g\u0142\u00f3wna","item":"https:\/\/www.clinicaalthea.com\/farmacia\/"},{"@type":"ListItem","position":2,"name":"Produkty","item":"https:\/\/www.clinicaalthea.com\/farmacia\/"},{"@type":"ListItem","position":3,"name":"Restilen"}]},{"@type":"WebSite","@id":"https:\/\/www.clinicaalthea.com\/farmacia\/#website","url":"https:\/\/www.clinicaalthea.com\/farmacia\/","name":"Clinica Althea","description":"","publisher":{"@id":"https:\/\/www.clinicaalthea.com\/farmacia\/#organization"},"potentialAction":[{"@type":"SearchAction","target":{"@type":"EntryPoint","urlTemplate":"https:\/\/www.clinicaalthea.com\/farmacia\/?s={search_term_string}"},"query-input":{"@type":"PropertyValueSpecification","valueRequired":true,"valueName":"search_term_string"}}],"inLanguage":"pl-PL"},{"@type":"Organization","@id":"https:\/\/www.clinicaalthea.com\/farmacia\/#organization","name":"Clinica Althea","url":"https:\/\/www.clinicaalthea.com\/farmacia\/","logo":{"@type":"ImageObject","inLanguage":"pl-PL","@id":"https:\/\/www.clinicaalthea.com\/farmacia\/#\/schema\/logo\/image\/","url":"https:\/\/www.clinicaalthea.com\/farmacia\/wp-content\/uploads\/2023\/12\/Jak-diagnozuje-sie-FAS_-objawy-kryteria-diagnostyczne-i-metody-diagnozowania-154162903.jpg","contentUrl":"https:\/\/www.clinicaalthea.com\/farmacia\/wp-content\/uploads\/2023\/12\/Jak-diagnozuje-sie-FAS_-objawy-kryteria-diagnostyczne-i-metody-diagnozowania-154162903.jpg","width":1216,"height":832,"caption":"Clinica Althea"},"image":{"@id":"https:\/\/www.clinicaalthea.com\/farmacia\/#\/schema\/logo\/image\/"}}]}},"lang":"sv","translations":{"sv":5239,"pl":5204,"cs":5207,"de":5209,"da":5211,"hu":5213,"id":5216,"pt":5220,"nb":5221,"es":5224,"fr":5226,"nl":5232,"it":5234,"el":5235,"ro":5237,"sk":5241},"pll_sync_post":[],"_links":{"self":[{"href":"https:\/\/www.clinicaalthea.com\/farmacia\/wp-json\/wp\/v2\/product\/5239","targetHints":{"allow":["GET"]}}],"collection":[{"href":"https:\/\/www.clinicaalthea.com\/farmacia\/wp-json\/wp\/v2\/product"}],"about":[{"href":"https:\/\/www.clinicaalthea.com\/farmacia\/wp-json\/wp\/v2\/types\/product"}],"replies":[{"embeddable":true,"href":"https:\/\/www.clinicaalthea.com\/farmacia\/wp-json\/wp\/v2\/comments?post=5239"}],"wp:featuredmedia":[{"embeddable":true,"href":"https:\/\/www.clinicaalthea.com\/farmacia\/wp-json\/wp\/v2\/media\/5205"}],"wp:attachment":[{"href":"https:\/\/www.clinicaalthea.com\/farmacia\/wp-json\/wp\/v2\/media?parent=5239"}],"wp:term":[{"taxonomy":"product_brand","embeddable":true,"href":"https:\/\/www.clinicaalthea.com\/farmacia\/wp-json\/wp\/v2\/product_brand?post=5239"},{"taxonomy":"product_cat","embeddable":true,"href":"https:\/\/www.clinicaalthea.com\/farmacia\/wp-json\/wp\/v2\/product_cat?post=5239"},{"taxonomy":"product_tag","embeddable":true,"href":"https:\/\/www.clinicaalthea.com\/farmacia\/wp-json\/wp\/v2\/product_tag?post=5239"}],"curies":[{"name":"wp","href":"https:\/\/api.w.org\/{rel}","templated":true}]}}