{"id":5221,"date":"2024-05-22T08:33:25","date_gmt":"2024-05-22T07:33:25","guid":{"rendered":"https:\/\/mayoguide.org\/produkty\/?post_type=product&#038;p=5221"},"modified":"2024-05-22T08:41:33","modified_gmt":"2024-05-22T07:41:33","slug":"restilen","status":"publish","type":"product","link":"https:\/\/www.clinicaalthea.com\/farmacia\/nb\/apt\/restilen\/","title":{"rendered":"Restilen"},"content":{"rendered":"\n<h2 class=\"wp-block-heading\" id=\"h-czym-jest-restilen-i-jak-dziala\">Hva er Restilen og hvordan virker det?<\/h2>\n\n\n\n<p><b>Restilen<\/b> er et <b>kosttilskudd<\/b> som inneholder <b>naturlige ingredienser<\/b> som bidrar til \u00e5 h\u00e5ndtere stress og redusere stressrelaterte symptomer. <b>Restilen<\/b> er utviklet for \u00e5 gi omfattende st\u00f8tte til mental helse. Det virker p\u00e5 flere niv\u00e5er for \u00e5 hjelpe kroppen.<\/p>\n\n\n\n<p>En av n\u00f8kkelingrediensene i Restilen er <b>ashwagandha<\/b>, en adaptogen plante som hjelper kroppen med \u00e5 tilpasse seg stress. <b>Ashwagandha<\/b> st\u00f8tter nervesystemet og bidrar til \u00e5 opprettholde mental balanse i vanskelige situasjoner.<\/p>\n\n\n\n<p>En annen ingrediens i Restilen er <b>sitronmelisse<\/b>, en plante med beroligende egenskaper. <b>Melisse<\/b> bidrar til \u00e5 f\u00e5 kropp og sinn til \u00e5 slappe av, og reduserer f\u00f8lelsen av angst og anspenthet.<\/p>\n\n\n\n<p>Restilen inneholder ogs\u00e5 skall fra cantaloupemelon, som har egenskaper som reduserer tretthet. Cantaloupemelonskall bidrar til \u00e5 \u00f8ke energien og forbedre det generelle velv\u00e6ret.<\/p>\n\n\n\n<p><b>Kosttilskuddet Res<\/b> tilen inneholder ogs\u00e5 <b>magnesium<\/b> og <b>B-vitaminer<\/b>, som er sv\u00e6rt viktige for den mentale helsen. <b>Magnesium<\/b> bidrar til \u00e5 redusere tretthet og st\u00f8tter nervesystemets funksjon. <b>B-vitaminer<\/b> er avgj\u00f8rende for normal hjernefunksjon og energiproduksjon.<\/p>\n\n\n\n<p>Takket v\u00e6re den synergistiske virkningen av disse ingrediensene st\u00f8tter Restilen kroppen i kampen mot stress, reduserer stressymptomer og st\u00f8tter mental helse. <b>Regelmessig bruk<\/b> av kosttilskuddet har en merkbar effekt p\u00e5 hum\u00f8ret, reduserer stressymptomer og forbedrer s\u00f8vnkvaliteten.<\/p>\n\n\n\n<h2 class=\"wp-block-heading\" id=\"h-korzysci-ze-stosowania-restilen-efekty\">Fordeler med Restilen &#8211; Effekter<\/h2>\n\n\n\n<p>Bruk av kosttilskuddet Restilen kan ha mange fordeler n\u00e5r det gjelder \u00e5 redusere stressymptomer, bedre hum\u00f8ret og \u00f8ke motstandsdyktigheten mot stress. <b>Regelmessig bruk<\/b> av Restilen kan bidra til \u00e5 forbedre hum\u00f8ret og gi bedre s\u00f8vnkvalitet.<\/p>\n\n\n\n<p>Ingrediensene i Restilen virker synergistisk for \u00e5 gi omfattende st\u00f8tte til kroppen i kampen mot stress. Virkningen av kosttilskuddet er basert p\u00e5 naturlige ingredienser som <b>ashwagandha<\/b>, <b>melissa<\/b>, cantaloupemelonskall, <b>magnesium<\/b> og <b>B-vitaminer<\/b>.<\/p>\n\n\n\n<p>Ashwagandha hjelper kroppen med \u00e5 tilpasse seg stress, samtidig som den st\u00f8tter mental helse. Sitronmelisse har p\u00e5 sin side en beroligende effekt som bidrar til \u00e5 lindre f\u00f8lelsen av rastl\u00f8shet og angst. Cantaloupemelonskall og magnesium bidrar til \u00e5 redusere tretthet, mens B-vitaminer er viktige for nervesystemets funksjon og energiproduksjon.<\/p>\n\n\n\n<p>Restilen er en omfattende m\u00e5te \u00e5 redusere stressymptomer og \u00f8ke velv\u00e6ret p\u00e5. De <b>naturlige ingrediensene<\/b> virker i harmoni for \u00e5 gi kroppen den st\u00f8tten den trenger for \u00e5 takle stress.<\/p>\n\n\n\n<h2 class=\"wp-block-heading\" id=\"h-jak-stosowac-restilen-dawkowanie-i-zalecenia\">Hvordan bruker jeg Restilen? &#8211; Dosering og anbefalinger<\/h2>\n\n\n\n<p>Det anbefales \u00e5 ta to Restilen-kapsler daglig &#8211; \u00e9n om morgenen og \u00e9n om kvelden. Regelmessig bruk av Restilen er n\u00f8kkelen til \u00e5 oppn\u00e5 varige resultater n\u00e5r det gjelder \u00e5 h\u00e5ndtere stress og st\u00f8tte mental helse.<\/p>\n\n\n\n<p>F\u00f8r du begynner \u00e5 ta Restilen er det tilr\u00e5delig \u00e5 r\u00e5df\u00f8re deg med legen din, spesielt hvis du har <b>kontraindikasjoner<\/b> eller tar andre medisiner. Legen din kan n\u00f8yaktig bestemme riktig <b>dosering<\/b> av Restilen med hensyn til dine individuelle behov og helsetilstand.<\/p>\n\n\n\n<h2 class=\"wp-block-heading\" id=\"h-restilen-opinie-uzytkownikow-forum-co-mowia-uzytkownicy\">Restilen &#8211; Brukeranmeldelser, forum &#8211; Hva sier brukerne?<\/h2>\n\n\n\n<p>Restilen-brukere gir ofte <em>positive tilbakemeldinger<\/em> om produktets effektivitet og sikkerhet. I <em>tilbakemeldingene<\/em> nevner de de mange fordelene ved regelmessig bruk av Restilen. For mange bidrar kosttilskuddet til \u00e5 <em>forbedre hum\u00f8ret<\/em> og redusere symptomer p\u00e5 stress. I tillegg nevner brukerne ogs\u00e5 <em>forbedret s\u00f8vnkvalitet<\/em> og <em>\u00f8kt motstandskraft mot stress<\/em>.<\/p>\n\n\n\n<p>Hvis du vil finne ut mer, kan du finne mange <em>brukeranmeldelser<\/em> p\u00e5 ulike <em>nettfora<\/em>. P\u00e5 slike plattformer kan du lese \u00e6rlige og verdifulle brukeranmeldelser som vil hjelpe deg med \u00e5 f\u00e5 mer informasjon om Restilen og dens effekter.<\/p>\n\n\n\n<blockquote class=\"wp-block-quote is-layout-flow wp-block-quote-is-layout-flow\">\n<p>&#8220;Jeg har brukt Restilen i noen uker n\u00e5, og jeg er veldig forn\u00f8yd med resultatene. Hum\u00f8ret mitt har blitt bedre, jeg opplever mindre stress og har lettere for \u00e5 slappe av. Jeg vil anbefale dette kosttilskuddet til alle som er ute etter naturlig st\u00f8tte for \u00e5 redusere stressymptomer.&#8221; &#8211; <b>forumbruker<\/b><\/p>\n<\/blockquote>\n\n\n\n<h2 class=\"wp-block-heading\" id=\"h-sklad-restilen-analiza-skladnikow\">Restilens sammensetning &#8211; Analyse av ingredienser<\/h2>\n\n\n\n<p>Restilen er et kosttilskudd som inneholder n\u00f8ye utvalgte ingredienser for \u00e5 st\u00f8tte mental og fysisk helse. Formuleringen inneholder naturlige stoffer med dokumenterte antistresseffekter. Hver ingrediens har unike egenskaper og fordeler for kroppen.<\/p>\n\n\n\n<p>Her er hovedingrediensene i Restilen:<\/p>\n\n\n\n<figure class=\"wp-block-table\"><table><tbody><tr><th>Komponent<\/th><th>Funksjoner og fordeler<\/th><\/tr><tr><td>Ashwagandha<\/td><td>Hjelper kroppen med \u00e5 tilpasse seg stress, reduserer nerv\u00f8s spenning<\/td><\/tr><tr><td>Melissa<\/td><td>Beroliger, forbedrer hum\u00f8ret<\/td><\/tr><tr><td><b>Cantaloupe-melon<\/b><\/td><td>Reduserer tretthet, st\u00f8tter nervesystemet<\/td><\/tr><tr><td>Magnesium<\/td><td>Regulerer nervesystemet, forebygger mangler<\/td><\/tr><tr><td>B-vitaminer<\/td><td>St\u00f8tter nervesystemet, \u00f8ker motstandsdyktigheten mot stress<\/td><\/tr><\/tbody><\/table><\/figure>\n\n\n\n<p>Takket v\u00e6re et n\u00f8ye utvalg av ingredienser gir Restilen omfattende st\u00f8tte til kroppen, reduserer symptomene p\u00e5 stress og st\u00f8tter effektiv h\u00e5ndtering av stress.<\/p>\n\n\n\n<h2 class=\"wp-block-heading\" id=\"h-gdzie-kupic-i-ile-kosztuje-restilen-cena\">Hvor \u00e5 kj\u00f8pe og hvor mye koster Restilen &#8211; pris<\/h2>\n\n\n\n<p>For \u00e5 kj\u00f8pe Restilen anbefales det \u00e5 bruke produsentens offisielle nettside. Dette er den tryggeste m\u00e5ten \u00e5 s\u00f8rge for at du f\u00e5r det originale produktet uten risiko for \u00e5 kj\u00f8pe forfalskninger. P\u00e5 produsentens offisielle nettside finner du n\u00f8yaktig informasjon om pris og tilgjengelighet p\u00e5 Restilen, som kan variere avhengig av kampanjer og kj\u00f8pspakker.<\/p>\n\n\n\n<p>Det er verdt \u00e5 sjekke produsentens offisielle nettside regelmessig for oppdatert informasjon om prisen p\u00e5 Restilen. Dette vil sikre at du betaler en rimelig pris for et produkt som kan hjelpe deg med \u00e5 h\u00e5ndtere stress og forbedre din mentale helse.<\/p>\n\n\n\n<h2 class=\"wp-block-heading\" id=\"h-restilen-skutki-uboczne-i-przeciwwskazania\">Restilen &#8211; Bivirkninger og kontraindikasjoner<\/h2>\n\n\n\n<p>Restilen er allment anerkjent som et trygt kosttilskudd som sjelden for\u00e5rsaker alvorlige <b>bivirkninger<\/b>. Som med alle kosttilskudd er det imidlertid noen ting du b\u00f8r tenke p\u00e5 f\u00f8r du begynner \u00e5 ta tilskudd.<\/p>\n\n\n\n<p>Den f\u00f8rste viktige kontraindikasjonen er allergi mot innholdsstoffene i Restilen. Hvis du har kjente allergier mot ashwagandha, sitronmelisse, cantaloupemeloneskall, magnesium eller B-vitaminer, b\u00f8r du v\u00e6re forsiktig og r\u00e5df\u00f8re deg med legen din f\u00f8r du begynner med Restilen.<\/p>\n\n\n\n<p>Hvis du er gravid eller ammer, er det alltid tilr\u00e5delig \u00e5 konsultere legen din f\u00f8r du begynner med Restilen-tilskudd. Selv om ingrediensene i Restilen er naturlige, er det viktig \u00e5 forsikre seg om at bruken av kosttilskuddet ikke vil ha en negativ innvirkning p\u00e5 helsen til mor og barn.<\/p>\n\n\n\n<p>For \u00e5 garantere <b>sikkerheten<\/b> og unng\u00e5 mulige komplikasjoner, er det alltid tilr\u00e5delig \u00e5 konsultere legen din f\u00f8r du begynner med Restilen-tilskudd. Legen din kjenner din tilstand best og kan gi deg spesifikk informasjon og anbefalinger.<\/p>\n","protected":false},"excerpt":{"rendered":"<p><strong>509.00 NOK<\/strong><\/p>\n<p><del>1018.00 NOK<\/del><\/p>\n<p><strong>[date_countdown]<\/strong><\/p>\n","protected":false},"featured_media":5205,"comment_status":"open","ping_status":"closed","template":"","meta":{"neve_meta_sidebar":"","neve_meta_container":"","neve_meta_enable_content_width":"","neve_meta_content_width":0,"neve_meta_title_alignment":"","neve_meta_author_avatar":"","neve_post_elements_order":"","neve_meta_disable_header":"","neve_meta_disable_footer":"","neve_meta_disable_title":"","neve_meta_reading_time":""},"product_brand":[],"product_cat":[161],"product_tag":[],"class_list":{"0":"post-5221","1":"product","2":"type-product","3":"status-publish","4":"has-post-thumbnail","6":"product_cat-helse","8":"first","9":"instock","10":"shipping-taxable","11":"product-type-external"},"yoast_head":"<!-- This site is optimized with the Yoast SEO plugin v27.4 - https:\/\/yoast.com\/product\/yoast-seo-wordpress\/ -->\n<title>Restilen - Clinica Althea<\/title>\n<meta name=\"robots\" content=\"index, follow, max-snippet:-1, max-image-preview:large, max-video-preview:-1\" \/>\n<link rel=\"canonical\" href=\"https:\/\/www.clinicaalthea.com\/farmacia\/nb\/apt\/restilen\/\" \/>\n<meta property=\"og:locale\" content=\"pl_PL\" \/>\n<meta property=\"og:type\" content=\"article\" \/>\n<meta property=\"og:title\" content=\"Restilen - Clinica Althea\" \/>\n<meta property=\"og:description\" content=\"509.00 NOK 1018.00 NOK\" \/>\n<meta property=\"og:url\" content=\"https:\/\/www.clinicaalthea.com\/farmacia\/nb\/apt\/restilen\/\" \/>\n<meta property=\"og:site_name\" content=\"Clinica Althea\" \/>\n<meta property=\"article:modified_time\" content=\"2024-05-22T07:41:33+00:00\" \/>\n<meta property=\"og:image\" content=\"https:\/\/www.clinicaalthea.com\/farmacia\/wp-content\/uploads\/2024\/05\/Restilen.jpg\" \/>\n\t<meta property=\"og:image:width\" content=\"768\" \/>\n\t<meta property=\"og:image:height\" content=\"768\" \/>\n\t<meta property=\"og:image:type\" content=\"image\/jpeg\" \/>\n<meta name=\"twitter:card\" content=\"summary_large_image\" \/>\n<meta name=\"twitter:label1\" content=\"Szacowany czas czytania\" \/>\n\t<meta name=\"twitter:data1\" content=\"6 minut\" \/>\n<script type=\"application\/ld+json\" class=\"yoast-schema-graph\">{\"@context\":\"https:\\\/\\\/schema.org\",\"@graph\":[{\"@type\":\"WebPage\",\"@id\":\"https:\\\/\\\/www.clinicaalthea.com\\\/farmacia\\\/nb\\\/apt\\\/restilen\\\/\",\"url\":\"https:\\\/\\\/www.clinicaalthea.com\\\/farmacia\\\/nb\\\/apt\\\/restilen\\\/\",\"name\":\"Restilen - Clinica Althea\",\"isPartOf\":{\"@id\":\"https:\\\/\\\/www.clinicaalthea.com\\\/farmacia\\\/#website\"},\"primaryImageOfPage\":{\"@id\":\"https:\\\/\\\/www.clinicaalthea.com\\\/farmacia\\\/nb\\\/apt\\\/restilen\\\/#primaryimage\"},\"image\":{\"@id\":\"https:\\\/\\\/www.clinicaalthea.com\\\/farmacia\\\/nb\\\/apt\\\/restilen\\\/#primaryimage\"},\"thumbnailUrl\":\"https:\\\/\\\/www.clinicaalthea.com\\\/farmacia\\\/wp-content\\\/uploads\\\/2024\\\/05\\\/Restilen.jpg\",\"datePublished\":\"2024-05-22T07:33:25+00:00\",\"dateModified\":\"2024-05-22T07:41:33+00:00\",\"breadcrumb\":{\"@id\":\"https:\\\/\\\/www.clinicaalthea.com\\\/farmacia\\\/nb\\\/apt\\\/restilen\\\/#breadcrumb\"},\"inLanguage\":\"pl-PL\",\"potentialAction\":[{\"@type\":\"ReadAction\",\"target\":[\"https:\\\/\\\/www.clinicaalthea.com\\\/farmacia\\\/nb\\\/apt\\\/restilen\\\/\"]}]},{\"@type\":\"ImageObject\",\"inLanguage\":\"pl-PL\",\"@id\":\"https:\\\/\\\/www.clinicaalthea.com\\\/farmacia\\\/nb\\\/apt\\\/restilen\\\/#primaryimage\",\"url\":\"https:\\\/\\\/www.clinicaalthea.com\\\/farmacia\\\/wp-content\\\/uploads\\\/2024\\\/05\\\/Restilen.jpg\",\"contentUrl\":\"https:\\\/\\\/www.clinicaalthea.com\\\/farmacia\\\/wp-content\\\/uploads\\\/2024\\\/05\\\/Restilen.jpg\",\"width\":768,\"height\":768,\"caption\":\"Restilen\"},{\"@type\":\"BreadcrumbList\",\"@id\":\"https:\\\/\\\/www.clinicaalthea.com\\\/farmacia\\\/nb\\\/apt\\\/restilen\\\/#breadcrumb\",\"itemListElement\":[{\"@type\":\"ListItem\",\"position\":1,\"name\":\"Strona g\u0142\u00f3wna\",\"item\":\"https:\\\/\\\/www.clinicaalthea.com\\\/farmacia\\\/\"},{\"@type\":\"ListItem\",\"position\":2,\"name\":\"Produkty\",\"item\":\"https:\\\/\\\/www.clinicaalthea.com\\\/farmacia\\\/\"},{\"@type\":\"ListItem\",\"position\":3,\"name\":\"Restilen\"}]},{\"@type\":\"WebSite\",\"@id\":\"https:\\\/\\\/www.clinicaalthea.com\\\/farmacia\\\/#website\",\"url\":\"https:\\\/\\\/www.clinicaalthea.com\\\/farmacia\\\/\",\"name\":\"Clinica Althea\",\"description\":\"\",\"publisher\":{\"@id\":\"https:\\\/\\\/www.clinicaalthea.com\\\/farmacia\\\/#organization\"},\"potentialAction\":[{\"@type\":\"SearchAction\",\"target\":{\"@type\":\"EntryPoint\",\"urlTemplate\":\"https:\\\/\\\/www.clinicaalthea.com\\\/farmacia\\\/?s={search_term_string}\"},\"query-input\":{\"@type\":\"PropertyValueSpecification\",\"valueRequired\":true,\"valueName\":\"search_term_string\"}}],\"inLanguage\":\"pl-PL\"},{\"@type\":\"Organization\",\"@id\":\"https:\\\/\\\/www.clinicaalthea.com\\\/farmacia\\\/#organization\",\"name\":\"Clinica Althea\",\"url\":\"https:\\\/\\\/www.clinicaalthea.com\\\/farmacia\\\/\",\"logo\":{\"@type\":\"ImageObject\",\"inLanguage\":\"pl-PL\",\"@id\":\"https:\\\/\\\/www.clinicaalthea.com\\\/farmacia\\\/#\\\/schema\\\/logo\\\/image\\\/\",\"url\":\"https:\\\/\\\/www.clinicaalthea.com\\\/farmacia\\\/wp-content\\\/uploads\\\/2023\\\/12\\\/Jak-diagnozuje-sie-FAS_-objawy-kryteria-diagnostyczne-i-metody-diagnozowania-154162903.jpg\",\"contentUrl\":\"https:\\\/\\\/www.clinicaalthea.com\\\/farmacia\\\/wp-content\\\/uploads\\\/2023\\\/12\\\/Jak-diagnozuje-sie-FAS_-objawy-kryteria-diagnostyczne-i-metody-diagnozowania-154162903.jpg\",\"width\":1216,\"height\":832,\"caption\":\"Clinica Althea\"},\"image\":{\"@id\":\"https:\\\/\\\/www.clinicaalthea.com\\\/farmacia\\\/#\\\/schema\\\/logo\\\/image\\\/\"}}]}<\/script>\n<!-- \/ Yoast SEO plugin. -->","yoast_head_json":{"title":"Restilen - Clinica Althea","robots":{"index":"index","follow":"follow","max-snippet":"max-snippet:-1","max-image-preview":"max-image-preview:large","max-video-preview":"max-video-preview:-1"},"canonical":"https:\/\/www.clinicaalthea.com\/farmacia\/nb\/apt\/restilen\/","og_locale":"pl_PL","og_type":"article","og_title":"Restilen - Clinica Althea","og_description":"509.00 NOK 1018.00 NOK","og_url":"https:\/\/www.clinicaalthea.com\/farmacia\/nb\/apt\/restilen\/","og_site_name":"Clinica Althea","article_modified_time":"2024-05-22T07:41:33+00:00","og_image":[{"width":768,"height":768,"url":"https:\/\/www.clinicaalthea.com\/farmacia\/wp-content\/uploads\/2024\/05\/Restilen.jpg","type":"image\/jpeg"}],"twitter_card":"summary_large_image","twitter_misc":{"Szacowany czas czytania":"6 minut"},"schema":{"@context":"https:\/\/schema.org","@graph":[{"@type":"WebPage","@id":"https:\/\/www.clinicaalthea.com\/farmacia\/nb\/apt\/restilen\/","url":"https:\/\/www.clinicaalthea.com\/farmacia\/nb\/apt\/restilen\/","name":"Restilen - Clinica Althea","isPartOf":{"@id":"https:\/\/www.clinicaalthea.com\/farmacia\/#website"},"primaryImageOfPage":{"@id":"https:\/\/www.clinicaalthea.com\/farmacia\/nb\/apt\/restilen\/#primaryimage"},"image":{"@id":"https:\/\/www.clinicaalthea.com\/farmacia\/nb\/apt\/restilen\/#primaryimage"},"thumbnailUrl":"https:\/\/www.clinicaalthea.com\/farmacia\/wp-content\/uploads\/2024\/05\/Restilen.jpg","datePublished":"2024-05-22T07:33:25+00:00","dateModified":"2024-05-22T07:41:33+00:00","breadcrumb":{"@id":"https:\/\/www.clinicaalthea.com\/farmacia\/nb\/apt\/restilen\/#breadcrumb"},"inLanguage":"pl-PL","potentialAction":[{"@type":"ReadAction","target":["https:\/\/www.clinicaalthea.com\/farmacia\/nb\/apt\/restilen\/"]}]},{"@type":"ImageObject","inLanguage":"pl-PL","@id":"https:\/\/www.clinicaalthea.com\/farmacia\/nb\/apt\/restilen\/#primaryimage","url":"https:\/\/www.clinicaalthea.com\/farmacia\/wp-content\/uploads\/2024\/05\/Restilen.jpg","contentUrl":"https:\/\/www.clinicaalthea.com\/farmacia\/wp-content\/uploads\/2024\/05\/Restilen.jpg","width":768,"height":768,"caption":"Restilen"},{"@type":"BreadcrumbList","@id":"https:\/\/www.clinicaalthea.com\/farmacia\/nb\/apt\/restilen\/#breadcrumb","itemListElement":[{"@type":"ListItem","position":1,"name":"Strona g\u0142\u00f3wna","item":"https:\/\/www.clinicaalthea.com\/farmacia\/"},{"@type":"ListItem","position":2,"name":"Produkty","item":"https:\/\/www.clinicaalthea.com\/farmacia\/"},{"@type":"ListItem","position":3,"name":"Restilen"}]},{"@type":"WebSite","@id":"https:\/\/www.clinicaalthea.com\/farmacia\/#website","url":"https:\/\/www.clinicaalthea.com\/farmacia\/","name":"Clinica Althea","description":"","publisher":{"@id":"https:\/\/www.clinicaalthea.com\/farmacia\/#organization"},"potentialAction":[{"@type":"SearchAction","target":{"@type":"EntryPoint","urlTemplate":"https:\/\/www.clinicaalthea.com\/farmacia\/?s={search_term_string}"},"query-input":{"@type":"PropertyValueSpecification","valueRequired":true,"valueName":"search_term_string"}}],"inLanguage":"pl-PL"},{"@type":"Organization","@id":"https:\/\/www.clinicaalthea.com\/farmacia\/#organization","name":"Clinica Althea","url":"https:\/\/www.clinicaalthea.com\/farmacia\/","logo":{"@type":"ImageObject","inLanguage":"pl-PL","@id":"https:\/\/www.clinicaalthea.com\/farmacia\/#\/schema\/logo\/image\/","url":"https:\/\/www.clinicaalthea.com\/farmacia\/wp-content\/uploads\/2023\/12\/Jak-diagnozuje-sie-FAS_-objawy-kryteria-diagnostyczne-i-metody-diagnozowania-154162903.jpg","contentUrl":"https:\/\/www.clinicaalthea.com\/farmacia\/wp-content\/uploads\/2023\/12\/Jak-diagnozuje-sie-FAS_-objawy-kryteria-diagnostyczne-i-metody-diagnozowania-154162903.jpg","width":1216,"height":832,"caption":"Clinica Althea"},"image":{"@id":"https:\/\/www.clinicaalthea.com\/farmacia\/#\/schema\/logo\/image\/"}}]}},"lang":"nb","translations":{"nb":5221,"pl":5204,"cs":5207,"de":5209,"da":5211,"hu":5213,"id":5216,"pt":5220,"es":5224,"fr":5226,"nl":5232,"it":5234,"el":5235,"ro":5237,"sv":5239,"sk":5241},"pll_sync_post":[],"_links":{"self":[{"href":"https:\/\/www.clinicaalthea.com\/farmacia\/wp-json\/wp\/v2\/product\/5221","targetHints":{"allow":["GET"]}}],"collection":[{"href":"https:\/\/www.clinicaalthea.com\/farmacia\/wp-json\/wp\/v2\/product"}],"about":[{"href":"https:\/\/www.clinicaalthea.com\/farmacia\/wp-json\/wp\/v2\/types\/product"}],"replies":[{"embeddable":true,"href":"https:\/\/www.clinicaalthea.com\/farmacia\/wp-json\/wp\/v2\/comments?post=5221"}],"wp:featuredmedia":[{"embeddable":true,"href":"https:\/\/www.clinicaalthea.com\/farmacia\/wp-json\/wp\/v2\/media\/5205"}],"wp:attachment":[{"href":"https:\/\/www.clinicaalthea.com\/farmacia\/wp-json\/wp\/v2\/media?parent=5221"}],"wp:term":[{"taxonomy":"product_brand","embeddable":true,"href":"https:\/\/www.clinicaalthea.com\/farmacia\/wp-json\/wp\/v2\/product_brand?post=5221"},{"taxonomy":"product_cat","embeddable":true,"href":"https:\/\/www.clinicaalthea.com\/farmacia\/wp-json\/wp\/v2\/product_cat?post=5221"},{"taxonomy":"product_tag","embeddable":true,"href":"https:\/\/www.clinicaalthea.com\/farmacia\/wp-json\/wp\/v2\/product_tag?post=5221"}],"curies":[{"name":"wp","href":"https:\/\/api.w.org\/{rel}","templated":true}]}}