{"id":5213,"date":"2024-05-22T08:21:51","date_gmt":"2024-05-22T07:21:51","guid":{"rendered":"https:\/\/mayoguide.org\/produkty\/?post_type=product&#038;p=5213"},"modified":"2024-05-22T08:41:33","modified_gmt":"2024-05-22T07:41:33","slug":"restilen","status":"publish","type":"product","link":"https:\/\/www.clinicaalthea.com\/farmacia\/hu\/apt\/restilen\/","title":{"rendered":"Restilen"},"content":{"rendered":"\n<h2 class=\"wp-block-heading\" id=\"h-czym-jest-restilen-i-jak-dziala\">Milyen t\u00edpus\u00fa gy\u00f3gyszer a Restilen \u00e9s hogyan fejti ki hat\u00e1s\u00e1t?<\/h2>\n\n\n\n<p>A <b>Restilen<\/b> egy <b>term\u00e9szetes \u00f6sszetev\u0151ket<\/b> tartalmaz\u00f3 <b>\u00e9trend-kieg\u00e9sz\u00edt\u0151<\/b>, amely seg\u00edt kezelni a stresszt \u00e9s cs\u00f6kkenti a stresszel kapcsolatos t\u00fcneteket. A <b>Restilen<\/b> \u00fagy lett \u00f6ssze\u00e1ll\u00edtva, hogy \u00e1tfog\u00f3 t\u00e1mogat\u00e1st ny\u00fajtson a ment\u00e1lis eg\u00e9szs\u00e9ghez. T\u00f6bb szinten hat a szervezet jav\u00e1ra.<\/p>\n\n\n\n<p>A Restilen egyik legfontosabb \u00f6sszetev\u0151je az <b>ashwagandha<\/b>, egy adaptog\u00e9n n\u00f6v\u00e9ny, amely seg\u00edt a szervezetnek alkalmazkodni a stresszhez. <b>Az ashwagandha<\/b> t\u00e1mogatja az idegrendszert \u00e9s seg\u00edt fenntartani a ment\u00e1lis egyens\u00falyt neh\u00e9z helyzetekben.<\/p>\n\n\n\n<p>A Restilen m\u00e1sik \u00f6sszetev\u0151je a <b>citromf\u0171<\/b>, egy nyugtat\u00f3 tulajdons\u00e1gokkal rendelkez\u0151 n\u00f6v\u00e9ny. A <b>melissa<\/b> seg\u00edt ellaz\u00edtani az elm\u00e9t \u00e9s a testet, cs\u00f6kkenti a szorong\u00e1s \u00e9s a fesz\u00fclts\u00e9g \u00e9rz\u00e9s\u00e9t.<\/p>\n\n\n\n<p>A Restilen s\u00e1rgadinnye h\u00e9j\u00e1t is tartalmazza, amely f\u00e1radts\u00e1gcs\u00f6kkent\u0151 tulajdons\u00e1gokkal rendelkezik. A s\u00e1rgadinnye h\u00e9ja seg\u00edt n\u00f6velni az energi\u00e1t \u00e9s jav\u00edtani az \u00e1ltal\u00e1nos k\u00f6z\u00e9rzetet.<\/p>\n\n\n\n<p>A Restilen <b>\u00e9trend-kieg\u00e9sz\u00edt\u0151<\/b> <b>magn\u00e9ziumot<\/b> \u00e9s <b>B-vitaminokat<\/b> is tartalmaz, amelyek rendk\u00edv\u00fcl fontosak a ment\u00e1lis eg\u00e9szs\u00e9g szempontj\u00e1b\u00f3l. A <b>magn\u00e9zium<\/b> seg\u00edt cs\u00f6kkenteni a f\u00e1radts\u00e1got \u00e9s t\u00e1mogatja az idegrendszer m\u0171k\u00f6d\u00e9s\u00e9t. A <b>B-vitaminok<\/b> elengedhetetlenek a norm\u00e1l agym\u0171k\u00f6d\u00e9shez \u00e9s az energiatermel\u00e9shez.<\/p>\n\n\n\n<p>Ezen \u00f6sszetev\u0151k szinergikus hat\u00e1s\u00e1nak k\u00f6sz\u00f6nhet\u0151en a Restilen t\u00e1mogatja a szervezetet a stressz elleni k\u00fczdelemben, cs\u00f6kkenti a stresszt\u00fcneteket \u00e9s t\u00e1mogatja a ment\u00e1lis eg\u00e9szs\u00e9get. A t\u00e1pl\u00e1l\u00e9kkieg\u00e9sz\u00edt\u0151 <b>rendszeres<\/b> haszn\u00e1lata \u00e9rezhet\u0151en jav\u00edtja a hangulatot, cs\u00f6kkenti a stresszt\u00fcneteket \u00e9s jav\u00edtja az alv\u00e1s min\u0151s\u00e9g\u00e9t.<\/p>\n\n\n\n<h2 class=\"wp-block-heading\" id=\"h-korzysci-ze-stosowania-restilen-efekty\">A Restilen el\u0151nyei &#8211; hat\u00e1sok<\/h2>\n\n\n\n<p>A Restilen \u00e9trend-kieg\u00e9sz\u00edt\u0151 haszn\u00e1lata sz\u00e1mos el\u0151nnyel j\u00e1rhat a stressz t\u00fcneteinek cs\u00f6kkent\u00e9s\u00e9ben, a hangulat jav\u00edt\u00e1s\u00e1ban \u00e9s a stresszel szembeni ellen\u00e1ll\u00f3 k\u00e9pess\u00e9g n\u00f6vel\u00e9s\u00e9ben. A Restilen <b>rendszeres haszn\u00e1lata<\/b> jav\u00edthatja a hangulatot \u00e9s jobb min\u0151s\u00e9g\u0171 alv\u00e1st biztos\u00edthat.<\/p>\n\n\n\n<p>A Restilen \u00f6sszetev\u0151i szinergikusan m\u0171k\u00f6dnek, hogy \u00e1tfog\u00f3 t\u00e1mogat\u00e1st ny\u00fajtsanak a szervezet sz\u00e1m\u00e1ra a stressz elleni k\u00fczdelemben. A t\u00e1pl\u00e1l\u00e9kkieg\u00e9sz\u00edt\u0151 hat\u00e1sa olyan term\u00e9szetes \u00f6sszetev\u0151k\u00f6n alapul, mint az <b>ashwagandha<\/b>, a <b>melissa<\/b>, a s\u00e1rgadinnye h\u00e9ja, a <b>magn\u00e9zium<\/b> \u00e9s a <b>B-vitaminok<\/b>.<\/p>\n\n\n\n<p>Az Ashwagandha seg\u00edt a szervezetnek alkalmazkodni a stresszhez, mik\u00f6zben t\u00e1mogatja a ment\u00e1lis eg\u00e9szs\u00e9get. A citromf\u0171 viszont nyugtat\u00f3 hat\u00e1s\u00fa, seg\u00edt enyh\u00edteni a nyugtalans\u00e1g \u00e9s a szorong\u00e1s \u00e9rz\u00e9s\u00e9t. A s\u00e1rgadinnye h\u00e9ja \u00e9s a magn\u00e9zium seg\u00edt cs\u00f6kkenteni a f\u00e1radts\u00e1got, m\u00edg a B-vitaminok elengedhetetlenek a megfelel\u0151 idegrendszeri m\u0171k\u00f6d\u00e9shez \u00e9s az energiatermel\u00e9shez.<\/p>\n\n\n\n<p>A Restilen haszn\u00e1lata \u00e1tfog\u00f3 m\u00f3don cs\u00f6kkenti a stressz t\u00fcneteit \u00e9s jav\u00edtja a k\u00f6z\u00e9rzetet. <b>Term\u00e9szetes \u00f6sszetev\u0151i<\/b> harm\u00f3ni\u00e1ban m\u0171k\u00f6dnek, hogy a szervezet sz\u00e1m\u00e1ra biztos\u00edts\u00e1k a stresszel val\u00f3 megbirk\u00f3z\u00e1shoz sz\u00fcks\u00e9ges t\u00e1mogat\u00e1st.<\/p>\n\n\n\n<h2 class=\"wp-block-heading\" id=\"h-jak-stosowac-restilen-dawkowanie-i-zalecenia\">Hogyan kell haszn\u00e1lni a Restilen-t? &#8211; Adagol\u00e1s \u00e9s aj\u00e1nl\u00e1sok<\/h2>\n\n\n\n<p>Naponta k\u00e9t Restilen kapszula bev\u00e9tele aj\u00e1nlott &#8211; egy reggel \u00e9s egy este. A Restilen rendszeres haszn\u00e1lata kulcsfontoss\u00e1g\u00fa a stressz kezel\u00e9s\u00e9ben \u00e9s a ment\u00e1lis eg\u00e9szs\u00e9g t\u00e1mogat\u00e1s\u00e1ban el\u00e9rt tart\u00f3s eredm\u00e9nyek el\u00e9r\u00e9s\u00e9hez.<\/p>\n\n\n\n<p>A Restilen szed\u00e9s\u00e9nek megkezd\u00e9se el\u0151tt tan\u00e1csos konzult\u00e1lni kezel\u0151orvos\u00e1val, k\u00fcl\u00f6n\u00f6sen, ha b\u00e1rmilyen <b>ellenjavallata<\/b> van, vagy m\u00e1s gy\u00f3gyszereket szed. Orvosa pontosan meg tudja hat\u00e1rozni a Restilen megfelel\u0151 <b>adagj\u00e1t<\/b>, figyelembe v\u00e9ve az \u00d6n egy\u00e9ni ig\u00e9nyeit \u00e9s eg\u00e9szs\u00e9gi \u00e1llapot\u00e1t.<\/p>\n\n\n\n<h2 class=\"wp-block-heading\" id=\"h-restilen-opinie-uzytkownikow-forum-co-mowia-uzytkownicy\">Restilen &#8211; Felhaszn\u00e1l\u00f3i v\u00e9lem\u00e9nyek, f\u00f3rum &#8211; Mit mondanak a felhaszn\u00e1l\u00f3k?<\/h2>\n\n\n\n<p>A Restilen felhaszn\u00e1l\u00f3k gyakran <em>pozit\u00edv visszajelz\u00e9st<\/em> adnak a term\u00e9k hat\u00e9konys\u00e1g\u00e1r\u00f3l \u00e9s biztons\u00e1goss\u00e1g\u00e1r\u00f3l. <em>Visszajelz\u00e9seikben<\/em> megeml\u00edtik a Restilen rendszeres haszn\u00e1lat\u00e1nak sz\u00e1mos el\u0151ny\u00e9t. Sokak sz\u00e1m\u00e1ra a kieg\u00e9sz\u00edt\u00e9s seg\u00edt <em>jav\u00edtani a hangulatot<\/em> \u00e9s cs\u00f6kkenti a stressz t\u00fcneteit. Emellett a felhaszn\u00e1l\u00f3k <em>jobb alv\u00e1smin\u0151s\u00e9get<\/em> \u00e9s a <em>stresszel szembeni fokozott ellen\u00e1ll\u00f3k\u00e9pess\u00e9get<\/em> is megjegyzik.<\/p>\n\n\n\n<p>Ha t\u00f6bbet szeretne megtudni, sz\u00e1mos <em>felhaszn\u00e1l\u00f3i v\u00e9lem\u00e9nyt<\/em> tal\u00e1l k\u00fcl\u00f6nb\u00f6z\u0151 <em>online f\u00f3rumokon<\/em>. Az ilyen platformokon \u0151szinte \u00e9s \u00e9rt\u00e9kes felhaszn\u00e1l\u00f3i besz\u00e1mol\u00f3kat olvashat, amelyek seg\u00edtenek \u00d6nnek t\u00f6bb inform\u00e1ci\u00f3t szerezni a Restilenr\u0151l \u00e9s annak hat\u00e1sair\u00f3l.<\/p>\n\n\n\n<blockquote class=\"wp-block-quote is-layout-flow wp-block-quote-is-layout-flow\">\n<p>&#8220;N\u00e9h\u00e1ny hete haszn\u00e1lom a Restilen-t, \u00e9s nagyon el\u00e9gedett vagyok az eredm\u00e9nnyel. Javult a hangulatom, kevesebb stresszt \u00e9rzek, \u00e9s k\u00f6nnyebben tudok ellazulni. Aj\u00e1nlom ezt a kieg\u00e9sz\u00edt\u0151t mindenkinek, aki term\u00e9szetes t\u00e1mogat\u00e1st keres a stressz t\u00fcneteinek cs\u00f6kkent\u00e9s\u00e9re.&#8221; &#8211; <b>f\u00f3rum<\/b> felhaszn\u00e1l\u00f3<\/p>\n<\/blockquote>\n\n\n\n<h2 class=\"wp-block-heading\" id=\"h-sklad-restilen-analiza-skladnikow\">Restilen \u00f6sszet\u00e9tel &#8211; Az \u00f6sszetev\u0151k elemz\u00e9se<\/h2>\n\n\n\n<p>A Restilen \u00e9trend-kieg\u00e9sz\u00edt\u0151k\u00e9nt gondosan kiv\u00e1lasztott \u00f6sszetev\u0151ket tartalmaz a ment\u00e1lis \u00e9s fizikai eg\u00e9szs\u00e9g t\u00e1mogat\u00e1s\u00e1ra. A k\u00e9sz\u00edtm\u00e9ny olyan term\u00e9szetes anyagokat tartalmaz, amelyek bizony\u00edtottan stresszold\u00f3 hat\u00e1s\u00faak. Minden egyes \u00f6sszetev\u0151 egyedi tulajdons\u00e1gokkal \u00e9s el\u0151ny\u00f6kkel rendelkezik a szervezet sz\u00e1m\u00e1ra.<\/p>\n\n\n\n<p>Itt vannak a Restilen f\u0151 \u00f6sszetev\u0151i:<\/p>\n\n\n\n<figure class=\"wp-block-table\"><table><tbody><tr><th>Komponens<\/th><th>Jellemz\u0151k \u00e9s el\u0151ny\u00f6k<\/th><\/tr><tr><td>Ashwagandha<\/td><td>Seg\u00edt alkalmazkodni a szervezetnek a stresszhez, cs\u00f6kkenti az idegfesz\u00fclts\u00e9get.<\/td><\/tr><tr><td>Melissa<\/td><td>Nyugtat, jav\u00edtja a hangulatot<\/td><\/tr><tr><td><b>Cantaloupe dinnye<\/b><\/td><td>Cs\u00f6kkenti a f\u00e1radts\u00e1got, t\u00e1mogatja az idegrendszert.<\/td><\/tr><tr><td>Magn\u00e9zium<\/td><td>Szab\u00e1lyozza az idegrendszert, megel\u0151zi a hi\u00e1nyoss\u00e1gokat.<\/td><\/tr><tr><td>B-vitaminok<\/td><td>T\u00e1mogatja az idegrendszert, n\u00f6veli a stresszel szembeni ellen\u00e1ll\u00e1st<\/td><\/tr><\/tbody><\/table><\/figure>\n\n\n\n<p>Az \u00f6sszetev\u0151k gondos kiv\u00e1laszt\u00e1s\u00e1nak k\u00f6sz\u00f6nhet\u0151en a Restilen \u00e1tfog\u00f3 t\u00e1mogat\u00e1st ny\u00fajt a szervezet sz\u00e1m\u00e1ra, cs\u00f6kkenti a stressz t\u00fcneteit \u00e9s t\u00e1mogatja annak hat\u00e9kony kezel\u00e9s\u00e9t.<\/p>\n\n\n\n<h2 class=\"wp-block-heading\" id=\"h-gdzie-kupic-i-ile-kosztuje-restilen-cena\">Hol lehet megv\u00e1s\u00e1rolni \u00e9s mennyibe ker\u00fcl a Restilen &#8211; \u00e1r<\/h2>\n\n\n\n<p>A Restilen megv\u00e1s\u00e1rl\u00e1s\u00e1hoz c\u00e9lszer\u0171 a gy\u00e1rt\u00f3 hivatalos weboldal\u00e1t haszn\u00e1lni. Ez a legbiztons\u00e1gosabb m\u00f3dja annak, hogy megbizonyosodjon arr\u00f3l, hogy az eredeti term\u00e9ket kapja meg a hamis\u00edtv\u00e1nyok megv\u00e1s\u00e1rl\u00e1s\u00e1nak kock\u00e1zata n\u00e9lk\u00fcl. A gy\u00e1rt\u00f3 hivatalos weboldal\u00e1n pontos inform\u00e1ci\u00f3kat tal\u00e1l a Restilen \u00e1r\u00e1r\u00f3l \u00e9s el\u00e9rhet\u0151s\u00e9g\u00e9r\u0151l, amely az akci\u00f3kt\u00f3l \u00e9s a v\u00e1s\u00e1rl\u00e1si csomagokt\u00f3l f\u00fcgg\u0151en v\u00e1ltozhat.<\/p>\n\n\n\n<p>\u00c9rdemes rendszeresen ellen\u0151rizni a gy\u00e1rt\u00f3 hivatalos weboldal\u00e1t a Restilen \u00e1r\u00e1val kapcsolatos friss inform\u00e1ci\u00f3k\u00e9rt. Ez biztos\u00edtja, hogy m\u00e9lt\u00e1nyos \u00e1rat fizet egy olyan term\u00e9k\u00e9rt, amely seg\u00edthet a stressz kezel\u00e9s\u00e9ben \u00e9s a ment\u00e1lis eg\u00e9szs\u00e9g jav\u00edt\u00e1s\u00e1ban.<\/p>\n\n\n\n<h2 class=\"wp-block-heading\" id=\"h-restilen-skutki-uboczne-i-przeciwwskazania\">Restilen &#8211; Mell\u00e9khat\u00e1sok \u00e9s ellenjavallatok<\/h2>\n\n\n\n<p>A Restilen sz\u00e9les k\u00f6rben elismert, biztons\u00e1gos \u00e9trend-kieg\u00e9sz\u00edt\u0151, amely ritk\u00e1n okoz s\u00falyos <b>mell\u00e9khat\u00e1sokat<\/b>. Azonban, mint minden \u00e9trend-kieg\u00e9sz\u00edt\u0151n\u00e9l, a szed\u00e9s\u00e9nek megkezd\u00e9se el\u0151tt is van n\u00e9h\u00e1ny dolog, amit figyelembe kell venni.<\/p>\n\n\n\n<p>Az els\u0151 fontos ellenjavallat a Restilen \u00f6sszetev\u0151ire val\u00f3 allergia. Ha \u00d6nnek ismert allergi\u00e1ja van az ashwagandh\u00e1ra, a citromf\u0171re, a s\u00e1rgadinnye h\u00e9j\u00e1ra, a magn\u00e9ziumra vagy a B-vitaminokra, akkor \u00f3vatosan kell elj\u00e1rnia, \u00e9s a Restilen szed\u00e9se el\u0151tt konzult\u00e1lnia kell orvos\u00e1val.<\/p>\n\n\n\n<p>Ha \u00d6n terhes vagy szoptat, mindig tan\u00e1csos konzult\u00e1lni kezel\u0151orvos\u00e1val, miel\u0151tt elkezden\u00e9 a Restilen szed\u00e9s\u00e9t. B\u00e1r a Restilen \u00f6sszetev\u0151i term\u00e9szetesek, fontos biztos\u00edtani, hogy a kieg\u00e9sz\u00edt\u00e9s haszn\u00e1lata ne legyen negat\u00edv hat\u00e1ssal az anya \u00e9s a baba eg\u00e9szs\u00e9g\u00e9re.<\/p>\n\n\n\n<p>A <b>biztons\u00e1g<\/b> \u00e9s az esetleges sz\u00f6v\u0151dm\u00e9nyek elker\u00fcl\u00e9se \u00e9rdek\u00e9ben mindig tan\u00e1csos konzult\u00e1lni kezel\u0151orvos\u00e1val, miel\u0151tt elkezdi a Restilen szed\u00e9s\u00e9t. Orvosa ismeri legjobban az \u00d6n \u00e1llapot\u00e1t, \u00e9s konkr\u00e9t inform\u00e1ci\u00f3kkal \u00e9s aj\u00e1nl\u00e1sokkal tudja ell\u00e1tni \u00d6nt.<\/p>\n","protected":false},"excerpt":{"rendered":"<p><strong>18099.00 Ft<\/strong><\/p>\n<p><del>36198.00 Ft<\/del><\/p>\n<p><strong>[date_countdown]<\/strong><\/p>\n","protected":false},"featured_media":5205,"comment_status":"open","ping_status":"closed","template":"","meta":{"neve_meta_sidebar":"","neve_meta_container":"","neve_meta_enable_content_width":"","neve_meta_content_width":0,"neve_meta_title_alignment":"","neve_meta_author_avatar":"","neve_post_elements_order":"","neve_meta_disable_header":"","neve_meta_disable_footer":"","neve_meta_disable_title":"","neve_meta_reading_time":""},"product_brand":[],"product_cat":[105],"product_tag":[],"class_list":{"0":"post-5213","1":"product","2":"type-product","3":"status-publish","4":"has-post-thumbnail","6":"product_cat-egeszseg","8":"first","9":"instock","10":"shipping-taxable","11":"product-type-external"},"yoast_head":"<!-- This site is optimized with the Yoast SEO plugin v27.4 - https:\/\/yoast.com\/product\/yoast-seo-wordpress\/ -->\n<title>Restilen - Clinica Althea<\/title>\n<meta name=\"robots\" content=\"index, follow, max-snippet:-1, max-image-preview:large, max-video-preview:-1\" \/>\n<link rel=\"canonical\" href=\"https:\/\/www.clinicaalthea.com\/farmacia\/hu\/apt\/restilen\/\" \/>\n<meta property=\"og:locale\" content=\"pl_PL\" \/>\n<meta property=\"og:type\" content=\"article\" \/>\n<meta property=\"og:title\" content=\"Restilen - Clinica Althea\" \/>\n<meta property=\"og:description\" content=\"18099.00 Ft 36198.00 Ft\" \/>\n<meta property=\"og:url\" content=\"https:\/\/www.clinicaalthea.com\/farmacia\/hu\/apt\/restilen\/\" \/>\n<meta property=\"og:site_name\" content=\"Clinica Althea\" \/>\n<meta property=\"article:modified_time\" content=\"2024-05-22T07:41:33+00:00\" \/>\n<meta property=\"og:image\" content=\"https:\/\/www.clinicaalthea.com\/farmacia\/wp-content\/uploads\/2024\/05\/Restilen.jpg\" \/>\n\t<meta property=\"og:image:width\" content=\"768\" \/>\n\t<meta property=\"og:image:height\" content=\"768\" \/>\n\t<meta property=\"og:image:type\" content=\"image\/jpeg\" \/>\n<meta name=\"twitter:card\" content=\"summary_large_image\" \/>\n<meta name=\"twitter:label1\" content=\"Szacowany czas czytania\" \/>\n\t<meta name=\"twitter:data1\" content=\"6 minut\" \/>\n<script type=\"application\/ld+json\" class=\"yoast-schema-graph\">{\"@context\":\"https:\\\/\\\/schema.org\",\"@graph\":[{\"@type\":\"WebPage\",\"@id\":\"https:\\\/\\\/www.clinicaalthea.com\\\/farmacia\\\/hu\\\/apt\\\/restilen\\\/\",\"url\":\"https:\\\/\\\/www.clinicaalthea.com\\\/farmacia\\\/hu\\\/apt\\\/restilen\\\/\",\"name\":\"Restilen - Clinica Althea\",\"isPartOf\":{\"@id\":\"https:\\\/\\\/www.clinicaalthea.com\\\/farmacia\\\/#website\"},\"primaryImageOfPage\":{\"@id\":\"https:\\\/\\\/www.clinicaalthea.com\\\/farmacia\\\/hu\\\/apt\\\/restilen\\\/#primaryimage\"},\"image\":{\"@id\":\"https:\\\/\\\/www.clinicaalthea.com\\\/farmacia\\\/hu\\\/apt\\\/restilen\\\/#primaryimage\"},\"thumbnailUrl\":\"https:\\\/\\\/www.clinicaalthea.com\\\/farmacia\\\/wp-content\\\/uploads\\\/2024\\\/05\\\/Restilen.jpg\",\"datePublished\":\"2024-05-22T07:21:51+00:00\",\"dateModified\":\"2024-05-22T07:41:33+00:00\",\"breadcrumb\":{\"@id\":\"https:\\\/\\\/www.clinicaalthea.com\\\/farmacia\\\/hu\\\/apt\\\/restilen\\\/#breadcrumb\"},\"inLanguage\":\"pl-PL\",\"potentialAction\":[{\"@type\":\"ReadAction\",\"target\":[\"https:\\\/\\\/www.clinicaalthea.com\\\/farmacia\\\/hu\\\/apt\\\/restilen\\\/\"]}]},{\"@type\":\"ImageObject\",\"inLanguage\":\"pl-PL\",\"@id\":\"https:\\\/\\\/www.clinicaalthea.com\\\/farmacia\\\/hu\\\/apt\\\/restilen\\\/#primaryimage\",\"url\":\"https:\\\/\\\/www.clinicaalthea.com\\\/farmacia\\\/wp-content\\\/uploads\\\/2024\\\/05\\\/Restilen.jpg\",\"contentUrl\":\"https:\\\/\\\/www.clinicaalthea.com\\\/farmacia\\\/wp-content\\\/uploads\\\/2024\\\/05\\\/Restilen.jpg\",\"width\":768,\"height\":768,\"caption\":\"Restilen\"},{\"@type\":\"BreadcrumbList\",\"@id\":\"https:\\\/\\\/www.clinicaalthea.com\\\/farmacia\\\/hu\\\/apt\\\/restilen\\\/#breadcrumb\",\"itemListElement\":[{\"@type\":\"ListItem\",\"position\":1,\"name\":\"Strona g\u0142\u00f3wna\",\"item\":\"https:\\\/\\\/www.clinicaalthea.com\\\/farmacia\\\/\"},{\"@type\":\"ListItem\",\"position\":2,\"name\":\"Produkty\",\"item\":\"https:\\\/\\\/www.clinicaalthea.com\\\/farmacia\\\/\"},{\"@type\":\"ListItem\",\"position\":3,\"name\":\"Restilen\"}]},{\"@type\":\"WebSite\",\"@id\":\"https:\\\/\\\/www.clinicaalthea.com\\\/farmacia\\\/#website\",\"url\":\"https:\\\/\\\/www.clinicaalthea.com\\\/farmacia\\\/\",\"name\":\"Clinica Althea\",\"description\":\"\",\"publisher\":{\"@id\":\"https:\\\/\\\/www.clinicaalthea.com\\\/farmacia\\\/#organization\"},\"potentialAction\":[{\"@type\":\"SearchAction\",\"target\":{\"@type\":\"EntryPoint\",\"urlTemplate\":\"https:\\\/\\\/www.clinicaalthea.com\\\/farmacia\\\/?s={search_term_string}\"},\"query-input\":{\"@type\":\"PropertyValueSpecification\",\"valueRequired\":true,\"valueName\":\"search_term_string\"}}],\"inLanguage\":\"pl-PL\"},{\"@type\":\"Organization\",\"@id\":\"https:\\\/\\\/www.clinicaalthea.com\\\/farmacia\\\/#organization\",\"name\":\"Clinica Althea\",\"url\":\"https:\\\/\\\/www.clinicaalthea.com\\\/farmacia\\\/\",\"logo\":{\"@type\":\"ImageObject\",\"inLanguage\":\"pl-PL\",\"@id\":\"https:\\\/\\\/www.clinicaalthea.com\\\/farmacia\\\/#\\\/schema\\\/logo\\\/image\\\/\",\"url\":\"https:\\\/\\\/www.clinicaalthea.com\\\/farmacia\\\/wp-content\\\/uploads\\\/2023\\\/12\\\/Jak-diagnozuje-sie-FAS_-objawy-kryteria-diagnostyczne-i-metody-diagnozowania-154162903.jpg\",\"contentUrl\":\"https:\\\/\\\/www.clinicaalthea.com\\\/farmacia\\\/wp-content\\\/uploads\\\/2023\\\/12\\\/Jak-diagnozuje-sie-FAS_-objawy-kryteria-diagnostyczne-i-metody-diagnozowania-154162903.jpg\",\"width\":1216,\"height\":832,\"caption\":\"Clinica Althea\"},\"image\":{\"@id\":\"https:\\\/\\\/www.clinicaalthea.com\\\/farmacia\\\/#\\\/schema\\\/logo\\\/image\\\/\"}}]}<\/script>\n<!-- \/ Yoast SEO plugin. -->","yoast_head_json":{"title":"Restilen - Clinica Althea","robots":{"index":"index","follow":"follow","max-snippet":"max-snippet:-1","max-image-preview":"max-image-preview:large","max-video-preview":"max-video-preview:-1"},"canonical":"https:\/\/www.clinicaalthea.com\/farmacia\/hu\/apt\/restilen\/","og_locale":"pl_PL","og_type":"article","og_title":"Restilen - Clinica Althea","og_description":"18099.00 Ft 36198.00 Ft","og_url":"https:\/\/www.clinicaalthea.com\/farmacia\/hu\/apt\/restilen\/","og_site_name":"Clinica Althea","article_modified_time":"2024-05-22T07:41:33+00:00","og_image":[{"width":768,"height":768,"url":"https:\/\/www.clinicaalthea.com\/farmacia\/wp-content\/uploads\/2024\/05\/Restilen.jpg","type":"image\/jpeg"}],"twitter_card":"summary_large_image","twitter_misc":{"Szacowany czas czytania":"6 minut"},"schema":{"@context":"https:\/\/schema.org","@graph":[{"@type":"WebPage","@id":"https:\/\/www.clinicaalthea.com\/farmacia\/hu\/apt\/restilen\/","url":"https:\/\/www.clinicaalthea.com\/farmacia\/hu\/apt\/restilen\/","name":"Restilen - Clinica Althea","isPartOf":{"@id":"https:\/\/www.clinicaalthea.com\/farmacia\/#website"},"primaryImageOfPage":{"@id":"https:\/\/www.clinicaalthea.com\/farmacia\/hu\/apt\/restilen\/#primaryimage"},"image":{"@id":"https:\/\/www.clinicaalthea.com\/farmacia\/hu\/apt\/restilen\/#primaryimage"},"thumbnailUrl":"https:\/\/www.clinicaalthea.com\/farmacia\/wp-content\/uploads\/2024\/05\/Restilen.jpg","datePublished":"2024-05-22T07:21:51+00:00","dateModified":"2024-05-22T07:41:33+00:00","breadcrumb":{"@id":"https:\/\/www.clinicaalthea.com\/farmacia\/hu\/apt\/restilen\/#breadcrumb"},"inLanguage":"pl-PL","potentialAction":[{"@type":"ReadAction","target":["https:\/\/www.clinicaalthea.com\/farmacia\/hu\/apt\/restilen\/"]}]},{"@type":"ImageObject","inLanguage":"pl-PL","@id":"https:\/\/www.clinicaalthea.com\/farmacia\/hu\/apt\/restilen\/#primaryimage","url":"https:\/\/www.clinicaalthea.com\/farmacia\/wp-content\/uploads\/2024\/05\/Restilen.jpg","contentUrl":"https:\/\/www.clinicaalthea.com\/farmacia\/wp-content\/uploads\/2024\/05\/Restilen.jpg","width":768,"height":768,"caption":"Restilen"},{"@type":"BreadcrumbList","@id":"https:\/\/www.clinicaalthea.com\/farmacia\/hu\/apt\/restilen\/#breadcrumb","itemListElement":[{"@type":"ListItem","position":1,"name":"Strona g\u0142\u00f3wna","item":"https:\/\/www.clinicaalthea.com\/farmacia\/"},{"@type":"ListItem","position":2,"name":"Produkty","item":"https:\/\/www.clinicaalthea.com\/farmacia\/"},{"@type":"ListItem","position":3,"name":"Restilen"}]},{"@type":"WebSite","@id":"https:\/\/www.clinicaalthea.com\/farmacia\/#website","url":"https:\/\/www.clinicaalthea.com\/farmacia\/","name":"Clinica Althea","description":"","publisher":{"@id":"https:\/\/www.clinicaalthea.com\/farmacia\/#organization"},"potentialAction":[{"@type":"SearchAction","target":{"@type":"EntryPoint","urlTemplate":"https:\/\/www.clinicaalthea.com\/farmacia\/?s={search_term_string}"},"query-input":{"@type":"PropertyValueSpecification","valueRequired":true,"valueName":"search_term_string"}}],"inLanguage":"pl-PL"},{"@type":"Organization","@id":"https:\/\/www.clinicaalthea.com\/farmacia\/#organization","name":"Clinica Althea","url":"https:\/\/www.clinicaalthea.com\/farmacia\/","logo":{"@type":"ImageObject","inLanguage":"pl-PL","@id":"https:\/\/www.clinicaalthea.com\/farmacia\/#\/schema\/logo\/image\/","url":"https:\/\/www.clinicaalthea.com\/farmacia\/wp-content\/uploads\/2023\/12\/Jak-diagnozuje-sie-FAS_-objawy-kryteria-diagnostyczne-i-metody-diagnozowania-154162903.jpg","contentUrl":"https:\/\/www.clinicaalthea.com\/farmacia\/wp-content\/uploads\/2023\/12\/Jak-diagnozuje-sie-FAS_-objawy-kryteria-diagnostyczne-i-metody-diagnozowania-154162903.jpg","width":1216,"height":832,"caption":"Clinica Althea"},"image":{"@id":"https:\/\/www.clinicaalthea.com\/farmacia\/#\/schema\/logo\/image\/"}}]}},"lang":"hu","translations":{"hu":5213,"pl":5204,"cs":5207,"de":5209,"da":5211,"id":5216,"pt":5220,"nb":5221,"es":5224,"fr":5226,"nl":5232,"it":5234,"el":5235,"ro":5237,"sv":5239,"sk":5241},"pll_sync_post":[],"_links":{"self":[{"href":"https:\/\/www.clinicaalthea.com\/farmacia\/wp-json\/wp\/v2\/product\/5213","targetHints":{"allow":["GET"]}}],"collection":[{"href":"https:\/\/www.clinicaalthea.com\/farmacia\/wp-json\/wp\/v2\/product"}],"about":[{"href":"https:\/\/www.clinicaalthea.com\/farmacia\/wp-json\/wp\/v2\/types\/product"}],"replies":[{"embeddable":true,"href":"https:\/\/www.clinicaalthea.com\/farmacia\/wp-json\/wp\/v2\/comments?post=5213"}],"wp:featuredmedia":[{"embeddable":true,"href":"https:\/\/www.clinicaalthea.com\/farmacia\/wp-json\/wp\/v2\/media\/5205"}],"wp:attachment":[{"href":"https:\/\/www.clinicaalthea.com\/farmacia\/wp-json\/wp\/v2\/media?parent=5213"}],"wp:term":[{"taxonomy":"product_brand","embeddable":true,"href":"https:\/\/www.clinicaalthea.com\/farmacia\/wp-json\/wp\/v2\/product_brand?post=5213"},{"taxonomy":"product_cat","embeddable":true,"href":"https:\/\/www.clinicaalthea.com\/farmacia\/wp-json\/wp\/v2\/product_cat?post=5213"},{"taxonomy":"product_tag","embeddable":true,"href":"https:\/\/www.clinicaalthea.com\/farmacia\/wp-json\/wp\/v2\/product_tag?post=5213"}],"curies":[{"name":"wp","href":"https:\/\/api.w.org\/{rel}","templated":true}]}}