{"id":4970,"date":"2024-05-20T15:41:17","date_gmt":"2024-05-20T14:41:17","guid":{"rendered":"https:\/\/mayoguide.org\/produkty\/?post_type=product&#038;p=4970"},"modified":"2025-01-04T04:05:36","modified_gmt":"2025-01-04T03:05:36","slug":"member-xxl","status":"publish","type":"product","link":"https:\/\/www.clinicaalthea.com\/farmacia\/de\/apt\/member-xxl\/","title":{"rendered":"Member XXL"},"content":{"rendered":"\n<p>Gibt es ein wirksames und <b>sicheres Produkt<\/b>, das M\u00e4nnern helfen kann, ihren Penis zu vergr\u00f6\u00dfern? Dies scheint ein kontroverses und oft diskutiertes Thema zu sein, aber gibt es eine echte L\u00f6sung? Wir stellen Ihnen <b>Member XXL<\/b> vor &#8211; ein innovatives Nahrungserg\u00e4nzungsmittel, das Ihre Meinung zu diesem Thema \u00e4ndern k\u00f6nnte.<\/p>\n\n\n\n<h2 class=\"wp-block-heading\" id=\"h-co-to-jest-member-xxl-i-jak-dziala-sklad\">Was ist Member XXL und wie funktioniert es? &#8211; Zusammensetzung<\/h2>\n\n\n\n<p><b>Member XXL<\/b> ist ein Nahrungserg\u00e4nzungsmittel, das speziell f\u00fcr M\u00e4nner entwickelt wurde, die ihren Penis vergr\u00f6\u00dfern m\u00f6chten. Dieses Produkt wirkt durch die Erh\u00f6hung der Durchblutung des Penis, was zu einer Penisvergr\u00f6\u00dferung f\u00fchrt. <b>Die Zusammensetzung von<\/b> <b>Member XXL<\/b> basiert auf nat\u00fcrlichen Inhaltsstoffen wie Tribulus Terrestris, Ginseng, S\u00e4belpalme, L-Arginin und schwarzem Pfeffer. Zusammen helfen diese Inhaltsstoffe, den Penis zu vergr\u00f6\u00dfern und die Qualit\u00e4t der Erektion zu verbessern.<\/p>\n\n\n\n<blockquote class=\"wp-block-quote is-layout-flow wp-block-quote-is-layout-flow\">\n<p>Member XXL wurde entwickelt, um M\u00e4nner beim Erreichen ihres Ziels der Penisvergr\u00f6\u00dferung effektiv zu unterst\u00fctzen. Die Formel <b>wirkt<\/b>, indem sie die Durchblutung des Genitalorgans anregt, was zu einer Vergr\u00f6\u00dferung des Volumens f\u00fchrt. Dar\u00fcber hinaus wirken sich die Wirkstoffe in Member XXL positiv auf die Qualit\u00e4t der Erektion aus und erh\u00f6hen die H\u00e4rte und St\u00e4rke des Penis.<\/p>\n<\/blockquote>\n\n\n\n<p>Member XXL ist eine innovative Formel, die sorgf\u00e4ltig aus nat\u00fcrlichen Inhaltsstoffen mit nachgewiesener Wirksamkeit auf dem Gebiet der Penisvergr\u00f6\u00dferung zusammengestellt wurde. Jeder Inhaltsstoff hat seine eigene spezifische <b>Wirkung<\/b>, die sich verst\u00e4rkt, um synergetische <b>Effekte<\/b> zu schaffen. Bei regelm\u00e4\u00dfiger Anwendung von Member XXL k\u00f6nnen M\u00e4nner nicht nur eine Vergr\u00f6\u00dferung ihres Penis erleben, sondern auch eine Verbesserung der Qualit\u00e4t ihres Sexuallebens.<\/p>\n\n\n\n<figure class=\"wp-block-table\"><table><tbody><tr><th>Inhaltsstoffe von Member XXL<\/th><th>Aktion<\/th><\/tr><tr><td>Tribulus Terrestris<\/td><td>Stimuliert die Testosteronproduktion, was zu einer erh\u00f6hten Muskelmasse und einer verbesserten Libido beitr\u00e4gt.<\/td><\/tr><tr><td>Ginseng<\/td><td>Es st\u00e4rkt das Immunsystem, regt den Blutkreislauf an und verbessert das allgemeine Wohlbefinden.<\/td><\/tr><tr><td>Sabalpalme<\/td><td>Erh\u00f6ht den Testosteronspiegel, unterst\u00fctzt eine gesunde Prostata und verbessert die Libido.<\/td><\/tr><tr><td>L-Arginin<\/td><td>Es erweitert die Blutgef\u00e4\u00dfe, erh\u00f6ht die Durchblutung des Penis und verbessert die Erektion.<\/td><\/tr><tr><td>Schwarzer Pfeffer<\/td><td>Es unterst\u00fctzt die bessere Aufnahme der anderen Inhaltsstoffe und erh\u00f6ht deren <b>Wirksamkeit<\/b>.<\/td><\/tr><\/tbody><\/table><\/figure>\n\n\n\n<h2 class=\"wp-block-heading\" id=\"h-korzysci-ze-stosowania-member-xxl-efekty\">Vorteile der Verwendung von Member XXL &#8211; Effekte<\/h2>\n\n\n\n<p>Die regelm\u00e4\u00dfige <b>Anwendung von<\/b> <em>Member XXL<\/em> kann dem Mann viele <b>Vorteile<\/b> bringen. Dazu geh\u00f6rt in erster Linie eine Vergr\u00f6\u00dferung des Penis, die zu mehr Selbstvertrauen im Schlafzimmer beitr\u00e4gt. Dar\u00fcber hinaus hilft <em>Member XXL<\/em>, die Qualit\u00e4t des Sexuallebens zu verbessern, indem es die Erektion verbessert und die Dauer des Geschlechtsverkehrs verl\u00e4ngert. Das Produkt ist au\u00dferdem sicher und hat keine Nebenwirkungen.<\/p>\n\n\n\n<h2 class=\"wp-block-heading\" id=\"h-jak-stosowac-member-xxl-dawkowanie\">Wie wird Member XXL angewendet? &#8211; Dosierung<\/h2>\n\n\n\n<p>Um optimale <b>Ergebnisse<\/b> zu erzielen, wird empfohlen, t\u00e4glich zwei Kapseln Member XXL einzunehmen, vorzugsweise zu einer Mahlzeit. Die Behandlung sollte \u00fcber mehrere Monate andauern, um dauerhafte Ergebnisse zu erzielen.<\/p>\n\n\n\n<p>Au\u00dferdem ist es wichtig, das Produkt regelm\u00e4\u00dfig gem\u00e4\u00df den Empfehlungen des Herstellers <b>aufzutragen<\/b>.<\/p>\n\n\n\n<h2 class=\"wp-block-heading\" id=\"h-member-xxl-opinie-i-recenzje-co-mowia-uzytkownicy\">Member XXL &#8211; Meinungen und Bewertungen &#8211; Was sagen die Benutzer?<\/h2>\n\n\n\n<p>Member XXL ist ein Nahrungserg\u00e4nzungsmittel, das bei den Anwendern breite Anerkennung gefunden hat. Die <b>R\u00fcckmeldungen von<\/b> M\u00e4nnern, die dieses Pr\u00e4parat verwendet haben, sind meist sehr positiv und <b>die Auswirkungen der<\/b> Verwendung von Member XXL sind zufriedenstellend.<\/p>\n\n\n\n<p>Viele Anwender betonen die <b>Wirksamkeit von<\/b> Member XXL im Zusammenhang mit der Penisvergr\u00f6\u00dferung. Sie stellen fest, dass die regelm\u00e4\u00dfige Anwendung des Produkts zu einer Vergr\u00f6\u00dferung des Penis beitr\u00e4gt, deren Auswirkungen sowohl im Ruhezustand als auch w\u00e4hrend der Erektion zu beobachten sind. M\u00e4nner, die Member XXL verwendet haben, \u00e4u\u00dfern sich zufrieden \u00fcber die erzielten Ergebnisse, und die gr\u00f6\u00dfere Penisgr\u00f6\u00dfe wirkt sich positiv auf ihr Selbstvertrauen im Schlafzimmer aus.<\/p>\n\n\n\n<p>Gleichzeitig verweisen die <b>R\u00fcckmeldungen der<\/b> Nutzer von Member XXL auch auf eine Verbesserung der Qualit\u00e4t des Sexuallebens. M\u00e4nner berichten von besseren Erektionen, mehr Ausdauer und gr\u00f6\u00dferer Zufriedenheit beim Geschlechtsverkehr. Member XXL tr\u00e4gt zu einer verbesserten Erektionsqualit\u00e4t bei, was f\u00fcr viele M\u00e4nner wichtig ist. Daher ist es bemerkenswert, dass die <b>Verwender von<\/b> Member XXL zum Ausdruck bringen, dass sie die zus\u00e4tzlichen <b>Vorteile<\/b>, die ihnen das Produkt bringt, sehr sch\u00e4tzen.<\/p>\n\n\n\n<blockquote class=\"wp-block-quote is-layout-flow wp-block-quote-is-layout-flow\">\n<p><em>Ich benutze Member XXL nun schon eine Weile und bin mit den Ergebnissen sehr zufrieden. Ich habe mich f\u00fcr dieses Supplement entschieden, weil ich auf nat\u00fcrliche Inhaltsstoffe achte und Member XXL ist voll davon. Ich hatte Bedenken, ob es irgendwelche Nebenwirkungen geben w\u00fcrde, aber zum Gl\u00fcck habe ich keine bemerkt. Das Produkt ist einfach zu verwenden und beeintr\u00e4chtigt meine t\u00e4gliche Routine nicht.<\/em><\/p>\n\n\n\n<p><em>Nach etwa drei Wochen regelm\u00e4\u00dfiger Anwendung habe ich eine Verbesserung festgestellt. Ich habe mich nicht nur selbstbewusster gef\u00fchlt, sondern auch greifbare Ergebnisse bemerkt. Es ist vielleicht nicht so wie in Erwachsenenfilmen, aber die Verbesserung ist sp\u00fcrbar, und das ist f\u00fcr mich das Wichtigste.<\/em><\/p>\n\n\n\n<p><em>Das Einzige, was besser sein k\u00f6nnte, ist der Preis. Das Produkt ist nicht das billigste auf dem Markt, aber wenn man sich die Qualit\u00e4t und die Ergebnisse anschaut, denke ich, dass es sich lohnt, ein bisschen mehr zu bezahlen. Ich w\u00fcrde Member XXL auf jeden Fall jedem empfehlen, der sein intimes Erlebnis auf nat\u00fcrliche und sichere Art und Weise verbessern m\u00f6chte. Verbesserte Potenz und Penisverl\u00e4ngerung bedeutet auch zus\u00e4tzliches Vergn\u00fcgen f\u00fcr Ihren Partner &#8211; vergessen Sie das nicht.<\/em><\/p>\n<\/blockquote>\n\n\n\n<h2 class=\"wp-block-heading\" id=\"h-gdzie-kupic-member-xxl-cena\">Wo kann man Member XXL kaufen &#8211; Preis<\/h2>\n\n\n\n<p>Member XXL kann auf der offiziellen Website des Herstellers erworben werden. Es wird empfohlen, das Produkt direkt vom Hersteller <b>zu kaufen<\/b>, um sicher zu sein, dass es sich um ein Originalprodukt handelt und um F\u00e4lschungen zu vermeiden. Der <b>Preis des<\/b> Produkts kann je nach den verf\u00fcgbaren Paketen variieren, aber es lohnt sich, in Ihre Gesundheit und Ihr Vertrauen zu investieren.<\/p>\n\n\n\n<p>Wenn Sie Member XXL auf der offiziellen Website des Herstellers kaufen, k\u00f6nnen Sie sicher sein, dass Sie ein Originalprodukt erhalten, das Wirksamkeit und Sicherheit gew\u00e4hrleistet. Die angebotenen Pakete geben Ihnen die M\u00f6glichkeit, sich an Ihre Bed\u00fcrfnisse und Vorlieben anzupassen, so dass Sie das beste Angebot w\u00e4hlen k\u00f6nnen. Der <b>Preis des<\/b> Produkts kann je nach gew\u00e4hltem Paket variieren, aber eine solche Investition in Ihre Gesundheit und Ihr Selbstvertrauen lohnt sich auf jeden Fall.<\/p>\n\n\n\n<p>Je gr\u00f6\u00dfer das Paket ist, das Sie w\u00e4hlen, desto niedriger ist der <b>Preis<\/b> pro Paket. Das gr\u00f6\u00dfte Paket ist das kosteng\u00fcnstigste Angebot und bietet die gr\u00f6\u00dften Einsparungen. \u00dcberlegen Sie sich, wie viele Packungen Member XXL Sie bestellen m\u00f6chten, um das bestm\u00f6gliche Angebot f\u00fcr Sie zu erhalten.<\/p>\n\n\n\n<h2 class=\"wp-block-heading\" id=\"h-potencjalne-skutki-uboczne-i-przeciwwskazania-member-xxl\">M\u00f6gliche Nebenwirkungen und Kontraindikationen von Member XXL<\/h2>\n\n\n\n<p>Member XXL ist eine <b>sichere Formel<\/b>, die sorgf\u00e4ltig formuliert wurde, um eine <b>effektive Wirkung<\/b> ohne das Risiko von Nebenwirkungen zu erzielen. Die bei der Herstellung von Member XXL verwendeten Inhaltsstoffe sind nat\u00fcrlich und wurden gr\u00fcndlich auf ihre Sicherheit getestet. So k\u00f6nnen M\u00e4nner die Vorteile des Produkts genie\u00dfen, ohne sich \u00fcber unerw\u00fcnschte <b>Nebenwirkungen<\/b> Gedanken machen zu m\u00fcssen.<\/p>\n\n\n\n<p>Obwohl es sich bei Member XXL um ein sicheres Nahrungserg\u00e4nzungsmittel handelt, ist es immer ratsam, vor Beginn der Einnahme einen Arzt zu konsultieren. Dies ist besonders wichtig f\u00fcr Personen mit chronischen Erkrankungen oder Personen, die regelm\u00e4\u00dfig Medikamente einnehmen. <b>In einer \u00e4rztlichen Beratung<\/b> wird festgestellt, ob Member XXL f\u00fcr Sie geeignet ist und ob es Gegenanzeigen f\u00fcr die Einnahme gibt.<\/p>\n\n\n\n<p>Die <b>Kontraindikationen<\/b> f\u00fcr die Verwendung von Member XXL sind minimal, aber es ist Vorsicht geboten. Dieses Produkt sollte nicht von denjenigen verwendet werden, die auf einen der bei der Herstellung verwendeten Inhaltsstoffe allergisch sind. Dar\u00fcber hinaus ist M\u00e4\u00dfigung und die Einhaltung der empfohlenen Dosierung des Produkts empfohlen, um m\u00f6gliche allergische Reaktionen oder Unvertr\u00e4glichkeiten zu vermeiden.<\/p>\n\n\n\n<p>Um ein H\u00f6chstma\u00df an Sicherheit und Wirksamkeit zu gew\u00e4hrleisten, sollten Sie stets die Anweisungen des Herstellers befolgen und Ihren Arzt konsultieren, bevor Sie mit der Behandlung mit Member XXL beginnen. Auf diese Weise k\u00f6nnen Sie sicher sein, dass die <b>Anwendung<\/b> dieses Produkts vorteilhaft und ohne das Risiko von unerw\u00fcnschten Wirkungen ist.<\/p>\n","protected":false},"excerpt":{"rendered":"<p><strong>49.00 \u20ac<\/strong><\/p>\n<p><del>98.00 \u20ac<\/del><\/p>\n<p><strong>[date_countdown]<\/strong><\/p>\n","protected":false},"featured_media":4946,"comment_status":"open","ping_status":"closed","template":"","meta":{"neve_meta_sidebar":"","neve_meta_container":"","neve_meta_enable_content_width":"","neve_meta_content_width":0,"neve_meta_title_alignment":"","neve_meta_author_avatar":"","neve_post_elements_order":"","neve_meta_disable_header":"","neve_meta_disable_footer":"","neve_meta_disable_title":"","neve_meta_reading_time":""},"product_brand":[],"product_cat":[275],"product_tag":[],"class_list":{"0":"post-4970","1":"product","2":"type-product","3":"status-publish","4":"has-post-thumbnail","6":"product_cat-sexuelle-gesundheit","8":"first","9":"instock","10":"shipping-taxable","11":"product-type-external"},"yoast_head":"<!-- This site is optimized with the Yoast SEO plugin v27.4 - https:\/\/yoast.com\/product\/yoast-seo-wordpress\/ -->\n<title>Member XXL - Clinica Althea<\/title>\n<meta name=\"robots\" content=\"index, follow, max-snippet:-1, max-image-preview:large, max-video-preview:-1\" \/>\n<link rel=\"canonical\" href=\"https:\/\/www.clinicaalthea.com\/farmacia\/de\/apt\/member-xxl\/\" \/>\n<meta property=\"og:locale\" content=\"pl_PL\" \/>\n<meta property=\"og:type\" content=\"article\" \/>\n<meta property=\"og:title\" content=\"Member XXL - Clinica Althea\" \/>\n<meta property=\"og:description\" content=\"49.00 \u20ac 98.00 \u20ac\" \/>\n<meta property=\"og:url\" content=\"https:\/\/www.clinicaalthea.com\/farmacia\/de\/apt\/member-xxl\/\" \/>\n<meta property=\"og:site_name\" content=\"Clinica Althea\" \/>\n<meta property=\"article:modified_time\" content=\"2025-01-04T03:05:36+00:00\" \/>\n<meta property=\"og:image\" content=\"https:\/\/www.clinicaalthea.com\/farmacia\/wp-content\/uploads\/2024\/05\/Member-XXL.jpg\" \/>\n\t<meta property=\"og:image:width\" content=\"768\" \/>\n\t<meta property=\"og:image:height\" content=\"768\" \/>\n\t<meta property=\"og:image:type\" content=\"image\/jpeg\" \/>\n<meta name=\"twitter:card\" content=\"summary_large_image\" \/>\n<meta name=\"twitter:label1\" content=\"Szacowany czas czytania\" \/>\n\t<meta name=\"twitter:data1\" content=\"6 minut\" \/>\n<script type=\"application\/ld+json\" class=\"yoast-schema-graph\">{\"@context\":\"https:\\\/\\\/schema.org\",\"@graph\":[{\"@type\":\"WebPage\",\"@id\":\"https:\\\/\\\/www.clinicaalthea.com\\\/farmacia\\\/de\\\/apt\\\/member-xxl\\\/\",\"url\":\"https:\\\/\\\/www.clinicaalthea.com\\\/farmacia\\\/de\\\/apt\\\/member-xxl\\\/\",\"name\":\"Member XXL - Clinica Althea\",\"isPartOf\":{\"@id\":\"https:\\\/\\\/www.clinicaalthea.com\\\/farmacia\\\/#website\"},\"primaryImageOfPage\":{\"@id\":\"https:\\\/\\\/www.clinicaalthea.com\\\/farmacia\\\/de\\\/apt\\\/member-xxl\\\/#primaryimage\"},\"image\":{\"@id\":\"https:\\\/\\\/www.clinicaalthea.com\\\/farmacia\\\/de\\\/apt\\\/member-xxl\\\/#primaryimage\"},\"thumbnailUrl\":\"https:\\\/\\\/www.clinicaalthea.com\\\/farmacia\\\/wp-content\\\/uploads\\\/2024\\\/05\\\/Member-XXL.jpg\",\"datePublished\":\"2024-05-20T14:41:17+00:00\",\"dateModified\":\"2025-01-04T03:05:36+00:00\",\"breadcrumb\":{\"@id\":\"https:\\\/\\\/www.clinicaalthea.com\\\/farmacia\\\/de\\\/apt\\\/member-xxl\\\/#breadcrumb\"},\"inLanguage\":\"pl-PL\",\"potentialAction\":[{\"@type\":\"ReadAction\",\"target\":[\"https:\\\/\\\/www.clinicaalthea.com\\\/farmacia\\\/de\\\/apt\\\/member-xxl\\\/\"]}]},{\"@type\":\"ImageObject\",\"inLanguage\":\"pl-PL\",\"@id\":\"https:\\\/\\\/www.clinicaalthea.com\\\/farmacia\\\/de\\\/apt\\\/member-xxl\\\/#primaryimage\",\"url\":\"https:\\\/\\\/www.clinicaalthea.com\\\/farmacia\\\/wp-content\\\/uploads\\\/2024\\\/05\\\/Member-XXL.jpg\",\"contentUrl\":\"https:\\\/\\\/www.clinicaalthea.com\\\/farmacia\\\/wp-content\\\/uploads\\\/2024\\\/05\\\/Member-XXL.jpg\",\"width\":768,\"height\":768,\"caption\":\"Member XXL\"},{\"@type\":\"BreadcrumbList\",\"@id\":\"https:\\\/\\\/www.clinicaalthea.com\\\/farmacia\\\/de\\\/apt\\\/member-xxl\\\/#breadcrumb\",\"itemListElement\":[{\"@type\":\"ListItem\",\"position\":1,\"name\":\"Strona g\u0142\u00f3wna\",\"item\":\"https:\\\/\\\/www.clinicaalthea.com\\\/farmacia\\\/\"},{\"@type\":\"ListItem\",\"position\":2,\"name\":\"Produkty\",\"item\":\"https:\\\/\\\/www.clinicaalthea.com\\\/farmacia\\\/\"},{\"@type\":\"ListItem\",\"position\":3,\"name\":\"Member XXL\"}]},{\"@type\":\"WebSite\",\"@id\":\"https:\\\/\\\/www.clinicaalthea.com\\\/farmacia\\\/#website\",\"url\":\"https:\\\/\\\/www.clinicaalthea.com\\\/farmacia\\\/\",\"name\":\"Clinica Althea\",\"description\":\"\",\"publisher\":{\"@id\":\"https:\\\/\\\/www.clinicaalthea.com\\\/farmacia\\\/#organization\"},\"potentialAction\":[{\"@type\":\"SearchAction\",\"target\":{\"@type\":\"EntryPoint\",\"urlTemplate\":\"https:\\\/\\\/www.clinicaalthea.com\\\/farmacia\\\/?s={search_term_string}\"},\"query-input\":{\"@type\":\"PropertyValueSpecification\",\"valueRequired\":true,\"valueName\":\"search_term_string\"}}],\"inLanguage\":\"pl-PL\"},{\"@type\":\"Organization\",\"@id\":\"https:\\\/\\\/www.clinicaalthea.com\\\/farmacia\\\/#organization\",\"name\":\"Clinica Althea\",\"url\":\"https:\\\/\\\/www.clinicaalthea.com\\\/farmacia\\\/\",\"logo\":{\"@type\":\"ImageObject\",\"inLanguage\":\"pl-PL\",\"@id\":\"https:\\\/\\\/www.clinicaalthea.com\\\/farmacia\\\/#\\\/schema\\\/logo\\\/image\\\/\",\"url\":\"https:\\\/\\\/www.clinicaalthea.com\\\/farmacia\\\/wp-content\\\/uploads\\\/2023\\\/12\\\/Jak-diagnozuje-sie-FAS_-objawy-kryteria-diagnostyczne-i-metody-diagnozowania-154162903.jpg\",\"contentUrl\":\"https:\\\/\\\/www.clinicaalthea.com\\\/farmacia\\\/wp-content\\\/uploads\\\/2023\\\/12\\\/Jak-diagnozuje-sie-FAS_-objawy-kryteria-diagnostyczne-i-metody-diagnozowania-154162903.jpg\",\"width\":1216,\"height\":832,\"caption\":\"Clinica Althea\"},\"image\":{\"@id\":\"https:\\\/\\\/www.clinicaalthea.com\\\/farmacia\\\/#\\\/schema\\\/logo\\\/image\\\/\"}}]}<\/script>\n<!-- \/ Yoast SEO plugin. -->","yoast_head_json":{"title":"Member XXL - Clinica Althea","robots":{"index":"index","follow":"follow","max-snippet":"max-snippet:-1","max-image-preview":"max-image-preview:large","max-video-preview":"max-video-preview:-1"},"canonical":"https:\/\/www.clinicaalthea.com\/farmacia\/de\/apt\/member-xxl\/","og_locale":"pl_PL","og_type":"article","og_title":"Member XXL - Clinica Althea","og_description":"49.00 \u20ac 98.00 \u20ac","og_url":"https:\/\/www.clinicaalthea.com\/farmacia\/de\/apt\/member-xxl\/","og_site_name":"Clinica Althea","article_modified_time":"2025-01-04T03:05:36+00:00","og_image":[{"width":768,"height":768,"url":"https:\/\/www.clinicaalthea.com\/farmacia\/wp-content\/uploads\/2024\/05\/Member-XXL.jpg","type":"image\/jpeg"}],"twitter_card":"summary_large_image","twitter_misc":{"Szacowany czas czytania":"6 minut"},"schema":{"@context":"https:\/\/schema.org","@graph":[{"@type":"WebPage","@id":"https:\/\/www.clinicaalthea.com\/farmacia\/de\/apt\/member-xxl\/","url":"https:\/\/www.clinicaalthea.com\/farmacia\/de\/apt\/member-xxl\/","name":"Member XXL - Clinica Althea","isPartOf":{"@id":"https:\/\/www.clinicaalthea.com\/farmacia\/#website"},"primaryImageOfPage":{"@id":"https:\/\/www.clinicaalthea.com\/farmacia\/de\/apt\/member-xxl\/#primaryimage"},"image":{"@id":"https:\/\/www.clinicaalthea.com\/farmacia\/de\/apt\/member-xxl\/#primaryimage"},"thumbnailUrl":"https:\/\/www.clinicaalthea.com\/farmacia\/wp-content\/uploads\/2024\/05\/Member-XXL.jpg","datePublished":"2024-05-20T14:41:17+00:00","dateModified":"2025-01-04T03:05:36+00:00","breadcrumb":{"@id":"https:\/\/www.clinicaalthea.com\/farmacia\/de\/apt\/member-xxl\/#breadcrumb"},"inLanguage":"pl-PL","potentialAction":[{"@type":"ReadAction","target":["https:\/\/www.clinicaalthea.com\/farmacia\/de\/apt\/member-xxl\/"]}]},{"@type":"ImageObject","inLanguage":"pl-PL","@id":"https:\/\/www.clinicaalthea.com\/farmacia\/de\/apt\/member-xxl\/#primaryimage","url":"https:\/\/www.clinicaalthea.com\/farmacia\/wp-content\/uploads\/2024\/05\/Member-XXL.jpg","contentUrl":"https:\/\/www.clinicaalthea.com\/farmacia\/wp-content\/uploads\/2024\/05\/Member-XXL.jpg","width":768,"height":768,"caption":"Member XXL"},{"@type":"BreadcrumbList","@id":"https:\/\/www.clinicaalthea.com\/farmacia\/de\/apt\/member-xxl\/#breadcrumb","itemListElement":[{"@type":"ListItem","position":1,"name":"Strona g\u0142\u00f3wna","item":"https:\/\/www.clinicaalthea.com\/farmacia\/"},{"@type":"ListItem","position":2,"name":"Produkty","item":"https:\/\/www.clinicaalthea.com\/farmacia\/"},{"@type":"ListItem","position":3,"name":"Member XXL"}]},{"@type":"WebSite","@id":"https:\/\/www.clinicaalthea.com\/farmacia\/#website","url":"https:\/\/www.clinicaalthea.com\/farmacia\/","name":"Clinica Althea","description":"","publisher":{"@id":"https:\/\/www.clinicaalthea.com\/farmacia\/#organization"},"potentialAction":[{"@type":"SearchAction","target":{"@type":"EntryPoint","urlTemplate":"https:\/\/www.clinicaalthea.com\/farmacia\/?s={search_term_string}"},"query-input":{"@type":"PropertyValueSpecification","valueRequired":true,"valueName":"search_term_string"}}],"inLanguage":"pl-PL"},{"@type":"Organization","@id":"https:\/\/www.clinicaalthea.com\/farmacia\/#organization","name":"Clinica Althea","url":"https:\/\/www.clinicaalthea.com\/farmacia\/","logo":{"@type":"ImageObject","inLanguage":"pl-PL","@id":"https:\/\/www.clinicaalthea.com\/farmacia\/#\/schema\/logo\/image\/","url":"https:\/\/www.clinicaalthea.com\/farmacia\/wp-content\/uploads\/2023\/12\/Jak-diagnozuje-sie-FAS_-objawy-kryteria-diagnostyczne-i-metody-diagnozowania-154162903.jpg","contentUrl":"https:\/\/www.clinicaalthea.com\/farmacia\/wp-content\/uploads\/2023\/12\/Jak-diagnozuje-sie-FAS_-objawy-kryteria-diagnostyczne-i-metody-diagnozowania-154162903.jpg","width":1216,"height":832,"caption":"Clinica Althea"},"image":{"@id":"https:\/\/www.clinicaalthea.com\/farmacia\/#\/schema\/logo\/image\/"}}]}},"lang":"de","translations":{"de":4970,"pl":4945,"cs":4948,"bg":4950,"da":4952,"hu":4954,"id":4956,"nb":4958,"ro":4960,"sv":4962,"el":4964,"pt":4968,"es":4972,"it":4980,"sk":4982,"sl":4984,"nl":4986},"pll_sync_post":[],"_links":{"self":[{"href":"https:\/\/www.clinicaalthea.com\/farmacia\/wp-json\/wp\/v2\/product\/4970","targetHints":{"allow":["GET"]}}],"collection":[{"href":"https:\/\/www.clinicaalthea.com\/farmacia\/wp-json\/wp\/v2\/product"}],"about":[{"href":"https:\/\/www.clinicaalthea.com\/farmacia\/wp-json\/wp\/v2\/types\/product"}],"replies":[{"embeddable":true,"href":"https:\/\/www.clinicaalthea.com\/farmacia\/wp-json\/wp\/v2\/comments?post=4970"}],"wp:featuredmedia":[{"embeddable":true,"href":"https:\/\/www.clinicaalthea.com\/farmacia\/wp-json\/wp\/v2\/media\/4946"}],"wp:attachment":[{"href":"https:\/\/www.clinicaalthea.com\/farmacia\/wp-json\/wp\/v2\/media?parent=4970"}],"wp:term":[{"taxonomy":"product_brand","embeddable":true,"href":"https:\/\/www.clinicaalthea.com\/farmacia\/wp-json\/wp\/v2\/product_brand?post=4970"},{"taxonomy":"product_cat","embeddable":true,"href":"https:\/\/www.clinicaalthea.com\/farmacia\/wp-json\/wp\/v2\/product_cat?post=4970"},{"taxonomy":"product_tag","embeddable":true,"href":"https:\/\/www.clinicaalthea.com\/farmacia\/wp-json\/wp\/v2\/product_tag?post=4970"}],"curies":[{"name":"wp","href":"https:\/\/api.w.org\/{rel}","templated":true}]}}