{"id":4967,"date":"2024-05-20T15:34:33","date_gmt":"2024-05-20T14:34:33","guid":{"rendered":"https:\/\/mayoguide.org\/produkty\/?post_type=product&#038;p=4967"},"modified":"2024-05-20T15:34:38","modified_gmt":"2024-05-20T14:34:38","slug":"member-xxl","status":"publish","type":"product","link":"https:\/\/www.clinicaalthea.com\/farmacia\/lt\/apt\/member-xxl\/","title":{"rendered":"Member XXL"},"content":{"rendered":"<p>Ar yra veiksmingas ir <b>saugus produktas,<\/b> galintis pad\u0117ti vyrams padidinti varpos dyd\u012f? Atrodo, kad tai prie\u0161taringas ir da\u017enai aptarin\u0117jamas klausimas, ta\u010diau ar yra tikras sprendimas? Pristatome jums <b>Member XXL<\/b> &#8211; naujovi\u0161k\u0105 maisto papild\u0105, kuris gali pakeisti j\u016bs\u0173 \u012fsitikinimus \u0161iuo klausimu.<\/p>\n\n\n<h2 class=\"wp-block-heading\" id=\"h-co-to-jest-member-xxl-i-jak-dziala-sklad\">Kas yra &#8220;Member XXL&#8221; ir kaip ji veikia? &#8211; Sud\u0117tis<\/h2>\n\n\n<p><b>Member XXL<\/b> yra maisto papildas, specialiai sukurtas vyrams, kurie nori padidinti savo varpos dyd\u012f. \u0160is produktas veikia didindamas kraujo pritek\u0117jim\u0105 \u012f varp\u0105, tod\u0117l varpa padid\u0117ja. <b>Member XXL<\/b> <b>sud\u0117tis<\/b> pagr\u012fsta nat\u016braliais ingredientais, tokiais kaip Tribulus Terrestris, \u017een\u0161enis, sabalin\u0117 palm\u0117, L-argininas ir juodieji pipirai. Kartu \u0161ie ingredientai padeda padidinti varpos dyd\u012f ir pagerinti erekcijos kokyb\u0119.<\/p>\n\n\n\n<blockquote class=\"wp-block-quote is-layout-flow wp-block-quote-is-layout-flow\"><p>Member XXL buvo sukurtas siekiant veiksmingai pad\u0117ti vyrams pasiekti savo varpos pl\u0117tros tiksl\u0105. Formul\u0117 <b>veikia<\/b> skatindama kraujo tek\u0117jim\u0105 \u012f lyties organ\u0105, tod\u0117l padid\u0117ja jo apimtis. Be to, Member XXL sud\u0117tyje esan\u010dios veikliosios med\u017eiagos teigiamai veikia erekcijos kokyb\u0119, didina varpos kietum\u0105 ir stiprum\u0105.<\/p>\n<\/blockquote>\n\n\n<p>Member XXL yra naujovi\u0161ka formul\u0117, kuri buvo kruop\u0161\u010diai sudaryta i\u0161 nat\u016brali\u0173 ingredient\u0173, turin\u010di\u0173 \u012frodyt\u0105 veiksmingum\u0105 varpos pl\u0117tros srityje. Kiekvienas ingredientas turi savo specifin\u012f <b>poveik\u012f<\/b>, kuris sustipr\u0117ja ir sukuria sinergetin\u012f <b>poveik\u012f<\/b>. Reguliariai vartodami Member XXL, vyrai gali patirti ne tik varpos dyd\u017eio padid\u0117jim\u0105, bet ir lytinio gyvenimo kokyb\u0117s pager\u0117jim\u0105.<\/p>\n\n\n<figure class=\"wp-block-table\"><table><tbody><tr><th>Member XXL sudedamosios dalys<\/th><th>Veiksmas<\/th><\/tr><tr><td>Tribulus Terrestris<\/td><td>Skatina testosterono gamyb\u0105, tod\u0117l did\u0117ja raumen\u0173 mas\u0117 ir ger\u0117ja lytinis potraukis.<\/td><\/tr><tr><td>\u017den\u0161enis<\/td><td>Jis stiprina imunin\u0119 sistem\u0105, stimuliuoja kraujotak\u0105 ir gerina bendr\u0105 savijaut\u0105.<\/td><\/tr><tr><td>Sabalin\u0117 palm\u0117<\/td><td>Didina testosterono kiek\u012f, palaiko sveik\u0105 prostat\u0105 ir gerina lytin\u012f potrauk\u012f.<\/td><\/tr><tr><td>L-argininas<\/td><td>Jis ple\u010dia kraujagysles, tod\u0117l padid\u0117ja kraujo tek\u0117jimas \u012f varp\u0105 ir pager\u0117ja erekcija.<\/td><\/tr><tr><td>Juodieji pipirai<\/td><td>Jis padeda geriau \u012fsisavinti kitas sudedam\u0105sias dalis ir padidina j\u0173 <b>veiksmingum\u0105<\/b>.<\/td><\/tr><\/tbody><\/table><\/figure>\n\n\n<h2 class=\"wp-block-heading\" id=\"h-korzysci-ze-stosowania-member-xxl-efekty\">&#8220;Member XXL&#8221; naudojimo privalumai &#8211; poveikis<\/h2>\n\n\n<p>Reguliarus &#8221; <em>Member XXL&#8221;<\/em> <b>naudojimas<\/b> gali suteikti daug <b>naudos<\/b> vyrams. Pirmiausia tai yra varpos dyd\u017eio padid\u0117jimas, kuris padeda labiau pasitik\u0117ti savimi miegamajame. Be to, <em>Member XXL<\/em> padeda pagerinti lytinio gyvenimo kokyb\u0119, nes pagerina erekcij\u0105 ir pailgina lytinio akto trukm\u0119. Produktas taip pat yra saugus ir neturi \u0161alutinio poveikio.<\/p>\n\n\n<h2 class=\"wp-block-heading\" id=\"h-jak-stosowac-member-xxl-dawkowanie\">Kaip naudoti Member XXL? &#8211; Dozavimas<\/h2>\n\n\n<p>Kad <b>pasiektum\u0117te<\/b> geriausi\u0173 <b>rezultat\u0173<\/b>, rekomenduojama gerti po dvi Member XXL kapsules per dien\u0105, geriausia valgio metu. Gydymas tur\u0117t\u0173 trukti kelis m\u0117nesius, kad b\u016bt\u0173 pasiekta ilgalaiki\u0173 rezultat\u0173.<\/p>\n\n\n<p>Taip pat svarbu reguliariai <b>naudoti<\/b> produkt\u0105 pagal gamintojo rekomendacijas.<\/p>\n\n\n<h2 class=\"wp-block-heading\" id=\"h-member-xxl-opinie-i-recenzje-co-mowia-uzytkownicy\">Member XXL &#8211; Nuomon\u0117s ir ap\u017evalgos &#8211; K\u0105 sako naudotojai?<\/h2>\n\n\n<p>Member XXL yra maisto papildas, kuris sulauk\u0117 didelio vartotoj\u0173 pripa\u017einimo. \u0160\u012f preparat\u0105 naudojusi\u0173 vyr\u0173 <b>atsiliepimai<\/b> da\u017eniausiai yra labai teigiami, o Member XXL <b>poveikis<\/b> yra patenkinamas.<\/p>\n\n\n<p>Daugelis vartotoj\u0173 pabr\u0117\u017eia &#8220;Member XXL&#8221; <b>veiksmingum\u0105<\/b> varpos pl\u0117tros kontekste. Jie pa\u017eymi, kad reguliarus produkto vartojimas padeda padidinti varpos dyd\u012f, kurio poveik\u012f galima pasteb\u0117ti tiek ramyb\u0117s, tiek erekcijos metu. Member XXL naudoj\u0119 vyrai rei\u0161kia pasitenkinim\u0105 pasiektais rezultatais, o didesnis varpos dydis teigiamai veikia j\u0173 pasitik\u0117jim\u0105 savimi miegamajame.<\/p>\n\n\n<p>Tuo pa\u010diu metu &#8220;Member XXL&#8221; vartotoj\u0173 <b>atsiliepimai<\/b> taip pat nurodo, kad pager\u0117jo seksualinio gyvenimo kokyb\u0117. Vyrai prane\u0161a apie geresn\u0119 erekcij\u0105, didesn\u0119 i\u0161tverm\u0119 ir didesn\u012f pasitenkinim\u0105 lytiniais santykiais. Member XXL prisideda prie geresn\u0117s erekcijos kokyb\u0117s, kuri yra svarbi daugeliui vyr\u0173. Tod\u0117l verta pamin\u0117ti, kad Member XXL <b>naudotojai<\/b> d\u017eiaugiasi papildoma <b>nauda, kuri\u0105<\/b> jiems suteikia produktas.<\/p>\n\n\n\n<blockquote class=\"wp-block-quote is-layout-flow wp-block-quote-is-layout-flow\"><p><em>Jau kur\u012f laik\u0105 naudoju Member XXL ir esu tikrai patenkintas rezultatais. Nusprend\u017eiau \u0161\u012f papild\u0105, nes atkreipiu d\u0117mes\u012f \u012f nat\u016bralius ingredientus ir Member XXL yra pilnas toki\u0173 med\u017eiag\u0173. Tur\u0117jau susir\u016bpinim\u0105 d\u0117l to, ar bus koki\u0173 nors \u0161alutini\u0173 poveiki\u0173, bet, laimei, nepasteb\u0117jau joki\u0173. Produkt\u0105 lengva naudoti ir jis neturi \u012ftakos mano kasdienei rutinai.<\/em><\/p>\n\n\n<p><em>Po ma\u017edaug trij\u0173 savai\u010di\u0173 reguliaraus naudojimo pasteb\u0117jau pager\u0117jim\u0105. Ne tik labiau pasitik\u0117jau savimi, bet ir pasteb\u0117jau ap\u010diuopiam\u0173 rezultat\u0173. Galb\u016bt tai n\u0117ra kaip filmuose suaugusiems, ta\u010diau pager\u0117jimas pastebimas, o tai man svarbiausia.<\/em><\/p>\n\n\n<p><em>Vienintelis dalykas, kuris gal\u0117t\u0173 b\u016bti geresnis, yra kaina. Produktas n\u0117ra pats pigiausias rinkoje, ta\u010diau, \u017evelgiant \u012f kokyb\u0119 ir rezultatus, manau, verta mok\u0117ti \u0161iek tiek daugiau. A\u0161 tikrai rekomenduo\u010diau Member XXL visiems, kurie nori pagerinti savo intymi\u0105 patirt\u012f nat\u016braliu ir saugiu b\u016bdu. Geresn\u0117 potencija ir varpos pailginimas taip pat rei\u0161kia papildom\u0105 malonum\u0105 j\u016bs\u0173 partneriui &#8211; nepamir\u0161kite to.<\/em><\/p>\n<\/blockquote>\n\n\n<h2 class=\"wp-block-heading\" id=\"h-gdzie-kupic-member-xxl-cena\">Kur \u012fsigyti Member XXL &#8211; kaina<\/h2>\n\n\n<p>Member XXL galima \u012fsigyti oficialioje gamintojo svetain\u0117je. Rekomenduojama <b>pirkti<\/b> gamin\u012f tiesiogiai i\u0161 gamintojo, kad b\u016btum\u0117te tikri d\u0117l jo originalumo ir i\u0161vengtum\u0117te klasto\u010di\u0173. Produkto <b>kaina<\/b> gali skirtis priklausomai nuo turim\u0173 pakuo\u010di\u0173, ta\u010diau verta investuoti \u012f savo sveikat\u0105 ir pasitik\u0117jim\u0105 savimi.<\/p>\n\n\n<p>Pirkdami Member XXL i\u0161 oficialios gamintojo svetain\u0117s, galite b\u016bti tikri, kad gaunate original\u0173 produkt\u0105, u\u017etikrinant\u012f veiksmingum\u0105 ir saugum\u0105. Si\u016blomi paketai suteikia jums galimyb\u0119 prisitaikyti prie savo poreiki\u0173 ir pageidavim\u0173, tod\u0117l galite pasirinkti geriausi\u0105 pasi\u016blym\u0105. Produkto <b>kaina<\/b> gali skirtis priklausomai nuo pasirinkto paketo, ta\u010diau tokios investicijos \u012f j\u016bs\u0173 sveikat\u0105 ir pasitik\u0117jim\u0105 savimi tikrai vertos.<\/p>\n\n\n<p>Verta pamin\u0117ti, kad kuo didesn\u0119 pakuot\u0119 pasirinksite, tuo ma\u017eesn\u0117 bus vienos pakuot\u0117s <b>kaina<\/b>. Did\u017eiausia pakuot\u0117 yra ekonomi\u0161kiausias pasi\u016blymas, leid\u017eiantis sutaupyti daugiausiai. Pagalvokite, kiek &#8220;Member XXL&#8221; pakuo\u010di\u0173 norite u\u017esakyti, kad gautum\u0117te geriausi\u0105 Jums \u012fmanom\u0105 pasi\u016blym\u0105.<\/p>\n\n\n<h2 class=\"wp-block-heading\" id=\"h-potencjalne-skutki-uboczne-i-przeciwwskazania-member-xxl\">Galimas &#8220;Member XXL&#8221; \u0161alutinis poveikis ir kontraindikacijos<\/h2>\n\n\n<p>Member XXL yra <b>saugi formul\u0117,<\/b> kuri buvo kruop\u0161\u010diai suformuluota taip, kad u\u017etikrint\u0173 <b>veiksming\u0105 veikim\u0105<\/b> be \u0161alutinio poveikio rizikos. Member XXL gamyboje naudojamos nat\u016bralios sudedamosios dalys, kuri\u0173 saugumas buvo kruop\u0161\u010diai patikrintas. D\u0117l to vyrai gali m\u0117gautis produkto teikiama nauda nesijaudindami d\u0117l nepageidaujamo <b>\u0161alutinio poveikio<\/b>.<\/p>\n\n\n<p>Nors Member XXL yra saugus maisto papildas, prie\u0161 pradedant vartoti visada patartina pasitarti su gydytoju. Tai ypa\u010d svarbu tiems, kurie serga l\u0117tin\u0117mis ligomis arba reguliariai vartoja vaistus. <b>Pasikonsultavus su gydytoju<\/b> bus nustatyta, ar Member XXL Jums tinka ir ar yra koki\u0173 nors kontraindikacij\u0173 j\u012f vartoti.<\/p>\n\n\n<p><b>Kontraindikacijos d\u0117l<\/b> &#8220;Member XXL&#8221; naudojimo yra minimalios, ta\u010diau verta b\u016bti atsargiems. \u0160io produkto netur\u0117t\u0173 vartoti tie, kurie yra alergi\u0161ki bet kuriai jo gamyboje naudojamai sudedamajai daliai. Be to, siekiant i\u0161vengti galim\u0173 alergini\u0173 reakcij\u0173 ar netoleravimo, rekomenduojama saikingai vartoti produkt\u0105 ir laikytis rekomenduojamos doz\u0117s.<\/p>\n\n\n<p>Kad u\u017etikrintum\u0117te maksimal\u0173 saugum\u0105 ir veiksmingum\u0105, visada laikykit\u0117s gamintojo nurodym\u0173 ir pasitarkite su gydytoju prie\u0161 prad\u0117dami gydym\u0105 Member XXL. Taip gal\u0117site b\u016bti tikri, kad \u0161io produkto <b>vartojimas<\/b> bus naudingas ir nesukels nepageidaujamo poveikio rizikos.<\/p>\n","protected":false},"excerpt":{"rendered":"<p><strong>59.00 \u20ac<\/strong><\/p>\n<p><del>118.00 \u20ac<\/del><\/p>\n<p><strong>[date_countdown]<\/strong><\/p>\n","protected":false},"featured_media":4946,"comment_status":"open","ping_status":"closed","template":"","meta":{"neve_meta_sidebar":"","neve_meta_container":"","neve_meta_enable_content_width":"","neve_meta_content_width":0,"neve_meta_title_alignment":"","neve_meta_author_avatar":"","neve_post_elements_order":"","neve_meta_disable_header":"","neve_meta_disable_footer":"","neve_meta_disable_title":"","neve_meta_reading_time":""},"product_brand":[],"product_cat":[371],"product_tag":[],"class_list":{"0":"post-4967","1":"product","2":"type-product","3":"status-publish","4":"has-post-thumbnail","6":"product_cat-seksualine-sveikata","8":"first","9":"instock","10":"shipping-taxable","11":"product-type-external"},"yoast_head":"<!-- This site is optimized with the Yoast SEO plugin v27.4 - https:\/\/yoast.com\/product\/yoast-seo-wordpress\/ -->\n<title>Member XXL - Clinica Althea<\/title>\n<meta name=\"robots\" content=\"index, follow, max-snippet:-1, max-image-preview:large, max-video-preview:-1\" \/>\n<link rel=\"canonical\" href=\"https:\/\/www.clinicaalthea.com\/farmacia\/lt\/apt\/member-xxl\/\" \/>\n<meta property=\"og:locale\" content=\"pl_PL\" \/>\n<meta property=\"og:type\" content=\"article\" \/>\n<meta property=\"og:title\" content=\"Member XXL - Clinica Althea\" \/>\n<meta property=\"og:description\" content=\"59.00 \u20ac 118.00 \u20ac\" \/>\n<meta property=\"og:url\" content=\"https:\/\/www.clinicaalthea.com\/farmacia\/lt\/apt\/member-xxl\/\" \/>\n<meta property=\"og:site_name\" content=\"Clinica Althea\" \/>\n<meta property=\"article:modified_time\" content=\"2024-05-20T14:34:38+00:00\" \/>\n<meta property=\"og:image\" content=\"https:\/\/www.clinicaalthea.com\/farmacia\/wp-content\/uploads\/2024\/05\/Member-XXL.jpg\" \/>\n\t<meta property=\"og:image:width\" content=\"768\" \/>\n\t<meta property=\"og:image:height\" content=\"768\" \/>\n\t<meta property=\"og:image:type\" content=\"image\/jpeg\" \/>\n<meta name=\"twitter:card\" content=\"summary_large_image\" \/>\n<meta name=\"twitter:label1\" content=\"Szacowany czas czytania\" \/>\n\t<meta name=\"twitter:data1\" content=\"5 minut\" \/>\n<script type=\"application\/ld+json\" class=\"yoast-schema-graph\">{\"@context\":\"https:\\\/\\\/schema.org\",\"@graph\":[{\"@type\":\"WebPage\",\"@id\":\"https:\\\/\\\/www.clinicaalthea.com\\\/farmacia\\\/lt\\\/apt\\\/member-xxl\\\/\",\"url\":\"https:\\\/\\\/www.clinicaalthea.com\\\/farmacia\\\/lt\\\/apt\\\/member-xxl\\\/\",\"name\":\"Member XXL - Clinica Althea\",\"isPartOf\":{\"@id\":\"https:\\\/\\\/www.clinicaalthea.com\\\/farmacia\\\/#website\"},\"primaryImageOfPage\":{\"@id\":\"https:\\\/\\\/www.clinicaalthea.com\\\/farmacia\\\/lt\\\/apt\\\/member-xxl\\\/#primaryimage\"},\"image\":{\"@id\":\"https:\\\/\\\/www.clinicaalthea.com\\\/farmacia\\\/lt\\\/apt\\\/member-xxl\\\/#primaryimage\"},\"thumbnailUrl\":\"https:\\\/\\\/www.clinicaalthea.com\\\/farmacia\\\/wp-content\\\/uploads\\\/2024\\\/05\\\/Member-XXL.jpg\",\"datePublished\":\"2024-05-20T14:34:33+00:00\",\"dateModified\":\"2024-05-20T14:34:38+00:00\",\"breadcrumb\":{\"@id\":\"https:\\\/\\\/www.clinicaalthea.com\\\/farmacia\\\/lt\\\/apt\\\/member-xxl\\\/#breadcrumb\"},\"inLanguage\":\"pl-PL\",\"potentialAction\":[{\"@type\":\"ReadAction\",\"target\":[\"https:\\\/\\\/www.clinicaalthea.com\\\/farmacia\\\/lt\\\/apt\\\/member-xxl\\\/\"]}]},{\"@type\":\"ImageObject\",\"inLanguage\":\"pl-PL\",\"@id\":\"https:\\\/\\\/www.clinicaalthea.com\\\/farmacia\\\/lt\\\/apt\\\/member-xxl\\\/#primaryimage\",\"url\":\"https:\\\/\\\/www.clinicaalthea.com\\\/farmacia\\\/wp-content\\\/uploads\\\/2024\\\/05\\\/Member-XXL.jpg\",\"contentUrl\":\"https:\\\/\\\/www.clinicaalthea.com\\\/farmacia\\\/wp-content\\\/uploads\\\/2024\\\/05\\\/Member-XXL.jpg\",\"width\":768,\"height\":768,\"caption\":\"Member XXL\"},{\"@type\":\"BreadcrumbList\",\"@id\":\"https:\\\/\\\/www.clinicaalthea.com\\\/farmacia\\\/lt\\\/apt\\\/member-xxl\\\/#breadcrumb\",\"itemListElement\":[{\"@type\":\"ListItem\",\"position\":1,\"name\":\"Strona g\u0142\u00f3wna\",\"item\":\"https:\\\/\\\/www.clinicaalthea.com\\\/farmacia\\\/\"},{\"@type\":\"ListItem\",\"position\":2,\"name\":\"Produkty\",\"item\":\"https:\\\/\\\/www.clinicaalthea.com\\\/farmacia\\\/\"},{\"@type\":\"ListItem\",\"position\":3,\"name\":\"Member XXL\"}]},{\"@type\":\"WebSite\",\"@id\":\"https:\\\/\\\/www.clinicaalthea.com\\\/farmacia\\\/#website\",\"url\":\"https:\\\/\\\/www.clinicaalthea.com\\\/farmacia\\\/\",\"name\":\"Clinica Althea\",\"description\":\"\",\"publisher\":{\"@id\":\"https:\\\/\\\/www.clinicaalthea.com\\\/farmacia\\\/#organization\"},\"potentialAction\":[{\"@type\":\"SearchAction\",\"target\":{\"@type\":\"EntryPoint\",\"urlTemplate\":\"https:\\\/\\\/www.clinicaalthea.com\\\/farmacia\\\/?s={search_term_string}\"},\"query-input\":{\"@type\":\"PropertyValueSpecification\",\"valueRequired\":true,\"valueName\":\"search_term_string\"}}],\"inLanguage\":\"pl-PL\"},{\"@type\":\"Organization\",\"@id\":\"https:\\\/\\\/www.clinicaalthea.com\\\/farmacia\\\/#organization\",\"name\":\"Clinica Althea\",\"url\":\"https:\\\/\\\/www.clinicaalthea.com\\\/farmacia\\\/\",\"logo\":{\"@type\":\"ImageObject\",\"inLanguage\":\"pl-PL\",\"@id\":\"https:\\\/\\\/www.clinicaalthea.com\\\/farmacia\\\/#\\\/schema\\\/logo\\\/image\\\/\",\"url\":\"https:\\\/\\\/www.clinicaalthea.com\\\/farmacia\\\/wp-content\\\/uploads\\\/2023\\\/12\\\/Jak-diagnozuje-sie-FAS_-objawy-kryteria-diagnostyczne-i-metody-diagnozowania-154162903.jpg\",\"contentUrl\":\"https:\\\/\\\/www.clinicaalthea.com\\\/farmacia\\\/wp-content\\\/uploads\\\/2023\\\/12\\\/Jak-diagnozuje-sie-FAS_-objawy-kryteria-diagnostyczne-i-metody-diagnozowania-154162903.jpg\",\"width\":1216,\"height\":832,\"caption\":\"Clinica Althea\"},\"image\":{\"@id\":\"https:\\\/\\\/www.clinicaalthea.com\\\/farmacia\\\/#\\\/schema\\\/logo\\\/image\\\/\"}}]}<\/script>\n<!-- \/ Yoast SEO plugin. -->","yoast_head_json":{"title":"Member XXL - Clinica Althea","robots":{"index":"index","follow":"follow","max-snippet":"max-snippet:-1","max-image-preview":"max-image-preview:large","max-video-preview":"max-video-preview:-1"},"canonical":"https:\/\/www.clinicaalthea.com\/farmacia\/lt\/apt\/member-xxl\/","og_locale":"pl_PL","og_type":"article","og_title":"Member XXL - Clinica Althea","og_description":"59.00 \u20ac 118.00 \u20ac","og_url":"https:\/\/www.clinicaalthea.com\/farmacia\/lt\/apt\/member-xxl\/","og_site_name":"Clinica Althea","article_modified_time":"2024-05-20T14:34:38+00:00","og_image":[{"width":768,"height":768,"url":"https:\/\/www.clinicaalthea.com\/farmacia\/wp-content\/uploads\/2024\/05\/Member-XXL.jpg","type":"image\/jpeg"}],"twitter_card":"summary_large_image","twitter_misc":{"Szacowany czas czytania":"5 minut"},"schema":{"@context":"https:\/\/schema.org","@graph":[{"@type":"WebPage","@id":"https:\/\/www.clinicaalthea.com\/farmacia\/lt\/apt\/member-xxl\/","url":"https:\/\/www.clinicaalthea.com\/farmacia\/lt\/apt\/member-xxl\/","name":"Member XXL - Clinica Althea","isPartOf":{"@id":"https:\/\/www.clinicaalthea.com\/farmacia\/#website"},"primaryImageOfPage":{"@id":"https:\/\/www.clinicaalthea.com\/farmacia\/lt\/apt\/member-xxl\/#primaryimage"},"image":{"@id":"https:\/\/www.clinicaalthea.com\/farmacia\/lt\/apt\/member-xxl\/#primaryimage"},"thumbnailUrl":"https:\/\/www.clinicaalthea.com\/farmacia\/wp-content\/uploads\/2024\/05\/Member-XXL.jpg","datePublished":"2024-05-20T14:34:33+00:00","dateModified":"2024-05-20T14:34:38+00:00","breadcrumb":{"@id":"https:\/\/www.clinicaalthea.com\/farmacia\/lt\/apt\/member-xxl\/#breadcrumb"},"inLanguage":"pl-PL","potentialAction":[{"@type":"ReadAction","target":["https:\/\/www.clinicaalthea.com\/farmacia\/lt\/apt\/member-xxl\/"]}]},{"@type":"ImageObject","inLanguage":"pl-PL","@id":"https:\/\/www.clinicaalthea.com\/farmacia\/lt\/apt\/member-xxl\/#primaryimage","url":"https:\/\/www.clinicaalthea.com\/farmacia\/wp-content\/uploads\/2024\/05\/Member-XXL.jpg","contentUrl":"https:\/\/www.clinicaalthea.com\/farmacia\/wp-content\/uploads\/2024\/05\/Member-XXL.jpg","width":768,"height":768,"caption":"Member XXL"},{"@type":"BreadcrumbList","@id":"https:\/\/www.clinicaalthea.com\/farmacia\/lt\/apt\/member-xxl\/#breadcrumb","itemListElement":[{"@type":"ListItem","position":1,"name":"Strona g\u0142\u00f3wna","item":"https:\/\/www.clinicaalthea.com\/farmacia\/"},{"@type":"ListItem","position":2,"name":"Produkty","item":"https:\/\/www.clinicaalthea.com\/farmacia\/"},{"@type":"ListItem","position":3,"name":"Member XXL"}]},{"@type":"WebSite","@id":"https:\/\/www.clinicaalthea.com\/farmacia\/#website","url":"https:\/\/www.clinicaalthea.com\/farmacia\/","name":"Clinica Althea","description":"","publisher":{"@id":"https:\/\/www.clinicaalthea.com\/farmacia\/#organization"},"potentialAction":[{"@type":"SearchAction","target":{"@type":"EntryPoint","urlTemplate":"https:\/\/www.clinicaalthea.com\/farmacia\/?s={search_term_string}"},"query-input":{"@type":"PropertyValueSpecification","valueRequired":true,"valueName":"search_term_string"}}],"inLanguage":"pl-PL"},{"@type":"Organization","@id":"https:\/\/www.clinicaalthea.com\/farmacia\/#organization","name":"Clinica Althea","url":"https:\/\/www.clinicaalthea.com\/farmacia\/","logo":{"@type":"ImageObject","inLanguage":"pl-PL","@id":"https:\/\/www.clinicaalthea.com\/farmacia\/#\/schema\/logo\/image\/","url":"https:\/\/www.clinicaalthea.com\/farmacia\/wp-content\/uploads\/2023\/12\/Jak-diagnozuje-sie-FAS_-objawy-kryteria-diagnostyczne-i-metody-diagnozowania-154162903.jpg","contentUrl":"https:\/\/www.clinicaalthea.com\/farmacia\/wp-content\/uploads\/2023\/12\/Jak-diagnozuje-sie-FAS_-objawy-kryteria-diagnostyczne-i-metody-diagnozowania-154162903.jpg","width":1216,"height":832,"caption":"Clinica Althea"},"image":{"@id":"https:\/\/www.clinicaalthea.com\/farmacia\/#\/schema\/logo\/image\/"}}]}},"lang":"lt","translations":{"lt":4967,"pl":4945,"cs":4948,"bg":4950,"da":4952,"hu":4954,"id":4956,"nb":4958,"ro":4960,"sv":4962,"el":4964,"pt":4968,"de":4970,"es":4972,"it":4980,"sk":4982,"sl":4984,"nl":4986},"pll_sync_post":[],"_links":{"self":[{"href":"https:\/\/www.clinicaalthea.com\/farmacia\/wp-json\/wp\/v2\/product\/4967","targetHints":{"allow":["GET"]}}],"collection":[{"href":"https:\/\/www.clinicaalthea.com\/farmacia\/wp-json\/wp\/v2\/product"}],"about":[{"href":"https:\/\/www.clinicaalthea.com\/farmacia\/wp-json\/wp\/v2\/types\/product"}],"replies":[{"embeddable":true,"href":"https:\/\/www.clinicaalthea.com\/farmacia\/wp-json\/wp\/v2\/comments?post=4967"}],"wp:featuredmedia":[{"embeddable":true,"href":"https:\/\/www.clinicaalthea.com\/farmacia\/wp-json\/wp\/v2\/media\/4946"}],"wp:attachment":[{"href":"https:\/\/www.clinicaalthea.com\/farmacia\/wp-json\/wp\/v2\/media?parent=4967"}],"wp:term":[{"taxonomy":"product_brand","embeddable":true,"href":"https:\/\/www.clinicaalthea.com\/farmacia\/wp-json\/wp\/v2\/product_brand?post=4967"},{"taxonomy":"product_cat","embeddable":true,"href":"https:\/\/www.clinicaalthea.com\/farmacia\/wp-json\/wp\/v2\/product_cat?post=4967"},{"taxonomy":"product_tag","embeddable":true,"href":"https:\/\/www.clinicaalthea.com\/farmacia\/wp-json\/wp\/v2\/product_tag?post=4967"}],"curies":[{"name":"wp","href":"https:\/\/api.w.org\/{rel}","templated":true}]}}