{"id":4867,"date":"2024-05-13T19:23:19","date_gmt":"2024-05-13T18:23:19","guid":{"rendered":"https:\/\/mayoguide.org\/produkty\/?post_type=product&#038;p=4867"},"modified":"2024-05-13T19:30:10","modified_gmt":"2024-05-13T18:30:10","slug":"lipid-control-plus","status":"publish","type":"product","link":"https:\/\/www.clinicaalthea.com\/farmacia\/da\/apt\/lipid-control-plus\/","title":{"rendered":"Lipid Control Plus"},"content":{"rendered":"\n<p>Har du nogensinde spekuleret p\u00e5, hvordan man kan kontrollere <b>blodlipidniveauet<\/b> og st\u00f8tte <b>hjerte-kar-sundheden<\/b>? Tilstedev\u00e6relsen af for mange lipider i blodet kan f\u00f8re til en r\u00e6kke sundhedsproblemer, s\u00e5 det er vigtigt at opretholde et korrekt niveau. Findes der et effektivt <b>kosttilskud<\/b>, som kan hj\u00e6lpe dig med denne opgave? Vi pr\u00e6senterer <b>Lipid Control Plus<\/b>, et innovativt produkt baseret p\u00e5 naturlige ingredienser, som har til form\u00e5l at tage sig godt af dit helbred og st\u00f8tte din krop. Er det en l\u00f8sning, der er v\u00e6rd at g\u00e5 efter? Find ud af mere om Lipid <b>Control<\/b> Plus og dets fordele for hjerte-kar-sundheden senere i denne artikel.<\/p>\n\n\n\n<h2 class=\"wp-block-heading\" id=\"h-co-to-jest-lipid-control-plus-i-jak-dziala\">Hvad er Lipid Control Plus, og hvordan virker det?<\/h2>\n\n\n\n<p>Lipid<b>Control<\/b> Plus er et <b>kosttilskud<\/b>, som er specielt udviklet til folk, der er interesserede i at opretholde korrekte blodlipidniveauer og st\u00f8tte hjerte-kar-sundhed. Kosttilskuddets virkning <em>er baseret p\u00e5 en effektiv formel<\/em>, der indeholder omhyggeligt udvalgte urteingredienser og aktive stoffer.<\/p>\n\n\n\n<p><em>Lipid Control Plus virker p\u00e5 flere niveauer<\/em>. For det f\u00f8rste underst\u00f8tter det opretholdelsen af en sund lipidprofil og forbedrer den kardiovaskul\u00e6re funktion. N\u00f8gleingrediensen i tilskuddet er r\u00f8d risg\u00e6r, som har naturlige LDL-kolesterols\u00e6nkende egenskaber. Derudover forbedrer og supplerer granat\u00e6blefrugtekstrakt, marietidselekstrakt og hvidl\u00f8gsekstrakt risg\u00e6rens <b>virkning<\/b>. Tilsammen udg\u00f8r disse ingredienser den unikke Lipid Control Plus-formel, som giver en omfattende kontrol af lipiderne og underst\u00f8tter hjerte-kar-sundheden.<\/p>\n\n\n\n<p>Regelm\u00e6ssig <b>brug<\/b> af Lipid Control Plus giver en r\u00e6kke fordele. Tilskuddet hj\u00e6lper med at opretholde en sund lipidprofil, forbedrer den kardiovaskul\u00e6re funktion og forebygger overdreven fedtophobning. Takket v\u00e6re omhyggeligt udvalgte urteingredienser og aktive ingredienser giver Lipid Control Plus effektiv lipidkontrol og underst\u00f8tter <b>hjerte-kar-sundhed<\/b>.<\/p>\n\n\n\n<p>Resten af denne artikel beskriver mere detaljeret <b>virkningerne<\/b> af Lipid Control Plus og fordelene ved regelm\u00e6ssig <b>brug<\/b> af dette kosttilskud.<\/p>\n\n\n\n<h2 class=\"wp-block-heading\" id=\"h-efekty-stosowania-lipid-control-plus\">Virkningerne af Lipid Control Plus<\/h2>\n\n\n\n<p>Regelm\u00e6ssig <b>brug<\/b> af kosttilskuddet Lipid Control Plus har mange fordele for hjerte-kar-sundheden og det generelle velbefindende. Det arbejder synergistisk for at kontrollere <b>lipidniveauer<\/b> og afgifte kroppen. <b>Virkningerne<\/b> af Lipid Control Plus omfatter:<\/p>\n\n\n\n<ul class=\"wp-block-list\">\n<li>Opretholdelse af en korrekt lipidprofil<\/li>\n\n\n\n<li>Forbedring af den kardiovaskul\u00e6re funktion<\/li>\n\n\n\n<li>Underst\u00f8tter kroppens afgiftningsproces<\/li>\n\n\n\n<li>Forbedring af str\u00f8mmen af ford\u00f8jelsessafter<\/li>\n\n\n\n<li><b>Forebyggelse af fedtophobning<\/b><\/li>\n<\/ul>\n\n\n\n<p>Tilskuddet hj\u00e6lper ogs\u00e5 med at opretholde en sund kropsv\u00e6gt og underst\u00f8tter generelt en sund livsstil.<\/p>\n\n\n\n<p>Lipid Control Plus har en mangefacetteret effekt p\u00e5 hjertesundhed, leversundhed og kroppens generelle sundhed. Regelm\u00e6ssig brug kan give synlige resultater i form af forbedring af lipidprofilen og opretholdelse af hjerte-kar-sundhed.<\/p>\n\n\n\n<h2 class=\"wp-block-heading\" id=\"h-jak-stosowac-lipid-control-plus-instrukcja-stosowania-i-dawkowania\">S\u00e5dan tager du Lipid Control Plus &#8211; brugsanvisning og dosering<\/h2>\n\n\n\n<p>For at opn\u00e5 de bedste resultater ved at tage Lipid Control Plus er det vigtigt at f\u00f8lge producentens doserings- og brugsanvisning. Det anbefales normalt at tage 1-2 kapsler om dagen, helst sammen med et m\u00e5ltid og vand. <b>Effekten<\/b> af Lipid Control Plus er optimal, n\u00e5r det tages regelm\u00e6ssigt i mindst flere uger.<\/p>\n\n\n\n<p>Det er altid tilr\u00e5deligt at konsultere en l\u00e6ge, f\u00f8r man begynder at tage et kosttilskud, is\u00e6r hvis der er <b>risikofaktorer<\/b> som kroniske lidelser, graviditet, amning eller indtagelse af anden medicin.<\/p>\n\n\n\n<p>Lipid Control Plus er en effektiv st\u00f8tte til <b>lipidkontrol<\/b>, men er ikke en erstatning for en sund livsstil, som f.eks. en afbalanceret kost og regelm\u00e6ssig fysisk aktivitet.<\/p>\n\n\n\n<p>Et senere afsnit i denne artikel vil give mere detaljerede oplysninger om dosering og brug af Lipid Control Plus og anbefalinger til personer med <b>risikofaktorer<\/b>.<\/p>\n\n\n\n<h2 class=\"wp-block-heading\" id=\"h-lipid-control-plus-opinie-uzytkownikow-forum-co-mowia-uzytkownicy\">Lipid Control Plus &#8211; Brugeranmeldelser, forum &#8211; Hvad siger brugerne?<\/h2>\n\n\n\n<p>Brugeranmeldelser og udtalelser kan v\u00e6re en v\u00e6rdifuld kilde til information, der hj\u00e6lper dig med at beslutte, om du vil k\u00f8be og bruge Lipid Control Plus. Brugere deler ofte deres erfaringer og meninger p\u00e5 onlinefora og andre sociale medieplatforme.<\/p>\n\n\n\n<p>Lipid Control Plus-anmeldelser er generelt positive, og brugerne roser tilskuddets <b>effektivitet<\/b> og dets indvirkning p\u00e5 hjerte-kar-sundheden. Mange oplever forbedrede blodpr\u00f8veresultater, lavere kolesterolniveauer og generel tryghed.<\/p>\n\n\n\n<blockquote class=\"wp-block-quote is-layout-flow wp-block-quote-is-layout-flow\">\n<p><em>Jeg er meget tilfreds med effektiviteten af Lipid Control Plus. Efter et par ugers regelm\u00e6ssig brug har jeg ikke kun bem\u00e6rket en reduktion af mit kolesteroltal, men ogs\u00e5 en forbedring af mit generelle velbefindende. Jeg er glad for at kunne stole p\u00e5 naturlige ingredienser til at st\u00f8tte min hjertesundhed. Det er virkelig en uvurderlig st\u00f8tte til min daglige sundhedspleje.<\/em><\/p>\n<\/blockquote>\n\n\n\n<blockquote class=\"wp-block-quote is-layout-flow wp-block-quote-is-layout-flow\">\n<p><em>Siden jeg begyndte at tage Lipid Control Plus, har jeg bem\u00e6rket en enorm forbedring af min kardiovaskul\u00e6re sundhed. Mine blodpr\u00f8veresultater er bedre end nogensinde f\u00f8r, og mit kolesteroltal er normalt. Desuden f\u00f8ler jeg mig fuld af energi og vitalitet. Dette er et virkelig revolutionerende produkt, som jeg anbefaler til alle, der bekymrer sig om deres hjerte!<\/em><\/p>\n<\/blockquote>\n\n\n\n<p>Resten af denne artikel indeholder eksempler p\u00e5 brugeranmeldelser af Lipid Control Plus for at hj\u00e6lpe dig med bedre at forst\u00e5 <b>effektiviteten<\/b> og kundetilfredsheden.<\/p>\n\n\n\n<h2 class=\"wp-block-heading\" id=\"h-lipid-control-plus-sklad\">Lipid Control Plus &#8211; sammens\u00e6tning<\/h2>\n\n\n\n<p><b>Sammens\u00e6tningen<\/b> af Lipid Control Plus er baseret p\u00e5 omhyggeligt udvalgte ingredienser, der underst\u00f8tter opretholdelsen af sunde blodlipidniveauer og den generelle kardiovaskul\u00e6re sundhed. N\u00f8gleingredienserne i Lipid Control Plus er <b>hvidl\u00f8g<\/b>, <b>gurkemeje<\/b>, C- og <b>E-vitamin<\/b>, <b>niacin<\/b> (B3-vitamin) og <b>alfa-liponsyre<\/b>.<\/p>\n\n\n\n<p><em>Hvidl\u00f8g<\/em> er kendt for sine kolesterols\u00e6nkende egenskaber. <em>Gurkemeje<\/em> har st\u00e6rke antiinflammatoriske og antioxidative egenskaber, som gavner hjertesundheden. <em>C- og E-vitamin<\/em> er kraftige antioxidanter, som beskytter cellerne mod skadelige frie radikaler. <em>Niacin<\/em>, ogs\u00e5 kendt som B3-vitamin, hj\u00e6lper med at opretholde et normalt kolesterolniveau. <em>Alfa-liponsyre<\/em> har antioxidantegenskaber og p\u00e5virker fedtstofskiftet.<\/p>\n\n\n\n<figure class=\"wp-block-table\"><table><tbody><tr><th>Ingredienser<\/th><th>Anvendelse<\/th><\/tr><tr><td><b>Hvidl\u00f8g<\/b><\/td><td>S\u00e6nker kolesterolniveauet<\/td><\/tr><tr><td><b>Gurkemeje<\/b><\/td><td>Anti-inflammatoriske egenskaber, anti-oxidation<\/td><\/tr><tr><td>C- og<b>E-vitamin<\/b> <\/td><td>Antioxidanter, beskyttelse af celler mod frie radikaler<\/td><\/tr><tr><td><b>Niacin<\/b> (B3-vitamin)<\/td><td>Underst\u00f8tter opretholdelse af normale kolesterolniveauer<\/td><\/tr><tr><td><b>Alfa-liponsyre<\/b><\/td><td>Antioxidant, effekt p\u00e5 fedtstofskiftet<\/td><\/tr><\/tbody><\/table><\/figure>\n\n\n\n<p>Resten af denne artikel vil give mere detaljerede oplysninger om ingredienserne i Lipid Control Plus og deres gavnlige virkninger p\u00e5 hjerte-kar-sundheden.<\/p>\n\n\n\n<h2 class=\"wp-block-heading\" id=\"h-gdzie-kupic-lipid-control-plus-cena\">Hvor kan man k\u00f8be Lipid Control Plus &#8211; pris<\/h2>\n\n\n\n<p>Hvis du beslutter dig for at <b>k\u00f8be<\/b> Lipid Control Plus, anbefaler vi, at du k\u00f8ber fra producentens officielle hjemmeside. At k\u00f8be direkte fra producenten sikrer produktets originalitet og muligheden for at drage fordel af kampagner og rabatter. Det er tilr\u00e5deligt at undg\u00e5 andre k\u00f8bskilder, som kan tilbyde forfalskninger eller ikke-originale produkter.<\/p>\n\n\n\n<p><b>Prisen<\/b> p\u00e5 Lipid Control Plus kan variere afh\u00e6ngigt af kampagnetilbuddet og den valgte pakke. Producenten introducerer regelm\u00e6ssigt fordelagtige kampagner, der kan spare dig penge p\u00e5 dit k\u00f8b. Det er vigtigt kun at bestille fra verificerede kilder for at sikre, at du modtager et autentisk produkt.<\/p>\n\n\n\n<p>P\u00e5 producentens officielle hjemmeside kan du ogs\u00e5 finde flere oplysninger om Lipid Control Plus og aktuelle produktpriser. Det er v\u00e6rd at bem\u00e6rke, at <b>k\u00f8b<\/b> af kosttilskud fra det officielle websted giver fuld forbrugerst\u00f8tte, adgang til anmeldelser fra andre kunder og yderligere k\u00f8bsfordele.<\/p>\n\n\n\n<h2 class=\"wp-block-heading\" id=\"h-lipid-control-plus-potencjalne-skutki-uboczne-i-przeciwwskazania-do-stosowania\">Lipid Control Plus &#8211; Potentielle bivirkninger og kontraindikationer for brug<\/h2>\n\n\n\n<p>Det er vigtigt at v\u00e6re opm\u00e6rksom p\u00e5 potentielle <b>bivirkninger<\/b> og <b>kontraindikationer<\/b>, n\u00e5r man bruger et kosttilskud. Lipid Control Plus er et kosttilskud baseret p\u00e5 naturlige ingredienser, hvilket minimerer risikoen for bivirkninger. Ikke desto mindre er det altid tilr\u00e5deligt at konsultere din l\u00e6ge, f\u00f8r du begynder p\u00e5 Lipid Control Plus, is\u00e6r hvis du har nogen medicinske tilstande, tager anden medicin eller er gravid.<\/p>\n\n\n\n<p>Man b\u00f8r altid v\u00e6re forsigtig, n\u00e5r man indf\u00f8rer nye kosttilskud i sin daglige kost. N\u00e5r det g\u00e6lder Lipid Control Plus, kan kontraindikationer ogs\u00e5 omfatte visse individuelle allergier over for kosttilskuddets ingredienser. Derfor er det tilr\u00e5deligt at konsultere din l\u00e6ge, f\u00f8r du starter behandlingen, for at hj\u00e6lpe med at vurdere de individuelle risici og fordele ved at tage tilskuddet.<\/p>\n\n\n\n<p>Husk, at Lipid Control Plus, ligesom mange andre kosttilskud, ikke b\u00f8r erstatte en sund livsstil og ordentlige spisevaner. Korrekt ern\u00e6ring, regelm\u00e6ssig fysisk aktivitet og tid til at slappe af er lige s\u00e5 vigtigt som at tage et kosttilskud for at passe p\u00e5 dit hjerte-kar-sundhed. Hvis du udvikler bekymrende symptomer, mens du tager Lipid Control Plus, skal du stoppe med at tage tilskuddet og kontakte din l\u00e6ge.<\/p>\n","protected":false},"excerpt":{"rendered":"<p><strong>369.00 kr<\/strong><\/p>\n<p><del>738.00 kr<\/del><\/p>\n<p><strong>[date_countdown]<\/strong><\/p>\n","protected":false},"featured_media":4864,"comment_status":"open","ping_status":"closed","template":"","meta":{"neve_meta_sidebar":"","neve_meta_container":"","neve_meta_enable_content_width":"","neve_meta_content_width":0,"neve_meta_title_alignment":"","neve_meta_author_avatar":"","neve_post_elements_order":"","neve_meta_disable_header":"","neve_meta_disable_footer":"","neve_meta_disable_title":"","neve_meta_reading_time":""},"product_brand":[],"product_cat":[57],"product_tag":[],"class_list":{"0":"post-4867","1":"product","2":"type-product","3":"status-publish","4":"has-post-thumbnail","6":"product_cat-sundhed","8":"first","9":"instock","10":"shipping-taxable","11":"product-type-external"},"yoast_head":"<!-- This site is optimized with the Yoast SEO plugin v27.4 - https:\/\/yoast.com\/product\/yoast-seo-wordpress\/ -->\n<title>Lipid Control Plus - Clinica Althea<\/title>\n<meta name=\"robots\" content=\"index, follow, max-snippet:-1, max-image-preview:large, max-video-preview:-1\" \/>\n<link rel=\"canonical\" href=\"https:\/\/www.clinicaalthea.com\/farmacia\/da\/apt\/lipid-control-plus\/\" \/>\n<meta property=\"og:locale\" content=\"pl_PL\" \/>\n<meta property=\"og:type\" content=\"article\" \/>\n<meta property=\"og:title\" content=\"Lipid Control Plus - Clinica Althea\" \/>\n<meta property=\"og:description\" content=\"369.00 kr 738.00 kr\" \/>\n<meta property=\"og:url\" content=\"https:\/\/www.clinicaalthea.com\/farmacia\/da\/apt\/lipid-control-plus\/\" \/>\n<meta property=\"og:site_name\" content=\"Clinica Althea\" \/>\n<meta property=\"article:modified_time\" content=\"2024-05-13T18:30:10+00:00\" \/>\n<meta property=\"og:image\" content=\"https:\/\/www.clinicaalthea.com\/farmacia\/wp-content\/uploads\/2024\/05\/Lipid-Control-Plus.jpg\" \/>\n\t<meta property=\"og:image:width\" content=\"768\" \/>\n\t<meta property=\"og:image:height\" content=\"768\" \/>\n\t<meta property=\"og:image:type\" content=\"image\/jpeg\" \/>\n<meta name=\"twitter:card\" content=\"summary_large_image\" \/>\n<meta name=\"twitter:label1\" content=\"Szacowany czas czytania\" \/>\n\t<meta name=\"twitter:data1\" content=\"7 minut\" \/>\n<script type=\"application\/ld+json\" class=\"yoast-schema-graph\">{\"@context\":\"https:\\\/\\\/schema.org\",\"@graph\":[{\"@type\":\"WebPage\",\"@id\":\"https:\\\/\\\/www.clinicaalthea.com\\\/farmacia\\\/da\\\/apt\\\/lipid-control-plus\\\/\",\"url\":\"https:\\\/\\\/www.clinicaalthea.com\\\/farmacia\\\/da\\\/apt\\\/lipid-control-plus\\\/\",\"name\":\"Lipid Control Plus - Clinica Althea\",\"isPartOf\":{\"@id\":\"https:\\\/\\\/www.clinicaalthea.com\\\/farmacia\\\/#website\"},\"primaryImageOfPage\":{\"@id\":\"https:\\\/\\\/www.clinicaalthea.com\\\/farmacia\\\/da\\\/apt\\\/lipid-control-plus\\\/#primaryimage\"},\"image\":{\"@id\":\"https:\\\/\\\/www.clinicaalthea.com\\\/farmacia\\\/da\\\/apt\\\/lipid-control-plus\\\/#primaryimage\"},\"thumbnailUrl\":\"https:\\\/\\\/www.clinicaalthea.com\\\/farmacia\\\/wp-content\\\/uploads\\\/2024\\\/05\\\/Lipid-Control-Plus.jpg\",\"datePublished\":\"2024-05-13T18:23:19+00:00\",\"dateModified\":\"2024-05-13T18:30:10+00:00\",\"breadcrumb\":{\"@id\":\"https:\\\/\\\/www.clinicaalthea.com\\\/farmacia\\\/da\\\/apt\\\/lipid-control-plus\\\/#breadcrumb\"},\"inLanguage\":\"pl-PL\",\"potentialAction\":[{\"@type\":\"ReadAction\",\"target\":[\"https:\\\/\\\/www.clinicaalthea.com\\\/farmacia\\\/da\\\/apt\\\/lipid-control-plus\\\/\"]}]},{\"@type\":\"ImageObject\",\"inLanguage\":\"pl-PL\",\"@id\":\"https:\\\/\\\/www.clinicaalthea.com\\\/farmacia\\\/da\\\/apt\\\/lipid-control-plus\\\/#primaryimage\",\"url\":\"https:\\\/\\\/www.clinicaalthea.com\\\/farmacia\\\/wp-content\\\/uploads\\\/2024\\\/05\\\/Lipid-Control-Plus.jpg\",\"contentUrl\":\"https:\\\/\\\/www.clinicaalthea.com\\\/farmacia\\\/wp-content\\\/uploads\\\/2024\\\/05\\\/Lipid-Control-Plus.jpg\",\"width\":768,\"height\":768,\"caption\":\"Lipid Control Plus\"},{\"@type\":\"BreadcrumbList\",\"@id\":\"https:\\\/\\\/www.clinicaalthea.com\\\/farmacia\\\/da\\\/apt\\\/lipid-control-plus\\\/#breadcrumb\",\"itemListElement\":[{\"@type\":\"ListItem\",\"position\":1,\"name\":\"Strona g\u0142\u00f3wna\",\"item\":\"https:\\\/\\\/www.clinicaalthea.com\\\/farmacia\\\/\"},{\"@type\":\"ListItem\",\"position\":2,\"name\":\"Produkty\",\"item\":\"https:\\\/\\\/www.clinicaalthea.com\\\/farmacia\\\/\"},{\"@type\":\"ListItem\",\"position\":3,\"name\":\"Lipid Control Plus\"}]},{\"@type\":\"WebSite\",\"@id\":\"https:\\\/\\\/www.clinicaalthea.com\\\/farmacia\\\/#website\",\"url\":\"https:\\\/\\\/www.clinicaalthea.com\\\/farmacia\\\/\",\"name\":\"Clinica Althea\",\"description\":\"\",\"publisher\":{\"@id\":\"https:\\\/\\\/www.clinicaalthea.com\\\/farmacia\\\/#organization\"},\"potentialAction\":[{\"@type\":\"SearchAction\",\"target\":{\"@type\":\"EntryPoint\",\"urlTemplate\":\"https:\\\/\\\/www.clinicaalthea.com\\\/farmacia\\\/?s={search_term_string}\"},\"query-input\":{\"@type\":\"PropertyValueSpecification\",\"valueRequired\":true,\"valueName\":\"search_term_string\"}}],\"inLanguage\":\"pl-PL\"},{\"@type\":\"Organization\",\"@id\":\"https:\\\/\\\/www.clinicaalthea.com\\\/farmacia\\\/#organization\",\"name\":\"Clinica Althea\",\"url\":\"https:\\\/\\\/www.clinicaalthea.com\\\/farmacia\\\/\",\"logo\":{\"@type\":\"ImageObject\",\"inLanguage\":\"pl-PL\",\"@id\":\"https:\\\/\\\/www.clinicaalthea.com\\\/farmacia\\\/#\\\/schema\\\/logo\\\/image\\\/\",\"url\":\"https:\\\/\\\/www.clinicaalthea.com\\\/farmacia\\\/wp-content\\\/uploads\\\/2023\\\/12\\\/Jak-diagnozuje-sie-FAS_-objawy-kryteria-diagnostyczne-i-metody-diagnozowania-154162903.jpg\",\"contentUrl\":\"https:\\\/\\\/www.clinicaalthea.com\\\/farmacia\\\/wp-content\\\/uploads\\\/2023\\\/12\\\/Jak-diagnozuje-sie-FAS_-objawy-kryteria-diagnostyczne-i-metody-diagnozowania-154162903.jpg\",\"width\":1216,\"height\":832,\"caption\":\"Clinica Althea\"},\"image\":{\"@id\":\"https:\\\/\\\/www.clinicaalthea.com\\\/farmacia\\\/#\\\/schema\\\/logo\\\/image\\\/\"}}]}<\/script>\n<!-- \/ Yoast SEO plugin. -->","yoast_head_json":{"title":"Lipid Control Plus - Clinica Althea","robots":{"index":"index","follow":"follow","max-snippet":"max-snippet:-1","max-image-preview":"max-image-preview:large","max-video-preview":"max-video-preview:-1"},"canonical":"https:\/\/www.clinicaalthea.com\/farmacia\/da\/apt\/lipid-control-plus\/","og_locale":"pl_PL","og_type":"article","og_title":"Lipid Control Plus - Clinica Althea","og_description":"369.00 kr 738.00 kr","og_url":"https:\/\/www.clinicaalthea.com\/farmacia\/da\/apt\/lipid-control-plus\/","og_site_name":"Clinica Althea","article_modified_time":"2024-05-13T18:30:10+00:00","og_image":[{"width":768,"height":768,"url":"https:\/\/www.clinicaalthea.com\/farmacia\/wp-content\/uploads\/2024\/05\/Lipid-Control-Plus.jpg","type":"image\/jpeg"}],"twitter_card":"summary_large_image","twitter_misc":{"Szacowany czas czytania":"7 minut"},"schema":{"@context":"https:\/\/schema.org","@graph":[{"@type":"WebPage","@id":"https:\/\/www.clinicaalthea.com\/farmacia\/da\/apt\/lipid-control-plus\/","url":"https:\/\/www.clinicaalthea.com\/farmacia\/da\/apt\/lipid-control-plus\/","name":"Lipid Control Plus - Clinica Althea","isPartOf":{"@id":"https:\/\/www.clinicaalthea.com\/farmacia\/#website"},"primaryImageOfPage":{"@id":"https:\/\/www.clinicaalthea.com\/farmacia\/da\/apt\/lipid-control-plus\/#primaryimage"},"image":{"@id":"https:\/\/www.clinicaalthea.com\/farmacia\/da\/apt\/lipid-control-plus\/#primaryimage"},"thumbnailUrl":"https:\/\/www.clinicaalthea.com\/farmacia\/wp-content\/uploads\/2024\/05\/Lipid-Control-Plus.jpg","datePublished":"2024-05-13T18:23:19+00:00","dateModified":"2024-05-13T18:30:10+00:00","breadcrumb":{"@id":"https:\/\/www.clinicaalthea.com\/farmacia\/da\/apt\/lipid-control-plus\/#breadcrumb"},"inLanguage":"pl-PL","potentialAction":[{"@type":"ReadAction","target":["https:\/\/www.clinicaalthea.com\/farmacia\/da\/apt\/lipid-control-plus\/"]}]},{"@type":"ImageObject","inLanguage":"pl-PL","@id":"https:\/\/www.clinicaalthea.com\/farmacia\/da\/apt\/lipid-control-plus\/#primaryimage","url":"https:\/\/www.clinicaalthea.com\/farmacia\/wp-content\/uploads\/2024\/05\/Lipid-Control-Plus.jpg","contentUrl":"https:\/\/www.clinicaalthea.com\/farmacia\/wp-content\/uploads\/2024\/05\/Lipid-Control-Plus.jpg","width":768,"height":768,"caption":"Lipid Control Plus"},{"@type":"BreadcrumbList","@id":"https:\/\/www.clinicaalthea.com\/farmacia\/da\/apt\/lipid-control-plus\/#breadcrumb","itemListElement":[{"@type":"ListItem","position":1,"name":"Strona g\u0142\u00f3wna","item":"https:\/\/www.clinicaalthea.com\/farmacia\/"},{"@type":"ListItem","position":2,"name":"Produkty","item":"https:\/\/www.clinicaalthea.com\/farmacia\/"},{"@type":"ListItem","position":3,"name":"Lipid Control Plus"}]},{"@type":"WebSite","@id":"https:\/\/www.clinicaalthea.com\/farmacia\/#website","url":"https:\/\/www.clinicaalthea.com\/farmacia\/","name":"Clinica Althea","description":"","publisher":{"@id":"https:\/\/www.clinicaalthea.com\/farmacia\/#organization"},"potentialAction":[{"@type":"SearchAction","target":{"@type":"EntryPoint","urlTemplate":"https:\/\/www.clinicaalthea.com\/farmacia\/?s={search_term_string}"},"query-input":{"@type":"PropertyValueSpecification","valueRequired":true,"valueName":"search_term_string"}}],"inLanguage":"pl-PL"},{"@type":"Organization","@id":"https:\/\/www.clinicaalthea.com\/farmacia\/#organization","name":"Clinica Althea","url":"https:\/\/www.clinicaalthea.com\/farmacia\/","logo":{"@type":"ImageObject","inLanguage":"pl-PL","@id":"https:\/\/www.clinicaalthea.com\/farmacia\/#\/schema\/logo\/image\/","url":"https:\/\/www.clinicaalthea.com\/farmacia\/wp-content\/uploads\/2023\/12\/Jak-diagnozuje-sie-FAS_-objawy-kryteria-diagnostyczne-i-metody-diagnozowania-154162903.jpg","contentUrl":"https:\/\/www.clinicaalthea.com\/farmacia\/wp-content\/uploads\/2023\/12\/Jak-diagnozuje-sie-FAS_-objawy-kryteria-diagnostyczne-i-metody-diagnozowania-154162903.jpg","width":1216,"height":832,"caption":"Clinica Althea"},"image":{"@id":"https:\/\/www.clinicaalthea.com\/farmacia\/#\/schema\/logo\/image\/"}}]}},"lang":"da","translations":{"da":4867,"cs":4865,"pl":4863,"de":4866,"es":4868,"fr":4869,"hu":4870,"it":4871,"nl":4872,"nb":4873,"sv":4874},"pll_sync_post":[],"_links":{"self":[{"href":"https:\/\/www.clinicaalthea.com\/farmacia\/wp-json\/wp\/v2\/product\/4867","targetHints":{"allow":["GET"]}}],"collection":[{"href":"https:\/\/www.clinicaalthea.com\/farmacia\/wp-json\/wp\/v2\/product"}],"about":[{"href":"https:\/\/www.clinicaalthea.com\/farmacia\/wp-json\/wp\/v2\/types\/product"}],"replies":[{"embeddable":true,"href":"https:\/\/www.clinicaalthea.com\/farmacia\/wp-json\/wp\/v2\/comments?post=4867"}],"wp:featuredmedia":[{"embeddable":true,"href":"https:\/\/www.clinicaalthea.com\/farmacia\/wp-json\/wp\/v2\/media\/4864"}],"wp:attachment":[{"href":"https:\/\/www.clinicaalthea.com\/farmacia\/wp-json\/wp\/v2\/media?parent=4867"}],"wp:term":[{"taxonomy":"product_brand","embeddable":true,"href":"https:\/\/www.clinicaalthea.com\/farmacia\/wp-json\/wp\/v2\/product_brand?post=4867"},{"taxonomy":"product_cat","embeddable":true,"href":"https:\/\/www.clinicaalthea.com\/farmacia\/wp-json\/wp\/v2\/product_cat?post=4867"},{"taxonomy":"product_tag","embeddable":true,"href":"https:\/\/www.clinicaalthea.com\/farmacia\/wp-json\/wp\/v2\/product_tag?post=4867"}],"curies":[{"name":"wp","href":"https:\/\/api.w.org\/{rel}","templated":true}]}}