{"id":4865,"date":"2024-05-13T19:20:41","date_gmt":"2024-05-13T18:20:41","guid":{"rendered":"https:\/\/mayoguide.org\/produkty\/?post_type=product&#038;p=4865"},"modified":"2024-05-13T19:30:10","modified_gmt":"2024-05-13T18:30:10","slug":"lipid-control-plus","status":"publish","type":"product","link":"https:\/\/www.clinicaalthea.com\/farmacia\/cs\/apt\/lipid-control-plus\/","title":{"rendered":"Lipid Control Plus"},"content":{"rendered":"\n<p>P\u0159em\u00fd\u0161leli jste n\u011bkdy o tom, jak kontrolovat <b>hladinu lipid\u016f v<\/b> krvi a podpo\u0159it <b>zdrav\u00ed kardiovaskul\u00e1rn\u00edho syst\u00e9mu<\/b>? P\u0159\u00edtomnost nadm\u011brn\u00e9ho mno\u017estv\u00ed lipid\u016f v krvi m\u016f\u017ee v\u00e9st k \u0159ad\u011b zdravotn\u00edch probl\u00e9m\u016f, proto je d\u016fle\u017eit\u00e9 udr\u017eovat jejich spr\u00e1vnou hladinu. Existuje \u00fa\u010dinn\u00fd <b>dopln\u011bk stravy<\/b>, kter\u00fd by v\u00e1m s t\u00edmto \u00fakolem mohl pomoci? P\u0159edstavujeme v\u00e1m <b>Lipid Control Plus<\/b>, inovativn\u00ed p\u0159\u00edpravek na b\u00e1zi p\u0159\u00edrodn\u00edch slo\u017eek, jeho\u017e c\u00edlem je komplexn\u00ed p\u00e9\u010de o va\u0161e zdrav\u00ed a podpora va\u0161eho organismu. Je to \u0159e\u0161en\u00ed, po kter\u00e9m stoj\u00ed za to s\u00e1hnout? V\u00edce informac\u00ed o p\u0159\u00edpravku <b>Lipid Control Plus<\/b> a jeho p\u0159\u00ednosech pro kardiovaskul\u00e1rn\u00ed zdrav\u00ed se dozv\u00edte d\u00e1le v tomto \u010dl\u00e1nku.<\/p>\n\n\n\n<h2 class=\"wp-block-heading\" id=\"h-co-to-jest-lipid-control-plus-i-jak-dziala\">Co je Lipid Control Plus a jak funguje?<\/h2>\n\n\n\n<p>Lipid<b>Control Plus<\/b> je <b>dopln\u011bk stravy<\/b> ur\u010den\u00fd speci\u00e1ln\u011b pro z\u00e1jemce o udr\u017een\u00ed spr\u00e1vn\u00e9 hladiny krevn\u00edch lipid\u016f a podporu kardiovaskul\u00e1rn\u00edho zdrav\u00ed. <em>P\u016fsoben\u00ed dopl\u0148ku je zalo\u017eeno na \u00fa\u010dinn\u00e9m slo\u017een\u00ed<\/em>, kter\u00e9 obsahuje pe\u010dliv\u011b vybran\u00e9 rostlinn\u00e9 slo\u017eky a \u00fa\u010dinn\u00e9 l\u00e1tky.<\/p>\n\n\n\n<p><em>Lipid Control Plus p\u016fsob\u00ed na n\u011bkolika \u00farovn\u00edch<\/em>. Za prv\u00e9 podporuje udr\u017een\u00ed zdrav\u00e9ho lipidov\u00e9ho profilu, \u010d\u00edm\u017e zlep\u0161uje kardiovaskul\u00e1rn\u00ed funkce. Kl\u00ed\u010dovou slo\u017ekou dopl\u0148ku jsou kvasnice z \u010derven\u00e9 r\u00fd\u017ee, kter\u00e9 maj\u00ed p\u0159irozen\u00e9 vlastnosti sni\u017euj\u00edc\u00ed hladinu LDL cholesterolu. Krom\u011b toho extrakt z plod\u016f gran\u00e1tov\u00e9ho jablka, extrakt z ostropest\u0159ce mari\u00e1nsk\u00e9ho a extrakt z \u010desneku posiluj\u00ed a dopl\u0148uj\u00ed <b>p\u016fsoben\u00ed<\/b> r\u00fd\u017eov\u00fdch kvasnic. Tyto slo\u017eky dohromady tvo\u0159\u00ed jedine\u010dnou formuli Lipid Control Plus, kter\u00e1 komplexn\u011b kontroluje lipidy a podporuje zdrav\u00ed kardiovaskul\u00e1rn\u00edho syst\u00e9mu.<\/p>\n\n\n\n<p>Pravideln\u00e9 <b>u\u017e\u00edv\u00e1n\u00ed p\u0159\u00edprav<\/b> ku Lipid Control Plus p\u0159in\u00e1\u0161\u00ed \u0159adu v\u00fdhod. Dopln\u011bk pom\u00e1h\u00e1 udr\u017eovat zdrav\u00fd lipidov\u00fd profil, zlep\u0161uje kardiovaskul\u00e1rn\u00ed funkce a zabra\u0148uje nadm\u011brn\u00e9mu hromad\u011bn\u00ed tuku. D\u00edky pe\u010dliv\u011b vybran\u00fdm rostlinn\u00fdm slo\u017ek\u00e1m a \u00fa\u010dinn\u00fdm l\u00e1tk\u00e1m poskytuje Lipid Control Plus \u00fa\u010dinnou kontrolu lipid\u016f a podporuje <b>zdrav\u00ed<\/b> kardiovaskul\u00e1rn\u00edho syst\u00e9mu.<\/p>\n\n\n\n<p>Ve zb\u00fdvaj\u00edc\u00ed \u010d\u00e1sti tohoto \u010dl\u00e1nku budou podrobn\u011bji pops\u00e1ny <b>\u00fa\u010dinky p\u0159\u00edprav<\/b> ku Lipid Control Plus a v\u00fdhody pravideln\u00e9ho <b>u\u017e\u00edv\u00e1n\u00ed<\/b> tohoto dopl\u0148ku stravy.<\/p>\n\n\n\n<h2 class=\"wp-block-heading\" id=\"h-efekty-stosowania-lipid-control-plus\">\u00da\u010dinky p\u0159\u00edpravku Lipid Control Plus<\/h2>\n\n\n\n<p>Pravideln\u00e9 <b>u\u017e\u00edv\u00e1n\u00ed<\/b> dopl\u0148ku stravy Lipid Control Plus m\u00e1 \u0159adu v\u00fdhod pro kardiovaskul\u00e1rn\u00ed zdrav\u00ed a celkovou pohodu. P\u016fsob\u00ed synergicky na kontrolu <b>hladiny lipid\u016f<\/b> a detoxikaci organismu. Mezi <b>\u00fa\u010dinky<\/b> p\u0159\u00edpravku Lipid Control Plus pat\u0159\u00ed:<\/p>\n\n\n\n<ul class=\"wp-block-list\">\n<li>Udr\u017eov\u00e1n\u00ed spr\u00e1vn\u00e9ho lipidov\u00e9ho profilu<\/li>\n\n\n\n<li>Zlep\u0161en\u00ed kardiovaskul\u00e1rn\u00ed funkce<\/li>\n\n\n\n<li>Podpora detoxika\u010dn\u00edho procesu v t\u011ble<\/li>\n\n\n\n<li>Zlep\u0161en\u00ed toku tr\u00e1vic\u00edch \u0161\u0165\u00e1v<\/li>\n\n\n\n<li><b>Prevence hromad\u011bn\u00ed tuku<\/b><\/li>\n<\/ul>\n\n\n\n<p>Dopln\u011bk tak\u00e9 pom\u00e1h\u00e1 udr\u017eovat zdravou t\u011blesnou hmotnost a obecn\u011b podporuje zdrav\u00fd \u017eivotn\u00ed styl.<\/p>\n\n\n\n<p>Lipid Control Plus m\u00e1 mnohostrann\u00fd vliv na zdrav\u00ed srdce, jater a celkov\u00e9 zdrav\u00ed organismu. Jeho pravideln\u00e9 u\u017e\u00edv\u00e1n\u00ed m\u016f\u017ee p\u0159in\u00e9st viditeln\u00e9 v\u00fdsledky ve zlep\u0161en\u00ed lipidov\u00e9ho profilu a udr\u017een\u00ed kardiovaskul\u00e1rn\u00edho zdrav\u00ed.<\/p>\n\n\n\n<h2 class=\"wp-block-heading\" id=\"h-jak-stosowac-lipid-control-plus-instrukcja-stosowania-i-dawkowania\">Jak u\u017e\u00edvat Lipid Control Plus &#8211; n\u00e1vod k pou\u017eit\u00ed a d\u00e1vkov\u00e1n\u00ed<\/h2>\n\n\n\n<p>Abyste dos\u00e1hli nejlep\u0161\u00edch v\u00fdsledk\u016f u\u017e\u00edv\u00e1n\u00ed p\u0159\u00edpravku Lipid Control Plus, je d\u016fle\u017eit\u00e9 dodr\u017eovat pokyny v\u00fdrobce k d\u00e1vkov\u00e1n\u00ed a u\u017e\u00edv\u00e1n\u00ed. Obvykle se doporu\u010duje u\u017e\u00edvat 1-2 tobolky denn\u011b, nejl\u00e9pe s j\u00eddlem, zap\u00edt vodou. <b>\u00da\u010dinek p\u0159\u00edpravku<\/b> Lipid Control Plus je optim\u00e1ln\u00ed p\u0159i pravideln\u00e9m u\u017e\u00edv\u00e1n\u00ed po dobu nejm\u00e9n\u011b n\u011bkolika t\u00fddn\u016f.<\/p>\n\n\n\n<p>P\u0159ed zah\u00e1jen\u00edm u\u017e\u00edv\u00e1n\u00ed dopl\u0148ku stravy je v\u017edy vhodn\u00e9 poradit se s l\u00e9ka\u0159em, zejm\u00e9na pokud existuj\u00ed n\u011bjak\u00e9 <b>rizikov\u00e9 faktory,<\/b> jako jsou chronick\u00e1 onemocn\u011bn\u00ed, t\u011bhotenstv\u00ed, kojen\u00ed nebo u\u017e\u00edv\u00e1n\u00ed jin\u00fdch l\u00e9k\u016f.<\/p>\n\n\n\n<p>Lipid Control Plus je \u00fa\u010dinnou podporou <b>kontroly lipid\u016f<\/b>, ale nenahrazuje zdrav\u00fd \u017eivotn\u00ed styl, jako je vyv\u00e1\u017een\u00e1 strava a pravideln\u00e1 fyzick\u00e1 aktivita.<\/p>\n\n\n\n<p>V dal\u0161\u00ed \u010d\u00e1sti tohoto \u010dl\u00e1nku budou uvedeny podrobn\u011bj\u0161\u00ed informace o d\u00e1vkov\u00e1n\u00ed a u\u017e\u00edv\u00e1n\u00ed p\u0159\u00edpravku Lipid Control Plus a doporu\u010den\u00ed pro osoby s <b>rizikov\u00fdmi faktory<\/b>.<\/p>\n\n\n\n<h2 class=\"wp-block-heading\" id=\"h-lipid-control-plus-opinie-uzytkownikow-forum-co-mowia-uzytkownicy\">Lipid Control Plus &#8211; Recenze u\u017eivatel\u016f, f\u00f3rum &#8211; Co na to \u0159\u00edkaj\u00ed u\u017eivatel\u00e9?<\/h2>\n\n\n\n<p>Recenze a posudky u\u017eivatel\u016f mohou b\u00fdt cenn\u00fdm zdrojem informac\u00ed, kter\u00e9 v\u00e1m pomohou p\u0159i rozhodov\u00e1n\u00ed, zda si Lipid Control Plus koupit a pou\u017e\u00edvat. U\u017eivatel\u00e9 se \u010dasto d\u011bl\u00ed o sv\u00e9 zku\u0161enosti a n\u00e1zory na internetov\u00fdch f\u00f3rech a dal\u0161\u00edch platform\u00e1ch soci\u00e1ln\u00edch m\u00e9di\u00ed.<\/p>\n\n\n\n<p>Recenze Lipid Control Plus jsou obecn\u011b pozitivn\u00ed, u\u017eivatel\u00e9 si pochvaluj\u00ed <b>\u00fa\u010dinnost<\/b> dopl\u0148ku a jeho vliv na kardiovaskul\u00e1rn\u00ed zdrav\u00ed. Mnoho lid\u00ed si v\u0161\u00edm\u00e1 lep\u0161\u00edch v\u00fdsledk\u016f krevn\u00edch test\u016f, ni\u017e\u0161\u00ed hladiny cholesterolu a celkov\u00e9 jistoty.<\/p>\n\n\n\n<blockquote class=\"wp-block-quote is-layout-flow wp-block-quote-is-layout-flow\">\n<p><em>Jsem pot\u011b\u0161en \u00fa\u010dinnost\u00ed Lipid Control Plus. Po n\u011bkolika t\u00fddnech pravideln\u00e9ho u\u017e\u00edv\u00e1n\u00ed jsem zaznamenal nejen sn\u00ed\u017een\u00ed hladiny cholesterolu, ale tak\u00e9 zlep\u0161en\u00ed celkov\u00e9 pohody. Jsem r\u00e1d, \u017ee se mohu spolehnout na p\u0159\u00edrodn\u00ed slo\u017eky, kter\u00e9 podporuj\u00ed zdrav\u00ed m\u00e9ho srdce. Je to opravdu neoceniteln\u00e1 podpora m\u00e9 ka\u017edodenn\u00ed p\u00e9\u010de o zdrav\u00ed.<\/em><\/p>\n<\/blockquote>\n\n\n\n<blockquote class=\"wp-block-quote is-layout-flow wp-block-quote-is-layout-flow\">\n<p><em>Od t\u00e9 doby, co jsem za\u010dal u\u017e\u00edvat Lipid Control Plus, jsem zaznamenal obrovsk\u00e9 zlep\u0161en\u00ed sv\u00e9ho kardiovaskul\u00e1rn\u00edho zdrav\u00ed. V\u00fdsledky m\u00fdch krevn\u00edch test\u016f jsou lep\u0161\u00ed ne\u017e kdykoli p\u0159edt\u00edm a hladina cholesterolu je v norm\u011b. Nav\u00edc se c\u00edt\u00edm pln\u00e1 energie a vitality. Jedn\u00e1 se o skute\u010dn\u011b revolu\u010dn\u00ed produkt, kter\u00fd doporu\u010duji ka\u017ed\u00e9mu, komu z\u00e1le\u017e\u00ed na jeho srdci!<\/em><\/p>\n<\/blockquote>\n\n\n\n<p>Ve zbytku tohoto \u010dl\u00e1nku budou uvedeny uk\u00e1zkov\u00e9 recenze u\u017eivatel\u016f Lipid Control Plus, kter\u00e9 v\u00e1m pomohou l\u00e9pe pochopit <b>\u00fa\u010dinnost<\/b> a spokojenost z\u00e1kazn\u00edk\u016f.<\/p>\n\n\n\n<h2 class=\"wp-block-heading\" id=\"h-lipid-control-plus-sklad\">Lipid Control Plus &#8211; Slo\u017een\u00ed<\/h2>\n\n\n\n<p><b>Slo\u017een\u00ed<\/b> Lipid Control Plus je zalo\u017eeno na pe\u010dliv\u011b vybran\u00fdch slo\u017ek\u00e1ch, kter\u00e9 podporuj\u00ed udr\u017een\u00ed zdrav\u00e9 hladiny krevn\u00edch lipid\u016f a celkov\u00e9 zdrav\u00ed kardiovaskul\u00e1rn\u00edho syst\u00e9mu. Mezi kl\u00ed\u010dov\u00e9 slo\u017eky p\u0159\u00edpravku Lipid Control Plus pat\u0159\u00ed <b>\u010desnek<\/b>, <b>kurkuma<\/b>, <b>vitaminy<\/b> C a E, <b>niacin<\/b> (vitamin B3) a <b>kyselina alfa-lipoov\u00e1<\/b>.<\/p>\n\n\n\n<p><em>\u010cesnek<\/em> je zn\u00e1m\u00fd sv\u00fdmi vlastnostmi sni\u017euj\u00edc\u00edmi hladinu cholesterolu. <em>Kurkuma<\/em> m\u00e1 siln\u00e9 protiz\u00e1n\u011btliv\u00e9 a antioxida\u010dn\u00ed vlastnosti, kter\u00e9 prosp\u00edvaj\u00ed zdrav\u00ed srdce. <em>Vitaminy C a E<\/em> jsou siln\u00e9 antioxidanty, kter\u00e9 chr\u00e1n\u00ed bu\u0148ky p\u0159ed \u0161kodliv\u00fdmi voln\u00fdmi radik\u00e1ly. <em>Niacin<\/em>, zn\u00e1m\u00fd tak\u00e9 jako vitamin B3, pom\u00e1h\u00e1 udr\u017eovat norm\u00e1ln\u00ed hladinu cholesterolu. <em>Kyselina alfa-lipoov\u00e1<\/em> m\u00e1 antioxida\u010dn\u00ed vlastnosti a ovliv\u0148uje metabolismus tuk\u016f.<\/p>\n\n\n\n<figure class=\"wp-block-table\"><table><tbody><tr><th>Slo\u017een\u00ed<\/th><th>Pou\u017eit\u00ed<\/th><\/tr><tr><td><b>\u010cesnek<\/b><\/td><td>Sn\u00ed\u017een\u00ed hladiny cholesterolu<\/td><\/tr><tr><td><b>Kurkuma<\/b><\/td><td>Protiz\u00e1n\u011btliv\u00e9 vlastnosti, antioxidace<\/td><\/tr><tr><td><b>Vitam\u00edny<\/b> C a E<\/td><td>Antioxidanty, ochrana bun\u011bk p\u0159ed voln\u00fdmi radik\u00e1ly<\/td><\/tr><tr><td><b>Niacin<\/b> (vitamin B3)<\/td><td>Podporuje udr\u017een\u00ed norm\u00e1ln\u00ed hladiny cholesterolu<\/td><\/tr><tr><td><b>Kyselina alfa-lipoov\u00e1<\/b><\/td><td>Antioxidant, vliv na metabolismus tuk\u016f<\/td><\/tr><\/tbody><\/table><\/figure>\n\n\n\n<p>Ve zb\u00fdvaj\u00edc\u00ed \u010d\u00e1sti tohoto \u010dl\u00e1nku budou uvedeny podrobn\u011bj\u0161\u00ed informace o slo\u017ek\u00e1ch p\u0159\u00edpravku Lipid Control Plus a jejich p\u0159\u00edzniv\u00e9m vlivu na kardiovaskul\u00e1rn\u00ed zdrav\u00ed.<\/p>\n\n\n\n<h2 class=\"wp-block-heading\" id=\"h-gdzie-kupic-lipid-control-plus-cena\">Kde koupit Lipid Control Plus &#8211; cena<\/h2>\n\n\n\n<p>Pokud se rozhodnete Lipid Control Plus <b>zakoupit<\/b>, doporu\u010dujeme v\u00e1m n\u00e1kup na ofici\u00e1ln\u00edch str\u00e1nk\u00e1ch v\u00fdrobce. N\u00e1kup p\u0159\u00edmo od v\u00fdrobce zaji\u0161\u0165uje originalitu v\u00fdrobku a mo\u017enost vyu\u017eit\u00ed akc\u00ed a slev. Doporu\u010duje se vyhnout se jin\u00fdm zdroj\u016fm n\u00e1kupu, kter\u00e9 mohou nab\u00edzet pad\u011blky nebo neorigin\u00e1ln\u00ed v\u00fdrobky.<\/p>\n\n\n\n<p><b>Cena<\/b> Lipid Control Plus se m\u016f\u017ee li\u0161it v z\u00e1vislosti na ak\u010dn\u00ed nab\u00eddce a vybran\u00e9m balen\u00ed. V\u00fdrobce pravideln\u011b zav\u00e1d\u00ed v\u00fdhodn\u00e9 akce, d\u00edky kter\u00fdm m\u016f\u017eete u\u0161et\u0159it pen\u00edze za n\u00e1kup. Je d\u016fle\u017eit\u00e9 objedn\u00e1vat pouze z ov\u011b\u0159en\u00fdch zdroj\u016f, abyste se ujistili, \u017ee dost\u00e1v\u00e1te autentick\u00fd v\u00fdrobek.<\/p>\n\n\n\n<p>Na ofici\u00e1ln\u00edch str\u00e1nk\u00e1ch v\u00fdrobce najdete tak\u00e9 dal\u0161\u00ed informace o Lipid Control Plus a aktu\u00e1ln\u00ed ceny produktu. Stoj\u00ed za zm\u00ednku, \u017ee <b>n\u00e1kup<\/b> dopl\u0148k\u016f stravy z ofici\u00e1ln\u00edch str\u00e1nek poskytuje plnou podporu spot\u0159ebitel\u016f, p\u0159\u00edstup k recenz\u00edm od ostatn\u00edch z\u00e1kazn\u00edk\u016f a dal\u0161\u00ed v\u00fdhody n\u00e1kupu.<\/p>\n\n\n\n<h2 class=\"wp-block-heading\" id=\"h-lipid-control-plus-potencjalne-skutki-uboczne-i-przeciwwskazania-do-stosowania\">Lipid Control Plus &#8211; Mo\u017en\u00e9 ne\u017e\u00e1douc\u00ed \u00fa\u010dinky a kontraindikace u\u017e\u00edv\u00e1n\u00ed<\/h2>\n\n\n\n<p>P\u0159i pou\u017e\u00edv\u00e1n\u00ed jak\u00e9hokoli dopl\u0148ku stravy je d\u016fle\u017eit\u00e9 si uv\u011bdomit potenci\u00e1ln\u00ed <b>vedlej\u0161\u00ed \u00fa\u010dinky<\/b> a <b>kontraindikace<\/b>. Lipid Control Plus, jako dopln\u011bk stravy na b\u00e1zi p\u0159\u00edrodn\u00edch slo\u017eek, minimalizuje riziko ne\u017e\u00e1douc\u00edch \u00fa\u010dink\u016f. P\u0159esto je v\u017edy vhodn\u00e9 se p\u0159ed zah\u00e1jen\u00edm u\u017e\u00edv\u00e1n\u00ed p\u0159\u00edpravku Lipid Control Plus poradit se sv\u00fdm l\u00e9ka\u0159em, zejm\u00e9na pokud trp\u00edte n\u011bjak\u00fdm onemocn\u011bn\u00edm, u\u017e\u00edv\u00e1te jin\u00e9 l\u00e9ky nebo jste t\u011bhotn\u00e1.<\/p>\n\n\n\n<p>P\u0159i za\u0159azov\u00e1n\u00ed nov\u00fdch dopl\u0148k\u016f stravy do denn\u00edho re\u017eimu se v\u017edy doporu\u010duje opatrnost. V p\u0159\u00edpad\u011b p\u0159\u00edpravku Lipid Control Plus mohou b\u00fdt kontraindikac\u00ed u\u017e\u00edv\u00e1n\u00ed tak\u00e9 n\u011bkter\u00e9 individu\u00e1ln\u00ed alergie na slo\u017eky dopl\u0148ku. Proto je vhodn\u00e9 se p\u0159ed zah\u00e1jen\u00edm l\u00e9\u010dby poradit se sv\u00fdm l\u00e9ka\u0159em, kter\u00fd pom\u016f\u017ee posoudit individu\u00e1ln\u00ed rizika a p\u0159\u00ednosy u\u017e\u00edv\u00e1n\u00ed dopl\u0148ku.<\/p>\n\n\n\n<p>Pamatujte, \u017ee Lipid Control Plus, stejn\u011b jako mnoho jin\u00fdch dopl\u0148k\u016f stravy, by nem\u011bl nahrazovat zdrav\u00fd \u017eivotn\u00ed styl a spr\u00e1vn\u00e9 stravovac\u00ed n\u00e1vyky. Spr\u00e1vn\u00e1 v\u00fd\u017eiva, pravideln\u00e1 fyzick\u00e1 aktivita a tr\u00e1ven\u00ed \u010dasu odpo\u010dinkem jsou v p\u00e9\u010di o va\u0161e kardiovaskul\u00e1rn\u00ed zdrav\u00ed stejn\u011b d\u016fle\u017eit\u00e9 jako u\u017e\u00edv\u00e1n\u00ed dopl\u0148ku stravy. Pokud se u V\u00e1s b\u011bhem u\u017e\u00edv\u00e1n\u00ed p\u0159\u00edpravku Lipid Control Plus objev\u00ed jak\u00e9koli znepokojuj\u00edc\u00ed p\u0159\u00edznaky, p\u0159esta\u0148te dopln\u011bk u\u017e\u00edvat a pora\u010fte se se sv\u00fdm l\u00e9ka\u0159em.<\/p>\n","protected":false},"excerpt":{"rendered":"<p><strong>1199.00 K\u010d<\/strong><\/p>\n<p><del>2398.00 K\u010d<\/del><\/p>\n<p><strong>[date_countdown]<\/strong><\/p>\n","protected":false},"featured_media":4864,"comment_status":"open","ping_status":"closed","template":"","meta":{"neve_meta_sidebar":"","neve_meta_container":"","neve_meta_enable_content_width":"","neve_meta_content_width":0,"neve_meta_title_alignment":"","neve_meta_author_avatar":"","neve_post_elements_order":"","neve_meta_disable_header":"","neve_meta_disable_footer":"","neve_meta_disable_title":"","neve_meta_reading_time":""},"product_brand":[],"product_cat":[49],"product_tag":[],"class_list":{"0":"post-4865","1":"product","2":"type-product","3":"status-publish","4":"has-post-thumbnail","6":"product_cat-zdravi","8":"first","9":"instock","10":"shipping-taxable","11":"product-type-external"},"yoast_head":"<!-- This site is optimized with the Yoast SEO plugin v27.4 - https:\/\/yoast.com\/product\/yoast-seo-wordpress\/ -->\n<title>Lipid Control Plus - Clinica Althea<\/title>\n<meta name=\"robots\" content=\"index, follow, max-snippet:-1, max-image-preview:large, max-video-preview:-1\" \/>\n<link rel=\"canonical\" href=\"https:\/\/www.clinicaalthea.com\/farmacia\/cs\/apt\/lipid-control-plus\/\" \/>\n<meta property=\"og:locale\" content=\"pl_PL\" \/>\n<meta property=\"og:type\" content=\"article\" \/>\n<meta property=\"og:title\" content=\"Lipid Control Plus - Clinica Althea\" \/>\n<meta property=\"og:description\" content=\"1199.00 K\u010d 2398.00 K\u010d\" \/>\n<meta property=\"og:url\" content=\"https:\/\/www.clinicaalthea.com\/farmacia\/cs\/apt\/lipid-control-plus\/\" \/>\n<meta property=\"og:site_name\" content=\"Clinica Althea\" \/>\n<meta property=\"article:modified_time\" content=\"2024-05-13T18:30:10+00:00\" \/>\n<meta property=\"og:image\" content=\"https:\/\/www.clinicaalthea.com\/farmacia\/wp-content\/uploads\/2024\/05\/Lipid-Control-Plus.jpg\" \/>\n\t<meta property=\"og:image:width\" content=\"768\" \/>\n\t<meta property=\"og:image:height\" content=\"768\" \/>\n\t<meta property=\"og:image:type\" content=\"image\/jpeg\" \/>\n<meta name=\"twitter:card\" content=\"summary_large_image\" \/>\n<meta name=\"twitter:label1\" content=\"Szacowany czas czytania\" \/>\n\t<meta name=\"twitter:data1\" content=\"7 minut\" \/>\n<script type=\"application\/ld+json\" class=\"yoast-schema-graph\">{\"@context\":\"https:\\\/\\\/schema.org\",\"@graph\":[{\"@type\":\"WebPage\",\"@id\":\"https:\\\/\\\/www.clinicaalthea.com\\\/farmacia\\\/cs\\\/apt\\\/lipid-control-plus\\\/\",\"url\":\"https:\\\/\\\/www.clinicaalthea.com\\\/farmacia\\\/cs\\\/apt\\\/lipid-control-plus\\\/\",\"name\":\"Lipid Control Plus - Clinica Althea\",\"isPartOf\":{\"@id\":\"https:\\\/\\\/www.clinicaalthea.com\\\/farmacia\\\/#website\"},\"primaryImageOfPage\":{\"@id\":\"https:\\\/\\\/www.clinicaalthea.com\\\/farmacia\\\/cs\\\/apt\\\/lipid-control-plus\\\/#primaryimage\"},\"image\":{\"@id\":\"https:\\\/\\\/www.clinicaalthea.com\\\/farmacia\\\/cs\\\/apt\\\/lipid-control-plus\\\/#primaryimage\"},\"thumbnailUrl\":\"https:\\\/\\\/www.clinicaalthea.com\\\/farmacia\\\/wp-content\\\/uploads\\\/2024\\\/05\\\/Lipid-Control-Plus.jpg\",\"datePublished\":\"2024-05-13T18:20:41+00:00\",\"dateModified\":\"2024-05-13T18:30:10+00:00\",\"breadcrumb\":{\"@id\":\"https:\\\/\\\/www.clinicaalthea.com\\\/farmacia\\\/cs\\\/apt\\\/lipid-control-plus\\\/#breadcrumb\"},\"inLanguage\":\"pl-PL\",\"potentialAction\":[{\"@type\":\"ReadAction\",\"target\":[\"https:\\\/\\\/www.clinicaalthea.com\\\/farmacia\\\/cs\\\/apt\\\/lipid-control-plus\\\/\"]}]},{\"@type\":\"ImageObject\",\"inLanguage\":\"pl-PL\",\"@id\":\"https:\\\/\\\/www.clinicaalthea.com\\\/farmacia\\\/cs\\\/apt\\\/lipid-control-plus\\\/#primaryimage\",\"url\":\"https:\\\/\\\/www.clinicaalthea.com\\\/farmacia\\\/wp-content\\\/uploads\\\/2024\\\/05\\\/Lipid-Control-Plus.jpg\",\"contentUrl\":\"https:\\\/\\\/www.clinicaalthea.com\\\/farmacia\\\/wp-content\\\/uploads\\\/2024\\\/05\\\/Lipid-Control-Plus.jpg\",\"width\":768,\"height\":768,\"caption\":\"Lipid Control Plus\"},{\"@type\":\"BreadcrumbList\",\"@id\":\"https:\\\/\\\/www.clinicaalthea.com\\\/farmacia\\\/cs\\\/apt\\\/lipid-control-plus\\\/#breadcrumb\",\"itemListElement\":[{\"@type\":\"ListItem\",\"position\":1,\"name\":\"Strona g\u0142\u00f3wna\",\"item\":\"https:\\\/\\\/www.clinicaalthea.com\\\/farmacia\\\/\"},{\"@type\":\"ListItem\",\"position\":2,\"name\":\"Produkty\",\"item\":\"https:\\\/\\\/www.clinicaalthea.com\\\/farmacia\\\/\"},{\"@type\":\"ListItem\",\"position\":3,\"name\":\"Lipid Control Plus\"}]},{\"@type\":\"WebSite\",\"@id\":\"https:\\\/\\\/www.clinicaalthea.com\\\/farmacia\\\/#website\",\"url\":\"https:\\\/\\\/www.clinicaalthea.com\\\/farmacia\\\/\",\"name\":\"Clinica Althea\",\"description\":\"\",\"publisher\":{\"@id\":\"https:\\\/\\\/www.clinicaalthea.com\\\/farmacia\\\/#organization\"},\"potentialAction\":[{\"@type\":\"SearchAction\",\"target\":{\"@type\":\"EntryPoint\",\"urlTemplate\":\"https:\\\/\\\/www.clinicaalthea.com\\\/farmacia\\\/?s={search_term_string}\"},\"query-input\":{\"@type\":\"PropertyValueSpecification\",\"valueRequired\":true,\"valueName\":\"search_term_string\"}}],\"inLanguage\":\"pl-PL\"},{\"@type\":\"Organization\",\"@id\":\"https:\\\/\\\/www.clinicaalthea.com\\\/farmacia\\\/#organization\",\"name\":\"Clinica Althea\",\"url\":\"https:\\\/\\\/www.clinicaalthea.com\\\/farmacia\\\/\",\"logo\":{\"@type\":\"ImageObject\",\"inLanguage\":\"pl-PL\",\"@id\":\"https:\\\/\\\/www.clinicaalthea.com\\\/farmacia\\\/#\\\/schema\\\/logo\\\/image\\\/\",\"url\":\"https:\\\/\\\/www.clinicaalthea.com\\\/farmacia\\\/wp-content\\\/uploads\\\/2023\\\/12\\\/Jak-diagnozuje-sie-FAS_-objawy-kryteria-diagnostyczne-i-metody-diagnozowania-154162903.jpg\",\"contentUrl\":\"https:\\\/\\\/www.clinicaalthea.com\\\/farmacia\\\/wp-content\\\/uploads\\\/2023\\\/12\\\/Jak-diagnozuje-sie-FAS_-objawy-kryteria-diagnostyczne-i-metody-diagnozowania-154162903.jpg\",\"width\":1216,\"height\":832,\"caption\":\"Clinica Althea\"},\"image\":{\"@id\":\"https:\\\/\\\/www.clinicaalthea.com\\\/farmacia\\\/#\\\/schema\\\/logo\\\/image\\\/\"}}]}<\/script>\n<!-- \/ Yoast SEO plugin. -->","yoast_head_json":{"title":"Lipid Control Plus - Clinica Althea","robots":{"index":"index","follow":"follow","max-snippet":"max-snippet:-1","max-image-preview":"max-image-preview:large","max-video-preview":"max-video-preview:-1"},"canonical":"https:\/\/www.clinicaalthea.com\/farmacia\/cs\/apt\/lipid-control-plus\/","og_locale":"pl_PL","og_type":"article","og_title":"Lipid Control Plus - Clinica Althea","og_description":"1199.00 K\u010d 2398.00 K\u010d","og_url":"https:\/\/www.clinicaalthea.com\/farmacia\/cs\/apt\/lipid-control-plus\/","og_site_name":"Clinica Althea","article_modified_time":"2024-05-13T18:30:10+00:00","og_image":[{"width":768,"height":768,"url":"https:\/\/www.clinicaalthea.com\/farmacia\/wp-content\/uploads\/2024\/05\/Lipid-Control-Plus.jpg","type":"image\/jpeg"}],"twitter_card":"summary_large_image","twitter_misc":{"Szacowany czas czytania":"7 minut"},"schema":{"@context":"https:\/\/schema.org","@graph":[{"@type":"WebPage","@id":"https:\/\/www.clinicaalthea.com\/farmacia\/cs\/apt\/lipid-control-plus\/","url":"https:\/\/www.clinicaalthea.com\/farmacia\/cs\/apt\/lipid-control-plus\/","name":"Lipid Control Plus - Clinica Althea","isPartOf":{"@id":"https:\/\/www.clinicaalthea.com\/farmacia\/#website"},"primaryImageOfPage":{"@id":"https:\/\/www.clinicaalthea.com\/farmacia\/cs\/apt\/lipid-control-plus\/#primaryimage"},"image":{"@id":"https:\/\/www.clinicaalthea.com\/farmacia\/cs\/apt\/lipid-control-plus\/#primaryimage"},"thumbnailUrl":"https:\/\/www.clinicaalthea.com\/farmacia\/wp-content\/uploads\/2024\/05\/Lipid-Control-Plus.jpg","datePublished":"2024-05-13T18:20:41+00:00","dateModified":"2024-05-13T18:30:10+00:00","breadcrumb":{"@id":"https:\/\/www.clinicaalthea.com\/farmacia\/cs\/apt\/lipid-control-plus\/#breadcrumb"},"inLanguage":"pl-PL","potentialAction":[{"@type":"ReadAction","target":["https:\/\/www.clinicaalthea.com\/farmacia\/cs\/apt\/lipid-control-plus\/"]}]},{"@type":"ImageObject","inLanguage":"pl-PL","@id":"https:\/\/www.clinicaalthea.com\/farmacia\/cs\/apt\/lipid-control-plus\/#primaryimage","url":"https:\/\/www.clinicaalthea.com\/farmacia\/wp-content\/uploads\/2024\/05\/Lipid-Control-Plus.jpg","contentUrl":"https:\/\/www.clinicaalthea.com\/farmacia\/wp-content\/uploads\/2024\/05\/Lipid-Control-Plus.jpg","width":768,"height":768,"caption":"Lipid Control Plus"},{"@type":"BreadcrumbList","@id":"https:\/\/www.clinicaalthea.com\/farmacia\/cs\/apt\/lipid-control-plus\/#breadcrumb","itemListElement":[{"@type":"ListItem","position":1,"name":"Strona g\u0142\u00f3wna","item":"https:\/\/www.clinicaalthea.com\/farmacia\/"},{"@type":"ListItem","position":2,"name":"Produkty","item":"https:\/\/www.clinicaalthea.com\/farmacia\/"},{"@type":"ListItem","position":3,"name":"Lipid Control Plus"}]},{"@type":"WebSite","@id":"https:\/\/www.clinicaalthea.com\/farmacia\/#website","url":"https:\/\/www.clinicaalthea.com\/farmacia\/","name":"Clinica Althea","description":"","publisher":{"@id":"https:\/\/www.clinicaalthea.com\/farmacia\/#organization"},"potentialAction":[{"@type":"SearchAction","target":{"@type":"EntryPoint","urlTemplate":"https:\/\/www.clinicaalthea.com\/farmacia\/?s={search_term_string}"},"query-input":{"@type":"PropertyValueSpecification","valueRequired":true,"valueName":"search_term_string"}}],"inLanguage":"pl-PL"},{"@type":"Organization","@id":"https:\/\/www.clinicaalthea.com\/farmacia\/#organization","name":"Clinica Althea","url":"https:\/\/www.clinicaalthea.com\/farmacia\/","logo":{"@type":"ImageObject","inLanguage":"pl-PL","@id":"https:\/\/www.clinicaalthea.com\/farmacia\/#\/schema\/logo\/image\/","url":"https:\/\/www.clinicaalthea.com\/farmacia\/wp-content\/uploads\/2023\/12\/Jak-diagnozuje-sie-FAS_-objawy-kryteria-diagnostyczne-i-metody-diagnozowania-154162903.jpg","contentUrl":"https:\/\/www.clinicaalthea.com\/farmacia\/wp-content\/uploads\/2023\/12\/Jak-diagnozuje-sie-FAS_-objawy-kryteria-diagnostyczne-i-metody-diagnozowania-154162903.jpg","width":1216,"height":832,"caption":"Clinica Althea"},"image":{"@id":"https:\/\/www.clinicaalthea.com\/farmacia\/#\/schema\/logo\/image\/"}}]}},"lang":"cs","translations":{"cs":4865,"pl":4863,"de":4866,"da":4867,"es":4868,"fr":4869,"hu":4870,"it":4871,"nl":4872,"nb":4873,"sv":4874},"pll_sync_post":[],"_links":{"self":[{"href":"https:\/\/www.clinicaalthea.com\/farmacia\/wp-json\/wp\/v2\/product\/4865","targetHints":{"allow":["GET"]}}],"collection":[{"href":"https:\/\/www.clinicaalthea.com\/farmacia\/wp-json\/wp\/v2\/product"}],"about":[{"href":"https:\/\/www.clinicaalthea.com\/farmacia\/wp-json\/wp\/v2\/types\/product"}],"replies":[{"embeddable":true,"href":"https:\/\/www.clinicaalthea.com\/farmacia\/wp-json\/wp\/v2\/comments?post=4865"}],"wp:featuredmedia":[{"embeddable":true,"href":"https:\/\/www.clinicaalthea.com\/farmacia\/wp-json\/wp\/v2\/media\/4864"}],"wp:attachment":[{"href":"https:\/\/www.clinicaalthea.com\/farmacia\/wp-json\/wp\/v2\/media?parent=4865"}],"wp:term":[{"taxonomy":"product_brand","embeddable":true,"href":"https:\/\/www.clinicaalthea.com\/farmacia\/wp-json\/wp\/v2\/product_brand?post=4865"},{"taxonomy":"product_cat","embeddable":true,"href":"https:\/\/www.clinicaalthea.com\/farmacia\/wp-json\/wp\/v2\/product_cat?post=4865"},{"taxonomy":"product_tag","embeddable":true,"href":"https:\/\/www.clinicaalthea.com\/farmacia\/wp-json\/wp\/v2\/product_tag?post=4865"}],"curies":[{"name":"wp","href":"https:\/\/api.w.org\/{rel}","templated":true}]}}