{"id":4765,"date":"2024-05-13T13:30:55","date_gmt":"2024-05-13T12:30:55","guid":{"rendered":"https:\/\/mayoguide.org\/produkty\/?post_type=product&#038;p=4765"},"modified":"2024-05-13T13:33:28","modified_gmt":"2024-05-13T12:33:28","slug":"gigantx","status":"publish","type":"product","link":"https:\/\/www.clinicaalthea.com\/farmacia\/nb\/apt\/gigantx\/","title":{"rendered":"GigantX"},"content":{"rendered":"\n<p>GigantX er et naturlig <strong>kosttilskudd<\/strong> utviklet for \u00e5 forbedre seksuell ytelse og forst\u00f8rre penis. Det er formulert med en unik blanding av ingredienser som virker synergistisk for \u00e5 forbedre blodstr\u00f8mmen til penis, noe som f\u00f8rer til bedre ereksjon og seksuell utholdenhet. GigantX er utviklet for regelmessig bruk for \u00e5 oppn\u00e5 langvarige resultater.<\/p>\n\n\n\n<blockquote class=\"wp-block-quote is-layout-flow wp-block-quote-is-layout-flow\">\n<p>GigantX er laget av n\u00f8ye utvalgte naturlige ingredienser som vitenskapelig har vist seg \u00e5 st\u00f8tte seksuell helse og ytelse.<\/p>\n<\/blockquote>\n\n\n\n<p>GigantX-tilskuddet kan gjennom sine egenskaper \u00f8ke blodsirkulasjonen i penis, noe som st\u00f8tter penisst\u00f8rrelse og ytelse. Regelmessig bruk av produktet kan f\u00f8re til forbedret ereksjonskvalitet, \u00f8kt varighet av samleie og \u00f8kt generell seksuell tilfredsstillelse. I tillegg kan GigantX bidra til \u00e5 \u00f8ke selvtilliten p\u00e5 soverommet og forbedre forholdet til partneren.<\/p>\n\n\n\n<h3 class=\"wp-block-heading\" id=\"h-sklad-jak-dzialaja-skladniki-gigantx\">Sammensetning &#8211; Hvordan virker ingrediensene i GigantX?<\/h3>\n\n\n\n<p>GigantX inneholder en n\u00f8ye utvalgt kombinasjon av naturlige ingredienser som har blitt brukt i \u00e5rhundrer som afrodisiakum og for \u00e5 st\u00f8tte seksuell funksjon. Noen av de viktigste ingrediensene i GigantX er:<\/p>\n\n\n\n<figure class=\"wp-block-table\"><table><tbody><tr><th>Ingredienser<\/th><th>Handling<\/th><\/tr><tr><td>Ekstrakt av Epimedium Sagittatum<\/td><td>\u00d8ker blodtilf\u00f8rselen til penis, noe som forbedrer ereksjon og seksuell ytelse<\/td><\/tr><tr><td>Tribulus Terrestris-ekstrakt<\/td><td>St\u00f8tter testosteronsekresjon og forbedrer libido og vitalitet<\/td><\/tr><tr><td>L-arginin<\/td><td>Fungerer som en forl\u00f8per til nitrogenoksid, som bidrar til vasodilatasjon og \u00f8kt blodstr\u00f8m til penis<\/td><\/tr><tr><td>Maca-rotekstrakt<\/td><td>Fungerer som et adaptogen, som st\u00f8tter hormonell helse og hum\u00f8rforbedring<\/td><\/tr><tr><td>Ekstrakt av Panax Ginseng-rot<\/td><td>\u00d8ker blodstr\u00f8mmen til penis og forbedrer den generelle seksuelle ytelsen<\/td><\/tr><\/tbody><\/table><\/figure>\n\n\n\n<p>Alle disse ingrediensene er n\u00f8ye utvalgt og vitenskapelig unders\u00f8kt for \u00e5 sikre GigantX&#8217; effektivitet og sikkerhet.<\/p>\n\n\n\n<h2 class=\"wp-block-heading\" id=\"h-jakie-sa-efekty-stosowania-gigantx\">Hva er virkningen av \u00e5 bruke GigantX?<\/h2>\n\n\n\n<p><b>Bruk<\/b> av kosttilskuddet GigantX har mange fordeler og <b>effekter<\/b> for menn. Regelmessig bruk av dette kosttilskuddet kan f\u00f8re til en merkbar forbedring av kvaliteten p\u00e5 seksuallivet og en \u00f8kning i penisst\u00f8rrelse.<\/p>\n\n\n\n<p>En av de viktigste effektene av \u00e5 bruke GigantX er en \u00f8kning i penisst\u00f8rrelse. Takket v\u00e6re de spesielt utvalgte ingrediensene bidrar dette tilskuddet til \u00e5 styrke vevet i penis, noe som kan f\u00f8re til en naturlig utvidelse. Dette betyr at menn kan nyte en st\u00f8rre st\u00f8rrelse og st\u00f8rre seksuell tilfredsstillelse.<\/p>\n\n\n\n<p>Forbedring av ereksjonskvaliteten er ogs\u00e5 en av effektene som kan oppn\u00e5s ved bruk av GigantX. Regelmessig bruk av dette tilskuddet kan bidra til \u00e5 forbedre blodsirkulasjonen rundt penis, noe som igjen forbedrer kvaliteten og varigheten av ereksjonene. Dette gir menn mer selvtillit og st\u00f8rre tilfredshet med sexlivet.<\/p>\n\n\n\n<p><b>Seksuell ytelse<\/b> er et annet omr\u00e5de der GigantX kan ha en m\u00e5lbar <b>effekt<\/b>. Dosen av naturlige ingredienser i dette kosttilskuddet bidrar til \u00e5 \u00f8ke ytelsen under seksuell aktivitet. Menn kan oppleve mer energi, bedre kontroll over utl\u00f8sning og st\u00f8rre tilfredshet med hele den seksuelle opplevelsen.<\/p>\n\n\n\n<figure class=\"wp-block-table\"><table><tbody><tr><th>Fordeler med \u00e5 bruke GigantX:<\/th><\/tr><tr><td>\u00d8ke penisst\u00f8rrelsen<\/td><\/tr><tr><td>Forbedret ereksjonskvalitet<\/td><\/tr><tr><td>\u00d8kt <b>seksuell ytelse<\/b><\/td><\/tr><\/tbody><\/table><\/figure>\n\n\n\n<h2 class=\"wp-block-heading\" id=\"h-jak-stosowac-gigantx-dawkowanie-i-zalecenia\">Hvordan bruker jeg GigantX? &#8211; Dosering og anbefalinger<\/h2>\n\n\n\n<p>I denne delen diskuterer vi hvordan du bruker kosttilskuddet GigantX p\u00e5 riktig m\u00e5te og hva de anbefalte doseringene er. Nedenfor er bruksanvisningen og andre viktige faktorer som p\u00e5virker effektiviteten av dette tilskuddet.<\/p>\n\n\n\n<h3 class=\"wp-block-heading\" id=\"h-dawkowanie-gigantx\">Dosering av GigantX<\/h3>\n\n\n\n<p>For \u00e5 oppn\u00e5 de beste <b>resultatene fra<\/b> GigantX, anbefales det \u00e5 f\u00f8lge doseringene som er gitt. Nedenfor er <b>doseringsanbefalingene<\/b>:<\/p>\n\n\n\n<ol class=\"wp-block-list\">\n<li>1 kapsel GigantX en gang om dagen.<\/li>\n\n\n\n<li>Det er best \u00e5 ta kapselen f\u00f8r et m\u00e5ltid, og drikke tilstrekkelig med vann.<\/li>\n\n\n\n<li>Bruk daglig, uten avbrudd, i den angitte tidsperioden for optimale resultater.<\/li>\n<\/ol>\n\n\n\n<h3 class=\"wp-block-heading\" id=\"h-inne-zalecenia-i-czynniki-wplywajace-na-efektywnosc\">Andre anbefalinger og faktorer som p\u00e5virker effektiviteten<\/h3>\n\n\n\n<p>N\u00e5r du tar kosttilskuddet GigantX, er det verdt \u00e5 merke seg f\u00f8lgende <b>anbefalinger<\/b> og faktorer som kan p\u00e5virke effektiviteten:<\/p>\n\n\n\n<ul class=\"wp-block-list\">\n<li>Regelmessig bruk: For best mulig resultat anbefales regelmessig <b>bruk<\/b> av GigantX. Regelmessig bruk er n\u00f8kkelen til \u00e5 oppn\u00e5 de tiltenkte effektene.<\/li>\n\n\n\n<li>Balansert kosthold og fysisk aktivitet: Kosttilskuddet GigantX kan innlemmes i en sunn livsstil, inkludert et balansert kosthold og regelmessig fysisk aktivitet. P\u00e5 denne m\u00e5ten kan <b>effekten<\/b> av kosttilskuddet maksimeres.<\/li>\n\n\n\n<li>Unng\u00e5 sentralstimulerende midler: Rusmidler som alkohol og sigaretter kan ha en negativ innvirkning p\u00e5 effekten av kosttilskuddet. Det anbefales \u00e5 begrense eller unng\u00e5 dem mens du tar GigantX.<\/li>\n\n\n\n<li>R\u00e5df\u00f8r deg med legen din: Det anbefales alltid \u00e5 konsultere legen din f\u00f8r du tar GigantX kosttilskudd, spesielt hvis du har en eksisterende medisinsk tilstand eller tar andre medisiner.<\/li>\n<\/ul>\n\n\n\n<p>Husk at GigantX er et kosttilskudd og ikke en erstatning for en sunn livsstil. Regelmessig <b>bruk<\/b>, som anvist, kan hjelpe deg med \u00e5 oppn\u00e5 de tiltenkte resultatene forbundet med et forbedret sexliv.<\/p>\n\n\n\n<h2 class=\"wp-block-heading\" id=\"h-gigantx-opinie-i-recenzje-forum\">GigantX &#8211; Meninger og anmeldelser, Forum<\/h2>\n\n\n\n<p>Anmeldelser av GigantX er for det meste positive. Du kan finne mange ekspert- og brukeranmeldelser p\u00e5 nettet. Spesielt for deg spurte vi flere brukere om deres f\u00f8lelser.<\/p>\n\n\n\n<blockquote class=\"wp-block-quote is-layout-flow wp-block-quote-is-layout-flow\">\n<p><em>&#8220;Jeg kj\u00f8pte GigantX-tilskuddet fordi det ble anbefalt til meg av en venn. Jeg var ganske skeptisk til \u00e5 begynne med, men visjonen om en st\u00f8rre penis og bedre seksuell tilstand var veldig fristende. I tillegg ble jeg overbevist av det faktum at GigantX inneholder bare naturlige ingredienser, s\u00e5 hva var skaden i \u00e5 pr\u00f8ve det? Prisen per pakke er ganske ublu, men jeg vil kj\u00f8pe en st\u00f8rre pakke neste gang. Jeg er akkurat ferdig med \u00e5 bruke den f\u00f8rste pakken, og jeg vet at jeg definitivt kommer til \u00e5 kj\u00f8pe flere pakker. Jeg merker allerede en forbedring i tilstand og st\u00f8rrelse, ereksjonen min er sterkere og jeg har ingen problemer med \u00e5 holde den st\u00f8dig. Jeg er veldig forn\u00f8yd og vil anbefale det.&#8221;<\/em><\/p>\n<\/blockquote>\n\n\n\n<blockquote class=\"wp-block-quote is-layout-flow wp-block-quote-is-layout-flow\">\n<p><em>&#8220;Jeg hadde opplevd en nedgang i vitalitet og seksuell form i noen tid. Jeg \u00f8nsket \u00e5 forandre noe og gi min kone mer tiltrekningskraft p\u00e5 soverommet. Derfor bestemte jeg meg for \u00e5 bestille GigantX tabletter. Du kan lese hvordan GigantX-tabletter fungerer p\u00e5 Internett, men jeg kan bekrefte for meg selv at de gj\u00f8r jobben sin hundre prosent. Penis er mer imponerende og ereksjonen er sterk. I tillegg kan jeg elske lenger, og ereksjonen er sterk til enhver tid, og f\u00f8lelsene er mye sterkere. Og min og min kones!&#8221;<\/em><\/p>\n<\/blockquote>\n\n\n\n<h2 class=\"wp-block-heading\" id=\"h-gdzie-kupic-gigantx-cena\">Hvor kan jeg kj\u00f8pe GigantX &#8211; pris<\/h2>\n\n\n\n<p>Den<b>offisielle produsenten<\/b> av GigantX s\u00f8rger for at det originale tilskuddet bare kan kj\u00f8pes fra det offisielle nettstedet. Derfor er det tilr\u00e5delig \u00e5 v\u00e6re forsiktig med andre nettsteder og salgskilder for \u00e5 unng\u00e5 forfalskede produkter eller produkter av d\u00e5rligere kvalitet. Dette sikrer at du mottar den originale GigantX og kan nyte de fulle fordelene ved bruken.<\/p>\n\n\n\n<p><b>Prisen<\/b> p\u00e5 GigantX kan variere avhengig av aktuelle kampanjer og pakker. Sjekk ut de aktuelle tilbudene p\u00e5 produsentens offisielle nettside for \u00e5 f\u00e5 det mest attraktive pristilbudet. Husk at den h\u00f8ye kvaliteten p\u00e5 produktet og effektiviteten av tilskuddet ofte g\u00e5r h\u00e5nd i h\u00e5nd med en litt h\u00f8yere pris.<\/p>\n\n\n\n<h2 class=\"wp-block-heading\" id=\"h-potencjalne-skutki-uboczne-i-przeciwwskazania-do-stosowania-gigantx\">Potensielle bivirkninger og kontraindikasjoner av GigantX<\/h2>\n\n\n\n<p>Selv om GigantX er et effektivt kosttilskudd for \u00e5 forbedre sexlivet ditt, er det mulighet for noen bivirkninger og kontraindikasjoner som du b\u00f8r v\u00e6re oppmerksom p\u00e5 f\u00f8r du begynner \u00e5 bruke det.<\/p>\n\n\n\n<p>Det er viktig \u00e5 huske at alles kropp reagerer forskjellig, s\u00e5 det er mulig \u00e5 oppleve u\u00f8nskede bivirkninger som hodepine, kvalme eller gastrointestinale plager. Hvis slike symptomer oppst\u00e5r, anbefales det \u00e5 avbryte GigantX og konsultere legen din.<\/p>\n\n\n\n<p>Kontraindikasjoner for bruk av GigantX er personer under 18 \u00e5r, gravide og ammende kvinner, og personer med eksisterende kardiovaskul\u00e6re tilstander, lever- eller nyresykdom, h\u00f8yt blodtrykk eller diabetes. I slike tilfeller b\u00f8r lege eller apotek konsulteres f\u00f8r behandlingen p\u00e5begynnes.<\/p>\n\n\n\n<p>For \u00e5 ivareta <b>sikkerheten<\/b> og unng\u00e5 u\u00f8nskede interaksjoner, b\u00f8r personer som tar andre medisiner, for eksempel blodtrykkssenkende legemidler eller legemidler mot erektil dysfunksjon, ogs\u00e5 r\u00e5df\u00f8re seg med lege f\u00f8r de begynner med GigantX.<\/p>\n","protected":false},"excerpt":{"rendered":"<p><strong>519.00 NOK<\/strong><\/p>\n<p><del>1038.00 NOK<\/del><\/p>\n<p><strong>[date_countdown]<\/strong><\/p>\n","protected":false},"featured_media":4754,"comment_status":"open","ping_status":"closed","template":"","meta":{"neve_meta_sidebar":"","neve_meta_container":"","neve_meta_enable_content_width":"","neve_meta_content_width":0,"neve_meta_title_alignment":"","neve_meta_author_avatar":"","neve_post_elements_order":"","neve_meta_disable_header":"","neve_meta_disable_footer":"","neve_meta_disable_title":"","neve_meta_reading_time":""},"product_brand":[],"product_cat":[391],"product_tag":[],"class_list":{"0":"post-4765","1":"product","2":"type-product","3":"status-publish","4":"has-post-thumbnail","6":"product_cat-seksuell-helse","8":"first","9":"instock","10":"shipping-taxable","11":"product-type-external"},"yoast_head":"<!-- This site is optimized with the Yoast SEO plugin v27.4 - https:\/\/yoast.com\/product\/yoast-seo-wordpress\/ -->\n<title>GigantX - Clinica Althea<\/title>\n<meta name=\"robots\" content=\"index, follow, max-snippet:-1, max-image-preview:large, max-video-preview:-1\" \/>\n<link rel=\"canonical\" href=\"https:\/\/www.clinicaalthea.com\/farmacia\/nb\/apt\/gigantx\/\" \/>\n<meta property=\"og:locale\" content=\"pl_PL\" \/>\n<meta property=\"og:type\" content=\"article\" \/>\n<meta property=\"og:title\" content=\"GigantX - Clinica Althea\" \/>\n<meta property=\"og:description\" content=\"519.00 NOK 1038.00 NOK\" \/>\n<meta property=\"og:url\" content=\"https:\/\/www.clinicaalthea.com\/farmacia\/nb\/apt\/gigantx\/\" \/>\n<meta property=\"og:site_name\" content=\"Clinica Althea\" \/>\n<meta property=\"article:modified_time\" content=\"2024-05-13T12:33:28+00:00\" \/>\n<meta property=\"og:image\" content=\"https:\/\/www.clinicaalthea.com\/farmacia\/wp-content\/uploads\/2024\/05\/GigantX.jpg\" \/>\n\t<meta property=\"og:image:width\" content=\"768\" \/>\n\t<meta property=\"og:image:height\" content=\"768\" \/>\n\t<meta property=\"og:image:type\" content=\"image\/jpeg\" \/>\n<meta name=\"twitter:card\" content=\"summary_large_image\" \/>\n<meta name=\"twitter:label1\" content=\"Szacowany czas czytania\" \/>\n\t<meta name=\"twitter:data1\" content=\"6 minut\" \/>\n<script type=\"application\/ld+json\" class=\"yoast-schema-graph\">{\"@context\":\"https:\\\/\\\/schema.org\",\"@graph\":[{\"@type\":\"WebPage\",\"@id\":\"https:\\\/\\\/www.clinicaalthea.com\\\/farmacia\\\/nb\\\/apt\\\/gigantx\\\/\",\"url\":\"https:\\\/\\\/www.clinicaalthea.com\\\/farmacia\\\/nb\\\/apt\\\/gigantx\\\/\",\"name\":\"GigantX - Clinica Althea\",\"isPartOf\":{\"@id\":\"https:\\\/\\\/www.clinicaalthea.com\\\/farmacia\\\/#website\"},\"primaryImageOfPage\":{\"@id\":\"https:\\\/\\\/www.clinicaalthea.com\\\/farmacia\\\/nb\\\/apt\\\/gigantx\\\/#primaryimage\"},\"image\":{\"@id\":\"https:\\\/\\\/www.clinicaalthea.com\\\/farmacia\\\/nb\\\/apt\\\/gigantx\\\/#primaryimage\"},\"thumbnailUrl\":\"https:\\\/\\\/www.clinicaalthea.com\\\/farmacia\\\/wp-content\\\/uploads\\\/2024\\\/05\\\/GigantX.jpg\",\"datePublished\":\"2024-05-13T12:30:55+00:00\",\"dateModified\":\"2024-05-13T12:33:28+00:00\",\"breadcrumb\":{\"@id\":\"https:\\\/\\\/www.clinicaalthea.com\\\/farmacia\\\/nb\\\/apt\\\/gigantx\\\/#breadcrumb\"},\"inLanguage\":\"pl-PL\",\"potentialAction\":[{\"@type\":\"ReadAction\",\"target\":[\"https:\\\/\\\/www.clinicaalthea.com\\\/farmacia\\\/nb\\\/apt\\\/gigantx\\\/\"]}]},{\"@type\":\"ImageObject\",\"inLanguage\":\"pl-PL\",\"@id\":\"https:\\\/\\\/www.clinicaalthea.com\\\/farmacia\\\/nb\\\/apt\\\/gigantx\\\/#primaryimage\",\"url\":\"https:\\\/\\\/www.clinicaalthea.com\\\/farmacia\\\/wp-content\\\/uploads\\\/2024\\\/05\\\/GigantX.jpg\",\"contentUrl\":\"https:\\\/\\\/www.clinicaalthea.com\\\/farmacia\\\/wp-content\\\/uploads\\\/2024\\\/05\\\/GigantX.jpg\",\"width\":768,\"height\":768,\"caption\":\"GigantX\"},{\"@type\":\"BreadcrumbList\",\"@id\":\"https:\\\/\\\/www.clinicaalthea.com\\\/farmacia\\\/nb\\\/apt\\\/gigantx\\\/#breadcrumb\",\"itemListElement\":[{\"@type\":\"ListItem\",\"position\":1,\"name\":\"Strona g\u0142\u00f3wna\",\"item\":\"https:\\\/\\\/www.clinicaalthea.com\\\/farmacia\\\/\"},{\"@type\":\"ListItem\",\"position\":2,\"name\":\"Produkty\",\"item\":\"https:\\\/\\\/www.clinicaalthea.com\\\/farmacia\\\/\"},{\"@type\":\"ListItem\",\"position\":3,\"name\":\"GigantX\"}]},{\"@type\":\"WebSite\",\"@id\":\"https:\\\/\\\/www.clinicaalthea.com\\\/farmacia\\\/#website\",\"url\":\"https:\\\/\\\/www.clinicaalthea.com\\\/farmacia\\\/\",\"name\":\"Clinica Althea\",\"description\":\"\",\"publisher\":{\"@id\":\"https:\\\/\\\/www.clinicaalthea.com\\\/farmacia\\\/#organization\"},\"potentialAction\":[{\"@type\":\"SearchAction\",\"target\":{\"@type\":\"EntryPoint\",\"urlTemplate\":\"https:\\\/\\\/www.clinicaalthea.com\\\/farmacia\\\/?s={search_term_string}\"},\"query-input\":{\"@type\":\"PropertyValueSpecification\",\"valueRequired\":true,\"valueName\":\"search_term_string\"}}],\"inLanguage\":\"pl-PL\"},{\"@type\":\"Organization\",\"@id\":\"https:\\\/\\\/www.clinicaalthea.com\\\/farmacia\\\/#organization\",\"name\":\"Clinica Althea\",\"url\":\"https:\\\/\\\/www.clinicaalthea.com\\\/farmacia\\\/\",\"logo\":{\"@type\":\"ImageObject\",\"inLanguage\":\"pl-PL\",\"@id\":\"https:\\\/\\\/www.clinicaalthea.com\\\/farmacia\\\/#\\\/schema\\\/logo\\\/image\\\/\",\"url\":\"https:\\\/\\\/www.clinicaalthea.com\\\/farmacia\\\/wp-content\\\/uploads\\\/2023\\\/12\\\/Jak-diagnozuje-sie-FAS_-objawy-kryteria-diagnostyczne-i-metody-diagnozowania-154162903.jpg\",\"contentUrl\":\"https:\\\/\\\/www.clinicaalthea.com\\\/farmacia\\\/wp-content\\\/uploads\\\/2023\\\/12\\\/Jak-diagnozuje-sie-FAS_-objawy-kryteria-diagnostyczne-i-metody-diagnozowania-154162903.jpg\",\"width\":1216,\"height\":832,\"caption\":\"Clinica Althea\"},\"image\":{\"@id\":\"https:\\\/\\\/www.clinicaalthea.com\\\/farmacia\\\/#\\\/schema\\\/logo\\\/image\\\/\"}}]}<\/script>\n<!-- \/ Yoast SEO plugin. -->","yoast_head_json":{"title":"GigantX - Clinica Althea","robots":{"index":"index","follow":"follow","max-snippet":"max-snippet:-1","max-image-preview":"max-image-preview:large","max-video-preview":"max-video-preview:-1"},"canonical":"https:\/\/www.clinicaalthea.com\/farmacia\/nb\/apt\/gigantx\/","og_locale":"pl_PL","og_type":"article","og_title":"GigantX - Clinica Althea","og_description":"519.00 NOK 1038.00 NOK","og_url":"https:\/\/www.clinicaalthea.com\/farmacia\/nb\/apt\/gigantx\/","og_site_name":"Clinica Althea","article_modified_time":"2024-05-13T12:33:28+00:00","og_image":[{"width":768,"height":768,"url":"https:\/\/www.clinicaalthea.com\/farmacia\/wp-content\/uploads\/2024\/05\/GigantX.jpg","type":"image\/jpeg"}],"twitter_card":"summary_large_image","twitter_misc":{"Szacowany czas czytania":"6 minut"},"schema":{"@context":"https:\/\/schema.org","@graph":[{"@type":"WebPage","@id":"https:\/\/www.clinicaalthea.com\/farmacia\/nb\/apt\/gigantx\/","url":"https:\/\/www.clinicaalthea.com\/farmacia\/nb\/apt\/gigantx\/","name":"GigantX - Clinica Althea","isPartOf":{"@id":"https:\/\/www.clinicaalthea.com\/farmacia\/#website"},"primaryImageOfPage":{"@id":"https:\/\/www.clinicaalthea.com\/farmacia\/nb\/apt\/gigantx\/#primaryimage"},"image":{"@id":"https:\/\/www.clinicaalthea.com\/farmacia\/nb\/apt\/gigantx\/#primaryimage"},"thumbnailUrl":"https:\/\/www.clinicaalthea.com\/farmacia\/wp-content\/uploads\/2024\/05\/GigantX.jpg","datePublished":"2024-05-13T12:30:55+00:00","dateModified":"2024-05-13T12:33:28+00:00","breadcrumb":{"@id":"https:\/\/www.clinicaalthea.com\/farmacia\/nb\/apt\/gigantx\/#breadcrumb"},"inLanguage":"pl-PL","potentialAction":[{"@type":"ReadAction","target":["https:\/\/www.clinicaalthea.com\/farmacia\/nb\/apt\/gigantx\/"]}]},{"@type":"ImageObject","inLanguage":"pl-PL","@id":"https:\/\/www.clinicaalthea.com\/farmacia\/nb\/apt\/gigantx\/#primaryimage","url":"https:\/\/www.clinicaalthea.com\/farmacia\/wp-content\/uploads\/2024\/05\/GigantX.jpg","contentUrl":"https:\/\/www.clinicaalthea.com\/farmacia\/wp-content\/uploads\/2024\/05\/GigantX.jpg","width":768,"height":768,"caption":"GigantX"},{"@type":"BreadcrumbList","@id":"https:\/\/www.clinicaalthea.com\/farmacia\/nb\/apt\/gigantx\/#breadcrumb","itemListElement":[{"@type":"ListItem","position":1,"name":"Strona g\u0142\u00f3wna","item":"https:\/\/www.clinicaalthea.com\/farmacia\/"},{"@type":"ListItem","position":2,"name":"Produkty","item":"https:\/\/www.clinicaalthea.com\/farmacia\/"},{"@type":"ListItem","position":3,"name":"GigantX"}]},{"@type":"WebSite","@id":"https:\/\/www.clinicaalthea.com\/farmacia\/#website","url":"https:\/\/www.clinicaalthea.com\/farmacia\/","name":"Clinica Althea","description":"","publisher":{"@id":"https:\/\/www.clinicaalthea.com\/farmacia\/#organization"},"potentialAction":[{"@type":"SearchAction","target":{"@type":"EntryPoint","urlTemplate":"https:\/\/www.clinicaalthea.com\/farmacia\/?s={search_term_string}"},"query-input":{"@type":"PropertyValueSpecification","valueRequired":true,"valueName":"search_term_string"}}],"inLanguage":"pl-PL"},{"@type":"Organization","@id":"https:\/\/www.clinicaalthea.com\/farmacia\/#organization","name":"Clinica Althea","url":"https:\/\/www.clinicaalthea.com\/farmacia\/","logo":{"@type":"ImageObject","inLanguage":"pl-PL","@id":"https:\/\/www.clinicaalthea.com\/farmacia\/#\/schema\/logo\/image\/","url":"https:\/\/www.clinicaalthea.com\/farmacia\/wp-content\/uploads\/2023\/12\/Jak-diagnozuje-sie-FAS_-objawy-kryteria-diagnostyczne-i-metody-diagnozowania-154162903.jpg","contentUrl":"https:\/\/www.clinicaalthea.com\/farmacia\/wp-content\/uploads\/2023\/12\/Jak-diagnozuje-sie-FAS_-objawy-kryteria-diagnostyczne-i-metody-diagnozowania-154162903.jpg","width":1216,"height":832,"caption":"Clinica Althea"},"image":{"@id":"https:\/\/www.clinicaalthea.com\/farmacia\/#\/schema\/logo\/image\/"}}]}},"lang":"nb","translations":{"nb":4765,"cs":4755,"pl":4753,"de":4756,"da":4757,"es":4758,"fi":4759,"fr":4760,"el":4761,"hu":4762,"it":4763,"nl":4764,"pt":4766,"ro":4767,"sv":4768},"pll_sync_post":[],"_links":{"self":[{"href":"https:\/\/www.clinicaalthea.com\/farmacia\/wp-json\/wp\/v2\/product\/4765","targetHints":{"allow":["GET"]}}],"collection":[{"href":"https:\/\/www.clinicaalthea.com\/farmacia\/wp-json\/wp\/v2\/product"}],"about":[{"href":"https:\/\/www.clinicaalthea.com\/farmacia\/wp-json\/wp\/v2\/types\/product"}],"replies":[{"embeddable":true,"href":"https:\/\/www.clinicaalthea.com\/farmacia\/wp-json\/wp\/v2\/comments?post=4765"}],"wp:featuredmedia":[{"embeddable":true,"href":"https:\/\/www.clinicaalthea.com\/farmacia\/wp-json\/wp\/v2\/media\/4754"}],"wp:attachment":[{"href":"https:\/\/www.clinicaalthea.com\/farmacia\/wp-json\/wp\/v2\/media?parent=4765"}],"wp:term":[{"taxonomy":"product_brand","embeddable":true,"href":"https:\/\/www.clinicaalthea.com\/farmacia\/wp-json\/wp\/v2\/product_brand?post=4765"},{"taxonomy":"product_cat","embeddable":true,"href":"https:\/\/www.clinicaalthea.com\/farmacia\/wp-json\/wp\/v2\/product_cat?post=4765"},{"taxonomy":"product_tag","embeddable":true,"href":"https:\/\/www.clinicaalthea.com\/farmacia\/wp-json\/wp\/v2\/product_tag?post=4765"}],"curies":[{"name":"wp","href":"https:\/\/api.w.org\/{rel}","templated":true}]}}