{"id":4756,"date":"2024-05-13T13:23:54","date_gmt":"2024-05-13T12:23:54","guid":{"rendered":"https:\/\/mayoguide.org\/produkty\/?post_type=product&#038;p=4756"},"modified":"2024-05-13T13:33:27","modified_gmt":"2024-05-13T12:33:27","slug":"gigantx","status":"publish","type":"product","link":"https:\/\/www.clinicaalthea.com\/farmacia\/de\/apt\/gigantx\/","title":{"rendered":"GigantX"},"content":{"rendered":"\n<p>GigantX ist ein nat\u00fcrliches <strong>Nahrungserg\u00e4nzungsmittel<\/strong>, das entwickelt wurde, um die sexuelle Leistungsf\u00e4higkeit zu verbessern und den Penis zu vergr\u00f6\u00dfern. Es ist mit einer einzigartigen Mischung von Inhaltsstoffen formuliert, die synergetisch arbeiten, um den Blutfluss zum Penis zu verbessern, was zu besseren Erektionen und sexueller Ausdauer f\u00fchrt. GigantX ist f\u00fcr die regelm\u00e4\u00dfige Anwendung konzipiert, um lang anhaltende Ergebnisse zu erzielen.<\/p>\n\n\n\n<blockquote class=\"wp-block-quote is-layout-flow wp-block-quote-is-layout-flow\">\n<p>GigantX wird aus sorgf\u00e4ltig ausgew\u00e4hlten nat\u00fcrlichen Inhaltsstoffen hergestellt, die wissenschaftlich erwiesenerma\u00dfen die sexuelle Gesundheit und Leistungsf\u00e4higkeit unterst\u00fctzen.<\/p>\n<\/blockquote>\n\n\n\n<p>Durch seine Eigenschaften kann GigantX die Blutzirkulation im Penis erh\u00f6hen und so die Gr\u00f6\u00dfe und Leistungsf\u00e4higkeit des Penis unterst\u00fctzen. Die regelm\u00e4\u00dfige Einnahme des Produkts kann zu einer verbesserten Erektionsqualit\u00e4t, einer l\u00e4ngeren Dauer des Geschlechtsverkehrs und einer erh\u00f6hten allgemeinen sexuellen Zufriedenheit f\u00fchren. Dar\u00fcber hinaus kann GigantX dazu beitragen, das Selbstvertrauen im Schlafzimmer zu st\u00e4rken und die Beziehungen zu den Partnern zu verbessern.<\/p>\n\n\n\n<h3 class=\"wp-block-heading\" id=\"h-sklad-jak-dzialaja-skladniki-gigantx\">Zusammensetzung &#8211; Wie wirken die Inhaltsstoffe von GigantX?<\/h3>\n\n\n\n<p>GigantX enth\u00e4lt eine sorgf\u00e4ltig ausgew\u00e4hlte Kombination von nat\u00fcrlichen Inhaltsstoffen, die seit Jahrhunderten als Aphrodisiaka und zur Unterst\u00fctzung der sexuellen Funktion verwendet werden. Einige der wichtigsten Inhaltsstoffe in GigantX sind:<\/p>\n\n\n\n<figure class=\"wp-block-table\"><table><tbody><tr><th>Inhaltsstoffe<\/th><th>Wirkung<\/th><\/tr><tr><td>Epimedium Sagittatum-Extrakt<\/td><td>Erh\u00f6ht die Durchblutung des Penis, verbessert die Erektion und die sexuelle Leistungsf\u00e4higkeit<\/td><\/tr><tr><td>Tribulus Terrestris-Extrakt<\/td><td>Unterst\u00fctzt die Testosteronaussch\u00fcttung und verbessert die Libido und Vitalit\u00e4t<\/td><\/tr><tr><td>L-Arginin<\/td><td>Wirkt als Vorl\u00e4ufer von Stickstoffmonoxid, das zur Vasodilatation und zur Erh\u00f6hung der Durchblutung des Penis beitr\u00e4gt<\/td><\/tr><tr><td>Maca-Wurzel-Extrakt<\/td><td>Wirkt als Adaptogen, unterst\u00fctzt die hormonelle Gesundheit und verbessert die Stimmung<\/td><\/tr><tr><td>Panax Ginseng-Wurzel-Extrakt<\/td><td>Erh\u00f6ht die Durchblutung des Penis und verbessert die allgemeine sexuelle Leistungsf\u00e4higkeit<\/td><\/tr><\/tbody><\/table><\/figure>\n\n\n\n<p>Alle diese Inhaltsstoffe wurden sorgf\u00e4ltig ausgew\u00e4hlt und wissenschaftlich erforscht, um die Wirksamkeit und Sicherheit von GigantX zu gew\u00e4hrleisten.<\/p>\n\n\n\n<h2 class=\"wp-block-heading\" id=\"h-jakie-sa-efekty-stosowania-gigantx\">Welche Auswirkungen hat die Einnahme von GigantX?<\/h2>\n\n\n\n<p>Die<b>Verwendung<\/b> des Nahrungserg\u00e4nzungsmittels GigantX hat zahlreiche Vorteile und <b>Wirkungen<\/b> f\u00fcr M\u00e4nner. Die regelm\u00e4\u00dfige Einnahme dieses Nahrungserg\u00e4nzungsmittels kann zu einer sp\u00fcrbaren Verbesserung der Qualit\u00e4t des Sexuallebens und zu einer Vergr\u00f6\u00dferung des Penis f\u00fchren.<\/p>\n\n\n\n<p>Eine der Hauptwirkungen der Verwendung von GigantX ist die Vergr\u00f6\u00dferung des Penis. Dank der speziell ausgew\u00e4hlten Inhaltsstoffe hilft dieses Pr\u00e4parat, das Gewebe des Penis zu st\u00e4rken, was zu seiner nat\u00fcrlichen Vergr\u00f6\u00dferung f\u00fchren kann. Dies bedeutet, dass M\u00e4nner eine gr\u00f6\u00dfere Gr\u00f6\u00dfe und eine gr\u00f6\u00dfere sexuelle Befriedigung genie\u00dfen k\u00f6nnen.<\/p>\n\n\n\n<p>Die Verbesserung der Erektionsqualit\u00e4t ist ebenfalls eine der Wirkungen, die durch die Einnahme von GigantX erreicht werden kann. Die regelm\u00e4\u00dfige Einnahme dieses Nahrungserg\u00e4nzungsmittels kann dazu beitragen, die Blutzirkulation um den Penis zu verbessern, was wiederum die Qualit\u00e4t und Dauer der Erektionen verbessert. Dies gibt M\u00e4nnern mehr Selbstvertrauen und eine gr\u00f6\u00dfere Zufriedenheit mit ihrem Sexualleben.<\/p>\n\n\n\n<p>Die<b>sexuelle Leistungsf\u00e4higkeit<\/b> ist ein weiterer Bereich, in dem GigantX eine messbare <b>Wirkung<\/b> haben kann. Die Dosis der nat\u00fcrlichen Inhaltsstoffe in diesem Pr\u00e4parat hilft, die Leistung w\u00e4hrend der sexuellen Aktivit\u00e4t zu steigern. M\u00e4nner k\u00f6nnen mehr Energie, eine bessere Kontrolle der Ejakulation und eine gr\u00f6\u00dfere Zufriedenheit mit der gesamten sexuellen Erfahrung erleben.<\/p>\n\n\n\n<figure class=\"wp-block-table\"><table><tbody><tr><th>Vorteile der Verwendung von GigantX:<\/th><\/tr><tr><td>Vergr\u00f6\u00dferung des Penis<\/td><\/tr><tr><td>Verbesserte Erektionsqualit\u00e4t<\/td><\/tr><tr><td>Gesteigerte <b>sexuelle Leistungsf\u00e4higkeit<\/b><\/td><\/tr><\/tbody><\/table><\/figure>\n\n\n\n<h2 class=\"wp-block-heading\" id=\"h-jak-stosowac-gigantx-dawkowanie-i-zalecenia\">Wie wird GigantX verwendet? &#8211; Dosierung und Empfehlungen<\/h2>\n\n\n\n<p>In diesem Abschnitt gehen wir darauf ein, wie man das Nahrungserg\u00e4nzungsmittel GigantX richtig anwendet und welche Dosierungen empfohlen sind. Nachfolgend finden Sie die Gebrauchsanweisung und andere wichtige Faktoren, die die Wirksamkeit dieses Nahrungserg\u00e4nzungsmittels beeinflussen.<\/p>\n\n\n\n<h3 class=\"wp-block-heading\" id=\"h-dawkowanie-gigantx\">Dosierung von GigantX<\/h3>\n\n\n\n<p>Um die besten <b>Ergebnisse mit<\/b> GigantX zu erzielen, wird empfohlen, sich an die angegebenen Dosierungen zu halten. Im Folgenden sind die <b>Dosierungsempfehlungen<\/b> aufgef\u00fchrt:<\/p>\n\n\n\n<ol class=\"wp-block-list\">\n<li>1 Kapsel GigantX einmal pro Tag.<\/li>\n\n\n\n<li>Es ist am besten, die Kapsel vor einer Mahlzeit mit ausreichend Wasser einzunehmen.<\/li>\n\n\n\n<li>Nehmen Sie die Kapsel t\u00e4glich, ohne Unterbrechung, \u00fcber den angegebenen Zeitraum ein, um optimale Ergebnisse zu erzielen.<\/li>\n<\/ol>\n\n\n\n<h3 class=\"wp-block-heading\" id=\"h-inne-zalecenia-i-czynniki-wplywajace-na-efektywnosc\">Weitere Empfehlungen und Faktoren, die die Wirksamkeit beeinflussen<\/h3>\n\n\n\n<p>Bei der Einnahme des Nahrungserg\u00e4nzungsmittels GigantX sollten Sie die folgenden <b>Empfehlungen<\/b> und Faktoren beachten, die die Wirksamkeit beeinflussen k\u00f6nnen:<\/p>\n\n\n\n<ul class=\"wp-block-list\">\n<li>Regelm\u00e4\u00dfigkeit der Einnahme: Um optimale Ergebnisse zu erzielen, wird eine regelm\u00e4\u00dfige <b>Einnahme von<\/b> GigantX empfohlen. Regelm\u00e4\u00dfigkeit ist der Schl\u00fcssel zum Erreichen der beabsichtigten Wirkung.<\/li>\n\n\n\n<li>Ausgewogene Ern\u00e4hrung und k\u00f6rperliche Aktivit\u00e4t: Das Nahrungserg\u00e4nzungsmittel GigantX kann in einen gesunden Lebensstil integriert werden, der eine ausgewogene Ern\u00e4hrung und regelm\u00e4\u00dfige k\u00f6rperliche Aktivit\u00e4t einschlie\u00dft. Auf diese Weise kann die <b>Wirkung des<\/b> Nahrungserg\u00e4nzungsmittels maximiert werden.<\/li>\n\n\n\n<li>Vermeiden von Stimulanzien: Drogen wie Alkohol und Zigaretten k\u00f6nnen sich negativ auf die Wirksamkeit des Nahrungserg\u00e4nzungsmittels auswirken. Es ist ratsam, sie w\u00e4hrend der Einnahme von GigantX einzuschr\u00e4nken oder zu vermeiden.<\/li>\n\n\n\n<li>Konsultieren Sie Ihren Arzt: Es ist immer ratsam, Ihren Arzt zu konsultieren, bevor Sie das Nahrungserg\u00e4nzungsmittel GigantX einnehmen, insbesondere wenn Sie eine bestehende Krankheit haben oder andere Medikamente einnehmen.<\/li>\n<\/ul>\n\n\n\n<p>Denken Sie daran, dass GigantX ein Nahrungserg\u00e4nzungsmittel ist und keinen Ersatz f\u00fcr eine gesunde Lebensweise darstellt. Die regelm\u00e4\u00dfige <b>Einnahme<\/b> kann Ihnen helfen, die beabsichtigten Ergebnisse zu erzielen, die mit einem verbesserten Sexualleben verbunden sind.<\/p>\n\n\n\n<h2 class=\"wp-block-heading\" id=\"h-gigantx-opinie-i-recenzje-forum\">GigantX &#8211; Meinungen und Bewertungen, Forum<\/h2>\n\n\n\n<p>Die Bewertungen von GigantX sind \u00fcberwiegend positiv. Sie k\u00f6nnen viele Experten- und Anwenderberichte online finden. Speziell f\u00fcr Sie haben wir mehrere Benutzer \u00fcber ihre Gef\u00fchle befragt.<\/p>\n\n\n\n<blockquote class=\"wp-block-quote is-layout-flow wp-block-quote-is-layout-flow\">\n<p><em>&#8220;Ich habe das GigantX Supplement gekauft, weil es mir von einem Freund empfohlen wurde. Anfangs war ich ziemlich skeptisch, aber die Aussicht auf einen gr\u00f6\u00dferen Penis und eine bessere sexuelle Kondition war sehr verlockend. Au\u00dferdem hat mich die Tatsache \u00fcberzeugt, dass GigantX nur nat\u00fcrliche Inhaltsstoffe enth\u00e4lt, was konnte es also schaden, es auszuprobieren? Der Preis pro Packung ist ziemlich exorbitant, aber ich werde beim n\u00e4chsten Mal eine gr\u00f6\u00dfere Packung kaufen. Ich bin gerade dabei, die erste Packung zu verbrauchen, und ich wei\u00df, dass ich auf jeden Fall weitere Packungen kaufen werde. Ich bemerke bereits eine Verbesserung des Zustands und der Gr\u00f6\u00dfe, meine Erektion ist st\u00e4rker und ich habe keine Probleme, sie aufrecht zu erhalten. Ich bin sehr zufrieden und w\u00fcrde es empfehlen.&#8221;<\/em><\/p>\n<\/blockquote>\n\n\n\n<blockquote class=\"wp-block-quote is-layout-flow wp-block-quote-is-layout-flow\">\n<p><em>&#8220;Ich hatte schon seit einiger Zeit einen R\u00fcckgang der Vitalit\u00e4t und der sexuellen Leistungsf\u00e4higkeit zu verzeichnen. Ich wollte etwas \u00e4ndern und meiner Frau mehr Anziehungskraft im Schlafzimmer geben. Deshalb habe ich mich entschlossen, GigantX Tabletten zu bestellen. Wie die GigantX-Tabletten wirken, kann man im Internet nachlesen, aber ich kann selbst best\u00e4tigen, dass sie ihre Aufgabe zu hundert Prozent erf\u00fcllen. Der Penis ist beeindruckender und die Erektion ist stark. Au\u00dferdem kann ich l\u00e4nger Liebe machen und die Erektion ist immer stark und die Empfindungen sind viel st\u00e4rker. Und meine und die meiner Frau!&#8221;<\/em><\/p>\n<\/blockquote>\n\n\n\n<h2 class=\"wp-block-heading\" id=\"h-gdzie-kupic-gigantx-cena\">Wo kann man GigantX kaufen &#8211; Preis<\/h2>\n\n\n\n<p>Der<b>offizielle Hersteller von<\/b> GigantX stellt sicher, dass das Originalpr\u00e4parat nur auf der offiziellen Website gekauft werden kann. Daher ist es ratsam, sich vor anderen Websites und Verkaufsquellen in Acht zu nehmen, um gef\u00e4lschte oder minderwertige Produkte zu vermeiden. Auf diese Weise wird sichergestellt, dass Sie das Original GigantX erhalten und die Vorteile seiner Verwendung voll aussch\u00f6pfen k\u00f6nnen.<\/p>\n\n\n\n<p>Der<b>Preis von<\/b> GigantX kann je nach aktuellen Sonderangeboten und Paketen variieren. Informieren Sie sich \u00fcber die aktuellen Angebote auf der offiziellen Website des Herstellers, um das attraktivste Preisangebot zu erhalten. Denken Sie daran, dass die hohe Qualit\u00e4t des Produkts und die Wirksamkeit der Erg\u00e4nzung oft mit einem etwas h\u00f6heren Preis einhergehen.<\/p>\n\n\n\n<h2 class=\"wp-block-heading\" id=\"h-potencjalne-skutki-uboczne-i-przeciwwskazania-do-stosowania-gigantx\">M\u00f6gliche Nebenwirkungen und Kontraindikationen von GigantX<\/h2>\n\n\n\n<p>Obwohl GigantX ein wirksames Nahrungserg\u00e4nzungsmittel zur Verbesserung Ihres Sexuallebens ist, gibt es die M\u00f6glichkeit einiger Nebenwirkungen und Kontraindikationen, \u00fcber die Sie sich vor Beginn der Einnahme bewusst sein sollten.<\/p>\n\n\n\n<p>Es ist wichtig, daran zu denken, dass jeder K\u00f6rper anders reagiert, so dass es m\u00f6glich ist, unerw\u00fcnschte Nebenwirkungen wie Kopfschmerzen, \u00dcbelkeit oder Magen-Darm-Beschwerden zu erfahren. Wenn solche Symptome auftreten, wird empfohlen, GigantX abzusetzen und einen Arzt aufzusuchen.<\/p>\n\n\n\n<p>Kontraindikationen f\u00fcr die Einnahme von GigantX sind Menschen unter 18 Jahren, schwangere und stillende Frauen sowie Menschen mit bestehenden Herz-Kreislauf-Erkrankungen, Leber- oder Nierenerkrankungen, Bluthochdruck oder Diabetes. In diesen F\u00e4llen sollte vor Beginn der Behandlung ein Arzt oder Apotheker konsultiert werden.<\/p>\n\n\n\n<p>Um die <b>Sicherheit<\/b> zu gew\u00e4hrleisten und unerw\u00fcnschte Wechselwirkungen zu vermeiden, sollten Personen, die andere Arzneimittel, wie z. B. blutdrucksenkende Mittel oder Arzneimittel gegen erektile Dysfunktion, einnehmen, ebenfalls einen Arzt konsultieren, bevor sie mit GigantX beginnen.<\/p>\n","protected":false},"excerpt":{"rendered":"<p><strong>49.00 \u20ac<\/strong><\/p>\n<p><del>98.00 \u20ac<\/del><\/p>\n<p><strong>[date_countdown]<\/strong><\/p>\n","protected":false},"featured_media":4754,"comment_status":"open","ping_status":"closed","template":"","meta":{"neve_meta_sidebar":"","neve_meta_container":"","neve_meta_enable_content_width":"","neve_meta_content_width":0,"neve_meta_title_alignment":"","neve_meta_author_avatar":"","neve_post_elements_order":"","neve_meta_disable_header":"","neve_meta_disable_footer":"","neve_meta_disable_title":"","neve_meta_reading_time":""},"product_brand":[],"product_cat":[275],"product_tag":[],"class_list":{"0":"post-4756","1":"product","2":"type-product","3":"status-publish","4":"has-post-thumbnail","6":"product_cat-sexuelle-gesundheit","8":"first","9":"instock","10":"shipping-taxable","11":"product-type-external"},"yoast_head":"<!-- This site is optimized with the Yoast SEO plugin v27.4 - https:\/\/yoast.com\/product\/yoast-seo-wordpress\/ -->\n<title>GigantX - Clinica Althea<\/title>\n<meta name=\"robots\" content=\"index, follow, max-snippet:-1, max-image-preview:large, max-video-preview:-1\" \/>\n<link rel=\"canonical\" href=\"https:\/\/www.clinicaalthea.com\/farmacia\/de\/apt\/gigantx\/\" \/>\n<meta property=\"og:locale\" content=\"pl_PL\" \/>\n<meta property=\"og:type\" content=\"article\" \/>\n<meta property=\"og:title\" content=\"GigantX - Clinica Althea\" \/>\n<meta property=\"og:description\" content=\"49.00 \u20ac 98.00 \u20ac\" \/>\n<meta property=\"og:url\" content=\"https:\/\/www.clinicaalthea.com\/farmacia\/de\/apt\/gigantx\/\" \/>\n<meta property=\"og:site_name\" content=\"Clinica Althea\" \/>\n<meta property=\"article:modified_time\" content=\"2024-05-13T12:33:27+00:00\" \/>\n<meta property=\"og:image\" content=\"https:\/\/www.clinicaalthea.com\/farmacia\/wp-content\/uploads\/2024\/05\/GigantX.jpg\" \/>\n\t<meta property=\"og:image:width\" content=\"768\" \/>\n\t<meta property=\"og:image:height\" content=\"768\" \/>\n\t<meta property=\"og:image:type\" content=\"image\/jpeg\" \/>\n<meta name=\"twitter:card\" content=\"summary_large_image\" \/>\n<meta name=\"twitter:label1\" content=\"Szacowany czas czytania\" \/>\n\t<meta name=\"twitter:data1\" content=\"7 minut\" \/>\n<script type=\"application\/ld+json\" class=\"yoast-schema-graph\">{\"@context\":\"https:\\\/\\\/schema.org\",\"@graph\":[{\"@type\":\"WebPage\",\"@id\":\"https:\\\/\\\/www.clinicaalthea.com\\\/farmacia\\\/de\\\/apt\\\/gigantx\\\/\",\"url\":\"https:\\\/\\\/www.clinicaalthea.com\\\/farmacia\\\/de\\\/apt\\\/gigantx\\\/\",\"name\":\"GigantX - Clinica Althea\",\"isPartOf\":{\"@id\":\"https:\\\/\\\/www.clinicaalthea.com\\\/farmacia\\\/#website\"},\"primaryImageOfPage\":{\"@id\":\"https:\\\/\\\/www.clinicaalthea.com\\\/farmacia\\\/de\\\/apt\\\/gigantx\\\/#primaryimage\"},\"image\":{\"@id\":\"https:\\\/\\\/www.clinicaalthea.com\\\/farmacia\\\/de\\\/apt\\\/gigantx\\\/#primaryimage\"},\"thumbnailUrl\":\"https:\\\/\\\/www.clinicaalthea.com\\\/farmacia\\\/wp-content\\\/uploads\\\/2024\\\/05\\\/GigantX.jpg\",\"datePublished\":\"2024-05-13T12:23:54+00:00\",\"dateModified\":\"2024-05-13T12:33:27+00:00\",\"breadcrumb\":{\"@id\":\"https:\\\/\\\/www.clinicaalthea.com\\\/farmacia\\\/de\\\/apt\\\/gigantx\\\/#breadcrumb\"},\"inLanguage\":\"pl-PL\",\"potentialAction\":[{\"@type\":\"ReadAction\",\"target\":[\"https:\\\/\\\/www.clinicaalthea.com\\\/farmacia\\\/de\\\/apt\\\/gigantx\\\/\"]}]},{\"@type\":\"ImageObject\",\"inLanguage\":\"pl-PL\",\"@id\":\"https:\\\/\\\/www.clinicaalthea.com\\\/farmacia\\\/de\\\/apt\\\/gigantx\\\/#primaryimage\",\"url\":\"https:\\\/\\\/www.clinicaalthea.com\\\/farmacia\\\/wp-content\\\/uploads\\\/2024\\\/05\\\/GigantX.jpg\",\"contentUrl\":\"https:\\\/\\\/www.clinicaalthea.com\\\/farmacia\\\/wp-content\\\/uploads\\\/2024\\\/05\\\/GigantX.jpg\",\"width\":768,\"height\":768,\"caption\":\"GigantX\"},{\"@type\":\"BreadcrumbList\",\"@id\":\"https:\\\/\\\/www.clinicaalthea.com\\\/farmacia\\\/de\\\/apt\\\/gigantx\\\/#breadcrumb\",\"itemListElement\":[{\"@type\":\"ListItem\",\"position\":1,\"name\":\"Strona g\u0142\u00f3wna\",\"item\":\"https:\\\/\\\/www.clinicaalthea.com\\\/farmacia\\\/\"},{\"@type\":\"ListItem\",\"position\":2,\"name\":\"Produkty\",\"item\":\"https:\\\/\\\/www.clinicaalthea.com\\\/farmacia\\\/\"},{\"@type\":\"ListItem\",\"position\":3,\"name\":\"GigantX\"}]},{\"@type\":\"WebSite\",\"@id\":\"https:\\\/\\\/www.clinicaalthea.com\\\/farmacia\\\/#website\",\"url\":\"https:\\\/\\\/www.clinicaalthea.com\\\/farmacia\\\/\",\"name\":\"Clinica Althea\",\"description\":\"\",\"publisher\":{\"@id\":\"https:\\\/\\\/www.clinicaalthea.com\\\/farmacia\\\/#organization\"},\"potentialAction\":[{\"@type\":\"SearchAction\",\"target\":{\"@type\":\"EntryPoint\",\"urlTemplate\":\"https:\\\/\\\/www.clinicaalthea.com\\\/farmacia\\\/?s={search_term_string}\"},\"query-input\":{\"@type\":\"PropertyValueSpecification\",\"valueRequired\":true,\"valueName\":\"search_term_string\"}}],\"inLanguage\":\"pl-PL\"},{\"@type\":\"Organization\",\"@id\":\"https:\\\/\\\/www.clinicaalthea.com\\\/farmacia\\\/#organization\",\"name\":\"Clinica Althea\",\"url\":\"https:\\\/\\\/www.clinicaalthea.com\\\/farmacia\\\/\",\"logo\":{\"@type\":\"ImageObject\",\"inLanguage\":\"pl-PL\",\"@id\":\"https:\\\/\\\/www.clinicaalthea.com\\\/farmacia\\\/#\\\/schema\\\/logo\\\/image\\\/\",\"url\":\"https:\\\/\\\/www.clinicaalthea.com\\\/farmacia\\\/wp-content\\\/uploads\\\/2023\\\/12\\\/Jak-diagnozuje-sie-FAS_-objawy-kryteria-diagnostyczne-i-metody-diagnozowania-154162903.jpg\",\"contentUrl\":\"https:\\\/\\\/www.clinicaalthea.com\\\/farmacia\\\/wp-content\\\/uploads\\\/2023\\\/12\\\/Jak-diagnozuje-sie-FAS_-objawy-kryteria-diagnostyczne-i-metody-diagnozowania-154162903.jpg\",\"width\":1216,\"height\":832,\"caption\":\"Clinica Althea\"},\"image\":{\"@id\":\"https:\\\/\\\/www.clinicaalthea.com\\\/farmacia\\\/#\\\/schema\\\/logo\\\/image\\\/\"}}]}<\/script>\n<!-- \/ Yoast SEO plugin. -->","yoast_head_json":{"title":"GigantX - Clinica Althea","robots":{"index":"index","follow":"follow","max-snippet":"max-snippet:-1","max-image-preview":"max-image-preview:large","max-video-preview":"max-video-preview:-1"},"canonical":"https:\/\/www.clinicaalthea.com\/farmacia\/de\/apt\/gigantx\/","og_locale":"pl_PL","og_type":"article","og_title":"GigantX - Clinica Althea","og_description":"49.00 \u20ac 98.00 \u20ac","og_url":"https:\/\/www.clinicaalthea.com\/farmacia\/de\/apt\/gigantx\/","og_site_name":"Clinica Althea","article_modified_time":"2024-05-13T12:33:27+00:00","og_image":[{"width":768,"height":768,"url":"https:\/\/www.clinicaalthea.com\/farmacia\/wp-content\/uploads\/2024\/05\/GigantX.jpg","type":"image\/jpeg"}],"twitter_card":"summary_large_image","twitter_misc":{"Szacowany czas czytania":"7 minut"},"schema":{"@context":"https:\/\/schema.org","@graph":[{"@type":"WebPage","@id":"https:\/\/www.clinicaalthea.com\/farmacia\/de\/apt\/gigantx\/","url":"https:\/\/www.clinicaalthea.com\/farmacia\/de\/apt\/gigantx\/","name":"GigantX - Clinica Althea","isPartOf":{"@id":"https:\/\/www.clinicaalthea.com\/farmacia\/#website"},"primaryImageOfPage":{"@id":"https:\/\/www.clinicaalthea.com\/farmacia\/de\/apt\/gigantx\/#primaryimage"},"image":{"@id":"https:\/\/www.clinicaalthea.com\/farmacia\/de\/apt\/gigantx\/#primaryimage"},"thumbnailUrl":"https:\/\/www.clinicaalthea.com\/farmacia\/wp-content\/uploads\/2024\/05\/GigantX.jpg","datePublished":"2024-05-13T12:23:54+00:00","dateModified":"2024-05-13T12:33:27+00:00","breadcrumb":{"@id":"https:\/\/www.clinicaalthea.com\/farmacia\/de\/apt\/gigantx\/#breadcrumb"},"inLanguage":"pl-PL","potentialAction":[{"@type":"ReadAction","target":["https:\/\/www.clinicaalthea.com\/farmacia\/de\/apt\/gigantx\/"]}]},{"@type":"ImageObject","inLanguage":"pl-PL","@id":"https:\/\/www.clinicaalthea.com\/farmacia\/de\/apt\/gigantx\/#primaryimage","url":"https:\/\/www.clinicaalthea.com\/farmacia\/wp-content\/uploads\/2024\/05\/GigantX.jpg","contentUrl":"https:\/\/www.clinicaalthea.com\/farmacia\/wp-content\/uploads\/2024\/05\/GigantX.jpg","width":768,"height":768,"caption":"GigantX"},{"@type":"BreadcrumbList","@id":"https:\/\/www.clinicaalthea.com\/farmacia\/de\/apt\/gigantx\/#breadcrumb","itemListElement":[{"@type":"ListItem","position":1,"name":"Strona g\u0142\u00f3wna","item":"https:\/\/www.clinicaalthea.com\/farmacia\/"},{"@type":"ListItem","position":2,"name":"Produkty","item":"https:\/\/www.clinicaalthea.com\/farmacia\/"},{"@type":"ListItem","position":3,"name":"GigantX"}]},{"@type":"WebSite","@id":"https:\/\/www.clinicaalthea.com\/farmacia\/#website","url":"https:\/\/www.clinicaalthea.com\/farmacia\/","name":"Clinica Althea","description":"","publisher":{"@id":"https:\/\/www.clinicaalthea.com\/farmacia\/#organization"},"potentialAction":[{"@type":"SearchAction","target":{"@type":"EntryPoint","urlTemplate":"https:\/\/www.clinicaalthea.com\/farmacia\/?s={search_term_string}"},"query-input":{"@type":"PropertyValueSpecification","valueRequired":true,"valueName":"search_term_string"}}],"inLanguage":"pl-PL"},{"@type":"Organization","@id":"https:\/\/www.clinicaalthea.com\/farmacia\/#organization","name":"Clinica Althea","url":"https:\/\/www.clinicaalthea.com\/farmacia\/","logo":{"@type":"ImageObject","inLanguage":"pl-PL","@id":"https:\/\/www.clinicaalthea.com\/farmacia\/#\/schema\/logo\/image\/","url":"https:\/\/www.clinicaalthea.com\/farmacia\/wp-content\/uploads\/2023\/12\/Jak-diagnozuje-sie-FAS_-objawy-kryteria-diagnostyczne-i-metody-diagnozowania-154162903.jpg","contentUrl":"https:\/\/www.clinicaalthea.com\/farmacia\/wp-content\/uploads\/2023\/12\/Jak-diagnozuje-sie-FAS_-objawy-kryteria-diagnostyczne-i-metody-diagnozowania-154162903.jpg","width":1216,"height":832,"caption":"Clinica Althea"},"image":{"@id":"https:\/\/www.clinicaalthea.com\/farmacia\/#\/schema\/logo\/image\/"}}]}},"lang":"de","translations":{"de":4756,"cs":4755,"pl":4753,"da":4757,"es":4758,"fi":4759,"fr":4760,"el":4761,"hu":4762,"it":4763,"nl":4764,"nb":4765,"pt":4766,"ro":4767,"sv":4768},"pll_sync_post":[],"_links":{"self":[{"href":"https:\/\/www.clinicaalthea.com\/farmacia\/wp-json\/wp\/v2\/product\/4756","targetHints":{"allow":["GET"]}}],"collection":[{"href":"https:\/\/www.clinicaalthea.com\/farmacia\/wp-json\/wp\/v2\/product"}],"about":[{"href":"https:\/\/www.clinicaalthea.com\/farmacia\/wp-json\/wp\/v2\/types\/product"}],"replies":[{"embeddable":true,"href":"https:\/\/www.clinicaalthea.com\/farmacia\/wp-json\/wp\/v2\/comments?post=4756"}],"wp:featuredmedia":[{"embeddable":true,"href":"https:\/\/www.clinicaalthea.com\/farmacia\/wp-json\/wp\/v2\/media\/4754"}],"wp:attachment":[{"href":"https:\/\/www.clinicaalthea.com\/farmacia\/wp-json\/wp\/v2\/media?parent=4756"}],"wp:term":[{"taxonomy":"product_brand","embeddable":true,"href":"https:\/\/www.clinicaalthea.com\/farmacia\/wp-json\/wp\/v2\/product_brand?post=4756"},{"taxonomy":"product_cat","embeddable":true,"href":"https:\/\/www.clinicaalthea.com\/farmacia\/wp-json\/wp\/v2\/product_cat?post=4756"},{"taxonomy":"product_tag","embeddable":true,"href":"https:\/\/www.clinicaalthea.com\/farmacia\/wp-json\/wp\/v2\/product_tag?post=4756"}],"curies":[{"name":"wp","href":"https:\/\/api.w.org\/{rel}","templated":true}]}}