{"id":4742,"date":"2024-05-13T11:45:45","date_gmt":"2024-05-13T10:45:45","guid":{"rendered":"https:\/\/mayoguide.org\/produkty\/?post_type=product&#038;p=4742"},"modified":"2024-05-13T11:47:39","modified_gmt":"2024-05-13T10:47:39","slug":"flexomore","status":"publish","type":"product","link":"https:\/\/www.clinicaalthea.com\/farmacia\/nl\/apt\/flexomore\/","title":{"rendered":"Flexomore"},"content":{"rendered":"\n<p>Flexomore is een <b>voedingssupplement<\/b> dat speciaal is samengesteld om gezonde gewrichten en botten te ondersteunen. <b>De werking van Flexomore<\/b> is gebaseerd op de levering van voedingsstoffen die essentieel zijn voor de goede werking en regeneratie van gewrichtsweefsels.<\/p>\n\n\n\n<p>De<b>actieve bestanddelen<\/b> in Flexomore hebben een effectieve beschermende werking op gewrichten en verminderen ontstekingen. Daarnaast ondersteunt het supplement de regeneratieve processen van het bewegingsapparaat. Bij regelmatig gebruik van Flexomore kan gewrichtspijn worden verlicht en de beweeglijkheid van de gewrichten worden verbeterd.<\/p>\n\n\n\n<p><b>De samenstelling van Flexomore<\/b> is zorgvuldig geselecteerd en bevat onder andere type II collageen, chondro\u00eftine, glucosamine, MSM, vitamine C en D3, en plantaardige ingredi\u00ebnten met ontstekingsremmende eigenschappen. Deze <b>natuurlijke<\/b> actieve <b>ingredi\u00ebnten<\/b> werken synergetisch om gezonde gewrichten en regeneratieve processen in het lichaam te ondersteunen.<\/p>\n\n\n\n<p>Flexomore is een veilig voedingssupplement dat regelmatig kan worden ingenomen om de gezondheid van de gewrichten te verbeteren. Het werkt effectief om de gewrichten te beschermen en te helpen bij regeneratieprocessen, waardoor pijn wordt verlicht en de gewrichtsmobiliteit wordt verbeterd.<\/p>\n\n\n\n<figure class=\"wp-block-table\"><table><tbody><tr><th>Effect van Flexomore<\/th><th>Doeltreffendheid<\/th><th>Gewrichtsbescherming<\/th><th>Regeneratie<\/th><\/tr><tr><td>Ondersteuning van gezonde gewrichten en botten<\/td><td><b>Vermindering van gewrichtspijn<\/b> <\/td><td>Anti-inflammatoire maatregelen<\/td><td><b>Weefselregeneratie<\/b> <\/td><\/tr><tr><td>Aanvoer van voedingsstoffen<\/td><td><b>Vergroten van de beweeglijkheid van gewrichten<\/b><\/td><td>Bescherming tegen schade<\/td><td>&#8211;<\/td><\/tr><\/tbody><\/table><\/figure>\n\n\n\n<h2 class=\"wp-block-heading\" id=\"h-flexomore-efekty-stosowania\">Flexomore &#8211; effecten van gebruik<\/h2>\n\n\n\n<p>Regelmatig gebruik van het voedingssupplement Flexomore kan veel gunstige effecten hebben op de gezondheid van de gewrichten en een verbeterde gewrichtsfunctie. Mensen die ervoor kiezen Flexomore regelmatig in te nemen, kunnen het volgende ervaren:<\/p>\n\n\n\n<ol class=\"wp-block-list\">\n<li><strong>Een vermindering van gewrichtspijn:<\/strong> Flexomore bevat <b>actieve ingredi\u00ebnten<\/b> die gewrichtspijn helpen verlichten. Regelmatig gebruik van het supplement kan de pijn verlichten, waardoor de levenskwaliteit verbetert.<\/li>\n\n\n\n<li><strong>Vermindering van ontstekingen:<\/strong> De ontstekingsremmende werking van de ingredi\u00ebnten in Flexomore helpt ontstekingen rond de gewrichten te verminderen, wat bijdraagt aan een betere mobiliteit.<\/li>\n\n\n\n<li><strong>Verbetering van de gewrichtsmobiliteit:<\/strong> Flexomore ondersteunt de flexibiliteit en beweeglijkheid van de gewrichten, wat kan bijdragen aan een groter bewegingsbereik van de gewrichten.<\/li>\n\n\n\n<li><strong>Verbetering van gewrichtsprestaties en uithoudingsvermogen:<\/strong> Regelmatig <b>gebruik van Flexomore<\/b> helpt om de gewrichtsweefsels te versterken, wat kan leiden tot meer gewrichtskracht en -capaciteit, vooral bij fysiek actieve mensen.<\/li>\n\n\n\n<li><strong>Regeneratie van gewrichtsweefsel:<\/strong> Flexomore levert voedingsstoffen die essentieel zijn voor een goede regeneratie van gewrichtsweefsel. Dit kan het genezingsproces versnellen en de gezondheid van de gewrichten verbeteren.<\/li>\n\n\n\n<li><strong>Gewrichten beschermen tegen schade:<\/strong> De <b>actieve ingredi\u00ebnten<\/b> in Flexomore helpen de gewrichten te beschermen tegen schade en ondersteunen de algehele gezondheid van de gewrichten.<\/li>\n<\/ol>\n\n\n\n<p>Veel mensen melden, na een paar weken regelmatig gebruik van Flexomore, aanzienlijke verlichting van gewrichtspijn, verbeterde mobiliteit en algehele levenskwaliteit. Dit bevestigt de <b>effectiviteit van<\/b> het supplement bij het ondersteunen van de gezondheid van gewrichten en botten.<\/p>\n\n\n\n<h2 class=\"wp-block-heading\" id=\"h-jak-stosowac-flexomore-dawkowanie-i-zalecenia\">Hoe gebruik je Flexomore? &#8211; Dosering en aanbevelingen<\/h2>\n\n\n\n<p><b>De dosering van<\/b> Flexomore is afhankelijk van de individuele behoeften en de conditie van het lichaam. Voor de beste resultaten wordt aanbevolen om het supplement in te nemen zoals hieronder wordt aanbevolen:<\/p>\n\n\n\n<ol class=\"wp-block-list\">\n<li>Neem dagelijks \u00e9\u00e9n Flexomore-capsule.<\/li>\n\n\n\n<li>Het is het beste om het supplement &#8216;s ochtends voor de maaltijd in te nemen.<\/li>\n\n\n\n<li>Regelmaat is de sleutel &#8211; het is aan te raden om het supplement regelmatig in te nemen om het volledige potentieel ervan te benutten.<\/li>\n<\/ol>\n\n\n\n<p>Het is een goed idee om je arts of apotheker te raadplegen voordat je Flexomore inneemt, vooral als je een bestaande medische aandoening hebt of andere medicijnen gebruikt. Zo weet je zeker dat het <b>gebruik van Flexomore<\/b> geschikt is voor jouw gezondheidssituatie.<\/p>\n\n\n\n<p>Door de gebruiksaanwijzing van Flexomore te lezen en een arts of apotheker te raadplegen, kun je de dosering optimaliseren voor jouw individuele behoeften en de beste resultaten behalen.<\/p>\n\n\n\n<figure class=\"wp-block-table\"><table><thead><tr><th>Reden voor gebruik<\/th><th>Dosering<\/th><\/tr><\/thead><tbody><tr><td>Ondersteuning van de gezondheid van gewrichten en botten<\/td><td>1 capsule per dag voor de maaltijd<\/td><\/tr><tr><td>Ondersteuning van de regeneratie van gewrichtsweefsel<\/td><td>1 capsule per dag voor de maaltijd<\/td><\/tr><tr><td><b>Vermindering van gewrichtspijn<\/b> <\/td><td>1 capsule per dag voor de maaltijd<\/td><\/tr><\/tbody><\/table><\/figure>\n\n\n\n<h2 class=\"wp-block-heading\" id=\"h-flexomore-opinie-i-recenzje-forum\">Flexomore &#8211; Meningen en beoordelingen, Forum<\/h2>\n\n\n\n<p><b>De feedback<\/b> van<b>gebruikers<\/b> over Flexomore is over het algemeen positief. Veel mensen melden een verbeterde kwaliteit van leven na regelmatig gebruik van Flexomore. Mensen die gewrichtsproblemen hadden en pijn ervoeren, merkten al na een paar weken gebruik een aanzienlijke verlichting. Volgens gebruikers is Flexomore een effectief voedingssupplement dat de <b>gezondheid van gewrichten<\/b> en botten ondersteunt.<\/p>\n\n\n\n<blockquote class=\"wp-block-quote is-layout-flow wp-block-quote-is-layout-flow\">\n<p>&#8220;Flexomore is voor mij een redder in nood geweest. Ik werk als personal trainer en door mijn dagelijkse fysieke activiteiten werden mijn gewrichten zwaar belast. Nadat ik Flexomore een paar weken had gebruikt, merkte ik een aanzienlijke verbetering in de kwaliteit van mijn training en een vermindering van de gewrichtspijn. Ik zou dit supplement aan iedereen aanraden die goed voor zijn gewrichten wil zorgen.&#8221; &#8211; Andrew, personal trainer<\/p>\n<\/blockquote>\n\n\n\n<p>Het Flexomore<b>gebruikersforum<\/b> staat vol met positieve feedback over dit voedingssupplement. Gebruikers delen hun ervaringen en de effecten die ze hebben bereikt na regelmatig gebruik van Flexomore. Velen melden een verbeterde mobiliteit van de gewrichten, vermindering van pijn en een algeheel verbeterd gevoel van welzijn.<\/p>\n\n\n\n<p>Het is goed om in gedachten te houden dat <b>de meningen van gebruikers<\/b> kunnen vari\u00ebren, omdat elk lichaam individueel reageert op voedingssupplementen. Op basis van de verzamelde feedback is het echter duidelijk dat Flexomore hoog aangeschreven staat bij degenen die zich zorgen maken over de <b>gezondheid<\/b> van gewrichten en botten.<\/p>\n\n\n\n<figure class=\"wp-block-table\"><table><tbody><tr><th>Mening<\/th><th>Beoordeling<\/th><\/tr><tr><td>&#8220;Flexomore is het beste supplement dat ik ooit heb gebruikt. Na een paar weken voel ik dat mijn gewrichten veel soepeler en minder pijnlijk zijn. Ik raad het ten zeerste aan!&#8221;<\/td><td>&#8211; Anna<\/td><\/tr><tr><td>&#8220;Flexomore heeft mijn levenskwaliteit verbeterd. Voordat ik het gebruikte, was ik elke dag beperkt door gewrichtspijn. Nu kan ik genieten van fysieke activiteiten zonder enig ongemak.&#8221;<\/td><td>&#8211; Jan<\/td><\/tr><tr><td>&#8220;Er zijn geen woorden om te beschrijven hoeveel Flexomore heeft geholpen om mijn conditie te verbeteren. Ik heb jarenlang geworsteld met chronische gewrichtsklachten en nu kan ik normaal functioneren zonder pijn. Ik raad het iedereen aan!&#8221;<\/td><td>&#8211; Catherine<\/td><\/tr><\/tbody><\/table><\/figure>\n\n\n\n<h2 class=\"wp-block-heading\" id=\"h-sklad-flexomore-co-zawiera\">Flexomore samenstelling &#8211; Wat zit erin?<\/h2>\n\n\n\n<p>Flexomore is een voedingssupplement met zorgvuldig geselecteerde actieve ingredi\u00ebnten die een positief effect hebben op de gezondheid van gewrichten en botten. De samenstelling van Flexomore bevat <b>natuurlijke ingredi\u00ebnten<\/b> met een bewezen werking. Hier is een lijst van de belangrijkste actieve ingredi\u00ebnten die Flexomore onderscheiden:<\/p>\n\n\n\n<ul class=\"wp-block-list\">\n<li>Type II collageen: Is de belangrijkste bouwsteen van gewrichtskraakbeen en zorgt voor de flexibiliteit en stevigheid ervan.<\/li>\n\n\n\n<li>Chondro\u00eftine: versterkt het gewrichtskraakbeen en helpt de gezondheid en flexibiliteit ervan te behouden.<\/li>\n\n\n\n<li>Glucosamine: Heeft als doel beschadigd gewrichtskraakbeen weer op te bouwen en pijn te verminderen.<\/li>\n\n\n\n<li>MSM (Methylsulfonylmethaan): Helpt ontstekingen te verminderen en ondersteunt de regeneratieve processen van gewrichtsweefsels.<\/li>\n\n\n\n<li>Vitamine C: Heeft antioxiderende eigenschappen en be\u00efnvloedt de collageenproductie om de gezondheid van de gewrichten te ondersteunen.<\/li>\n\n\n\n<li>Vitamine D3: Helpt bij het behoud van gezonde botten en gewrichten.<\/li>\n\n\n\n<li>Plantaardige ingredi\u00ebnten met ontstekingsremmende eigenschappen: Zoals gemberextract of kurkuma-extract, die ontstekingen en pijn kunnen helpen verminderen.<\/li>\n<\/ul>\n\n\n\n<p>Alle ingredi\u00ebnten in Flexomore zijn zorgvuldig uitgebalanceerd en worden goed verdragen door het lichaam, waardoor het een veilig en effectief voedingssupplement is om de gezondheid van gewrichten en botten te ondersteunen.<\/p>\n\n\n\n<h2 class=\"wp-block-heading\" id=\"h-gdzie-kupic-i-ile-kosztuje-flexomore-cena\">Waar te koop en Hoeveel kost Flexomore &#8211; prijs<\/h2>\n\n\n\n<p>Flexomore kan worden gekocht op de offici\u00eble website van de fabrikant en bij geselecteerde apotheken en online winkels. De prijs van het supplement kan vari\u00ebren afhankelijk van waar je het koopt. Het wordt aanbevolen om <b>te kopen<\/b> via de offici\u00eble website van de fabrikant om zeker te zijn van de echtheid van het product.<\/p>\n\n\n\n<p>Om <b>Flexomore<\/b> veilig te kopen, is het aan te raden om de offici\u00eble website van de fabrikant te bezoeken, waar je gedetailleerde informatie over het product kunt vinden en direct kunt kopen. Door te kopen via de offici\u00eble website van de fabrikant, ben je verzekerd van een origineel <b>voedingssupplement<\/b> en heb je toegang tot eventuele promoties of kortingen.<\/p>\n\n\n\n<p>De prijs van het supplement kan vari\u00ebren afhankelijk van waar je koopt en eventuele promoties of kortingen van de fabrikant. Het is daarom de moeite waard om prijzen te vergelijken en de beste deal te kiezen.<\/p>\n\n\n\n<p>Vergeet niet dat het de moeite waard is om te investeren in authentiek Flexomore om optimaal te profiteren van de voordelen voor de gezondheid van gewrichten en botten. Door de offici\u00eble website van de fabrikant te kiezen, ben je verzekerd van de kwaliteit en effectiviteit van het supplement.<\/p>\n\n\n\n<h2 class=\"wp-block-heading\" id=\"h-potencjalne-skutki-uboczne-i-przeciwwskazania-flexomore\">Mogelijke bijwerkingen en contra-indicaties van Flexomore<\/h2>\n\n\n\n<p>Flexomore wordt over het algemeen beschouwd als een veilig voedingssupplement. In zeldzame gevallen kunnen echter bijwerkingen optreden bij sommige individuen. Dit kunnen allergie\u00ebn of intoleranties voor een van de ingredi\u00ebnten in Flexomore zijn. Daarom moeten mensen met een overgevoeligheid voor de ingredi\u00ebnten van het supplement het gebruik ervan vermijden.<\/p>\n\n\n\n<p>Om er zeker van te zijn dat er geen contra-indicaties of medicijninteracties zijn, is het altijd raadzaam om een arts of apotheker te raadplegen voordat je Flexomore inneemt. Dit is vooral belangrijk als iemand een bestaande medische aandoening heeft of andere medicijnen gebruikt. Een professioneel medisch advies zal ervoor zorgen dat het supplement geschikt is voor de persoon in kwestie.<\/p>\n\n\n\n<p>De<b>veiligheid<\/b> en <b>effectiviteit van<\/b> Flexomore zijn uiterst belangrijk. Daarom is het altijd belangrijk om bewust je gezonde verstand te gebruiken bij het gebruik van voedingssupplementen, zelfs als deze als veilig worden beschouwd. Als je bijwerkingen of bijwerkingen ervaart, stop dan onmiddellijk met het gebruik van het supplement en raadpleeg je arts.<\/p>\n","protected":false},"excerpt":{"rendered":"<p><strong>49.00 \u20ac<\/strong><\/p>\n<p><del>98.00 \u20ac<\/del><\/p>\n<p><strong>[date_countdown]<\/strong><\/p>\n","protected":false},"featured_media":4737,"comment_status":"open","ping_status":"closed","template":"","meta":{"neve_meta_sidebar":"","neve_meta_container":"","neve_meta_enable_content_width":"","neve_meta_content_width":0,"neve_meta_title_alignment":"","neve_meta_author_avatar":"","neve_post_elements_order":"","neve_meta_disable_header":"","neve_meta_disable_footer":"","neve_meta_disable_title":"","neve_meta_reading_time":""},"product_brand":[],"product_cat":[137],"product_tag":[],"class_list":{"0":"post-4742","1":"product","2":"type-product","3":"status-publish","4":"has-post-thumbnail","6":"product_cat-gezondheid","8":"first","9":"instock","10":"shipping-taxable","11":"product-type-external"},"yoast_head":"<!-- This site is optimized with the Yoast SEO plugin v27.4 - https:\/\/yoast.com\/product\/yoast-seo-wordpress\/ -->\n<title>Flexomore - Clinica Althea<\/title>\n<meta name=\"robots\" content=\"index, follow, max-snippet:-1, max-image-preview:large, max-video-preview:-1\" \/>\n<link rel=\"canonical\" href=\"https:\/\/www.clinicaalthea.com\/farmacia\/nl\/apt\/flexomore\/\" \/>\n<meta property=\"og:locale\" content=\"pl_PL\" \/>\n<meta property=\"og:type\" content=\"article\" \/>\n<meta property=\"og:title\" content=\"Flexomore - Clinica Althea\" \/>\n<meta property=\"og:description\" content=\"49.00 \u20ac 98.00 \u20ac\" \/>\n<meta property=\"og:url\" content=\"https:\/\/www.clinicaalthea.com\/farmacia\/nl\/apt\/flexomore\/\" \/>\n<meta property=\"og:site_name\" content=\"Clinica Althea\" \/>\n<meta property=\"article:modified_time\" content=\"2024-05-13T10:47:39+00:00\" \/>\n<meta property=\"og:image\" content=\"https:\/\/www.clinicaalthea.com\/farmacia\/wp-content\/uploads\/2024\/05\/Flexomore.png\" \/>\n\t<meta property=\"og:image:width\" content=\"768\" \/>\n\t<meta property=\"og:image:height\" content=\"768\" \/>\n\t<meta property=\"og:image:type\" content=\"image\/png\" \/>\n<meta name=\"twitter:card\" content=\"summary_large_image\" \/>\n<meta name=\"twitter:label1\" content=\"Szacowany czas czytania\" \/>\n\t<meta name=\"twitter:data1\" content=\"9 minut\" \/>\n<script type=\"application\/ld+json\" class=\"yoast-schema-graph\">{\"@context\":\"https:\\\/\\\/schema.org\",\"@graph\":[{\"@type\":\"WebPage\",\"@id\":\"https:\\\/\\\/www.clinicaalthea.com\\\/farmacia\\\/nl\\\/apt\\\/flexomore\\\/\",\"url\":\"https:\\\/\\\/www.clinicaalthea.com\\\/farmacia\\\/nl\\\/apt\\\/flexomore\\\/\",\"name\":\"Flexomore - Clinica Althea\",\"isPartOf\":{\"@id\":\"https:\\\/\\\/www.clinicaalthea.com\\\/farmacia\\\/#website\"},\"primaryImageOfPage\":{\"@id\":\"https:\\\/\\\/www.clinicaalthea.com\\\/farmacia\\\/nl\\\/apt\\\/flexomore\\\/#primaryimage\"},\"image\":{\"@id\":\"https:\\\/\\\/www.clinicaalthea.com\\\/farmacia\\\/nl\\\/apt\\\/flexomore\\\/#primaryimage\"},\"thumbnailUrl\":\"https:\\\/\\\/www.clinicaalthea.com\\\/farmacia\\\/wp-content\\\/uploads\\\/2024\\\/05\\\/Flexomore.png\",\"datePublished\":\"2024-05-13T10:45:45+00:00\",\"dateModified\":\"2024-05-13T10:47:39+00:00\",\"breadcrumb\":{\"@id\":\"https:\\\/\\\/www.clinicaalthea.com\\\/farmacia\\\/nl\\\/apt\\\/flexomore\\\/#breadcrumb\"},\"inLanguage\":\"pl-PL\",\"potentialAction\":[{\"@type\":\"ReadAction\",\"target\":[\"https:\\\/\\\/www.clinicaalthea.com\\\/farmacia\\\/nl\\\/apt\\\/flexomore\\\/\"]}]},{\"@type\":\"ImageObject\",\"inLanguage\":\"pl-PL\",\"@id\":\"https:\\\/\\\/www.clinicaalthea.com\\\/farmacia\\\/nl\\\/apt\\\/flexomore\\\/#primaryimage\",\"url\":\"https:\\\/\\\/www.clinicaalthea.com\\\/farmacia\\\/wp-content\\\/uploads\\\/2024\\\/05\\\/Flexomore.png\",\"contentUrl\":\"https:\\\/\\\/www.clinicaalthea.com\\\/farmacia\\\/wp-content\\\/uploads\\\/2024\\\/05\\\/Flexomore.png\",\"width\":768,\"height\":768,\"caption\":\"Flexomore\"},{\"@type\":\"BreadcrumbList\",\"@id\":\"https:\\\/\\\/www.clinicaalthea.com\\\/farmacia\\\/nl\\\/apt\\\/flexomore\\\/#breadcrumb\",\"itemListElement\":[{\"@type\":\"ListItem\",\"position\":1,\"name\":\"Strona g\u0142\u00f3wna\",\"item\":\"https:\\\/\\\/www.clinicaalthea.com\\\/farmacia\\\/\"},{\"@type\":\"ListItem\",\"position\":2,\"name\":\"Produkty\",\"item\":\"https:\\\/\\\/www.clinicaalthea.com\\\/farmacia\\\/\"},{\"@type\":\"ListItem\",\"position\":3,\"name\":\"Flexomore\"}]},{\"@type\":\"WebSite\",\"@id\":\"https:\\\/\\\/www.clinicaalthea.com\\\/farmacia\\\/#website\",\"url\":\"https:\\\/\\\/www.clinicaalthea.com\\\/farmacia\\\/\",\"name\":\"Clinica Althea\",\"description\":\"\",\"publisher\":{\"@id\":\"https:\\\/\\\/www.clinicaalthea.com\\\/farmacia\\\/#organization\"},\"potentialAction\":[{\"@type\":\"SearchAction\",\"target\":{\"@type\":\"EntryPoint\",\"urlTemplate\":\"https:\\\/\\\/www.clinicaalthea.com\\\/farmacia\\\/?s={search_term_string}\"},\"query-input\":{\"@type\":\"PropertyValueSpecification\",\"valueRequired\":true,\"valueName\":\"search_term_string\"}}],\"inLanguage\":\"pl-PL\"},{\"@type\":\"Organization\",\"@id\":\"https:\\\/\\\/www.clinicaalthea.com\\\/farmacia\\\/#organization\",\"name\":\"Clinica Althea\",\"url\":\"https:\\\/\\\/www.clinicaalthea.com\\\/farmacia\\\/\",\"logo\":{\"@type\":\"ImageObject\",\"inLanguage\":\"pl-PL\",\"@id\":\"https:\\\/\\\/www.clinicaalthea.com\\\/farmacia\\\/#\\\/schema\\\/logo\\\/image\\\/\",\"url\":\"https:\\\/\\\/www.clinicaalthea.com\\\/farmacia\\\/wp-content\\\/uploads\\\/2023\\\/12\\\/Jak-diagnozuje-sie-FAS_-objawy-kryteria-diagnostyczne-i-metody-diagnozowania-154162903.jpg\",\"contentUrl\":\"https:\\\/\\\/www.clinicaalthea.com\\\/farmacia\\\/wp-content\\\/uploads\\\/2023\\\/12\\\/Jak-diagnozuje-sie-FAS_-objawy-kryteria-diagnostyczne-i-metody-diagnozowania-154162903.jpg\",\"width\":1216,\"height\":832,\"caption\":\"Clinica Althea\"},\"image\":{\"@id\":\"https:\\\/\\\/www.clinicaalthea.com\\\/farmacia\\\/#\\\/schema\\\/logo\\\/image\\\/\"}}]}<\/script>\n<!-- \/ Yoast SEO plugin. -->","yoast_head_json":{"title":"Flexomore - Clinica Althea","robots":{"index":"index","follow":"follow","max-snippet":"max-snippet:-1","max-image-preview":"max-image-preview:large","max-video-preview":"max-video-preview:-1"},"canonical":"https:\/\/www.clinicaalthea.com\/farmacia\/nl\/apt\/flexomore\/","og_locale":"pl_PL","og_type":"article","og_title":"Flexomore - Clinica Althea","og_description":"49.00 \u20ac 98.00 \u20ac","og_url":"https:\/\/www.clinicaalthea.com\/farmacia\/nl\/apt\/flexomore\/","og_site_name":"Clinica Althea","article_modified_time":"2024-05-13T10:47:39+00:00","og_image":[{"width":768,"height":768,"url":"https:\/\/www.clinicaalthea.com\/farmacia\/wp-content\/uploads\/2024\/05\/Flexomore.png","type":"image\/png"}],"twitter_card":"summary_large_image","twitter_misc":{"Szacowany czas czytania":"9 minut"},"schema":{"@context":"https:\/\/schema.org","@graph":[{"@type":"WebPage","@id":"https:\/\/www.clinicaalthea.com\/farmacia\/nl\/apt\/flexomore\/","url":"https:\/\/www.clinicaalthea.com\/farmacia\/nl\/apt\/flexomore\/","name":"Flexomore - Clinica Althea","isPartOf":{"@id":"https:\/\/www.clinicaalthea.com\/farmacia\/#website"},"primaryImageOfPage":{"@id":"https:\/\/www.clinicaalthea.com\/farmacia\/nl\/apt\/flexomore\/#primaryimage"},"image":{"@id":"https:\/\/www.clinicaalthea.com\/farmacia\/nl\/apt\/flexomore\/#primaryimage"},"thumbnailUrl":"https:\/\/www.clinicaalthea.com\/farmacia\/wp-content\/uploads\/2024\/05\/Flexomore.png","datePublished":"2024-05-13T10:45:45+00:00","dateModified":"2024-05-13T10:47:39+00:00","breadcrumb":{"@id":"https:\/\/www.clinicaalthea.com\/farmacia\/nl\/apt\/flexomore\/#breadcrumb"},"inLanguage":"pl-PL","potentialAction":[{"@type":"ReadAction","target":["https:\/\/www.clinicaalthea.com\/farmacia\/nl\/apt\/flexomore\/"]}]},{"@type":"ImageObject","inLanguage":"pl-PL","@id":"https:\/\/www.clinicaalthea.com\/farmacia\/nl\/apt\/flexomore\/#primaryimage","url":"https:\/\/www.clinicaalthea.com\/farmacia\/wp-content\/uploads\/2024\/05\/Flexomore.png","contentUrl":"https:\/\/www.clinicaalthea.com\/farmacia\/wp-content\/uploads\/2024\/05\/Flexomore.png","width":768,"height":768,"caption":"Flexomore"},{"@type":"BreadcrumbList","@id":"https:\/\/www.clinicaalthea.com\/farmacia\/nl\/apt\/flexomore\/#breadcrumb","itemListElement":[{"@type":"ListItem","position":1,"name":"Strona g\u0142\u00f3wna","item":"https:\/\/www.clinicaalthea.com\/farmacia\/"},{"@type":"ListItem","position":2,"name":"Produkty","item":"https:\/\/www.clinicaalthea.com\/farmacia\/"},{"@type":"ListItem","position":3,"name":"Flexomore"}]},{"@type":"WebSite","@id":"https:\/\/www.clinicaalthea.com\/farmacia\/#website","url":"https:\/\/www.clinicaalthea.com\/farmacia\/","name":"Clinica Althea","description":"","publisher":{"@id":"https:\/\/www.clinicaalthea.com\/farmacia\/#organization"},"potentialAction":[{"@type":"SearchAction","target":{"@type":"EntryPoint","urlTemplate":"https:\/\/www.clinicaalthea.com\/farmacia\/?s={search_term_string}"},"query-input":{"@type":"PropertyValueSpecification","valueRequired":true,"valueName":"search_term_string"}}],"inLanguage":"pl-PL"},{"@type":"Organization","@id":"https:\/\/www.clinicaalthea.com\/farmacia\/#organization","name":"Clinica Althea","url":"https:\/\/www.clinicaalthea.com\/farmacia\/","logo":{"@type":"ImageObject","inLanguage":"pl-PL","@id":"https:\/\/www.clinicaalthea.com\/farmacia\/#\/schema\/logo\/image\/","url":"https:\/\/www.clinicaalthea.com\/farmacia\/wp-content\/uploads\/2023\/12\/Jak-diagnozuje-sie-FAS_-objawy-kryteria-diagnostyczne-i-metody-diagnozowania-154162903.jpg","contentUrl":"https:\/\/www.clinicaalthea.com\/farmacia\/wp-content\/uploads\/2023\/12\/Jak-diagnozuje-sie-FAS_-objawy-kryteria-diagnostyczne-i-metody-diagnozowania-154162903.jpg","width":1216,"height":832,"caption":"Clinica Althea"},"image":{"@id":"https:\/\/www.clinicaalthea.com\/farmacia\/#\/schema\/logo\/image\/"}}]}},"lang":"nl","translations":{"nl":4742,"de":4738,"pl":4736,"da":4739,"fr":4740,"it":4741,"nb":4743,"sv":4744},"pll_sync_post":[],"_links":{"self":[{"href":"https:\/\/www.clinicaalthea.com\/farmacia\/wp-json\/wp\/v2\/product\/4742","targetHints":{"allow":["GET"]}}],"collection":[{"href":"https:\/\/www.clinicaalthea.com\/farmacia\/wp-json\/wp\/v2\/product"}],"about":[{"href":"https:\/\/www.clinicaalthea.com\/farmacia\/wp-json\/wp\/v2\/types\/product"}],"replies":[{"embeddable":true,"href":"https:\/\/www.clinicaalthea.com\/farmacia\/wp-json\/wp\/v2\/comments?post=4742"}],"wp:featuredmedia":[{"embeddable":true,"href":"https:\/\/www.clinicaalthea.com\/farmacia\/wp-json\/wp\/v2\/media\/4737"}],"wp:attachment":[{"href":"https:\/\/www.clinicaalthea.com\/farmacia\/wp-json\/wp\/v2\/media?parent=4742"}],"wp:term":[{"taxonomy":"product_brand","embeddable":true,"href":"https:\/\/www.clinicaalthea.com\/farmacia\/wp-json\/wp\/v2\/product_brand?post=4742"},{"taxonomy":"product_cat","embeddable":true,"href":"https:\/\/www.clinicaalthea.com\/farmacia\/wp-json\/wp\/v2\/product_cat?post=4742"},{"taxonomy":"product_tag","embeddable":true,"href":"https:\/\/www.clinicaalthea.com\/farmacia\/wp-json\/wp\/v2\/product_tag?post=4742"}],"curies":[{"name":"wp","href":"https:\/\/api.w.org\/{rel}","templated":true}]}}