{"id":4739,"date":"2024-05-13T11:43:17","date_gmt":"2024-05-13T10:43:17","guid":{"rendered":"https:\/\/mayoguide.org\/produkty\/?post_type=product&#038;p=4739"},"modified":"2024-05-13T11:47:39","modified_gmt":"2024-05-13T10:47:39","slug":"flexomore","status":"publish","type":"product","link":"https:\/\/www.clinicaalthea.com\/farmacia\/da\/apt\/flexomore\/","title":{"rendered":"Flexomore"},"content":{"rendered":"\n<p>Flexomore er et <b>kosttilskud<\/b>, der er specielt sammensat til at st\u00f8tte sunde led og knogler. Virkningen af <b>Flexomore<\/b> er baseret p\u00e5 tilf\u00f8rsel af n\u00e6ringsstoffer, der er afg\u00f8rende for, at ledv\u00e6vet fungerer korrekt og regenereres.<\/p>\n\n\n\n<p>De<b>aktive ingredienser<\/b> i Flexomore har en effektiv beskyttende effekt p\u00e5 leddene og reducerer inflammation. Derudover underst\u00f8tter tilskuddet de regenerative processer i bev\u00e6geapparatet. Ved regelm\u00e6ssig brug af Flexomore kan ledsmerter lindres, og leddenes mobilitet forbedres.<\/p>\n\n\n\n<p><b>Sammens\u00e6tningen<\/b> af Flexomore er n\u00f8je udvalgt og indeholder bl.a. type II-kollagen, chondroitin, glucosamin, MSM, vitamin C og D3 samt planteingredienser med antiinflammatoriske egenskaber. Disse <b>naturlige<\/b> aktive <b>ingredienser<\/b> arbejder synergistisk for at st\u00f8tte sunde led og regenerative processer i kroppen.<\/p>\n\n\n\n<p>Flexomore er et sikkert kosttilskud, som kan tages regelm\u00e6ssigt for at forbedre leddenes sundhed. Det virker effektivt for at beskytte leddene og hj\u00e6lpe med regenereringsprocesser, give smertelindring og forbedre leddenes mobilitet.<\/p>\n\n\n\n<figure class=\"wp-block-table\"><table><tbody><tr><th>Effekten af Flexomore<\/th><th>Effektivitet<\/th><th>Beskyttelse af led<\/th><th>Regenerering<\/th><\/tr><tr><td>Underst\u00f8tter sunde led og knogler<\/td><td><b>Reduktion af ledsmerter<\/b> <\/td><td>Anti-inflammatoriske foranstaltninger<\/td><td><b>Regenerering<\/b> af v\u00e6v<\/td><\/tr><tr><td>Tilvejebringelse af n\u00e6ringsstoffer<\/td><td><b>\u00d8get mobilitet i leddene<\/b><\/td><td>Beskyttelse mod skader<\/td><td>&#8211;<\/td><\/tr><\/tbody><\/table><\/figure>\n\n\n\n<h2 class=\"wp-block-heading\" id=\"h-flexomore-efekty-stosowania\">Flexomore &#8211; virkninger af brug<\/h2>\n\n\n\n<p>Regelm\u00e6ssig brug af kosttilskuddet Flexomore kan have mange gavnlige virkninger p\u00e5 leddenes sundhed og en forbedret ledfunktion. Personer, der v\u00e6lger at tage Flexomore regelm\u00e6ssigt, kan opleve:<\/p>\n\n\n\n<ol class=\"wp-block-list\">\n<li><strong>En reduktion af ledsmerter:<\/strong> Flexomore indeholder <b>aktive ingredienser<\/b>, der hj\u00e6lper med at lindre ledsmerter. Regelm\u00e6ssig brug af kosttilskuddet kan give smertelindring og dermed en bedre livskvalitet.<\/li>\n\n\n\n<li><strong>Reduktion af inflammation:<\/strong> Den anti-inflammatoriske virkning af ingredienserne i Flexomore hj\u00e6lper med at reducere inflammation omkring leddene, hvilket bidrager til forbedret mobilitet.<\/li>\n\n\n\n<li><strong>Forbedring af leddenes mobilitet:<\/strong> Flexomore underst\u00f8tter leddenes fleksibilitet og smidighed, hvilket kan bidrage til at \u00f8ge leddenes bev\u00e6gelsesfrihed.<\/li>\n\n\n\n<li><strong>\u00d8get ydeevne og udholdenhed i leddene:<\/strong> Regelm\u00e6ssig <b>brug<\/b> af Flexomore hj\u00e6lper med at styrke ledv\u00e6vet, hvilket kan f\u00f8re til \u00f8get styrke og kapacitet i leddene, is\u00e6r hos fysisk aktive mennesker.<\/li>\n\n\n\n<li><strong>Regenerering af ledv\u00e6v:<\/strong> Flexomore indeholder n\u00e6ringsstoffer, der er afg\u00f8rende for en korrekt regenerering af ledv\u00e6vet. Det kan fremskynde helingsprocessen og forbedre leddenes sundhed.<\/li>\n\n\n\n<li><strong>Beskytter leddene mod skader:<\/strong> De <b>aktive ingredienser<\/b> i Flexomore hj\u00e6lper med at beskytte leddene mod skader og underst\u00f8tter leddenes sundhed generelt.<\/li>\n<\/ol>\n\n\n\n<p>Mange mennesker rapporterer efter et par ugers regelm\u00e6ssig brug af Flexomore om betydelig lindring af ledsmerter, forbedret mobilitet og generel livskvalitet. Det bekr\u00e6fter, at tilskuddet er <b>effektivt<\/b> til at underst\u00f8tte led- og knoglesundhed.<\/p>\n\n\n\n<h2 class=\"wp-block-heading\" id=\"h-jak-stosowac-flexomore-dawkowanie-i-zalecenia\">Hvordan bruges Flexomore? &#8211; Dosering og anbefalinger<\/h2>\n\n\n\n<p><b>Doseringen<\/b> af Flexomore afh\u00e6nger af kroppens individuelle behov og tilstand. For at opn\u00e5 de bedste resultater anbefales det at tage tilskuddet som anbefalet nedenfor:<\/p>\n\n\n\n<ol class=\"wp-block-list\">\n<li>Tag en Flexomore-kapsel dagligt.<\/li>\n\n\n\n<li>Det er bedst at tage tilskuddet om morgenen f\u00f8r m\u00e5ltiderne.<\/li>\n\n\n\n<li>Regelm\u00e6ssighed er n\u00f8glen &#8211; det anbefales at tage tilskuddet regelm\u00e6ssigt for at f\u00e5 det fulde udbytte af dets potentiale.<\/li>\n<\/ol>\n\n\n\n<p>Det er en god id\u00e9 at konsultere din l\u00e6ge eller apoteker, f\u00f8r du tager Flexomore, is\u00e6r hvis du har nogen eksisterende medicinske tilstande eller tager anden medicin. Dette vil sikre, at <b>brugen<\/b> af Flexomore er passende for din helbredssituation.<\/p>\n\n\n\n<p>Hvis du l\u00e6ser brugsanvisningen for Flexomore og r\u00e5df\u00f8rer dig med en professionel, kan du optimere doseringen, s\u00e5 den passer til dine individuelle behov og sikrer de bedste resultater.<\/p>\n\n\n\n<figure class=\"wp-block-table\"><table><thead><tr><th>\u00c5rsag til brug<\/th><th>Dosering<\/th><\/tr><\/thead><tbody><tr><td>Underst\u00f8tter led- og knoglesundhed<\/td><td>1 kapsel dagligt f\u00f8r m\u00e5ltider<\/td><\/tr><tr><td>St\u00f8tte til regenerering af ledv\u00e6v<\/td><td>1 kapsel om dagen f\u00f8r m\u00e5ltider<\/td><\/tr><tr><td><b>Reduktion af ledsmerter<\/b> <\/td><td>1 kapsel om dagen f\u00f8r et m\u00e5ltid<\/td><\/tr><\/tbody><\/table><\/figure>\n\n\n\n<h2 class=\"wp-block-heading\" id=\"h-flexomore-opinie-i-recenzje-forum\">Flexomore &#8211; Meninger og anmeldelser, Forum<\/h2>\n\n\n\n<p><b>Brugernes feedback<\/b> p\u00e5 Flexomore er generelt positiv. Mange rapporterer om en forbedret livskvalitet efter regelm\u00e6ssig brug af Flexomore. Folk, der har haft ledproblemer og oplevet smerter, har bem\u00e6rket betydelig lindring efter et par ugers brug. If\u00f8lge brugerne er Flexomore et effektivt kosttilskud, der underst\u00f8tter <b>led-<\/b> og <b>knoglesundhed<\/b>.<\/p>\n\n\n\n<blockquote class=\"wp-block-quote is-layout-flow wp-block-quote-is-layout-flow\">\n<p>&#8220;Flexomore har v\u00e6ret en livredder for mig. Jeg arbejder som personlig tr\u00e6ner, og gennem min daglige fysiske aktivitet var mine led under stor belastning. Efter at have brugt Flexomore i et par uger bem\u00e6rkede jeg en betydelig forbedring af kvaliteten af min tr\u00e6ning og en reduktion af ledsmerter. Jeg vil anbefale dette kosttilskud til alle, der \u00f8nsker at passe p\u00e5 deres led.&#8221; &#8211; Andrew, personlig tr\u00e6ner<\/p>\n<\/blockquote>\n\n\n\n<p>Flexomores<b>brugerforum<\/b> er fuld af positiv feedback om dette kosttilskud. Brugerne deler deres erfaringer og de effekter, de har opn\u00e5et efter regelm\u00e6ssig brug af Flexomore. Mange rapporterer om forbedret ledmobilitet, smertereduktion og en generel forbedret f\u00f8lelse af velv\u00e6re.<\/p>\n\n\n\n<p>Det er v\u00e6rd at huske p\u00e5, at <b>brugernes meninger<\/b> kan variere, da hver krop reagerer individuelt p\u00e5 kosttilskud. Baseret p\u00e5 den indsamlede feedback er det dog tydeligt, at Flexomore er h\u00f8jt anset blandt dem, der bekymrer sig om led- og <b>knoglesundhed<\/b>.<\/p>\n\n\n\n<figure class=\"wp-block-table\"><table><tbody><tr><th>Udtalelse<\/th><th>Anmeldelse<\/th><\/tr><tr><td>&#8220;Flexomore er det bedste kosttilskud, jeg nogensinde har brugt. Efter et par uger f\u00f8ler jeg, at mine led er meget mere fleksible og mindre smertefulde. Jeg kan varmt anbefale det!&#8221;<\/td><td>&#8211; Anna<\/td><\/tr><tr><td>&#8220;Flexomore har forbedret min livskvalitet. Jeg kan huske, at f\u00f8r jeg brugte det, var jeg begr\u00e6nset af ledsmerter hver dag. Nu kan jeg nyde fysisk aktivitet uden ubehag.&#8221;<\/td><td>&#8211; Jan<\/td><\/tr><tr><td>&#8220;Der er ingen ord, der kan beskrive, hvor meget Flexomore har hjulpet med at forbedre min tilstand. Jeg har k\u00e6mpet med kroniske ledproblemer i mange \u00e5r, og nu kan jeg fungere normalt uden smerter. Jeg anbefaler det til alle!&#8221;<\/td><td>&#8211; Catherine<\/td><\/tr><\/tbody><\/table><\/figure>\n\n\n\n<h2 class=\"wp-block-heading\" id=\"h-sklad-flexomore-co-zawiera\">Flexomores sammens\u00e6tning &#8211; hvad indeholder det?<\/h2>\n\n\n\n<p>Flexomore er et kosttilskud, der indeholder n\u00f8je udvalgte aktive ingredienser, som har en positiv effekt p\u00e5 led- og knoglesundhed. Sammens\u00e6tningen af Flexomore indeholder <b>naturlige ingredienser<\/b> med dokumenteret effekt. Her er en liste over de vigtigste aktive ingredienser, der f\u00e5r Flexomore til at skille sig ud:<\/p>\n\n\n\n<ul class=\"wp-block-list\">\n<li>Type II-kollagen: Er den vigtigste byggesten i ledbrusken og s\u00f8rger for dens fleksibilitet og styrke.<\/li>\n\n\n\n<li>Chondroitin: Styrker ledbrusken og hj\u00e6lper med at bevare dens sundhed og fleksibilitet.<\/li>\n\n\n\n<li>Glucosamin: Har til form\u00e5l at genopbygge beskadiget ledbrusk og reducere smerter.<\/li>\n\n\n\n<li>MSM (methylsulfonylmethan): Hj\u00e6lper med at reducere inflammation og st\u00f8tter de regenerative processer i ledv\u00e6vet.<\/li>\n\n\n\n<li>C-vitamin: Har antioxidantegenskaber og p\u00e5virker kollagenproduktionen for at underst\u00f8tte leddenes sundhed.<\/li>\n\n\n\n<li>D3-vitamin: Hj\u00e6lper med at opretholde sunde knogler og led.<\/li>\n\n\n\n<li>Planteingredienser med antiinflammatoriske egenskaber: F.eks. ingef\u00e6rekstrakt eller gurkemejeekstrakt, som kan hj\u00e6lpe med at reducere inflammation og smerte.<\/li>\n<\/ul>\n\n\n\n<p>Alle ingredienserne i Flexomore er n\u00f8je afbalancerede og tolereres godt af kroppen, hvilket g\u00f8r det til et sikkert og effektivt kosttilskud til st\u00f8tte for led- og knoglesundhed.<\/p>\n\n\n\n<h2 class=\"wp-block-heading\" id=\"h-gdzie-kupic-i-ile-kosztuje-flexomore-cena\">Hvor kan man k\u00f8be og hvor meget koster Flexomore &#8211; pris<\/h2>\n\n\n\n<p>Flexomore kan k\u00f8bes p\u00e5 producentens officielle hjemmeside og p\u00e5 udvalgte apoteker og onlinebutikker. Prisen p\u00e5 kosttilskuddet kan variere afh\u00e6ngigt af, hvor du k\u00f8ber det. Det anbefales at <b>k\u00f8be<\/b> fra producentens officielle hjemmeside for at v\u00e6re sikker p\u00e5 produktets \u00e6gthed.<\/p>\n\n\n\n<p>For at <b>k\u00f8be Flexomore<\/b> sikkert anbefales det at bes\u00f8ge producentens officielle hjemmeside, hvor du kan finde detaljerede oplysninger om produktet og k\u00f8be direkte. Ved at k\u00f8be fra producentens officielle hjemmeside er du sikker p\u00e5 at modtage et originalt <b>kosttilskud<\/b> og vil have adgang til eventuelle kampagner eller rabatter.<\/p>\n\n\n\n<p>Prisen p\u00e5 kosttilskuddet kan variere afh\u00e6ngigt af, hvor du k\u00f8ber, og af eventuelle tilbud eller rabatter fra producenten. Det er derfor v\u00e6rd at sammenligne priser og v\u00e6lge det bedste tilbud.<\/p>\n\n\n\n<p>Husk, at det er v\u00e6rd at investere i autentisk Flexomore for at f\u00e5 det fulde udbytte af dets virkning p\u00e5 led- og knoglesundhed. Ved at v\u00e6lge producentens officielle hjemmeside er du sikker p\u00e5 kosttilskuddets kvalitet og effektivitet.<\/p>\n\n\n\n<h2 class=\"wp-block-heading\" id=\"h-potencjalne-skutki-uboczne-i-przeciwwskazania-flexomore\">Potentielle bivirkninger og kontraindikationer ved Flexomore<\/h2>\n\n\n\n<p>Flexomore betragtes generelt som et sikkert kosttilskud. I sj\u00e6ldne tilf\u00e6lde kan der dog forekomme bivirkninger hos nogle personer. Det kan v\u00e6re allergi eller intolerance over for nogen af ingredienserne i Flexomore. Derfor b\u00f8r personer med overf\u00f8lsomhed over for ingredienserne i kosttilskuddet undg\u00e5 at tage det.<\/p>\n\n\n\n<p>For at sikre, at der ikke er kontraindikationer eller l\u00e6gemiddelinteraktioner, er det altid tilr\u00e5deligt at konsultere en l\u00e6ge eller et apotek, f\u00f8r man tager Flexomore. Dette er is\u00e6r vigtigt, hvis en person har eksisterende medicinske tilstande eller tager anden medicin. En professionel l\u00e6gelig vurdering vil hj\u00e6lpe med at sikre, at tilskuddet er egnet til den enkelte.<\/p>\n\n\n\n<p><b>Sikkerheden<\/b> og <b>effektiviteten<\/b> af Flexomore er ekstremt vigtig. Derfor er det altid vigtigt at v\u00e6re bevidst om at bruge sin sunde fornuft, n\u00e5r man bruger kosttilskud, selv dem, der anses for at v\u00e6re sikre. Hvis du oplever bivirkninger eller u\u00f8nskede reaktioner, skal du straks oph\u00f8re med at bruge kosttilskuddet og kontakte din l\u00e6ge.<\/p>\n","protected":false},"excerpt":{"rendered":"<p><strong>379.00 kr<\/strong><\/p>\n<p><del>758.00 kr<\/del><\/p>\n<p><strong>[date_countdown]<\/strong><\/p>\n","protected":false},"featured_media":4737,"comment_status":"open","ping_status":"closed","template":"","meta":{"neve_meta_sidebar":"","neve_meta_container":"","neve_meta_enable_content_width":"","neve_meta_content_width":0,"neve_meta_title_alignment":"","neve_meta_author_avatar":"","neve_post_elements_order":"","neve_meta_disable_header":"","neve_meta_disable_footer":"","neve_meta_disable_title":"","neve_meta_reading_time":""},"product_brand":[],"product_cat":[57],"product_tag":[],"class_list":{"0":"post-4739","1":"product","2":"type-product","3":"status-publish","4":"has-post-thumbnail","6":"product_cat-sundhed","8":"first","9":"instock","10":"shipping-taxable","11":"product-type-external"},"yoast_head":"<!-- This site is optimized with the Yoast SEO plugin v27.4 - https:\/\/yoast.com\/product\/yoast-seo-wordpress\/ -->\n<title>Flexomore - Clinica Althea<\/title>\n<meta name=\"robots\" content=\"index, follow, max-snippet:-1, max-image-preview:large, max-video-preview:-1\" \/>\n<link rel=\"canonical\" href=\"https:\/\/www.clinicaalthea.com\/farmacia\/da\/apt\/flexomore\/\" \/>\n<meta property=\"og:locale\" content=\"pl_PL\" \/>\n<meta property=\"og:type\" content=\"article\" \/>\n<meta property=\"og:title\" content=\"Flexomore - Clinica Althea\" \/>\n<meta property=\"og:description\" content=\"379.00 kr 758.00 kr\" \/>\n<meta property=\"og:url\" content=\"https:\/\/www.clinicaalthea.com\/farmacia\/da\/apt\/flexomore\/\" \/>\n<meta property=\"og:site_name\" content=\"Clinica Althea\" \/>\n<meta property=\"article:modified_time\" content=\"2024-05-13T10:47:39+00:00\" \/>\n<meta property=\"og:image\" content=\"https:\/\/www.clinicaalthea.com\/farmacia\/wp-content\/uploads\/2024\/05\/Flexomore.png\" \/>\n\t<meta property=\"og:image:width\" content=\"768\" \/>\n\t<meta property=\"og:image:height\" content=\"768\" \/>\n\t<meta property=\"og:image:type\" content=\"image\/png\" \/>\n<meta name=\"twitter:card\" content=\"summary_large_image\" \/>\n<meta name=\"twitter:label1\" content=\"Szacowany czas czytania\" \/>\n\t<meta name=\"twitter:data1\" content=\"8 minut\" \/>\n<script type=\"application\/ld+json\" class=\"yoast-schema-graph\">{\"@context\":\"https:\\\/\\\/schema.org\",\"@graph\":[{\"@type\":\"WebPage\",\"@id\":\"https:\\\/\\\/www.clinicaalthea.com\\\/farmacia\\\/da\\\/apt\\\/flexomore\\\/\",\"url\":\"https:\\\/\\\/www.clinicaalthea.com\\\/farmacia\\\/da\\\/apt\\\/flexomore\\\/\",\"name\":\"Flexomore - Clinica Althea\",\"isPartOf\":{\"@id\":\"https:\\\/\\\/www.clinicaalthea.com\\\/farmacia\\\/#website\"},\"primaryImageOfPage\":{\"@id\":\"https:\\\/\\\/www.clinicaalthea.com\\\/farmacia\\\/da\\\/apt\\\/flexomore\\\/#primaryimage\"},\"image\":{\"@id\":\"https:\\\/\\\/www.clinicaalthea.com\\\/farmacia\\\/da\\\/apt\\\/flexomore\\\/#primaryimage\"},\"thumbnailUrl\":\"https:\\\/\\\/www.clinicaalthea.com\\\/farmacia\\\/wp-content\\\/uploads\\\/2024\\\/05\\\/Flexomore.png\",\"datePublished\":\"2024-05-13T10:43:17+00:00\",\"dateModified\":\"2024-05-13T10:47:39+00:00\",\"breadcrumb\":{\"@id\":\"https:\\\/\\\/www.clinicaalthea.com\\\/farmacia\\\/da\\\/apt\\\/flexomore\\\/#breadcrumb\"},\"inLanguage\":\"pl-PL\",\"potentialAction\":[{\"@type\":\"ReadAction\",\"target\":[\"https:\\\/\\\/www.clinicaalthea.com\\\/farmacia\\\/da\\\/apt\\\/flexomore\\\/\"]}]},{\"@type\":\"ImageObject\",\"inLanguage\":\"pl-PL\",\"@id\":\"https:\\\/\\\/www.clinicaalthea.com\\\/farmacia\\\/da\\\/apt\\\/flexomore\\\/#primaryimage\",\"url\":\"https:\\\/\\\/www.clinicaalthea.com\\\/farmacia\\\/wp-content\\\/uploads\\\/2024\\\/05\\\/Flexomore.png\",\"contentUrl\":\"https:\\\/\\\/www.clinicaalthea.com\\\/farmacia\\\/wp-content\\\/uploads\\\/2024\\\/05\\\/Flexomore.png\",\"width\":768,\"height\":768,\"caption\":\"Flexomore\"},{\"@type\":\"BreadcrumbList\",\"@id\":\"https:\\\/\\\/www.clinicaalthea.com\\\/farmacia\\\/da\\\/apt\\\/flexomore\\\/#breadcrumb\",\"itemListElement\":[{\"@type\":\"ListItem\",\"position\":1,\"name\":\"Strona g\u0142\u00f3wna\",\"item\":\"https:\\\/\\\/www.clinicaalthea.com\\\/farmacia\\\/\"},{\"@type\":\"ListItem\",\"position\":2,\"name\":\"Produkty\",\"item\":\"https:\\\/\\\/www.clinicaalthea.com\\\/farmacia\\\/\"},{\"@type\":\"ListItem\",\"position\":3,\"name\":\"Flexomore\"}]},{\"@type\":\"WebSite\",\"@id\":\"https:\\\/\\\/www.clinicaalthea.com\\\/farmacia\\\/#website\",\"url\":\"https:\\\/\\\/www.clinicaalthea.com\\\/farmacia\\\/\",\"name\":\"Clinica Althea\",\"description\":\"\",\"publisher\":{\"@id\":\"https:\\\/\\\/www.clinicaalthea.com\\\/farmacia\\\/#organization\"},\"potentialAction\":[{\"@type\":\"SearchAction\",\"target\":{\"@type\":\"EntryPoint\",\"urlTemplate\":\"https:\\\/\\\/www.clinicaalthea.com\\\/farmacia\\\/?s={search_term_string}\"},\"query-input\":{\"@type\":\"PropertyValueSpecification\",\"valueRequired\":true,\"valueName\":\"search_term_string\"}}],\"inLanguage\":\"pl-PL\"},{\"@type\":\"Organization\",\"@id\":\"https:\\\/\\\/www.clinicaalthea.com\\\/farmacia\\\/#organization\",\"name\":\"Clinica Althea\",\"url\":\"https:\\\/\\\/www.clinicaalthea.com\\\/farmacia\\\/\",\"logo\":{\"@type\":\"ImageObject\",\"inLanguage\":\"pl-PL\",\"@id\":\"https:\\\/\\\/www.clinicaalthea.com\\\/farmacia\\\/#\\\/schema\\\/logo\\\/image\\\/\",\"url\":\"https:\\\/\\\/www.clinicaalthea.com\\\/farmacia\\\/wp-content\\\/uploads\\\/2023\\\/12\\\/Jak-diagnozuje-sie-FAS_-objawy-kryteria-diagnostyczne-i-metody-diagnozowania-154162903.jpg\",\"contentUrl\":\"https:\\\/\\\/www.clinicaalthea.com\\\/farmacia\\\/wp-content\\\/uploads\\\/2023\\\/12\\\/Jak-diagnozuje-sie-FAS_-objawy-kryteria-diagnostyczne-i-metody-diagnozowania-154162903.jpg\",\"width\":1216,\"height\":832,\"caption\":\"Clinica Althea\"},\"image\":{\"@id\":\"https:\\\/\\\/www.clinicaalthea.com\\\/farmacia\\\/#\\\/schema\\\/logo\\\/image\\\/\"}}]}<\/script>\n<!-- \/ Yoast SEO plugin. -->","yoast_head_json":{"title":"Flexomore - Clinica Althea","robots":{"index":"index","follow":"follow","max-snippet":"max-snippet:-1","max-image-preview":"max-image-preview:large","max-video-preview":"max-video-preview:-1"},"canonical":"https:\/\/www.clinicaalthea.com\/farmacia\/da\/apt\/flexomore\/","og_locale":"pl_PL","og_type":"article","og_title":"Flexomore - Clinica Althea","og_description":"379.00 kr 758.00 kr","og_url":"https:\/\/www.clinicaalthea.com\/farmacia\/da\/apt\/flexomore\/","og_site_name":"Clinica Althea","article_modified_time":"2024-05-13T10:47:39+00:00","og_image":[{"width":768,"height":768,"url":"https:\/\/www.clinicaalthea.com\/farmacia\/wp-content\/uploads\/2024\/05\/Flexomore.png","type":"image\/png"}],"twitter_card":"summary_large_image","twitter_misc":{"Szacowany czas czytania":"8 minut"},"schema":{"@context":"https:\/\/schema.org","@graph":[{"@type":"WebPage","@id":"https:\/\/www.clinicaalthea.com\/farmacia\/da\/apt\/flexomore\/","url":"https:\/\/www.clinicaalthea.com\/farmacia\/da\/apt\/flexomore\/","name":"Flexomore - Clinica Althea","isPartOf":{"@id":"https:\/\/www.clinicaalthea.com\/farmacia\/#website"},"primaryImageOfPage":{"@id":"https:\/\/www.clinicaalthea.com\/farmacia\/da\/apt\/flexomore\/#primaryimage"},"image":{"@id":"https:\/\/www.clinicaalthea.com\/farmacia\/da\/apt\/flexomore\/#primaryimage"},"thumbnailUrl":"https:\/\/www.clinicaalthea.com\/farmacia\/wp-content\/uploads\/2024\/05\/Flexomore.png","datePublished":"2024-05-13T10:43:17+00:00","dateModified":"2024-05-13T10:47:39+00:00","breadcrumb":{"@id":"https:\/\/www.clinicaalthea.com\/farmacia\/da\/apt\/flexomore\/#breadcrumb"},"inLanguage":"pl-PL","potentialAction":[{"@type":"ReadAction","target":["https:\/\/www.clinicaalthea.com\/farmacia\/da\/apt\/flexomore\/"]}]},{"@type":"ImageObject","inLanguage":"pl-PL","@id":"https:\/\/www.clinicaalthea.com\/farmacia\/da\/apt\/flexomore\/#primaryimage","url":"https:\/\/www.clinicaalthea.com\/farmacia\/wp-content\/uploads\/2024\/05\/Flexomore.png","contentUrl":"https:\/\/www.clinicaalthea.com\/farmacia\/wp-content\/uploads\/2024\/05\/Flexomore.png","width":768,"height":768,"caption":"Flexomore"},{"@type":"BreadcrumbList","@id":"https:\/\/www.clinicaalthea.com\/farmacia\/da\/apt\/flexomore\/#breadcrumb","itemListElement":[{"@type":"ListItem","position":1,"name":"Strona g\u0142\u00f3wna","item":"https:\/\/www.clinicaalthea.com\/farmacia\/"},{"@type":"ListItem","position":2,"name":"Produkty","item":"https:\/\/www.clinicaalthea.com\/farmacia\/"},{"@type":"ListItem","position":3,"name":"Flexomore"}]},{"@type":"WebSite","@id":"https:\/\/www.clinicaalthea.com\/farmacia\/#website","url":"https:\/\/www.clinicaalthea.com\/farmacia\/","name":"Clinica Althea","description":"","publisher":{"@id":"https:\/\/www.clinicaalthea.com\/farmacia\/#organization"},"potentialAction":[{"@type":"SearchAction","target":{"@type":"EntryPoint","urlTemplate":"https:\/\/www.clinicaalthea.com\/farmacia\/?s={search_term_string}"},"query-input":{"@type":"PropertyValueSpecification","valueRequired":true,"valueName":"search_term_string"}}],"inLanguage":"pl-PL"},{"@type":"Organization","@id":"https:\/\/www.clinicaalthea.com\/farmacia\/#organization","name":"Clinica Althea","url":"https:\/\/www.clinicaalthea.com\/farmacia\/","logo":{"@type":"ImageObject","inLanguage":"pl-PL","@id":"https:\/\/www.clinicaalthea.com\/farmacia\/#\/schema\/logo\/image\/","url":"https:\/\/www.clinicaalthea.com\/farmacia\/wp-content\/uploads\/2023\/12\/Jak-diagnozuje-sie-FAS_-objawy-kryteria-diagnostyczne-i-metody-diagnozowania-154162903.jpg","contentUrl":"https:\/\/www.clinicaalthea.com\/farmacia\/wp-content\/uploads\/2023\/12\/Jak-diagnozuje-sie-FAS_-objawy-kryteria-diagnostyczne-i-metody-diagnozowania-154162903.jpg","width":1216,"height":832,"caption":"Clinica Althea"},"image":{"@id":"https:\/\/www.clinicaalthea.com\/farmacia\/#\/schema\/logo\/image\/"}}]}},"lang":"da","translations":{"da":4739,"de":4738,"pl":4736,"fr":4740,"it":4741,"nl":4742,"nb":4743,"sv":4744},"pll_sync_post":[],"_links":{"self":[{"href":"https:\/\/www.clinicaalthea.com\/farmacia\/wp-json\/wp\/v2\/product\/4739","targetHints":{"allow":["GET"]}}],"collection":[{"href":"https:\/\/www.clinicaalthea.com\/farmacia\/wp-json\/wp\/v2\/product"}],"about":[{"href":"https:\/\/www.clinicaalthea.com\/farmacia\/wp-json\/wp\/v2\/types\/product"}],"replies":[{"embeddable":true,"href":"https:\/\/www.clinicaalthea.com\/farmacia\/wp-json\/wp\/v2\/comments?post=4739"}],"wp:featuredmedia":[{"embeddable":true,"href":"https:\/\/www.clinicaalthea.com\/farmacia\/wp-json\/wp\/v2\/media\/4737"}],"wp:attachment":[{"href":"https:\/\/www.clinicaalthea.com\/farmacia\/wp-json\/wp\/v2\/media?parent=4739"}],"wp:term":[{"taxonomy":"product_brand","embeddable":true,"href":"https:\/\/www.clinicaalthea.com\/farmacia\/wp-json\/wp\/v2\/product_brand?post=4739"},{"taxonomy":"product_cat","embeddable":true,"href":"https:\/\/www.clinicaalthea.com\/farmacia\/wp-json\/wp\/v2\/product_cat?post=4739"},{"taxonomy":"product_tag","embeddable":true,"href":"https:\/\/www.clinicaalthea.com\/farmacia\/wp-json\/wp\/v2\/product_tag?post=4739"}],"curies":[{"name":"wp","href":"https:\/\/api.w.org\/{rel}","templated":true}]}}