{"id":4674,"date":"2024-05-13T10:30:05","date_gmt":"2024-05-13T09:30:05","guid":{"rendered":"https:\/\/mayoguide.org\/produkty\/?post_type=product&#038;p=4674"},"modified":"2024-05-13T10:59:43","modified_gmt":"2024-05-13T09:59:43","slug":"eyevita-plus","status":"publish","type":"product","link":"https:\/\/www.clinicaalthea.com\/farmacia\/da\/apt\/eyevita-plus\/","title":{"rendered":"Eyevita Plus"},"content":{"rendered":"\n<p><b>Eyevita Plus<\/b> er et <b>kosttilskud<\/b>, der er specielt udviklet til dem, der \u00f8nsker at passe p\u00e5 \u00f8jets <b>sundhed<\/b> og bevare \u00f8jets skarphed. <b>N\u00e6ringsstofferne<\/b> i dette kosttilskud er designet til at underst\u00f8tte \u00f8jnenes <b>sundhed<\/b>.<\/p>\n\n\n\n<p>Ingredienserne i <b>Eyevita Plus<\/b> omfatter forskellige <b>n\u00e6ringsstoffer<\/b>, som er vigtige for en god \u00f8jenfunktion. Nogle af disse ingredienser omfatter <b>antioxidantvitaminer<\/b>, bl\u00e5b\u00e6rekstrakt, naturlige carotenoider og <b>mineraler<\/b>.<\/p>\n\n\n\n<p>Eyevita Plus<b>virker<\/b> ved at forsyne kroppen med vigtige n\u00e6ringsstoffer, der hj\u00e6lper med at opretholde et sundt <b>syn<\/b>. Derudover reducerer tilskuddet <b>tr\u00e6thed i \u00f8jnene<\/b>, beskytter cellerne mod skader fra frie radikaler og underst\u00f8tter \u00f8jnenes aldring.<\/p>\n\n\n\n<blockquote class=\"wp-block-quote is-layout-flow wp-block-quote-is-layout-flow\">\n<p>Eyevita Plus er et omfattende <b>kosttilskud<\/b>, der effektivt underst\u00f8tter \u00f8jnenes <b>sundhed<\/b> og reducerer tr\u00e6thed i \u00f8jnene. De <b>n\u00e6ringsstoffer<\/b>, det indeholder, er n\u00f8je udvalgt til at give optimal beskyttelse og <b>virkning<\/b> for vores syn.<\/p>\n<\/blockquote>\n\n\n\n<figure class=\"wp-block-table\"><table><tbody><tr><th>Ingredienser i Eyevita Plus<\/th><th>Relevans for \u00f8jnene<\/th><th>Virkning<\/th><\/tr><tr><td>Antioxidante<b>vitaminer<\/b> <\/td><td><b>Reduktion af tr\u00e6thed i \u00f8jnene<\/b><\/td><td>Neutralisering af frie radikaler<\/td><\/tr><tr><td>Bl\u00e5b\u00e6r-ekstrakt<\/td><td>Styrkelse af synet<\/td><td>Forbedrer synsstyrken<\/td><\/tr><tr><td>Naturlige carotenoider<\/td><td>Beskyttelse mod foto-oxidation<\/td><td>Reducerer risikoen for aldersrelaterede \u00f8jenlidelser<\/td><\/tr><tr><td><b>Mineraler<\/b><\/td><td>Styrker \u00f8jets struktur<\/td><td>Underst\u00f8tter deres gode tilstand<\/td><\/tr><\/tbody><\/table><\/figure>\n\n\n\n<h2 class=\"wp-block-heading\" id=\"h-korzysci-ze-stosowania-eyevita-plus-efekty\">Fordele ved Eyevita Plus &#8211; Virkninger<\/h2>\n\n\n\n<p><b>Brug<\/b> af kosttilskuddet Eyevita Plus giver en r\u00e6kke <b>fordele<\/b> for \u00f8jets sundhed og forbedrer synets kvalitet. Dette produkt er specielt formuleret til at give omfattende beskyttelse og st\u00f8tte til \u00f8jnene, is\u00e6r for dem, der bruger meget tid foran en computersk\u00e6rm eller er bekymrede for tab af synsstyrke med alderen.<\/p>\n\n\n\n<p>En af de st\u00f8rste <b>fordele<\/b> ved Eyevita Plus er beskyttelsen af \u00f8jnene mod infektioner og den effektive behandling af t\u00f8rre \u00f8jne. <b>Ingredienserne<\/b> i kosttilskuddet hj\u00e6lper med at reducere \u00f8jenirritation, fugter \u00f8jets overflade og reducerer t\u00f8rhed.<\/p>\n\n\n\n<p>Et andet vigtigt aspekt er <b>reduktionen af \u00f8jentr\u00e6thed<\/b>. Langvarig brug af elektroniske apparater som fjernsyn, smartphones og computere kan f\u00f8re til overanstrengelse af \u00f8jnene. Eyevita Plus indeholder ingredienser, der reducerer <b>\u00f8jentr\u00e6thed<\/b>, forbedrer den visuelle komfort og reducerer f\u00f8lelsen af t\u00f8rhed og svie.<\/p>\n\n\n\n<p><b>Kosttilskuddet<\/b> Eyevita Plus p\u00e5virker ogs\u00e5 beskyttelsen af \u00f8jencellerne mod oxidativ skade for\u00e5rsaget af frie radikaler. De antioxidante ingredienser i produktet neutraliserer de skadelige <b>virkninger<\/b> af frie radikaler, hvilket forhindrer \u00f8jnene i at \u00e6ldes og holder dem i god stand.<\/p>\n\n\n\n<p>En vigtig effekt af Eyevita Plus er ogs\u00e5 at give \u00f8jnene tilstr\u00e6kkelig n\u00e6ring. Kosttilskuddet indeholder n\u00e6ringsstoffer som <b>vitaminer<\/b>, <b>mineraler<\/b> og antioxidanter, der er afg\u00f8rende for \u00f8jnenes sundhed. Denne ern\u00e6ring giver en god \u00f8jenfunktion, opretholder synsstyrken og minimerer risikoen for bet\u00e6ndelse og infektion.<\/p>\n\n\n\n<figure class=\"wp-block-table\"><table><tbody><tr><th>Fordele ved Eyevita Plus<\/th><\/tr><tr><td>Beskyttelse af \u00f8jnene mod infektioner<\/td><\/tr><tr><td>Behandling af t\u00f8rre \u00f8jne<\/td><\/tr><tr><td><b>Reduktion af tr\u00e6thed i \u00f8jnene<\/b><\/td><\/tr><tr><td>Beskyttelse mod oxidativ skade<\/td><\/tr><tr><td>Tilvejebringelse af tilstr\u00e6kkelig ern\u00e6ring til \u00f8jnene<\/td><\/tr><\/tbody><\/table><\/figure>\n\n\n\n<p><b>Brug<\/b> af Eyevita Plus som kosttilskud har mange <b>fordele<\/b> for \u00f8jnenes sundhed og synets kvalitet. Takket v\u00e6re ingredienserne i produktet beskyttes <b>\u00f8jnene<\/b>, <b>\u00f8jentr\u00e6thed<\/b> reduceres, \u00f8jencellerne beskyttes, og optimal \u00f8jenern\u00e6ring sikres.<\/p>\n\n\n\n<h2 class=\"wp-block-heading\" id=\"h-jak-stosowac-eyevita-plus-instrukcja-stosowania-i-dawkowania\">S\u00e5dan bruges Eyevita Plus &#8211; brugsanvisning og dosering<\/h2>\n\n\n\n<p>Eyevita Plus er et kosttilskud, som skal anvendes i henhold til producentens anvisninger.<\/p>\n\n\n\n<p>Grundl\u00e6ggende instruktioner for brug af Eyevita Plus:<\/p>\n\n\n\n<ul class=\"wp-block-list\">\n<li>Tag 1-2 kapsler Eyevita Plus ad gangen. Det er bedst at tage det sammen med et m\u00e5ltid for at \u00f8ge optagelsen af ingredienserne.<\/li>\n\n\n\n<li>Tilskuddet er beregnet til at blive taget over en l\u00e6ngere periode for at underst\u00f8tte \u00f8jnenes sundhed regelm\u00e6ssigt.<\/li>\n\n\n\n<li>F\u00f8lg altid den anbefalede dosis, og overskrid den ikke uden at r\u00e5df\u00f8re dig med din l\u00e6ge eller apoteker.<\/li>\n\n\n\n<li>Husk, at Eyevita Plus er et kosttilskud og ikke en erstatning for en varieret kost eller en sund livsstil.<\/li>\n<\/ul>\n\n\n\n<p>Hvis du er i tvivl om doseringen, eller hvordan du skal bruge Eyevita Plus, er det altid en god id\u00e9 at konsultere din l\u00e6ge eller dit apotek. En fagperson vil kunne give relevante oplysninger og foresl\u00e5 et passende doseringsregime i henhold til dine individuelle behov og sundhedstilstand.<\/p>\n\n\n\n<h3 class=\"wp-block-heading\" id=\"h-instrukcja-stosowania-eyevita-plus\">Instruktioner for brug af Eyevita Plus:<\/h3>\n\n\n\n<ol class=\"wp-block-list\">\n<li>\u00c5bn pakken, og tag Eyevita Plus-kapslerne ud.<\/li>\n\n\n\n<li>Tag 1-2 kapsler en gang om dagen.<\/li>\n\n\n\n<li>Det er bedst at tage kapslerne sammen med et m\u00e5ltid og drikke tilstr\u00e6kkeligt med vand.<\/li>\n\n\n\n<li>Opbevar kosttilskuddet t\u00f8rt ved stuetemperatur.<\/li>\n\n\n\n<li>Overskrid ikke den anbefalede daglige dosis.<\/li>\n<\/ol>\n\n\n\n<p>Husk, at Eyevita Plus er et kosttilskud, og at <b>brugen<\/b> af det b\u00f8r supplere en sund og afbalanceret kost og livsstil.<\/p>\n\n\n\n<figure class=\"wp-block-table\"><table><thead><tr><th>Brugsanvisning for Eyevita Plus<\/th><th>Dosering<\/th><th>Hyppighed<\/th><th>Tag sammen med et m\u00e5ltid?<\/th><\/tr><\/thead><tbody><tr><td>1-2 kapsler<\/td><td>En gang om dagen<\/td><td>En gang om dagen<\/td><td>Ja, fortrinsvis<\/td><\/tr><\/tbody><\/table><\/figure>\n\n\n\n<h2 class=\"wp-block-heading\" id=\"h-recenzje-i-opinie-o-eyevita-plus\">Anmeldelser og meninger om Eyevita Plus<\/h2>\n\n\n\n<p>Eyevita Plus er et kosttilskud, som har f\u00e5et positive <b>anmeldelser<\/b> og <b>feedback<\/b> fra brugerne. Folk, der bruger dette kosttilskud regelm\u00e6ssigt, rapporterer om forbedret syn og en betydelig reduktion af tr\u00e6thed i \u00f8jnene. Eyevita Plus er ikke kun effektivt i forhold til at forbedre synsstyrken, men ogs\u00e5 i forhold til den generelle \u00f8jensundhed, hvilket bidrager til \u00f8get visuel komfort.<\/p>\n\n\n\n<p>Brugerne s\u00e6tter pris p\u00e5 virkningerne af Eyevita Plus, og deres positive <b>feedback<\/b> bekr\u00e6fter, at dette tilskud er effektivt til at tage sig af \u00f8jnenes sundhed. <b>Anmeldelser<\/b> vidner om, at Eyevita Plus ikke kun er en st\u00f8tte for folk, der bruger meget tid foran computeren, men ogs\u00e5 for alle, der er afh\u00e6ngige af at opretholde et godt syn.<\/p>\n\n\n\n<blockquote class=\"wp-block-quote is-layout-flow wp-block-quote-is-layout-flow\">\n<p>&#8220;Efter regelm\u00e6ssig brug af Eyevita Plus har jeg bem\u00e6rket en betydelig forbedring af mit syn og en reduktion af tr\u00e6thed i \u00f8jnene. Jeg anbefaler dette kosttilskud til alle, der \u00f8nsker at passe p\u00e5 deres <b>\u00f8jne<\/b> og nyde et behageligt syn.&#8221; &#8211; Kamil<\/p>\n<\/blockquote>\n\n\n\n<blockquote class=\"wp-block-quote is-layout-flow wp-block-quote-is-layout-flow\">\n<p>&#8220;Eyevita Plus har virkelig m\u00e6rkbare <b>effekter<\/b>. Mine \u00f8jne er ikke l\u00e6ngere s\u00e5 tr\u00e6tte, og mit syn er meget klarere. Jeg er meget tilfreds med dette kosttilskud og anbefaler det til alle.&#8221; &#8211; Anna<\/p>\n<\/blockquote>\n\n\n\n<p><b>Feedback<\/b> fra andre brugere bekr\u00e6fter, at Eyevita Plus er effektivt til at forbedre \u00f8jnenes sundhed og visuelle komfort. Mange har oplevet fordelene ved at tage dette kosttilskud, is\u00e6r med hensyn til at reducere tr\u00e6thed i \u00f8jnene og forbedre synsstyrken generelt.<\/p>\n\n\n\n<h2 class=\"wp-block-heading\" id=\"h-eyevita-plus-sklad-co-zawiera\">Eyevita Plus &#8211; Sammens\u00e6tning &#8211; Hvad indeholder det?<\/h2>\n\n\n\n<p>Eyevita Plus er et kosttilskud, der er omhyggeligt sammensat til at underst\u00f8tte \u00f8jnenes sundhed. Produktet indeholder en r\u00e6kke n\u00e6ringsstoffer, der er gavnlige for synsstyrken og \u00f8jets sundhed.<\/p>\n\n\n\n<p>Ingredienserne i Eyevita Plus-tilskuddet omfatter:<\/p>\n\n\n\n<ul class=\"wp-block-list\">\n<li>Omega-3-fiskeolie &#8211; rig p\u00e5 omega-3-fedtsyrer, som hj\u00e6lper med at opretholde en sund nethindestruktur og -funktion.<\/li>\n\n\n\n<li>Vindruekerneekstrakt &#8211; er en kilde til antioxidanter, som hj\u00e6lper med at beskytte \u00f8jencellerne mod skader fra oxidativ stress.<\/li>\n\n\n\n<li>Lutein &#8211; er et naturligt pigment, der findes i nethinden, og som hj\u00e6lper med at filtrere skadelige lysstr\u00e5ler og beskytte mod skader fra bl\u00e5t lys.<\/li>\n\n\n\n<li>E-vitamin &#8211; fungerer som en antioxidant, der beskytter \u00f8jencellerne mod oxidativ stress og underst\u00f8tter den generelle \u00f8jensundhed.<\/li>\n\n\n\n<li>Betakaroten &#8211; er en forl\u00f8ber for A-vitamin, som er afg\u00f8rende for et sundt syn, nethindens funktion og tilpasning til skiftende lys.<\/li>\n\n\n\n<li>Zink &#8211; hj\u00e6lper med at deltage i en r\u00e6kke metaboliske processer, der er vigtige for \u00f8jets sundhed, s\u00e5som proteinsyntese, A-vitaminmetabolisme og beskyttelse mod oxidativ stress.<\/li>\n\n\n\n<li>Bl\u00e5b\u00e6rpulver &#8211; indeholder flavonoider, der har antiinflammatoriske og antioxidante virkninger og underst\u00f8tter sundheden af blodkarrene i \u00f8jnene.<\/li>\n\n\n\n<li>D3-vitamin &#8211; spiller en vigtig rolle i opretholdelsen af et sundt immunsystem og kan ogs\u00e5 have indflydelse p\u00e5 \u00f8jnenes sundhed ved at kontrollere inflammation og beskytte mod oxidativ stress.<\/li>\n<\/ul>\n\n\n\n<p>Den omhyggeligt udvalgte <b>sammens\u00e6tning<\/b> af Eyevita Plus giver omfattende st\u00f8tte til \u00f8jets sundhed og opretholdelse af optimal synsstyrke.<\/p>\n\n\n\n<h2 class=\"wp-block-heading\" id=\"h-cena-eyevita-plus-gdzie-kupic\">Eyevita Plus pris &#8211; Hvor kan jeg k\u00f8be?<\/h2>\n\n\n\n<p><b>Prisen<\/b> p\u00e5 Eyevita Plus kan variere afh\u00e6ngigt af, hvor du k\u00f8ber det og aktuelle kampagner. Hvis du er bekymret for produktets originalitet, anbefaler vi, at du <b>k\u00f8ber<\/b> det fra producentens officielle hjemmeside.<\/p>\n\n\n\n<p><b>Den officielle Eyevita Plus-producents hjemmeside<\/b> er en p\u00e5lidelig k\u00f8bskilde, hvor du kan v\u00e6re sikker p\u00e5, at du f\u00e5r et autentisk kosttilskud. Derudover er der attraktive tilbud og kampagner tilg\u00e6ngelige p\u00e5 producentens officielle hjemmeside.<\/p>\n\n\n\n<p>Men hvis du gerne vil finde den bedste pris, er det ogs\u00e5 v\u00e6rd at tjekke tilbud p\u00e5 apoteker og onlinebutikker. Husk dog at v\u00e6re forsigtig og tjekke s\u00e6lgerens trov\u00e6rdighed, f\u00f8r du foretager et k\u00f8b.<\/p>\n\n\n\n<h2 class=\"wp-block-heading\" id=\"h-eyevita-plus-skutki-uboczne-i-przeciwwskazania-czy-jest-bezpieczny\">Eyevita Plus &#8211; Bivirkninger og kontraindikationer &#8211; Er det sikkert?<\/h2>\n\n\n\n<p>Eyevita Plus tolereres normalt godt af de fleste mennesker, men i nogle tilf\u00e6lde kan der forekomme en individuel intolerance over for ingredienserne i tilskuddet. Det er vigtigt at huske, at alle kroppe reagerer forskelligt, s\u00e5 det er en god id\u00e9 at holde \u00f8je med dit velbefindende, mens du bruger kosttilskuddet. Hvis du oplever u\u00f8nskede <b>bivirkninger<\/b> som mavesmerter, hududsl\u00e6t eller andre bekymrende symptomer, skal du stoppe med Eyevita Plus og kontakte din l\u00e6ge.<\/p>\n\n\n\n<p>Der er ogs\u00e5 flere kontraindikationer for at tage tilskuddet. Personer med kroniske sygdomme som diabetes eller skjoldbruskkirtelsygdomme b\u00f8r konsultere deres l\u00e6ge, f\u00f8r de begynder at tage tilskuddet. Desuden b\u00f8r gravide kvinder, ammende kvinder og personer med allergi over for nogen af kosttilskuddets ingredienser undg\u00e5 at tage Eyevita Plus.<\/p>\n\n\n\n<p>For at sikre, at Eyevita Plus er sikkert og egnet til den enkelte, er det altid tilr\u00e5deligt at konsultere en l\u00e6ge. Din l\u00e6ge vil v\u00e6re i stand til at vurdere dit helbred, tage hensyn til eventuelle <b>kontraindikationer<\/b> og komme med passende anbefalinger til brug af tilskuddet. Husk, at dine \u00f8jnes sundhed er vigtig, s\u00e5 tag ikke selv nogen risiko, n\u00e5r du beslutter dig for et tilskud.<\/p>\n","protected":false},"excerpt":{"rendered":"<p><strong>379.00 kr<\/strong><\/p>\n<p><del>758.00 kr<\/del><\/p>\n<p><strong>[date_countdown]<\/strong><\/p>\n","protected":false},"featured_media":4672,"comment_status":"open","ping_status":"closed","template":"","meta":{"neve_meta_sidebar":"","neve_meta_container":"","neve_meta_enable_content_width":"","neve_meta_content_width":0,"neve_meta_title_alignment":"","neve_meta_author_avatar":"","neve_post_elements_order":"","neve_meta_disable_header":"","neve_meta_disable_footer":"","neve_meta_disable_title":"","neve_meta_reading_time":""},"product_brand":[],"product_cat":[57],"product_tag":[],"class_list":{"0":"post-4674","1":"product","2":"type-product","3":"status-publish","4":"has-post-thumbnail","6":"product_cat-sundhed","8":"first","9":"instock","10":"shipping-taxable","11":"product-type-external"},"yoast_head":"<!-- This site is optimized with the Yoast SEO plugin v27.4 - https:\/\/yoast.com\/product\/yoast-seo-wordpress\/ -->\n<title>Eyevita Plus - Clinica Althea<\/title>\n<meta name=\"robots\" content=\"index, follow, max-snippet:-1, max-image-preview:large, max-video-preview:-1\" \/>\n<link rel=\"canonical\" href=\"https:\/\/www.clinicaalthea.com\/farmacia\/da\/apt\/eyevita-plus\/\" \/>\n<meta property=\"og:locale\" content=\"pl_PL\" \/>\n<meta property=\"og:type\" content=\"article\" \/>\n<meta property=\"og:title\" content=\"Eyevita Plus - Clinica Althea\" \/>\n<meta property=\"og:description\" content=\"379.00 kr 758.00 kr\" \/>\n<meta property=\"og:url\" content=\"https:\/\/www.clinicaalthea.com\/farmacia\/da\/apt\/eyevita-plus\/\" \/>\n<meta property=\"og:site_name\" content=\"Clinica Althea\" \/>\n<meta property=\"article:modified_time\" content=\"2024-05-13T09:59:43+00:00\" \/>\n<meta property=\"og:image\" content=\"https:\/\/www.clinicaalthea.com\/farmacia\/wp-content\/uploads\/2024\/05\/Eyevita-Plus.png\" \/>\n\t<meta property=\"og:image:width\" content=\"768\" \/>\n\t<meta property=\"og:image:height\" content=\"768\" \/>\n\t<meta property=\"og:image:type\" content=\"image\/png\" \/>\n<meta name=\"twitter:card\" content=\"summary_large_image\" \/>\n<meta name=\"twitter:label1\" content=\"Szacowany czas czytania\" \/>\n\t<meta name=\"twitter:data1\" content=\"9 minut\" \/>\n<script type=\"application\/ld+json\" class=\"yoast-schema-graph\">{\"@context\":\"https:\\\/\\\/schema.org\",\"@graph\":[{\"@type\":\"WebPage\",\"@id\":\"https:\\\/\\\/www.clinicaalthea.com\\\/farmacia\\\/da\\\/apt\\\/eyevita-plus\\\/\",\"url\":\"https:\\\/\\\/www.clinicaalthea.com\\\/farmacia\\\/da\\\/apt\\\/eyevita-plus\\\/\",\"name\":\"Eyevita Plus - Clinica Althea\",\"isPartOf\":{\"@id\":\"https:\\\/\\\/www.clinicaalthea.com\\\/farmacia\\\/#website\"},\"primaryImageOfPage\":{\"@id\":\"https:\\\/\\\/www.clinicaalthea.com\\\/farmacia\\\/da\\\/apt\\\/eyevita-plus\\\/#primaryimage\"},\"image\":{\"@id\":\"https:\\\/\\\/www.clinicaalthea.com\\\/farmacia\\\/da\\\/apt\\\/eyevita-plus\\\/#primaryimage\"},\"thumbnailUrl\":\"https:\\\/\\\/www.clinicaalthea.com\\\/farmacia\\\/wp-content\\\/uploads\\\/2024\\\/05\\\/Eyevita-Plus.png\",\"datePublished\":\"2024-05-13T09:30:05+00:00\",\"dateModified\":\"2024-05-13T09:59:43+00:00\",\"breadcrumb\":{\"@id\":\"https:\\\/\\\/www.clinicaalthea.com\\\/farmacia\\\/da\\\/apt\\\/eyevita-plus\\\/#breadcrumb\"},\"inLanguage\":\"pl-PL\",\"potentialAction\":[{\"@type\":\"ReadAction\",\"target\":[\"https:\\\/\\\/www.clinicaalthea.com\\\/farmacia\\\/da\\\/apt\\\/eyevita-plus\\\/\"]}]},{\"@type\":\"ImageObject\",\"inLanguage\":\"pl-PL\",\"@id\":\"https:\\\/\\\/www.clinicaalthea.com\\\/farmacia\\\/da\\\/apt\\\/eyevita-plus\\\/#primaryimage\",\"url\":\"https:\\\/\\\/www.clinicaalthea.com\\\/farmacia\\\/wp-content\\\/uploads\\\/2024\\\/05\\\/Eyevita-Plus.png\",\"contentUrl\":\"https:\\\/\\\/www.clinicaalthea.com\\\/farmacia\\\/wp-content\\\/uploads\\\/2024\\\/05\\\/Eyevita-Plus.png\",\"width\":768,\"height\":768,\"caption\":\"Eyevita Plus\"},{\"@type\":\"BreadcrumbList\",\"@id\":\"https:\\\/\\\/www.clinicaalthea.com\\\/farmacia\\\/da\\\/apt\\\/eyevita-plus\\\/#breadcrumb\",\"itemListElement\":[{\"@type\":\"ListItem\",\"position\":1,\"name\":\"Strona g\u0142\u00f3wna\",\"item\":\"https:\\\/\\\/www.clinicaalthea.com\\\/farmacia\\\/\"},{\"@type\":\"ListItem\",\"position\":2,\"name\":\"Produkty\",\"item\":\"https:\\\/\\\/www.clinicaalthea.com\\\/farmacia\\\/\"},{\"@type\":\"ListItem\",\"position\":3,\"name\":\"Eyevita Plus\"}]},{\"@type\":\"WebSite\",\"@id\":\"https:\\\/\\\/www.clinicaalthea.com\\\/farmacia\\\/#website\",\"url\":\"https:\\\/\\\/www.clinicaalthea.com\\\/farmacia\\\/\",\"name\":\"Clinica Althea\",\"description\":\"\",\"publisher\":{\"@id\":\"https:\\\/\\\/www.clinicaalthea.com\\\/farmacia\\\/#organization\"},\"potentialAction\":[{\"@type\":\"SearchAction\",\"target\":{\"@type\":\"EntryPoint\",\"urlTemplate\":\"https:\\\/\\\/www.clinicaalthea.com\\\/farmacia\\\/?s={search_term_string}\"},\"query-input\":{\"@type\":\"PropertyValueSpecification\",\"valueRequired\":true,\"valueName\":\"search_term_string\"}}],\"inLanguage\":\"pl-PL\"},{\"@type\":\"Organization\",\"@id\":\"https:\\\/\\\/www.clinicaalthea.com\\\/farmacia\\\/#organization\",\"name\":\"Clinica Althea\",\"url\":\"https:\\\/\\\/www.clinicaalthea.com\\\/farmacia\\\/\",\"logo\":{\"@type\":\"ImageObject\",\"inLanguage\":\"pl-PL\",\"@id\":\"https:\\\/\\\/www.clinicaalthea.com\\\/farmacia\\\/#\\\/schema\\\/logo\\\/image\\\/\",\"url\":\"https:\\\/\\\/www.clinicaalthea.com\\\/farmacia\\\/wp-content\\\/uploads\\\/2023\\\/12\\\/Jak-diagnozuje-sie-FAS_-objawy-kryteria-diagnostyczne-i-metody-diagnozowania-154162903.jpg\",\"contentUrl\":\"https:\\\/\\\/www.clinicaalthea.com\\\/farmacia\\\/wp-content\\\/uploads\\\/2023\\\/12\\\/Jak-diagnozuje-sie-FAS_-objawy-kryteria-diagnostyczne-i-metody-diagnozowania-154162903.jpg\",\"width\":1216,\"height\":832,\"caption\":\"Clinica Althea\"},\"image\":{\"@id\":\"https:\\\/\\\/www.clinicaalthea.com\\\/farmacia\\\/#\\\/schema\\\/logo\\\/image\\\/\"}}]}<\/script>\n<!-- \/ Yoast SEO plugin. -->","yoast_head_json":{"title":"Eyevita Plus - Clinica Althea","robots":{"index":"index","follow":"follow","max-snippet":"max-snippet:-1","max-image-preview":"max-image-preview:large","max-video-preview":"max-video-preview:-1"},"canonical":"https:\/\/www.clinicaalthea.com\/farmacia\/da\/apt\/eyevita-plus\/","og_locale":"pl_PL","og_type":"article","og_title":"Eyevita Plus - Clinica Althea","og_description":"379.00 kr 758.00 kr","og_url":"https:\/\/www.clinicaalthea.com\/farmacia\/da\/apt\/eyevita-plus\/","og_site_name":"Clinica Althea","article_modified_time":"2024-05-13T09:59:43+00:00","og_image":[{"width":768,"height":768,"url":"https:\/\/www.clinicaalthea.com\/farmacia\/wp-content\/uploads\/2024\/05\/Eyevita-Plus.png","type":"image\/png"}],"twitter_card":"summary_large_image","twitter_misc":{"Szacowany czas czytania":"9 minut"},"schema":{"@context":"https:\/\/schema.org","@graph":[{"@type":"WebPage","@id":"https:\/\/www.clinicaalthea.com\/farmacia\/da\/apt\/eyevita-plus\/","url":"https:\/\/www.clinicaalthea.com\/farmacia\/da\/apt\/eyevita-plus\/","name":"Eyevita Plus - Clinica Althea","isPartOf":{"@id":"https:\/\/www.clinicaalthea.com\/farmacia\/#website"},"primaryImageOfPage":{"@id":"https:\/\/www.clinicaalthea.com\/farmacia\/da\/apt\/eyevita-plus\/#primaryimage"},"image":{"@id":"https:\/\/www.clinicaalthea.com\/farmacia\/da\/apt\/eyevita-plus\/#primaryimage"},"thumbnailUrl":"https:\/\/www.clinicaalthea.com\/farmacia\/wp-content\/uploads\/2024\/05\/Eyevita-Plus.png","datePublished":"2024-05-13T09:30:05+00:00","dateModified":"2024-05-13T09:59:43+00:00","breadcrumb":{"@id":"https:\/\/www.clinicaalthea.com\/farmacia\/da\/apt\/eyevita-plus\/#breadcrumb"},"inLanguage":"pl-PL","potentialAction":[{"@type":"ReadAction","target":["https:\/\/www.clinicaalthea.com\/farmacia\/da\/apt\/eyevita-plus\/"]}]},{"@type":"ImageObject","inLanguage":"pl-PL","@id":"https:\/\/www.clinicaalthea.com\/farmacia\/da\/apt\/eyevita-plus\/#primaryimage","url":"https:\/\/www.clinicaalthea.com\/farmacia\/wp-content\/uploads\/2024\/05\/Eyevita-Plus.png","contentUrl":"https:\/\/www.clinicaalthea.com\/farmacia\/wp-content\/uploads\/2024\/05\/Eyevita-Plus.png","width":768,"height":768,"caption":"Eyevita Plus"},{"@type":"BreadcrumbList","@id":"https:\/\/www.clinicaalthea.com\/farmacia\/da\/apt\/eyevita-plus\/#breadcrumb","itemListElement":[{"@type":"ListItem","position":1,"name":"Strona g\u0142\u00f3wna","item":"https:\/\/www.clinicaalthea.com\/farmacia\/"},{"@type":"ListItem","position":2,"name":"Produkty","item":"https:\/\/www.clinicaalthea.com\/farmacia\/"},{"@type":"ListItem","position":3,"name":"Eyevita Plus"}]},{"@type":"WebSite","@id":"https:\/\/www.clinicaalthea.com\/farmacia\/#website","url":"https:\/\/www.clinicaalthea.com\/farmacia\/","name":"Clinica Althea","description":"","publisher":{"@id":"https:\/\/www.clinicaalthea.com\/farmacia\/#organization"},"potentialAction":[{"@type":"SearchAction","target":{"@type":"EntryPoint","urlTemplate":"https:\/\/www.clinicaalthea.com\/farmacia\/?s={search_term_string}"},"query-input":{"@type":"PropertyValueSpecification","valueRequired":true,"valueName":"search_term_string"}}],"inLanguage":"pl-PL"},{"@type":"Organization","@id":"https:\/\/www.clinicaalthea.com\/farmacia\/#organization","name":"Clinica Althea","url":"https:\/\/www.clinicaalthea.com\/farmacia\/","logo":{"@type":"ImageObject","inLanguage":"pl-PL","@id":"https:\/\/www.clinicaalthea.com\/farmacia\/#\/schema\/logo\/image\/","url":"https:\/\/www.clinicaalthea.com\/farmacia\/wp-content\/uploads\/2023\/12\/Jak-diagnozuje-sie-FAS_-objawy-kryteria-diagnostyczne-i-metody-diagnozowania-154162903.jpg","contentUrl":"https:\/\/www.clinicaalthea.com\/farmacia\/wp-content\/uploads\/2023\/12\/Jak-diagnozuje-sie-FAS_-objawy-kryteria-diagnostyczne-i-metody-diagnozowania-154162903.jpg","width":1216,"height":832,"caption":"Clinica Althea"},"image":{"@id":"https:\/\/www.clinicaalthea.com\/farmacia\/#\/schema\/logo\/image\/"}}]}},"lang":"da","translations":{"da":4674,"de":4673,"pl":4671,"fr":4675,"nl":4676,"nb":4677,"sv":4678},"pll_sync_post":[],"_links":{"self":[{"href":"https:\/\/www.clinicaalthea.com\/farmacia\/wp-json\/wp\/v2\/product\/4674","targetHints":{"allow":["GET"]}}],"collection":[{"href":"https:\/\/www.clinicaalthea.com\/farmacia\/wp-json\/wp\/v2\/product"}],"about":[{"href":"https:\/\/www.clinicaalthea.com\/farmacia\/wp-json\/wp\/v2\/types\/product"}],"replies":[{"embeddable":true,"href":"https:\/\/www.clinicaalthea.com\/farmacia\/wp-json\/wp\/v2\/comments?post=4674"}],"wp:featuredmedia":[{"embeddable":true,"href":"https:\/\/www.clinicaalthea.com\/farmacia\/wp-json\/wp\/v2\/media\/4672"}],"wp:attachment":[{"href":"https:\/\/www.clinicaalthea.com\/farmacia\/wp-json\/wp\/v2\/media?parent=4674"}],"wp:term":[{"taxonomy":"product_brand","embeddable":true,"href":"https:\/\/www.clinicaalthea.com\/farmacia\/wp-json\/wp\/v2\/product_brand?post=4674"},{"taxonomy":"product_cat","embeddable":true,"href":"https:\/\/www.clinicaalthea.com\/farmacia\/wp-json\/wp\/v2\/product_cat?post=4674"},{"taxonomy":"product_tag","embeddable":true,"href":"https:\/\/www.clinicaalthea.com\/farmacia\/wp-json\/wp\/v2\/product_tag?post=4674"}],"curies":[{"name":"wp","href":"https:\/\/api.w.org\/{rel}","templated":true}]}}