{"id":4673,"date":"2024-05-13T10:28:45","date_gmt":"2024-05-13T09:28:45","guid":{"rendered":"https:\/\/mayoguide.org\/produkty\/?post_type=product&#038;p=4673"},"modified":"2024-05-13T10:59:43","modified_gmt":"2024-05-13T09:59:43","slug":"eyevita-plus","status":"publish","type":"product","link":"https:\/\/www.clinicaalthea.com\/farmacia\/de\/apt\/eyevita-plus\/","title":{"rendered":"Eyevita Plus"},"content":{"rendered":"\n<p><b>Eyevita Plus<\/b> ist ein <b>Nahrungserg\u00e4nzungsmittel<\/b>, das speziell f\u00fcr diejenigen entwickelt wurde, die sich um die <b>Gesundheit der Augen<\/b> k\u00fcmmern und die Sehsch\u00e4rfe erhalten wollen. Die <b>N\u00e4hrstoffe<\/b> in diesem Nahrungserg\u00e4nzungsmittel sind so konzipiert, dass sie die <b>Gesundheit der Augen<\/b> unterst\u00fctzen.<\/p>\n\n\n\n<p>Die Inhaltsstoffe von <b>Eyevita Plus<\/b> umfassen verschiedene <b>N\u00e4hrstoffe<\/b>, die f\u00fcr eine gute Augenfunktion wichtig sind. Einige dieser Inhaltsstoffe sind antioxidative <b>Vitamine<\/b>, Heidelbeerextrakt, nat\u00fcrliche Carotinoide und <b>Mineralien<\/b>.<\/p>\n\n\n\n<p>Eyevita Plus versorgt den K\u00f6rper mit essenziellen N\u00e4hrstoffen, die zur Erhaltung einer gesunden <b>Sehkraft<\/b><b>beitragen<\/b>. Dar\u00fcber hinaus reduziert das Nahrungserg\u00e4nzungsmittel die <b>Erm\u00fcdung der Augen<\/b>, sch\u00fctzt die Zellen vor Sch\u00e4den durch freie Radikale und unterst\u00fctzt die Alterung der Augen.<\/p>\n\n\n\n<blockquote class=\"wp-block-quote is-layout-flow wp-block-quote-is-layout-flow\">\n<p>Eyevita Plus ist ein umfassendes <b>Nahrungserg\u00e4nzungsmittel<\/b>, das die <b>Gesundheit der Augen<\/b> wirksam unterst\u00fctzt und die Erm\u00fcdung der Augen verringert. Die darin enthaltenen <b>N\u00e4hrstoffe<\/b> wurden sorgf\u00e4ltig ausgew\u00e4hlt, um einen optimalen Schutz und eine optimale <b>Wirkung<\/b> f\u00fcr unser Augenlicht zu gew\u00e4hrleisten.<\/p>\n<\/blockquote>\n\n\n\n<figure class=\"wp-block-table\"><table><tbody><tr><th>Inhaltsstoffe von Eyevita Plus<\/th><th>Relevanz f\u00fcr die Augen<\/th><th>Wirkung<\/th><\/tr><tr><td>Antioxidativ wirkende<b>Vitamine<\/b> <\/td><td><b>Verringerung der Erm\u00fcdung der Augen<\/b><\/td><td>Neutralisierung von freien Radikalen<\/td><\/tr><tr><td>Heidelbeer-Extrakt<\/td><td>St\u00e4rkung der Sehkraft<\/td><td>Verbessert die Sehsch\u00e4rfe<\/td><\/tr><tr><td>Nat\u00fcrliche Carotinoide<\/td><td>Schutz vor Photooxidation<\/td><td>Verringerung des Risikos von altersbedingten Augenkrankheiten<\/td><\/tr><tr><td><b>Mineralien<\/b><\/td><td>St\u00e4rkung der Augenstruktur<\/td><td>Unterst\u00fctzung ihres guten Zustands<\/td><\/tr><\/tbody><\/table><\/figure>\n\n\n\n<h2 class=\"wp-block-heading\" id=\"h-korzysci-ze-stosowania-eyevita-plus-efekty\">Vorteile von Eyevita Plus &#8211; Wirkungen<\/h2>\n\n\n\n<p>Die<b>Einnahme<\/b> des Nahrungserg\u00e4nzungsmittels Eyevita Plus bringt eine Reihe von <b>Vorteilen<\/b> f\u00fcr die Gesundheit der Augen mit sich und verbessert die Qualit\u00e4t des Sehens. Dieses Produkt wurde speziell entwickelt, um die Augen umfassend zu sch\u00fctzen und zu unterst\u00fctzen, insbesondere f\u00fcr diejenigen, die viel Zeit vor einem Computerbildschirm verbringen oder sich Sorgen \u00fcber den Verlust der Sehsch\u00e4rfe im Alter machen.<\/p>\n\n\n\n<p>Einer der <b>Hauptvorteile<\/b> von Eyevita Plus ist der Schutz der Augen vor Infektionen und die wirksame Behandlung des Syndroms des trockenen Auges. <b>Die Inhaltsstoffe des<\/b> Nahrungserg\u00e4nzungsmittels tragen dazu bei, Augenreizungen zu verringern, die Augenoberfl\u00e4che mit Feuchtigkeit zu versorgen und Trockenheit zu reduzieren.<\/p>\n\n\n\n<p>Ein weiterer wichtiger Aspekt ist die <b>Verringerung der Erm\u00fcdung der Augen<\/b>. L\u00e4ngerer Gebrauch von elektronischen Ger\u00e4ten wie Fernsehern, Smartphones und Computern kann zu einer \u00dcberanstrengung der Augen f\u00fchren. Eyevita Plus enth\u00e4lt Inhaltsstoffe, die die Erm\u00fcdung der <b>Augen<\/b> reduzieren, den Sehkomfort verbessern und das Gef\u00fchl von Trockenheit und Brennen verringern.<\/p>\n\n\n\n<p>Das<b>Nahrungserg\u00e4nzungsmittel<\/b> Eyevita Plus wirkt sich auch auf den Schutz der Augenzellen vor oxidativen Sch\u00e4den durch freie Radikale aus. Die im Produkt enthaltenen antioxidativen Inhaltsstoffe neutralisieren die sch\u00e4dlichen <b>Auswirkungen der<\/b> freien Radikale und beugen so der Alterung der Augen vor und halten sie in gutem Zustand.<\/p>\n\n\n\n<p>Eine wichtige Wirkung von Eyevita Plus ist auch die ausreichende Ern\u00e4hrung der Augen. Das Nahrungserg\u00e4nzungsmittel liefert N\u00e4hrstoffe wie <b>Vitamine<\/b>, <b>Mineralien<\/b> und Antioxidantien, die f\u00fcr die Gesundheit der Augen wichtig sind. Diese N\u00e4hrstoffe sorgen f\u00fcr eine gute Augenfunktion, erhalten die Sehsch\u00e4rfe und minimieren das Risiko von Entz\u00fcndungen und Infektionen.<\/p>\n\n\n\n<figure class=\"wp-block-table\"><table><tbody><tr><th>Vorteile von Eyevita Plus<\/th><\/tr><tr><td>Schutz der Augen vor Infektionen<\/td><\/tr><tr><td>Behandlung des Syndroms des trockenen Auges<\/td><\/tr><tr><td><b>Verringerung der Erm\u00fcdung der Augen<\/b><\/td><\/tr><tr><td>Schutz vor oxidativen Sch\u00e4den<\/td><\/tr><tr><td>Angemessene Ern\u00e4hrung f\u00fcr die Augen<\/td><\/tr><\/tbody><\/table><\/figure>\n\n\n\n<p>Die<b>Verwendung von<\/b> Eyevita Plus als Nahrungserg\u00e4nzungsmittel hat zahlreiche <b>Vorteile<\/b> f\u00fcr die Gesundheit der Augen und die Qualit\u00e4t des Sehens. Dank der im Produkt enthaltenen Inhaltsstoffe werden die <b>Augen<\/b> gesch\u00fctzt, die <b>Erm\u00fcdung<\/b> der Augen verringert, die Augenzellen gesch\u00fctzt und eine optimale Ern\u00e4hrung der Augen gew\u00e4hrleistet.<\/p>\n\n\n\n<h2 class=\"wp-block-heading\" id=\"h-jak-stosowac-eyevita-plus-instrukcja-stosowania-i-dawkowania\">Wie Eyevita Plus zu verwenden ist &#8211; Gebrauchsanweisung und Dosierung<\/h2>\n\n\n\n<p>Eyevita Plus ist ein Nahrungserg\u00e4nzungsmittel, das gem\u00e4\u00df den Anweisungen des Herstellers verwendet werden sollte.<\/p>\n\n\n\n<p>Grundlegende Anweisungen f\u00fcr die Verwendung von Eyevita Plus:<\/p>\n\n\n\n<ul class=\"wp-block-list\">\n<li>Nehmen Sie 1-2 Kapseln Eyevita Plus auf einmal ein. Es wird am besten mit einer Mahlzeit eingenommen, um die Absorption der Inhaltsstoffe zu erh\u00f6hen.<\/li>\n\n\n\n<li>Das Nahrungserg\u00e4nzungsmittel soll \u00fcber einen l\u00e4ngeren Zeitraum eingenommen werden, um die Gesundheit der Augen regelm\u00e4\u00dfig zu unterst\u00fctzen.<\/li>\n\n\n\n<li>Halten Sie sich immer an die empfohlene Dosierung und \u00fcberschreiten Sie diese nicht ohne R\u00fccksprache mit Ihrem Arzt oder Apotheker.<\/li>\n\n\n\n<li>Denken Sie daran, dass Eyevita Plus ein Nahrungserg\u00e4nzungsmittel ist und keinen Ersatz f\u00fcr eine abwechslungsreiche Ern\u00e4hrung oder eine gesunde Lebensweise darstellt.<\/li>\n<\/ul>\n\n\n\n<p>Wenn Sie sich \u00fcber die Dosierung oder die Anwendung von Eyevita Plus nicht sicher sind, sollten Sie immer Ihren Arzt oder Apotheker befragen. Ein Fachmann kann Ihnen relevante Informationen geben und ein geeignetes Dosierungsschema vorschlagen, das auf Ihre individuellen Bed\u00fcrfnisse und Ihren Gesundheitszustand abgestimmt ist.<\/p>\n\n\n\n<h3 class=\"wp-block-heading\" id=\"h-instrukcja-stosowania-eyevita-plus\">Hinweise zur Anwendung von Eyevita Plus:<\/h3>\n\n\n\n<ol class=\"wp-block-list\">\n<li>\u00d6ffnen Sie die Packung und nehmen Sie die Eyevita Plus Kapseln heraus.<\/li>\n\n\n\n<li>Nehmen Sie einmal t\u00e4glich 1-2 Kapseln ein.<\/li>\n\n\n\n<li>Am besten nehmen Sie die Kapseln mit einer Mahlzeit und ausreichend Wasser ein.<\/li>\n\n\n\n<li>Bewahren Sie das Erg\u00e4nzungsmittel an einem trockenen Ort bei Zimmertemperatur auf.<\/li>\n\n\n\n<li>\u00dcberschreiten Sie nicht die empfohlene Tagesdosis.<\/li>\n<\/ol>\n\n\n\n<p>Denken Sie daran, dass Eyevita Plus ein Nahrungserg\u00e4nzungsmittel ist und seine <b>Einnahme<\/b> eine gesunde und ausgewogene Ern\u00e4hrung und Lebensweise erg\u00e4nzen sollte.<\/p>\n\n\n\n<figure class=\"wp-block-table\"><table><thead><tr><th>Gebrauchsanweisung f\u00fcr Eyevita Plus<\/th><th>Dosierung<\/th><th>H\u00e4ufigkeit<\/th><th>Mit einer Mahlzeit einnehmen?<\/th><\/tr><\/thead><tbody><tr><td>1-2 Kapseln<\/td><td>Einmal am Tag<\/td><td>Einmal am Tag<\/td><td>Ja, vorzugsweise<\/td><\/tr><\/tbody><\/table><\/figure>\n\n\n\n<h2 class=\"wp-block-heading\" id=\"h-recenzje-i-opinie-o-eyevita-plus\">Bewertungen und Meinungen \u00fcber Eyevita Plus<\/h2>\n\n\n\n<p>Eyevita Plus ist ein Nahrungserg\u00e4nzungsmittel, das positive <b>Bewertungen<\/b> und <b>R\u00fcckmeldungen<\/b> von Benutzern erhalten hat. Personen, die dieses Nahrungserg\u00e4nzungsmittel regelm\u00e4\u00dfig verwenden, berichten von einer verbesserten Sehkraft und einer deutlichen Verringerung der Erm\u00fcdung der Augen. Eyevita Plus zeigt seine Wirksamkeit nicht nur bei der Verbesserung der Sehsch\u00e4rfe, sondern auch bei der allgemeinen Gesundheit der Augen und tr\u00e4gt so zu einem h\u00f6heren Sehkomfort bei.<\/p>\n\n\n\n<p>Die Anwender sch\u00e4tzen die Wirkung von Eyevita Plus, und ihre positiven <b>R\u00fcckmeldungen<\/b> best\u00e4tigen die Wirksamkeit dieses Nahrungserg\u00e4nzungsmittels bei der Pflege der Augengesundheit. Die <b>Rezensionen<\/b> bezeugen, dass Eyevita Plus nicht nur f\u00fcr Menschen, die viel Zeit vor dem Computer verbringen, eine Unterst\u00fctzung ist, sondern auch f\u00fcr alle, die auf die Erhaltung des guten Zustands ihrer Sehkraft angewiesen sind.<\/p>\n\n\n\n<blockquote class=\"wp-block-quote is-layout-flow wp-block-quote-is-layout-flow\">\n<p>&#8220;Nach regelm\u00e4\u00dfiger Einnahme von Eyevita Plus habe ich eine deutliche Verbesserung meiner Sehkraft und eine Verringerung der Erm\u00fcdung der Augen festgestellt. Ich empfehle dieses Nahrungserg\u00e4nzungsmittel allen, die sich um ihre <b>Augen<\/b> k\u00fcmmern und ein angenehmes Sehverm\u00f6gen genie\u00dfen wollen.&#8221; &#8211; Kamil<\/p>\n<\/blockquote>\n\n\n\n<blockquote class=\"wp-block-quote is-layout-flow wp-block-quote-is-layout-flow\">\n<p>&#8220;Eyevita Plus hat wirklich sp\u00fcrbare <b>Auswirkungen<\/b>. Meine Augen sind nicht mehr so m\u00fcde und meine Sicht ist viel klarer. Ich bin sehr zufrieden mit diesem Pr\u00e4parat und empfehle es jedem.&#8221; &#8211; Anna<\/p>\n<\/blockquote>\n\n\n\n<p>Die<b>R\u00fcckmeldungen<\/b> anderer Anwender best\u00e4tigen die Wirksamkeit von Eyevita Plus bei der Verbesserung der Augengesundheit und des Sehkomforts. Viele haben die Vorteile der Einnahme dieses Nahrungserg\u00e4nzungsmittels erfahren, insbesondere was die Verringerung der Erm\u00fcdung der Augen und die Verbesserung der Sehsch\u00e4rfe insgesamt betrifft.<\/p>\n\n\n\n<h2 class=\"wp-block-heading\" id=\"h-eyevita-plus-sklad-co-zawiera\">Eyevita Plus &#8211; Zusammensetzung &#8211; Was enth\u00e4lt es?<\/h2>\n\n\n\n<p>Eyevita Plus ist ein Nahrungserg\u00e4nzungsmittel, das sorgf\u00e4ltig formuliert wurde, um die Gesundheit der Augen zu unterst\u00fctzen. Das Produkt enth\u00e4lt eine Vielzahl von N\u00e4hrstoffen, die sich positiv auf die Sehsch\u00e4rfe und die Gesundheit der Augen auswirken.<\/p>\n\n\n\n<p>Zu den Inhaltsstoffen von Eyevita Plus geh\u00f6ren:<\/p>\n\n\n\n<ul class=\"wp-block-list\">\n<li>Omega-3-Fisch\u00f6l &#8211; reich an Omega-3-Fetts\u00e4uren, die zur Erhaltung einer gesunden Netzhautstruktur und -funktion beitragen.<\/li>\n\n\n\n<li>Traubenkernextrakt &#8211; ist eine Quelle von Antioxidantien, die dazu beitragen, die Augenzellen vor Sch\u00e4den durch oxidativen Stress zu sch\u00fctzen.<\/li>\n\n\n\n<li>Lutein &#8211; ist ein nat\u00fcrliches Pigment in der Netzhaut, das dazu beitr\u00e4gt, sch\u00e4dliche Lichtstrahlen zu filtern und vor Sch\u00e4den durch blaues Licht zu sch\u00fctzen.<\/li>\n\n\n\n<li>Vitamin E &#8211; wirkt als Antioxidans, sch\u00fctzt die Augenzellen vor oxidativem Stress und unterst\u00fctzt die allgemeine Gesundheit der Augen.<\/li>\n\n\n\n<li>Beta-Carotin &#8211; ist eine Vorstufe von Vitamin A, das f\u00fcr eine gesunde Sehkraft, die Funktion der Netzhaut und die Anpassung an wechselndes Licht unerl\u00e4sslich ist.<\/li>\n\n\n\n<li>Zink &#8211; ist an einer Reihe von Stoffwechselprozessen beteiligt, die f\u00fcr die Gesundheit der Augen wichtig sind, z. B. an der Proteinsynthese, dem Vitamin-A-Stoffwechsel und dem Schutz vor oxidativem Stress.<\/li>\n\n\n\n<li>Heidelbeerpulver &#8211; enth\u00e4lt Flavonoide, die eine entz\u00fcndungshemmende und antioxidative Wirkung haben und die Gesundheit der Blutgef\u00e4\u00dfe in den Augen unterst\u00fctzen.<\/li>\n\n\n\n<li>Vitamin D3 &#8211; spielt eine wichtige Rolle bei der Aufrechterhaltung einer gesunden Funktion des Immunsystems und kann durch die Kontrolle von Entz\u00fcndungen und den Schutz vor oxidativem Stress auch einen Einfluss auf die Augengesundheit haben.<\/li>\n<\/ul>\n\n\n\n<p>Die sorgf\u00e4ltig ausgew\u00e4hlte <b>Zusammensetzung von<\/b> Eyevita Plus bietet eine umfassende Unterst\u00fctzung f\u00fcr die Gesundheit der Augen und die Erhaltung einer optimalen Sehsch\u00e4rfe.<\/p>\n\n\n\n<h2 class=\"wp-block-heading\" id=\"h-cena-eyevita-plus-gdzie-kupic\">Eyevita Plus Preis &#8211; Wo kann man es kaufen?<\/h2>\n\n\n\n<p>Der<b>Preis von<\/b> Eyevita Plus kann variieren, je nachdem, wo Sie es kaufen, und je nach aktuellen Werbeaktionen. Wenn Sie sich Sorgen um die Originalit\u00e4t des Produkts machen, empfehlen wir Ihnen, es auf der offiziellen Website des Herstellers <b>zu kaufen<\/b>.<\/p>\n\n\n\n<p><b>Die offizielle Website des Herstellers<\/b> von Eyevita Plus ist eine zuverl\u00e4ssige Einkaufsquelle, bei der Sie sicher sein k\u00f6nnen, dass Sie ein authentisches Nahrungserg\u00e4nzungsmittel erhalten. Dar\u00fcber hinaus gibt es auf der offiziellen Website des Herstellers attraktive Angebote und Aktionen.<\/p>\n\n\n\n<p>Wenn Sie jedoch auf der Suche nach dem besten Preis sind, lohnt es sich auch, die Angebote in Apotheken und Online-Shops zu pr\u00fcfen. Seien Sie jedoch vorsichtig und \u00fcberpr\u00fcfen Sie die Glaubw\u00fcrdigkeit des Verk\u00e4ufers, bevor Sie einen Kauf t\u00e4tigen.<\/p>\n\n\n\n<h2 class=\"wp-block-heading\" id=\"h-eyevita-plus-skutki-uboczne-i-przeciwwskazania-czy-jest-bezpieczny\">Eyevita Plus &#8211; Nebenwirkungen und Kontraindikationen &#8211; Ist es sicher?<\/h2>\n\n\n\n<p>Eyevita Plus wird in der Regel von den meisten Menschen gut vertragen. In einigen F\u00e4llen kann jedoch eine individuelle Unvertr\u00e4glichkeit gegen\u00fcber den Inhaltsstoffen des Erg\u00e4nzungsmittels auftreten. Es ist wichtig, daran zu denken, dass jeder K\u00f6rper anders reagiert, daher ist es eine gute Idee, Ihr Wohlbefinden w\u00e4hrend der Einnahme des Nahrungserg\u00e4nzungsmittels zu \u00fcberwachen. Wenn Sie unerw\u00fcnschte <b>Nebenwirkungen<\/b> wie Magenschmerzen, Hautausschlag oder andere besorgniserregende Symptome feststellen, sollten Sie Eyevita Plus absetzen und Ihren Arzt konsultieren.<\/p>\n\n\n\n<p>Es gibt auch einige Kontraindikationen f\u00fcr die Einnahme des Pr\u00e4parats. Menschen mit chronischen Krankheiten, wie Diabetes oder Schilddr\u00fcsenerkrankungen, sollten ihren Arzt konsultieren, bevor sie mit der Einnahme beginnen. Au\u00dferdem sollten schwangere Frauen, stillende M\u00fctter und Menschen mit Allergien gegen einen der Inhaltsstoffe des Nahrungserg\u00e4nzungsmittels Eyevita Plus nicht einnehmen.<\/p>\n\n\n\n<p>Um sicherzustellen, dass Eyevita Plus sicher und f\u00fcr den Einzelnen geeignet ist, ist es immer ratsam, einen Arzt zu konsultieren. Ihr Arzt kann Ihren Gesundheitszustand beurteilen, eventuelle <b>Gegenanzeigen<\/b> ber\u00fccksichtigen und geeignete Empfehlungen f\u00fcr die Einnahme des Nahrungserg\u00e4nzungsmittels geben. Denken Sie daran, dass die Gesundheit Ihrer Augen wichtig ist, gehen Sie also kein Risiko ein, wenn Sie sich f\u00fcr eine Nahrungserg\u00e4nzung entscheiden.<\/p>\n","protected":false},"excerpt":{"rendered":"<p><strong>49.00 \u20ac<\/strong><\/p>\n<p><del>98.00 \u20ac<\/del><\/p>\n<p><strong>[date_countdown]<\/strong><\/p>\n","protected":false},"featured_media":4672,"comment_status":"open","ping_status":"closed","template":"","meta":{"neve_meta_sidebar":"","neve_meta_container":"","neve_meta_enable_content_width":"","neve_meta_content_width":0,"neve_meta_title_alignment":"","neve_meta_author_avatar":"","neve_post_elements_order":"","neve_meta_disable_header":"","neve_meta_disable_footer":"","neve_meta_disable_title":"","neve_meta_reading_time":""},"product_brand":[],"product_cat":[33],"product_tag":[],"class_list":{"0":"post-4673","1":"product","2":"type-product","3":"status-publish","4":"has-post-thumbnail","6":"product_cat-gesundheit","8":"first","9":"instock","10":"shipping-taxable","11":"product-type-external"},"yoast_head":"<!-- This site is optimized with the Yoast SEO plugin v27.4 - https:\/\/yoast.com\/product\/yoast-seo-wordpress\/ -->\n<title>Eyevita Plus - Clinica Althea<\/title>\n<meta name=\"robots\" content=\"index, follow, max-snippet:-1, max-image-preview:large, max-video-preview:-1\" \/>\n<link rel=\"canonical\" href=\"https:\/\/www.clinicaalthea.com\/farmacia\/de\/apt\/eyevita-plus\/\" \/>\n<meta property=\"og:locale\" content=\"pl_PL\" \/>\n<meta property=\"og:type\" content=\"article\" \/>\n<meta property=\"og:title\" content=\"Eyevita Plus - Clinica Althea\" \/>\n<meta property=\"og:description\" content=\"49.00 \u20ac 98.00 \u20ac\" \/>\n<meta property=\"og:url\" content=\"https:\/\/www.clinicaalthea.com\/farmacia\/de\/apt\/eyevita-plus\/\" \/>\n<meta property=\"og:site_name\" content=\"Clinica Althea\" \/>\n<meta property=\"article:modified_time\" content=\"2024-05-13T09:59:43+00:00\" \/>\n<meta property=\"og:image\" content=\"https:\/\/www.clinicaalthea.com\/farmacia\/wp-content\/uploads\/2024\/05\/Eyevita-Plus.png\" \/>\n\t<meta property=\"og:image:width\" content=\"768\" \/>\n\t<meta property=\"og:image:height\" content=\"768\" \/>\n\t<meta property=\"og:image:type\" content=\"image\/png\" \/>\n<meta name=\"twitter:card\" content=\"summary_large_image\" \/>\n<meta name=\"twitter:label1\" content=\"Szacowany czas czytania\" \/>\n\t<meta name=\"twitter:data1\" content=\"9 minut\" \/>\n<script type=\"application\/ld+json\" class=\"yoast-schema-graph\">{\"@context\":\"https:\\\/\\\/schema.org\",\"@graph\":[{\"@type\":\"WebPage\",\"@id\":\"https:\\\/\\\/www.clinicaalthea.com\\\/farmacia\\\/de\\\/apt\\\/eyevita-plus\\\/\",\"url\":\"https:\\\/\\\/www.clinicaalthea.com\\\/farmacia\\\/de\\\/apt\\\/eyevita-plus\\\/\",\"name\":\"Eyevita Plus - Clinica Althea\",\"isPartOf\":{\"@id\":\"https:\\\/\\\/www.clinicaalthea.com\\\/farmacia\\\/#website\"},\"primaryImageOfPage\":{\"@id\":\"https:\\\/\\\/www.clinicaalthea.com\\\/farmacia\\\/de\\\/apt\\\/eyevita-plus\\\/#primaryimage\"},\"image\":{\"@id\":\"https:\\\/\\\/www.clinicaalthea.com\\\/farmacia\\\/de\\\/apt\\\/eyevita-plus\\\/#primaryimage\"},\"thumbnailUrl\":\"https:\\\/\\\/www.clinicaalthea.com\\\/farmacia\\\/wp-content\\\/uploads\\\/2024\\\/05\\\/Eyevita-Plus.png\",\"datePublished\":\"2024-05-13T09:28:45+00:00\",\"dateModified\":\"2024-05-13T09:59:43+00:00\",\"breadcrumb\":{\"@id\":\"https:\\\/\\\/www.clinicaalthea.com\\\/farmacia\\\/de\\\/apt\\\/eyevita-plus\\\/#breadcrumb\"},\"inLanguage\":\"pl-PL\",\"potentialAction\":[{\"@type\":\"ReadAction\",\"target\":[\"https:\\\/\\\/www.clinicaalthea.com\\\/farmacia\\\/de\\\/apt\\\/eyevita-plus\\\/\"]}]},{\"@type\":\"ImageObject\",\"inLanguage\":\"pl-PL\",\"@id\":\"https:\\\/\\\/www.clinicaalthea.com\\\/farmacia\\\/de\\\/apt\\\/eyevita-plus\\\/#primaryimage\",\"url\":\"https:\\\/\\\/www.clinicaalthea.com\\\/farmacia\\\/wp-content\\\/uploads\\\/2024\\\/05\\\/Eyevita-Plus.png\",\"contentUrl\":\"https:\\\/\\\/www.clinicaalthea.com\\\/farmacia\\\/wp-content\\\/uploads\\\/2024\\\/05\\\/Eyevita-Plus.png\",\"width\":768,\"height\":768,\"caption\":\"Eyevita Plus\"},{\"@type\":\"BreadcrumbList\",\"@id\":\"https:\\\/\\\/www.clinicaalthea.com\\\/farmacia\\\/de\\\/apt\\\/eyevita-plus\\\/#breadcrumb\",\"itemListElement\":[{\"@type\":\"ListItem\",\"position\":1,\"name\":\"Strona g\u0142\u00f3wna\",\"item\":\"https:\\\/\\\/www.clinicaalthea.com\\\/farmacia\\\/\"},{\"@type\":\"ListItem\",\"position\":2,\"name\":\"Produkty\",\"item\":\"https:\\\/\\\/www.clinicaalthea.com\\\/farmacia\\\/\"},{\"@type\":\"ListItem\",\"position\":3,\"name\":\"Eyevita Plus\"}]},{\"@type\":\"WebSite\",\"@id\":\"https:\\\/\\\/www.clinicaalthea.com\\\/farmacia\\\/#website\",\"url\":\"https:\\\/\\\/www.clinicaalthea.com\\\/farmacia\\\/\",\"name\":\"Clinica Althea\",\"description\":\"\",\"publisher\":{\"@id\":\"https:\\\/\\\/www.clinicaalthea.com\\\/farmacia\\\/#organization\"},\"potentialAction\":[{\"@type\":\"SearchAction\",\"target\":{\"@type\":\"EntryPoint\",\"urlTemplate\":\"https:\\\/\\\/www.clinicaalthea.com\\\/farmacia\\\/?s={search_term_string}\"},\"query-input\":{\"@type\":\"PropertyValueSpecification\",\"valueRequired\":true,\"valueName\":\"search_term_string\"}}],\"inLanguage\":\"pl-PL\"},{\"@type\":\"Organization\",\"@id\":\"https:\\\/\\\/www.clinicaalthea.com\\\/farmacia\\\/#organization\",\"name\":\"Clinica Althea\",\"url\":\"https:\\\/\\\/www.clinicaalthea.com\\\/farmacia\\\/\",\"logo\":{\"@type\":\"ImageObject\",\"inLanguage\":\"pl-PL\",\"@id\":\"https:\\\/\\\/www.clinicaalthea.com\\\/farmacia\\\/#\\\/schema\\\/logo\\\/image\\\/\",\"url\":\"https:\\\/\\\/www.clinicaalthea.com\\\/farmacia\\\/wp-content\\\/uploads\\\/2023\\\/12\\\/Jak-diagnozuje-sie-FAS_-objawy-kryteria-diagnostyczne-i-metody-diagnozowania-154162903.jpg\",\"contentUrl\":\"https:\\\/\\\/www.clinicaalthea.com\\\/farmacia\\\/wp-content\\\/uploads\\\/2023\\\/12\\\/Jak-diagnozuje-sie-FAS_-objawy-kryteria-diagnostyczne-i-metody-diagnozowania-154162903.jpg\",\"width\":1216,\"height\":832,\"caption\":\"Clinica Althea\"},\"image\":{\"@id\":\"https:\\\/\\\/www.clinicaalthea.com\\\/farmacia\\\/#\\\/schema\\\/logo\\\/image\\\/\"}}]}<\/script>\n<!-- \/ Yoast SEO plugin. -->","yoast_head_json":{"title":"Eyevita Plus - Clinica Althea","robots":{"index":"index","follow":"follow","max-snippet":"max-snippet:-1","max-image-preview":"max-image-preview:large","max-video-preview":"max-video-preview:-1"},"canonical":"https:\/\/www.clinicaalthea.com\/farmacia\/de\/apt\/eyevita-plus\/","og_locale":"pl_PL","og_type":"article","og_title":"Eyevita Plus - Clinica Althea","og_description":"49.00 \u20ac 98.00 \u20ac","og_url":"https:\/\/www.clinicaalthea.com\/farmacia\/de\/apt\/eyevita-plus\/","og_site_name":"Clinica Althea","article_modified_time":"2024-05-13T09:59:43+00:00","og_image":[{"width":768,"height":768,"url":"https:\/\/www.clinicaalthea.com\/farmacia\/wp-content\/uploads\/2024\/05\/Eyevita-Plus.png","type":"image\/png"}],"twitter_card":"summary_large_image","twitter_misc":{"Szacowany czas czytania":"9 minut"},"schema":{"@context":"https:\/\/schema.org","@graph":[{"@type":"WebPage","@id":"https:\/\/www.clinicaalthea.com\/farmacia\/de\/apt\/eyevita-plus\/","url":"https:\/\/www.clinicaalthea.com\/farmacia\/de\/apt\/eyevita-plus\/","name":"Eyevita Plus - Clinica Althea","isPartOf":{"@id":"https:\/\/www.clinicaalthea.com\/farmacia\/#website"},"primaryImageOfPage":{"@id":"https:\/\/www.clinicaalthea.com\/farmacia\/de\/apt\/eyevita-plus\/#primaryimage"},"image":{"@id":"https:\/\/www.clinicaalthea.com\/farmacia\/de\/apt\/eyevita-plus\/#primaryimage"},"thumbnailUrl":"https:\/\/www.clinicaalthea.com\/farmacia\/wp-content\/uploads\/2024\/05\/Eyevita-Plus.png","datePublished":"2024-05-13T09:28:45+00:00","dateModified":"2024-05-13T09:59:43+00:00","breadcrumb":{"@id":"https:\/\/www.clinicaalthea.com\/farmacia\/de\/apt\/eyevita-plus\/#breadcrumb"},"inLanguage":"pl-PL","potentialAction":[{"@type":"ReadAction","target":["https:\/\/www.clinicaalthea.com\/farmacia\/de\/apt\/eyevita-plus\/"]}]},{"@type":"ImageObject","inLanguage":"pl-PL","@id":"https:\/\/www.clinicaalthea.com\/farmacia\/de\/apt\/eyevita-plus\/#primaryimage","url":"https:\/\/www.clinicaalthea.com\/farmacia\/wp-content\/uploads\/2024\/05\/Eyevita-Plus.png","contentUrl":"https:\/\/www.clinicaalthea.com\/farmacia\/wp-content\/uploads\/2024\/05\/Eyevita-Plus.png","width":768,"height":768,"caption":"Eyevita Plus"},{"@type":"BreadcrumbList","@id":"https:\/\/www.clinicaalthea.com\/farmacia\/de\/apt\/eyevita-plus\/#breadcrumb","itemListElement":[{"@type":"ListItem","position":1,"name":"Strona g\u0142\u00f3wna","item":"https:\/\/www.clinicaalthea.com\/farmacia\/"},{"@type":"ListItem","position":2,"name":"Produkty","item":"https:\/\/www.clinicaalthea.com\/farmacia\/"},{"@type":"ListItem","position":3,"name":"Eyevita Plus"}]},{"@type":"WebSite","@id":"https:\/\/www.clinicaalthea.com\/farmacia\/#website","url":"https:\/\/www.clinicaalthea.com\/farmacia\/","name":"Clinica Althea","description":"","publisher":{"@id":"https:\/\/www.clinicaalthea.com\/farmacia\/#organization"},"potentialAction":[{"@type":"SearchAction","target":{"@type":"EntryPoint","urlTemplate":"https:\/\/www.clinicaalthea.com\/farmacia\/?s={search_term_string}"},"query-input":{"@type":"PropertyValueSpecification","valueRequired":true,"valueName":"search_term_string"}}],"inLanguage":"pl-PL"},{"@type":"Organization","@id":"https:\/\/www.clinicaalthea.com\/farmacia\/#organization","name":"Clinica Althea","url":"https:\/\/www.clinicaalthea.com\/farmacia\/","logo":{"@type":"ImageObject","inLanguage":"pl-PL","@id":"https:\/\/www.clinicaalthea.com\/farmacia\/#\/schema\/logo\/image\/","url":"https:\/\/www.clinicaalthea.com\/farmacia\/wp-content\/uploads\/2023\/12\/Jak-diagnozuje-sie-FAS_-objawy-kryteria-diagnostyczne-i-metody-diagnozowania-154162903.jpg","contentUrl":"https:\/\/www.clinicaalthea.com\/farmacia\/wp-content\/uploads\/2023\/12\/Jak-diagnozuje-sie-FAS_-objawy-kryteria-diagnostyczne-i-metody-diagnozowania-154162903.jpg","width":1216,"height":832,"caption":"Clinica Althea"},"image":{"@id":"https:\/\/www.clinicaalthea.com\/farmacia\/#\/schema\/logo\/image\/"}}]}},"lang":"de","translations":{"de":4673,"pl":4671,"da":4674,"fr":4675,"nl":4676,"nb":4677,"sv":4678},"pll_sync_post":[],"_links":{"self":[{"href":"https:\/\/www.clinicaalthea.com\/farmacia\/wp-json\/wp\/v2\/product\/4673","targetHints":{"allow":["GET"]}}],"collection":[{"href":"https:\/\/www.clinicaalthea.com\/farmacia\/wp-json\/wp\/v2\/product"}],"about":[{"href":"https:\/\/www.clinicaalthea.com\/farmacia\/wp-json\/wp\/v2\/types\/product"}],"replies":[{"embeddable":true,"href":"https:\/\/www.clinicaalthea.com\/farmacia\/wp-json\/wp\/v2\/comments?post=4673"}],"wp:featuredmedia":[{"embeddable":true,"href":"https:\/\/www.clinicaalthea.com\/farmacia\/wp-json\/wp\/v2\/media\/4672"}],"wp:attachment":[{"href":"https:\/\/www.clinicaalthea.com\/farmacia\/wp-json\/wp\/v2\/media?parent=4673"}],"wp:term":[{"taxonomy":"product_brand","embeddable":true,"href":"https:\/\/www.clinicaalthea.com\/farmacia\/wp-json\/wp\/v2\/product_brand?post=4673"},{"taxonomy":"product_cat","embeddable":true,"href":"https:\/\/www.clinicaalthea.com\/farmacia\/wp-json\/wp\/v2\/product_cat?post=4673"},{"taxonomy":"product_tag","embeddable":true,"href":"https:\/\/www.clinicaalthea.com\/farmacia\/wp-json\/wp\/v2\/product_tag?post=4673"}],"curies":[{"name":"wp","href":"https:\/\/api.w.org\/{rel}","templated":true}]}}