{"id":3815,"date":"2024-05-04T09:46:42","date_gmt":"2024-05-04T08:46:42","guid":{"rendered":"https:\/\/mayoguide.org\/produkty\/?post_type=product&#038;p=3815"},"modified":"2024-05-04T09:51:05","modified_gmt":"2024-05-04T08:51:05","slug":"urinofix","status":"publish","type":"product","link":"https:\/\/www.clinicaalthea.com\/farmacia\/fr\/apt\/urinofix\/","title":{"rendered":"Urinofix"},"content":{"rendered":"\n<h2 class=\"wp-block-heading\" id=\"h-co-to-jest-urinofix-i-jak-dziala\">Qu&#8217;est-ce qu&#8217;Urinofix et comment fonctionne-t-il ?<\/h2>\n\n\n\n<p>UrinoFix est un compl\u00e9ment alimentaire ax\u00e9 sur l&#8217;incontinence urinaire, une affection caract\u00e9ris\u00e9e par des fuites d&#8217;urine incontr\u00f4l\u00e9es. Il est con\u00e7u pour favoriser le contr\u00f4le de la vessie et promouvoir la sant\u00e9 des voies urinaires.<\/p>\n\n\n\n<p>Le compl\u00e9ment contient un m\u00e9lange sp\u00e9cial d&#8217;ingr\u00e9dients naturels connus pour leurs bienfaits potentiels dans la gestion de l&#8217;incontinence. Les g\u00e9lules UrinoFix contiennent g\u00e9n\u00e9ralement une combinaison d&#8217;extraits de plantes, de vitamines et de min\u00e9raux qui agissent en synergie pour combattre les causes sous-jacentes de l&#8217;incontinence. Ces ingr\u00e9dients sont soigneusement s\u00e9lectionn\u00e9s pour leur capacit\u00e9 \u00e0 renforcer les muscles du plancher pelvien, \u00e0 soutenir le fonctionnement de la vessie et \u00e0 r\u00e9duire la fr\u00e9quence des fuites urinaires incontr\u00f4l\u00e9es.<\/p>\n\n\n\n<p>UrinoFix agit en se concentrant sur les muscles et les vaisseaux sanguins des voies urinaires, am\u00e9liorant ainsi leur fonction. Il aide \u00e9galement \u00e0 pr\u00e9venir les calculs v\u00e9sicaux et r\u00e9naux et \u00e0 \u00e9liminer les toxines de l&#8217;organisme.<\/p>\n\n\n\n<p>Les ingr\u00e9dients actifs d&#8217;UrinoFix comprennent l&#8217;extrait de graines de citrouille, qui aide \u00e0 d\u00e9tendre les muscles de la vessie, l&#8217;extrait de rhizome d&#8217;herbe de bl\u00e9, qui augmente l&#8217;excr\u00e9tion d&#8217;eau dans les reins et soutient le traitement des infections des voies urinaires, et l&#8217;extrait de racine de persil, qui soutient la fonction d&#8217;excr\u00e9tion des reins et la sant\u00e9 de la vessie.<\/p>\n\n\n\n<h2 class=\"wp-block-heading\" id=\"h-urinofix-efekty\">Urinofix &#8211; effets<\/h2>\n\n\n\n<p>L&#8217;utilisation r\u00e9guli\u00e8re d&#8217;Urinofix peut avoir divers effets b\u00e9n\u00e9fiques sur la sant\u00e9 des voies urinaires :<\/p>\n\n\n\n<figure class=\"wp-block-table\"><table><tbody><tr><th>Avantages d&#8217;Urinofix<\/th><\/tr><tr><td>Renforcement de la fonction s\u00e9cr\u00e9toire des reins<\/td><\/tr><tr><td>Acc\u00e9l\u00e9ration de l&#8217;\u00e9limination des toxines de l&#8217;organisme<\/td><\/tr><tr><td>R\u00e9duction du risque d&#8217;infections des voies urinaires<\/td><\/tr><tr><td>Am\u00e9lioration du contr\u00f4le de la miction<\/td><\/tr><tr><td>Att\u00e9nuation des sympt\u00f4mes de l&#8217;incontinence urinaire<\/td><\/tr><tr><td>Am\u00e9lioration du confort des voies urinaires<\/td><\/tr><\/tbody><\/table><\/figure>\n\n\n\n<h2 class=\"wp-block-heading\" id=\"h-dawkowanie-urinofix-jak-stosowac\">Posologie d&#8217;Urinofix &#8211; Comment l&#8217;utiliser ?<\/h2>\n\n\n\n<p>Il est recommand\u00e9 de prendre 2 g\u00e9lules Urinofix par jour, en buvant beaucoup d&#8217;eau. Le produit est destin\u00e9 aux adultes en bonne sant\u00e9 jusqu&#8217;\u00e0 75 ans. <\/p>\n\n\n\n<p>Il ne doit pas \u00eatre utilis\u00e9 chez les enfants, les femmes enceintes ou allaitantes. Il est important de respecter la portion recommand\u00e9e \u00e0 prendre par jour et de ne pas la d\u00e9passer. N&#8217;oubliez pas que les compl\u00e9ments alimentaires ne peuvent pas remplacer un r\u00e9gime alimentaire vari\u00e9 et un mode de vie sain.<\/p>\n\n\n\n<h2 class=\"wp-block-heading\" id=\"h-opinie-o-urinofix-co-mowia-uzytkownicy-na-forach\">Urinofix avis &#8211; Que disent les utilisateurs dans les forums ?<\/h2>\n\n\n\n<p>Urinofix est un produit qui suscite l&#8217;int\u00e9r\u00eat des utilisateurs sur diff\u00e9rents forums en ligne. Lorsque l&#8217;on cherche des informations sur les compl\u00e9ments alimentaires destin\u00e9s \u00e0 soutenir la <b>sant\u00e9 des voies urinaires<\/b>, il est utile de lire les avis d&#8217;autres personnes qui ont d\u00e9j\u00e0 fait l&#8217;exp\u00e9rience d&#8217;Urinofix.<\/p>\n\n\n\n<p>Apr\u00e8s avoir parcouru un certain nombre de fils de discussion, vous constaterez que les <b>avis des<\/b> utilisateurs sur Urinofix sont vari\u00e9s. N\u00e9anmoins, certaines exp\u00e9riences et effets positifs de l&#8217;utilisation de ce compl\u00e9ment peuvent \u00eatre not\u00e9s.<\/p>\n\n\n\n<blockquote class=\"wp-block-quote is-layout-flow wp-block-quote-is-layout-flow\">\n<p>&#8220;Apr\u00e8s quelques semaines d&#8217;utilisation r\u00e9guli\u00e8re d&#8217;Urinofix, j&#8217;ai remarqu\u00e9 une am\u00e9lioration significative de mon cas d&#8217;incontinence. Je ressens maintenant plus de contr\u00f4le et de confort lorsque j&#8217;urine. Je recommande vivement ce produit !&#8221; &#8211; utilisateur du forum sur la sant\u00e9 et les compl\u00e9ments alimentaires<\/p>\n\n\n\n<p>&#8220;Gr\u00e2ce \u00e0 Urinofix, mes probl\u00e8mes urinaires ont consid\u00e9rablement diminu\u00e9. Je pense que le suppl\u00e9ment a am\u00e9lior\u00e9 l&#8217;\u00e9tat g\u00e9n\u00e9ral de mon corps. Produit tr\u00e8s efficace !&#8221; &#8211; utilisateur d&#8217;un forum de femmes<\/p>\n\n\n\n<p>&#8220;Urinofix m&#8217;a aid\u00e9 \u00e0 soulager les sympt\u00f4mes de l&#8217;incontinence. Je me sens maintenant plus confiante et plus \u00e0 l&#8217;aise. Mes voies urinaires fonctionnent mieux que jamais &#8211; utilisateur d&#8217;un forum sur les modes de vie sains<\/p>\n<\/blockquote>\n\n\n\n<h2 class=\"wp-block-heading\" id=\"h-urinofix-sklad-analiza-skladnikow\">Urinofix &#8211; Composition &#8211; Analyse des ingr\u00e9dients<\/h2>\n\n\n\n<p>La<b>composition d&#8217;<\/b> Urinofix comprend divers <b>ingr\u00e9dients actifs<\/b> tels que le lotier cornicul\u00e9, le <b>persil<\/b>, le <b>potiron<\/b>, le <b>bouleau<\/b>, la <b>verge d&#8217;or<\/b>, la <b>pr\u00eale<\/b>, le <b>magn\u00e9sium<\/b> et la <b>vitamine B12<\/b>. Ces ingr\u00e9dients ont \u00e9t\u00e9 soigneusement s\u00e9lectionn\u00e9s pour leurs effets positifs sur la sant\u00e9 des voies urinaires. Le produit est soigneusement class\u00e9 et contient des extraits de plantes ainsi que des vitamines et des min\u00e9raux pour apporter un soutien complet \u00e0 la sant\u00e9 des voies urinaires.<\/p>\n\n\n\n<figure class=\"wp-block-table\"><table><tbody><tr><th>Ingr\u00e9dient actif<\/th><th>B\u00e9n\u00e9fices<\/th><\/tr><tr><td><em>Le lotier cornicul\u00e9<\/em><\/td><td>Favorise la sant\u00e9 des voies urinaires<\/td><\/tr><tr><td><em>Persil<\/em><\/td><td>Favorise la fonction d&#8217;excr\u00e9tion r\u00e9nale<\/td><\/tr><tr><td><em>Citrouille<\/em><\/td><td>Contribue au maintien d&#8217;une fonction v\u00e9sicale et d&#8217;un flux urinaire normaux<\/td><\/tr><tr><td><em>Bouleau<\/em><\/td><td>Favorise la fonction r\u00e9nale<\/td><\/tr><tr><td><em>Ortie<\/em><\/td><td>Contribue \u00e0 maintenir des voies urinaires saines<\/td><\/tr><tr><td><em>Pr\u00eale<\/em><\/td><td>Favorise la fonction excr\u00e9trice des reins<\/td><\/tr><tr><td><em>Magn\u00e9sium<\/em><\/td><td>Contribue \u00e0 maintenir l&#8217;\u00e9quilibre \u00e9lectrolytique et la fonction musculaire normale<\/td><\/tr><tr><td><em>Vitamine B12<\/em><\/td><td>Contribue au bon fonctionnement du syst\u00e8me nerveux<\/td><\/tr><\/tbody><\/table><\/figure>\n\n\n\n<h2 class=\"wp-block-heading\" id=\"h-gdzie-kupic-i-ile-kosztuje-urinofix-cena\">O\u00f9 acheter et combien co\u00fbte Urinofix &#8211; prix<\/h2>\n\n\n\n<p>Urinofix est disponible \u00e0 l&#8217;achat en pharmacie et sur le site officiel du fabricant. Nous vous encourageons \u00e0 acheter sur le site du fabricant, o\u00f9 vous trouverez des informations actualis\u00e9es sur la disponibilit\u00e9 et les prix du produit. En achetant directement aupr\u00e8s du fabricant, vous avez la certitude de recevoir un produit original et de haute qualit\u00e9.<\/p>\n\n\n\n<p>Il y a actuellement une promotion en cours qui r\u00e9duit le prix d&#8217;Urinofix de 50% !<\/p>\n\n\n\n<h2 class=\"wp-block-heading\" id=\"h-potencjalne-skutki-uboczne-i-przeciwwskazania-urinofix\">Effets secondaires potentiels et contre-indications d&#8217;Urinofix<\/h2>\n\n\n\n<p>Il existe un risque d&#8217;effets secondaires potentiels lors de l&#8217;utilisation du compl\u00e9ment alimentaire Urinofix. Certaines personnes peuvent ressentir des troubles gastriques, tels que des naus\u00e9es ou des br\u00fblures d&#8217;estomac, lors de la prise du compl\u00e9ment. Vous pouvez \u00e9galement pr\u00e9senter une r\u00e9action allergique cutan\u00e9e, telle que des d\u00e9mangeaisons, des rougeurs ou une \u00e9ruption cutan\u00e9e.<\/p>\n\n\n\n<p>Les personnes allergiques \u00e0 l&#8217;un des ingr\u00e9dients contenus dans Urinofix doivent l&#8217;\u00e9viter. Ceci est important pour \u00e9viter des r\u00e9actions n\u00e9gatives de l&#8217;organisme. Lisez attentivement la liste des ingr\u00e9dients et assurez-vous que vous n&#8217;\u00eates pas allergique \u00e0 l&#8217;une des substances contenues dans Urinofix.<\/p>\n\n\n\n<p>Il est toujours pr\u00e9f\u00e9rable de consulter votre m\u00e9decin avant de commencer \u00e0 prendre Urinofix. Ceci est particuli\u00e8rement important si vous avez des probl\u00e8mes de sant\u00e9 existants ou si vous prenez d&#8217;autres m\u00e9dicaments en m\u00eame temps. Votre m\u00e9decin sera en mesure d&#8217;\u00e9valuer si Urinofix vous convient et s&#8217;il existe un risque d&#8217;interaction avec d&#8217;autres compl\u00e9ments ou m\u00e9dicaments que vous prenez.<\/p>\n","protected":false},"excerpt":{"rendered":"<p><strong>39.00 \u20ac<\/strong><\/p>\n<p><del>78.00 \u20ac<\/del><\/p>\n<p><strong>[date_countdown]<\/strong><\/p>\n","protected":false},"featured_media":3810,"comment_status":"open","ping_status":"closed","template":"","meta":{"neve_meta_sidebar":"","neve_meta_container":"","neve_meta_enable_content_width":"","neve_meta_content_width":0,"neve_meta_title_alignment":"","neve_meta_author_avatar":"","neve_post_elements_order":"","neve_meta_disable_header":"","neve_meta_disable_footer":"","neve_meta_disable_title":"","neve_meta_reading_time":""},"product_brand":[],"product_cat":[89],"product_tag":[],"class_list":{"0":"post-3815","1":"product","2":"type-product","3":"status-publish","4":"has-post-thumbnail","6":"product_cat-sante","8":"first","9":"instock","10":"shipping-taxable","11":"product-type-external"},"yoast_head":"<!-- This site is optimized with the Yoast SEO plugin v27.4 - https:\/\/yoast.com\/product\/yoast-seo-wordpress\/ -->\n<title>Urinofix - Clinica Althea<\/title>\n<meta name=\"robots\" content=\"index, follow, max-snippet:-1, max-image-preview:large, max-video-preview:-1\" \/>\n<link rel=\"canonical\" href=\"https:\/\/www.clinicaalthea.com\/farmacia\/fr\/apt\/urinofix\/\" \/>\n<meta property=\"og:locale\" content=\"pl_PL\" \/>\n<meta property=\"og:type\" content=\"article\" \/>\n<meta property=\"og:title\" content=\"Urinofix - Clinica Althea\" \/>\n<meta property=\"og:description\" content=\"39.00 \u20ac 78.00 \u20ac\" \/>\n<meta property=\"og:url\" content=\"https:\/\/www.clinicaalthea.com\/farmacia\/fr\/apt\/urinofix\/\" \/>\n<meta property=\"og:site_name\" content=\"Clinica Althea\" \/>\n<meta property=\"article:modified_time\" content=\"2024-05-04T08:51:05+00:00\" \/>\n<meta property=\"og:image\" content=\"https:\/\/www.clinicaalthea.com\/farmacia\/wp-content\/uploads\/2024\/05\/URINOFIX.jpg\" \/>\n\t<meta property=\"og:image:width\" content=\"768\" \/>\n\t<meta property=\"og:image:height\" content=\"768\" \/>\n\t<meta property=\"og:image:type\" content=\"image\/jpeg\" \/>\n<meta name=\"twitter:card\" content=\"summary_large_image\" \/>\n<meta name=\"twitter:label1\" content=\"Szacowany czas czytania\" \/>\n\t<meta name=\"twitter:data1\" content=\"6 minut\" \/>\n<script type=\"application\/ld+json\" class=\"yoast-schema-graph\">{\"@context\":\"https:\\\/\\\/schema.org\",\"@graph\":[{\"@type\":\"WebPage\",\"@id\":\"https:\\\/\\\/www.clinicaalthea.com\\\/farmacia\\\/fr\\\/apt\\\/urinofix\\\/\",\"url\":\"https:\\\/\\\/www.clinicaalthea.com\\\/farmacia\\\/fr\\\/apt\\\/urinofix\\\/\",\"name\":\"Urinofix - Clinica Althea\",\"isPartOf\":{\"@id\":\"https:\\\/\\\/www.clinicaalthea.com\\\/farmacia\\\/#website\"},\"primaryImageOfPage\":{\"@id\":\"https:\\\/\\\/www.clinicaalthea.com\\\/farmacia\\\/fr\\\/apt\\\/urinofix\\\/#primaryimage\"},\"image\":{\"@id\":\"https:\\\/\\\/www.clinicaalthea.com\\\/farmacia\\\/fr\\\/apt\\\/urinofix\\\/#primaryimage\"},\"thumbnailUrl\":\"https:\\\/\\\/www.clinicaalthea.com\\\/farmacia\\\/wp-content\\\/uploads\\\/2024\\\/05\\\/URINOFIX.jpg\",\"datePublished\":\"2024-05-04T08:46:42+00:00\",\"dateModified\":\"2024-05-04T08:51:05+00:00\",\"breadcrumb\":{\"@id\":\"https:\\\/\\\/www.clinicaalthea.com\\\/farmacia\\\/fr\\\/apt\\\/urinofix\\\/#breadcrumb\"},\"inLanguage\":\"pl-PL\",\"potentialAction\":[{\"@type\":\"ReadAction\",\"target\":[\"https:\\\/\\\/www.clinicaalthea.com\\\/farmacia\\\/fr\\\/apt\\\/urinofix\\\/\"]}]},{\"@type\":\"ImageObject\",\"inLanguage\":\"pl-PL\",\"@id\":\"https:\\\/\\\/www.clinicaalthea.com\\\/farmacia\\\/fr\\\/apt\\\/urinofix\\\/#primaryimage\",\"url\":\"https:\\\/\\\/www.clinicaalthea.com\\\/farmacia\\\/wp-content\\\/uploads\\\/2024\\\/05\\\/URINOFIX.jpg\",\"contentUrl\":\"https:\\\/\\\/www.clinicaalthea.com\\\/farmacia\\\/wp-content\\\/uploads\\\/2024\\\/05\\\/URINOFIX.jpg\",\"width\":768,\"height\":768,\"caption\":\"URINOFIX\"},{\"@type\":\"BreadcrumbList\",\"@id\":\"https:\\\/\\\/www.clinicaalthea.com\\\/farmacia\\\/fr\\\/apt\\\/urinofix\\\/#breadcrumb\",\"itemListElement\":[{\"@type\":\"ListItem\",\"position\":1,\"name\":\"Strona g\u0142\u00f3wna\",\"item\":\"https:\\\/\\\/www.clinicaalthea.com\\\/farmacia\\\/\"},{\"@type\":\"ListItem\",\"position\":2,\"name\":\"Produkty\",\"item\":\"https:\\\/\\\/www.clinicaalthea.com\\\/farmacia\\\/\"},{\"@type\":\"ListItem\",\"position\":3,\"name\":\"Urinofix\"}]},{\"@type\":\"WebSite\",\"@id\":\"https:\\\/\\\/www.clinicaalthea.com\\\/farmacia\\\/#website\",\"url\":\"https:\\\/\\\/www.clinicaalthea.com\\\/farmacia\\\/\",\"name\":\"Clinica Althea\",\"description\":\"\",\"publisher\":{\"@id\":\"https:\\\/\\\/www.clinicaalthea.com\\\/farmacia\\\/#organization\"},\"potentialAction\":[{\"@type\":\"SearchAction\",\"target\":{\"@type\":\"EntryPoint\",\"urlTemplate\":\"https:\\\/\\\/www.clinicaalthea.com\\\/farmacia\\\/?s={search_term_string}\"},\"query-input\":{\"@type\":\"PropertyValueSpecification\",\"valueRequired\":true,\"valueName\":\"search_term_string\"}}],\"inLanguage\":\"pl-PL\"},{\"@type\":\"Organization\",\"@id\":\"https:\\\/\\\/www.clinicaalthea.com\\\/farmacia\\\/#organization\",\"name\":\"Clinica Althea\",\"url\":\"https:\\\/\\\/www.clinicaalthea.com\\\/farmacia\\\/\",\"logo\":{\"@type\":\"ImageObject\",\"inLanguage\":\"pl-PL\",\"@id\":\"https:\\\/\\\/www.clinicaalthea.com\\\/farmacia\\\/#\\\/schema\\\/logo\\\/image\\\/\",\"url\":\"https:\\\/\\\/www.clinicaalthea.com\\\/farmacia\\\/wp-content\\\/uploads\\\/2023\\\/12\\\/Jak-diagnozuje-sie-FAS_-objawy-kryteria-diagnostyczne-i-metody-diagnozowania-154162903.jpg\",\"contentUrl\":\"https:\\\/\\\/www.clinicaalthea.com\\\/farmacia\\\/wp-content\\\/uploads\\\/2023\\\/12\\\/Jak-diagnozuje-sie-FAS_-objawy-kryteria-diagnostyczne-i-metody-diagnozowania-154162903.jpg\",\"width\":1216,\"height\":832,\"caption\":\"Clinica Althea\"},\"image\":{\"@id\":\"https:\\\/\\\/www.clinicaalthea.com\\\/farmacia\\\/#\\\/schema\\\/logo\\\/image\\\/\"}}]}<\/script>\n<!-- \/ Yoast SEO plugin. -->","yoast_head_json":{"title":"Urinofix - Clinica Althea","robots":{"index":"index","follow":"follow","max-snippet":"max-snippet:-1","max-image-preview":"max-image-preview:large","max-video-preview":"max-video-preview:-1"},"canonical":"https:\/\/www.clinicaalthea.com\/farmacia\/fr\/apt\/urinofix\/","og_locale":"pl_PL","og_type":"article","og_title":"Urinofix - Clinica Althea","og_description":"39.00 \u20ac 78.00 \u20ac","og_url":"https:\/\/www.clinicaalthea.com\/farmacia\/fr\/apt\/urinofix\/","og_site_name":"Clinica Althea","article_modified_time":"2024-05-04T08:51:05+00:00","og_image":[{"width":768,"height":768,"url":"https:\/\/www.clinicaalthea.com\/farmacia\/wp-content\/uploads\/2024\/05\/URINOFIX.jpg","type":"image\/jpeg"}],"twitter_card":"summary_large_image","twitter_misc":{"Szacowany czas czytania":"6 minut"},"schema":{"@context":"https:\/\/schema.org","@graph":[{"@type":"WebPage","@id":"https:\/\/www.clinicaalthea.com\/farmacia\/fr\/apt\/urinofix\/","url":"https:\/\/www.clinicaalthea.com\/farmacia\/fr\/apt\/urinofix\/","name":"Urinofix - Clinica Althea","isPartOf":{"@id":"https:\/\/www.clinicaalthea.com\/farmacia\/#website"},"primaryImageOfPage":{"@id":"https:\/\/www.clinicaalthea.com\/farmacia\/fr\/apt\/urinofix\/#primaryimage"},"image":{"@id":"https:\/\/www.clinicaalthea.com\/farmacia\/fr\/apt\/urinofix\/#primaryimage"},"thumbnailUrl":"https:\/\/www.clinicaalthea.com\/farmacia\/wp-content\/uploads\/2024\/05\/URINOFIX.jpg","datePublished":"2024-05-04T08:46:42+00:00","dateModified":"2024-05-04T08:51:05+00:00","breadcrumb":{"@id":"https:\/\/www.clinicaalthea.com\/farmacia\/fr\/apt\/urinofix\/#breadcrumb"},"inLanguage":"pl-PL","potentialAction":[{"@type":"ReadAction","target":["https:\/\/www.clinicaalthea.com\/farmacia\/fr\/apt\/urinofix\/"]}]},{"@type":"ImageObject","inLanguage":"pl-PL","@id":"https:\/\/www.clinicaalthea.com\/farmacia\/fr\/apt\/urinofix\/#primaryimage","url":"https:\/\/www.clinicaalthea.com\/farmacia\/wp-content\/uploads\/2024\/05\/URINOFIX.jpg","contentUrl":"https:\/\/www.clinicaalthea.com\/farmacia\/wp-content\/uploads\/2024\/05\/URINOFIX.jpg","width":768,"height":768,"caption":"URINOFIX"},{"@type":"BreadcrumbList","@id":"https:\/\/www.clinicaalthea.com\/farmacia\/fr\/apt\/urinofix\/#breadcrumb","itemListElement":[{"@type":"ListItem","position":1,"name":"Strona g\u0142\u00f3wna","item":"https:\/\/www.clinicaalthea.com\/farmacia\/"},{"@type":"ListItem","position":2,"name":"Produkty","item":"https:\/\/www.clinicaalthea.com\/farmacia\/"},{"@type":"ListItem","position":3,"name":"Urinofix"}]},{"@type":"WebSite","@id":"https:\/\/www.clinicaalthea.com\/farmacia\/#website","url":"https:\/\/www.clinicaalthea.com\/farmacia\/","name":"Clinica Althea","description":"","publisher":{"@id":"https:\/\/www.clinicaalthea.com\/farmacia\/#organization"},"potentialAction":[{"@type":"SearchAction","target":{"@type":"EntryPoint","urlTemplate":"https:\/\/www.clinicaalthea.com\/farmacia\/?s={search_term_string}"},"query-input":{"@type":"PropertyValueSpecification","valueRequired":true,"valueName":"search_term_string"}}],"inLanguage":"pl-PL"},{"@type":"Organization","@id":"https:\/\/www.clinicaalthea.com\/farmacia\/#organization","name":"Clinica Althea","url":"https:\/\/www.clinicaalthea.com\/farmacia\/","logo":{"@type":"ImageObject","inLanguage":"pl-PL","@id":"https:\/\/www.clinicaalthea.com\/farmacia\/#\/schema\/logo\/image\/","url":"https:\/\/www.clinicaalthea.com\/farmacia\/wp-content\/uploads\/2023\/12\/Jak-diagnozuje-sie-FAS_-objawy-kryteria-diagnostyczne-i-metody-diagnozowania-154162903.jpg","contentUrl":"https:\/\/www.clinicaalthea.com\/farmacia\/wp-content\/uploads\/2023\/12\/Jak-diagnozuje-sie-FAS_-objawy-kryteria-diagnostyczne-i-metody-diagnozowania-154162903.jpg","width":1216,"height":832,"caption":"Clinica Althea"},"image":{"@id":"https:\/\/www.clinicaalthea.com\/farmacia\/#\/schema\/logo\/image\/"}}]}},"lang":"fr","translations":{"fr":3815,"cs":3811,"pl":3809,"de":3812,"da":3813,"es":3814,"hu":3816,"it":3817,"nl":3818,"pt":3819,"sv":3820},"pll_sync_post":[],"_links":{"self":[{"href":"https:\/\/www.clinicaalthea.com\/farmacia\/wp-json\/wp\/v2\/product\/3815","targetHints":{"allow":["GET"]}}],"collection":[{"href":"https:\/\/www.clinicaalthea.com\/farmacia\/wp-json\/wp\/v2\/product"}],"about":[{"href":"https:\/\/www.clinicaalthea.com\/farmacia\/wp-json\/wp\/v2\/types\/product"}],"replies":[{"embeddable":true,"href":"https:\/\/www.clinicaalthea.com\/farmacia\/wp-json\/wp\/v2\/comments?post=3815"}],"wp:featuredmedia":[{"embeddable":true,"href":"https:\/\/www.clinicaalthea.com\/farmacia\/wp-json\/wp\/v2\/media\/3810"}],"wp:attachment":[{"href":"https:\/\/www.clinicaalthea.com\/farmacia\/wp-json\/wp\/v2\/media?parent=3815"}],"wp:term":[{"taxonomy":"product_brand","embeddable":true,"href":"https:\/\/www.clinicaalthea.com\/farmacia\/wp-json\/wp\/v2\/product_brand?post=3815"},{"taxonomy":"product_cat","embeddable":true,"href":"https:\/\/www.clinicaalthea.com\/farmacia\/wp-json\/wp\/v2\/product_cat?post=3815"},{"taxonomy":"product_tag","embeddable":true,"href":"https:\/\/www.clinicaalthea.com\/farmacia\/wp-json\/wp\/v2\/product_tag?post=3815"}],"curies":[{"name":"wp","href":"https:\/\/api.w.org\/{rel}","templated":true}]}}