{"id":3795,"date":"2024-05-04T09:27:22","date_gmt":"2024-05-04T08:27:22","guid":{"rendered":"https:\/\/mayoguide.org\/produkty\/?post_type=product&#038;p=3795"},"modified":"2024-05-04T09:40:57","modified_gmt":"2024-05-04T08:40:57","slug":"prostoxalen","status":"publish","type":"product","link":"https:\/\/www.clinicaalthea.com\/farmacia\/de\/apt\/prostoxalen\/","title":{"rendered":"Prostoxalen"},"content":{"rendered":"\n<p>Kennen Sie die wahre Bedeutung der Prostatagesundheit? <b>Prostatahypertrophie<\/b> ist ein h\u00e4ufiges Problem, das eine Vielzahl unangenehmer Symptome verursachen kann. Aber gibt es ein innovatives Pr\u00e4parat, das den betroffenen M\u00e4nnern Linderung verschaffen und ihre Lebensqualit\u00e4t verbessern kann? Lernen Sie Prostoxalen kennen, ein Pr\u00e4parat mit pflanzlichen Inhaltsstoffen, das Ihre <b>Prostatagesundheit<\/b> verbessern kann.<\/p>\n\n\n\n<h2 class=\"wp-block-heading\" id=\"h-co-to-jest-prostoxalen-sklad-i-dzialanie\">Was ist Prostoxalen &#8211; Zusammensetzung und Wirkung<\/h2>\n\n\n\n<p>Prostoxalen ist ein Pr\u00e4parat zur Linderung der Symptome der Prostatahypertrophie, einem h\u00e4ufigen Problem bei \u00e4lteren M\u00e4nnern. Die <b>Prostatahypertrophie<\/b>, die auch als gutartige Prostatahyperplasie bezeichnet wird, verursacht eine Reihe von unangenehmen Symptomen wie h\u00e4ufigen Harndrang, Schwierigkeiten beim Wasserlassen, Schmerzen und Brennen. Prostoxalen basiert auf nat\u00fcrlichen pflanzlichen Inhaltsstoffen, die nachweislich <b>die<\/b> Symptome der Prostatahypertrophie lindern.<\/p>\n\n\n\n<p>Die<b>Wirkstoffe<\/b> in Prostoxalen wirken auf mehreren Ebenen, indem sie dem Wachstum der Prostata entgegenwirken und den st\u00e4ndigen Harndrang auf die Blase reduzieren. Dar\u00fcber hinaus verbessern sie den Harnstrahl und reduzieren die mit der Prostatahypertrophie verbundenen Schmerzen und das Brennen. Auf diese Weise hilft Prostoxalen, die Beschwerden zu verringern und die oft l\u00e4stigen Symptome der Prostatahypertrophie zu lindern.<\/p>\n\n\n\n<p>Die detaillierten Wirkungen von Prostoxalen und seiner Inhaltsstoffe entnehmen Sie bitte der untenstehenden Tabelle:<\/p>\n\n\n\n<figure class=\"wp-block-table\"><table><tbody><tr><th>Aktive Inhaltsstoffe<\/th><th>Wirkung<\/th><\/tr><tr><td><b>Sabalpalme<\/b><\/td><td>Gegen Prostatawachstum<\/td><\/tr><tr><td><b>Brennnessel<\/b><\/td><td>Verringerung des st\u00e4ndigen Drucks auf die Blase<\/td><\/tr><tr><td><b>Kleinbl\u00fctige Weide<\/b><\/td><td>Verbesserung des Urinstrahls<\/td><\/tr><tr><td><b>Lycopin<\/b> aus der Tomate<\/td><td>Linderung von Schmerzen und Brennen<\/td><\/tr><tr><td><b>Vitamin E<\/b><\/td><td>Unterst\u00fctzt die Regeneration der Prostata<\/td><\/tr><tr><td><b>Zink<\/b><\/td><td>Anti-Wachstum der Prostata<\/td><\/tr><\/tbody><\/table><\/figure>\n\n\n\n<p>Prostoxalen enth\u00e4lt eine ausgewogene Kombination dieser nat\u00fcrlichen Inhaltsstoffe, die sich gegenseitig erg\u00e4nzen, um einen synergistischen Effekt bei der Linderung der Symptome der Prostatahyperplasie zu erzielen. Dadurch kann Prostoxalen eine wirksame Unterst\u00fctzung bei der Erhaltung der Gesundheit der Prostata und der Verbesserung der Lebensqualit\u00e4t von M\u00e4nnern sein.<\/p>\n\n\n\n<h2 class=\"wp-block-heading\" id=\"h-efekty-stosowania-prostoxalen\">Wirkungen von Prostoxalen<\/h2>\n\n\n\n<p>Die regelm\u00e4\u00dfige <b>Einnahme von Prostoxalen<\/b> kann denjenigen, die mit den Symptomen einer Prostatahypertrophie zu k\u00e4mpfen haben, viele Vorteile bringen. Die Formel basiert auf nat\u00fcrlichen Inhaltsstoffen, die nachweislich <b>die<\/b> mit der Prostatahypertrophie verbundenen Beschwerden lindern.<\/p>\n\n\n\n<ul class=\"wp-block-list\">\n<li><b>Verringerung des Blasendrangs<\/b>: Prostoxalen kann das Gef\u00fchl des Blasendrangs verringern, was zu mehr Komfort und Ruhe im t\u00e4glichen Leben f\u00fchrt.<\/li>\n\n\n\n<li><b>Verbesserte Urinfunktion<\/b>: Prostoxalen kann die H\u00e4ufigkeit der Toiletteng\u00e4nge verringern, den Harnstrahl verbessern und den unkontrollierten Urinverlust verringern, was zu einer Verbesserung der Gesundheit der Prostata f\u00fchrt.<\/li>\n\n\n\n<li><b>Verringerung von Beschwerden<\/b>: Prostoxalen kann die mit der Prostatahypertrophie verbundenen Schmerzen und das Brennen lindern, was zu einer allgemeinen Verbesserung des Wohlbefindens f\u00fchrt.<\/li>\n\n\n\n<li><b>Verbesserte Lebensqualit\u00e4t<\/b>: Bei regelm\u00e4\u00dfiger Einnahme von Prostoxalen kann das Leben angenehmer gestaltet, die Schlafqualit\u00e4t verbessert und die Aktivit\u00e4t ohne st\u00e4ndige Ablenkungen wiederhergestellt werden.<\/li>\n<\/ul>\n\n\n\n<p>Die Bedeutung der regelm\u00e4\u00dfigen Einnahme von Prostoxalen liegt in der systematischen Abgabe von Wirkstoffen, die die Symptome der Prostatahypertrophie reduzieren und die Lebensqualit\u00e4t verbessern. Prostoxalen ist ein wirksames und sicheres Pr\u00e4parat, das bei regelm\u00e4\u00dfiger Einnahme Erleichterung bringen und die Funktion der Harnwege verbessern kann.<\/p>\n\n\n\n<h2 class=\"wp-block-heading\" id=\"h-jak-stosowac-prostoxalen-dawkowanie-i-zalecenia\">Wie ist Prostoxalen anzuwenden? &#8211; Dosierung und Empfehlungen<\/h2>\n\n\n\n<p>Prostoxalen wird in Form von Kapseln geliefert, die regelm\u00e4\u00dfig einzunehmen sind. Die empfohlene <b>Dosierung<\/b> betr\u00e4gt 2 Kapseln pro Tag, mit einem Glas Wasser. <\/p>\n\n\n\n<p>Das Produkt kann ohne Rezept eingenommen werden, aber es ist immer ratsam, einen Arzt zu konsultieren, bevor man mit einer Nahrungserg\u00e4nzung beginnt. <\/p>\n\n\n\n<p>Es ist wichtig, <b>Prostoxalen<\/b> regelm\u00e4\u00dfig einzunehmen, da die <b>Wirksamkeit des<\/b> Pr\u00e4parats von seiner regelm\u00e4\u00dfigen Einnahme abh\u00e4ngt.<\/p>\n\n\n\n<h2 class=\"wp-block-heading\" id=\"h-prostoxalen-opinie-i-recenzje-co-mowia-uzytkownicy\">Prostoxalen &#8211; Meinungen und Bewertungen &#8211; Was sagen die Anwender?<\/h2>\n\n\n\n<p>Die Bewertungen der<b>Anwender<\/b> von Prostoxalen sind f\u00fcr Kaufinteressenten \u00e4u\u00dferst wichtig. Die <b>Erfahrungen<\/b> anderer Menschen beeinflussen oft die Entscheidung f\u00fcr eine Therapie. Aus den gesammelten Bewertungen l\u00e4sst sich schlie\u00dfen, dass Prostoxalen sehr beliebt ist und auf positive Resonanz st\u00f6\u00dft.<\/p>\n\n\n\n<blockquote class=\"wp-block-quote is-layout-flow wp-block-quote-is-layout-flow\">\n<p>&#8220;Ich nehme Prostoxalen nun schon seit einigen Monaten und habe eine deutliche Verbesserung meiner Beschwerden bei Prostatahypertrophie festgestellt. In erster Linie hat der Drang, auf meine Blase zu dr\u00fccken, abgenommen, was sich sehr positiv auf mein Wohlbefinden ausgewirkt hat. Ich sp\u00fcre auch eine Linderung der Schmerzen und des Brennens. Ich empfehle dieses Produkt allen M\u00e4nnern, die mit Prostatabeschwerden zu k\u00e4mpfen haben!&#8221; &#8211; Adam<\/p>\n<\/blockquote>\n\n\n\n<blockquote class=\"wp-block-quote is-layout-flow wp-block-quote-is-layout-flow\">\n<p>&#8220;Ich habe viele Jahre lang mit den Symptomen einer Prostatahypertrophie gek\u00e4mpft, aber erst als ich anfing, Prostoxalen einzunehmen, konnte ich eine deutliche Verbesserung feststellen. Ich schlafe jetzt ruhig, ohne n\u00e4chtliche Toilettenbesuche, und mein t\u00e4gliches Funktionieren ist einfacher. Ich bin sehr zufrieden mit den Ergebnissen, die mir die Einnahme dieses Produkts gebracht hat.&#8221; &#8211; Jan<\/p>\n<\/blockquote>\n\n\n\n<p>Die Anwender von Prostoxalen berichten \u00fcber eine Vielzahl von Vorteilen nach der Einnahme des Produkts. Die am h\u00e4ufigsten genannten sind:<\/p>\n\n\n\n<ul class=\"wp-block-list\">\n<li><b>Verringerung des Blasendrucks<\/b><\/li>\n\n\n\n<li>Verbesserte Schlafqualit\u00e4t, verbunden mit weniger n\u00e4chtlichen Toilettenbesuchen<\/li>\n\n\n\n<li>Allgemeine Verbesserung des Wohlbefindens<\/li>\n<\/ul>\n\n\n\n<p>Die gesammelten <b>R\u00fcckmeldungen<\/b> best\u00e4tigen die Wirksamkeit von Prostoxalen bei der Linderung der Symptome der Prostatahypertrophie und der Verbesserung der Lebensqualit\u00e4t. Es ist ratsam, die Erfahrungen anderer Anwender zu lesen, bevor Sie sich zum Kauf entschlie\u00dfen, damit Sie sich ein umfassendes Bild von der Wirkungsweise des Produkts machen k\u00f6nnen.<\/p>\n\n\n\n<figure class=\"wp-block-table\"><table><tbody><tr><th>Meinung<\/th><th>Bewertung<\/th><th>Bewertung<\/th><\/tr><tr><td>Adam<\/td><td>Ich nehme Prostoxalen nun schon seit einigen Monaten und habe eine deutliche Verbesserung meiner Prostatahypertrophie-Beschwerden festgestellt. In erster Linie hat der Drang, auf meine Blase zu dr\u00fccken, abgenommen, was einen gro\u00dfen Unterschied f\u00fcr mein Wohlbefinden bedeutet. Ich sp\u00fcre auch eine Linderung der Schmerzen und des Brennens. Ich empfehle dieses Produkt allen M\u00e4nnern mit Prostatabeschwerden!<\/td><td>5\/5<\/td><\/tr><tr><td>Jan<\/td><td>Ich habe viele Jahre lang mit den Symptomen einer Prostatahypertrophie gek\u00e4mpft, aber erst als ich anfing, Prostoxalen einzunehmen, konnte ich eine deutliche Verbesserung feststellen. Ich schlafe jetzt ruhig, ohne n\u00e4chtliche Toilettenbesuche, und mein t\u00e4gliches Funktionieren ist einfacher. Ich bin sehr zufrieden mit den Ergebnissen, die mir die Einnahme dieses Produkts gebracht hat.<\/td><td>4\/5<\/td><\/tr><\/tbody><\/table><\/figure>\n\n\n\n<h2 class=\"wp-block-heading\" id=\"h-sklad-prostoxalen-co-zawiera\">Zusammensetzung von Prostoxalen &#8211; Was enth\u00e4lt es?<\/h2>\n\n\n\n<p>Prostoxalen, ein innovatives Pr\u00e4parat zur Linderung der Symptome der Prostatahyperplasie, enth\u00e4lt eine Reihe von Wirkstoffen, die eine positive Wirkung auf die <b>Gesundheit der Prostata<\/b> haben. Die wichtigsten <b>Inhaltsstoffe des<\/b> Pr\u00e4parats sind:<\/p>\n\n\n\n<ol class=\"wp-block-list\">\n<li><em>Sabalpalme<\/em> &#8211; eine Pflanze mit gro\u00dfem Potenzial zur Linderung der Symptome einer Prostatahypertrophie.<\/li>\n\n\n\n<li><em>Brennnessel<\/em> &#8211; eine Pflanze, die reich an <b>N\u00e4hrstoffen<\/b> ist, die die Funktion der Prostata unterst\u00fctzen.<\/li>\n\n\n\n<li><em>Kleinbl\u00fctige Weide<\/em> &#8211; eine Pflanze, deren Wirkung dazu beitr\u00e4gt, die Beschwerden der Prostatahypertrophie zu verringern.<\/li>\n\n\n\n<li><em>Lycopin aus der Tomate<\/em> &#8211; ein starkes Antioxidans, das zur Erhaltung einer gesunden Prostata beitragen kann.<\/li>\n\n\n\n<li><em>Vitamin E<\/em> &#8211; ein wichtiger N\u00e4hrstoff, der zur <b>Linderung der Symptome einer<\/b> Prostatahypertrophie beitr\u00e4gt.<\/li>\n\n\n\n<li><em>Zink<\/em> &#8211; ein Element, das eine wichtige Rolle bei der Erhaltung einer gesunden Prostata spielt.<\/li>\n<\/ol>\n\n\n\n<p>Diese <b>nat\u00fcrlichen Inhaltsstoffe<\/b> wurden sorgf\u00e4ltig ausgew\u00e4hlt und haben sich bei der Linderung der Symptome der Prostatahypertrophie und der Verbesserung der Prostatafunktion als wirksam erwiesen.<\/p>\n\n\n\n<h2 class=\"wp-block-heading\" id=\"h-gdzie-kupic-i-jaka-jest-cena-prostoxalen\">Wo kann man Prostoxalen kaufen und wie hoch ist der Preis von Prostoxalen?<\/h2>\n\n\n\n<p>Prostoxalen ist auf der offiziellen Website des Herstellers und in ausgew\u00e4hlten Apotheken erh\u00e4ltlich. Es ist wichtig, das Produkt nur bei vertrauensw\u00fcrdigen Quellen zu kaufen, um sich seiner Qualit\u00e4t sicher zu sein. <\/p>\n\n\n\n<p><b>Der Preis von<\/b> Prostoxalen kann variieren, daher empfehlen wir, den Preis auf der offiziellen Website des Herstellers zu \u00fcberpr\u00fcfen, um sicherzustellen, dass Sie es zu g\u00fcnstigen Konditionen kaufen k\u00f6nnen.<\/p>\n\n\n\n<h2 class=\"wp-block-heading\" id=\"h-prostoxalen-skutki-uboczne-i-przeciwwskazania-bezpieczenstwo-stosowania\">Prostoxalen &#8211; Nebenwirkungen und Kontraindikationen &#8211; Sicherheit bei der Anwendung<\/h2>\n\n\n\n<p>Die<b>Anwendung von Prostoxalen<\/b> ist in der Regel sicher, aber es lohnt sich, auf m\u00f6gliche Nebenwirkungen und Gegenanzeigen zu achten. Es ist immer ratsam, Ihren Arzt zu konsultieren, bevor Sie mit der Einnahme von Prostoxalen beginnen, insbesondere wenn Sie bereits andere Medikamente einnehmen. Ihr Arzt kann die <b>Sicherheit von<\/b> Prostoxalen beurteilen und m\u00f6gliche <b>Wechselwirkungen mit anderen Medikamenten<\/b> ber\u00fccksichtigen.<\/p>\n\n\n\n<p><b>Nebenwirkungen<\/b> von Prostoxalen sind selten, aber in einigen F\u00e4llen k\u00f6nnen leichte Magenbeschwerden wie Bauchschmerzen oder \u00dcbelkeit auftreten. Bei Auftreten von Nebenwirkungen ist die Einnahme abzubrechen und der Arzt zu konsultieren.<\/p>\n\n\n\n<p>Es ist auch wichtig, die Dosierungsempfehlungen zu befolgen und die empfohlene Menge des Nahrungserg\u00e4nzungsmittels nicht zu \u00fcberschreiten. \u00c4ndern Sie nicht die Dosis oder die Verwendung von Prostoxalen selbst, ohne Ihren Arzt zu konsultieren.<\/p>\n","protected":false},"excerpt":{"rendered":"<p><strong>42.00 \u20ac<\/strong><\/p>\n<p><del>84.00 \u20ac<\/del><\/p>\n<p><strong>[date_countdown]<\/strong><\/p>\n","protected":false},"featured_media":3793,"comment_status":"open","ping_status":"closed","template":"","meta":{"neve_meta_sidebar":"","neve_meta_container":"","neve_meta_enable_content_width":"","neve_meta_content_width":0,"neve_meta_title_alignment":"","neve_meta_author_avatar":"","neve_post_elements_order":"","neve_meta_disable_header":"","neve_meta_disable_footer":"","neve_meta_disable_title":"","neve_meta_reading_time":""},"product_brand":[],"product_cat":[33],"product_tag":[],"class_list":{"0":"post-3795","1":"product","2":"type-product","3":"status-publish","4":"has-post-thumbnail","6":"product_cat-gesundheit","8":"first","9":"instock","10":"shipping-taxable","11":"product-type-external"},"yoast_head":"<!-- This site is optimized with the Yoast SEO plugin v27.4 - https:\/\/yoast.com\/product\/yoast-seo-wordpress\/ -->\n<title>Prostoxalen - Clinica Althea<\/title>\n<meta name=\"robots\" content=\"index, follow, max-snippet:-1, max-image-preview:large, max-video-preview:-1\" \/>\n<link rel=\"canonical\" href=\"https:\/\/www.clinicaalthea.com\/farmacia\/de\/apt\/prostoxalen\/\" \/>\n<meta property=\"og:locale\" content=\"pl_PL\" \/>\n<meta property=\"og:type\" content=\"article\" \/>\n<meta property=\"og:title\" content=\"Prostoxalen - Clinica Althea\" \/>\n<meta property=\"og:description\" content=\"42.00 \u20ac 84.00 \u20ac\" \/>\n<meta property=\"og:url\" content=\"https:\/\/www.clinicaalthea.com\/farmacia\/de\/apt\/prostoxalen\/\" \/>\n<meta property=\"og:site_name\" content=\"Clinica Althea\" \/>\n<meta property=\"article:modified_time\" content=\"2024-05-04T08:40:57+00:00\" \/>\n<meta property=\"og:image\" content=\"https:\/\/www.clinicaalthea.com\/farmacia\/wp-content\/uploads\/2024\/05\/PROSTOXALEN.jpg\" \/>\n\t<meta property=\"og:image:width\" content=\"768\" \/>\n\t<meta property=\"og:image:height\" content=\"768\" \/>\n\t<meta property=\"og:image:type\" content=\"image\/jpeg\" \/>\n<meta name=\"twitter:card\" content=\"summary_large_image\" \/>\n<meta name=\"twitter:label1\" content=\"Szacowany czas czytania\" \/>\n\t<meta name=\"twitter:data1\" content=\"7 minut\" \/>\n<script type=\"application\/ld+json\" class=\"yoast-schema-graph\">{\"@context\":\"https:\\\/\\\/schema.org\",\"@graph\":[{\"@type\":\"WebPage\",\"@id\":\"https:\\\/\\\/www.clinicaalthea.com\\\/farmacia\\\/de\\\/apt\\\/prostoxalen\\\/\",\"url\":\"https:\\\/\\\/www.clinicaalthea.com\\\/farmacia\\\/de\\\/apt\\\/prostoxalen\\\/\",\"name\":\"Prostoxalen - Clinica Althea\",\"isPartOf\":{\"@id\":\"https:\\\/\\\/www.clinicaalthea.com\\\/farmacia\\\/#website\"},\"primaryImageOfPage\":{\"@id\":\"https:\\\/\\\/www.clinicaalthea.com\\\/farmacia\\\/de\\\/apt\\\/prostoxalen\\\/#primaryimage\"},\"image\":{\"@id\":\"https:\\\/\\\/www.clinicaalthea.com\\\/farmacia\\\/de\\\/apt\\\/prostoxalen\\\/#primaryimage\"},\"thumbnailUrl\":\"https:\\\/\\\/www.clinicaalthea.com\\\/farmacia\\\/wp-content\\\/uploads\\\/2024\\\/05\\\/PROSTOXALEN.jpg\",\"datePublished\":\"2024-05-04T08:27:22+00:00\",\"dateModified\":\"2024-05-04T08:40:57+00:00\",\"breadcrumb\":{\"@id\":\"https:\\\/\\\/www.clinicaalthea.com\\\/farmacia\\\/de\\\/apt\\\/prostoxalen\\\/#breadcrumb\"},\"inLanguage\":\"pl-PL\",\"potentialAction\":[{\"@type\":\"ReadAction\",\"target\":[\"https:\\\/\\\/www.clinicaalthea.com\\\/farmacia\\\/de\\\/apt\\\/prostoxalen\\\/\"]}]},{\"@type\":\"ImageObject\",\"inLanguage\":\"pl-PL\",\"@id\":\"https:\\\/\\\/www.clinicaalthea.com\\\/farmacia\\\/de\\\/apt\\\/prostoxalen\\\/#primaryimage\",\"url\":\"https:\\\/\\\/www.clinicaalthea.com\\\/farmacia\\\/wp-content\\\/uploads\\\/2024\\\/05\\\/PROSTOXALEN.jpg\",\"contentUrl\":\"https:\\\/\\\/www.clinicaalthea.com\\\/farmacia\\\/wp-content\\\/uploads\\\/2024\\\/05\\\/PROSTOXALEN.jpg\",\"width\":768,\"height\":768,\"caption\":\"PROSTOXALEN\"},{\"@type\":\"BreadcrumbList\",\"@id\":\"https:\\\/\\\/www.clinicaalthea.com\\\/farmacia\\\/de\\\/apt\\\/prostoxalen\\\/#breadcrumb\",\"itemListElement\":[{\"@type\":\"ListItem\",\"position\":1,\"name\":\"Strona g\u0142\u00f3wna\",\"item\":\"https:\\\/\\\/www.clinicaalthea.com\\\/farmacia\\\/\"},{\"@type\":\"ListItem\",\"position\":2,\"name\":\"Produkty\",\"item\":\"https:\\\/\\\/www.clinicaalthea.com\\\/farmacia\\\/\"},{\"@type\":\"ListItem\",\"position\":3,\"name\":\"Prostoxalen\"}]},{\"@type\":\"WebSite\",\"@id\":\"https:\\\/\\\/www.clinicaalthea.com\\\/farmacia\\\/#website\",\"url\":\"https:\\\/\\\/www.clinicaalthea.com\\\/farmacia\\\/\",\"name\":\"Clinica Althea\",\"description\":\"\",\"publisher\":{\"@id\":\"https:\\\/\\\/www.clinicaalthea.com\\\/farmacia\\\/#organization\"},\"potentialAction\":[{\"@type\":\"SearchAction\",\"target\":{\"@type\":\"EntryPoint\",\"urlTemplate\":\"https:\\\/\\\/www.clinicaalthea.com\\\/farmacia\\\/?s={search_term_string}\"},\"query-input\":{\"@type\":\"PropertyValueSpecification\",\"valueRequired\":true,\"valueName\":\"search_term_string\"}}],\"inLanguage\":\"pl-PL\"},{\"@type\":\"Organization\",\"@id\":\"https:\\\/\\\/www.clinicaalthea.com\\\/farmacia\\\/#organization\",\"name\":\"Clinica Althea\",\"url\":\"https:\\\/\\\/www.clinicaalthea.com\\\/farmacia\\\/\",\"logo\":{\"@type\":\"ImageObject\",\"inLanguage\":\"pl-PL\",\"@id\":\"https:\\\/\\\/www.clinicaalthea.com\\\/farmacia\\\/#\\\/schema\\\/logo\\\/image\\\/\",\"url\":\"https:\\\/\\\/www.clinicaalthea.com\\\/farmacia\\\/wp-content\\\/uploads\\\/2023\\\/12\\\/Jak-diagnozuje-sie-FAS_-objawy-kryteria-diagnostyczne-i-metody-diagnozowania-154162903.jpg\",\"contentUrl\":\"https:\\\/\\\/www.clinicaalthea.com\\\/farmacia\\\/wp-content\\\/uploads\\\/2023\\\/12\\\/Jak-diagnozuje-sie-FAS_-objawy-kryteria-diagnostyczne-i-metody-diagnozowania-154162903.jpg\",\"width\":1216,\"height\":832,\"caption\":\"Clinica Althea\"},\"image\":{\"@id\":\"https:\\\/\\\/www.clinicaalthea.com\\\/farmacia\\\/#\\\/schema\\\/logo\\\/image\\\/\"}}]}<\/script>\n<!-- \/ Yoast SEO plugin. -->","yoast_head_json":{"title":"Prostoxalen - Clinica Althea","robots":{"index":"index","follow":"follow","max-snippet":"max-snippet:-1","max-image-preview":"max-image-preview:large","max-video-preview":"max-video-preview:-1"},"canonical":"https:\/\/www.clinicaalthea.com\/farmacia\/de\/apt\/prostoxalen\/","og_locale":"pl_PL","og_type":"article","og_title":"Prostoxalen - Clinica Althea","og_description":"42.00 \u20ac 84.00 \u20ac","og_url":"https:\/\/www.clinicaalthea.com\/farmacia\/de\/apt\/prostoxalen\/","og_site_name":"Clinica Althea","article_modified_time":"2024-05-04T08:40:57+00:00","og_image":[{"width":768,"height":768,"url":"https:\/\/www.clinicaalthea.com\/farmacia\/wp-content\/uploads\/2024\/05\/PROSTOXALEN.jpg","type":"image\/jpeg"}],"twitter_card":"summary_large_image","twitter_misc":{"Szacowany czas czytania":"7 minut"},"schema":{"@context":"https:\/\/schema.org","@graph":[{"@type":"WebPage","@id":"https:\/\/www.clinicaalthea.com\/farmacia\/de\/apt\/prostoxalen\/","url":"https:\/\/www.clinicaalthea.com\/farmacia\/de\/apt\/prostoxalen\/","name":"Prostoxalen - Clinica Althea","isPartOf":{"@id":"https:\/\/www.clinicaalthea.com\/farmacia\/#website"},"primaryImageOfPage":{"@id":"https:\/\/www.clinicaalthea.com\/farmacia\/de\/apt\/prostoxalen\/#primaryimage"},"image":{"@id":"https:\/\/www.clinicaalthea.com\/farmacia\/de\/apt\/prostoxalen\/#primaryimage"},"thumbnailUrl":"https:\/\/www.clinicaalthea.com\/farmacia\/wp-content\/uploads\/2024\/05\/PROSTOXALEN.jpg","datePublished":"2024-05-04T08:27:22+00:00","dateModified":"2024-05-04T08:40:57+00:00","breadcrumb":{"@id":"https:\/\/www.clinicaalthea.com\/farmacia\/de\/apt\/prostoxalen\/#breadcrumb"},"inLanguage":"pl-PL","potentialAction":[{"@type":"ReadAction","target":["https:\/\/www.clinicaalthea.com\/farmacia\/de\/apt\/prostoxalen\/"]}]},{"@type":"ImageObject","inLanguage":"pl-PL","@id":"https:\/\/www.clinicaalthea.com\/farmacia\/de\/apt\/prostoxalen\/#primaryimage","url":"https:\/\/www.clinicaalthea.com\/farmacia\/wp-content\/uploads\/2024\/05\/PROSTOXALEN.jpg","contentUrl":"https:\/\/www.clinicaalthea.com\/farmacia\/wp-content\/uploads\/2024\/05\/PROSTOXALEN.jpg","width":768,"height":768,"caption":"PROSTOXALEN"},{"@type":"BreadcrumbList","@id":"https:\/\/www.clinicaalthea.com\/farmacia\/de\/apt\/prostoxalen\/#breadcrumb","itemListElement":[{"@type":"ListItem","position":1,"name":"Strona g\u0142\u00f3wna","item":"https:\/\/www.clinicaalthea.com\/farmacia\/"},{"@type":"ListItem","position":2,"name":"Produkty","item":"https:\/\/www.clinicaalthea.com\/farmacia\/"},{"@type":"ListItem","position":3,"name":"Prostoxalen"}]},{"@type":"WebSite","@id":"https:\/\/www.clinicaalthea.com\/farmacia\/#website","url":"https:\/\/www.clinicaalthea.com\/farmacia\/","name":"Clinica Althea","description":"","publisher":{"@id":"https:\/\/www.clinicaalthea.com\/farmacia\/#organization"},"potentialAction":[{"@type":"SearchAction","target":{"@type":"EntryPoint","urlTemplate":"https:\/\/www.clinicaalthea.com\/farmacia\/?s={search_term_string}"},"query-input":{"@type":"PropertyValueSpecification","valueRequired":true,"valueName":"search_term_string"}}],"inLanguage":"pl-PL"},{"@type":"Organization","@id":"https:\/\/www.clinicaalthea.com\/farmacia\/#organization","name":"Clinica Althea","url":"https:\/\/www.clinicaalthea.com\/farmacia\/","logo":{"@type":"ImageObject","inLanguage":"pl-PL","@id":"https:\/\/www.clinicaalthea.com\/farmacia\/#\/schema\/logo\/image\/","url":"https:\/\/www.clinicaalthea.com\/farmacia\/wp-content\/uploads\/2023\/12\/Jak-diagnozuje-sie-FAS_-objawy-kryteria-diagnostyczne-i-metody-diagnozowania-154162903.jpg","contentUrl":"https:\/\/www.clinicaalthea.com\/farmacia\/wp-content\/uploads\/2023\/12\/Jak-diagnozuje-sie-FAS_-objawy-kryteria-diagnostyczne-i-metody-diagnozowania-154162903.jpg","width":1216,"height":832,"caption":"Clinica Althea"},"image":{"@id":"https:\/\/www.clinicaalthea.com\/farmacia\/#\/schema\/logo\/image\/"}}]}},"lang":"de","translations":{"de":3795,"cs":3794,"pl":3792,"da":3796,"es":3797,"fr":3798,"el":3799,"hu":3800,"it":3801,"lt":3802,"nl":3803,"nb":3804,"pt":3805,"ro":3806,"sv":3807,"sk":3808},"pll_sync_post":[],"_links":{"self":[{"href":"https:\/\/www.clinicaalthea.com\/farmacia\/wp-json\/wp\/v2\/product\/3795","targetHints":{"allow":["GET"]}}],"collection":[{"href":"https:\/\/www.clinicaalthea.com\/farmacia\/wp-json\/wp\/v2\/product"}],"about":[{"href":"https:\/\/www.clinicaalthea.com\/farmacia\/wp-json\/wp\/v2\/types\/product"}],"replies":[{"embeddable":true,"href":"https:\/\/www.clinicaalthea.com\/farmacia\/wp-json\/wp\/v2\/comments?post=3795"}],"wp:featuredmedia":[{"embeddable":true,"href":"https:\/\/www.clinicaalthea.com\/farmacia\/wp-json\/wp\/v2\/media\/3793"}],"wp:attachment":[{"href":"https:\/\/www.clinicaalthea.com\/farmacia\/wp-json\/wp\/v2\/media?parent=3795"}],"wp:term":[{"taxonomy":"product_brand","embeddable":true,"href":"https:\/\/www.clinicaalthea.com\/farmacia\/wp-json\/wp\/v2\/product_brand?post=3795"},{"taxonomy":"product_cat","embeddable":true,"href":"https:\/\/www.clinicaalthea.com\/farmacia\/wp-json\/wp\/v2\/product_cat?post=3795"},{"taxonomy":"product_tag","embeddable":true,"href":"https:\/\/www.clinicaalthea.com\/farmacia\/wp-json\/wp\/v2\/product_tag?post=3795"}],"curies":[{"name":"wp","href":"https:\/\/api.w.org\/{rel}","templated":true}]}}