{"id":3789,"date":"2024-05-04T09:22:02","date_gmt":"2024-05-04T08:22:02","guid":{"rendered":"https:\/\/mayoguide.org\/produkty\/?post_type=product&#038;p=3789"},"modified":"2024-05-04T09:23:44","modified_gmt":"2024-05-04T08:23:44","slug":"redusugar","status":"publish","type":"product","link":"https:\/\/www.clinicaalthea.com\/farmacia\/it\/apt\/redusugar\/","title":{"rendered":"Redusugar"},"content":{"rendered":"\n<p>Avete problemi con i livelli di zucchero nel sangue? Vi state chiedendo come controllare i <b>livelli di zucchero<\/b> in modo naturale? Se \u00e8 cos\u00ec, diamo un&#8217;occhiata all&#8217;integratore alimentare <b>Redusugar<\/b>.<\/p>\n\n\n\n<h2 class=\"wp-block-heading\" id=\"h-czym-jest-redusugar-i-jak-dziala\">Che cos&#8217;\u00e8 Redusugar e come funziona?<\/h2>\n\n\n\n<p>Redusugar \u00e8 un <b>integratore alimentare<\/b> sviluppato per favorire il controllo della glicemia. Il prodotto si basa su estratti vegetali che agiscono in sinergia per contribuire a mantenere livelli normali di zucchero nel sangue, migliorare la resistenza all&#8217;insulina e ridurre il rischio di diabete.<\/p>\n\n\n\n<p>Uno degli ingredienti principali di Redusugar \u00e8 il <b>crespino indiano<\/b>, che ha un effetto positivo sul controllo della glicemia. Il <b>gelso bianco<\/b> regola il metabolismo dei carboidrati e lo <b>zenzero<\/b> contribuisce ad abbassare i <b>livelli di zucchero<\/b>. La <b>profumata cannella<\/b> stimola i recettori dell&#8217;insulina, mentre il <b>fieno greco<\/b> aumenta la sensibilit\u00e0 delle cellule all&#8217;insulina. Il <b>tarassaco<\/b> favorisce la digestione e le <b>foglie di t\u00e8 verde<\/b> hanno propriet\u00e0 antiossidanti.<\/p>\n\n\n\n<p>Grazie alle sue potenti propriet\u00e0 antiossidanti e di regolazione dei carboidrati, Redusugar favorisce il controllo degli zuccheri nel sangue, migliorando la salute generale dell&#8217;organismo e riducendo il rischio di diabete.<\/p>\n\n\n\n<h2 class=\"wp-block-heading\" id=\"h-redusugar-efekty\">Effetti del Redusugar<\/h2>\n\n\n\n<p>L&#8217;<b>uso<\/b> regolare dell&#8217;integratore Redusugar pu\u00f2 avere molti benefici ed effetti. Gli effetti principali includono:<\/p>\n\n\n\n<figure class=\"wp-block-table\"><table><tbody><tr><th>Effetti<\/th><th>Descrizione<\/th><\/tr><tr><td>Sostiene il controllo degli zuccheri nel sangue<\/td><td>L&#8217;integratore Redusugar contribuisce a mantenere sani i livelli di glucosio nel sangue, un aspetto importante per le persone affette da diabete di tipo 2 o per chi desidera controllare la <b>glicemia<\/b> in modo naturale.<\/td><\/tr><tr><td>Miglioramento della resistenza all&#8217;insulina<\/td><td>I principi attivi contenuti in Redusugar contribuiscono a migliorare la sensibilit\u00e0 all&#8217;insulina, a vantaggio del metabolismo del glucosio.<\/td><\/tr><tr><td>Riduzione del rischio di diabete di tipo 2<\/td><td>L&#8217;<b>uso<\/b> regolare dell&#8217;integratore pu\u00f2 contribuire a ridurre il rischio di sviluppare il diabete di tipo 2, soprattutto nelle persone predisposte alla malattia.<\/td><\/tr><tr><td>Miglioramento della salute del cuore<\/td><td>Gli ingredienti di Redusugar hanno un effetto positivo sul sistema cardiovascolare, favorendo la salute del cuore e riducendo il rischio di malattie cardiovascolari.<\/td><\/tr><tr><td>Regolazione del peso<\/td><td>L<b>&#8216;integratore alimentare<\/b> Redusugar pu\u00f2 favorire la perdita di peso controllando i livelli di zucchero nel sangue e influenzando il metabolismo.<\/td><\/tr><tr><td>Prevenzione delle complicanze del diabete<\/td><td>L&#8217;integrazione di Redusugar pu\u00f2 aiutare a prevenire le complicanze del diabete, come la retinopatia diabetica, la neuropatia, la nefropatia e le malattie cardiovascolari.<\/td><\/tr><tr><td>Controllo della salute generale<\/td><td>Redusugar non solo favorisce il controllo degli zuccheri nel sangue, ma rinforza anche l&#8217;organismo e elimina i radicali liberi, a vantaggio della salute generale.<\/td><\/tr><\/tbody><\/table><\/figure>\n\n\n\n<p>I principi attivi contenuti nell&#8217;integratore favoriscono il mantenimento di livelli normali di glucosio, migliorano la sensibilit\u00e0 all&#8217;insulina, inibiscono l&#8217;assorbimento nel sangue degli zuccheri provenienti dagli alimenti, abbassano i livelli di glucosio, eliminano i radicali liberi e rafforzano l&#8217;organismo.<\/p>\n\n\n\n<h2 class=\"wp-block-heading\" id=\"h-jak-stosowac-redusugar-dawkowanie-i-zalecenia\">Come si usa Redusugar? &#8211; Dosaggio e raccomandazioni<\/h2>\n\n\n\n<p>Il <b>dosaggio<\/b> consigliato <b>di<\/b> Redusugar \u00e8 di 2 capsule al giorno. Vanno assunte con un bicchiere d&#8217;acqua. L&#8217;integratore pu\u00f2 essere assunto indipendentemente dai pasti. Non superare la dose giornaliera raccomandata. L&#8217;<b>integratore alimentare<\/b> non deve essere utilizzato come sostituto di una dieta varia. <\/p>\n\n\n\n<p>Si raccomanda una dieta equilibrata e uno stile di vita sano. \u00c8 sempre consigliabile consultare il medico prima di iniziare l&#8217;integrazione, soprattutto se si hanno problemi di salute o si assumono altri farmaci.<\/p>\n\n\n\n<h2 class=\"wp-block-heading\" id=\"h-redusugar-opinie-uzytkownikow-forum-co-mowia-uzytkownicy\">Redusugar &#8211; Recensioni degli utenti, forum &#8211; Cosa dicono gli utenti?<\/h2>\n\n\n\n<p>Il feedback degli<b>utenti dell<\/b> &#8216;integratore Redusugar varia. Alcuni utenti riferiscono <b>effetti<\/b> positivi come il controllo degli zuccheri nel sangue, il miglioramento del benessere generale e la riduzione delle voglie. Altri utenti potrebbero non riscontrare gli stessi effetti, il che potrebbe essere dovuto a differenze individuali nell&#8217;organismo. \u00c8 importante ricordare che l&#8217;integratore alimentare funziona in modo diverso a seconda delle persone. Vale la pena leggere le recensioni degli altri utenti e consultare il proprio medico prima di iniziare l&#8217;integrazione.<\/p>\n\n\n\n<blockquote class=\"wp-block-quote is-layout-flow wp-block-quote-is-layout-flow\">\n<p>Un utente <b>del forum<\/b> ha scritto: <em>&#8220;Redusugar mi ha aiutato a mantenere livelli sani di zucchero nel sangue. Da quando ho iniziato a usarlo, i miei risultati di glucosio si sono stabilizzati e mi sento meglio. Inoltre, la mia voglia di dolci \u00e8 diminuita, il che \u00e8 molto importante per il controllo degli zuccheri&#8221;<\/em><\/p>\n<\/blockquote>\n\n\n\n<p>Un altro utente ha condiviso la sua opinione, dicendo: <em>&#8220;Ho avuto esperienze diverse con Redusugar. Durante le prime settimane di utilizzo, ho notato un miglioramento nel controllo degli zuccheri, ma con il passare del tempo i miei risultati non erano pi\u00f9 cos\u00ec stabili. Nel mio caso, l&#8217;integratore non ha funzionato con l&#8217;efficacia che mi sarei aspettato&#8221;<\/em><\/p>\n\n\n\n<p>Le raccomandazioni e i feedback di altri utenti possono essere utili, ma \u00e8 importante che ogni persona valuti individualmente il funzionamento dell&#8217;integratore per il proprio organismo. \u00c8 buona norma consultare un medico prima di assumere un integratore, per avere un parere esperto e <b>raccomandazioni<\/b> adeguate.<\/p>\n\n\n\n<figure class=\"wp-block-table\"><table><tbody><tr><th>Recensioni degli utenti<\/th><th>Vantaggi<\/th><th>Svantaggi<\/th><\/tr><tr><td>Positivi<\/td><td>&#8211; Controllo dei livelli di zucchero nel sangue<br>&#8211; Miglioramento del benessere generale<br>&#8211; Riduzione delle voglie<\/td><td>&#8211; L&#8217;efficacia pu\u00f2 variare da persona a persona<\/td><\/tr><tr><td>Negativo<\/td><td>&#8211; Mancanza di stabilit\u00e0 dell&#8217;effetto<br>&#8211; Efficacia limitata<\/td><td>&#8211; Pu\u00f2 non funzionare con l&#8217;efficacia prevista<\/td><\/tr><\/tbody><\/table><\/figure>\n\n\n\n<h2 class=\"wp-block-heading\" id=\"h-redusugar-sklad-co-zawiera\">Redusugar &#8211; Composizione &#8211; Cosa contiene?<\/h2>\n\n\n\n<p>Redusugar \u00e8 un integratore alimentare con una miscela unica di principi attivi che favoriscono il controllo degli zuccheri nel sangue e la salute generale dell&#8217;organismo. Gli ingredienti chiave che compongono il prodotto Redusugar sono:<\/p>\n\n\n\n<ul class=\"wp-block-list\">\n<li><em>Estratto di radice di crespino indiano:<\/em> contiene sostanze che favoriscono il controllo della glicemia e l&#8217;attivit\u00e0 antiossidante.<\/li>\n\n\n\n<li><em>Estratto di foglie di gelso bianco:<\/em> regola il metabolismo dei carboidrati e contribuisce al mantenimento di livelli normali di zucchero nel sangue.<\/li>\n\n\n\n<li><em>Estratto di radice di zenzero<\/em>: abbassa i livelli di zucchero nel sangue e ha effetti antiossidanti.<\/li>\n\n\n\n<li><em>Estratto di corteccia di cannella<\/em> profumata: stimola i recettori dell&#8217;insulina e regola i livelli di glucosio nel sangue.<\/li>\n\n\n\n<li><em>Estratto di radice di tarassaco:<\/em> favorisce i processi digestivi e pu\u00f2 contribuire a controllare i livelli di zucchero nel sangue.<\/li>\n\n\n\n<li><em>Estratto di semi di fieno greco:<\/em> aumenta la sensibilit\u00e0 delle cellule all&#8217;insulina e influenza il metabolismo degli zuccheri.<\/li>\n\n\n\n<li><em>Inulina:<\/em> fibra vegetale che pu\u00f2 contribuire a regolare i livelli di zucchero nel sangue e a migliorare la salute dell&#8217;intestino.<\/li>\n\n\n\n<li><em>Estratto di foglie di t\u00e8 verde:<\/em> ricco di antiossidanti che possono favorire la salute del cuore e contribuire alla regolazione degli zuccheri nel sangue.<\/li>\n\n\n\n<li><em>Cromo:<\/em> micronutriente essenziale per il corretto funzionamento dell&#8217;organismo, che pu\u00f2 contribuire a mantenere stabili i livelli di glucosio nel sangue.<\/li>\n<\/ul>\n\n\n\n<p>Ciascuno di questi ingredienti \u00e8 stato accuratamente selezionato per agire in sinergia e favorire il controllo degli zuccheri nel sangue, migliorare la resistenza all&#8217;insulina e la salute generale.<\/p>\n\n\n\n<h2 class=\"wp-block-heading\" id=\"h-gdzie-kupic-redusugar-cena\">Dove acquistare Redusugar &#8211; prezzo<\/h2>\n\n\n\n<p>L&#8217;integratore Redusucgar pu\u00f2 essere acquistato sul sito ufficiale del produttore. Il <b>prezzo dell&#8217;<\/b> integratore pu\u00f2 variare, quindi \u00e8 sempre consigliabile controllare il sito ufficiale del produttore per avere informazioni aggiornate sui prezzi. <\/p>\n\n\n\n<p>Si consiglia di <b>acquistare<\/b> l&#8217;integratore solo dal sito ufficiale del produttore per essere certi di ottenere il prodotto originale.<\/p>\n\n\n\n<p><em>Vi invitiamo ad acquistare l&#8217;integratore Redusugar solo dal sito ufficiale del produttore, perch\u00e9 solo in questo modo potrete essere sicuri di ricevere il prodotto originale. Inoltre, sul sito del produttore \u00e8 possibile trovare informazioni aggiornate su prezzi e promozioni.<\/em><\/p>\n\n\n\n<h2 class=\"wp-block-heading\" id=\"h-redusugar-skutki-uboczne-i-przeciwwskazania\">Redusugar &#8211; Effetti collaterali e controindicazioni<\/h2>\n\n\n\n<p>Redusugar \u00e8 un integratore alimentare a base di ingredienti naturali e quindi di solito non provoca effetti collaterali. Tuttavia, \u00e8 importante ricordare che ogni organismo pu\u00f2 reagire in modo diverso agli integratori. \u00c8 consigliabile consultare il proprio medico in caso di sintomi avversi o dubbi.<\/p>\n\n\n\n<p>Redusugar \u00e8 sconsigliato a chi \u00e8 allergico a uno dei suoi ingredienti. \u00c8 sempre bene leggere il foglietto illustrativo e seguire le raccomandazioni del produttore prima di iniziare l&#8217;integrazione.<\/p>\n\n\n\n<p>\u00c8 importante ricordare che gli integratori alimentari non sono adatti a tutti. Le persone con patologie esistenti o che assumono altri farmaci dovrebbero consultare il proprio medico prima di iniziare l&#8217;integrazione di Redusugar. Il medico pu\u00f2 regolare <b>il dosaggio<\/b> o indicare altri integratori adatti. Inoltre, chi \u00e8 in gravidanza o sta allattando dovrebbe consultare un medico prima di assumere l&#8217;integratore.<\/p>\n\n\n\n<p>Per evitare pericoli, non superare la dose giornaliera raccomandata di Redusugar. Siate prudenti e utilizzate l&#8217;integratore come indicato. Ricordate che gli integratori alimentari non sostituiscono una dieta equilibrata o uno stile di vita sano. Se avete dubbi o domande sugli effetti collaterali dell&#8217;integrazione, consultate il vostro medico.<\/p>\n","protected":false},"excerpt":{"rendered":"<p><strong>56.00 \u20ac<\/strong><\/p>\n<p><del>112.00 \u20ac<\/del><\/p>\n<p><strong>[date_countdown]<\/strong><\/p>\n","protected":false},"featured_media":3783,"comment_status":"open","ping_status":"closed","template":"","meta":{"neve_meta_sidebar":"","neve_meta_container":"","neve_meta_enable_content_width":"","neve_meta_content_width":0,"neve_meta_title_alignment":"","neve_meta_author_avatar":"","neve_post_elements_order":"","neve_meta_disable_header":"","neve_meta_disable_footer":"","neve_meta_disable_title":"","neve_meta_reading_time":""},"product_brand":[],"product_cat":[113],"product_tag":[],"class_list":{"0":"post-3789","1":"product","2":"type-product","3":"status-publish","4":"has-post-thumbnail","6":"product_cat-salute","8":"first","9":"instock","10":"shipping-taxable","11":"product-type-external"},"yoast_head":"<!-- This site is optimized with the Yoast SEO plugin v27.4 - https:\/\/yoast.com\/product\/yoast-seo-wordpress\/ -->\n<title>Redusugar - Clinica Althea<\/title>\n<meta name=\"robots\" content=\"index, follow, max-snippet:-1, max-image-preview:large, max-video-preview:-1\" \/>\n<link rel=\"canonical\" href=\"https:\/\/www.clinicaalthea.com\/farmacia\/it\/apt\/redusugar\/\" \/>\n<meta property=\"og:locale\" content=\"pl_PL\" \/>\n<meta property=\"og:type\" content=\"article\" \/>\n<meta property=\"og:title\" content=\"Redusugar - Clinica Althea\" \/>\n<meta property=\"og:description\" content=\"56.00 \u20ac 112.00 \u20ac\" \/>\n<meta property=\"og:url\" content=\"https:\/\/www.clinicaalthea.com\/farmacia\/it\/apt\/redusugar\/\" \/>\n<meta property=\"og:site_name\" content=\"Clinica Althea\" \/>\n<meta property=\"article:modified_time\" content=\"2024-05-04T08:23:44+00:00\" \/>\n<meta property=\"og:image\" content=\"https:\/\/www.clinicaalthea.com\/farmacia\/wp-content\/uploads\/2024\/05\/REDUSUGAR.jpg\" \/>\n\t<meta property=\"og:image:width\" content=\"768\" \/>\n\t<meta property=\"og:image:height\" content=\"768\" \/>\n\t<meta property=\"og:image:type\" content=\"image\/jpeg\" \/>\n<meta name=\"twitter:card\" content=\"summary_large_image\" \/>\n<meta name=\"twitter:label1\" content=\"Szacowany czas czytania\" \/>\n\t<meta name=\"twitter:data1\" content=\"8 minut\" \/>\n<script type=\"application\/ld+json\" class=\"yoast-schema-graph\">{\"@context\":\"https:\\\/\\\/schema.org\",\"@graph\":[{\"@type\":\"WebPage\",\"@id\":\"https:\\\/\\\/www.clinicaalthea.com\\\/farmacia\\\/it\\\/apt\\\/redusugar\\\/\",\"url\":\"https:\\\/\\\/www.clinicaalthea.com\\\/farmacia\\\/it\\\/apt\\\/redusugar\\\/\",\"name\":\"Redusugar - Clinica Althea\",\"isPartOf\":{\"@id\":\"https:\\\/\\\/www.clinicaalthea.com\\\/farmacia\\\/#website\"},\"primaryImageOfPage\":{\"@id\":\"https:\\\/\\\/www.clinicaalthea.com\\\/farmacia\\\/it\\\/apt\\\/redusugar\\\/#primaryimage\"},\"image\":{\"@id\":\"https:\\\/\\\/www.clinicaalthea.com\\\/farmacia\\\/it\\\/apt\\\/redusugar\\\/#primaryimage\"},\"thumbnailUrl\":\"https:\\\/\\\/www.clinicaalthea.com\\\/farmacia\\\/wp-content\\\/uploads\\\/2024\\\/05\\\/REDUSUGAR.jpg\",\"datePublished\":\"2024-05-04T08:22:02+00:00\",\"dateModified\":\"2024-05-04T08:23:44+00:00\",\"breadcrumb\":{\"@id\":\"https:\\\/\\\/www.clinicaalthea.com\\\/farmacia\\\/it\\\/apt\\\/redusugar\\\/#breadcrumb\"},\"inLanguage\":\"pl-PL\",\"potentialAction\":[{\"@type\":\"ReadAction\",\"target\":[\"https:\\\/\\\/www.clinicaalthea.com\\\/farmacia\\\/it\\\/apt\\\/redusugar\\\/\"]}]},{\"@type\":\"ImageObject\",\"inLanguage\":\"pl-PL\",\"@id\":\"https:\\\/\\\/www.clinicaalthea.com\\\/farmacia\\\/it\\\/apt\\\/redusugar\\\/#primaryimage\",\"url\":\"https:\\\/\\\/www.clinicaalthea.com\\\/farmacia\\\/wp-content\\\/uploads\\\/2024\\\/05\\\/REDUSUGAR.jpg\",\"contentUrl\":\"https:\\\/\\\/www.clinicaalthea.com\\\/farmacia\\\/wp-content\\\/uploads\\\/2024\\\/05\\\/REDUSUGAR.jpg\",\"width\":768,\"height\":768,\"caption\":\"REDUSUGAR\"},{\"@type\":\"BreadcrumbList\",\"@id\":\"https:\\\/\\\/www.clinicaalthea.com\\\/farmacia\\\/it\\\/apt\\\/redusugar\\\/#breadcrumb\",\"itemListElement\":[{\"@type\":\"ListItem\",\"position\":1,\"name\":\"Strona g\u0142\u00f3wna\",\"item\":\"https:\\\/\\\/www.clinicaalthea.com\\\/farmacia\\\/\"},{\"@type\":\"ListItem\",\"position\":2,\"name\":\"Produkty\",\"item\":\"https:\\\/\\\/www.clinicaalthea.com\\\/farmacia\\\/\"},{\"@type\":\"ListItem\",\"position\":3,\"name\":\"Redusugar\"}]},{\"@type\":\"WebSite\",\"@id\":\"https:\\\/\\\/www.clinicaalthea.com\\\/farmacia\\\/#website\",\"url\":\"https:\\\/\\\/www.clinicaalthea.com\\\/farmacia\\\/\",\"name\":\"Clinica Althea\",\"description\":\"\",\"publisher\":{\"@id\":\"https:\\\/\\\/www.clinicaalthea.com\\\/farmacia\\\/#organization\"},\"potentialAction\":[{\"@type\":\"SearchAction\",\"target\":{\"@type\":\"EntryPoint\",\"urlTemplate\":\"https:\\\/\\\/www.clinicaalthea.com\\\/farmacia\\\/?s={search_term_string}\"},\"query-input\":{\"@type\":\"PropertyValueSpecification\",\"valueRequired\":true,\"valueName\":\"search_term_string\"}}],\"inLanguage\":\"pl-PL\"},{\"@type\":\"Organization\",\"@id\":\"https:\\\/\\\/www.clinicaalthea.com\\\/farmacia\\\/#organization\",\"name\":\"Clinica Althea\",\"url\":\"https:\\\/\\\/www.clinicaalthea.com\\\/farmacia\\\/\",\"logo\":{\"@type\":\"ImageObject\",\"inLanguage\":\"pl-PL\",\"@id\":\"https:\\\/\\\/www.clinicaalthea.com\\\/farmacia\\\/#\\\/schema\\\/logo\\\/image\\\/\",\"url\":\"https:\\\/\\\/www.clinicaalthea.com\\\/farmacia\\\/wp-content\\\/uploads\\\/2023\\\/12\\\/Jak-diagnozuje-sie-FAS_-objawy-kryteria-diagnostyczne-i-metody-diagnozowania-154162903.jpg\",\"contentUrl\":\"https:\\\/\\\/www.clinicaalthea.com\\\/farmacia\\\/wp-content\\\/uploads\\\/2023\\\/12\\\/Jak-diagnozuje-sie-FAS_-objawy-kryteria-diagnostyczne-i-metody-diagnozowania-154162903.jpg\",\"width\":1216,\"height\":832,\"caption\":\"Clinica Althea\"},\"image\":{\"@id\":\"https:\\\/\\\/www.clinicaalthea.com\\\/farmacia\\\/#\\\/schema\\\/logo\\\/image\\\/\"}}]}<\/script>\n<!-- \/ Yoast SEO plugin. -->","yoast_head_json":{"title":"Redusugar - Clinica Althea","robots":{"index":"index","follow":"follow","max-snippet":"max-snippet:-1","max-image-preview":"max-image-preview:large","max-video-preview":"max-video-preview:-1"},"canonical":"https:\/\/www.clinicaalthea.com\/farmacia\/it\/apt\/redusugar\/","og_locale":"pl_PL","og_type":"article","og_title":"Redusugar - Clinica Althea","og_description":"56.00 \u20ac 112.00 \u20ac","og_url":"https:\/\/www.clinicaalthea.com\/farmacia\/it\/apt\/redusugar\/","og_site_name":"Clinica Althea","article_modified_time":"2024-05-04T08:23:44+00:00","og_image":[{"width":768,"height":768,"url":"https:\/\/www.clinicaalthea.com\/farmacia\/wp-content\/uploads\/2024\/05\/REDUSUGAR.jpg","type":"image\/jpeg"}],"twitter_card":"summary_large_image","twitter_misc":{"Szacowany czas czytania":"8 minut"},"schema":{"@context":"https:\/\/schema.org","@graph":[{"@type":"WebPage","@id":"https:\/\/www.clinicaalthea.com\/farmacia\/it\/apt\/redusugar\/","url":"https:\/\/www.clinicaalthea.com\/farmacia\/it\/apt\/redusugar\/","name":"Redusugar - Clinica Althea","isPartOf":{"@id":"https:\/\/www.clinicaalthea.com\/farmacia\/#website"},"primaryImageOfPage":{"@id":"https:\/\/www.clinicaalthea.com\/farmacia\/it\/apt\/redusugar\/#primaryimage"},"image":{"@id":"https:\/\/www.clinicaalthea.com\/farmacia\/it\/apt\/redusugar\/#primaryimage"},"thumbnailUrl":"https:\/\/www.clinicaalthea.com\/farmacia\/wp-content\/uploads\/2024\/05\/REDUSUGAR.jpg","datePublished":"2024-05-04T08:22:02+00:00","dateModified":"2024-05-04T08:23:44+00:00","breadcrumb":{"@id":"https:\/\/www.clinicaalthea.com\/farmacia\/it\/apt\/redusugar\/#breadcrumb"},"inLanguage":"pl-PL","potentialAction":[{"@type":"ReadAction","target":["https:\/\/www.clinicaalthea.com\/farmacia\/it\/apt\/redusugar\/"]}]},{"@type":"ImageObject","inLanguage":"pl-PL","@id":"https:\/\/www.clinicaalthea.com\/farmacia\/it\/apt\/redusugar\/#primaryimage","url":"https:\/\/www.clinicaalthea.com\/farmacia\/wp-content\/uploads\/2024\/05\/REDUSUGAR.jpg","contentUrl":"https:\/\/www.clinicaalthea.com\/farmacia\/wp-content\/uploads\/2024\/05\/REDUSUGAR.jpg","width":768,"height":768,"caption":"REDUSUGAR"},{"@type":"BreadcrumbList","@id":"https:\/\/www.clinicaalthea.com\/farmacia\/it\/apt\/redusugar\/#breadcrumb","itemListElement":[{"@type":"ListItem","position":1,"name":"Strona g\u0142\u00f3wna","item":"https:\/\/www.clinicaalthea.com\/farmacia\/"},{"@type":"ListItem","position":2,"name":"Produkty","item":"https:\/\/www.clinicaalthea.com\/farmacia\/"},{"@type":"ListItem","position":3,"name":"Redusugar"}]},{"@type":"WebSite","@id":"https:\/\/www.clinicaalthea.com\/farmacia\/#website","url":"https:\/\/www.clinicaalthea.com\/farmacia\/","name":"Clinica Althea","description":"","publisher":{"@id":"https:\/\/www.clinicaalthea.com\/farmacia\/#organization"},"potentialAction":[{"@type":"SearchAction","target":{"@type":"EntryPoint","urlTemplate":"https:\/\/www.clinicaalthea.com\/farmacia\/?s={search_term_string}"},"query-input":{"@type":"PropertyValueSpecification","valueRequired":true,"valueName":"search_term_string"}}],"inLanguage":"pl-PL"},{"@type":"Organization","@id":"https:\/\/www.clinicaalthea.com\/farmacia\/#organization","name":"Clinica Althea","url":"https:\/\/www.clinicaalthea.com\/farmacia\/","logo":{"@type":"ImageObject","inLanguage":"pl-PL","@id":"https:\/\/www.clinicaalthea.com\/farmacia\/#\/schema\/logo\/image\/","url":"https:\/\/www.clinicaalthea.com\/farmacia\/wp-content\/uploads\/2023\/12\/Jak-diagnozuje-sie-FAS_-objawy-kryteria-diagnostyczne-i-metody-diagnozowania-154162903.jpg","contentUrl":"https:\/\/www.clinicaalthea.com\/farmacia\/wp-content\/uploads\/2023\/12\/Jak-diagnozuje-sie-FAS_-objawy-kryteria-diagnostyczne-i-metody-diagnozowania-154162903.jpg","width":1216,"height":832,"caption":"Clinica Althea"},"image":{"@id":"https:\/\/www.clinicaalthea.com\/farmacia\/#\/schema\/logo\/image\/"}}]}},"lang":"it","translations":{"it":3789,"cs":3784,"pl":3782,"de":3785,"es":3786,"fr":3787,"hu":3788,"nl":3790,"sk":3791},"pll_sync_post":[],"_links":{"self":[{"href":"https:\/\/www.clinicaalthea.com\/farmacia\/wp-json\/wp\/v2\/product\/3789","targetHints":{"allow":["GET"]}}],"collection":[{"href":"https:\/\/www.clinicaalthea.com\/farmacia\/wp-json\/wp\/v2\/product"}],"about":[{"href":"https:\/\/www.clinicaalthea.com\/farmacia\/wp-json\/wp\/v2\/types\/product"}],"replies":[{"embeddable":true,"href":"https:\/\/www.clinicaalthea.com\/farmacia\/wp-json\/wp\/v2\/comments?post=3789"}],"wp:featuredmedia":[{"embeddable":true,"href":"https:\/\/www.clinicaalthea.com\/farmacia\/wp-json\/wp\/v2\/media\/3783"}],"wp:attachment":[{"href":"https:\/\/www.clinicaalthea.com\/farmacia\/wp-json\/wp\/v2\/media?parent=3789"}],"wp:term":[{"taxonomy":"product_brand","embeddable":true,"href":"https:\/\/www.clinicaalthea.com\/farmacia\/wp-json\/wp\/v2\/product_brand?post=3789"},{"taxonomy":"product_cat","embeddable":true,"href":"https:\/\/www.clinicaalthea.com\/farmacia\/wp-json\/wp\/v2\/product_cat?post=3789"},{"taxonomy":"product_tag","embeddable":true,"href":"https:\/\/www.clinicaalthea.com\/farmacia\/wp-json\/wp\/v2\/product_tag?post=3789"}],"curies":[{"name":"wp","href":"https:\/\/api.w.org\/{rel}","templated":true}]}}