{"id":3787,"date":"2024-05-04T09:20:32","date_gmt":"2024-05-04T08:20:32","guid":{"rendered":"https:\/\/mayoguide.org\/produkty\/?post_type=product&#038;p=3787"},"modified":"2024-05-04T09:23:44","modified_gmt":"2024-05-04T08:23:44","slug":"redusugar","status":"publish","type":"product","link":"https:\/\/www.clinicaalthea.com\/farmacia\/fr\/apt\/redusugar\/","title":{"rendered":"Redusugar"},"content":{"rendered":"\n<p>Avez-vous des probl\u00e8mes de glyc\u00e9mie ? Vous vous demandez comment contr\u00f4ler naturellement votre <b>taux de sucre<\/b>? Dans ce cas, nous vous proposons de d\u00e9couvrir le compl\u00e9ment alimentaire <b>Redusugar<\/b>.<\/p>\n\n\n\n<h2 class=\"wp-block-heading\" id=\"h-czym-jest-redusugar-i-jak-dziala\">Qu&#8217;est-ce que Redusugar et comment fonctionne-t-il ?<\/h2>\n\n\n\n<p>Redusugar est un <b>compl\u00e9ment alimentaire<\/b> con\u00e7u pour favoriser le contr\u00f4le de la glyc\u00e9mie. Le produit est bas\u00e9 sur des extraits de plantes qui agissent en synergie pour aider \u00e0 maintenir une glyc\u00e9mie normale, am\u00e9liorer la r\u00e9sistance \u00e0 l&#8217;insuline et r\u00e9duire le risque de diab\u00e8te.<\/p>\n\n\n\n<p>L&#8217;un des principaux ingr\u00e9dients de Redusugar est l&#8217;<b>\u00e9pine-vinette indienne<\/b>, qui a un effet positif sur le contr\u00f4le de la glyc\u00e9mie. Le <b>m\u00fbrier blanc<\/b> r\u00e9gule le m\u00e9tabolisme des glucides et le <b>gingembre<\/b> contribue \u00e0 abaisser le <b>taux de sucre<\/b>. La <b>cannelle parfum\u00e9e<\/b> stimule les r\u00e9cepteurs de l&#8217;insuline, tandis que le <b>fenugrec<\/b> augmente la sensibilit\u00e9 des cellules \u00e0 l&#8217;insuline. Le <b>pissenlit<\/b> facilite la digestion et les <b>feuilles de th\u00e9 vert<\/b> ont des propri\u00e9t\u00e9s antioxydantes.<\/p>\n\n\n\n<p>Gr\u00e2ce \u00e0 ses puissantes propri\u00e9t\u00e9s antioxydantes et r\u00e9gulatrices des glucides, Redusugar favorise le contr\u00f4le de la glyc\u00e9mie, am\u00e9liore la sant\u00e9 g\u00e9n\u00e9rale de l&#8217;organisme et r\u00e9duit le risque de diab\u00e8te.<\/p>\n\n\n\n<h2 class=\"wp-block-heading\" id=\"h-redusugar-efekty\">Redusugar &#8211; effets<\/h2>\n\n\n\n<p>L&#8217;<b>utilisation<\/b> r\u00e9guli\u00e8re <b>du<\/b> suppl\u00e9ment Redusugar peut avoir de nombreux avantages et effets. Les principaux effets sont les suivants :<\/p>\n\n\n\n<figure class=\"wp-block-table\"><table><tbody><tr><th>Effets<\/th><th>Description des effets<\/th><\/tr><tr><td>Favoriser le contr\u00f4le de la glyc\u00e9mie<\/td><td>Le compl\u00e9ment Redusugar aide \u00e0 maintenir une glyc\u00e9mie saine, ce qui est important pour les personnes atteintes de diab\u00e8te de type 2 ou pour celles qui souhaitent contr\u00f4ler leur <b>glyc\u00e9mie<\/b> de mani\u00e8re naturelle.<\/td><\/tr><tr><td>Am\u00e9liorer la r\u00e9sistance \u00e0 l&#8217;insuline<\/td><td>Les ingr\u00e9dients actifs de Redusugar contribuent \u00e0 am\u00e9liorer la sensibilit\u00e9 \u00e0 l&#8217;insuline, ce qui favorise le m\u00e9tabolisme du glucose.<\/td><\/tr><tr><td>R\u00e9duction du risque de diab\u00e8te de type 2<\/td><td>L&#8217;<b>utilisation<\/b> r\u00e9guli\u00e8re du compl\u00e9ment peut contribuer \u00e0 r\u00e9duire le risque de d\u00e9velopper un diab\u00e8te de type 2, en particulier chez les personnes pr\u00e9dispos\u00e9es \u00e0 la maladie.<\/td><\/tr><tr><td>Am\u00e9lioration de la sant\u00e9 cardiaque<\/td><td>Les ingr\u00e9dients contenus dans Redusugar ont un effet positif sur le syst\u00e8me cardiovasculaire, favorisant la sant\u00e9 du c\u0153ur et r\u00e9duisant le risque de maladie cardiovasculaire.<\/td><\/tr><tr><td>R\u00e9gulation du poids<\/td><td>Le<b>compl\u00e9ment alimentaire<\/b> Redusugar peut favoriser la perte de poids en contr\u00f4lant la glyc\u00e9mie et en influen\u00e7ant le m\u00e9tabolisme.<\/td><\/tr><tr><td>Pr\u00e9vention des complications du diab\u00e8te<\/td><td>La suppl\u00e9mentation en Redusugar peut aider \u00e0 pr\u00e9venir les complications du diab\u00e8te telles que la r\u00e9tinopathie diab\u00e9tique, la neuropathie, la n\u00e9phropathie et les maladies cardiovasculaires.<\/td><\/tr><tr><td>Contr\u00f4le g\u00e9n\u00e9ral de la sant\u00e9<\/td><td>Redusugar ne favorise pas seulement le contr\u00f4le de la glyc\u00e9mie, mais renforce \u00e9galement l&#8217;organisme et \u00e9limine les radicaux libres, ce qui est b\u00e9n\u00e9fique pour la sant\u00e9 en g\u00e9n\u00e9ral.<\/td><\/tr><\/tbody><\/table><\/figure>\n\n\n\n<p>Les ingr\u00e9dients actifs contenus dans le suppl\u00e9ment favorisent le maintien d&#8217;une glyc\u00e9mie normale, am\u00e9liorent la sensibilit\u00e9 \u00e0 l&#8217;insuline, inhibent l&#8217;absorption des sucres des aliments dans le sang, abaissent la glyc\u00e9mie, \u00e9liminent les radicaux libres et renforcent l&#8217;organisme.<\/p>\n\n\n\n<h2 class=\"wp-block-heading\" id=\"h-jak-stosowac-redusugar-dawkowanie-i-zalecenia\">Comment utiliser Redusugar ? &#8211; Dosage et recommandations<\/h2>\n\n\n\n<p>La <b>posologie<\/b> recommand\u00e9e de Redusugar est de 2 g\u00e9lules par jour. Elles doivent \u00eatre prises avec un verre d&#8217;eau. Le compl\u00e9ment peut \u00eatre pris ind\u00e9pendamment d&#8217;un repas. Ne pas d\u00e9passer la portion recommand\u00e9e \u00e0 prendre par jour. Le <b>compl\u00e9ment alimentaire<\/b> ne doit pas \u00eatre utilis\u00e9 comme substitut d&#8217;un r\u00e9gime alimentaire vari\u00e9. <\/p>\n\n\n\n<p>Une alimentation \u00e9quilibr\u00e9e et un mode de vie sain sont recommand\u00e9s. Il est toujours conseill\u00e9 de consulter votre m\u00e9decin avant de commencer une suppl\u00e9mentation, surtout si vous avez des probl\u00e8mes de sant\u00e9 ou si vous prenez d&#8217;autres m\u00e9dicaments.<\/p>\n\n\n\n<h2 class=\"wp-block-heading\" id=\"h-redusugar-opinie-uzytkownikow-forum-co-mowia-uzytkownicy\">Redusugar &#8211; Avis d&#8217;utilisateurs, forum &#8211; Que disent les utilisateurs ?<\/h2>\n\n\n\n<p>Les r\u00e9actions des<b>utilisateurs du<\/b> compl\u00e9ment Redusugar sont variables. Certains utilisateurs rapportent des <b>effets<\/b> positifs tels que le contr\u00f4le de la glyc\u00e9mie, l&#8217;am\u00e9lioration du bien-\u00eatre g\u00e9n\u00e9ral et la r\u00e9duction des fringales. D&#8217;autres utilisateurs ne ressentent pas les m\u00eames effets, ce qui peut \u00eatre d\u00fb \u00e0 des diff\u00e9rences individuelles dans l&#8217;organisme. Il est important de se rappeler que le compl\u00e9ment alimentaire fonctionne diff\u00e9remment d&#8217;une personne \u00e0 l&#8217;autre. Il vaut la peine de lire les commentaires d&#8217;autres utilisateurs et de consulter votre m\u00e9decin avant de commencer la suppl\u00e9mentation.<\/p>\n\n\n\n<blockquote class=\"wp-block-quote is-layout-flow wp-block-quote-is-layout-flow\">\n<p>Un utilisateur du <b>forum<\/b> a \u00e9crit <em>&#8220;Redusugar m&#8217;a aid\u00e9 \u00e0 maintenir une glyc\u00e9mie saine. Depuis que j&#8217;ai commenc\u00e9 \u00e0 l&#8217;utiliser, mes r\u00e9sultats glyc\u00e9miques se sont stabilis\u00e9s et je me sens mieux. En outre, mon envie de sucreries a diminu\u00e9, ce qui est tr\u00e8s important pour le contr\u00f4le de la glyc\u00e9mie&#8221;<\/em><\/p>\n<\/blockquote>\n\n\n\n<p>Un autre utilisateur a partag\u00e9 son opinion, en disant : <em>&#8220;J&#8217;ai eu des exp\u00e9riences diff\u00e9rentes avec Redusugar. Au cours des premi\u00e8res semaines d&#8217;utilisation, j&#8217;ai remarqu\u00e9 une am\u00e9lioration du contr\u00f4le du sucre, mais au fil du temps, mes r\u00e9sultats n&#8217;\u00e9taient plus aussi stables. Dans mon cas, le compl\u00e9ment n&#8217;a pas \u00e9t\u00e9 aussi efficace que je l&#8217;aurais souhait\u00e9&#8221;<\/em><\/p>\n\n\n\n<p>Les recommandations et les commentaires d&#8217;autres utilisateurs peuvent \u00eatre utiles, mais il est important que chaque personne \u00e9value individuellement comment le suppl\u00e9ment fonctionne pour son corps. Il est conseill\u00e9 de consulter un m\u00e9decin avant de commencer \u00e0 prendre un suppl\u00e9ment afin d&#8217;obtenir l&#8217;avis d&#8217;un expert et des <b>recommandations<\/b> appropri\u00e9es.<\/p>\n\n\n\n<figure class=\"wp-block-table\"><table><tbody><tr><th>Avis des utilisateurs<\/th><th>Avantages<\/th><th>Inconv\u00e9nients<\/th><\/tr><tr><td>Avantages<\/td><td>&#8211; Contr\u00f4le du taux de sucre dans le sang<br>&#8211; Am\u00e9lioration du bien-\u00eatre g\u00e9n\u00e9ral<br>&#8211; R\u00e9duction des fringales<\/td><td>&#8211; L&#8217;efficacit\u00e9 peut varier d&#8217;une personne \u00e0 l&#8217;autre<\/td><\/tr><tr><td>N\u00e9gatif<\/td><td>&#8211; Manque de stabilit\u00e9 de l&#8217;effet<br>&#8211; Efficacit\u00e9 limit\u00e9e<\/td><td>&#8211; Peut ne pas \u00eatre aussi efficace que pr\u00e9vu<\/td><\/tr><\/tbody><\/table><\/figure>\n\n\n\n<h2 class=\"wp-block-heading\" id=\"h-redusugar-sklad-co-zawiera\">Redusugar &#8211; Composition &#8211; Que contient-il ?<\/h2>\n\n\n\n<p>Redusugar est un compl\u00e9ment alimentaire compos\u00e9 d&#8217;un m\u00e9lange unique d&#8217;ingr\u00e9dients actifs pour soutenir le contr\u00f4le de la glyc\u00e9mie et la sant\u00e9 globale de l&#8217;organisme. Les principaux ingr\u00e9dients qui composent le produit Redusugar sont les suivants :<\/p>\n\n\n\n<ul class=\"wp-block-list\">\n<li><em>Extrait de racine d&#8217;\u00e9pine-vinette indienne :<\/em> contient des substances qui favorisent le contr\u00f4le de la glyc\u00e9mie et l&#8217;activit\u00e9 antioxydante.<\/li>\n\n\n\n<li>Extrait de<em>feuille de m\u00fbrier blanc :<\/em> r\u00e9gule le m\u00e9tabolisme des glucides et aide \u00e0 maintenir une glyc\u00e9mie normale.<\/li>\n\n\n\n<li>L&#8217;extrait de<em>racine de gingembre :<\/em> abaisse la glyc\u00e9mie et a des effets antioxydants.<\/li>\n\n\n\n<li>Extrait d&#8217;<em>\u00e9corce de cannelle<\/em> parfum\u00e9e<em>:<\/em> stimule les r\u00e9cepteurs de l&#8217;insuline et r\u00e9gule la glyc\u00e9mie.<\/li>\n\n\n\n<li>Extrait de<em>racine de pissenlit :<\/em> soutient les processus digestifs et peut aider \u00e0 contr\u00f4ler la glyc\u00e9mie.<\/li>\n\n\n\n<li>Extrait de<em>graines de fenugrec :<\/em> augmente la sensibilit\u00e9 des cellules \u00e0 l&#8217;insuline et influence le m\u00e9tabolisme du sucre.<\/li>\n\n\n\n<li><em>Inuline :<\/em> fibre v\u00e9g\u00e9tale qui peut contribuer \u00e0 r\u00e9guler la glyc\u00e9mie et \u00e0 am\u00e9liorer la sant\u00e9 intestinale.<\/li>\n\n\n\n<li><em>Extrait de feuilles de th\u00e9 vert :<\/em> riche en antioxydants qui peuvent favoriser la sant\u00e9 cardiaque et contribuer \u00e0 la r\u00e9gulation de la glyc\u00e9mie.<\/li>\n\n\n\n<li><em>Chrome :<\/em> micronutriment essentiel au bon fonctionnement de l&#8217;organisme, qui peut aider \u00e0 maintenir une glyc\u00e9mie stable.<\/li>\n<\/ul>\n\n\n\n<p>Chacun de ces ingr\u00e9dients a \u00e9t\u00e9 soigneusement s\u00e9lectionn\u00e9 pour agir en synergie afin de favoriser le contr\u00f4le de la glyc\u00e9mie, d&#8217;am\u00e9liorer la r\u00e9sistance \u00e0 l&#8217;insuline et la sant\u00e9 en g\u00e9n\u00e9ral.<\/p>\n\n\n\n<h2 class=\"wp-block-heading\" id=\"h-gdzie-kupic-redusugar-cena\">O\u00f9 acheter Redusugar &#8211; prix<\/h2>\n\n\n\n<p>Le compl\u00e9ment Redusucgar peut \u00eatre achet\u00e9 sur le site officiel du fabricant. Le <b>prix du<\/b> compl\u00e9ment peut varier, c&#8217;est pourquoi il est toujours conseill\u00e9 de consulter le site officiel du fabricant pour obtenir des informations actualis\u00e9es sur les prix. <\/p>\n\n\n\n<p>Il est recommand\u00e9 de n&#8217;<b>acheter<\/b> le compl\u00e9ment qu&#8217;\u00e0 partir du site officiel du fabricant afin de s&#8217;assurer que vous obtenez le produit original.<\/p>\n\n\n\n<p><em>Nous vous encourageons \u00e0 n&#8217;acheter le suppl\u00e9ment Redusugar que sur le site officiel du fabricant, car c&#8217;est le seul moyen d&#8217;\u00eatre s\u00fbr d&#8217;obtenir le produit original. En outre, vous pouvez trouver les derni\u00e8res informations sur les prix et les promotions sur le site web du fabricant.<\/em><\/p>\n\n\n\n<h2 class=\"wp-block-heading\" id=\"h-redusugar-skutki-uboczne-i-przeciwwskazania\">Redusugar &#8211; Effets secondaires et contre-indications<\/h2>\n\n\n\n<p>Redusugar est un compl\u00e9ment alimentaire \u00e0 base d&#8217;ingr\u00e9dients naturels et ne provoque donc g\u00e9n\u00e9ralement pas d&#8217;effets secondaires. Cependant, il est important de se rappeler que chaque corps peut r\u00e9agir diff\u00e9remment aux suppl\u00e9ments. Il est conseill\u00e9 de consulter votre m\u00e9decin si vous pr\u00e9sentez des sympt\u00f4mes ind\u00e9sirables ou si vous avez des inqui\u00e9tudes.<\/p>\n\n\n\n<p>Redusugar n&#8217;est pas recommand\u00e9 aux personnes allergiques \u00e0 l&#8217;un de ses ingr\u00e9dients. Il est toujours conseill\u00e9 de lire la notice et de suivre les recommandations du fabricant avant de commencer \u00e0 prendre des compl\u00e9ments alimentaires.<\/p>\n\n\n\n<p>Il est important de se rappeler que les compl\u00e9ments alimentaires ne conviennent pas \u00e0 tout le monde. Les personnes souffrant de maladies existantes ou prenant d&#8217;autres m\u00e9dicaments doivent consulter leur m\u00e9decin avant de commencer une suppl\u00e9mentation en Redusugar. Le m\u00e9decin peut adapter le <b>dosage<\/b> ou indiquer d&#8217;autres compl\u00e9ments appropri\u00e9s. De m\u00eame, les personnes enceintes ou qui allaitent doivent consulter un m\u00e9decin avant de prendre le compl\u00e9ment.<\/p>\n\n\n\n<p>Pour \u00e9viter tout danger, ne d\u00e9passez pas la dose journali\u00e8re recommand\u00e9e de Redusugar. Soyez prudent et utilisez le compl\u00e9ment comme indiqu\u00e9. N&#8217;oubliez pas que les compl\u00e9ments alimentaires ne remplacent pas un r\u00e9gime alimentaire \u00e9quilibr\u00e9 ou un mode de vie sain. Si vous avez des doutes ou des questions sur les effets secondaires de la suppl\u00e9mentation, consultez votre m\u00e9decin.<\/p>\n","protected":false},"excerpt":{"rendered":"<p><strong>56.00 \u20ac<\/strong><\/p>\n<p><del>112.00 \u20ac<\/del><\/p>\n<p><strong>[date_countdown]<\/strong><\/p>\n","protected":false},"featured_media":3783,"comment_status":"open","ping_status":"closed","template":"","meta":{"neve_meta_sidebar":"","neve_meta_container":"","neve_meta_enable_content_width":"","neve_meta_content_width":0,"neve_meta_title_alignment":"","neve_meta_author_avatar":"","neve_post_elements_order":"","neve_meta_disable_header":"","neve_meta_disable_footer":"","neve_meta_disable_title":"","neve_meta_reading_time":""},"product_brand":[],"product_cat":[89],"product_tag":[],"class_list":{"0":"post-3787","1":"product","2":"type-product","3":"status-publish","4":"has-post-thumbnail","6":"product_cat-sante","8":"first","9":"instock","10":"shipping-taxable","11":"product-type-external"},"yoast_head":"<!-- This site is optimized with the Yoast SEO plugin v27.4 - https:\/\/yoast.com\/product\/yoast-seo-wordpress\/ -->\n<title>Redusugar - Clinica Althea<\/title>\n<meta name=\"robots\" content=\"index, follow, max-snippet:-1, max-image-preview:large, max-video-preview:-1\" \/>\n<link rel=\"canonical\" href=\"https:\/\/www.clinicaalthea.com\/farmacia\/fr\/apt\/redusugar\/\" \/>\n<meta property=\"og:locale\" content=\"pl_PL\" \/>\n<meta property=\"og:type\" content=\"article\" \/>\n<meta property=\"og:title\" content=\"Redusugar - Clinica Althea\" \/>\n<meta property=\"og:description\" content=\"56.00 \u20ac 112.00 \u20ac\" \/>\n<meta property=\"og:url\" content=\"https:\/\/www.clinicaalthea.com\/farmacia\/fr\/apt\/redusugar\/\" \/>\n<meta property=\"og:site_name\" content=\"Clinica Althea\" \/>\n<meta property=\"article:modified_time\" content=\"2024-05-04T08:23:44+00:00\" \/>\n<meta property=\"og:image\" content=\"https:\/\/www.clinicaalthea.com\/farmacia\/wp-content\/uploads\/2024\/05\/REDUSUGAR.jpg\" \/>\n\t<meta property=\"og:image:width\" content=\"768\" \/>\n\t<meta property=\"og:image:height\" content=\"768\" \/>\n\t<meta property=\"og:image:type\" content=\"image\/jpeg\" \/>\n<meta name=\"twitter:card\" content=\"summary_large_image\" \/>\n<meta name=\"twitter:label1\" content=\"Szacowany czas czytania\" \/>\n\t<meta name=\"twitter:data1\" content=\"9 minut\" \/>\n<script type=\"application\/ld+json\" class=\"yoast-schema-graph\">{\"@context\":\"https:\\\/\\\/schema.org\",\"@graph\":[{\"@type\":\"WebPage\",\"@id\":\"https:\\\/\\\/www.clinicaalthea.com\\\/farmacia\\\/fr\\\/apt\\\/redusugar\\\/\",\"url\":\"https:\\\/\\\/www.clinicaalthea.com\\\/farmacia\\\/fr\\\/apt\\\/redusugar\\\/\",\"name\":\"Redusugar - Clinica Althea\",\"isPartOf\":{\"@id\":\"https:\\\/\\\/www.clinicaalthea.com\\\/farmacia\\\/#website\"},\"primaryImageOfPage\":{\"@id\":\"https:\\\/\\\/www.clinicaalthea.com\\\/farmacia\\\/fr\\\/apt\\\/redusugar\\\/#primaryimage\"},\"image\":{\"@id\":\"https:\\\/\\\/www.clinicaalthea.com\\\/farmacia\\\/fr\\\/apt\\\/redusugar\\\/#primaryimage\"},\"thumbnailUrl\":\"https:\\\/\\\/www.clinicaalthea.com\\\/farmacia\\\/wp-content\\\/uploads\\\/2024\\\/05\\\/REDUSUGAR.jpg\",\"datePublished\":\"2024-05-04T08:20:32+00:00\",\"dateModified\":\"2024-05-04T08:23:44+00:00\",\"breadcrumb\":{\"@id\":\"https:\\\/\\\/www.clinicaalthea.com\\\/farmacia\\\/fr\\\/apt\\\/redusugar\\\/#breadcrumb\"},\"inLanguage\":\"pl-PL\",\"potentialAction\":[{\"@type\":\"ReadAction\",\"target\":[\"https:\\\/\\\/www.clinicaalthea.com\\\/farmacia\\\/fr\\\/apt\\\/redusugar\\\/\"]}]},{\"@type\":\"ImageObject\",\"inLanguage\":\"pl-PL\",\"@id\":\"https:\\\/\\\/www.clinicaalthea.com\\\/farmacia\\\/fr\\\/apt\\\/redusugar\\\/#primaryimage\",\"url\":\"https:\\\/\\\/www.clinicaalthea.com\\\/farmacia\\\/wp-content\\\/uploads\\\/2024\\\/05\\\/REDUSUGAR.jpg\",\"contentUrl\":\"https:\\\/\\\/www.clinicaalthea.com\\\/farmacia\\\/wp-content\\\/uploads\\\/2024\\\/05\\\/REDUSUGAR.jpg\",\"width\":768,\"height\":768,\"caption\":\"REDUSUGAR\"},{\"@type\":\"BreadcrumbList\",\"@id\":\"https:\\\/\\\/www.clinicaalthea.com\\\/farmacia\\\/fr\\\/apt\\\/redusugar\\\/#breadcrumb\",\"itemListElement\":[{\"@type\":\"ListItem\",\"position\":1,\"name\":\"Strona g\u0142\u00f3wna\",\"item\":\"https:\\\/\\\/www.clinicaalthea.com\\\/farmacia\\\/\"},{\"@type\":\"ListItem\",\"position\":2,\"name\":\"Produkty\",\"item\":\"https:\\\/\\\/www.clinicaalthea.com\\\/farmacia\\\/\"},{\"@type\":\"ListItem\",\"position\":3,\"name\":\"Redusugar\"}]},{\"@type\":\"WebSite\",\"@id\":\"https:\\\/\\\/www.clinicaalthea.com\\\/farmacia\\\/#website\",\"url\":\"https:\\\/\\\/www.clinicaalthea.com\\\/farmacia\\\/\",\"name\":\"Clinica Althea\",\"description\":\"\",\"publisher\":{\"@id\":\"https:\\\/\\\/www.clinicaalthea.com\\\/farmacia\\\/#organization\"},\"potentialAction\":[{\"@type\":\"SearchAction\",\"target\":{\"@type\":\"EntryPoint\",\"urlTemplate\":\"https:\\\/\\\/www.clinicaalthea.com\\\/farmacia\\\/?s={search_term_string}\"},\"query-input\":{\"@type\":\"PropertyValueSpecification\",\"valueRequired\":true,\"valueName\":\"search_term_string\"}}],\"inLanguage\":\"pl-PL\"},{\"@type\":\"Organization\",\"@id\":\"https:\\\/\\\/www.clinicaalthea.com\\\/farmacia\\\/#organization\",\"name\":\"Clinica Althea\",\"url\":\"https:\\\/\\\/www.clinicaalthea.com\\\/farmacia\\\/\",\"logo\":{\"@type\":\"ImageObject\",\"inLanguage\":\"pl-PL\",\"@id\":\"https:\\\/\\\/www.clinicaalthea.com\\\/farmacia\\\/#\\\/schema\\\/logo\\\/image\\\/\",\"url\":\"https:\\\/\\\/www.clinicaalthea.com\\\/farmacia\\\/wp-content\\\/uploads\\\/2023\\\/12\\\/Jak-diagnozuje-sie-FAS_-objawy-kryteria-diagnostyczne-i-metody-diagnozowania-154162903.jpg\",\"contentUrl\":\"https:\\\/\\\/www.clinicaalthea.com\\\/farmacia\\\/wp-content\\\/uploads\\\/2023\\\/12\\\/Jak-diagnozuje-sie-FAS_-objawy-kryteria-diagnostyczne-i-metody-diagnozowania-154162903.jpg\",\"width\":1216,\"height\":832,\"caption\":\"Clinica Althea\"},\"image\":{\"@id\":\"https:\\\/\\\/www.clinicaalthea.com\\\/farmacia\\\/#\\\/schema\\\/logo\\\/image\\\/\"}}]}<\/script>\n<!-- \/ Yoast SEO plugin. -->","yoast_head_json":{"title":"Redusugar - Clinica Althea","robots":{"index":"index","follow":"follow","max-snippet":"max-snippet:-1","max-image-preview":"max-image-preview:large","max-video-preview":"max-video-preview:-1"},"canonical":"https:\/\/www.clinicaalthea.com\/farmacia\/fr\/apt\/redusugar\/","og_locale":"pl_PL","og_type":"article","og_title":"Redusugar - Clinica Althea","og_description":"56.00 \u20ac 112.00 \u20ac","og_url":"https:\/\/www.clinicaalthea.com\/farmacia\/fr\/apt\/redusugar\/","og_site_name":"Clinica Althea","article_modified_time":"2024-05-04T08:23:44+00:00","og_image":[{"width":768,"height":768,"url":"https:\/\/www.clinicaalthea.com\/farmacia\/wp-content\/uploads\/2024\/05\/REDUSUGAR.jpg","type":"image\/jpeg"}],"twitter_card":"summary_large_image","twitter_misc":{"Szacowany czas czytania":"9 minut"},"schema":{"@context":"https:\/\/schema.org","@graph":[{"@type":"WebPage","@id":"https:\/\/www.clinicaalthea.com\/farmacia\/fr\/apt\/redusugar\/","url":"https:\/\/www.clinicaalthea.com\/farmacia\/fr\/apt\/redusugar\/","name":"Redusugar - Clinica Althea","isPartOf":{"@id":"https:\/\/www.clinicaalthea.com\/farmacia\/#website"},"primaryImageOfPage":{"@id":"https:\/\/www.clinicaalthea.com\/farmacia\/fr\/apt\/redusugar\/#primaryimage"},"image":{"@id":"https:\/\/www.clinicaalthea.com\/farmacia\/fr\/apt\/redusugar\/#primaryimage"},"thumbnailUrl":"https:\/\/www.clinicaalthea.com\/farmacia\/wp-content\/uploads\/2024\/05\/REDUSUGAR.jpg","datePublished":"2024-05-04T08:20:32+00:00","dateModified":"2024-05-04T08:23:44+00:00","breadcrumb":{"@id":"https:\/\/www.clinicaalthea.com\/farmacia\/fr\/apt\/redusugar\/#breadcrumb"},"inLanguage":"pl-PL","potentialAction":[{"@type":"ReadAction","target":["https:\/\/www.clinicaalthea.com\/farmacia\/fr\/apt\/redusugar\/"]}]},{"@type":"ImageObject","inLanguage":"pl-PL","@id":"https:\/\/www.clinicaalthea.com\/farmacia\/fr\/apt\/redusugar\/#primaryimage","url":"https:\/\/www.clinicaalthea.com\/farmacia\/wp-content\/uploads\/2024\/05\/REDUSUGAR.jpg","contentUrl":"https:\/\/www.clinicaalthea.com\/farmacia\/wp-content\/uploads\/2024\/05\/REDUSUGAR.jpg","width":768,"height":768,"caption":"REDUSUGAR"},{"@type":"BreadcrumbList","@id":"https:\/\/www.clinicaalthea.com\/farmacia\/fr\/apt\/redusugar\/#breadcrumb","itemListElement":[{"@type":"ListItem","position":1,"name":"Strona g\u0142\u00f3wna","item":"https:\/\/www.clinicaalthea.com\/farmacia\/"},{"@type":"ListItem","position":2,"name":"Produkty","item":"https:\/\/www.clinicaalthea.com\/farmacia\/"},{"@type":"ListItem","position":3,"name":"Redusugar"}]},{"@type":"WebSite","@id":"https:\/\/www.clinicaalthea.com\/farmacia\/#website","url":"https:\/\/www.clinicaalthea.com\/farmacia\/","name":"Clinica Althea","description":"","publisher":{"@id":"https:\/\/www.clinicaalthea.com\/farmacia\/#organization"},"potentialAction":[{"@type":"SearchAction","target":{"@type":"EntryPoint","urlTemplate":"https:\/\/www.clinicaalthea.com\/farmacia\/?s={search_term_string}"},"query-input":{"@type":"PropertyValueSpecification","valueRequired":true,"valueName":"search_term_string"}}],"inLanguage":"pl-PL"},{"@type":"Organization","@id":"https:\/\/www.clinicaalthea.com\/farmacia\/#organization","name":"Clinica Althea","url":"https:\/\/www.clinicaalthea.com\/farmacia\/","logo":{"@type":"ImageObject","inLanguage":"pl-PL","@id":"https:\/\/www.clinicaalthea.com\/farmacia\/#\/schema\/logo\/image\/","url":"https:\/\/www.clinicaalthea.com\/farmacia\/wp-content\/uploads\/2023\/12\/Jak-diagnozuje-sie-FAS_-objawy-kryteria-diagnostyczne-i-metody-diagnozowania-154162903.jpg","contentUrl":"https:\/\/www.clinicaalthea.com\/farmacia\/wp-content\/uploads\/2023\/12\/Jak-diagnozuje-sie-FAS_-objawy-kryteria-diagnostyczne-i-metody-diagnozowania-154162903.jpg","width":1216,"height":832,"caption":"Clinica Althea"},"image":{"@id":"https:\/\/www.clinicaalthea.com\/farmacia\/#\/schema\/logo\/image\/"}}]}},"lang":"fr","translations":{"fr":3787,"cs":3784,"pl":3782,"de":3785,"es":3786,"hu":3788,"it":3789,"nl":3790,"sk":3791},"pll_sync_post":[],"_links":{"self":[{"href":"https:\/\/www.clinicaalthea.com\/farmacia\/wp-json\/wp\/v2\/product\/3787","targetHints":{"allow":["GET"]}}],"collection":[{"href":"https:\/\/www.clinicaalthea.com\/farmacia\/wp-json\/wp\/v2\/product"}],"about":[{"href":"https:\/\/www.clinicaalthea.com\/farmacia\/wp-json\/wp\/v2\/types\/product"}],"replies":[{"embeddable":true,"href":"https:\/\/www.clinicaalthea.com\/farmacia\/wp-json\/wp\/v2\/comments?post=3787"}],"wp:featuredmedia":[{"embeddable":true,"href":"https:\/\/www.clinicaalthea.com\/farmacia\/wp-json\/wp\/v2\/media\/3783"}],"wp:attachment":[{"href":"https:\/\/www.clinicaalthea.com\/farmacia\/wp-json\/wp\/v2\/media?parent=3787"}],"wp:term":[{"taxonomy":"product_brand","embeddable":true,"href":"https:\/\/www.clinicaalthea.com\/farmacia\/wp-json\/wp\/v2\/product_brand?post=3787"},{"taxonomy":"product_cat","embeddable":true,"href":"https:\/\/www.clinicaalthea.com\/farmacia\/wp-json\/wp\/v2\/product_cat?post=3787"},{"taxonomy":"product_tag","embeddable":true,"href":"https:\/\/www.clinicaalthea.com\/farmacia\/wp-json\/wp\/v2\/product_tag?post=3787"}],"curies":[{"name":"wp","href":"https:\/\/api.w.org\/{rel}","templated":true}]}}