{"id":3785,"date":"2024-05-04T09:19:01","date_gmt":"2024-05-04T08:19:01","guid":{"rendered":"https:\/\/mayoguide.org\/produkty\/?post_type=product&#038;p=3785"},"modified":"2024-05-04T09:23:44","modified_gmt":"2024-05-04T08:23:44","slug":"redusugar","status":"publish","type":"product","link":"https:\/\/www.clinicaalthea.com\/farmacia\/de\/apt\/redusugar\/","title":{"rendered":"Redusugar"},"content":{"rendered":"\n<p>Haben Sie Probleme mit Ihrem Blutzuckerspiegel? Fragen Sie sich, wie Sie Ihren <b>Blutzuckerspiegel<\/b> auf nat\u00fcrliche Weise kontrollieren k\u00f6nnen? Dann sollten Sie sich das Nahrungserg\u00e4nzungsmittel <b>Redusugar<\/b> einmal genauer ansehen.<\/p>\n\n\n\n<h2 class=\"wp-block-heading\" id=\"h-czym-jest-redusugar-i-jak-dziala\">Was ist Redusugar und wie wirkt es?<\/h2>\n\n\n\n<p>Redusugar ist ein <b>Nahrungserg\u00e4nzungsmittel<\/b>, das zur Unterst\u00fctzung der Blutzuckerkontrolle entwickelt wurde. Das Produkt basiert auf Pflanzenextrakten, die synergetisch wirken, um einen normalen Blutzuckerspiegel aufrechtzuerhalten, die Insulinresistenz zu verbessern und das Diabetesrisiko zu verringern.<\/p>\n\n\n\n<p>Einer der Hauptbestandteile von Redusugar ist die <b>indische Berberitze<\/b>, die eine positive Wirkung auf die Blutzuckerkontrolle hat. <b>Wei\u00dfe Maulbeere<\/b> reguliert den Kohlenhydratstoffwechsel und <b>Ingwer<\/b> hilft, den <b>Blutzuckerspiegel<\/b> zu senken. <b>Duftender Zimt<\/b> stimuliert die Insulinrezeptoren, w\u00e4hrend <b>Bockshornklee<\/b> die Empfindlichkeit der Zellen gegen\u00fcber Insulin erh\u00f6ht. <b>L\u00f6wenzahn<\/b> f\u00f6rdert die Verdauung und <b>Gr\u00fcnteebl\u00e4tter<\/b> haben antioxidative Eigenschaften.<\/p>\n\n\n\n<p>Mit seinen starken antioxidativen und kohlenhydratregulierenden Eigenschaften unterst\u00fctzt Redusugar die Blutzuckerkontrolle, verbessert die allgemeine Gesundheit des K\u00f6rpers und verringert das Diabetesrisiko.<\/p>\n\n\n\n<h2 class=\"wp-block-heading\" id=\"h-redusugar-efekty\">Redusugar &#8211; Wirkungen<\/h2>\n\n\n\n<p>Die regelm\u00e4\u00dfige <b>Einnahme<\/b> des Nahrungserg\u00e4nzungsmittels Redusugar kann zahlreiche Vorteile und Wirkungen haben. Zu den wichtigsten Wirkungen geh\u00f6ren:<\/p>\n\n\n\n<figure class=\"wp-block-table\"><table><tbody><tr><th>Wirkungen<\/th><th>Beschreibung<\/th><\/tr><tr><td>Unterst\u00fctzung der Blutzuckerkontrolle<\/td><td>Das Nahrungserg\u00e4nzungsmittel Redusugar tr\u00e4gt zur Aufrechterhaltung eines gesunden Blutzuckerspiegels bei, was f\u00fcr Menschen mit Typ-2-Diabetes oder f\u00fcr diejenigen, die ihren <b>Blutzucker<\/b> auf nat\u00fcrliche Weise kontrollieren wollen, wichtig ist.<\/td><\/tr><tr><td>Verbesserung der Insulinresistenz<\/td><td>Die Wirkstoffe von Redusugar tragen dazu bei, die Insulinempfindlichkeit zu verbessern, was dem Glukosestoffwechsel zugute kommt.<\/td><\/tr><tr><td>Verringerung des Risikos von Typ-2-Diabetes<\/td><td>Die regelm\u00e4\u00dfige <b>Einnahme<\/b> des Nahrungserg\u00e4nzungsmittels kann dazu beitragen, das Risiko, an Typ-2-Diabetes zu erkranken, zu verringern, vor allem bei Menschen, die f\u00fcr diese Krankheit pr\u00e4disponiert sind.<\/td><\/tr><tr><td>Verbesserung der Herzgesundheit<\/td><td>Die Inhaltsstoffe von Redusugar wirken sich positiv auf das Herz-Kreislauf-System aus, unterst\u00fctzen die Herzgesundheit und verringern das Risiko von Herz-Kreislauf-Erkrankungen.<\/td><\/tr><tr><td>Gewichtsregulierung<\/td><td><b>Das Nahrungserg\u00e4nzungsmittel<\/b> Redusugar kann die Gewichtsabnahme unterst\u00fctzen, indem es den Blutzuckerspiegel kontrolliert und den Stoffwechsel beeinflusst.<\/td><\/tr><tr><td>Pr\u00e4vention von Diabetes-Komplikationen<\/td><td>Eine Nahrungserg\u00e4nzung mit Redusugar kann dazu beitragen, Diabetes-Komplikationen wie diabetische Retinopathie, Neuropathie, Nephropathie und Herz-Kreislauf-Erkrankungen zu verhindern.<\/td><\/tr><tr><td>Kontrolle der allgemeinen Gesundheit<\/td><td>Redusugar unterst\u00fctzt nicht nur die Blutzuckerkontrolle, sondern st\u00e4rkt auch den K\u00f6rper und f\u00e4ngt freie Radikale ab, was der allgemeinen Gesundheit zugute kommt.<\/td><\/tr><\/tbody><\/table><\/figure>\n\n\n\n<p>Die Wirkstoffe des Nahrungserg\u00e4nzungsmittels unterst\u00fctzen die Aufrechterhaltung eines normalen Blutzuckerspiegels, verbessern die Insulinempfindlichkeit, hemmen die Aufnahme von Zucker aus der Nahrung in das Blut, senken den Blutzuckerspiegel, beseitigen freie Radikale und st\u00e4rken den K\u00f6rper.<\/p>\n\n\n\n<h2 class=\"wp-block-heading\" id=\"h-jak-stosowac-redusugar-dawkowanie-i-zalecenia\">Wie wird Redusugar verwendet? &#8211; Dosierung und Empfehlungen<\/h2>\n\n\n\n<p>Die empfohlene <b>Dosierung von<\/b> Redusugar betr\u00e4gt 2 Kapseln pro Tag. Sie sollten mit einem Glas Wasser eingenommen werden. Das Erg\u00e4nzungsmittel kann unabh\u00e4ngig von einer Mahlzeit eingenommen werden. Die empfohlene Tagesdosis sollte nicht \u00fcberschritten werden. Das <b>Nahrungserg\u00e4nzungsmittel<\/b> darf nicht als Ersatz f\u00fcr eine abwechslungsreiche Ern\u00e4hrung verwendet werden. <\/p>\n\n\n\n<p>Eine ausgewogene Ern\u00e4hrung und eine gesunde Lebensweise werden empfohlen. Es ist immer ratsam, Ihren Arzt zu konsultieren, bevor Sie mit der Nahrungserg\u00e4nzung beginnen, insbesondere wenn Sie gesundheitliche Probleme haben oder andere Medikamente einnehmen.<\/p>\n\n\n\n<h2 class=\"wp-block-heading\" id=\"h-redusugar-opinie-uzytkownikow-forum-co-mowia-uzytkownicy\">Redusugar &#8211; Benutzerbewertungen, Forum &#8211; Was sagen die Benutzer?<\/h2>\n\n\n\n<p>Die R\u00fcckmeldungen der<b>Benutzer des<\/b> Nahrungserg\u00e4nzungsmittels Redusugar sind unterschiedlich. Einige Anwender berichten \u00fcber positive <b>Effekte<\/b> wie Blutzuckerkontrolle, verbessertes allgemeines Wohlbefinden und verminderten Hei\u00dfhunger. Bei anderen Anwendern sind diese Wirkungen nicht so ausgepr\u00e4gt, was auf individuelle Unterschiede im K\u00f6rper zur\u00fcckzuf\u00fchren sein kann. Es ist wichtig zu bedenken, dass das Nahrungserg\u00e4nzungsmittel bei jedem Menschen anders wirkt. Es lohnt sich, die Bewertungen anderer Benutzer zu lesen und Ihren Arzt zu konsultieren, bevor Sie mit der Nahrungserg\u00e4nzung beginnen.<\/p>\n\n\n\n<blockquote class=\"wp-block-quote is-layout-flow wp-block-quote-is-layout-flow\">\n<p>Ein <b>Forumsbenutzer<\/b> schrieb: <em>&#8220;Redusugar hat mir geholfen, einen gesunden Blutzuckerspiegel zu halten. Seit ich es nehme, haben sich meine Blutzuckerwerte stabilisiert und ich f\u00fchle mich besser. Au\u00dferdem ist mein Verlangen nach S\u00fc\u00dfigkeiten zur\u00fcckgegangen, was f\u00fcr die Blutzuckerkontrolle sehr wichtig ist<\/em><\/p>\n<\/blockquote>\n\n\n\n<p>Ein anderer Benutzer teilte seine Meinung und sagte: <em>&#8220;Ich habe unterschiedliche Erfahrungen mit Redusugar gemacht. In den ersten Wochen der Einnahme habe ich eine Verbesserung der Zuckerkontrolle festgestellt, aber mit der Zeit waren meine Ergebnisse nicht mehr so stabil. In meinem Fall hat das Pr\u00e4parat nicht so effektiv gewirkt, wie ich es erwartet h\u00e4tte&#8221;<\/em><\/p>\n\n\n\n<p>Empfehlungen und R\u00fcckmeldungen von anderen Anwendern k\u00f6nnen hilfreich sein, aber es ist wichtig, dass jeder f\u00fcr sich selbst einsch\u00e4tzen kann, wie das Pr\u00e4parat auf seinen K\u00f6rper wirkt. Es ist eine gute Idee, einen Arzt zu konsultieren, bevor man mit der Einnahme eines Nahrungserg\u00e4nzungsmittels beginnt, um eine Expertenmeinung und entsprechende <b>Empfehlungen<\/b> zu erhalten.<\/p>\n\n\n\n<figure class=\"wp-block-table\"><table><tbody><tr><th>Nutzerbewertungen<\/th><th>Vorteile<\/th><th>Nachteile<\/th><\/tr><tr><td>Positiv<\/td><td>&#8211; Kontrolle des Blutzuckerspiegels<br>&#8211; Verbessertes allgemeines Wohlbefinden<br>&#8211; Verringerung von Hei\u00dfhungerattacken<\/td><td>&#8211; Wirksamkeit kann von Person zu Person variieren<\/td><\/tr><tr><td>Negativ<\/td><td>&#8211; Mangelnde Stabilit\u00e4t der Wirkung<br>&#8211; Begrenzte Wirksamkeit<\/td><td>&#8211; Wirkt m\u00f6glicherweise nicht so effektiv wie erwartet<\/td><\/tr><\/tbody><\/table><\/figure>\n\n\n\n<h2 class=\"wp-block-heading\" id=\"h-redusugar-sklad-co-zawiera\">Redusugar &#8211; Zusammensetzung &#8211; Was enth\u00e4lt es?<\/h2>\n\n\n\n<p>Redusugar ist ein Nahrungserg\u00e4nzungsmittel mit einer einzigartigen Mischung von Wirkstoffen zur Unterst\u00fctzung der Blutzuckerkontrolle und der allgemeinen Gesundheit des K\u00f6rpers. Die wichtigsten Inhaltsstoffe, aus denen Redusugar besteht, sind<\/p>\n\n\n\n<ul class=\"wp-block-list\">\n<li><em>Extrakt aus der indischen Berberitzenwurzel:<\/em> enth\u00e4lt Substanzen, die die Blutzuckerkontrolle und die antioxidative Wirkung unterst\u00fctzen.<\/li>\n\n\n\n<li>Extrakt aus<em>wei\u00dfen Maulbeerbl\u00e4ttern<\/em>: reguliert den Kohlenhydratstoffwechsel und tr\u00e4gt zur Aufrechterhaltung eines normalen Blutzuckerspiegels bei.<\/li>\n\n\n\n<li><em>Ingwerwurzelextrakt<\/em>: senkt den Blutzuckerspiegel und hat eine antioxidative Wirkung.<\/li>\n\n\n\n<li>Extrakt aus duftender<em>Zimtrinde<\/em>: stimuliert die Insulinrezeptoren und reguliert den Blutzuckerspiegel.<\/li>\n\n\n\n<li>Extrakt aus<em>L\u00f6wenzahnwurzeln<\/em>: unterst\u00fctzt die Verdauungsprozesse und kann helfen, den Blutzuckerspiegel zu kontrollieren.<\/li>\n\n\n\n<li><em>Bockshornkleesamen-Extrakt<\/em>: erh\u00f6ht die Empfindlichkeit der Zellen gegen\u00fcber Insulin und beeinflusst den Zuckerstoffwechsel.<\/li>\n\n\n\n<li><em>Inulin<\/em>: ein pflanzlicher Ballaststoff, der zur Regulierung des Blutzuckerspiegels und zur Verbesserung der Darmgesundheit beitragen kann.<\/li>\n\n\n\n<li><em>Extrakt aus gr\u00fcnen Teebl\u00e4ttern<\/em>: reich an Antioxidantien, die die Gesundheit des Herzens unterst\u00fctzen und zur Regulierung des Blutzuckerspiegels beitragen k\u00f6nnen.<\/li>\n\n\n\n<li><em>Chrom<\/em>: ein Mikron\u00e4hrstoff, der f\u00fcr das reibungslose Funktionieren des K\u00f6rpers unerl\u00e4sslich ist und zur Aufrechterhaltung eines stabilen Blutzuckerspiegels beitragen kann.<\/li>\n<\/ul>\n\n\n\n<p>Jeder dieser Inhaltsstoffe wurde sorgf\u00e4ltig ausgew\u00e4hlt, um synergetisch zu wirken und die Blutzuckerkontrolle zu unterst\u00fctzen, die Insulinresistenz zu verbessern und die allgemeine Gesundheit zu f\u00f6rdern.<\/p>\n\n\n\n<h2 class=\"wp-block-heading\" id=\"h-gdzie-kupic-redusugar-cena\">Wo kann man Redusugar kaufen &#8211; Preis<\/h2>\n\n\n\n<p>Das Nahrungserg\u00e4nzungsmittel Redusucgar kann auf der offiziellen Website des Herstellers erworben werden. Der <b>Preis des<\/b> Nahrungserg\u00e4nzungsmittels kann variieren, daher ist es immer ratsam, auf der offiziellen Website des Herstellers nach aktuellen Preisinformationen zu suchen. <\/p>\n\n\n\n<p>Es wird empfohlen, das Pr\u00e4parat nur auf der offiziellen Website des Herstellers <b>zu kaufen<\/b>, um sicherzustellen, dass Sie das Originalprodukt erhalten.<\/p>\n\n\n\n<p><em>Wir empfehlen Ihnen, das Nahrungserg\u00e4nzungsmittel Redusugar nur auf der offiziellen Website des Herstellers zu kaufen, denn nur dort k\u00f6nnen Sie sicher sein, dass Sie das Originalprodukt erhalten. Au\u00dferdem k\u00f6nnen Sie auf der Website des Herstellers die neuesten Informationen \u00fcber Preise und Sonderangebote finden.<\/em><\/p>\n\n\n\n<h2 class=\"wp-block-heading\" id=\"h-redusugar-skutki-uboczne-i-przeciwwskazania\">Redusugar &#8211; Nebenwirkungen und Kontraindikationen<\/h2>\n\n\n\n<p>Redusugar ist ein Nahrungserg\u00e4nzungsmittel, das auf nat\u00fcrlichen Inhaltsstoffen basiert und daher in der Regel keine Nebenwirkungen verursacht. Es ist jedoch wichtig, daran zu denken, dass jeder K\u00f6rper anders auf Nahrungserg\u00e4nzungsmittel reagieren kann. Es ist ratsam, Ihren Arzt zu konsultieren, wenn Sie irgendwelche unerw\u00fcnschten Symptome oder Bedenken haben.<\/p>\n\n\n\n<p>Redusugar wird nicht f\u00fcr Personen empfohlen, die auf einen der Inhaltsstoffe allergisch reagieren. Es ist immer ratsam, die Packungsbeilage zu lesen und die Empfehlungen des Herstellers zu befolgen, bevor Sie mit der Nahrungserg\u00e4nzung beginnen.<\/p>\n\n\n\n<p>Es ist wichtig zu bedenken, dass Nahrungserg\u00e4nzungsmittel nicht f\u00fcr jeden geeignet sind. Personen, die bereits an einer Krankheit leiden oder andere Medikamente einnehmen, sollten ihren Arzt konsultieren, bevor sie mit der Einnahme von Redusugar beginnen. Der Arzt kann die <b>Dosierung<\/b> anpassen oder andere geeignete Erg\u00e4nzungsmittel empfehlen. Auch Schwangere und stillende M\u00fctter sollten vor der Einnahme des Nahrungserg\u00e4nzungsmittels einen Arzt konsultieren.<\/p>\n\n\n\n<p>Um Gefahren zu vermeiden, sollten Sie die empfohlene Tagesdosis von Redusugar nicht \u00fcberschreiten. Seien Sie vorsichtig und verwenden Sie das Erg\u00e4nzungsmittel wie vorgeschrieben. Denken Sie daran, dass Nahrungserg\u00e4nzungsmittel kein Ersatz f\u00fcr eine ausgewogene Ern\u00e4hrung oder eine gesunde Lebensweise sind. Wenn Sie Zweifel oder Fragen zu den Nebenwirkungen von Nahrungserg\u00e4nzungsmitteln haben, wenden Sie sich an Ihren Arzt.<\/p>\n","protected":false},"excerpt":{"rendered":"<p><strong>56.00 \u20ac<\/strong><\/p>\n<p><del>112.00 \u20ac<\/del><\/p>\n<p><strong>[date_countdown]<\/strong><\/p>\n","protected":false},"featured_media":3783,"comment_status":"open","ping_status":"closed","template":"","meta":{"neve_meta_sidebar":"","neve_meta_container":"","neve_meta_enable_content_width":"","neve_meta_content_width":0,"neve_meta_title_alignment":"","neve_meta_author_avatar":"","neve_post_elements_order":"","neve_meta_disable_header":"","neve_meta_disable_footer":"","neve_meta_disable_title":"","neve_meta_reading_time":""},"product_brand":[],"product_cat":[33],"product_tag":[],"class_list":{"0":"post-3785","1":"product","2":"type-product","3":"status-publish","4":"has-post-thumbnail","6":"product_cat-gesundheit","8":"first","9":"instock","10":"shipping-taxable","11":"product-type-external"},"yoast_head":"<!-- This site is optimized with the Yoast SEO plugin v27.4 - https:\/\/yoast.com\/product\/yoast-seo-wordpress\/ -->\n<title>Redusugar - Clinica Althea<\/title>\n<meta name=\"robots\" content=\"index, follow, max-snippet:-1, max-image-preview:large, max-video-preview:-1\" \/>\n<link rel=\"canonical\" href=\"https:\/\/www.clinicaalthea.com\/farmacia\/de\/apt\/redusugar\/\" \/>\n<meta property=\"og:locale\" content=\"pl_PL\" \/>\n<meta property=\"og:type\" content=\"article\" \/>\n<meta property=\"og:title\" content=\"Redusugar - Clinica Althea\" \/>\n<meta property=\"og:description\" content=\"56.00 \u20ac 112.00 \u20ac\" \/>\n<meta property=\"og:url\" content=\"https:\/\/www.clinicaalthea.com\/farmacia\/de\/apt\/redusugar\/\" \/>\n<meta property=\"og:site_name\" content=\"Clinica Althea\" \/>\n<meta property=\"article:modified_time\" content=\"2024-05-04T08:23:44+00:00\" \/>\n<meta property=\"og:image\" content=\"https:\/\/www.clinicaalthea.com\/farmacia\/wp-content\/uploads\/2024\/05\/REDUSUGAR.jpg\" \/>\n\t<meta property=\"og:image:width\" content=\"768\" \/>\n\t<meta property=\"og:image:height\" content=\"768\" \/>\n\t<meta property=\"og:image:type\" content=\"image\/jpeg\" \/>\n<meta name=\"twitter:card\" content=\"summary_large_image\" \/>\n<meta name=\"twitter:label1\" content=\"Szacowany czas czytania\" \/>\n\t<meta name=\"twitter:data1\" content=\"8 minut\" \/>\n<script type=\"application\/ld+json\" class=\"yoast-schema-graph\">{\"@context\":\"https:\\\/\\\/schema.org\",\"@graph\":[{\"@type\":\"WebPage\",\"@id\":\"https:\\\/\\\/www.clinicaalthea.com\\\/farmacia\\\/de\\\/apt\\\/redusugar\\\/\",\"url\":\"https:\\\/\\\/www.clinicaalthea.com\\\/farmacia\\\/de\\\/apt\\\/redusugar\\\/\",\"name\":\"Redusugar - Clinica Althea\",\"isPartOf\":{\"@id\":\"https:\\\/\\\/www.clinicaalthea.com\\\/farmacia\\\/#website\"},\"primaryImageOfPage\":{\"@id\":\"https:\\\/\\\/www.clinicaalthea.com\\\/farmacia\\\/de\\\/apt\\\/redusugar\\\/#primaryimage\"},\"image\":{\"@id\":\"https:\\\/\\\/www.clinicaalthea.com\\\/farmacia\\\/de\\\/apt\\\/redusugar\\\/#primaryimage\"},\"thumbnailUrl\":\"https:\\\/\\\/www.clinicaalthea.com\\\/farmacia\\\/wp-content\\\/uploads\\\/2024\\\/05\\\/REDUSUGAR.jpg\",\"datePublished\":\"2024-05-04T08:19:01+00:00\",\"dateModified\":\"2024-05-04T08:23:44+00:00\",\"breadcrumb\":{\"@id\":\"https:\\\/\\\/www.clinicaalthea.com\\\/farmacia\\\/de\\\/apt\\\/redusugar\\\/#breadcrumb\"},\"inLanguage\":\"pl-PL\",\"potentialAction\":[{\"@type\":\"ReadAction\",\"target\":[\"https:\\\/\\\/www.clinicaalthea.com\\\/farmacia\\\/de\\\/apt\\\/redusugar\\\/\"]}]},{\"@type\":\"ImageObject\",\"inLanguage\":\"pl-PL\",\"@id\":\"https:\\\/\\\/www.clinicaalthea.com\\\/farmacia\\\/de\\\/apt\\\/redusugar\\\/#primaryimage\",\"url\":\"https:\\\/\\\/www.clinicaalthea.com\\\/farmacia\\\/wp-content\\\/uploads\\\/2024\\\/05\\\/REDUSUGAR.jpg\",\"contentUrl\":\"https:\\\/\\\/www.clinicaalthea.com\\\/farmacia\\\/wp-content\\\/uploads\\\/2024\\\/05\\\/REDUSUGAR.jpg\",\"width\":768,\"height\":768,\"caption\":\"REDUSUGAR\"},{\"@type\":\"BreadcrumbList\",\"@id\":\"https:\\\/\\\/www.clinicaalthea.com\\\/farmacia\\\/de\\\/apt\\\/redusugar\\\/#breadcrumb\",\"itemListElement\":[{\"@type\":\"ListItem\",\"position\":1,\"name\":\"Strona g\u0142\u00f3wna\",\"item\":\"https:\\\/\\\/www.clinicaalthea.com\\\/farmacia\\\/\"},{\"@type\":\"ListItem\",\"position\":2,\"name\":\"Produkty\",\"item\":\"https:\\\/\\\/www.clinicaalthea.com\\\/farmacia\\\/\"},{\"@type\":\"ListItem\",\"position\":3,\"name\":\"Redusugar\"}]},{\"@type\":\"WebSite\",\"@id\":\"https:\\\/\\\/www.clinicaalthea.com\\\/farmacia\\\/#website\",\"url\":\"https:\\\/\\\/www.clinicaalthea.com\\\/farmacia\\\/\",\"name\":\"Clinica Althea\",\"description\":\"\",\"publisher\":{\"@id\":\"https:\\\/\\\/www.clinicaalthea.com\\\/farmacia\\\/#organization\"},\"potentialAction\":[{\"@type\":\"SearchAction\",\"target\":{\"@type\":\"EntryPoint\",\"urlTemplate\":\"https:\\\/\\\/www.clinicaalthea.com\\\/farmacia\\\/?s={search_term_string}\"},\"query-input\":{\"@type\":\"PropertyValueSpecification\",\"valueRequired\":true,\"valueName\":\"search_term_string\"}}],\"inLanguage\":\"pl-PL\"},{\"@type\":\"Organization\",\"@id\":\"https:\\\/\\\/www.clinicaalthea.com\\\/farmacia\\\/#organization\",\"name\":\"Clinica Althea\",\"url\":\"https:\\\/\\\/www.clinicaalthea.com\\\/farmacia\\\/\",\"logo\":{\"@type\":\"ImageObject\",\"inLanguage\":\"pl-PL\",\"@id\":\"https:\\\/\\\/www.clinicaalthea.com\\\/farmacia\\\/#\\\/schema\\\/logo\\\/image\\\/\",\"url\":\"https:\\\/\\\/www.clinicaalthea.com\\\/farmacia\\\/wp-content\\\/uploads\\\/2023\\\/12\\\/Jak-diagnozuje-sie-FAS_-objawy-kryteria-diagnostyczne-i-metody-diagnozowania-154162903.jpg\",\"contentUrl\":\"https:\\\/\\\/www.clinicaalthea.com\\\/farmacia\\\/wp-content\\\/uploads\\\/2023\\\/12\\\/Jak-diagnozuje-sie-FAS_-objawy-kryteria-diagnostyczne-i-metody-diagnozowania-154162903.jpg\",\"width\":1216,\"height\":832,\"caption\":\"Clinica Althea\"},\"image\":{\"@id\":\"https:\\\/\\\/www.clinicaalthea.com\\\/farmacia\\\/#\\\/schema\\\/logo\\\/image\\\/\"}}]}<\/script>\n<!-- \/ Yoast SEO plugin. -->","yoast_head_json":{"title":"Redusugar - Clinica Althea","robots":{"index":"index","follow":"follow","max-snippet":"max-snippet:-1","max-image-preview":"max-image-preview:large","max-video-preview":"max-video-preview:-1"},"canonical":"https:\/\/www.clinicaalthea.com\/farmacia\/de\/apt\/redusugar\/","og_locale":"pl_PL","og_type":"article","og_title":"Redusugar - Clinica Althea","og_description":"56.00 \u20ac 112.00 \u20ac","og_url":"https:\/\/www.clinicaalthea.com\/farmacia\/de\/apt\/redusugar\/","og_site_name":"Clinica Althea","article_modified_time":"2024-05-04T08:23:44+00:00","og_image":[{"width":768,"height":768,"url":"https:\/\/www.clinicaalthea.com\/farmacia\/wp-content\/uploads\/2024\/05\/REDUSUGAR.jpg","type":"image\/jpeg"}],"twitter_card":"summary_large_image","twitter_misc":{"Szacowany czas czytania":"8 minut"},"schema":{"@context":"https:\/\/schema.org","@graph":[{"@type":"WebPage","@id":"https:\/\/www.clinicaalthea.com\/farmacia\/de\/apt\/redusugar\/","url":"https:\/\/www.clinicaalthea.com\/farmacia\/de\/apt\/redusugar\/","name":"Redusugar - Clinica Althea","isPartOf":{"@id":"https:\/\/www.clinicaalthea.com\/farmacia\/#website"},"primaryImageOfPage":{"@id":"https:\/\/www.clinicaalthea.com\/farmacia\/de\/apt\/redusugar\/#primaryimage"},"image":{"@id":"https:\/\/www.clinicaalthea.com\/farmacia\/de\/apt\/redusugar\/#primaryimage"},"thumbnailUrl":"https:\/\/www.clinicaalthea.com\/farmacia\/wp-content\/uploads\/2024\/05\/REDUSUGAR.jpg","datePublished":"2024-05-04T08:19:01+00:00","dateModified":"2024-05-04T08:23:44+00:00","breadcrumb":{"@id":"https:\/\/www.clinicaalthea.com\/farmacia\/de\/apt\/redusugar\/#breadcrumb"},"inLanguage":"pl-PL","potentialAction":[{"@type":"ReadAction","target":["https:\/\/www.clinicaalthea.com\/farmacia\/de\/apt\/redusugar\/"]}]},{"@type":"ImageObject","inLanguage":"pl-PL","@id":"https:\/\/www.clinicaalthea.com\/farmacia\/de\/apt\/redusugar\/#primaryimage","url":"https:\/\/www.clinicaalthea.com\/farmacia\/wp-content\/uploads\/2024\/05\/REDUSUGAR.jpg","contentUrl":"https:\/\/www.clinicaalthea.com\/farmacia\/wp-content\/uploads\/2024\/05\/REDUSUGAR.jpg","width":768,"height":768,"caption":"REDUSUGAR"},{"@type":"BreadcrumbList","@id":"https:\/\/www.clinicaalthea.com\/farmacia\/de\/apt\/redusugar\/#breadcrumb","itemListElement":[{"@type":"ListItem","position":1,"name":"Strona g\u0142\u00f3wna","item":"https:\/\/www.clinicaalthea.com\/farmacia\/"},{"@type":"ListItem","position":2,"name":"Produkty","item":"https:\/\/www.clinicaalthea.com\/farmacia\/"},{"@type":"ListItem","position":3,"name":"Redusugar"}]},{"@type":"WebSite","@id":"https:\/\/www.clinicaalthea.com\/farmacia\/#website","url":"https:\/\/www.clinicaalthea.com\/farmacia\/","name":"Clinica Althea","description":"","publisher":{"@id":"https:\/\/www.clinicaalthea.com\/farmacia\/#organization"},"potentialAction":[{"@type":"SearchAction","target":{"@type":"EntryPoint","urlTemplate":"https:\/\/www.clinicaalthea.com\/farmacia\/?s={search_term_string}"},"query-input":{"@type":"PropertyValueSpecification","valueRequired":true,"valueName":"search_term_string"}}],"inLanguage":"pl-PL"},{"@type":"Organization","@id":"https:\/\/www.clinicaalthea.com\/farmacia\/#organization","name":"Clinica Althea","url":"https:\/\/www.clinicaalthea.com\/farmacia\/","logo":{"@type":"ImageObject","inLanguage":"pl-PL","@id":"https:\/\/www.clinicaalthea.com\/farmacia\/#\/schema\/logo\/image\/","url":"https:\/\/www.clinicaalthea.com\/farmacia\/wp-content\/uploads\/2023\/12\/Jak-diagnozuje-sie-FAS_-objawy-kryteria-diagnostyczne-i-metody-diagnozowania-154162903.jpg","contentUrl":"https:\/\/www.clinicaalthea.com\/farmacia\/wp-content\/uploads\/2023\/12\/Jak-diagnozuje-sie-FAS_-objawy-kryteria-diagnostyczne-i-metody-diagnozowania-154162903.jpg","width":1216,"height":832,"caption":"Clinica Althea"},"image":{"@id":"https:\/\/www.clinicaalthea.com\/farmacia\/#\/schema\/logo\/image\/"}}]}},"lang":"de","translations":{"de":3785,"cs":3784,"pl":3782,"es":3786,"fr":3787,"hu":3788,"it":3789,"nl":3790,"sk":3791},"pll_sync_post":[],"_links":{"self":[{"href":"https:\/\/www.clinicaalthea.com\/farmacia\/wp-json\/wp\/v2\/product\/3785","targetHints":{"allow":["GET"]}}],"collection":[{"href":"https:\/\/www.clinicaalthea.com\/farmacia\/wp-json\/wp\/v2\/product"}],"about":[{"href":"https:\/\/www.clinicaalthea.com\/farmacia\/wp-json\/wp\/v2\/types\/product"}],"replies":[{"embeddable":true,"href":"https:\/\/www.clinicaalthea.com\/farmacia\/wp-json\/wp\/v2\/comments?post=3785"}],"wp:featuredmedia":[{"embeddable":true,"href":"https:\/\/www.clinicaalthea.com\/farmacia\/wp-json\/wp\/v2\/media\/3783"}],"wp:attachment":[{"href":"https:\/\/www.clinicaalthea.com\/farmacia\/wp-json\/wp\/v2\/media?parent=3785"}],"wp:term":[{"taxonomy":"product_brand","embeddable":true,"href":"https:\/\/www.clinicaalthea.com\/farmacia\/wp-json\/wp\/v2\/product_brand?post=3785"},{"taxonomy":"product_cat","embeddable":true,"href":"https:\/\/www.clinicaalthea.com\/farmacia\/wp-json\/wp\/v2\/product_cat?post=3785"},{"taxonomy":"product_tag","embeddable":true,"href":"https:\/\/www.clinicaalthea.com\/farmacia\/wp-json\/wp\/v2\/product_tag?post=3785"}],"curies":[{"name":"wp","href":"https:\/\/api.w.org\/{rel}","templated":true}]}}