{"id":3729,"date":"2024-05-01T08:54:07","date_gmt":"2024-05-01T07:54:07","guid":{"rendered":"https:\/\/mayoguide.org\/produkty\/?post_type=product&#038;p=3729"},"modified":"2024-05-01T08:55:14","modified_gmt":"2024-05-01T07:55:14","slug":"astaxkrill","status":"publish","type":"product","link":"https:\/\/www.clinicaalthea.com\/farmacia\/nb\/apt\/astaxkrill\/","title":{"rendered":"Astaxkrill"},"content":{"rendered":"\n<h2 class=\"wp-block-heading\" id=\"h-czym-jest-astaxkrill-i-jak-dziala\">Hva er Astaxkrill, og hvordan virker det?<\/h2>\n\n\n\n<p>Astaxkrill er et innovativt <b>kosttilskudd<\/b> som inneholder astaxanthin fra to kilder &#8211; lipidekstrakt fra antarktisk krill og oleoresin fra mikroalger. <b>Astaxanthin<\/b> er en kraftig antioksidant som n\u00f8ytraliserer frie radikaler og beskytter cellene mot oksidativt stress. <\/p>\n\n\n\n<p>Det har betennelsesdempende og krefthemmende effekter, bidrar til \u00e5 beskytte hjerte- og karsystemet og er gunstig for \u00f8ye- og hudhelsen. I tillegg st\u00f8tter <b>astaxanthin<\/b> kroppens naturlige immunforsvar og kan ha en positiv effekt p\u00e5 immunsystemet. Astaxkrill <b>inneholder<\/b> ogs\u00e5 omega-3-fettsyrer, som er viktige for hjerne-, hjerte- og leddhelsen.<\/p>\n\n\n\n<p><b>Astaxanthin<\/b>, som er en ingrediens i<b>Astaxkrill<\/b>, har en sterk <b>antioksidanteffekt<\/b> som beskytter kroppens celler mot skader fra frie radikaler. Dermed kan kosttilskuddet bidra til \u00e5 forebygge aldringsprosessen ved \u00e5 redusere effekten av stressfaktorer og forurensende stoffer p\u00e5 kroppen.<\/p>\n\n\n\n<p>I tillegg har astaxanthin betennelsesdempende egenskaper, noe som betyr at det kan bidra til \u00e5 redusere betennelse i kroppen. Dette er viktig fordi betennelser kan v\u00e6re \u00e5rsaken til mange kroniske sykdommer, som hjertesykdommer, diabetes og autoimmune sykdommer. Astaxanthin har en kreftdempende <b>effekt<\/b> fordi det hemmer veksten av kreftceller og induserer apoptose.<\/p>\n\n\n\n<p>En annen fordel forbundet med astaxanthin er dens effekt p\u00e5 hjerte- og karsykdommer. Forskning tyder p\u00e5 at astaxanthin kan bidra til \u00e5 senke niv\u00e5et av det d\u00e5rlige LDL-kolesterolet, regulere blodtrykket og forbedre elastisiteten i blod\u00e5rene. Dermed kan det st\u00f8tte hjertehelsen ved \u00e5 forebygge hjerte- og karsykdommer.<\/p>\n\n\n\n<p>Astaxanthin kan ogs\u00e5 ha betydning for \u00f8ye- og hudhelsen. P\u00e5 grunn av sin <b>antioksidanteffekt<\/b> kan astaxanthin bidra til \u00e5 beskytte netthinnen mot UV-skader og redusere risikoen for tilstander som makuladegenerasjon. I tillegg kan astaxanthin forbedre hudens fuktighet, redusere rynker og fremme et sunt utseende.<\/p>\n\n\n\n<h2 class=\"wp-block-heading\" id=\"h-jakie-sa-efekty-stosowania-astaxkrill\">Hva er virkningen av \u00e5 bruke Astaxkrill?<\/h2>\n\n\n\n<p><b>Bruk<\/b> av Astaxkrill kan gi en rekke helsemessige fordeler. P\u00e5 grunn av tilstedev\u00e6relsen av astaxanthin kan dette kosttilskuddet st\u00f8tte det kardiovaskul\u00e6re systemet, forbedre \u00f8yehelsen, beskytte huden mot skadelig UV-str\u00e5ling og motvirke aldringsprosessen. I tillegg kan astaxanthin bidra til \u00e5 redusere betennelser i kroppen, \u00f8ke det naturlige immunforsvaret og st\u00f8tte immunsystemet.<\/p>\n\n\n\n<p><em>Omega-3-fettsyrene<\/em> som finnes i Astaxkrills sammensetning, kan ha en positiv effekt p\u00e5 hjernefunksjonen, forbedre hum\u00f8ret, st\u00f8tte hjerte- og karsystemet og bidra til \u00e5 redusere betennelser.<\/p>\n\n\n\n<p>N\u00e5r man ser p\u00e5 forskningsresultatene og <b>erfaringene til Astaxkrill-brukere<\/b>, er det tydelig at dette kosttilskuddet kan ha forskjellige <b>effekter<\/b> avhengig av individuelle helsetilstander. Her er de potensielle <b>helsemessige fordelene<\/b> forbundet med bruk av Astaxkrill:<\/p>\n\n\n\n<figure class=\"wp-block-table\"><table><tbody><tr><th>Effekter av \u00e5 bruke Astaxkrill<\/th><th>Beskrivelse<\/th><\/tr><tr><td>Kardiovaskul\u00e6r st\u00f8tte<\/td><td>Astaxkrill inneholder astaxanthin og omega-3-fettsyrer, noe som kan st\u00f8tte hjertehelsen og forbedre sirkulasjonen.<\/td><\/tr><tr><td>Forbedrer \u00f8yehelsen<\/td><td>Astaxanthin beskytter \u00f8ynene mot skadelige ytre faktorer, noe som bidrar til bedre \u00f8yehelse.<\/td><\/tr><tr><td>Beskyttelse av huden<\/td><td>Astaxkrill fungerer som en naturlig solkrem, beskytter huden mot skadelige UV-str\u00e5ler og fremmer hudens helse.<\/td><\/tr><tr><td>Anti-inflammasjon<\/td><td>Astaxanthin har betennelsesdempende egenskaper som kan bidra til \u00e5 redusere betennelse og lindre smerte.<\/td><\/tr><tr><td>Styrker immunforsvaret<\/td><td>Omega-3-fettsyrene og astaxanthin i Astaxkrill st\u00f8tter immunforsvaret, noe som styrker kroppens naturlige immunforsvar.<\/td><\/tr><\/tbody><\/table><\/figure>\n\n\n\n<p>Det er imidlertid verdt \u00e5 huske p\u00e5 at <b>effekten<\/b> av Astaxkrill kan variere avhengig av individuelle behov og livsstil. Det anbefales alltid \u00e5 konsultere lege eller apotek f\u00f8r du begynner \u00e5 ta tilskudd for \u00e5 sikre at Astaxkrill er egnet for dine individuelle helsebehov.<\/p>\n\n\n\n<h2 class=\"wp-block-heading\" id=\"h-jak-stosowac-astaxkrill-dawkowanie-i-zalecenia\">Hvordan ta Astaxkrill? &#8211; Dosering og anbefalinger<\/h2>\n\n\n\n<p>For optimale resultater b\u00f8r Astaxkrill brukes som anbefalt av produsenten. Bruksm\u00e5ten kan variere avhengig av det spesifikke produktet, s\u00e5 les pakningsvedlegget eller informasjonen p\u00e5 emballasjen n\u00f8ye.<\/p>\n\n\n\n<p>Det anbefales vanligvis \u00e5 ta \u00e9n Astaxkrill-kapsel per dag, helst i forbindelse med et m\u00e5ltid. Kapselen b\u00f8r tas med rikelig med vann. Ved regelmessig bruk av kosttilskuddet kan du oppn\u00e5 de beste resultatene og fordelene for kroppen din.<\/p>\n\n\n\n<p>Det er viktig \u00e5 huske noen f\u00e5 regler ang\u00e5ende bruk av Astaxkrill:<\/p>\n\n\n\n<ol class=\"wp-block-list\">\n<li>Produktet er beregnet for voksne. Det skal ikke brukes av gravide eller ammende kvinner, spedbarn, barn og ungdom under 14 \u00e5r.<\/li>\n\n\n\n<li>Ikke overskrid den anbefalte porsjonen som skal tas per dag. Overdrevent inntak av kosttilskuddet kan f\u00f8re til negative helseeffekter.<\/li>\n\n\n\n<li>Astaxkrill er ikke en erstatning for et variert kosthold. Det anbefales \u00e5 opprettholde et sunt og balansert kosthold og \u00e5 f\u00f8re en aktiv livsstil.<\/li>\n\n\n\n<li>R\u00e5df\u00f8r deg alltid med legen din f\u00f8r du tar Astaxkrill, spesielt hvis du har noen medisinske tilstander eller tar andre medisiner. Dette er viktig fordi selv naturlige kosttilskudd kan p\u00e5virke kroppen din og samhandle med andre stoffer.<\/li>\n<\/ol>\n\n\n\n<h2 class=\"wp-block-heading\" id=\"h-doswiadczenia-uzytkownikow-i-opinie-o-astaxkrill-jakie-sa-recenzje\">Brukeropplevelser og anmeldelser av Astaxkrill &#8211; hva er anmeldelsene?<\/h2>\n\n\n\n<p>Brukererfaringer og anmeldelser tyder p\u00e5 at KrillAstaxKrill kan ha en positiv effekt p\u00e5 ulike aspekter av helse og velv\u00e6re, for eksempel hudtilstand, utholdenhet, ro, immunitet, energi og tretthet. Det er imidlertid verdt \u00e5 huske at effekten kan variere avhengig av hver enkelt persons individuelle behov og kropp.<\/p>\n\n\n\n<p><em>&#8220;Siden jeg begynte \u00e5 ta AstaxKrill, har livet mitt virkelig forandret seg. Som en fysisk aktiv person har jeg alltid fors\u00f8kt \u00e5 ta vare p\u00e5 helsen og kondisjonen min. AstaxKrill har vist seg \u00e5 v\u00e6re en hit! Energien min har n\u00e5dd himmelen, jeg f\u00f8ler meg full av liv og klar for alle utfordringer. I tillegg har jeg merket en betydelig forbedring i mitt mentale velv\u00e6re &#8211; jeg er mer rolig og avslappet. Og viktigst av alt, huden min ser sunn og str\u00e5lende ut. AstaxKrill har v\u00e6rt en virkelig revolusjon innen kroppspleie for meg. Jeg anbefaler det p\u00e5 det varmeste!&#8221;<\/em><\/p>\n\n\n\n<p><em>&#8220;AstaxKrill er en absolutt hit! Jeg har slitt med ford\u00f8yelsesproblemer og generell tretthet i kroppen i lang tid n\u00e5. Da jeg fikk h\u00f8re om AstaxKrill, bestemte jeg meg for \u00e5 gi det en sjanse. Og jeg angrer ikke p\u00e5 det! Etter bare kort tid merket jeg en enorm forbedring. Ford\u00f8yelsesproblemene mine er borte, jeg f\u00f8ler meg lettere og full av energi. Selv etter en hard dag p\u00e5 jobb har jeg fortsatt krefter til \u00e5 tilbringe tid med familien. I tillegg er \u00f8ynene mine mindre slitne, noe som er viktig med tanke p\u00e5 hvor mye tid jeg tilbringer foran datamaskinen. AstaxKrill er min daglige helse- og vitalitetsboost. Jeg kan ikke anbefale det nok!&#8221;<\/em><\/p>\n\n\n\n<h2 class=\"wp-block-heading\" id=\"h-sklad-astaxkrill-co-zawiera\">Astaxkrills sammensetning &#8211; hva inneholder det?<\/h2>\n\n\n\n<p><b>Kosttilskuddet<\/b> Astaxkrill inneholder en rekke ingredienser som har en positiv effekt p\u00e5 helsen. Hovedingrediensene i Astaxkrill er<\/p>\n\n\n\n<ul class=\"wp-block-list\">\n<li><em>Astaxanthin:<\/em> Avledet fra antarktisk krilllipidekstrakt og mikroalgeoleoresin. Astaxanthin er en kraftig antioksidant som bidrar til \u00e5 n\u00f8ytralisere frie radikaler og beskytte cellene mot oksidativt stress. Det har betennelsesdempende og krefthemmende egenskaper og er gunstig for hjerte-, \u00f8ye- og hudhelsen.<\/li>\n\n\n\n<li><em>Omega-3-fettsyrer:<\/em> Astaxkrill inneholder ogs\u00e5 omega-3-fettsyrer som EPA (eikosapentaensyre) og DHA (dokosaheksaensyre). Disse umettede fettsyrene er essensielle for at kroppen skal fungere som den skal, blant annet for hjerte-, hjerne- og leddhelse.<\/li>\n\n\n\n<li><em>Fosfolipider:<\/em> Astaxkrill inneholder ogs\u00e5 <b>fosfolipider<\/b>, som er avgj\u00f8rende for at kroppens celler skal fungere. <b>Fosfolipider<\/b> er viktige for \u00e5 opprettholde den normale strukturen i cellemembranene og for at n\u00e6ringsstoffer skal kunne str\u00f8mme over cellemembranen.<\/li>\n<\/ul>\n\n\n\n<p><b>Sammensetningen<\/b> av Astaxkrill er n\u00f8ye utvalgt for \u00e5 gi maksimale <b>helsefordeler<\/b>. P\u00e5 grunn av tilstedev\u00e6relsen av astaxanthin, omega-3-fettsyrer og fosfolipider kan dette kosttilskuddet ha en positiv innvirkning p\u00e5 mange aspekter av helsen, inkludert hjerte- og karsystemet, hjernen, leddene og huden.<\/p>\n\n\n\n<h2 class=\"wp-block-heading\" id=\"h-gdzie-kupic-i-jaka-jest-cena-astaxkrill\">Hvor kan jeg kj\u00f8pe og hva er prisen p\u00e5 Astaxkrill?<\/h2>\n\n\n\n<p>Astaxkrill kan kj\u00f8pes p\u00e5 <em>nettet<\/em> fra produsentens offisielle nettside eller i utvalgte butikker. <\/p>\n\n\n\n<p><b>Prisen<\/b> p\u00e5 tilskuddet kan variere avhengig av hvor du kj\u00f8per det, men det er alltid verdt \u00e5 sjekke tilbud og priser p\u00e5 produsentens offisielle nettside, hvor du vanligvis kan finne attraktive kampanjer og rabatter. <\/p>\n\n\n\n<p>Det er verdt \u00e5 huske at kj\u00f8p fra produsentens offisielle nettside gir en garanti for det originale produktet.<\/p>\n\n\n\n<h2 class=\"wp-block-heading\" id=\"h-astaxkrill-potencjalne-skutki-uboczne-i-przeciwwskazania-do-stosowania\">Astaxkrill &#8211; Potensielle bivirkninger og kontraindikasjoner \u00e5 bruke<\/h2>\n\n\n\n<p>F\u00f8r du tar Astaxkrill, anbefaler vi at du leser pakningsvedlegget eller konsulterer legen din, spesielt hvis du har noen medisinske tilstander eller tar andre medisiner. Selv om Astaxkrill generelt anses som et trygt <b>kosttilskudd<\/b>, er det en risiko for bivirkninger hos enkelte personer.<\/p>\n\n\n\n<p>Disse kan omfatte allergiske reaksjoner, pustevansker, kvalme eller diar\u00e9. Hvis disse symptomene oppst\u00e5r, anbefales det \u00e5 avbryte bruken av kosttilskuddet og opps\u00f8ke lege. Det er viktig \u00e5 overv\u00e5ke kroppen din og reagere p\u00e5 eventuelle bivirkninger n\u00e5r du har begynt \u00e5 ta Astaxkrill.<\/p>\n\n\n\n<p>Husk at Astaxkrill, som med andre kosttilskudd, kan ha forskjellige effekter p\u00e5 forskjellige mennesker. Derfor er det alltid en god id\u00e9 \u00e5 v\u00e6re oppmerksom p\u00e5 kroppen din og reagere deretter p\u00e5 eventuelle endringer i hvordan du f\u00f8ler deg. Hvis du er i tvil eller bekymret for sikkerheten til Astaxkrill, b\u00f8r du r\u00e5df\u00f8re deg med legen din f\u00f8r du tar en beslutning.<\/p>\n","protected":false},"excerpt":{"rendered":"<p><strong>409.00 NOK<\/strong><\/p>\n<p><del>818.00 NOK<\/del><\/p>\n<p><strong>[date_countdown]<\/strong><\/p>\n","protected":false},"featured_media":3722,"comment_status":"open","ping_status":"closed","template":"","meta":{"neve_meta_sidebar":"","neve_meta_container":"","neve_meta_enable_content_width":"","neve_meta_content_width":0,"neve_meta_title_alignment":"","neve_meta_author_avatar":"","neve_post_elements_order":"","neve_meta_disable_header":"","neve_meta_disable_footer":"","neve_meta_disable_title":"","neve_meta_reading_time":""},"product_brand":[],"product_cat":[161],"product_tag":[],"class_list":{"0":"post-3729","1":"product","2":"type-product","3":"status-publish","4":"has-post-thumbnail","6":"product_cat-helse","8":"first","9":"instock","10":"shipping-taxable","11":"product-type-external"},"yoast_head":"<!-- This site is optimized with the Yoast SEO plugin v27.4 - https:\/\/yoast.com\/product\/yoast-seo-wordpress\/ -->\n<title>Astaxkrill - Clinica Althea<\/title>\n<meta name=\"robots\" content=\"index, follow, max-snippet:-1, max-image-preview:large, max-video-preview:-1\" \/>\n<link rel=\"canonical\" href=\"https:\/\/www.clinicaalthea.com\/farmacia\/nb\/apt\/astaxkrill\/\" \/>\n<meta property=\"og:locale\" content=\"pl_PL\" \/>\n<meta property=\"og:type\" content=\"article\" \/>\n<meta property=\"og:title\" content=\"Astaxkrill - Clinica Althea\" \/>\n<meta property=\"og:description\" content=\"409.00 NOK 818.00 NOK\" \/>\n<meta property=\"og:url\" content=\"https:\/\/www.clinicaalthea.com\/farmacia\/nb\/apt\/astaxkrill\/\" \/>\n<meta property=\"og:site_name\" content=\"Clinica Althea\" \/>\n<meta property=\"article:modified_time\" content=\"2024-05-01T07:55:14+00:00\" \/>\n<meta property=\"og:image\" content=\"https:\/\/www.clinicaalthea.com\/farmacia\/wp-content\/uploads\/2024\/05\/ASTAXKRILL.jpg\" \/>\n\t<meta property=\"og:image:width\" content=\"768\" \/>\n\t<meta property=\"og:image:height\" content=\"768\" \/>\n\t<meta property=\"og:image:type\" content=\"image\/jpeg\" \/>\n<meta name=\"twitter:card\" content=\"summary_large_image\" \/>\n<meta name=\"twitter:label1\" content=\"Szacowany czas czytania\" \/>\n\t<meta name=\"twitter:data1\" content=\"9 minut\" \/>\n<script type=\"application\/ld+json\" class=\"yoast-schema-graph\">{\"@context\":\"https:\\\/\\\/schema.org\",\"@graph\":[{\"@type\":\"WebPage\",\"@id\":\"https:\\\/\\\/www.clinicaalthea.com\\\/farmacia\\\/nb\\\/apt\\\/astaxkrill\\\/\",\"url\":\"https:\\\/\\\/www.clinicaalthea.com\\\/farmacia\\\/nb\\\/apt\\\/astaxkrill\\\/\",\"name\":\"Astaxkrill - Clinica Althea\",\"isPartOf\":{\"@id\":\"https:\\\/\\\/www.clinicaalthea.com\\\/farmacia\\\/#website\"},\"primaryImageOfPage\":{\"@id\":\"https:\\\/\\\/www.clinicaalthea.com\\\/farmacia\\\/nb\\\/apt\\\/astaxkrill\\\/#primaryimage\"},\"image\":{\"@id\":\"https:\\\/\\\/www.clinicaalthea.com\\\/farmacia\\\/nb\\\/apt\\\/astaxkrill\\\/#primaryimage\"},\"thumbnailUrl\":\"https:\\\/\\\/www.clinicaalthea.com\\\/farmacia\\\/wp-content\\\/uploads\\\/2024\\\/05\\\/ASTAXKRILL.jpg\",\"datePublished\":\"2024-05-01T07:54:07+00:00\",\"dateModified\":\"2024-05-01T07:55:14+00:00\",\"breadcrumb\":{\"@id\":\"https:\\\/\\\/www.clinicaalthea.com\\\/farmacia\\\/nb\\\/apt\\\/astaxkrill\\\/#breadcrumb\"},\"inLanguage\":\"pl-PL\",\"potentialAction\":[{\"@type\":\"ReadAction\",\"target\":[\"https:\\\/\\\/www.clinicaalthea.com\\\/farmacia\\\/nb\\\/apt\\\/astaxkrill\\\/\"]}]},{\"@type\":\"ImageObject\",\"inLanguage\":\"pl-PL\",\"@id\":\"https:\\\/\\\/www.clinicaalthea.com\\\/farmacia\\\/nb\\\/apt\\\/astaxkrill\\\/#primaryimage\",\"url\":\"https:\\\/\\\/www.clinicaalthea.com\\\/farmacia\\\/wp-content\\\/uploads\\\/2024\\\/05\\\/ASTAXKRILL.jpg\",\"contentUrl\":\"https:\\\/\\\/www.clinicaalthea.com\\\/farmacia\\\/wp-content\\\/uploads\\\/2024\\\/05\\\/ASTAXKRILL.jpg\",\"width\":768,\"height\":768,\"caption\":\"ASTAXKRILL\"},{\"@type\":\"BreadcrumbList\",\"@id\":\"https:\\\/\\\/www.clinicaalthea.com\\\/farmacia\\\/nb\\\/apt\\\/astaxkrill\\\/#breadcrumb\",\"itemListElement\":[{\"@type\":\"ListItem\",\"position\":1,\"name\":\"Strona g\u0142\u00f3wna\",\"item\":\"https:\\\/\\\/www.clinicaalthea.com\\\/farmacia\\\/\"},{\"@type\":\"ListItem\",\"position\":2,\"name\":\"Produkty\",\"item\":\"https:\\\/\\\/www.clinicaalthea.com\\\/farmacia\\\/\"},{\"@type\":\"ListItem\",\"position\":3,\"name\":\"Astaxkrill\"}]},{\"@type\":\"WebSite\",\"@id\":\"https:\\\/\\\/www.clinicaalthea.com\\\/farmacia\\\/#website\",\"url\":\"https:\\\/\\\/www.clinicaalthea.com\\\/farmacia\\\/\",\"name\":\"Clinica Althea\",\"description\":\"\",\"publisher\":{\"@id\":\"https:\\\/\\\/www.clinicaalthea.com\\\/farmacia\\\/#organization\"},\"potentialAction\":[{\"@type\":\"SearchAction\",\"target\":{\"@type\":\"EntryPoint\",\"urlTemplate\":\"https:\\\/\\\/www.clinicaalthea.com\\\/farmacia\\\/?s={search_term_string}\"},\"query-input\":{\"@type\":\"PropertyValueSpecification\",\"valueRequired\":true,\"valueName\":\"search_term_string\"}}],\"inLanguage\":\"pl-PL\"},{\"@type\":\"Organization\",\"@id\":\"https:\\\/\\\/www.clinicaalthea.com\\\/farmacia\\\/#organization\",\"name\":\"Clinica Althea\",\"url\":\"https:\\\/\\\/www.clinicaalthea.com\\\/farmacia\\\/\",\"logo\":{\"@type\":\"ImageObject\",\"inLanguage\":\"pl-PL\",\"@id\":\"https:\\\/\\\/www.clinicaalthea.com\\\/farmacia\\\/#\\\/schema\\\/logo\\\/image\\\/\",\"url\":\"https:\\\/\\\/www.clinicaalthea.com\\\/farmacia\\\/wp-content\\\/uploads\\\/2023\\\/12\\\/Jak-diagnozuje-sie-FAS_-objawy-kryteria-diagnostyczne-i-metody-diagnozowania-154162903.jpg\",\"contentUrl\":\"https:\\\/\\\/www.clinicaalthea.com\\\/farmacia\\\/wp-content\\\/uploads\\\/2023\\\/12\\\/Jak-diagnozuje-sie-FAS_-objawy-kryteria-diagnostyczne-i-metody-diagnozowania-154162903.jpg\",\"width\":1216,\"height\":832,\"caption\":\"Clinica Althea\"},\"image\":{\"@id\":\"https:\\\/\\\/www.clinicaalthea.com\\\/farmacia\\\/#\\\/schema\\\/logo\\\/image\\\/\"}}]}<\/script>\n<!-- \/ Yoast SEO plugin. -->","yoast_head_json":{"title":"Astaxkrill - Clinica Althea","robots":{"index":"index","follow":"follow","max-snippet":"max-snippet:-1","max-image-preview":"max-image-preview:large","max-video-preview":"max-video-preview:-1"},"canonical":"https:\/\/www.clinicaalthea.com\/farmacia\/nb\/apt\/astaxkrill\/","og_locale":"pl_PL","og_type":"article","og_title":"Astaxkrill - Clinica Althea","og_description":"409.00 NOK 818.00 NOK","og_url":"https:\/\/www.clinicaalthea.com\/farmacia\/nb\/apt\/astaxkrill\/","og_site_name":"Clinica Althea","article_modified_time":"2024-05-01T07:55:14+00:00","og_image":[{"width":768,"height":768,"url":"https:\/\/www.clinicaalthea.com\/farmacia\/wp-content\/uploads\/2024\/05\/ASTAXKRILL.jpg","type":"image\/jpeg"}],"twitter_card":"summary_large_image","twitter_misc":{"Szacowany czas czytania":"9 minut"},"schema":{"@context":"https:\/\/schema.org","@graph":[{"@type":"WebPage","@id":"https:\/\/www.clinicaalthea.com\/farmacia\/nb\/apt\/astaxkrill\/","url":"https:\/\/www.clinicaalthea.com\/farmacia\/nb\/apt\/astaxkrill\/","name":"Astaxkrill - Clinica Althea","isPartOf":{"@id":"https:\/\/www.clinicaalthea.com\/farmacia\/#website"},"primaryImageOfPage":{"@id":"https:\/\/www.clinicaalthea.com\/farmacia\/nb\/apt\/astaxkrill\/#primaryimage"},"image":{"@id":"https:\/\/www.clinicaalthea.com\/farmacia\/nb\/apt\/astaxkrill\/#primaryimage"},"thumbnailUrl":"https:\/\/www.clinicaalthea.com\/farmacia\/wp-content\/uploads\/2024\/05\/ASTAXKRILL.jpg","datePublished":"2024-05-01T07:54:07+00:00","dateModified":"2024-05-01T07:55:14+00:00","breadcrumb":{"@id":"https:\/\/www.clinicaalthea.com\/farmacia\/nb\/apt\/astaxkrill\/#breadcrumb"},"inLanguage":"pl-PL","potentialAction":[{"@type":"ReadAction","target":["https:\/\/www.clinicaalthea.com\/farmacia\/nb\/apt\/astaxkrill\/"]}]},{"@type":"ImageObject","inLanguage":"pl-PL","@id":"https:\/\/www.clinicaalthea.com\/farmacia\/nb\/apt\/astaxkrill\/#primaryimage","url":"https:\/\/www.clinicaalthea.com\/farmacia\/wp-content\/uploads\/2024\/05\/ASTAXKRILL.jpg","contentUrl":"https:\/\/www.clinicaalthea.com\/farmacia\/wp-content\/uploads\/2024\/05\/ASTAXKRILL.jpg","width":768,"height":768,"caption":"ASTAXKRILL"},{"@type":"BreadcrumbList","@id":"https:\/\/www.clinicaalthea.com\/farmacia\/nb\/apt\/astaxkrill\/#breadcrumb","itemListElement":[{"@type":"ListItem","position":1,"name":"Strona g\u0142\u00f3wna","item":"https:\/\/www.clinicaalthea.com\/farmacia\/"},{"@type":"ListItem","position":2,"name":"Produkty","item":"https:\/\/www.clinicaalthea.com\/farmacia\/"},{"@type":"ListItem","position":3,"name":"Astaxkrill"}]},{"@type":"WebSite","@id":"https:\/\/www.clinicaalthea.com\/farmacia\/#website","url":"https:\/\/www.clinicaalthea.com\/farmacia\/","name":"Clinica Althea","description":"","publisher":{"@id":"https:\/\/www.clinicaalthea.com\/farmacia\/#organization"},"potentialAction":[{"@type":"SearchAction","target":{"@type":"EntryPoint","urlTemplate":"https:\/\/www.clinicaalthea.com\/farmacia\/?s={search_term_string}"},"query-input":{"@type":"PropertyValueSpecification","valueRequired":true,"valueName":"search_term_string"}}],"inLanguage":"pl-PL"},{"@type":"Organization","@id":"https:\/\/www.clinicaalthea.com\/farmacia\/#organization","name":"Clinica Althea","url":"https:\/\/www.clinicaalthea.com\/farmacia\/","logo":{"@type":"ImageObject","inLanguage":"pl-PL","@id":"https:\/\/www.clinicaalthea.com\/farmacia\/#\/schema\/logo\/image\/","url":"https:\/\/www.clinicaalthea.com\/farmacia\/wp-content\/uploads\/2023\/12\/Jak-diagnozuje-sie-FAS_-objawy-kryteria-diagnostyczne-i-metody-diagnozowania-154162903.jpg","contentUrl":"https:\/\/www.clinicaalthea.com\/farmacia\/wp-content\/uploads\/2023\/12\/Jak-diagnozuje-sie-FAS_-objawy-kryteria-diagnostyczne-i-metody-diagnozowania-154162903.jpg","width":1216,"height":832,"caption":"Clinica Althea"},"image":{"@id":"https:\/\/www.clinicaalthea.com\/farmacia\/#\/schema\/logo\/image\/"}}]}},"lang":"nb","translations":{"nb":3729,"cs":3723,"pl":3721,"de":3724,"es":3725,"fr":3726,"it":3727,"nl":3728,"sk":3730},"pll_sync_post":[],"_links":{"self":[{"href":"https:\/\/www.clinicaalthea.com\/farmacia\/wp-json\/wp\/v2\/product\/3729","targetHints":{"allow":["GET"]}}],"collection":[{"href":"https:\/\/www.clinicaalthea.com\/farmacia\/wp-json\/wp\/v2\/product"}],"about":[{"href":"https:\/\/www.clinicaalthea.com\/farmacia\/wp-json\/wp\/v2\/types\/product"}],"replies":[{"embeddable":true,"href":"https:\/\/www.clinicaalthea.com\/farmacia\/wp-json\/wp\/v2\/comments?post=3729"}],"wp:featuredmedia":[{"embeddable":true,"href":"https:\/\/www.clinicaalthea.com\/farmacia\/wp-json\/wp\/v2\/media\/3722"}],"wp:attachment":[{"href":"https:\/\/www.clinicaalthea.com\/farmacia\/wp-json\/wp\/v2\/media?parent=3729"}],"wp:term":[{"taxonomy":"product_brand","embeddable":true,"href":"https:\/\/www.clinicaalthea.com\/farmacia\/wp-json\/wp\/v2\/product_brand?post=3729"},{"taxonomy":"product_cat","embeddable":true,"href":"https:\/\/www.clinicaalthea.com\/farmacia\/wp-json\/wp\/v2\/product_cat?post=3729"},{"taxonomy":"product_tag","embeddable":true,"href":"https:\/\/www.clinicaalthea.com\/farmacia\/wp-json\/wp\/v2\/product_tag?post=3729"}],"curies":[{"name":"wp","href":"https:\/\/api.w.org\/{rel}","templated":true}]}}