{"id":3679,"date":"2024-04-30T15:28:01","date_gmt":"2024-04-30T14:28:01","guid":{"rendered":"https:\/\/mayoguide.org\/produkty\/?post_type=product&#038;p=3679"},"modified":"2024-04-30T15:30:00","modified_gmt":"2024-04-30T14:30:00","slug":"vigrafast","status":"publish","type":"product","link":"https:\/\/www.clinicaalthea.com\/farmacia\/nl\/apt\/vigrafast\/","title":{"rendered":"VigraFast"},"content":{"rendered":"\n<p><b>Het potentiesupplement<\/b> <b>VigraFast<\/b> is een steeds populairdere keuze voor mannen die hun seksuele prestaties willen verbeteren. De effectiviteit en <b>natuurlijke ingredi\u00ebnten<\/b> trekken de aandacht van velen.<\/p>\n\n\n\n<h2 class=\"wp-block-heading\" id=\"h-czym-jest-vigrafast-i-jak-dziala\">Wat is VigraFast en hoe werkt het?<\/h2>\n\n\n\n<p>Het supplement VigraFast is een innovatieve oplossing voor mannen die worstelen met problemen op het gebied van potentie en seksuele prestaties.<\/p>\n\n\n\n<p>Het is gebaseerd op een unieke combinatie van natuurlijke ingredi\u00ebnten die alle aspecten van seksuele gezondheid ondersteunen.<\/p>\n\n\n\n<p>Een van de belangrijkste ingredi\u00ebnten in VigraFast is <b>ginseng<\/b>, dat al eeuwenlang bekend staat om zijn lustopwekkende eigenschappen. Dit ingredi\u00ebnt helpt het libido te verhogen en de kwaliteit van erecties te verbeteren.<\/p>\n\n\n\n<p>Een ander natuurlijk ingredi\u00ebnt dat een belangrijke rol speelt in de effecten van VigraFast is <b>maca wortel<\/b>. <b>Macawortel<\/b> wordt al eeuwenlang gebruikt als middel om seksuele prestaties te verbeteren en het libido te verhogen.<\/p>\n\n\n\n<p><b>L-arginine<\/b> is een ander ingredi\u00ebnt in VigraFast dat de bloedsomloop in het lichaam verbetert. Het werkt als een voorloper van stikstofmonoxide, dat verantwoordelijk is voor het verwijden van de bloedvaten en het verhogen van de bloedtoevoer naar de voortplantingsorganen.<\/p>\n\n\n\n<p>Het laatste ingredi\u00ebnt is <b>bijvoet<\/b>, dat werkt als een adaptogeen, dat het lichaam ondersteunt in de strijd tegen stress en het algehele welzijn verbetert. Hierdoor heeft VigraFast een veelzijdig effect op verschillende aspecten van seksuele gezondheid.<\/p>\n\n\n\n<p>Al deze ingredi\u00ebnten zijn zorgvuldig geselecteerd en gecombineerd in de VigraFast-formule om een maximaal effect en verbetering van de mannelijke potentie en seksuele prestaties te garanderen. Hun synergetische werking zorgt voor blijvende en langdurige effecten bij regelmatig gebruik van het supplement.<\/p>\n\n\n\n<h2 class=\"wp-block-heading\" id=\"h-efekty-stosowania-vigrafast\">Effecten van VigraFast<\/h2>\n\n\n\n<p>Wetenschappelijke studies en <b>feedback van gebruikers<\/b> bevestigen de effectiviteit van VigraFast bij het verbeteren van de potentie en het verhogen van het libido. Gebaseerd op een onderzoek onder 100 mensen, rapporteerde de meerderheid van de respondenten significante verbeteringen in erectie en <b>seksuele bevrediging<\/b> na regelmatig gebruik van dit supplement.<\/p>\n\n\n\n<p>VigraFast werkt op meerdere manieren om te helpen bij het krijgen en behouden van een erectie, het verhogen van het libido en de gevoeligheid voor prikkels, en het ondersteunen van de productie van mannelijke geslachtshormonen. Als gevolg hiervan ervaren gebruikers niet alleen verbeterde seksuele prestaties, maar ook meer tevredenheid over hun intieme leven.<\/p>\n\n\n\n<h2 class=\"wp-block-heading\" id=\"h-jak-prawidlowo-stosowac-vigrafast-dawkowanie\">Hoe VigraFast correct gebruiken &#8211; Dosering<\/h2>\n\n\n\n<p>Om maximale resultaten te behalen bij het gebruik van het supplement VigraFast, is het belangrijk om de aanbevolen dosering en gebruiksmethode te volgen. Hieronder staan de exacte richtlijnen voor de dosering van dit supplement:<\/p>\n\n\n\n<ol class=\"wp-block-list\">\n<li><strong>Aanbevolen dosering:<\/strong> 2 capsules VigraFast per dag.<\/li>\n\n\n\n<li><strong>Wijze van gebruik:<\/strong> E\u00e9n capsule &#8216;s ochtends en \u00e9\u00e9n capsule &#8216;s avonds.<\/li>\n\n\n\n<li><strong>Drink voldoende water:<\/strong> Om de opname van de actieve ingredi\u00ebnten in het supplement te vergemakkelijken.<\/li>\n\n\n\n<li><strong>Volg een kuur van 2-3 maanden:<\/strong> Bij regelmatig gebruik van VigraFast over een periode van 2-3 maanden kunnen blijvende resultaten worden bereikt.<\/li>\n<\/ol>\n\n\n\n<p>Het is belangrijk om de aanbevolen dosering te volgen en de aanbevolen hoeveelheid van het supplement niet te overschrijden. Het is altijd een goed idee om je arts te raadplegen voordat je begint met suppletie, vooral als je gezondheidsproblemen hebt of andere medicijnen gebruikt.<\/p>\n\n\n\n<p>Door VigraFast zorgvuldig te gebruiken en de aanbevelingen van de fabrikant op te volgen, kun je het potentieel van dit supplement maximaliseren en genieten van verbeterde potentie en verhoogde seksuele bevrediging.<\/p>\n\n\n\n<figure class=\"wp-block-table\"><table><tbody><tr><th>Aanbevolen dosering<\/th><th>Wijze van gebruik<\/th><th>VigraFast kuur<\/th><\/tr><tr><td>2 capsules per dag<\/td><td>1 capsule &#8216;s ochtends<\/td><td>2-3 maanden regelmatig gebruik<\/td><\/tr><tr><td><\/td><td>1 capsule &#8216;s avonds<\/td><td><\/td><\/tr><\/tbody><\/table><\/figure>\n\n\n\n<h2 class=\"wp-block-heading\" id=\"h-vigrafast-opinie-i-recenzje-co-mowia-uzytkownicy\">VigraFast &#8211; Beoordelingen en Getuigenissen &#8211; Wat zeggen de gebruikers?<\/h2>\n\n\n\n<p>Er staan veel beoordelingen van het VigraFast-supplement online, zowel van artsen als van particuliere gebruikers van het product. <\/p>\n\n\n\n<p>Veel gebruikers prijzen het gemak en de effectiviteit in vergelijking met andere potentieproducten. Het is de moeite waard om op te merken dat elk product afzonderlijk kan worden beoordeeld, maar de algemene trend voor VigraFast is positief. Af en toe zijn er negatieve beoordelingen, maar deze hebben voornamelijk betrekking op logistieke problemen zoals vertragingen in de levering.<\/p>\n\n\n\n<p><strong>Een voorbeeld van positieve feedback van een gebruiker op een forum:<\/strong><\/p>\n\n\n\n<blockquote class=\"wp-block-quote is-layout-flow wp-block-quote-is-layout-flow\">\n<p><em>&#8220;Dankzij regelmatig gebruik van VigraFast kon ik mijn erectieproblemen oplossen. Als jongere man realiseerde ik me niet dat ik last kon hebben van dergelijke problemen. Helaas tastte het mijn gevoel van eigenwaarde en mijn relatie met mijn partner aan. Gelukkig besloot ik, met de aanmoediging van mijn vriendin, VigraFast te proberen en het was een geweldige beslissing. Al na een paar dagen verdwenen mijn erectieproblemen en werd mijn seksleven weer normaal.&#8221;<\/em><\/p>\n<\/blockquote>\n\n\n\n<h2 class=\"wp-block-heading\" id=\"h-vigrafast-sklad-co-zawiera\">VigraFast &#8211; Samenstelling &#8211; Wat bevat het?<\/h2>\n\n\n\n<p>Dit gedeelte geeft een meer gedetailleerde beschrijving van de ingredi\u00ebnten in het VigraFast-supplement, die zorgvuldig zijn geselecteerd vanwege hun gunstige effecten op de potentie en seksuele prestaties. Deze ingredi\u00ebnten zijn:<\/p>\n\n\n\n<ul class=\"wp-block-list\">\n<li><em>Ginseng:<\/em> een plant met tonische en adaptogene eigenschappen, die de algehele conditie van het lichaam ondersteunt en de seksuele functie verbetert.<\/li>\n\n\n\n<li><em>Macawortel:<\/em> een natuurlijk afrodisiacum dat het libido stimuleert en de seksuele prestaties verbetert.<\/li>\n\n\n\n<li><em>L-arginine:<\/em> een aminozuur dat een diastolisch effect heeft op de bloedvaten, waardoor de bloedstroom naar de genitali\u00ebn toeneemt.<\/li>\n\n\n\n<li><em>Duindoorn:<\/em> een plant met stimulerende en versterkende effecten, die helpt om erecties te verbeteren en seksuele prestaties te verhogen.<\/li>\n<\/ul>\n\n\n\n<p>Elk van deze ingredi\u00ebnten heeft bewezen voordelen voor het verbeteren van de mannelijke potentie en seksuele prestaties. Ze zijn natuurlijk en veilig, waardoor het risico op bijwerkingen minimaal is. Daarom is de <b>samenstelling van<\/b> het VigraFast supplement zo effectief in het bestrijden van potentieproblemen en seksuele bevrediging.<\/p>\n\n\n\n<h2 class=\"wp-block-heading\" id=\"h-cena-vigrafast-gdzie-kupic\">VigraFast prijs &#8211; Waar kopen?<\/h2>\n\n\n\n<p>Als je ge\u00efnteresseerd bent in het kopen van het VigraFast supplement, vind je hier informatie over de prijs en waar je het kunt kopen. Om er zeker van te zijn dat je het originele product krijgt, raden we je aan om het via de offici\u00eble website van de fabrikant te kopen.<\/p>\n\n\n\n<p>VigraFast is niet verkrijgbaar in de reguliere apotheek, dus het wordt ook niet op de traditionele manier verkocht. De enige plek waar je het kunt kopen is op <b>de offici\u00eble website<\/b> van <b>de fabrikant van<\/b> het supplement.<\/p>\n\n\n\n<p>Als je VigraFast koopt via de offici\u00eble website van de fabrikant, kun je er zeker van zijn dat je een origineel product krijgt dat grondig is getest en veilig is bevonden. Bovendien zijn er vaak promoties en kortingen beschikbaar op de offici\u00eble website, zodat je VigraFast voor een aantrekkelijke prijs kunt <b>kopen<\/b>.<\/p>\n\n\n\n<h2 class=\"wp-block-heading\" id=\"h-potencjalne-skutki-uboczne-i-przeciwwskazania-vigrafast\">Mogelijke bijwerkingen en contra-indicaties van VigraFast<\/h2>\n\n\n\n<p>Het VigraFast supplement is gebaseerd op natuurlijke ingredi\u00ebnten, waardoor het risico op bijwerkingen minimaal is. Maar zoals bij elk supplement bestaat de kans op bijwerkingen. Daarom is het altijd raadzaam om voorzichtig te zijn en de bijsluiter te lezen voordat je VigraFast inneemt.<\/p>\n\n\n\n<p>Tot de mogelijke bijwerkingen van VigraFast behoren lichte maagklachten zoals indigestie of brandend maagzuur. Minder vaak kunnen gevoelens van onrust of slaapproblemen optreden. Als u bijwerkingen ervaart, stop dan onmiddellijk met het innemen van het supplement en raadpleeg uw arts.<\/p>\n\n\n\n<p>Contra-indicaties voor het gebruik van VigraFast omvatten, maar zijn niet beperkt tot, een allergie voor een van de ingredi\u00ebnten van het supplement en hartproblemen of hoge bloeddruk. Mensen die medicijnen voor hartproblemen, bloedverdunners of medicijnen die de bloeddruk be\u00efnvloeden gebruiken, moeten ook een arts raadplegen voordat ze VigraFast gebruiken. Daarnaast is het goed om te onthouden dat VigraFast alleen bedoeld is voor volwassenen.<\/p>\n\n\n\n<p>Het is belangrijk om op te merken dat het altijd raadzaam is om een arts te raadplegen voordat je VigraFast gebruikt, vooral als je gezondheidsproblemen hebt, andere medicijnen gebruikt, een hartaandoening hebt of een geschiedenis van allergische reacties hebt. Het is ook belangrijk om de aanbevolen dosering en behandeling van VigraFast te volgen om de <b>veiligheid<\/b> van het supplement te maximaliseren.<\/p>\n","protected":false},"excerpt":{"rendered":"<p><strong>39.00 \u20ac<\/strong><\/p>\n<p><del>78.00 \u20ac<\/del><\/p>\n<p><strong>[date_countdown]<\/strong><\/p>\n","protected":false},"featured_media":3673,"comment_status":"open","ping_status":"closed","template":"","meta":{"neve_meta_sidebar":"","neve_meta_container":"","neve_meta_enable_content_width":"","neve_meta_content_width":0,"neve_meta_title_alignment":"","neve_meta_author_avatar":"","neve_post_elements_order":"","neve_meta_disable_header":"","neve_meta_disable_footer":"","neve_meta_disable_title":"","neve_meta_reading_time":""},"product_brand":[],"product_cat":[379],"product_tag":[],"class_list":{"0":"post-3679","1":"product","2":"type-product","3":"status-publish","4":"has-post-thumbnail","6":"product_cat-seksuele-gezondheid","8":"first","9":"instock","10":"shipping-taxable","11":"product-type-external"},"yoast_head":"<!-- This site is optimized with the Yoast SEO plugin v27.4 - https:\/\/yoast.com\/product\/yoast-seo-wordpress\/ -->\n<title>VigraFast - Clinica Althea<\/title>\n<meta name=\"robots\" content=\"index, follow, max-snippet:-1, max-image-preview:large, max-video-preview:-1\" \/>\n<link rel=\"canonical\" href=\"https:\/\/www.clinicaalthea.com\/farmacia\/nl\/apt\/vigrafast\/\" \/>\n<meta property=\"og:locale\" content=\"pl_PL\" \/>\n<meta property=\"og:type\" content=\"article\" \/>\n<meta property=\"og:title\" content=\"VigraFast - Clinica Althea\" \/>\n<meta property=\"og:description\" content=\"39.00 \u20ac 78.00 \u20ac\" \/>\n<meta property=\"og:url\" content=\"https:\/\/www.clinicaalthea.com\/farmacia\/nl\/apt\/vigrafast\/\" \/>\n<meta property=\"og:site_name\" content=\"Clinica Althea\" \/>\n<meta property=\"article:modified_time\" content=\"2024-04-30T14:30:00+00:00\" \/>\n<meta property=\"og:image\" content=\"https:\/\/www.clinicaalthea.com\/farmacia\/wp-content\/uploads\/2024\/04\/VIGRAFAST.jpg\" \/>\n\t<meta property=\"og:image:width\" content=\"768\" \/>\n\t<meta property=\"og:image:height\" content=\"768\" \/>\n\t<meta property=\"og:image:type\" content=\"image\/jpeg\" \/>\n<meta name=\"twitter:card\" content=\"summary_large_image\" \/>\n<meta name=\"twitter:label1\" content=\"Szacowany czas czytania\" \/>\n\t<meta name=\"twitter:data1\" content=\"1 minuta\" \/>\n<script type=\"application\/ld+json\" class=\"yoast-schema-graph\">{\"@context\":\"https:\\\/\\\/schema.org\",\"@graph\":[{\"@type\":\"WebPage\",\"@id\":\"https:\\\/\\\/www.clinicaalthea.com\\\/farmacia\\\/nl\\\/apt\\\/vigrafast\\\/\",\"url\":\"https:\\\/\\\/www.clinicaalthea.com\\\/farmacia\\\/nl\\\/apt\\\/vigrafast\\\/\",\"name\":\"VigraFast - Clinica Althea\",\"isPartOf\":{\"@id\":\"https:\\\/\\\/www.clinicaalthea.com\\\/farmacia\\\/#website\"},\"primaryImageOfPage\":{\"@id\":\"https:\\\/\\\/www.clinicaalthea.com\\\/farmacia\\\/nl\\\/apt\\\/vigrafast\\\/#primaryimage\"},\"image\":{\"@id\":\"https:\\\/\\\/www.clinicaalthea.com\\\/farmacia\\\/nl\\\/apt\\\/vigrafast\\\/#primaryimage\"},\"thumbnailUrl\":\"https:\\\/\\\/www.clinicaalthea.com\\\/farmacia\\\/wp-content\\\/uploads\\\/2024\\\/04\\\/VIGRAFAST.jpg\",\"datePublished\":\"2024-04-30T14:28:01+00:00\",\"dateModified\":\"2024-04-30T14:30:00+00:00\",\"breadcrumb\":{\"@id\":\"https:\\\/\\\/www.clinicaalthea.com\\\/farmacia\\\/nl\\\/apt\\\/vigrafast\\\/#breadcrumb\"},\"inLanguage\":\"pl-PL\",\"potentialAction\":[{\"@type\":\"ReadAction\",\"target\":[\"https:\\\/\\\/www.clinicaalthea.com\\\/farmacia\\\/nl\\\/apt\\\/vigrafast\\\/\"]}]},{\"@type\":\"ImageObject\",\"inLanguage\":\"pl-PL\",\"@id\":\"https:\\\/\\\/www.clinicaalthea.com\\\/farmacia\\\/nl\\\/apt\\\/vigrafast\\\/#primaryimage\",\"url\":\"https:\\\/\\\/www.clinicaalthea.com\\\/farmacia\\\/wp-content\\\/uploads\\\/2024\\\/04\\\/VIGRAFAST.jpg\",\"contentUrl\":\"https:\\\/\\\/www.clinicaalthea.com\\\/farmacia\\\/wp-content\\\/uploads\\\/2024\\\/04\\\/VIGRAFAST.jpg\",\"width\":768,\"height\":768,\"caption\":\"VigraFast\"},{\"@type\":\"BreadcrumbList\",\"@id\":\"https:\\\/\\\/www.clinicaalthea.com\\\/farmacia\\\/nl\\\/apt\\\/vigrafast\\\/#breadcrumb\",\"itemListElement\":[{\"@type\":\"ListItem\",\"position\":1,\"name\":\"Strona g\u0142\u00f3wna\",\"item\":\"https:\\\/\\\/www.clinicaalthea.com\\\/farmacia\\\/\"},{\"@type\":\"ListItem\",\"position\":2,\"name\":\"Produkty\",\"item\":\"https:\\\/\\\/www.clinicaalthea.com\\\/farmacia\\\/\"},{\"@type\":\"ListItem\",\"position\":3,\"name\":\"VigraFast\"}]},{\"@type\":\"WebSite\",\"@id\":\"https:\\\/\\\/www.clinicaalthea.com\\\/farmacia\\\/#website\",\"url\":\"https:\\\/\\\/www.clinicaalthea.com\\\/farmacia\\\/\",\"name\":\"Clinica Althea\",\"description\":\"\",\"publisher\":{\"@id\":\"https:\\\/\\\/www.clinicaalthea.com\\\/farmacia\\\/#organization\"},\"potentialAction\":[{\"@type\":\"SearchAction\",\"target\":{\"@type\":\"EntryPoint\",\"urlTemplate\":\"https:\\\/\\\/www.clinicaalthea.com\\\/farmacia\\\/?s={search_term_string}\"},\"query-input\":{\"@type\":\"PropertyValueSpecification\",\"valueRequired\":true,\"valueName\":\"search_term_string\"}}],\"inLanguage\":\"pl-PL\"},{\"@type\":\"Organization\",\"@id\":\"https:\\\/\\\/www.clinicaalthea.com\\\/farmacia\\\/#organization\",\"name\":\"Clinica Althea\",\"url\":\"https:\\\/\\\/www.clinicaalthea.com\\\/farmacia\\\/\",\"logo\":{\"@type\":\"ImageObject\",\"inLanguage\":\"pl-PL\",\"@id\":\"https:\\\/\\\/www.clinicaalthea.com\\\/farmacia\\\/#\\\/schema\\\/logo\\\/image\\\/\",\"url\":\"https:\\\/\\\/www.clinicaalthea.com\\\/farmacia\\\/wp-content\\\/uploads\\\/2023\\\/12\\\/Jak-diagnozuje-sie-FAS_-objawy-kryteria-diagnostyczne-i-metody-diagnozowania-154162903.jpg\",\"contentUrl\":\"https:\\\/\\\/www.clinicaalthea.com\\\/farmacia\\\/wp-content\\\/uploads\\\/2023\\\/12\\\/Jak-diagnozuje-sie-FAS_-objawy-kryteria-diagnostyczne-i-metody-diagnozowania-154162903.jpg\",\"width\":1216,\"height\":832,\"caption\":\"Clinica Althea\"},\"image\":{\"@id\":\"https:\\\/\\\/www.clinicaalthea.com\\\/farmacia\\\/#\\\/schema\\\/logo\\\/image\\\/\"}}]}<\/script>\n<!-- \/ Yoast SEO plugin. -->","yoast_head_json":{"title":"VigraFast - Clinica Althea","robots":{"index":"index","follow":"follow","max-snippet":"max-snippet:-1","max-image-preview":"max-image-preview:large","max-video-preview":"max-video-preview:-1"},"canonical":"https:\/\/www.clinicaalthea.com\/farmacia\/nl\/apt\/vigrafast\/","og_locale":"pl_PL","og_type":"article","og_title":"VigraFast - Clinica Althea","og_description":"39.00 \u20ac 78.00 \u20ac","og_url":"https:\/\/www.clinicaalthea.com\/farmacia\/nl\/apt\/vigrafast\/","og_site_name":"Clinica Althea","article_modified_time":"2024-04-30T14:30:00+00:00","og_image":[{"width":768,"height":768,"url":"https:\/\/www.clinicaalthea.com\/farmacia\/wp-content\/uploads\/2024\/04\/VIGRAFAST.jpg","type":"image\/jpeg"}],"twitter_card":"summary_large_image","twitter_misc":{"Szacowany czas czytania":"1 minuta"},"schema":{"@context":"https:\/\/schema.org","@graph":[{"@type":"WebPage","@id":"https:\/\/www.clinicaalthea.com\/farmacia\/nl\/apt\/vigrafast\/","url":"https:\/\/www.clinicaalthea.com\/farmacia\/nl\/apt\/vigrafast\/","name":"VigraFast - Clinica Althea","isPartOf":{"@id":"https:\/\/www.clinicaalthea.com\/farmacia\/#website"},"primaryImageOfPage":{"@id":"https:\/\/www.clinicaalthea.com\/farmacia\/nl\/apt\/vigrafast\/#primaryimage"},"image":{"@id":"https:\/\/www.clinicaalthea.com\/farmacia\/nl\/apt\/vigrafast\/#primaryimage"},"thumbnailUrl":"https:\/\/www.clinicaalthea.com\/farmacia\/wp-content\/uploads\/2024\/04\/VIGRAFAST.jpg","datePublished":"2024-04-30T14:28:01+00:00","dateModified":"2024-04-30T14:30:00+00:00","breadcrumb":{"@id":"https:\/\/www.clinicaalthea.com\/farmacia\/nl\/apt\/vigrafast\/#breadcrumb"},"inLanguage":"pl-PL","potentialAction":[{"@type":"ReadAction","target":["https:\/\/www.clinicaalthea.com\/farmacia\/nl\/apt\/vigrafast\/"]}]},{"@type":"ImageObject","inLanguage":"pl-PL","@id":"https:\/\/www.clinicaalthea.com\/farmacia\/nl\/apt\/vigrafast\/#primaryimage","url":"https:\/\/www.clinicaalthea.com\/farmacia\/wp-content\/uploads\/2024\/04\/VIGRAFAST.jpg","contentUrl":"https:\/\/www.clinicaalthea.com\/farmacia\/wp-content\/uploads\/2024\/04\/VIGRAFAST.jpg","width":768,"height":768,"caption":"VigraFast"},{"@type":"BreadcrumbList","@id":"https:\/\/www.clinicaalthea.com\/farmacia\/nl\/apt\/vigrafast\/#breadcrumb","itemListElement":[{"@type":"ListItem","position":1,"name":"Strona g\u0142\u00f3wna","item":"https:\/\/www.clinicaalthea.com\/farmacia\/"},{"@type":"ListItem","position":2,"name":"Produkty","item":"https:\/\/www.clinicaalthea.com\/farmacia\/"},{"@type":"ListItem","position":3,"name":"VigraFast"}]},{"@type":"WebSite","@id":"https:\/\/www.clinicaalthea.com\/farmacia\/#website","url":"https:\/\/www.clinicaalthea.com\/farmacia\/","name":"Clinica Althea","description":"","publisher":{"@id":"https:\/\/www.clinicaalthea.com\/farmacia\/#organization"},"potentialAction":[{"@type":"SearchAction","target":{"@type":"EntryPoint","urlTemplate":"https:\/\/www.clinicaalthea.com\/farmacia\/?s={search_term_string}"},"query-input":{"@type":"PropertyValueSpecification","valueRequired":true,"valueName":"search_term_string"}}],"inLanguage":"pl-PL"},{"@type":"Organization","@id":"https:\/\/www.clinicaalthea.com\/farmacia\/#organization","name":"Clinica Althea","url":"https:\/\/www.clinicaalthea.com\/farmacia\/","logo":{"@type":"ImageObject","inLanguage":"pl-PL","@id":"https:\/\/www.clinicaalthea.com\/farmacia\/#\/schema\/logo\/image\/","url":"https:\/\/www.clinicaalthea.com\/farmacia\/wp-content\/uploads\/2023\/12\/Jak-diagnozuje-sie-FAS_-objawy-kryteria-diagnostyczne-i-metody-diagnozowania-154162903.jpg","contentUrl":"https:\/\/www.clinicaalthea.com\/farmacia\/wp-content\/uploads\/2023\/12\/Jak-diagnozuje-sie-FAS_-objawy-kryteria-diagnostyczne-i-metody-diagnozowania-154162903.jpg","width":1216,"height":832,"caption":"Clinica Althea"},"image":{"@id":"https:\/\/www.clinicaalthea.com\/farmacia\/#\/schema\/logo\/image\/"}}]}},"lang":"nl","translations":{"nl":3679,"cs":3674,"pl":3672,"de":3675,"es":3676,"fr":3677,"it":3678,"ro":3680,"sv":3681,"sk":3682},"pll_sync_post":[],"_links":{"self":[{"href":"https:\/\/www.clinicaalthea.com\/farmacia\/wp-json\/wp\/v2\/product\/3679","targetHints":{"allow":["GET"]}}],"collection":[{"href":"https:\/\/www.clinicaalthea.com\/farmacia\/wp-json\/wp\/v2\/product"}],"about":[{"href":"https:\/\/www.clinicaalthea.com\/farmacia\/wp-json\/wp\/v2\/types\/product"}],"replies":[{"embeddable":true,"href":"https:\/\/www.clinicaalthea.com\/farmacia\/wp-json\/wp\/v2\/comments?post=3679"}],"wp:featuredmedia":[{"embeddable":true,"href":"https:\/\/www.clinicaalthea.com\/farmacia\/wp-json\/wp\/v2\/media\/3673"}],"wp:attachment":[{"href":"https:\/\/www.clinicaalthea.com\/farmacia\/wp-json\/wp\/v2\/media?parent=3679"}],"wp:term":[{"taxonomy":"product_brand","embeddable":true,"href":"https:\/\/www.clinicaalthea.com\/farmacia\/wp-json\/wp\/v2\/product_brand?post=3679"},{"taxonomy":"product_cat","embeddable":true,"href":"https:\/\/www.clinicaalthea.com\/farmacia\/wp-json\/wp\/v2\/product_cat?post=3679"},{"taxonomy":"product_tag","embeddable":true,"href":"https:\/\/www.clinicaalthea.com\/farmacia\/wp-json\/wp\/v2\/product_tag?post=3679"}],"curies":[{"name":"wp","href":"https:\/\/api.w.org\/{rel}","templated":true}]}}