{"id":3652,"date":"2024-04-30T15:04:34","date_gmt":"2024-04-30T14:04:34","guid":{"rendered":"https:\/\/mayoguide.org\/produkty\/?post_type=product&#038;p=3652"},"modified":"2024-04-30T15:07:57","modified_gmt":"2024-04-30T14:07:57","slug":"corsanum","status":"publish","type":"product","link":"https:\/\/www.clinicaalthea.com\/farmacia\/cs\/apt\/corsanum\/","title":{"rendered":"Corsanum"},"content":{"rendered":"\n<h2 class=\"wp-block-heading\" id=\"h-co-to-jest-corsanum-i-jak-dziala\">Co je p\u0159\u00edpravek Corsanum a jak funguje?<\/h2>\n\n\n\n<p>Corsanum je <b>dopln\u011bk<\/b> stravy, kter\u00fd byl vyvinut na podporu kardiovaskul\u00e1rn\u00edho zdrav\u00ed. Slo\u017een\u00ed p\u0159\u00edpravku Corsanum je zalo\u017eeno na 6 \u00fa\u010dinn\u00fdch l\u00e1tk\u00e1ch, kter\u00e9 jsou zn\u00e1m\u00e9 svou \u00fa\u010dinnost\u00ed. Jedn\u00e1 se o <b>rostlinn\u00e9 extrakty<\/b>, jako je koriandr, hloh, oregano, vinn\u00e1 r\u00e9va, oliva a <b>\u017eelezo<\/b>. Ka\u017ed\u00e1 z t\u011bchto slo\u017eek m\u00e1 sv\u00e9 jedine\u010dn\u00e9 vlastnosti a prosp\u00edv\u00e1 srdci i cel\u00e9mu organismu.<\/p>\n\n\n\n<p>Corsanum p\u016fsob\u00ed p\u0159edev\u0161\u00edm t\u00edm, \u017ee:<\/p>\n\n\n\n<ol class=\"wp-block-list\">\n<li><em>Posiluje srdce<\/em>: \u00da\u010dinn\u00e9 l\u00e1tky obsa\u017een\u00e9 v Corsanum pom\u00e1haj\u00ed zlep\u0161ovat v\u00fdkonnost srdce a zvy\u0161ovat jeho odolnost.<\/li>\n\n\n\n<li><em>Kontrola krevn\u00edho tlaku: Korsorsan je \u00fa\u010dinn\u00fd v mnoha sm\u011brech:<\/em> Rostlinn\u00e9 v\u00fdta\u017eky v dopl\u0148ku stravy mohou pomoci stabilizovat krevn\u00ed tlak, co\u017e je d\u016fle\u017eit\u00e9 pro zdrav\u00ed srdce.<\/li>\n\n\n\n<li><em>Zlep\u0161en\u00ed krevn\u00edho ob\u011bhu:<\/em> Podporuje krevn\u00ed ob\u011bh, kter\u00fd p\u0159isp\u00edv\u00e1 k dod\u00e1v\u00e1n\u00ed z\u00e1kladn\u00edch \u017eivin do tk\u00e1n\u00ed a org\u00e1n\u016f.<\/li>\n\n\n\n<li><em>Ochrana proti voln\u00fdm radik\u00e1l\u016fm:<\/em> D\u00edky sv\u00fdm antioxida\u010dn\u00edm vlastnostem m\u016f\u017ee chr\u00e1nit t\u011blo p\u0159ed \u0161kodliv\u00fdmi voln\u00fdmi radik\u00e1ly, kter\u00e9 mohou v\u00e9st k po\u0161kozen\u00ed bun\u011bk.<\/li>\n<\/ol>\n\n\n\n<h2 class=\"wp-block-heading\" id=\"h-corsanum-efekty-stosowania\">Corsanum &#8211; \u00fa\u010dinky u\u017e\u00edv\u00e1n\u00ed<\/h2>\n\n\n\n<p>\u00da\u010dinn\u00e9 l\u00e1tky v p\u0159\u00edpravku Corsanum, jako je extrakt z olivov\u00fdch list\u016f, flavonoidy nebo koenzym Q10, maj\u00ed dolo\u017een\u00e9 p\u0159\u00edzniv\u00e9 \u00fa\u010dinky na srdce. Protiz\u00e1n\u011btliv\u00e9, antioxida\u010dn\u00ed a krevn\u00ed tlak reguluj\u00edc\u00ed vlastnosti pom\u00e1haj\u00ed udr\u017eovat rovnov\u00e1hu a optim\u00e1ln\u00ed fungov\u00e1n\u00ed kardiovaskul\u00e1rn\u00edho syst\u00e9mu.<\/p>\n\n\n\n<p>\u00da\u010dinky dopl\u0148ku stravy Corsanum:<\/p>\n\n\n\n<ul class=\"wp-block-list\">\n<li>protiz\u00e1n\u011btliv\u00fd \u00fa\u010dinek<\/li>\n\n\n\n<li>reguluje krevn\u00ed tlak<\/li>\n\n\n\n<li>podporuje optim\u00e1ln\u00ed fungov\u00e1n\u00ed kardiovaskul\u00e1rn\u00edho syst\u00e9mu<\/li>\n\n\n\n<li>sn\u00ed\u017een\u00ed hladiny \u0161patn\u00e9ho LDL cholesterolu<\/li>\n\n\n\n<li>zlep\u0161uje pru\u017enost c\u00e9v<\/li>\n\n\n\n<li>podporuje mikrocirkulaci a okysli\u010dov\u00e1n\u00ed tk\u00e1n\u00ed<\/li>\n\n\n\n<li>zv\u00fd\u0161en\u00ed fyzick\u00e9 zdatnosti<\/li>\n\n\n\n<li>sn\u00ed\u017een\u00ed rizika srde\u010dn\u00edch komplikac\u00ed<\/li>\n<\/ul>\n\n\n\n<p>V\u0161echny tyto \u00fa\u010dinky Corsanum mohou v\u00e9st k celkov\u00e9mu pos\u00edlen\u00ed zdrav\u00ed srdce, sn\u00ed\u017een\u00ed rizika kardiovaskul\u00e1rn\u00edch onemocn\u011bn\u00ed a zlep\u0161en\u00ed kvality \u017eivota. Jako u ka\u017ed\u00e9ho dopl\u0148ku stravy je v\u0161ak vhodn\u00e9 se p\u0159ed u\u017e\u00edv\u00e1n\u00edm p\u0159\u00edpravku Corsanum poradit s l\u00e9ka\u0159em, aby p\u0159izp\u016fsobil d\u00e1vkov\u00e1n\u00ed va\u0161im individu\u00e1ln\u00edm pot\u0159eb\u00e1m a zohlednil mo\u017en\u00e9 interakce s jin\u00fdmi l\u00e9ky nebo zdravotn\u00edmi pot\u00ed\u017eemi.<\/p>\n\n\n\n<h2 class=\"wp-block-heading\" id=\"h-jak-prawidlowo-stosowac-corsanum-dawkowanie\">Jak spr\u00e1vn\u011b u\u017e\u00edvat Corsanum &#8211; D\u00e1vkov\u00e1n\u00ed<\/h2>\n\n\n\n<p>Pro dosa\u017een\u00ed nejlep\u0161\u00edch v\u00fdsledk\u016f se doporu\u010duje u\u017e\u00edvat Corsanum podle doporu\u010den\u00ed v\u00fdrobce. <b>D\u00e1vkov\u00e1n\u00ed p\u0159\u00edpravku<\/b> Corsanum jsou 2 tobolky denn\u011b, kter\u00e9 se zap\u00edjej\u00ed sklenic\u00ed vody. Nep\u0159ekra\u010dujte doporu\u010denou d\u00e1vku, kter\u00e1 se m\u00e1 u\u017e\u00edvat denn\u011b. Dopln\u011bk stravy by nem\u011bl b\u00fdt pou\u017e\u00edv\u00e1n jako n\u00e1hrada pestr\u00e9 stravy, pro udr\u017een\u00ed dobr\u00e9ho zdrav\u00ed je d\u016fle\u017eit\u00e1 vyv\u00e1\u017een\u00e1 strava a zdrav\u00fd \u017eivotn\u00ed styl.<\/p>\n\n\n\n<p>Nezapome\u0148te u\u017e\u00edvat p\u0159\u00edpravek Corsanum podle doporu\u010den\u00ed v\u00fdrobce, abyste dos\u00e1hli maxim\u00e1ln\u00edho prosp\u011bchu. <b>D\u00e1vkov\u00e1n\u00ed<\/b> tohoto dopl\u0148ku stravy je 2 tobolky denn\u011b, nejl\u00e9pe zap\u00edt sklenic\u00ed vody. Nep\u0159ekra\u010dujte doporu\u010denou denn\u00ed d\u00e1vku, proto\u017ee v\u011bt\u0161\u00ed mno\u017estv\u00ed nezv\u00fd\u0161\u00ed \u00fa\u010dinnost p\u0159\u00edpravku Corsanum a m\u016f\u017ee pouze zv\u00fd\u0161it riziko ne\u017e\u00e1douc\u00edch \u00fa\u010dink\u016f.<\/p>\n\n\n\n<h2 class=\"wp-block-heading\" id=\"h-corsanum-opinie-i-recenzje-forum\">Corsanum &#8211; N\u00e1zory a recenze, F\u00f3rum<\/h2>\n\n\n\n<p>N\u00e1zory a recenze u\u017eivatel\u016f jsou \u010dasto d\u016fle\u017eit\u00fdm ukazatelem \u00fa\u010dinnosti a spokojenosti s produktem. V p\u0159\u00edpad\u011b dopl\u0148ku stravy Corsanum najdete tak\u00e9 \u0159adu u\u017eivatelsk\u00fdch recenz\u00ed, kter\u00e9 v\u00e1m mohou pomoci posoudit jeho potenci\u00e1l a \u00fa\u010dinnost.<\/p>\n\n\n\n<p>Mnoho u\u017eivatel\u016f pod\u00e1v\u00e1 pozitivn\u00ed zp\u011btnou vazbu na Corsanum a vyzdvihuje jeho p\u0159\u00edzniv\u00e9 \u00fa\u010dinky na zdrav\u00ed srdce. Mezi nej\u010dast\u011bji uv\u00e1d\u011bn\u00e9 p\u0159\u00ednosy pat\u0159\u00ed zlep\u0161en\u00ed celkov\u00e9ho kardiovaskul\u00e1rn\u00edho zdrav\u00ed, regulace hladiny cholesterolu a sn\u00ed\u017een\u00ed krevn\u00edho tlaku. N\u011bkte\u0159\u00ed tak\u00e9 zaznamen\u00e1vaj\u00ed zv\u00fd\u0161en\u00ed fyzick\u00e9 v\u00fdkonnosti a sn\u00ed\u017een\u00ed pocitu \u00fanavy.<\/p>\n\n\n\n<p>N\u00ed\u017ee citujeme zp\u011btnou vazbu od lid\u00ed, kte\u0159\u00ed si dopln\u011bk zakoupili na na\u0161e doporu\u010den\u00ed.<\/p>\n\n\n\n<p><em>&#8220;Od t\u00e9 doby, co jsem za\u010dal u\u017e\u00edvat Corsanum, jsem zaznamenal obrovsk\u00e9 zlep\u0161en\u00ed zdrav\u00ed sv\u00e9ho srdce. M\u016fj krevn\u00ed tlak je stabiln\u00ed a hladina cholesterolu se vr\u00e1tila do norm\u00e1lu. C\u00edt\u00edm se energi\u010dt\u011bj\u0161\u00ed a p\u0159ipraven\u011bj\u0161\u00ed na v\u00fdzvy dne. Nejd\u016fle\u017eit\u011bj\u0161\u00ed je, \u017ee Corsanum je p\u0159\u00edrodn\u00ed dopln\u011bk, co\u017e je pro m\u011b kl\u00ed\u010dov\u00e9. Doporu\u010duji ho ka\u017ed\u00e9mu, kdo chce pe\u010dovat o sv\u00e9 srdce p\u0159irozen\u00fdm zp\u016fsobem.&#8221;<\/em><\/p>\n\n\n\n<p><em>&#8220;Corsanum je m\u016fj obl\u00edben\u00fd dopln\u011bk stravy pro srdce. Pravideln\u00e9 u\u017e\u00edv\u00e1n\u00ed kapsl\u00ed Corsanum mi pomohlo zlep\u0161it pru\u017enost c\u00e9v a sn\u00ed\u017eit hladinu \u0161patn\u00e9ho cholesterolu. Krom\u011b toho se c\u00edt\u00edm m\u00e9n\u011b unaven\u00fd a v\u00edce soust\u0159ed\u011bn\u00fd. Jsem vd\u011b\u010dn\u00fd za tuto p\u0159\u00edrodn\u00ed podporu zdrav\u00ed m\u00e9ho srdce. Corsanum se stalo ned\u00edlnou sou\u010d\u00e1st\u00ed m\u00e9 ka\u017edodenn\u00ed rutiny.&#8221;<\/em><\/p>\n\n\n\n<h2 class=\"wp-block-heading\" id=\"h-corsanum-sklad-co-zawiera\">Corsanum &#8211; Slo\u017een\u00ed &#8211; Co obsahuje?<\/h2>\n\n\n\n<p>Corsanum je speci\u00e1ln\u011b sestaven\u00fd dopln\u011bk stravy ur\u010den\u00fd k podpo\u0159e zdrav\u00ed srdce. Jeho <b>slo\u017een\u00ed<\/b> je zalo\u017eeno na 6 \u00fa\u010dinn\u00fdch l\u00e1tk\u00e1ch, kter\u00e9 jsou zn\u00e1m\u00e9 svou \u00fa\u010dinnost\u00ed p\u0159i zlep\u0161ov\u00e1n\u00ed \u010dinnosti srdce a kardiovaskul\u00e1rn\u00edho syst\u00e9mu.<\/p>\n\n\n\n<p>Slo\u017een\u00ed <b>p\u0159\u00edpravku<\/b> Corsanum zahrnuje:<\/p>\n\n\n\n<figure class=\"wp-block-table\"><table><tbody><tr><th>Slo\u017een\u00ed Corsanum<\/th><th>\u00da\u010dinky na zdrav\u00ed srdce<\/th><\/tr><tr><td>Semeno koriandru<\/td><td>Podporuje <b>zdrav\u00ed srdce<\/b> t\u00edm, \u017ee sni\u017euje oxida\u010dn\u00ed stres a chr\u00e1n\u00ed p\u0159ed po\u0161kozen\u00edm srde\u010dn\u00edch bun\u011bk.<\/td><\/tr><tr><td>Hloh<\/td><td>Pom\u00e1h\u00e1 regulovat srde\u010dn\u00ed \u010dinnost, sni\u017eovat krevn\u00ed tlak a zlep\u0161ovat krevn\u00ed ob\u011bh.<\/td><\/tr><tr><td>Oregano<\/td><td>M\u00e1 protiz\u00e1n\u011btliv\u00e9 a antimikrobi\u00e1ln\u00ed <b>vlastnosti<\/b>, kter\u00e9 p\u0159isp\u00edvaj\u00ed k celkov\u00e9mu zdrav\u00ed srdce.<\/td><\/tr><tr><td>Vinn\u00e1 r\u00e9va<\/td><td>Podporuje tvorbu oxidu dusnat\u00e9ho, kter\u00fd roz\u0161i\u0159uje c\u00e9vy a zlep\u0161uje krevn\u00ed ob\u011bh.<\/td><\/tr><tr><td>Oliva<\/td><td>M\u00e1 protiz\u00e1n\u011btliv\u00e9 a protirakovinn\u00e9 vlastnosti, kter\u00e9 prosp\u00edvaj\u00ed <b>zdrav\u00ed srdce<\/b>.<\/td><\/tr><tr><td><b>\u017delezo<\/b><\/td><td>Je nezbytn\u00e9 pro spr\u00e1vnou funkci srdce a p\u0159enos kysl\u00edku v t\u011ble.<\/td><\/tr><\/tbody><\/table><\/figure>\n\n\n\n<h2 class=\"wp-block-heading\" id=\"h-cena-corsanum-gdzie-kupic\">Cena p\u0159\u00edpravku Corsanum &#8211; kde koupit?<\/h2>\n\n\n\n<p><b>Cena p\u0159\u00edpravku<\/b> Corsanum se m\u016f\u017ee li\u0161it v z\u00e1vislosti na tom, kde se prod\u00e1v\u00e1. <\/p>\n\n\n\n<p>Doporu\u010dujeme <b>zakoupit<\/b> Corsanum na ofici\u00e1ln\u00edch str\u00e1nk\u00e1ch v\u00fdrobce, abyste m\u011bli jistotu, \u017ee z\u00edsk\u00e1v\u00e1te origin\u00e1ln\u00ed v\u00fdrobek. Dopln\u011bk nen\u00ed k dispozici v l\u00e9k\u00e1rn\u00e1ch ani ve stacion\u00e1\u0159\u00edch.<\/p>\n\n\n\n<h2 class=\"wp-block-heading\" id=\"h-corsanum-skutki-uboczne-i-przeciwwskazania\">Corsanum &#8211; vedlej\u0161\u00ed \u00fa\u010dinky a kontraindikace<\/h2>\n\n\n\n<p>Corsanum je dopln\u011bk stravy, kter\u00fd je zalo\u017een na p\u0159\u00edrodn\u00edch slo\u017ek\u00e1ch, d\u00edky \u010demu\u017e jsou <b>vedlej\u0161\u00ed \u00fa\u010dinky<\/b> velmi vz\u00e1cn\u00e9. P\u0159esto existuj\u00ed <b>kontraindikace<\/b> u\u017e\u00edv\u00e1n\u00ed p\u0159\u00edpravku Corsanum, kter\u00e9 je t\u0159eba vz\u00edt v \u00favahu. <\/p>\n\n\n\n<p>P\u0159edev\u0161\u00edm, pokud jste alergi\u010dt\u00ed na n\u011bkterou ze slo\u017eek, nem\u011bli byste tento dopln\u011bk pou\u017e\u00edvat. Je tak\u00e9 d\u016fle\u017eit\u00e9, abyste dopln\u011bk neu\u017e\u00edvali, pokud jste t\u011bhotn\u00e1 nebo koj\u00edte. Pokud m\u00e1te n\u011bjak\u00e9 chronick\u00e9 onemocn\u011bn\u00ed nebo u\u017e\u00edv\u00e1te jin\u00e9 l\u00e9ky, v\u017edy se p\u0159ed u\u017e\u00edv\u00e1n\u00edm p\u0159\u00edpravku Corsanum pora\u010fte se sv\u00fdm l\u00e9ka\u0159em nebo l\u00e9k\u00e1rn\u00edkem.<\/p>\n\n\n\n<p>Zd\u016fraz\u0148ujeme, \u017ee Corsanum jako dopln\u011bk stravy by nem\u011bl nahrazovat pestrou stravu. Spr\u00e1vn\u00e1 v\u00fd\u017eiva a zdrav\u00fd \u017eivotn\u00ed styl jsou d\u016fle\u017eit\u00e9 pro dob\u0159e funguj\u00edc\u00ed organismus. Proto pokud m\u00e1te jak\u00e9koli pochybnosti o u\u017e\u00edv\u00e1n\u00ed p\u0159\u00edpravku Corsanum, je d\u016fle\u017eit\u00e9 poradit se s p\u0159\u00edslu\u0161n\u00fdm l\u00e9ka\u0159em.<\/p>\n","protected":false},"excerpt":{"rendered":"<p><strong>929.00 K\u010d<\/strong><\/p>\n<p><del>1858.00 K\u010d<\/del><\/p>\n<p><strong>[date_countdown]<\/strong><\/p>\n","protected":false},"featured_media":3651,"comment_status":"open","ping_status":"closed","template":"","meta":{"neve_meta_sidebar":"","neve_meta_container":"","neve_meta_enable_content_width":"","neve_meta_content_width":0,"neve_meta_title_alignment":"","neve_meta_author_avatar":"","neve_post_elements_order":"","neve_meta_disable_header":"","neve_meta_disable_footer":"","neve_meta_disable_title":"","neve_meta_reading_time":""},"product_brand":[],"product_cat":[49],"product_tag":[],"class_list":{"0":"post-3652","1":"product","2":"type-product","3":"status-publish","4":"has-post-thumbnail","6":"product_cat-zdravi","8":"first","9":"instock","10":"shipping-taxable","11":"product-type-external"},"yoast_head":"<!-- This site is optimized with the Yoast SEO plugin v27.4 - https:\/\/yoast.com\/product\/yoast-seo-wordpress\/ -->\n<title>Corsanum - Clinica Althea<\/title>\n<meta name=\"robots\" content=\"index, follow, max-snippet:-1, max-image-preview:large, max-video-preview:-1\" \/>\n<link rel=\"canonical\" href=\"https:\/\/www.clinicaalthea.com\/farmacia\/cs\/apt\/corsanum\/\" \/>\n<meta property=\"og:locale\" content=\"pl_PL\" \/>\n<meta property=\"og:type\" content=\"article\" \/>\n<meta property=\"og:title\" content=\"Corsanum - Clinica Althea\" \/>\n<meta property=\"og:description\" content=\"929.00 K\u010d 1858.00 K\u010d\" \/>\n<meta property=\"og:url\" content=\"https:\/\/www.clinicaalthea.com\/farmacia\/cs\/apt\/corsanum\/\" \/>\n<meta property=\"og:site_name\" content=\"Clinica Althea\" \/>\n<meta property=\"article:modified_time\" content=\"2024-04-30T14:07:57+00:00\" \/>\n<meta property=\"og:image\" content=\"https:\/\/www.clinicaalthea.com\/farmacia\/wp-content\/uploads\/2024\/04\/CORSANUM.jpg\" \/>\n\t<meta property=\"og:image:width\" content=\"768\" \/>\n\t<meta property=\"og:image:height\" content=\"768\" \/>\n\t<meta property=\"og:image:type\" content=\"image\/jpeg\" \/>\n<meta name=\"twitter:card\" content=\"summary_large_image\" \/>\n<meta name=\"twitter:label1\" content=\"Szacowany czas czytania\" \/>\n\t<meta name=\"twitter:data1\" content=\"6 minut\" \/>\n<script type=\"application\/ld+json\" class=\"yoast-schema-graph\">{\"@context\":\"https:\\\/\\\/schema.org\",\"@graph\":[{\"@type\":\"WebPage\",\"@id\":\"https:\\\/\\\/www.clinicaalthea.com\\\/farmacia\\\/cs\\\/apt\\\/corsanum\\\/\",\"url\":\"https:\\\/\\\/www.clinicaalthea.com\\\/farmacia\\\/cs\\\/apt\\\/corsanum\\\/\",\"name\":\"Corsanum - Clinica Althea\",\"isPartOf\":{\"@id\":\"https:\\\/\\\/www.clinicaalthea.com\\\/farmacia\\\/#website\"},\"primaryImageOfPage\":{\"@id\":\"https:\\\/\\\/www.clinicaalthea.com\\\/farmacia\\\/cs\\\/apt\\\/corsanum\\\/#primaryimage\"},\"image\":{\"@id\":\"https:\\\/\\\/www.clinicaalthea.com\\\/farmacia\\\/cs\\\/apt\\\/corsanum\\\/#primaryimage\"},\"thumbnailUrl\":\"https:\\\/\\\/www.clinicaalthea.com\\\/farmacia\\\/wp-content\\\/uploads\\\/2024\\\/04\\\/CORSANUM.jpg\",\"datePublished\":\"2024-04-30T14:04:34+00:00\",\"dateModified\":\"2024-04-30T14:07:57+00:00\",\"breadcrumb\":{\"@id\":\"https:\\\/\\\/www.clinicaalthea.com\\\/farmacia\\\/cs\\\/apt\\\/corsanum\\\/#breadcrumb\"},\"inLanguage\":\"pl-PL\",\"potentialAction\":[{\"@type\":\"ReadAction\",\"target\":[\"https:\\\/\\\/www.clinicaalthea.com\\\/farmacia\\\/cs\\\/apt\\\/corsanum\\\/\"]}]},{\"@type\":\"ImageObject\",\"inLanguage\":\"pl-PL\",\"@id\":\"https:\\\/\\\/www.clinicaalthea.com\\\/farmacia\\\/cs\\\/apt\\\/corsanum\\\/#primaryimage\",\"url\":\"https:\\\/\\\/www.clinicaalthea.com\\\/farmacia\\\/wp-content\\\/uploads\\\/2024\\\/04\\\/CORSANUM.jpg\",\"contentUrl\":\"https:\\\/\\\/www.clinicaalthea.com\\\/farmacia\\\/wp-content\\\/uploads\\\/2024\\\/04\\\/CORSANUM.jpg\",\"width\":768,\"height\":768,\"caption\":\"Corsanum\"},{\"@type\":\"BreadcrumbList\",\"@id\":\"https:\\\/\\\/www.clinicaalthea.com\\\/farmacia\\\/cs\\\/apt\\\/corsanum\\\/#breadcrumb\",\"itemListElement\":[{\"@type\":\"ListItem\",\"position\":1,\"name\":\"Strona g\u0142\u00f3wna\",\"item\":\"https:\\\/\\\/www.clinicaalthea.com\\\/farmacia\\\/\"},{\"@type\":\"ListItem\",\"position\":2,\"name\":\"Produkty\",\"item\":\"https:\\\/\\\/www.clinicaalthea.com\\\/farmacia\\\/\"},{\"@type\":\"ListItem\",\"position\":3,\"name\":\"Corsanum\"}]},{\"@type\":\"WebSite\",\"@id\":\"https:\\\/\\\/www.clinicaalthea.com\\\/farmacia\\\/#website\",\"url\":\"https:\\\/\\\/www.clinicaalthea.com\\\/farmacia\\\/\",\"name\":\"Clinica Althea\",\"description\":\"\",\"publisher\":{\"@id\":\"https:\\\/\\\/www.clinicaalthea.com\\\/farmacia\\\/#organization\"},\"potentialAction\":[{\"@type\":\"SearchAction\",\"target\":{\"@type\":\"EntryPoint\",\"urlTemplate\":\"https:\\\/\\\/www.clinicaalthea.com\\\/farmacia\\\/?s={search_term_string}\"},\"query-input\":{\"@type\":\"PropertyValueSpecification\",\"valueRequired\":true,\"valueName\":\"search_term_string\"}}],\"inLanguage\":\"pl-PL\"},{\"@type\":\"Organization\",\"@id\":\"https:\\\/\\\/www.clinicaalthea.com\\\/farmacia\\\/#organization\",\"name\":\"Clinica Althea\",\"url\":\"https:\\\/\\\/www.clinicaalthea.com\\\/farmacia\\\/\",\"logo\":{\"@type\":\"ImageObject\",\"inLanguage\":\"pl-PL\",\"@id\":\"https:\\\/\\\/www.clinicaalthea.com\\\/farmacia\\\/#\\\/schema\\\/logo\\\/image\\\/\",\"url\":\"https:\\\/\\\/www.clinicaalthea.com\\\/farmacia\\\/wp-content\\\/uploads\\\/2023\\\/12\\\/Jak-diagnozuje-sie-FAS_-objawy-kryteria-diagnostyczne-i-metody-diagnozowania-154162903.jpg\",\"contentUrl\":\"https:\\\/\\\/www.clinicaalthea.com\\\/farmacia\\\/wp-content\\\/uploads\\\/2023\\\/12\\\/Jak-diagnozuje-sie-FAS_-objawy-kryteria-diagnostyczne-i-metody-diagnozowania-154162903.jpg\",\"width\":1216,\"height\":832,\"caption\":\"Clinica Althea\"},\"image\":{\"@id\":\"https:\\\/\\\/www.clinicaalthea.com\\\/farmacia\\\/#\\\/schema\\\/logo\\\/image\\\/\"}}]}<\/script>\n<!-- \/ Yoast SEO plugin. -->","yoast_head_json":{"title":"Corsanum - Clinica Althea","robots":{"index":"index","follow":"follow","max-snippet":"max-snippet:-1","max-image-preview":"max-image-preview:large","max-video-preview":"max-video-preview:-1"},"canonical":"https:\/\/www.clinicaalthea.com\/farmacia\/cs\/apt\/corsanum\/","og_locale":"pl_PL","og_type":"article","og_title":"Corsanum - Clinica Althea","og_description":"929.00 K\u010d 1858.00 K\u010d","og_url":"https:\/\/www.clinicaalthea.com\/farmacia\/cs\/apt\/corsanum\/","og_site_name":"Clinica Althea","article_modified_time":"2024-04-30T14:07:57+00:00","og_image":[{"width":768,"height":768,"url":"https:\/\/www.clinicaalthea.com\/farmacia\/wp-content\/uploads\/2024\/04\/CORSANUM.jpg","type":"image\/jpeg"}],"twitter_card":"summary_large_image","twitter_misc":{"Szacowany czas czytania":"6 minut"},"schema":{"@context":"https:\/\/schema.org","@graph":[{"@type":"WebPage","@id":"https:\/\/www.clinicaalthea.com\/farmacia\/cs\/apt\/corsanum\/","url":"https:\/\/www.clinicaalthea.com\/farmacia\/cs\/apt\/corsanum\/","name":"Corsanum - Clinica Althea","isPartOf":{"@id":"https:\/\/www.clinicaalthea.com\/farmacia\/#website"},"primaryImageOfPage":{"@id":"https:\/\/www.clinicaalthea.com\/farmacia\/cs\/apt\/corsanum\/#primaryimage"},"image":{"@id":"https:\/\/www.clinicaalthea.com\/farmacia\/cs\/apt\/corsanum\/#primaryimage"},"thumbnailUrl":"https:\/\/www.clinicaalthea.com\/farmacia\/wp-content\/uploads\/2024\/04\/CORSANUM.jpg","datePublished":"2024-04-30T14:04:34+00:00","dateModified":"2024-04-30T14:07:57+00:00","breadcrumb":{"@id":"https:\/\/www.clinicaalthea.com\/farmacia\/cs\/apt\/corsanum\/#breadcrumb"},"inLanguage":"pl-PL","potentialAction":[{"@type":"ReadAction","target":["https:\/\/www.clinicaalthea.com\/farmacia\/cs\/apt\/corsanum\/"]}]},{"@type":"ImageObject","inLanguage":"pl-PL","@id":"https:\/\/www.clinicaalthea.com\/farmacia\/cs\/apt\/corsanum\/#primaryimage","url":"https:\/\/www.clinicaalthea.com\/farmacia\/wp-content\/uploads\/2024\/04\/CORSANUM.jpg","contentUrl":"https:\/\/www.clinicaalthea.com\/farmacia\/wp-content\/uploads\/2024\/04\/CORSANUM.jpg","width":768,"height":768,"caption":"Corsanum"},{"@type":"BreadcrumbList","@id":"https:\/\/www.clinicaalthea.com\/farmacia\/cs\/apt\/corsanum\/#breadcrumb","itemListElement":[{"@type":"ListItem","position":1,"name":"Strona g\u0142\u00f3wna","item":"https:\/\/www.clinicaalthea.com\/farmacia\/"},{"@type":"ListItem","position":2,"name":"Produkty","item":"https:\/\/www.clinicaalthea.com\/farmacia\/"},{"@type":"ListItem","position":3,"name":"Corsanum"}]},{"@type":"WebSite","@id":"https:\/\/www.clinicaalthea.com\/farmacia\/#website","url":"https:\/\/www.clinicaalthea.com\/farmacia\/","name":"Clinica Althea","description":"","publisher":{"@id":"https:\/\/www.clinicaalthea.com\/farmacia\/#organization"},"potentialAction":[{"@type":"SearchAction","target":{"@type":"EntryPoint","urlTemplate":"https:\/\/www.clinicaalthea.com\/farmacia\/?s={search_term_string}"},"query-input":{"@type":"PropertyValueSpecification","valueRequired":true,"valueName":"search_term_string"}}],"inLanguage":"pl-PL"},{"@type":"Organization","@id":"https:\/\/www.clinicaalthea.com\/farmacia\/#organization","name":"Clinica Althea","url":"https:\/\/www.clinicaalthea.com\/farmacia\/","logo":{"@type":"ImageObject","inLanguage":"pl-PL","@id":"https:\/\/www.clinicaalthea.com\/farmacia\/#\/schema\/logo\/image\/","url":"https:\/\/www.clinicaalthea.com\/farmacia\/wp-content\/uploads\/2023\/12\/Jak-diagnozuje-sie-FAS_-objawy-kryteria-diagnostyczne-i-metody-diagnozowania-154162903.jpg","contentUrl":"https:\/\/www.clinicaalthea.com\/farmacia\/wp-content\/uploads\/2023\/12\/Jak-diagnozuje-sie-FAS_-objawy-kryteria-diagnostyczne-i-metody-diagnozowania-154162903.jpg","width":1216,"height":832,"caption":"Clinica Althea"},"image":{"@id":"https:\/\/www.clinicaalthea.com\/farmacia\/#\/schema\/logo\/image\/"}}]}},"lang":"cs","translations":{"cs":3652,"pl":3650,"de":3653,"es":3654,"fr":3655,"it":3656},"pll_sync_post":[],"_links":{"self":[{"href":"https:\/\/www.clinicaalthea.com\/farmacia\/wp-json\/wp\/v2\/product\/3652","targetHints":{"allow":["GET"]}}],"collection":[{"href":"https:\/\/www.clinicaalthea.com\/farmacia\/wp-json\/wp\/v2\/product"}],"about":[{"href":"https:\/\/www.clinicaalthea.com\/farmacia\/wp-json\/wp\/v2\/types\/product"}],"replies":[{"embeddable":true,"href":"https:\/\/www.clinicaalthea.com\/farmacia\/wp-json\/wp\/v2\/comments?post=3652"}],"wp:featuredmedia":[{"embeddable":true,"href":"https:\/\/www.clinicaalthea.com\/farmacia\/wp-json\/wp\/v2\/media\/3651"}],"wp:attachment":[{"href":"https:\/\/www.clinicaalthea.com\/farmacia\/wp-json\/wp\/v2\/media?parent=3652"}],"wp:term":[{"taxonomy":"product_brand","embeddable":true,"href":"https:\/\/www.clinicaalthea.com\/farmacia\/wp-json\/wp\/v2\/product_brand?post=3652"},{"taxonomy":"product_cat","embeddable":true,"href":"https:\/\/www.clinicaalthea.com\/farmacia\/wp-json\/wp\/v2\/product_cat?post=3652"},{"taxonomy":"product_tag","embeddable":true,"href":"https:\/\/www.clinicaalthea.com\/farmacia\/wp-json\/wp\/v2\/product_tag?post=3652"}],"curies":[{"name":"wp","href":"https:\/\/api.w.org\/{rel}","templated":true}]}}