{"id":3603,"date":"2024-04-30T11:08:26","date_gmt":"2024-04-30T10:08:26","guid":{"rendered":"https:\/\/mayoguide.org\/produkty\/?post_type=product&#038;p=3603"},"modified":"2024-08-14T06:46:25","modified_gmt":"2024-08-14T05:46:25","slug":"stimido","status":"publish","type":"product","link":"https:\/\/www.clinicaalthea.com\/farmacia\/de\/apt\/stimido\/","title":{"rendered":"Stimido"},"content":{"rendered":"\n<p>Sind Sie bereit, das Geheimnis zu entdecken, wie Sie Ihre <b>Libido<\/b> steigern und die Qualit\u00e4t Ihres Sexuallebens verbessern k\u00f6nnen? Dann k\u00f6nnte das <b>Nahrungserg\u00e4nzungsmittel<\/b> <b>Stimido<\/b> genau das sein, wonach Sie suchen. <b>Stimido<\/b> bietet eine <b>nat\u00fcrliche Unterst\u00fctzung<\/b> f\u00fcr Ihre <b>Libido<\/b> und verwendet eine Kombination aus nat\u00fcrlichen Pflanzenstoffen, Vitaminen und Mineralien, um Ihre sexuelle Aktivit\u00e4t zu verbessern, Ihr Verlangen nach Geschlechtsverkehr zu steigern, die <b>Durchblutung<\/b> der Genitalien zu verbessern und dar\u00fcber hinaus Ihr Selbstvertrauen im Schlafzimmer zu st\u00e4rken.<\/p>\n\n\n\n<h2 class=\"wp-block-heading\" id=\"h-czym-jest-stimido-i-jak-dziala\">Was ist Stimido und wie wirkt es?<\/h2>\n\n\n\n<p>Stimido ist ein speziell f\u00fcr Frauen entwickeltes <b>Nahrungserg\u00e4nzungsmittel<\/b>, dessen Hauptzweck darin besteht, die sexuelle Aktivit\u00e4t durch die Steigerung der Libido zu unterst\u00fctzen.<\/p>\n\n\n\n<p>Die<b>Zusammensetzung des<\/b> Nahrungserg\u00e4nzungsmittels basiert auf nat\u00fcrlichen pflanzlichen Inhaltsstoffen wie <em>L-Arginin<\/em>, <b>Bitterorangenfruchtextrakt<\/b>, brasilianischer <b>Ginsengwurzel<\/b>, <b>Liebst\u00f6ckel<\/b> und <b>Maca-Wurzel<\/b>, die nachweislich das sexuelle Verlangen stimulieren und die Empfindungen beim Geschlechtsverkehr verbessern.<\/p>\n\n\n\n<p>Dar\u00fcber hinaus enth\u00e4lt das Pr\u00e4parat <b>Vitamine<\/b> und <b>Mineralien<\/b> wie Vitamin E, Selen und Zink zur Unterst\u00fctzung einer gesunden Sexualfunktion. Die <b>regelm\u00e4\u00dfige Einnahme von<\/b> Stimido verbessert die <b>Durchblutung<\/b> der Genitalien, steigert das Empfinden von taktilen Reizen und verleiht Energie, was zu einem befriedigenden Sexualleben beitr\u00e4gt.<\/p>\n\n\n\n<h2 class=\"wp-block-heading\" id=\"h-stimido-efekty\">Stimido &#8211; Wirkungen<\/h2>\n\n\n\n<p>Stimido hat eine Reihe von <b>Wirkungen<\/b>, die die Qualit\u00e4t des Sexuallebens der Frau verbessern. Die <b>regelm\u00e4\u00dfige Einnahme<\/b> des Pr\u00e4parats \u00fcber einen Monat f\u00fchrt zu sp\u00fcrbaren Ergebnissen, die die sexuelle Aktivit\u00e4t verbessern und die Freude an intimen Momenten wiederherstellen.<\/p>\n\n\n\n<p>Die Anwenderinnen von Stimido k\u00f6nnen Folgendes erleben:<\/p>\n\n\n\n<ul class=\"wp-block-list\">\n<li>ein gesteigertes Verlangen nach Geschlechtsverkehr, was zu einer besseren Befriedigung und einem gr\u00f6\u00dferen Vergn\u00fcgen f\u00fchrt;<\/li>\n\n\n\n<li>eine<b>verbesserte Blutzufuhr<\/b> zu den Genitalien, was zu intensiveren Empfindungen w\u00e4hrend des Geschlechtsverkehrs f\u00fchrt;<\/li>\n\n\n\n<li>mehr Selbstvertrauen und Offenheit im Schlafzimmer, was die Bindung und das Erforschen der eigenen Sexualit\u00e4t f\u00f6rdert.<\/li>\n<\/ul>\n\n\n\n<p>Diese <b>Wirkungen<\/b> bedeuten, dass Frauen, die Stimido einnehmen, mehr Freude an der Intimit\u00e4t haben und zufriedener mit ihrer sexuellen Aktivit\u00e4t sind.<\/p>\n\n\n\n<figure class=\"wp-block-table\"><table><tbody><tr><th>Auswirkungen der Einnahme von Stimido<\/th><th>Bewertung der Anwenderin<\/th><\/tr><tr><td>Gesteigerte Lust auf Sex<\/td><td>9.5\/10<\/td><\/tr><tr><td><b>Verbesserte Blutzufuhr zu den Genitalien<\/b><\/td><td>9\/10<\/td><\/tr><tr><td><b>Gesteigertes Selbstvertrauen<\/b> im Schlafzimmer<\/td><td>8.5\/10<\/td><\/tr><\/tbody><\/table><\/figure>\n\n\n\n<blockquote class=\"wp-block-quote is-layout-flow wp-block-quote-is-layout-flow\">\n<p>Benutzer-Feedback: &#8220;Die Anwendung von Stimido hat mir beeindruckende Ergebnisse gebracht. Mein Verlangen nach Sex ist gestiegen und die Empfindungen sind intensiver geworden. Au\u00dferdem f\u00fchle ich mich im Schlafzimmer selbstbewusster, was sich stark auf die Qualit\u00e4t unserer Beziehung zu unserem Partner auswirkt.&#8221;<\/p>\n<\/blockquote>\n\n\n\n<h2 class=\"wp-block-heading\" id=\"h-jak-prawidlowo-stosowac-stimido-dawkowanie\">Wie man Stimido richtig verwendet &#8211; Dosierung<\/h2>\n\n\n\n<p>Die<b>korrekte Anwendung von<\/b> Stimido ist der Schl\u00fcssel zum Erreichen der besten libidosteigernden Ergebnisse. Um das volle Potenzial dieses Nahrungserg\u00e4nzungsmittels auszusch\u00f6pfen, ist es wichtig, die Dosierungs- und Einnahmeempfehlungen zu beachten.<\/p>\n\n\n\n<ol class=\"wp-block-list\">\n<li><strong>T\u00e4gliche Dosierung:<\/strong> Es wird empfohlen, t\u00e4glich 2 Kapseln Stimido einzunehmen.<\/li>\n\n\n\n<li><strong>Art der Einnahme:<\/strong> Die Kapseln werden am besten mit reichlich Wasser und vor den Mahlzeiten eingenommen.<\/li>\n\n\n\n<li><strong>Regelm\u00e4\u00dfige Einnahme:<\/strong> Um die besten Ergebnisse zu erzielen, ist es wichtig, das Erg\u00e4nzungsmittel regelm\u00e4\u00dfig \u00fcber einen Zeitraum von 1 Monat einzunehmen. Regelm\u00e4\u00dfigkeit ist der Schl\u00fcssel, damit die Wirkstoffe von Stimido allm\u00e4hlich wirken k\u00f6nnen.<\/li>\n<\/ol>\n\n\n\n<p>Denken Sie daran, dass ein <b>Nahrungserg\u00e4nzungsmittel<\/b> eine abwechslungsreiche Ern\u00e4hrung nicht ersetzen kann. Es ist wichtig, einen gesunden Lebensstil beizubehalten, regelm\u00e4\u00dfige k\u00f6rperliche Aktivit\u00e4t und eine richtige Ern\u00e4hrung sind von gr\u00f6\u00dfter Bedeutung f\u00fcr das allgemeine Wohlbefinden und die sexuelle Gesundheit.<\/p>\n\n\n\n<h2 class=\"wp-block-heading\" id=\"h-stimido-opinie-i-recenzje-forum\">Stimido &#8211; Meinungen und Bewertungen, Forum<\/h2>\n\n\n\n<p>Die Bewertungen der<b>Benutzer<\/b> von Stimido sind \u00fcberwiegend positiv. Frauen, die das Pr\u00e4parat verwendet haben, betonen seine <b>Wirksamkeit<\/b> und seine Wirkung auf die Steigerung der Libido. Aus den <b>Bewertungen<\/b> geht hervor, dass Stimido dazu beitr\u00e4gt, das Verlangen nach Geschlechtsverkehr zu steigern, die <b>Durchblutung<\/b> der Genitalien zu verbessern und die Empfindungen beim Geschlechtsverkehr zu intensivieren. Die Benutzer sch\u00e4tzen auch die nat\u00fcrliche <b>Zusammensetzung<\/b> des Pr\u00e4parats und das Fehlen von Nebenwirkungen. <b>Bewertungen<\/b> sind in verschiedenen Online-Foren zu finden, in denen Frauen ihre pers\u00f6nlichen Erfahrungen mit der Verwendung von Stimido mitteilen.<\/p>\n\n\n\n<figure class=\"wp-block-table\"><table><tbody><tr><th>Stimido Meinungen und Bewertungen<\/th><th>Wirksamkeit<\/th><th>Wirkung<\/th><\/tr><tr><td>&#8220;Stimido ist eine gro\u00dfartige Erg\u00e4nzung, die meine Libido wirklich verbessert hat. Ich habe jetzt ein viel gr\u00f6\u00dferes Verlangen nach Intimit\u00e4t und meine Empfindungen sind intensiver. Sehr zu empfehlen!&#8221; &#8211; Ania<\/td><td>\ud83c\udf1f\ud83c\udf1f\ud83c\udf1f\ud83c\udf1f\ud83c\udf1f<\/td><td>\ud83c\udf1f\ud83c\udf1f\ud83c\udf1f\ud83c\udf1f\ud83c\udf1f<\/td><\/tr><tr><td>&#8220;Seit ich Stimido benutze, habe ich einen gro\u00dfen Unterschied in meinem Sexualleben festgestellt. Ich bin zufriedener und selbstbewusster. Es funktioniert wirklich!&#8221; &#8211; Kamila<\/td><td>\ud83c\udf1f\ud83c\udf1f\ud83c\udf1f\ud83c\udf1f\ud83c\udf1f<\/td><td>\ud83c\udf1f\ud83c\udf1f\ud83c\udf1f\ud83c\udf1f\ud83c\udf1f<\/td><\/tr><tr><td>&#8220;Stimido ist ein gro\u00dfartiges Nahrungserg\u00e4nzungsmittel. Es hat meine Libido verbessert und mein Verlangen nach Geschlechtsverkehr gesteigert. Dar\u00fcber hinaus habe ich keine Nebenwirkungen festgestellt. Ich empfehle es jedem!&#8221; &#8211; Marta<\/td><td>\ud83c\udf1f\ud83c\udf1f\ud83c\udf1f\ud83c\udf1f\ud83c\udf1f<\/td><td>\ud83c\udf1f\ud83c\udf1f\ud83c\udf1f\ud83c\udf1f\ud83c\udf1f<\/td><\/tr><\/tbody><\/table><\/figure>\n\n\n\n<h2 class=\"wp-block-heading\" id=\"h-sklad-stimido-analiza-skladnikow\">Zusammensetzung von Stimido &#8211; Analyse der Inhaltsstoffe<\/h2>\n\n\n\n<p>Die Zusammensetzung des Nahrungserg\u00e4nzungsmittels Stimido basiert auf nat\u00fcrlichen pflanzlichen Inhaltsstoffen und einem Komplex aus Vitaminen und Mineralien. Zu den wichtigsten Inhaltsstoffen geh\u00f6ren <b>L-Arginin<\/b>, <b>Bitterorangenfruchtextrakt<\/b>, <b>Ginsengwurzel<\/b>, <b>Liebst\u00f6ckel<\/b> und <b>Maca-Wurzel<\/b>. Diese Inhaltsstoffe <b>verbessern<\/b> nachweislich die Libido und die sexuelle Aktivit\u00e4t. Dar\u00fcber hinaus enth\u00e4lt das Pr\u00e4parat Vitamin E, Selen und Zink, um die sexuelle Gesundheit und das Wohlbefinden zu unterst\u00fctzen.<\/p>\n\n\n\n<figure class=\"wp-block-table\"><table><tbody><tr><th>Stimido Erg\u00e4nzung Zutaten:<\/th><\/tr><tr><td><strong>&#8211; <b>L-Arginin<\/b><\/strong><\/td><\/tr><tr><td><strong>&#8211; <b>Extrakt aus Bitterorangenfr\u00fcchten<\/b><\/strong><\/td><\/tr><tr><td><strong>&#8211; Brasilianische <b>Ginsengwurzel<\/b><\/strong><\/td><\/tr><tr><td>&#8211; <b>Liebst\u00f6ckel<\/b><\/td><\/tr><tr><td><strong>&#8211; <b>Maca-Wurzel<\/b><\/strong><\/td><\/tr><tr><td><strong>&#8211; Vitamin E<\/strong><\/td><\/tr><tr><td><strong>&#8211; Selen<\/strong><\/td><\/tr><tr><td><strong>&#8211; Zink<\/strong><\/td><\/tr><\/tbody><\/table><\/figure>\n\n\n\n<h2 class=\"wp-block-heading\" id=\"h-gdzie-kupic-stimido-cena\">Wo kann man Stimido kaufen &#8211; Preis<\/h2>\n\n\n\n<p>Stimido kann auf der offiziellen Website des Herstellers gekauft werden, was die Echtheit des Produkts und attraktive Werbeangebote gew\u00e4hrleistet. <\/p>\n\n\n\n<p>Der<b>Preis des<\/b> Nahrungserg\u00e4nzungsmittels ist sehr attraktiv, und dar\u00fcber hinaus bietet der Hersteller oft Sonderangebote von bis zu -50% an, was eine rentable Investition in die Verbesserung der Qualit\u00e4t des Sexuallebens darstellt. <\/p>\n\n\n\n<p>Aufgrund der <b>Sicherheit<\/b> und Qualit\u00e4t des Pr\u00e4parats ist es empfehlenswert, es direkt beim Hersteller zu kaufen, um F\u00e4lschungen und nicht authentische Produkte zu vermeiden.<\/p>\n\n\n\n<h2 class=\"wp-block-heading\" id=\"h-potencjalne-skutki-uboczne-i-przeciwwskazania-do-stosowania-stimido\">M\u00f6gliche Nebenwirkungen und Kontraindikationen von Stimido<\/h2>\n\n\n\n<p>Da es sich bei Stimido um ein Nahrungserg\u00e4nzungsmittel mit einer nat\u00fcrlichen Zusammensetzung handelt, ist das Risiko von Nebenwirkungen minimal. Dennoch besteht die M\u00f6glichkeit von allergischen Reaktionen oder unerw\u00fcnschten Wirkungen bei Personen, die auf einen der Inhaltsstoffe \u00fcberempfindlich reagieren. Daher ist es immer ratsam, einen Arzt zu konsultieren, bevor man mit einer neuen Erg\u00e4nzung beginnt. Es sei daran erinnert, dass Stimido nicht f\u00fcr Personen unter 18 Jahren geeignet ist.<\/p>\n\n\n\n<p>Es ist auch wichtig, die Dosierungsempfehlungen des Pr\u00e4parats zu befolgen und die empfohlene Tagesdosis nicht zu \u00fcberschreiten. Die Einhaltung der richtigen Proportionen und Regeln f\u00fcr die Verwendung des Nahrungserg\u00e4nzungsmittels gew\u00e4hrleistet seine sichere und wirksame <b>Wirkung<\/b>.<\/p>\n\n\n\n<p>Um die Sicherheit zu gew\u00e4hrleisten und das Risiko von Nebenwirkungen zu minimieren, sollten Sie sich \u00fcber Ihre individuellen Bed\u00fcrfnisse und m\u00f6gliche Kontraindikationen f\u00fcr die Einnahme von Stimido bewusst sein. Die Konsultation Ihres Arztes hilft Ihnen, unerw\u00fcnschte Reaktionen zu vermeiden und eine wirksame und sichere Behandlung zu gew\u00e4hrleisten.<\/p>\n","protected":false},"excerpt":{"rendered":"<p><strong>20.00 \u20ac<\/strong><\/p>\n<p><del>40.00 \u20ac<\/del><\/p>\n<p><strong>[date_countdown]<\/strong><\/p>\n","protected":false},"featured_media":3601,"comment_status":"open","ping_status":"closed","template":"","meta":{"neve_meta_sidebar":"","neve_meta_container":"","neve_meta_enable_content_width":"","neve_meta_content_width":0,"neve_meta_title_alignment":"","neve_meta_author_avatar":"","neve_post_elements_order":"","neve_meta_disable_header":"","neve_meta_disable_footer":"","neve_meta_disable_title":"","neve_meta_reading_time":""},"product_brand":[],"product_cat":[275],"product_tag":[],"class_list":{"0":"post-3603","1":"product","2":"type-product","3":"status-publish","4":"has-post-thumbnail","6":"product_cat-sexuelle-gesundheit","8":"first","9":"instock","10":"shipping-taxable","11":"product-type-external"},"yoast_head":"<!-- This site is optimized with the Yoast SEO plugin v27.4 - https:\/\/yoast.com\/product\/yoast-seo-wordpress\/ -->\n<title>Stimido - Clinica Althea<\/title>\n<meta name=\"robots\" content=\"index, follow, max-snippet:-1, max-image-preview:large, max-video-preview:-1\" \/>\n<link rel=\"canonical\" href=\"https:\/\/www.clinicaalthea.com\/farmacia\/de\/apt\/stimido\/\" \/>\n<meta property=\"og:locale\" content=\"pl_PL\" \/>\n<meta property=\"og:type\" content=\"article\" \/>\n<meta property=\"og:title\" content=\"Stimido - Clinica Althea\" \/>\n<meta property=\"og:description\" content=\"20.00 \u20ac 40.00 \u20ac\" \/>\n<meta property=\"og:url\" content=\"https:\/\/www.clinicaalthea.com\/farmacia\/de\/apt\/stimido\/\" \/>\n<meta property=\"og:site_name\" content=\"Clinica Althea\" \/>\n<meta property=\"article:modified_time\" content=\"2024-08-14T05:46:25+00:00\" \/>\n<meta property=\"og:image\" content=\"https:\/\/www.clinicaalthea.com\/farmacia\/wp-content\/uploads\/2024\/04\/STIMIDO.jpg\" \/>\n\t<meta property=\"og:image:width\" content=\"768\" \/>\n\t<meta property=\"og:image:height\" content=\"768\" \/>\n\t<meta property=\"og:image:type\" content=\"image\/jpeg\" \/>\n<meta name=\"twitter:card\" content=\"summary_large_image\" \/>\n<meta name=\"twitter:label1\" content=\"Szacowany czas czytania\" \/>\n\t<meta name=\"twitter:data1\" content=\"6 minut\" \/>\n<script type=\"application\/ld+json\" class=\"yoast-schema-graph\">{\"@context\":\"https:\\\/\\\/schema.org\",\"@graph\":[{\"@type\":\"WebPage\",\"@id\":\"https:\\\/\\\/www.clinicaalthea.com\\\/farmacia\\\/de\\\/apt\\\/stimido\\\/\",\"url\":\"https:\\\/\\\/www.clinicaalthea.com\\\/farmacia\\\/de\\\/apt\\\/stimido\\\/\",\"name\":\"Stimido - Clinica Althea\",\"isPartOf\":{\"@id\":\"https:\\\/\\\/www.clinicaalthea.com\\\/farmacia\\\/#website\"},\"primaryImageOfPage\":{\"@id\":\"https:\\\/\\\/www.clinicaalthea.com\\\/farmacia\\\/de\\\/apt\\\/stimido\\\/#primaryimage\"},\"image\":{\"@id\":\"https:\\\/\\\/www.clinicaalthea.com\\\/farmacia\\\/de\\\/apt\\\/stimido\\\/#primaryimage\"},\"thumbnailUrl\":\"https:\\\/\\\/www.clinicaalthea.com\\\/farmacia\\\/wp-content\\\/uploads\\\/2024\\\/04\\\/STIMIDO.jpg\",\"datePublished\":\"2024-04-30T10:08:26+00:00\",\"dateModified\":\"2024-08-14T05:46:25+00:00\",\"breadcrumb\":{\"@id\":\"https:\\\/\\\/www.clinicaalthea.com\\\/farmacia\\\/de\\\/apt\\\/stimido\\\/#breadcrumb\"},\"inLanguage\":\"pl-PL\",\"potentialAction\":[{\"@type\":\"ReadAction\",\"target\":[\"https:\\\/\\\/www.clinicaalthea.com\\\/farmacia\\\/de\\\/apt\\\/stimido\\\/\"]}]},{\"@type\":\"ImageObject\",\"inLanguage\":\"pl-PL\",\"@id\":\"https:\\\/\\\/www.clinicaalthea.com\\\/farmacia\\\/de\\\/apt\\\/stimido\\\/#primaryimage\",\"url\":\"https:\\\/\\\/www.clinicaalthea.com\\\/farmacia\\\/wp-content\\\/uploads\\\/2024\\\/04\\\/STIMIDO.jpg\",\"contentUrl\":\"https:\\\/\\\/www.clinicaalthea.com\\\/farmacia\\\/wp-content\\\/uploads\\\/2024\\\/04\\\/STIMIDO.jpg\",\"width\":768,\"height\":768,\"caption\":\"STIMIDO\"},{\"@type\":\"BreadcrumbList\",\"@id\":\"https:\\\/\\\/www.clinicaalthea.com\\\/farmacia\\\/de\\\/apt\\\/stimido\\\/#breadcrumb\",\"itemListElement\":[{\"@type\":\"ListItem\",\"position\":1,\"name\":\"Strona g\u0142\u00f3wna\",\"item\":\"https:\\\/\\\/www.clinicaalthea.com\\\/farmacia\\\/\"},{\"@type\":\"ListItem\",\"position\":2,\"name\":\"Produkty\",\"item\":\"https:\\\/\\\/www.clinicaalthea.com\\\/farmacia\\\/\"},{\"@type\":\"ListItem\",\"position\":3,\"name\":\"Stimido\"}]},{\"@type\":\"WebSite\",\"@id\":\"https:\\\/\\\/www.clinicaalthea.com\\\/farmacia\\\/#website\",\"url\":\"https:\\\/\\\/www.clinicaalthea.com\\\/farmacia\\\/\",\"name\":\"Clinica Althea\",\"description\":\"\",\"publisher\":{\"@id\":\"https:\\\/\\\/www.clinicaalthea.com\\\/farmacia\\\/#organization\"},\"potentialAction\":[{\"@type\":\"SearchAction\",\"target\":{\"@type\":\"EntryPoint\",\"urlTemplate\":\"https:\\\/\\\/www.clinicaalthea.com\\\/farmacia\\\/?s={search_term_string}\"},\"query-input\":{\"@type\":\"PropertyValueSpecification\",\"valueRequired\":true,\"valueName\":\"search_term_string\"}}],\"inLanguage\":\"pl-PL\"},{\"@type\":\"Organization\",\"@id\":\"https:\\\/\\\/www.clinicaalthea.com\\\/farmacia\\\/#organization\",\"name\":\"Clinica Althea\",\"url\":\"https:\\\/\\\/www.clinicaalthea.com\\\/farmacia\\\/\",\"logo\":{\"@type\":\"ImageObject\",\"inLanguage\":\"pl-PL\",\"@id\":\"https:\\\/\\\/www.clinicaalthea.com\\\/farmacia\\\/#\\\/schema\\\/logo\\\/image\\\/\",\"url\":\"https:\\\/\\\/www.clinicaalthea.com\\\/farmacia\\\/wp-content\\\/uploads\\\/2023\\\/12\\\/Jak-diagnozuje-sie-FAS_-objawy-kryteria-diagnostyczne-i-metody-diagnozowania-154162903.jpg\",\"contentUrl\":\"https:\\\/\\\/www.clinicaalthea.com\\\/farmacia\\\/wp-content\\\/uploads\\\/2023\\\/12\\\/Jak-diagnozuje-sie-FAS_-objawy-kryteria-diagnostyczne-i-metody-diagnozowania-154162903.jpg\",\"width\":1216,\"height\":832,\"caption\":\"Clinica Althea\"},\"image\":{\"@id\":\"https:\\\/\\\/www.clinicaalthea.com\\\/farmacia\\\/#\\\/schema\\\/logo\\\/image\\\/\"}}]}<\/script>\n<!-- \/ Yoast SEO plugin. -->","yoast_head_json":{"title":"Stimido - Clinica Althea","robots":{"index":"index","follow":"follow","max-snippet":"max-snippet:-1","max-image-preview":"max-image-preview:large","max-video-preview":"max-video-preview:-1"},"canonical":"https:\/\/www.clinicaalthea.com\/farmacia\/de\/apt\/stimido\/","og_locale":"pl_PL","og_type":"article","og_title":"Stimido - Clinica Althea","og_description":"20.00 \u20ac 40.00 \u20ac","og_url":"https:\/\/www.clinicaalthea.com\/farmacia\/de\/apt\/stimido\/","og_site_name":"Clinica Althea","article_modified_time":"2024-08-14T05:46:25+00:00","og_image":[{"width":768,"height":768,"url":"https:\/\/www.clinicaalthea.com\/farmacia\/wp-content\/uploads\/2024\/04\/STIMIDO.jpg","type":"image\/jpeg"}],"twitter_card":"summary_large_image","twitter_misc":{"Szacowany czas czytania":"6 minut"},"schema":{"@context":"https:\/\/schema.org","@graph":[{"@type":"WebPage","@id":"https:\/\/www.clinicaalthea.com\/farmacia\/de\/apt\/stimido\/","url":"https:\/\/www.clinicaalthea.com\/farmacia\/de\/apt\/stimido\/","name":"Stimido - Clinica Althea","isPartOf":{"@id":"https:\/\/www.clinicaalthea.com\/farmacia\/#website"},"primaryImageOfPage":{"@id":"https:\/\/www.clinicaalthea.com\/farmacia\/de\/apt\/stimido\/#primaryimage"},"image":{"@id":"https:\/\/www.clinicaalthea.com\/farmacia\/de\/apt\/stimido\/#primaryimage"},"thumbnailUrl":"https:\/\/www.clinicaalthea.com\/farmacia\/wp-content\/uploads\/2024\/04\/STIMIDO.jpg","datePublished":"2024-04-30T10:08:26+00:00","dateModified":"2024-08-14T05:46:25+00:00","breadcrumb":{"@id":"https:\/\/www.clinicaalthea.com\/farmacia\/de\/apt\/stimido\/#breadcrumb"},"inLanguage":"pl-PL","potentialAction":[{"@type":"ReadAction","target":["https:\/\/www.clinicaalthea.com\/farmacia\/de\/apt\/stimido\/"]}]},{"@type":"ImageObject","inLanguage":"pl-PL","@id":"https:\/\/www.clinicaalthea.com\/farmacia\/de\/apt\/stimido\/#primaryimage","url":"https:\/\/www.clinicaalthea.com\/farmacia\/wp-content\/uploads\/2024\/04\/STIMIDO.jpg","contentUrl":"https:\/\/www.clinicaalthea.com\/farmacia\/wp-content\/uploads\/2024\/04\/STIMIDO.jpg","width":768,"height":768,"caption":"STIMIDO"},{"@type":"BreadcrumbList","@id":"https:\/\/www.clinicaalthea.com\/farmacia\/de\/apt\/stimido\/#breadcrumb","itemListElement":[{"@type":"ListItem","position":1,"name":"Strona g\u0142\u00f3wna","item":"https:\/\/www.clinicaalthea.com\/farmacia\/"},{"@type":"ListItem","position":2,"name":"Produkty","item":"https:\/\/www.clinicaalthea.com\/farmacia\/"},{"@type":"ListItem","position":3,"name":"Stimido"}]},{"@type":"WebSite","@id":"https:\/\/www.clinicaalthea.com\/farmacia\/#website","url":"https:\/\/www.clinicaalthea.com\/farmacia\/","name":"Clinica Althea","description":"","publisher":{"@id":"https:\/\/www.clinicaalthea.com\/farmacia\/#organization"},"potentialAction":[{"@type":"SearchAction","target":{"@type":"EntryPoint","urlTemplate":"https:\/\/www.clinicaalthea.com\/farmacia\/?s={search_term_string}"},"query-input":{"@type":"PropertyValueSpecification","valueRequired":true,"valueName":"search_term_string"}}],"inLanguage":"pl-PL"},{"@type":"Organization","@id":"https:\/\/www.clinicaalthea.com\/farmacia\/#organization","name":"Clinica Althea","url":"https:\/\/www.clinicaalthea.com\/farmacia\/","logo":{"@type":"ImageObject","inLanguage":"pl-PL","@id":"https:\/\/www.clinicaalthea.com\/farmacia\/#\/schema\/logo\/image\/","url":"https:\/\/www.clinicaalthea.com\/farmacia\/wp-content\/uploads\/2023\/12\/Jak-diagnozuje-sie-FAS_-objawy-kryteria-diagnostyczne-i-metody-diagnozowania-154162903.jpg","contentUrl":"https:\/\/www.clinicaalthea.com\/farmacia\/wp-content\/uploads\/2023\/12\/Jak-diagnozuje-sie-FAS_-objawy-kryteria-diagnostyczne-i-metody-diagnozowania-154162903.jpg","width":1216,"height":832,"caption":"Clinica Althea"},"image":{"@id":"https:\/\/www.clinicaalthea.com\/farmacia\/#\/schema\/logo\/image\/"}}]}},"lang":"de","translations":{"de":3603,"cs":3602,"pl":3600,"es":3604,"fr":3605,"it":3606,"nl":3607,"sk":3608},"pll_sync_post":[],"_links":{"self":[{"href":"https:\/\/www.clinicaalthea.com\/farmacia\/wp-json\/wp\/v2\/product\/3603","targetHints":{"allow":["GET"]}}],"collection":[{"href":"https:\/\/www.clinicaalthea.com\/farmacia\/wp-json\/wp\/v2\/product"}],"about":[{"href":"https:\/\/www.clinicaalthea.com\/farmacia\/wp-json\/wp\/v2\/types\/product"}],"replies":[{"embeddable":true,"href":"https:\/\/www.clinicaalthea.com\/farmacia\/wp-json\/wp\/v2\/comments?post=3603"}],"wp:featuredmedia":[{"embeddable":true,"href":"https:\/\/www.clinicaalthea.com\/farmacia\/wp-json\/wp\/v2\/media\/3601"}],"wp:attachment":[{"href":"https:\/\/www.clinicaalthea.com\/farmacia\/wp-json\/wp\/v2\/media?parent=3603"}],"wp:term":[{"taxonomy":"product_brand","embeddable":true,"href":"https:\/\/www.clinicaalthea.com\/farmacia\/wp-json\/wp\/v2\/product_brand?post=3603"},{"taxonomy":"product_cat","embeddable":true,"href":"https:\/\/www.clinicaalthea.com\/farmacia\/wp-json\/wp\/v2\/product_cat?post=3603"},{"taxonomy":"product_tag","embeddable":true,"href":"https:\/\/www.clinicaalthea.com\/farmacia\/wp-json\/wp\/v2\/product_tag?post=3603"}],"curies":[{"name":"wp","href":"https:\/\/api.w.org\/{rel}","templated":true}]}}