{"id":3535,"date":"2024-04-30T09:21:42","date_gmt":"2024-04-30T08:21:42","guid":{"rendered":"https:\/\/mayoguide.org\/produkty\/?post_type=product&#038;p=3535"},"modified":"2024-04-30T09:26:52","modified_gmt":"2024-04-30T08:26:52","slug":"varicoff","status":"publish","type":"product","link":"https:\/\/www.clinicaalthea.com\/farmacia\/de\/apt\/varicoff\/","title":{"rendered":"Varicoff"},"content":{"rendered":"\n<h2 class=\"wp-block-heading\" id=\"h-czym-jest-varicoff-i-jak-dziala\">Was ist Varicoff und wie wirkt es?<\/h2>\n\n\n\n<p><b>Varicoff<\/b> ist eine fortschrittliche Creme zur Bek\u00e4mpfung von Krampfaderproblemen. Sie wirkt, indem sie die Mikrozirkulation des Blutes verbessert und Schwellungen und Schweregef\u00fchle in den Beinen reduziert. Inhaltsstoffe wie Rosskastanienextrakt und Diosmin verbessern nachweislich den Zustand der Blutgef\u00e4\u00dfe und reduzieren die Symptome von Krampfadern.<\/p>\n\n\n\n<p>Varicoff richtet sich an Menschen, die an Krampfadern leiden und ihren Zustand verbessern m\u00f6chten. Es enth\u00e4lt fortschrittliche Inhaltsstoffe, die synergetisch wirken, um Linderung zu verschaffen und die sichtbaren Symptome von Krampfadern zu reduzieren.<\/p>\n\n\n\n<p>Die wichtigsten Inhaltsstoffe von Varicoff, wie Rosskastanienextrakt, Diosmin, Troxerutin und Hesperidin, haben nachweislich Eigenschaften zur Verbesserung des Zustands der Blutgef\u00e4\u00dfe. Der Rosskastanienextrakt verbessert die Mikrozirkulation und st\u00e4rkt die Venenw\u00e4nde, wodurch Schwellungen und das Gef\u00fchl von schweren Beinen reduziert werden. Diosmin, Troxerutin und Hesperidin reduzieren die sichtbaren Symptome von Krampfadern, wie Besenreiser, M\u00fcdigkeit und Schmerzen in den Beinen.<\/p>\n\n\n\n<figure class=\"wp-block-table\"><table><tbody><tr><th>Die Vorteile von Varicoff:<\/th><th>Wie Varicoff wirkt:<\/th><\/tr><tr><td>\n<ul>\n<li>Verringert Schwellungen<\/li>\n<li>Erleichtert die Blutzirkulation<\/li>\n<li>Lindert Beinschmerzen und M\u00fcdigkeit<\/li>\n<\/ul>\n<\/td><td>\n<ul>\n<li>Verbessert die Mikrozirkulation des Blutes<\/li>\n<li>St\u00e4rkt die Venenw\u00e4nde<\/li>\n<li>Reduziert die sichtbaren Symptome von Krampfadern<\/li>\n<\/ul>\n<\/td><\/tr><\/tbody><\/table><\/figure>\n\n\n\n<h2 class=\"wp-block-heading\" id=\"h-varicoff-efekty\">Varicoff &#8211; Wirkungen<\/h2>\n\n\n\n<p>Varicoff ist ein wirksames Pr\u00e4parat, das viele positive Effekte im Kampf gegen Krampfadern hat. Die regelm\u00e4\u00dfige Einnahme von Varicoff kann helfen, die l\u00e4stigen Symptome von Krampfadern loszuwerden und das allgemeine Erscheinungsbild der Beine zu verbessern.<\/p>\n\n\n\n<ul class=\"wp-block-list\">\n<li>Reduziert Schwellungen: Varicoff hat eine entz\u00fcndungshemmende und schmerzlindernde Wirkung, die dazu beitr\u00e4gt, durch <b>Krampfadern<\/b> verursachte Schwellungen zu reduzieren. Dies verschafft geschwollenen Beinen Linderung und macht sie leichter und angenehmer.<\/li>\n\n\n\n<li>Es reduziert das Schweregef\u00fchl: Wenn man mit Krampfadern zu tun hat, f\u00fchlen sich die Beine oft schwer und m\u00fcde an. Die Anwendung von Varicoff kann dieses Gef\u00fchl verringern, was zu einer Erleichterung und einem h\u00f6heren Komfort f\u00fcr den Benutzer f\u00fchrt.<\/li>\n\n\n\n<li>Lindert Schmerzen: <b>Krampfadern<\/b> k\u00f6nnen schmerzhaft sein, besonders wenn sie fortgeschritten sind. Dank der Inhaltsstoffe mit schmerzlindernden Eigenschaften k\u00f6nnen die Schmerzen gelindert und die Lebensqualit\u00e4t der Betroffenen verbessert werden.<\/li>\n\n\n\n<li>Verbessert das Aussehen der Beine: <b>Krampfadern<\/b> und Besenreiser an den Beinen k\u00f6nnen \u00e4sthetisch unattraktiv sein. Bei regelm\u00e4\u00dfiger Anwendung kann die Sichtbarkeit von Besenreisern reduziert und das Erscheinungsbild der Beine verbessert werden.<\/li>\n\n\n\n<li>Erleichterung der t\u00e4glichen Arbeit: Dank der Wirkung auf die Mikrozirkulation des Blutes ist es einfacher, die t\u00e4glichen Aktivit\u00e4ten auszuf\u00fchren, ohne sich m\u00fcde oder unwohl zu f\u00fchlen.<\/li>\n<\/ul>\n\n\n\n<p>Es ist jedoch zu bedenken, dass die Wirkung von Varicoff je nach den individuellen Bed\u00fcrfnissen und dem Schweregrad der Krampfadern variieren kann. Viele Anwender berichten jedoch bereits nach wenigen Wochen regelm\u00e4\u00dfiger Anwendung von sp\u00fcrbaren Verbesserungen.<\/p>\n\n\n\n<h2 class=\"wp-block-heading\" id=\"h-jak-stosowac-varicoff-dawkowanie\">Wie wird Varicoff angewendet? &#8211; Dosierung<\/h2>\n\n\n\n<p>Bei der Anwendung von Varicoff kommt es auf die richtige <b>Dosierung<\/b> und die Art der Anwendung der Creme an. Das Pr\u00e4parat hat die Form einer Creme, die sanft in die betroffenen Bereiche der Beine einmassiert werden sollte. Die Wirkung der Inhaltsstoffe von Varicoff ist effektiv, aber eine regelm\u00e4\u00dfige Anwendung wird empfohlen, um die besten Ergebnisse zu erzielen.<\/p>\n\n\n\n<p>Um den gr\u00f6\u00dftm\u00f6glichen Nutzen zu erzielen und die mit Krampfadern verbundenen Beschwerden zu lindern, sollten Sie die Creme wie folgt anwenden:<\/p>\n\n\n\n<ol class=\"wp-block-list\">\n<li>Tragen Sie eine kleine Menge von Varicoff auf Ihre H\u00e4nde auf.<\/li>\n\n\n\n<li>Massieren Sie die Creme mit sanften Massagebewegungen in die betroffenen Bereiche der Beine ein, bis das Produkt vollst\u00e4ndig eingezogen ist.<\/li>\n\n\n\n<li>Es wird empfohlen, die Creme abends vor dem Schlafengehen aufzutragen, damit die Inhaltsstoffe in Ruhe einwirken k\u00f6nnen.<\/li>\n\n\n\n<li>Tragen Sie das Produkt regelm\u00e4\u00dfig \u00fcber einen bestimmten Zeitraum auf, um die besten Ergebnisse zu erzielen. Die H\u00e4ufigkeit der Anwendung kann auf die individuellen Bed\u00fcrfnisse abgestimmt werden, eine t\u00e4gliche Anwendung wird jedoch empfohlen.<\/li>\n\n\n\n<li>Denken Sie daran, die Informationen auf der Verpackung und die Anweisungen des Herstellers sorgf\u00e4ltig zu lesen, bevor Sie mit der Anwendung beginnen.<\/li>\n<\/ol>\n\n\n\n<p>Die Befolgung der Dosierungsempfehlungen von Varicoff ist der Schl\u00fcssel zur Erzielung der beabsichtigten Ergebnisse. Wenn Sie Zweifel an der Anwendung von Varicoff haben, fragen Sie Ihren Arzt oder Apotheker.<\/p>\n\n\n\n<h2 class=\"wp-block-heading\" id=\"h-opinie-o-varicoff-co-mowia-uzytkownicy-na-forach\">Varicoff-Bewertungen &#8211; Was sagen die Benutzer in den Foren?<\/h2>\n\n\n\n<p>\u00dcber die Varicoff-Bewertungen wird im Internet viel diskutiert, sowohl in Foren als auch auf Gesundheits- und Sch\u00f6nheits-Websites. In den meisten F\u00e4llen \u00fcberwiegen die positiven R\u00fcckmeldungen der Kunden, die vor allem die nat\u00fcrliche Zusammensetzung des Produkts loben. Es scheint, dass viele die Wirksamkeit dieser Creme gegen Krampfadern hervorheben, was sie zu einer der am meisten gesch\u00e4tzten auf dem Markt macht.<\/p>\n\n\n\n<p><strong>Eine Nutzerin, Marta, teilte ihre Meinung mit uns.<\/strong><\/p>\n\n\n\n<p><em>&#8220;Ich leide seit mehreren Jahren an Krampfadern und habe viele verschiedene Produkte verwendet, um mir zu helfen. Seit ich VaricOFF entdeckt habe, hat sich mein Leben ver\u00e4ndert. \u00dcberraschenderweise traten die positiven Effekte schon nach wenigen Tagen der Anwendung ein! Die nat\u00fcrliche Formulierung des Produkts lindert nicht nur die Symptome, sondern wirkt vor allem auf die Ursachen des Problems ein. Ich habe festgestellt, dass die Creme die Elastizit\u00e4t der Blutgef\u00e4\u00dfe wirklich wiederherstellt, wodurch ich mich definitiv besser f\u00fchle. Die entz\u00fcndungshemmende Wirkung ist f\u00fcr mich von unsch\u00e4tzbarem Wert, da sie das Gef\u00fchl des Unbehagens deutlich verringert. Dar\u00fcber hinaus sch\u00fctzt die Creme meine Kapillaren vor dem Platzen, was das Risiko der Entstehung weiterer Krampfadern deutlich verringert. Ich bin sehr zufrieden mit den Ergebnissen und w\u00fcrde VaricOFF auf jeden Fall jedem empfehlen, der mit Krampfadern zu k\u00e4mpfen hat. Meiner Meinung nach ist es eine wirklich wirksame Krampfadercreme mit echten Vorteilen.&#8221;<\/em><\/p>\n\n\n\n<p>Die Bewertungen von VaricOFF sind wirklich positiv, und Erfahrungsberichte wie der von Marta sind keine Seltenheit. Es scheint, dass die Wirksamkeit und Sicherheit dieser Creme viele Kunden \u00fcberzeugt hat, die sich nun \u00fcber ges\u00fcndere und sch\u00f6nere Beine freuen k\u00f6nnen.<\/p>\n\n\n\n<h2 class=\"wp-block-heading\" id=\"h-sklad-varicoff-co-zawiera\">Zusammensetzung von Varicoff &#8211; Was enth\u00e4lt sie?<\/h2>\n\n\n\n<p>Varicoff ist eine innovative <b>Creme gegen Krampfadern<\/b>, deren Zusammensetzung auf sorgf\u00e4ltig ausgew\u00e4hlten Inhaltsstoffen mit nachgewiesener Wirkung bei Gef\u00e4\u00dfproblemen beruht. Die Formel besteht aus einer Mischung wirksamer Substanzen, die die Gesundheit der Blutgef\u00e4\u00dfe verbessern und die Symptome von Krampfadern reduzieren.<\/p>\n\n\n\n<p>Einer der Inhaltsstoffe von Varicoff ist Rosskastanienextrakt, der in der Naturmedizin seit Jahrhunderten zur Behandlung von Krampfadern verwendet wird. Die Rosskastanie hat entz\u00fcndungshemmende und anti\u00f6demat\u00f6se Eigenschaften, die dazu beitragen, Schwellungen und das Schweregef\u00fchl in den Beinen zu reduzieren. Dar\u00fcber hinaus verbessert der Rosskastanienextrakt die Mikrozirkulation des Blutes und unterst\u00fctzt die Funktion der Blutgef\u00e4\u00dfe.<\/p>\n\n\n\n<p>Ein weiterer Bestandteil von Varicoff ist Diosmin, eine Substanz nat\u00fcrlichen Ursprungs, die die Kapillaren st\u00e4rkt, ihre Durchl\u00e4ssigkeit verringert und eine entz\u00fcndungshemmende Wirkung hat. Diosmin ist auch daf\u00fcr verantwortlich, Schwellungen zu reduzieren und das Erscheinungsbild von Besenreisern auf der Haut zu verringern.<\/p>\n\n\n\n<p>Troxerutin ist ein weiterer Inhaltsstoff, der eine positive Wirkung auf das Kreislaufsystem hat. Er wirkt entz\u00fcndungshemmend, sch\u00fctzt die Blutgef\u00e4\u00dfe und verringert deren Durchl\u00e4ssigkeit. Dar\u00fcber hinaus verbessert Troxerutin die Elastizit\u00e4t der Gef\u00e4\u00dfw\u00e4nde, was zu einer Verringerung des Auftretens von Krampfadern f\u00fchrt.<\/p>\n\n\n\n<p>Hesperidin ist ein Inhaltsstoff, der die Kapillaren st\u00e4rkt, sie vor Sch\u00e4den sch\u00fctzt und die Ausscheidung von Giftstoffen aus dem K\u00f6rper unterst\u00fctzt. Dank seiner entz\u00fcndungshemmenden und antioxidativen Eigenschaften tr\u00e4gt das Hesperidin dazu bei, Entz\u00fcndungen zu verringern und den Gesamtzustand der von Krampfadern betroffenen Haut zu verbessern.<\/p>\n\n\n\n<h2 class=\"wp-block-heading\" id=\"h-gdzie-kupic-i-jaka-jest-cena-varicoff\">Wo kann man Varicoff kaufen und wie hoch ist der Preis?<\/h2>\n\n\n\n<p>Wir empfehlen den Kauf auf der offiziellen Website des Herstellers, um sicherzustellen, dass Sie das Originalprodukt erhalten. <\/p>\n\n\n\n<p>Vermeiden Sie den Kauf bei nicht autorisierten Quellen, die m\u00f6glicherweise gef\u00e4lschte oder unwirksame Produkte anbieten.<\/p>\n\n\n\n<p>Der<b>Preis von<\/b> Varicoff kann je nach Werbeaktionen und Paketen variieren, daher sollten Sie immer die offizielle Website des Herstellers \u00fcberpr\u00fcfen.<\/p>\n\n\n\n<h2 class=\"wp-block-heading\" id=\"h-varicoff-skutki-uboczne-i-przeciwwskazania-bezpieczenstwo-stosowania\">Varicoff &#8211; Nebenwirkungen und Kontraindikationen &#8211; Anwendungssicherheit<\/h2>\n\n\n\n<p>Varicoff gilt im Allgemeinen als sicher, jedoch besteht die M\u00f6glichkeit, dass bei manchen Menschen Nebenwirkungen auftreten. Beim Auftreten von unerw\u00fcnschten Symptomen sollten Sie die Einnahme unterbrechen und Ihren Arzt konsultieren.<\/p>\n\n\n\n<p>In einigen F\u00e4llen kann es bei Menschen mit empfindlicher Haut zu allergischen Reaktionen auf die Inhaltsstoffe von Varicoff kommen. Dies kann sich als R\u00f6tung, Ausschlag, Juckreiz oder Brennen der Haut \u00e4u\u00dfern. Wenn Sie solche Symptome bemerken, sollten Sie das Produkt sofort absetzen und Ihren Arzt aufsuchen.<\/p>\n\n\n\n<p>Vor der Anwendung von Varicoff wird immer ein Allergietest empfohlen. Tragen Sie dazu eine kleine Menge der Creme auf eine kleine Hautpartie auf und beobachten Sie die Reaktion 24 Stunden lang. Wenn keine unerw\u00fcnschten Reaktionen auftreten, k\u00f6nnen Sie Varicoff bedenkenlos weiter anwenden.<\/p>\n\n\n\n<p>Es ist wichtig zu beachten, dass Varicoff nur zur \u00e4u\u00dferlichen Anwendung bestimmt ist. Verschlucken Sie das Produkt nicht. Vermeiden Sie auch den Kontakt mit den Augen und den Schleimh\u00e4uten. Wenn das Produkt in Ihre Augen gelangt, sp\u00fclen Sie sie sofort mit klarem Wasser aus. Wenn Sie es w\u00e4hrend der Anwendung von Varicoff in den Mund bekommen, brechen Sie die Anwendung sofort ab und suchen Sie Ihren Arzt auf.<\/p>\n","protected":false},"excerpt":{"rendered":"<p><strong>39.00 \u20ac<\/strong><\/p>\n<p><del>78.00 \u20ac<\/del><\/p>\n<p><strong>[date_countdown]<\/strong><\/p>\n","protected":false},"featured_media":3533,"comment_status":"open","ping_status":"closed","template":"","meta":{"neve_meta_sidebar":"","neve_meta_container":"","neve_meta_enable_content_width":"","neve_meta_content_width":0,"neve_meta_title_alignment":"","neve_meta_author_avatar":"","neve_post_elements_order":"","neve_meta_disable_header":"","neve_meta_disable_footer":"","neve_meta_disable_title":"","neve_meta_reading_time":""},"product_brand":[],"product_cat":[33],"product_tag":[],"class_list":{"0":"post-3535","1":"product","2":"type-product","3":"status-publish","4":"has-post-thumbnail","6":"product_cat-gesundheit","8":"first","9":"instock","10":"shipping-taxable","11":"product-type-external"},"yoast_head":"<!-- This site is optimized with the Yoast SEO plugin v27.4 - https:\/\/yoast.com\/product\/yoast-seo-wordpress\/ -->\n<title>Varicoff - Clinica Althea<\/title>\n<meta name=\"robots\" content=\"index, follow, max-snippet:-1, max-image-preview:large, max-video-preview:-1\" \/>\n<link rel=\"canonical\" href=\"https:\/\/www.clinicaalthea.com\/farmacia\/de\/apt\/varicoff\/\" \/>\n<meta property=\"og:locale\" content=\"pl_PL\" \/>\n<meta property=\"og:type\" content=\"article\" \/>\n<meta property=\"og:title\" content=\"Varicoff - Clinica Althea\" \/>\n<meta property=\"og:description\" content=\"39.00 \u20ac 78.00 \u20ac\" \/>\n<meta property=\"og:url\" content=\"https:\/\/www.clinicaalthea.com\/farmacia\/de\/apt\/varicoff\/\" \/>\n<meta property=\"og:site_name\" content=\"Clinica Althea\" \/>\n<meta property=\"article:modified_time\" content=\"2024-04-30T08:26:52+00:00\" \/>\n<meta property=\"og:image\" content=\"https:\/\/www.clinicaalthea.com\/farmacia\/wp-content\/uploads\/2024\/04\/Varicoff.jpg\" \/>\n\t<meta property=\"og:image:width\" content=\"768\" \/>\n\t<meta property=\"og:image:height\" content=\"768\" \/>\n\t<meta property=\"og:image:type\" content=\"image\/jpeg\" \/>\n<meta name=\"twitter:card\" content=\"summary_large_image\" \/>\n<meta name=\"twitter:label1\" content=\"Szacowany czas czytania\" \/>\n\t<meta name=\"twitter:data1\" content=\"9 minut\" \/>\n<script type=\"application\/ld+json\" class=\"yoast-schema-graph\">{\"@context\":\"https:\\\/\\\/schema.org\",\"@graph\":[{\"@type\":\"WebPage\",\"@id\":\"https:\\\/\\\/www.clinicaalthea.com\\\/farmacia\\\/de\\\/apt\\\/varicoff\\\/\",\"url\":\"https:\\\/\\\/www.clinicaalthea.com\\\/farmacia\\\/de\\\/apt\\\/varicoff\\\/\",\"name\":\"Varicoff - Clinica Althea\",\"isPartOf\":{\"@id\":\"https:\\\/\\\/www.clinicaalthea.com\\\/farmacia\\\/#website\"},\"primaryImageOfPage\":{\"@id\":\"https:\\\/\\\/www.clinicaalthea.com\\\/farmacia\\\/de\\\/apt\\\/varicoff\\\/#primaryimage\"},\"image\":{\"@id\":\"https:\\\/\\\/www.clinicaalthea.com\\\/farmacia\\\/de\\\/apt\\\/varicoff\\\/#primaryimage\"},\"thumbnailUrl\":\"https:\\\/\\\/www.clinicaalthea.com\\\/farmacia\\\/wp-content\\\/uploads\\\/2024\\\/04\\\/Varicoff.jpg\",\"datePublished\":\"2024-04-30T08:21:42+00:00\",\"dateModified\":\"2024-04-30T08:26:52+00:00\",\"breadcrumb\":{\"@id\":\"https:\\\/\\\/www.clinicaalthea.com\\\/farmacia\\\/de\\\/apt\\\/varicoff\\\/#breadcrumb\"},\"inLanguage\":\"pl-PL\",\"potentialAction\":[{\"@type\":\"ReadAction\",\"target\":[\"https:\\\/\\\/www.clinicaalthea.com\\\/farmacia\\\/de\\\/apt\\\/varicoff\\\/\"]}]},{\"@type\":\"ImageObject\",\"inLanguage\":\"pl-PL\",\"@id\":\"https:\\\/\\\/www.clinicaalthea.com\\\/farmacia\\\/de\\\/apt\\\/varicoff\\\/#primaryimage\",\"url\":\"https:\\\/\\\/www.clinicaalthea.com\\\/farmacia\\\/wp-content\\\/uploads\\\/2024\\\/04\\\/Varicoff.jpg\",\"contentUrl\":\"https:\\\/\\\/www.clinicaalthea.com\\\/farmacia\\\/wp-content\\\/uploads\\\/2024\\\/04\\\/Varicoff.jpg\",\"width\":768,\"height\":768,\"caption\":\"Varicoff\"},{\"@type\":\"BreadcrumbList\",\"@id\":\"https:\\\/\\\/www.clinicaalthea.com\\\/farmacia\\\/de\\\/apt\\\/varicoff\\\/#breadcrumb\",\"itemListElement\":[{\"@type\":\"ListItem\",\"position\":1,\"name\":\"Strona g\u0142\u00f3wna\",\"item\":\"https:\\\/\\\/www.clinicaalthea.com\\\/farmacia\\\/\"},{\"@type\":\"ListItem\",\"position\":2,\"name\":\"Produkty\",\"item\":\"https:\\\/\\\/www.clinicaalthea.com\\\/farmacia\\\/\"},{\"@type\":\"ListItem\",\"position\":3,\"name\":\"Varicoff\"}]},{\"@type\":\"WebSite\",\"@id\":\"https:\\\/\\\/www.clinicaalthea.com\\\/farmacia\\\/#website\",\"url\":\"https:\\\/\\\/www.clinicaalthea.com\\\/farmacia\\\/\",\"name\":\"Clinica Althea\",\"description\":\"\",\"publisher\":{\"@id\":\"https:\\\/\\\/www.clinicaalthea.com\\\/farmacia\\\/#organization\"},\"potentialAction\":[{\"@type\":\"SearchAction\",\"target\":{\"@type\":\"EntryPoint\",\"urlTemplate\":\"https:\\\/\\\/www.clinicaalthea.com\\\/farmacia\\\/?s={search_term_string}\"},\"query-input\":{\"@type\":\"PropertyValueSpecification\",\"valueRequired\":true,\"valueName\":\"search_term_string\"}}],\"inLanguage\":\"pl-PL\"},{\"@type\":\"Organization\",\"@id\":\"https:\\\/\\\/www.clinicaalthea.com\\\/farmacia\\\/#organization\",\"name\":\"Clinica Althea\",\"url\":\"https:\\\/\\\/www.clinicaalthea.com\\\/farmacia\\\/\",\"logo\":{\"@type\":\"ImageObject\",\"inLanguage\":\"pl-PL\",\"@id\":\"https:\\\/\\\/www.clinicaalthea.com\\\/farmacia\\\/#\\\/schema\\\/logo\\\/image\\\/\",\"url\":\"https:\\\/\\\/www.clinicaalthea.com\\\/farmacia\\\/wp-content\\\/uploads\\\/2023\\\/12\\\/Jak-diagnozuje-sie-FAS_-objawy-kryteria-diagnostyczne-i-metody-diagnozowania-154162903.jpg\",\"contentUrl\":\"https:\\\/\\\/www.clinicaalthea.com\\\/farmacia\\\/wp-content\\\/uploads\\\/2023\\\/12\\\/Jak-diagnozuje-sie-FAS_-objawy-kryteria-diagnostyczne-i-metody-diagnozowania-154162903.jpg\",\"width\":1216,\"height\":832,\"caption\":\"Clinica Althea\"},\"image\":{\"@id\":\"https:\\\/\\\/www.clinicaalthea.com\\\/farmacia\\\/#\\\/schema\\\/logo\\\/image\\\/\"}}]}<\/script>\n<!-- \/ Yoast SEO plugin. -->","yoast_head_json":{"title":"Varicoff - Clinica Althea","robots":{"index":"index","follow":"follow","max-snippet":"max-snippet:-1","max-image-preview":"max-image-preview:large","max-video-preview":"max-video-preview:-1"},"canonical":"https:\/\/www.clinicaalthea.com\/farmacia\/de\/apt\/varicoff\/","og_locale":"pl_PL","og_type":"article","og_title":"Varicoff - Clinica Althea","og_description":"39.00 \u20ac 78.00 \u20ac","og_url":"https:\/\/www.clinicaalthea.com\/farmacia\/de\/apt\/varicoff\/","og_site_name":"Clinica Althea","article_modified_time":"2024-04-30T08:26:52+00:00","og_image":[{"width":768,"height":768,"url":"https:\/\/www.clinicaalthea.com\/farmacia\/wp-content\/uploads\/2024\/04\/Varicoff.jpg","type":"image\/jpeg"}],"twitter_card":"summary_large_image","twitter_misc":{"Szacowany czas czytania":"9 minut"},"schema":{"@context":"https:\/\/schema.org","@graph":[{"@type":"WebPage","@id":"https:\/\/www.clinicaalthea.com\/farmacia\/de\/apt\/varicoff\/","url":"https:\/\/www.clinicaalthea.com\/farmacia\/de\/apt\/varicoff\/","name":"Varicoff - Clinica Althea","isPartOf":{"@id":"https:\/\/www.clinicaalthea.com\/farmacia\/#website"},"primaryImageOfPage":{"@id":"https:\/\/www.clinicaalthea.com\/farmacia\/de\/apt\/varicoff\/#primaryimage"},"image":{"@id":"https:\/\/www.clinicaalthea.com\/farmacia\/de\/apt\/varicoff\/#primaryimage"},"thumbnailUrl":"https:\/\/www.clinicaalthea.com\/farmacia\/wp-content\/uploads\/2024\/04\/Varicoff.jpg","datePublished":"2024-04-30T08:21:42+00:00","dateModified":"2024-04-30T08:26:52+00:00","breadcrumb":{"@id":"https:\/\/www.clinicaalthea.com\/farmacia\/de\/apt\/varicoff\/#breadcrumb"},"inLanguage":"pl-PL","potentialAction":[{"@type":"ReadAction","target":["https:\/\/www.clinicaalthea.com\/farmacia\/de\/apt\/varicoff\/"]}]},{"@type":"ImageObject","inLanguage":"pl-PL","@id":"https:\/\/www.clinicaalthea.com\/farmacia\/de\/apt\/varicoff\/#primaryimage","url":"https:\/\/www.clinicaalthea.com\/farmacia\/wp-content\/uploads\/2024\/04\/Varicoff.jpg","contentUrl":"https:\/\/www.clinicaalthea.com\/farmacia\/wp-content\/uploads\/2024\/04\/Varicoff.jpg","width":768,"height":768,"caption":"Varicoff"},{"@type":"BreadcrumbList","@id":"https:\/\/www.clinicaalthea.com\/farmacia\/de\/apt\/varicoff\/#breadcrumb","itemListElement":[{"@type":"ListItem","position":1,"name":"Strona g\u0142\u00f3wna","item":"https:\/\/www.clinicaalthea.com\/farmacia\/"},{"@type":"ListItem","position":2,"name":"Produkty","item":"https:\/\/www.clinicaalthea.com\/farmacia\/"},{"@type":"ListItem","position":3,"name":"Varicoff"}]},{"@type":"WebSite","@id":"https:\/\/www.clinicaalthea.com\/farmacia\/#website","url":"https:\/\/www.clinicaalthea.com\/farmacia\/","name":"Clinica Althea","description":"","publisher":{"@id":"https:\/\/www.clinicaalthea.com\/farmacia\/#organization"},"potentialAction":[{"@type":"SearchAction","target":{"@type":"EntryPoint","urlTemplate":"https:\/\/www.clinicaalthea.com\/farmacia\/?s={search_term_string}"},"query-input":{"@type":"PropertyValueSpecification","valueRequired":true,"valueName":"search_term_string"}}],"inLanguage":"pl-PL"},{"@type":"Organization","@id":"https:\/\/www.clinicaalthea.com\/farmacia\/#organization","name":"Clinica Althea","url":"https:\/\/www.clinicaalthea.com\/farmacia\/","logo":{"@type":"ImageObject","inLanguage":"pl-PL","@id":"https:\/\/www.clinicaalthea.com\/farmacia\/#\/schema\/logo\/image\/","url":"https:\/\/www.clinicaalthea.com\/farmacia\/wp-content\/uploads\/2023\/12\/Jak-diagnozuje-sie-FAS_-objawy-kryteria-diagnostyczne-i-metody-diagnozowania-154162903.jpg","contentUrl":"https:\/\/www.clinicaalthea.com\/farmacia\/wp-content\/uploads\/2023\/12\/Jak-diagnozuje-sie-FAS_-objawy-kryteria-diagnostyczne-i-metody-diagnozowania-154162903.jpg","width":1216,"height":832,"caption":"Clinica Althea"},"image":{"@id":"https:\/\/www.clinicaalthea.com\/farmacia\/#\/schema\/logo\/image\/"}}]}},"lang":"de","translations":{"de":3535,"cs":3534,"pl":3532,"es":3536,"fr":3537,"it":3538,"nl":3539,"sk":3540},"pll_sync_post":[],"_links":{"self":[{"href":"https:\/\/www.clinicaalthea.com\/farmacia\/wp-json\/wp\/v2\/product\/3535","targetHints":{"allow":["GET"]}}],"collection":[{"href":"https:\/\/www.clinicaalthea.com\/farmacia\/wp-json\/wp\/v2\/product"}],"about":[{"href":"https:\/\/www.clinicaalthea.com\/farmacia\/wp-json\/wp\/v2\/types\/product"}],"replies":[{"embeddable":true,"href":"https:\/\/www.clinicaalthea.com\/farmacia\/wp-json\/wp\/v2\/comments?post=3535"}],"wp:featuredmedia":[{"embeddable":true,"href":"https:\/\/www.clinicaalthea.com\/farmacia\/wp-json\/wp\/v2\/media\/3533"}],"wp:attachment":[{"href":"https:\/\/www.clinicaalthea.com\/farmacia\/wp-json\/wp\/v2\/media?parent=3535"}],"wp:term":[{"taxonomy":"product_brand","embeddable":true,"href":"https:\/\/www.clinicaalthea.com\/farmacia\/wp-json\/wp\/v2\/product_brand?post=3535"},{"taxonomy":"product_cat","embeddable":true,"href":"https:\/\/www.clinicaalthea.com\/farmacia\/wp-json\/wp\/v2\/product_cat?post=3535"},{"taxonomy":"product_tag","embeddable":true,"href":"https:\/\/www.clinicaalthea.com\/farmacia\/wp-json\/wp\/v2\/product_tag?post=3535"}],"curies":[{"name":"wp","href":"https:\/\/api.w.org\/{rel}","templated":true}]}}