{"id":3534,"date":"2024-04-30T09:20:54","date_gmt":"2024-04-30T08:20:54","guid":{"rendered":"https:\/\/mayoguide.org\/produkty\/?post_type=product&#038;p=3534"},"modified":"2024-04-30T09:26:52","modified_gmt":"2024-04-30T08:26:52","slug":"varicoff","status":"publish","type":"product","link":"https:\/\/www.clinicaalthea.com\/farmacia\/cs\/apt\/varicoff\/","title":{"rendered":"Varicoff"},"content":{"rendered":"\n<h2 class=\"wp-block-heading\" id=\"h-czym-jest-varicoff-i-jak-dziala\">Co je Varicoff a jak funguje?<\/h2>\n\n\n\n<p><b>Varicoff<\/b> je pokro\u010dil\u00fd kr\u00e9m ur\u010den\u00fd k boji proti probl\u00e9m\u016fm s k\u0159e\u010dov\u00fdmi \u017eilami. P\u016fsob\u00ed tak, \u017ee zlep\u0161uje mikrocirkulaci krve, sni\u017euje otoky a pocit t\u011b\u017ek\u00fdch nohou. Je prok\u00e1z\u00e1no, \u017ee slo\u017eky, jako je extrakt z ko\u0148sk\u00e9ho ka\u0161tanu a diosmin, zlep\u0161uj\u00ed stav c\u00e9v a sni\u017euj\u00ed p\u0159\u00edznaky k\u0159e\u010dov\u00fdch \u017eil.<\/p>\n\n\n\n<p>Varicoff je ur\u010den lidem, kte\u0159\u00ed trp\u00ed k\u0159e\u010dov\u00fdmi \u017eilami a cht\u011bj\u00ed zlep\u0161it sv\u016fj stav. Obsahuje pokro\u010dil\u00e9 slo\u017eky, kter\u00e9 synergicky p\u016fsob\u00ed na \u00falevu a sn\u00ed\u017een\u00ed viditeln\u00fdch p\u0159\u00edznak\u016f k\u0159e\u010dov\u00fdch \u017eil.<\/p>\n\n\n\n<p>Hlavn\u00ed slo\u017eky p\u0159\u00edpravku Varicoff, jako je extrakt z ko\u0148sk\u00e9ho ka\u0161tanu, diosmin, troxerutin a hesperidin, maj\u00ed prok\u00e1zan\u00e9 vlastnosti zlep\u0161uj\u00edc\u00ed stav c\u00e9v. Extrakt z ko\u0148sk\u00e9ho ka\u0161tanu zlep\u0161uje mikrocirkulaci a posiluje \u017eiln\u00ed st\u011bny, \u010d\u00edm\u017e pom\u00e1h\u00e1 sni\u017eovat otoky a pocit t\u011b\u017ek\u00fdch nohou. Diosmin, troxerutin a hesperidin p\u016fsob\u00ed na sn\u00ed\u017een\u00ed viditeln\u00fdch p\u0159\u00edznak\u016f k\u0159e\u010dov\u00fdch \u017eil, jako jsou pavou\u010d\u00ed \u017e\u00edly a \u00fanava a bolest nohou.<\/p>\n\n\n\n<figure class=\"wp-block-table\"><table><tbody><tr><th>V\u00fdhody p\u0159\u00edpravku Varicoff:<\/th><th>Jak Varicoff p\u016fsob\u00ed:<\/th><\/tr><tr><td>\n<ul>\n<li>Sni\u017euje otoky<\/li>\n<li>Usnad\u0148uje krevn\u00ed ob\u011bh<\/li>\n<li>Poskytuje \u00falevu od bolesti a \u00fanavy nohou<\/li>\n<\/ul>\n<\/td><td>\n<ul>\n<li>Zlep\u0161uje mikrocirkulaci krve<\/li>\n<li>Posiluje st\u011bny \u017eil<\/li>\n<li>Sni\u017euje viditeln\u00e9 p\u0159\u00edznaky k\u0159e\u010dov\u00fdch \u017eil<\/li>\n<\/ul>\n<\/td><\/tr><\/tbody><\/table><\/figure>\n\n\n\n<h2 class=\"wp-block-heading\" id=\"h-varicoff-efekty\">Varicoff &#8211; \u00fa\u010dinky<\/h2>\n\n\n\n<p>Varicoff je \u00fa\u010dinn\u00fd p\u0159\u00edpravek, kter\u00fd m\u00e1 mnoho p\u0159\u00edzniv\u00fdch \u00fa\u010dink\u016f v boji proti k\u0159e\u010dov\u00fdm \u017eil\u00e1m. Pravideln\u00e9 u\u017e\u00edv\u00e1n\u00ed p\u0159\u00edpravku Varicoff m\u016f\u017ee pomoci zbavit se obt\u011b\u017euj\u00edc\u00edch p\u0159\u00edznak\u016f k\u0159e\u010dov\u00fdch \u017eil a zlep\u0161it celkov\u00fd vzhled nohou.<\/p>\n\n\n\n<ul class=\"wp-block-list\">\n<li>Sni\u017euje otoky: Varicoff m\u00e1 protiz\u00e1n\u011btliv\u00fd a analgetick\u00fd \u00fa\u010dinek, kter\u00fd pom\u00e1h\u00e1 sni\u017eovat otoky zp\u016fsoben\u00e9 <b>k\u0159e\u010dov\u00fdmi<\/b> \u017eilami. To p\u0159in\u00e1\u0161\u00ed \u00falevu otekl\u00fdm noh\u00e1m a \u010din\u00ed je leh\u010d\u00edmi a pohodln\u011bj\u0161\u00edmi.<\/li>\n\n\n\n<li>Sni\u017euje pocit t\u00edhy: K\u0159e\u010dov\u00e9 \u017e\u00edly \u010dasto zp\u016fsobuj\u00ed pocit t\u011b\u017ek\u00fdch a unaven\u00fdch nohou. Pou\u017e\u00edv\u00e1n\u00ed p\u0159\u00edpravku Varicoff m\u016f\u017ee tento pocit sn\u00ed\u017eit, p\u0159in\u00e9st \u00falevu a zlep\u0161it pohodl\u00ed u\u017eivatele.<\/li>\n\n\n\n<li>L\u00e9\u010d\u00ed bolest: <b>K\u0159e\u010dov\u00e9<\/b> \u017e\u00edly mohou b\u00fdt bolestiv\u00e9, zejm\u00e9na kdy\u017e jsou pokro\u010dil\u00e9. D\u00edky slo\u017ek\u00e1m s analgetick\u00fdmi \u00fa\u010dinky m\u016f\u017ee poskytnout \u00falevu od bolesti a zlep\u0161it kvalitu \u017eivota osob s t\u00edmto probl\u00e9mem.<\/li>\n\n\n\n<li>Zlep\u0161uje vzhled nohou: K\u0159e\u010dov\u00e9 <b>\u017e\u00edly<\/b> a pavou\u010d\u00ed \u017eilky na nohou mohou b\u00fdt esteticky neatraktivn\u00ed. Pravideln\u00fdm pou\u017e\u00edv\u00e1n\u00edm lze viditelnost pavou\u010d\u00edch \u017eilek sn\u00ed\u017eit a zlep\u0161it vzhled nohou.<\/li>\n\n\n\n<li>Usnad\u0148uje ka\u017edodenn\u00ed fungov\u00e1n\u00ed: D\u00edky p\u016fsoben\u00ed na mikrocirkulaci krve je snaz\u0161\u00ed vykon\u00e1vat ka\u017edodenn\u00ed \u010dinnosti bez pocitu \u00fanavy nebo nepohodl\u00ed.<\/li>\n<\/ul>\n\n\n\n<p>Je v\u0161ak t\u0159eba m\u00edt na pam\u011bti, \u017ee \u00fa\u010dinky p\u0159\u00edpravku Varicoff se mohou li\u0161it v z\u00e1vislosti na individu\u00e1ln\u00edch pot\u0159eb\u00e1ch a z\u00e1va\u017enosti k\u0159e\u010dov\u00fdch \u017eil. Nicm\u00e9n\u011b mnoho u\u017eivatel\u016f hl\u00e1s\u00ed znateln\u00e9 zlep\u0161en\u00ed ji\u017e po n\u011bkolika t\u00fddnech pravideln\u00e9ho pou\u017e\u00edv\u00e1n\u00ed.<\/p>\n\n\n\n<h2 class=\"wp-block-heading\" id=\"h-jak-stosowac-varicoff-dawkowanie\">Jak pou\u017e\u00edvat p\u0159\u00edpravek Varicoff? &#8211; D\u00e1vkov\u00e1n\u00ed<\/h2>\n\n\n\n<p>P\u0159i pou\u017e\u00edv\u00e1n\u00ed p\u0159\u00edpravku Varicoff je d\u016fle\u017eit\u00e9 spr\u00e1vn\u00e9 <b>d\u00e1vkov\u00e1n\u00ed<\/b> a zp\u016fsob aplikace kr\u00e9mu. Tento p\u0159\u00edpravek je ve form\u011b kr\u00e9mu, kter\u00fd by se m\u011bl jemn\u011b vmas\u00edrovat do posti\u017een\u00fdch oblast\u00ed nohou. P\u016fsoben\u00ed slo\u017eek p\u0159\u00edpravku Varicoff je \u00fa\u010dinn\u00e9, ale k dosa\u017een\u00ed nejlep\u0161\u00edch v\u00fdsledk\u016f se doporu\u010duje pravideln\u00e1 aplikace.<\/p>\n\n\n\n<p>Abyste z n\u011bj vyt\u011b\u017eili maximum a sn\u00ed\u017eili nep\u0159\u00edjemn\u00e9 pocity spojen\u00e9 s k\u0159e\u010dov\u00fdmi \u017eilami, pou\u017e\u00edvejte kr\u00e9m podle n\u00ed\u017ee uveden\u00fdch pokyn\u016f:<\/p>\n\n\n\n<ol class=\"wp-block-list\">\n<li>Naneste mal\u00e9 mno\u017estv\u00ed kr\u00e9mu Varicoff na ruce.<\/li>\n\n\n\n<li>Jemn\u00fdmi mas\u00e1\u017en\u00edmi pohyby vmas\u00edrujte kr\u00e9m do posti\u017een\u00fdch oblast\u00ed nohou, dokud se p\u0159\u00edpravek pln\u011b nevst\u0159eb\u00e1.<\/li>\n\n\n\n<li>Doporu\u010dujeme aplikovat ve\u010der p\u0159ed span\u00edm, aby slo\u017eky m\u011bly mo\u017enost p\u016fsobit, zat\u00edmco vy odpo\u010d\u00edv\u00e1te.<\/li>\n\n\n\n<li>Aplikujte pravideln\u011b po stanovenou dobu, abyste dos\u00e1hli nejlep\u0161\u00edch v\u00fdsledk\u016f. Frekvenci aplikace lze p\u0159izp\u016fsobit individu\u00e1ln\u00edm pot\u0159eb\u00e1m, doporu\u010duje se v\u0161ak ka\u017edodenn\u00ed aplikace.<\/li>\n\n\n\n<li>P\u0159ed zah\u00e1jen\u00edm aplikace si nezapome\u0148te pe\u010dliv\u011b p\u0159e\u010d\u00edst informace na obalu a pokyny v\u00fdrobce.<\/li>\n<\/ol>\n\n\n\n<p>Dodr\u017eov\u00e1n\u00ed doporu\u010den\u00ed pro d\u00e1vkov\u00e1n\u00ed p\u0159\u00edpravku Varicoff je kl\u00ed\u010dem k dosa\u017een\u00ed zam\u00fd\u0161len\u00fdch v\u00fdsledk\u016f. M\u00e1te-li jak\u00e9koli pochybnosti o pou\u017e\u00edv\u00e1n\u00ed p\u0159\u00edpravku Varicoff, pora\u010fte se se sv\u00fdm l\u00e9ka\u0159em nebo l\u00e9k\u00e1rn\u00edkem.<\/p>\n\n\n\n<h2 class=\"wp-block-heading\" id=\"h-opinie-o-varicoff-co-mowia-uzytkownicy-na-forach\">Varicoff recenze &#8211; Co \u0159\u00edkaj\u00ed u\u017eivatel\u00e9 na f\u00f3rech?<\/h2>\n\n\n\n<p>Recenze Varicoff jsou \u0161iroce diskutov\u00e1ny na internetu, a to jak na f\u00f3rech, tak na webov\u00fdch str\u00e1nk\u00e1ch o zdrav\u00ed a kr\u00e1se. V\u011bt\u0161inou p\u0159eva\u017euj\u00ed pozitivn\u00ed ohlasy z\u00e1kazn\u00edk\u016f, p\u0159i\u010dem\u017e u\u017eivatel\u00e9 chv\u00e1l\u00ed zejm\u00e9na p\u0159\u00edrodn\u00ed slo\u017een\u00ed v\u00fdrobku. Zd\u00e1 se, \u017ee mnoz\u00ed si v\u0161\u00edmaj\u00ed \u00fa\u010dinnosti tohoto kr\u00e9mu na k\u0159e\u010dov\u00e9 \u017e\u00edly, co\u017e z n\u011bj d\u011bl\u00e1 jeden z nejv\u00edce cen\u011bn\u00fdch na trhu.<\/p>\n\n\n\n<p><strong>Jedna u\u017eivatelka, Marta, se s n\u00e1mi pod\u011blila o sv\u016fj n\u00e1zor.<\/strong><\/p>\n\n\n\n<p><em>&#8220;Ji\u017e n\u011bkolik let trp\u00edm k\u0159e\u010dov\u00fdmi \u017eilami a pou\u017e\u00edvala jsem mnoho r\u016fzn\u00fdch produkt\u016f, kter\u00e9 mi pomohly. Od t\u00e9 doby, co jsem objevila VaricOFF, se m\u016fj \u017eivot zm\u011bnil. P\u0159ekvapiv\u011b se pozitivn\u00ed \u00fa\u010dinky objevily ji\u017e po n\u011bkolika dnech u\u017e\u00edv\u00e1n\u00ed! P\u0159\u00edrodn\u00ed slo\u017een\u00ed v\u00fdrobku nejen zm\u00edr\u0148uje p\u0159\u00edznaky, ale hlavn\u011b p\u016fsob\u00ed na p\u0159\u00ed\u010diny probl\u00e9mu. V\u0161iml jsem si, \u017ee kr\u00e9m skute\u010dn\u011b obnovuje pru\u017enost c\u00e9v, d\u00edky \u010demu\u017e se rozhodn\u011b c\u00edt\u00edm l\u00e9pe. Neoceniteln\u00fd je pro m\u011b protiz\u00e1n\u011btliv\u00fd \u00fa\u010dinek, kter\u00fd v\u00fdrazn\u011b sni\u017euje pocit nepohodl\u00ed. Nav\u00edc kr\u00e9m chr\u00e1n\u00ed m\u00e9 kapil\u00e1ry p\u0159ed prasknut\u00edm, co\u017e rozhodn\u011b sni\u017euje riziko vzniku dal\u0161\u00edch k\u0159e\u010dov\u00fdch \u017eil. S v\u00fdsledky jsem nadm\u00edru spokojen\u00e1 a rozhodn\u011b bych VaricOFF doporu\u010dila v\u0161em, kte\u0159\u00ed se pot\u00fdkaj\u00ed s k\u0159e\u010dov\u00fdmi \u017eilami. Podle m\u00e9ho n\u00e1zoru se jedn\u00e1 o skute\u010dn\u011b \u00fa\u010dinn\u00fd kr\u00e9m na k\u0159e\u010dov\u00e9 \u017e\u00edly se skute\u010dn\u00fdmi p\u0159\u00ednosy.&#8221;<\/em><\/p>\n\n\n\n<p>Recenze VaricOFF jsou opravdu optimistick\u00e9 a sv\u011bdectv\u00ed, jako je toto od Marty, nejsou neobvykl\u00e1. Zd\u00e1 se, \u017ee \u00fa\u010dinnost a bezpe\u010dnost tohoto kr\u00e9mu p\u0159esv\u011bd\u010dila mnoho z\u00e1kazn\u00edk\u016f, kte\u0159\u00ed si nyn\u00ed u\u017e\u00edvaj\u00ed zdrav\u011bj\u0161\u00ed a kr\u00e1sn\u011bj\u0161\u00ed nohy.<\/p>\n\n\n\n<h2 class=\"wp-block-heading\" id=\"h-sklad-varicoff-co-zawiera\">Slo\u017een\u00ed Varicoff &#8211; co obsahuje?<\/h2>\n\n\n\n<p>Varicoff je inovativn\u00ed <b>kr\u00e9m na k\u0159e\u010dov\u00e9 \u017e\u00edly<\/b>, jeho\u017e slo\u017een\u00ed je zalo\u017eeno na pe\u010dliv\u011b vybran\u00fdch slo\u017ek\u00e1ch s prok\u00e1zan\u00fdmi \u00fa\u010dinky na c\u00e9vn\u00ed probl\u00e9my. Slo\u017een\u00ed je vyrobeno ze sm\u011bsi \u00fa\u010dinn\u00fdch l\u00e1tek, kter\u00e9 podporuj\u00ed zlep\u0161en\u00ed zdrav\u00ed c\u00e9v a sn\u00ed\u017een\u00ed p\u0159\u00edznak\u016f k\u0159e\u010dov\u00fdch \u017eil.<\/p>\n\n\n\n<p>Jednou ze slo\u017eek p\u0159\u00edpravku Varicoff je v\u00fdta\u017eek z ko\u0148sk\u00e9ho ka\u0161tanu, kter\u00fd se v p\u0159\u00edrodn\u00ed medic\u00edn\u011b ji\u017e po stalet\u00ed pou\u017e\u00edv\u00e1 k l\u00e9\u010db\u011b k\u0159e\u010dov\u00fdch \u017eil. Ka\u0161tan ko\u0148sk\u00fd m\u00e1 protiz\u00e1n\u011btliv\u00e9 a protiedemat\u00f3zn\u00ed \u00fa\u010dinky, co\u017e pom\u00e1h\u00e1 sni\u017eovat otoky a pocit t\u011b\u017ekosti nohou. Extrakt z ko\u0148sk\u00e9ho ka\u0161tanu nav\u00edc zlep\u0161uje mikrocirkulaci krve a podporuje funkci c\u00e9v.<\/p>\n\n\n\n<p>Dal\u0161\u00ed slo\u017ekou p\u0159\u00edpravku Varicoff je diosmin, l\u00e1tka p\u0159\u00edrodn\u00edho p\u016fvodu, kter\u00e1 posiluje kapil\u00e1ry, sni\u017euje jejich propustnost a p\u016fsob\u00ed protiz\u00e1n\u011btliv\u011b. Diosmin je tak\u00e9 zodpov\u011bdn\u00fd za sn\u00ed\u017een\u00ed otok\u016f a redukci v\u00fdskytu pavou\u010d\u00edch \u017eilek na k\u016f\u017ei.<\/p>\n\n\n\n<p>Troxerutin je dal\u0161\u00ed slo\u017ekou, kter\u00e1 m\u00e1 pozitivn\u00ed vliv na ob\u011bhov\u00fd syst\u00e9m. M\u00e1 protiz\u00e1n\u011btliv\u00fd \u00fa\u010dinek, chr\u00e1n\u00ed c\u00e9vy a sni\u017euje jejich propustnost. Krom\u011b toho troxerutin zlep\u0161uje pru\u017enost c\u00e9vn\u00edch st\u011bn, co\u017e vede ke sn\u00ed\u017een\u00ed v\u00fdskytu k\u0159e\u010dov\u00fdch \u017eil.<\/p>\n\n\n\n<p>Hesperidin je slo\u017eka, kter\u00e1 posiluje kapil\u00e1ry, chr\u00e1n\u00ed je p\u0159ed po\u0161kozen\u00edm a podporuje vylu\u010dov\u00e1n\u00ed toxin\u016f z t\u011bla. D\u00edky sv\u00fdm protiz\u00e1n\u011btliv\u00fdm a antioxida\u010dn\u00edm vlastnostem pom\u00e1h\u00e1 hesperidin sni\u017eovat z\u00e1n\u011bty a zlep\u0161ovat celkov\u00fd stav poko\u017eky posti\u017een\u00e9 k\u0159e\u010dov\u00fdmi \u017eilami.<\/p>\n\n\n\n<h2 class=\"wp-block-heading\" id=\"h-gdzie-kupic-i-jaka-jest-cena-varicoff\">Kde koupit a jak\u00e1 je cena p\u0159\u00edpravku Varicoff?<\/h2>\n\n\n\n<p>Doporu\u010dujeme n\u00e1kup na ofici\u00e1ln\u00edch str\u00e1nk\u00e1ch v\u00fdrobce, abyste m\u011bli jistotu, \u017ee obdr\u017e\u00edte origin\u00e1ln\u00ed v\u00fdrobek. <\/p>\n\n\n\n<p>Vyhn\u011bte se n\u00e1kupu z neautorizovan\u00fdch zdroj\u016f, kter\u00e9 mohou nab\u00edzet pad\u011blky nebo ne\u00fa\u010dinn\u00e9 v\u00fdrobky.<\/p>\n\n\n\n<p><b>Cena<\/b> Varicoff se m\u016f\u017ee li\u0161it v z\u00e1vislosti na akc\u00edch a balen\u00edch, proto v\u017edy zkontrolujte ofici\u00e1ln\u00ed webov\u00e9 str\u00e1nky v\u00fdrobce.<\/p>\n\n\n\n<h2 class=\"wp-block-heading\" id=\"h-varicoff-skutki-uboczne-i-przeciwwskazania-bezpieczenstwo-stosowania\">Varicoff &#8211; Ne\u017e\u00e1douc\u00ed \u00fa\u010dinky a kontraindikace &#8211; Bezpe\u010dnost pou\u017eit\u00ed<\/h2>\n\n\n\n<p>P\u0159\u00edpravek Varicoff je obecn\u011b pova\u017eov\u00e1n za bezpe\u010dn\u00fd, nicm\u00e9n\u011b u n\u011bkter\u00fdch lid\u00ed existuje mo\u017enost v\u00fdskytu ne\u017e\u00e1douc\u00edch \u00fa\u010dink\u016f. Pokud se objev\u00ed jak\u00e9koli ne\u017e\u00e1douc\u00ed p\u0159\u00edznaky, p\u0159esta\u0148te p\u0159\u00edpravek u\u017e\u00edvat a pora\u010fte se s l\u00e9ka\u0159em.<\/p>\n\n\n\n<p>V n\u011bkter\u00fdch p\u0159\u00edpadech se u lid\u00ed s citlivou poko\u017ekou mohou vyskytnout alergick\u00e9 reakce na slo\u017eky p\u0159\u00edpravku Varicoff. To se m\u016f\u017ee projevit zarudnut\u00edm, vyr\u00e1\u017ekou, sv\u011bd\u011bn\u00edm nebo p\u00e1len\u00edm k\u016f\u017ee. Pokud se u v\u00e1s takov\u00e9 p\u0159\u00edznaky objev\u00ed, okam\u017eit\u011b p\u0159esta\u0148te p\u0159\u00edpravek pou\u017e\u00edvat a pora\u010fte se s l\u00e9ka\u0159em.<\/p>\n\n\n\n<p>P\u0159ed pou\u017eit\u00edm p\u0159\u00edpravku Varicoff se v\u017edy doporu\u010duje prov\u00e9st alergologick\u00fd test. Za t\u00edmto \u00fa\u010delem naneste mal\u00e9 mno\u017estv\u00ed kr\u00e9mu na malou oblast k\u016f\u017ee a pozorujte reakci po dobu 24 hodin. Pokud se neobjev\u00ed \u017e\u00e1dn\u00e9 ne\u017e\u00e1douc\u00ed reakce, je bezpe\u010dn\u00e9 pokra\u010dovat v pou\u017e\u00edv\u00e1n\u00ed p\u0159\u00edpravku Varicoff.<\/p>\n\n\n\n<p>Je d\u016fle\u017eit\u00e9 si uv\u011bdomit, \u017ee Varicoff je ur\u010den pouze k zevn\u00edmu pou\u017eit\u00ed. P\u0159\u00edpravek nepoz\u0159ete. Vyvarujte se tak\u00e9 kontaktu s o\u010dima a sliznicemi. Pokud se p\u0159\u00edpravek dostane do o\u010d\u00ed, okam\u017eit\u011b je vypl\u00e1chn\u011bte \u010distou vodou. Pokud se v\u00e1m p\u0159i pou\u017e\u00edv\u00e1n\u00ed p\u0159\u00edpravku Varicoff dostane do \u00fast, okam\u017eit\u011b p\u0159esta\u0148te p\u0159\u00edpravek pou\u017e\u00edvat a pora\u010fte se s l\u00e9ka\u0159em.<\/p>\n","protected":false},"excerpt":{"rendered":"<p><strong>999.00 K\u010d<\/strong><\/p>\n<p><del>1998.00 K\u010d<\/del><\/p>\n<p><strong>[date_countdown]<\/strong><\/p>\n","protected":false},"featured_media":3533,"comment_status":"open","ping_status":"closed","template":"","meta":{"neve_meta_sidebar":"","neve_meta_container":"","neve_meta_enable_content_width":"","neve_meta_content_width":0,"neve_meta_title_alignment":"","neve_meta_author_avatar":"","neve_post_elements_order":"","neve_meta_disable_header":"","neve_meta_disable_footer":"","neve_meta_disable_title":"","neve_meta_reading_time":""},"product_brand":[],"product_cat":[49],"product_tag":[],"class_list":{"0":"post-3534","1":"product","2":"type-product","3":"status-publish","4":"has-post-thumbnail","6":"product_cat-zdravi","8":"first","9":"instock","10":"shipping-taxable","11":"product-type-external"},"yoast_head":"<!-- This site is optimized with the Yoast SEO plugin v27.4 - https:\/\/yoast.com\/product\/yoast-seo-wordpress\/ -->\n<title>Varicoff - Clinica Althea<\/title>\n<meta name=\"robots\" content=\"index, follow, max-snippet:-1, max-image-preview:large, max-video-preview:-1\" \/>\n<link rel=\"canonical\" href=\"https:\/\/www.clinicaalthea.com\/farmacia\/cs\/apt\/varicoff\/\" \/>\n<meta property=\"og:locale\" content=\"pl_PL\" \/>\n<meta property=\"og:type\" content=\"article\" \/>\n<meta property=\"og:title\" content=\"Varicoff - Clinica Althea\" \/>\n<meta property=\"og:description\" content=\"999.00 K\u010d 1998.00 K\u010d\" \/>\n<meta property=\"og:url\" content=\"https:\/\/www.clinicaalthea.com\/farmacia\/cs\/apt\/varicoff\/\" \/>\n<meta property=\"og:site_name\" content=\"Clinica Althea\" \/>\n<meta property=\"article:modified_time\" content=\"2024-04-30T08:26:52+00:00\" \/>\n<meta property=\"og:image\" content=\"https:\/\/www.clinicaalthea.com\/farmacia\/wp-content\/uploads\/2024\/04\/Varicoff.jpg\" \/>\n\t<meta property=\"og:image:width\" content=\"768\" \/>\n\t<meta property=\"og:image:height\" content=\"768\" \/>\n\t<meta property=\"og:image:type\" content=\"image\/jpeg\" \/>\n<meta name=\"twitter:card\" content=\"summary_large_image\" \/>\n<meta name=\"twitter:label1\" content=\"Szacowany czas czytania\" \/>\n\t<meta name=\"twitter:data1\" content=\"8 minut\" \/>\n<script type=\"application\/ld+json\" class=\"yoast-schema-graph\">{\"@context\":\"https:\\\/\\\/schema.org\",\"@graph\":[{\"@type\":\"WebPage\",\"@id\":\"https:\\\/\\\/www.clinicaalthea.com\\\/farmacia\\\/cs\\\/apt\\\/varicoff\\\/\",\"url\":\"https:\\\/\\\/www.clinicaalthea.com\\\/farmacia\\\/cs\\\/apt\\\/varicoff\\\/\",\"name\":\"Varicoff - Clinica Althea\",\"isPartOf\":{\"@id\":\"https:\\\/\\\/www.clinicaalthea.com\\\/farmacia\\\/#website\"},\"primaryImageOfPage\":{\"@id\":\"https:\\\/\\\/www.clinicaalthea.com\\\/farmacia\\\/cs\\\/apt\\\/varicoff\\\/#primaryimage\"},\"image\":{\"@id\":\"https:\\\/\\\/www.clinicaalthea.com\\\/farmacia\\\/cs\\\/apt\\\/varicoff\\\/#primaryimage\"},\"thumbnailUrl\":\"https:\\\/\\\/www.clinicaalthea.com\\\/farmacia\\\/wp-content\\\/uploads\\\/2024\\\/04\\\/Varicoff.jpg\",\"datePublished\":\"2024-04-30T08:20:54+00:00\",\"dateModified\":\"2024-04-30T08:26:52+00:00\",\"breadcrumb\":{\"@id\":\"https:\\\/\\\/www.clinicaalthea.com\\\/farmacia\\\/cs\\\/apt\\\/varicoff\\\/#breadcrumb\"},\"inLanguage\":\"pl-PL\",\"potentialAction\":[{\"@type\":\"ReadAction\",\"target\":[\"https:\\\/\\\/www.clinicaalthea.com\\\/farmacia\\\/cs\\\/apt\\\/varicoff\\\/\"]}]},{\"@type\":\"ImageObject\",\"inLanguage\":\"pl-PL\",\"@id\":\"https:\\\/\\\/www.clinicaalthea.com\\\/farmacia\\\/cs\\\/apt\\\/varicoff\\\/#primaryimage\",\"url\":\"https:\\\/\\\/www.clinicaalthea.com\\\/farmacia\\\/wp-content\\\/uploads\\\/2024\\\/04\\\/Varicoff.jpg\",\"contentUrl\":\"https:\\\/\\\/www.clinicaalthea.com\\\/farmacia\\\/wp-content\\\/uploads\\\/2024\\\/04\\\/Varicoff.jpg\",\"width\":768,\"height\":768,\"caption\":\"Varicoff\"},{\"@type\":\"BreadcrumbList\",\"@id\":\"https:\\\/\\\/www.clinicaalthea.com\\\/farmacia\\\/cs\\\/apt\\\/varicoff\\\/#breadcrumb\",\"itemListElement\":[{\"@type\":\"ListItem\",\"position\":1,\"name\":\"Strona g\u0142\u00f3wna\",\"item\":\"https:\\\/\\\/www.clinicaalthea.com\\\/farmacia\\\/\"},{\"@type\":\"ListItem\",\"position\":2,\"name\":\"Produkty\",\"item\":\"https:\\\/\\\/www.clinicaalthea.com\\\/farmacia\\\/\"},{\"@type\":\"ListItem\",\"position\":3,\"name\":\"Varicoff\"}]},{\"@type\":\"WebSite\",\"@id\":\"https:\\\/\\\/www.clinicaalthea.com\\\/farmacia\\\/#website\",\"url\":\"https:\\\/\\\/www.clinicaalthea.com\\\/farmacia\\\/\",\"name\":\"Clinica Althea\",\"description\":\"\",\"publisher\":{\"@id\":\"https:\\\/\\\/www.clinicaalthea.com\\\/farmacia\\\/#organization\"},\"potentialAction\":[{\"@type\":\"SearchAction\",\"target\":{\"@type\":\"EntryPoint\",\"urlTemplate\":\"https:\\\/\\\/www.clinicaalthea.com\\\/farmacia\\\/?s={search_term_string}\"},\"query-input\":{\"@type\":\"PropertyValueSpecification\",\"valueRequired\":true,\"valueName\":\"search_term_string\"}}],\"inLanguage\":\"pl-PL\"},{\"@type\":\"Organization\",\"@id\":\"https:\\\/\\\/www.clinicaalthea.com\\\/farmacia\\\/#organization\",\"name\":\"Clinica Althea\",\"url\":\"https:\\\/\\\/www.clinicaalthea.com\\\/farmacia\\\/\",\"logo\":{\"@type\":\"ImageObject\",\"inLanguage\":\"pl-PL\",\"@id\":\"https:\\\/\\\/www.clinicaalthea.com\\\/farmacia\\\/#\\\/schema\\\/logo\\\/image\\\/\",\"url\":\"https:\\\/\\\/www.clinicaalthea.com\\\/farmacia\\\/wp-content\\\/uploads\\\/2023\\\/12\\\/Jak-diagnozuje-sie-FAS_-objawy-kryteria-diagnostyczne-i-metody-diagnozowania-154162903.jpg\",\"contentUrl\":\"https:\\\/\\\/www.clinicaalthea.com\\\/farmacia\\\/wp-content\\\/uploads\\\/2023\\\/12\\\/Jak-diagnozuje-sie-FAS_-objawy-kryteria-diagnostyczne-i-metody-diagnozowania-154162903.jpg\",\"width\":1216,\"height\":832,\"caption\":\"Clinica Althea\"},\"image\":{\"@id\":\"https:\\\/\\\/www.clinicaalthea.com\\\/farmacia\\\/#\\\/schema\\\/logo\\\/image\\\/\"}}]}<\/script>\n<!-- \/ Yoast SEO plugin. -->","yoast_head_json":{"title":"Varicoff - Clinica Althea","robots":{"index":"index","follow":"follow","max-snippet":"max-snippet:-1","max-image-preview":"max-image-preview:large","max-video-preview":"max-video-preview:-1"},"canonical":"https:\/\/www.clinicaalthea.com\/farmacia\/cs\/apt\/varicoff\/","og_locale":"pl_PL","og_type":"article","og_title":"Varicoff - Clinica Althea","og_description":"999.00 K\u010d 1998.00 K\u010d","og_url":"https:\/\/www.clinicaalthea.com\/farmacia\/cs\/apt\/varicoff\/","og_site_name":"Clinica Althea","article_modified_time":"2024-04-30T08:26:52+00:00","og_image":[{"width":768,"height":768,"url":"https:\/\/www.clinicaalthea.com\/farmacia\/wp-content\/uploads\/2024\/04\/Varicoff.jpg","type":"image\/jpeg"}],"twitter_card":"summary_large_image","twitter_misc":{"Szacowany czas czytania":"8 minut"},"schema":{"@context":"https:\/\/schema.org","@graph":[{"@type":"WebPage","@id":"https:\/\/www.clinicaalthea.com\/farmacia\/cs\/apt\/varicoff\/","url":"https:\/\/www.clinicaalthea.com\/farmacia\/cs\/apt\/varicoff\/","name":"Varicoff - Clinica Althea","isPartOf":{"@id":"https:\/\/www.clinicaalthea.com\/farmacia\/#website"},"primaryImageOfPage":{"@id":"https:\/\/www.clinicaalthea.com\/farmacia\/cs\/apt\/varicoff\/#primaryimage"},"image":{"@id":"https:\/\/www.clinicaalthea.com\/farmacia\/cs\/apt\/varicoff\/#primaryimage"},"thumbnailUrl":"https:\/\/www.clinicaalthea.com\/farmacia\/wp-content\/uploads\/2024\/04\/Varicoff.jpg","datePublished":"2024-04-30T08:20:54+00:00","dateModified":"2024-04-30T08:26:52+00:00","breadcrumb":{"@id":"https:\/\/www.clinicaalthea.com\/farmacia\/cs\/apt\/varicoff\/#breadcrumb"},"inLanguage":"pl-PL","potentialAction":[{"@type":"ReadAction","target":["https:\/\/www.clinicaalthea.com\/farmacia\/cs\/apt\/varicoff\/"]}]},{"@type":"ImageObject","inLanguage":"pl-PL","@id":"https:\/\/www.clinicaalthea.com\/farmacia\/cs\/apt\/varicoff\/#primaryimage","url":"https:\/\/www.clinicaalthea.com\/farmacia\/wp-content\/uploads\/2024\/04\/Varicoff.jpg","contentUrl":"https:\/\/www.clinicaalthea.com\/farmacia\/wp-content\/uploads\/2024\/04\/Varicoff.jpg","width":768,"height":768,"caption":"Varicoff"},{"@type":"BreadcrumbList","@id":"https:\/\/www.clinicaalthea.com\/farmacia\/cs\/apt\/varicoff\/#breadcrumb","itemListElement":[{"@type":"ListItem","position":1,"name":"Strona g\u0142\u00f3wna","item":"https:\/\/www.clinicaalthea.com\/farmacia\/"},{"@type":"ListItem","position":2,"name":"Produkty","item":"https:\/\/www.clinicaalthea.com\/farmacia\/"},{"@type":"ListItem","position":3,"name":"Varicoff"}]},{"@type":"WebSite","@id":"https:\/\/www.clinicaalthea.com\/farmacia\/#website","url":"https:\/\/www.clinicaalthea.com\/farmacia\/","name":"Clinica Althea","description":"","publisher":{"@id":"https:\/\/www.clinicaalthea.com\/farmacia\/#organization"},"potentialAction":[{"@type":"SearchAction","target":{"@type":"EntryPoint","urlTemplate":"https:\/\/www.clinicaalthea.com\/farmacia\/?s={search_term_string}"},"query-input":{"@type":"PropertyValueSpecification","valueRequired":true,"valueName":"search_term_string"}}],"inLanguage":"pl-PL"},{"@type":"Organization","@id":"https:\/\/www.clinicaalthea.com\/farmacia\/#organization","name":"Clinica Althea","url":"https:\/\/www.clinicaalthea.com\/farmacia\/","logo":{"@type":"ImageObject","inLanguage":"pl-PL","@id":"https:\/\/www.clinicaalthea.com\/farmacia\/#\/schema\/logo\/image\/","url":"https:\/\/www.clinicaalthea.com\/farmacia\/wp-content\/uploads\/2023\/12\/Jak-diagnozuje-sie-FAS_-objawy-kryteria-diagnostyczne-i-metody-diagnozowania-154162903.jpg","contentUrl":"https:\/\/www.clinicaalthea.com\/farmacia\/wp-content\/uploads\/2023\/12\/Jak-diagnozuje-sie-FAS_-objawy-kryteria-diagnostyczne-i-metody-diagnozowania-154162903.jpg","width":1216,"height":832,"caption":"Clinica Althea"},"image":{"@id":"https:\/\/www.clinicaalthea.com\/farmacia\/#\/schema\/logo\/image\/"}}]}},"lang":"cs","translations":{"cs":3534,"pl":3532,"de":3535,"es":3536,"fr":3537,"it":3538,"nl":3539,"sk":3540},"pll_sync_post":[],"_links":{"self":[{"href":"https:\/\/www.clinicaalthea.com\/farmacia\/wp-json\/wp\/v2\/product\/3534","targetHints":{"allow":["GET"]}}],"collection":[{"href":"https:\/\/www.clinicaalthea.com\/farmacia\/wp-json\/wp\/v2\/product"}],"about":[{"href":"https:\/\/www.clinicaalthea.com\/farmacia\/wp-json\/wp\/v2\/types\/product"}],"replies":[{"embeddable":true,"href":"https:\/\/www.clinicaalthea.com\/farmacia\/wp-json\/wp\/v2\/comments?post=3534"}],"wp:featuredmedia":[{"embeddable":true,"href":"https:\/\/www.clinicaalthea.com\/farmacia\/wp-json\/wp\/v2\/media\/3533"}],"wp:attachment":[{"href":"https:\/\/www.clinicaalthea.com\/farmacia\/wp-json\/wp\/v2\/media?parent=3534"}],"wp:term":[{"taxonomy":"product_brand","embeddable":true,"href":"https:\/\/www.clinicaalthea.com\/farmacia\/wp-json\/wp\/v2\/product_brand?post=3534"},{"taxonomy":"product_cat","embeddable":true,"href":"https:\/\/www.clinicaalthea.com\/farmacia\/wp-json\/wp\/v2\/product_cat?post=3534"},{"taxonomy":"product_tag","embeddable":true,"href":"https:\/\/www.clinicaalthea.com\/farmacia\/wp-json\/wp\/v2\/product_tag?post=3534"}],"curies":[{"name":"wp","href":"https:\/\/api.w.org\/{rel}","templated":true}]}}