{"id":3445,"date":"2024-04-27T21:34:25","date_gmt":"2024-04-27T20:34:25","guid":{"rendered":"https:\/\/mayoguide.org\/produkty\/?post_type=product&#038;p=3445"},"modified":"2024-04-30T06:51:25","modified_gmt":"2024-04-30T05:51:25","slug":"start-erotique","status":"publish","type":"product","link":"https:\/\/www.clinicaalthea.com\/farmacia\/de\/apt\/start-erotique\/","title":{"rendered":"Start Erotique"},"content":{"rendered":"\n<p>Suchen Sie nach einer innovativen L\u00f6sung f\u00fcr Ihr Intimleben? W\u00fcrden Sie gerne die Qualit\u00e4t Ihrer Erektion verbessern? Dann sollten Sie einen Blick auf <b>Start Erotique<\/b> werfen, eine Creme, die f\u00fcr M\u00e4nner entwickelt wurde, die ihr sexuelles Empfinden steigern und die St\u00e4rke und H\u00e4rte ihrer Erektion verbessern wollen. Aber ist dieses Produkt wirklich wirksam und sicher? K\u00f6nnte es die Antwort auf Ihre Probleme im Schlafzimmer sein?<\/p>\n\n\n\n<h2 class=\"wp-block-heading\" id=\"h-co-to-jest-start-erotique-i-jak-dziala\">Was ist Start Erotique und wie wirkt es?<\/h2>\n\n\n\n<p>Start<b>Erotique<\/b> ist eine innovative Creme zur Verbesserung der Qualit\u00e4t des Sexuallebens. Sie ist vor allem f\u00fcr M\u00e4nner gedacht, die ihre sexuelle Leistungsf\u00e4higkeit steigern und die Qualit\u00e4t und Dauerhaftigkeit ihrer Erektionen verbessern m\u00f6chten. Das Produkt wirkt, indem es die Blutzirkulation im Penisbereich anregt, was zu einer Erweiterung der Blutgef\u00e4\u00dfe und einem erh\u00f6hten Blutfluss f\u00fchrt.<\/p>\n\n\n\n<p>Die wichtigsten Inhaltsstoffe, wie Ginsengextrakt und L-Arginin, spielen eine wichtige Rolle bei der Wirkung der Creme. Der Ginsengextrakt beeinflusst die Produktion von Stickstoffmonoxid, das die Muskeln entspannt und die Durchblutung erh\u00f6ht. L-Arginin beeinflusst ebenfalls die Produktion von Stickstoffmonoxid, was zu einer Gef\u00e4\u00dferweiterung f\u00fchrt.<\/p>\n\n\n\n<p>Die Wirkung der Creme ist schnell und effektiv und f\u00fchrt zu verbesserten Erektionen und sexuellen Empfindungen. Die Anwendung von StartErotique kann M\u00e4nnern zu l\u00e4nger anhaltenden und festeren Erektionen verhelfen, was die Qualit\u00e4t des Intimlebens erheblich beeinflusst.<\/p>\n\n\n\n<figure class=\"wp-block-table\"><table><tbody><tr><th>Inhaltsstoffe<\/th><th>Vorteile<\/th><\/tr><tr><td>Ginseng-Extrakt<\/td><td>Erh\u00f6ht die Produktion von Stickstoffmonoxid und tr\u00e4gt so zur Erweiterung der Blutgef\u00e4\u00dfe bei<\/td><\/tr><tr><td>L-Arginin<\/td><td>Beeinflusst die Produktion von Stickstoffmonoxid, was zu einer Gef\u00e4\u00dferweiterung f\u00fchrt<\/td><\/tr><\/tbody><\/table><\/figure>\n\n\n\n<h2 class=\"wp-block-heading\" id=\"h-start-erotique-efekty\">Start Erotique &#8211; Wirkungen<\/h2>\n\n\n\n<p>Start Erotique ist ein innovatives Produkt, das viele positive Auswirkungen auf die Anwender haben kann. Zun\u00e4chst einmal kann die regelm\u00e4\u00dfige Einnahme dieses cremigen Pr\u00e4parats die Qualit\u00e4t der Erektion verbessern. Dadurch k\u00f6nnen M\u00e4nner h\u00e4rtere und l\u00e4nger anhaltende Erektionen genie\u00dfen, was zu einem besseren sexuellen Erlebnis f\u00fcr sie und ihre Partnerin f\u00fchrt.<\/p>\n\n\n\n<p>Dar\u00fcber hinaus kann Start Erotique auch die sexuelle Ausdauer und Energie w\u00e4hrend der Aktivit\u00e4t steigern. Dies erm\u00f6glicht es M\u00e4nnern, ihre Ausdauer l\u00e4nger aufrechtzuerhalten, was zu einer gr\u00f6\u00dferen intimen Befriedigung f\u00fchren kann. Dar\u00fcber hinaus berichten viele Anwender von einer Intensivierung der sexuellen Empfindungen, was zu gr\u00f6\u00dferer Lust und Befriedigung w\u00e4hrend der sexuellen Aktivit\u00e4t f\u00fchrt.<\/p>\n\n\n\n<p>Es ist erw\u00e4hnenswert, dass Start Erotique eine dauerhafte und langfristige Wirkung hat. Die regelm\u00e4\u00dfige Anwendung der Creme kann M\u00e4nnern helfen, die Qualit\u00e4t ihres Sexuallebens zu verbessern und ihr Selbstvertrauen zu st\u00e4rken. Die Wirksamkeit von Start Erotique macht es zu einer beliebten Wahl f\u00fcr M\u00e4nner, die ihre sexuelle Erfahrung verbessern wollen.<\/p>\n\n\n\n<h2 class=\"wp-block-heading\" id=\"h-jak-stosowac-start-erotique-instrukcja-stosowania-i-dawkowania\">So verwenden Sie Start Erotique &#8211; Gebrauchsanweisung und Dosierung<\/h2>\n\n\n\n<p>Um den gr\u00f6\u00dftm\u00f6glichen Nutzen aus StartErotique zu ziehen, sollte es gem\u00e4\u00df den Anweisungen des Herstellers verwendet werden. Tragen Sie zun\u00e4chst eine kleine Menge der Creme auf den Penis auf und massieren Sie sie sanft ein, bis sie vollst\u00e4ndig eingezogen ist. <\/p>\n\n\n\n<p>Die Creme sollte vor der sexuellen Aktivit\u00e4t aufgetragen werden, damit sie gen\u00fcgend Zeit hat, einzuziehen. Es ist auch wichtig, die Creme gleichm\u00e4\u00dfig zu verteilen, um die volle Wirksamkeit zu gew\u00e4hrleisten. Achten Sie darauf, die empfohlene Dosierung einzuhalten, um unerw\u00fcnschte Wirkungen zu vermeiden.<\/p>\n\n\n\n<h2 class=\"wp-block-heading\" id=\"h-recenzje-i-opinie-o-start-erotique\">Bewertungen und Meinungen zu Start Erotique<\/h2>\n\n\n\n<p>Bewertungen von anderen Anwendern sind oft eine wichtige Informationsquelle bei der Entscheidung \u00fcber den Kauf von Produkten dieser Art. Bei der Suche in Online-Foren zum Thema Gesundheit und Leben im Intimbereich haben wir Nutzerbewertungen zu Start Erotique gefunden:<\/p>\n\n\n\n<ol class=\"wp-block-list\">\n<li><strong>Monica:<\/strong> <em>&#8220;Start Erotique ist ein sensationelles Produkt! Meine intimen Empfindungen haben sich deutlich verbessert, seit ich es benutze. Mein Partner und ich k\u00f6nnen unsere gemeinsamen Momente noch mehr genie\u00dfen.&#8221;<\/em><\/li>\n\n\n\n<li><strong>Michael:<\/strong> &#8221; <em>Ich empfehle Start Erotique allen M\u00e4nnern, die ihre Leistung im Schlafzimmer verbessern wollen. Meine Erektion ist viel st\u00e4rker geworden und das Vergn\u00fcgen ist unglaublich!&#8221;<\/em><\/li>\n\n\n\n<li><strong>Kamil:<\/strong> <em>&#8220;Ich h\u00e4tte nicht erwartet, dass eine solche Creme eine solche Wirkung haben kann<\/em>.&#8221;<\/li>\n<\/ol>\n\n\n\n<h2 class=\"wp-block-heading\" id=\"h-start-erotique-sklad\">Start Erotique &#8211; Zusammensetzung<\/h2>\n\n\n\n<p><b>Die Zusammensetzung von Start Erotique<\/b> basiert auf nat\u00fcrlichen Inhaltsstoffen, die sicher und effektiv in ihrer Wirkung sind. Die wichtigsten Bestandteile der Creme sind Ginsengextrakt, L-Arginin, Muskatbl\u00fctenextrakt, Catuaba-Rindenextrakt und Avocado\u00f6l.<\/p>\n\n\n\n<p>Ginsengextrakt ist ein nat\u00fcrlicher Inhaltsstoff, der schon seit Jahrhunderten wegen seiner gesundheitsf\u00f6rdernden Eigenschaften verwendet wird. Er hat eine stimulierende Wirkung auf den K\u00f6rper, einschlie\u00dflich des Kreislaufsystems. Er wirkt sich positiv auf die Erektion aus und verbessert ihre H\u00e4rte und St\u00e4rke. L-Arginin hingegen ist eine Aminos\u00e4ure, die die Produktion von Stickstoffmonoxid beeinflusst, einer Substanz, die f\u00fcr die Entspannung der glatten Muskeln der Blutgef\u00e4\u00dfe verantwortlich ist. Dies f\u00fchrt zu einer Erweiterung der Blutgef\u00e4\u00dfe und einer erh\u00f6hten Durchblutung des Penis, was zur Aufrechterhaltung einer gesunden Erektion beitr\u00e4gt.<\/p>\n\n\n\n<p>Muskatbl\u00fctenextrakt ist ein weiterer Inhaltsstoff, der eine positive Wirkung auf die Erektion hat. Er enth\u00e4lt Substanzen wie Saponine, die auf das Nervensystem einwirken und die Produktion der f\u00fcr das sexuelle Verlangen verantwortlichen Hormone beeinflussen. Der Extrakt aus der Catuaba-Rinde hingegen ist f\u00fcr seine aphrodisierenden und anregenden Eigenschaften bekannt. Er wirkt auf das Nervensystem und erh\u00f6ht die sexuelle Energie und Ausdauer. Avocado\u00f6l wiederum ist reich an gesunden Fetts\u00e4uren und Vitaminen, die zur Erhaltung gesunder Blutgef\u00e4\u00dfe und zur Verbesserung der Durchblutung beitragen.<\/p>\n\n\n\n<p>Diese nat\u00fcrlichen Inhaltsstoffe in der Start Erotique Creme wirken synergetisch, um eine gesunde Erektion zu f\u00f6rdern und die sexuelle Ausdauer zu steigern. Dank ihrer Wirkung auf die Blutzirkulation und das sexuelle Verlangen kann diese Creme dazu beitragen, die Qualit\u00e4t des Intimlebens zu verbessern. Wichtig ist, dass Start Erotique frei von sch\u00e4dlichen Chemikalien ist und keine Nebenwirkungen hat.<\/p>\n\n\n\n<h2 class=\"wp-block-heading\" id=\"h-gdzie-kupic-start-erotique-cena\">Wo kann man Start Erotique kaufen &#8211; Preis<\/h2>\n\n\n\n<p>Sie k\u00f6nnen Start Erotique direkt auf der offiziellen Website des Herstellers kaufen, um sich der Echtheit und Qualit\u00e4t des Produkts sicher zu sein. Auf diese Weise k\u00f6nnen Sie auch von Werbeaktionen und Sonderangeboten profitieren. Der Preis von Start Erotique kann variieren, je nachdem, wo Sie es kaufen, so halten Sie ein Auge auf die offizielle Website des Herstellers f\u00fcr aktuelle Informationen. Achten Sie immer darauf, dass das Produkt echt ist und von einem vertrauensw\u00fcrdigen Anbieter stammt, um F\u00e4lschungen zu vermeiden.<\/p>\n\n\n\n<h2 class=\"wp-block-heading\" id=\"h-potencjalne-skutki-uboczne-i-przeciwwskazania-do-stosowania-start-erotique\">M\u00f6gliche Nebenwirkungen und Kontraindikationen von Start Erotique<\/h2>\n\n\n\n<p>Start Erotique gilt im Allgemeinen als sicher in der Anwendung und sollte keine Nebenwirkungen verursachen. Es besteht jedoch die M\u00f6glichkeit, dass einige Anwender auf einen der Inhaltsstoffe allergisch reagieren. Daher wird empfohlen, vor Beginn der regelm\u00e4\u00dfigen Anwendung einen Test an einer kleinen Hautstelle durchzuf\u00fchren. Sollten allergische Symptome oder unerw\u00fcnschte Reaktionen auftreten, ist die Anwendung abzubrechen und ein Arzt aufzusuchen.<\/p>\n\n\n\n<p>Sicherheit und Wirksamkeit haben f\u00fcr den Hersteller von StartErotique Priorit\u00e4t. In seltenen F\u00e4llen k\u00f6nnen allergische Reaktionen wie R\u00f6tung, Juckreiz oder Hautausschlag auftreten. Wenn Sie diese Symptome bemerken, setzen Sie das Produkt ab und konsultieren Sie Ihren Arzt.<\/p>\n\n\n\n<p>Bitte beachten Sie, dass Start Erotique nur f\u00fcr Erwachsene bestimmt ist und nicht von Minderj\u00e4hrigen verwendet werden sollte. Schwangere und stillende Frauen sollten dieses Produkt ebenfalls nicht verwenden. Wenn Sie bereits gesundheitliche Probleme haben, wie z. B. Herzkrankheiten, Bluthochdruck oder Diabetes, konsultieren Sie immer Ihren Arzt, bevor Sie Start Erotique verwenden.<\/p>\n","protected":false},"excerpt":{"rendered":"<p><strong>73.00 \u20ac<\/strong><\/p>\n<p><del>146.00 \u20ac<\/del><\/p>\n<p><strong>[date_countdown]<\/strong><\/p>\n","protected":false},"featured_media":3443,"comment_status":"open","ping_status":"closed","template":"","meta":{"neve_meta_sidebar":"","neve_meta_container":"","neve_meta_enable_content_width":"","neve_meta_content_width":0,"neve_meta_title_alignment":"","neve_meta_author_avatar":"","neve_post_elements_order":"","neve_meta_disable_header":"","neve_meta_disable_footer":"","neve_meta_disable_title":"","neve_meta_reading_time":""},"product_brand":[],"product_cat":[275],"product_tag":[],"class_list":{"0":"post-3445","1":"product","2":"type-product","3":"status-publish","4":"has-post-thumbnail","6":"product_cat-sexuelle-gesundheit","8":"first","9":"instock","10":"shipping-taxable","11":"product-type-external"},"yoast_head":"<!-- This site is optimized with the Yoast SEO plugin v27.4 - https:\/\/yoast.com\/product\/yoast-seo-wordpress\/ -->\n<title>Start Erotique - Clinica Althea<\/title>\n<meta name=\"robots\" content=\"index, follow, max-snippet:-1, max-image-preview:large, max-video-preview:-1\" \/>\n<link rel=\"canonical\" href=\"https:\/\/www.clinicaalthea.com\/farmacia\/de\/apt\/start-erotique\/\" \/>\n<meta property=\"og:locale\" content=\"pl_PL\" \/>\n<meta property=\"og:type\" content=\"article\" \/>\n<meta property=\"og:title\" content=\"Start Erotique - Clinica Althea\" \/>\n<meta property=\"og:description\" content=\"73.00 \u20ac 146.00 \u20ac\" \/>\n<meta property=\"og:url\" content=\"https:\/\/www.clinicaalthea.com\/farmacia\/de\/apt\/start-erotique\/\" \/>\n<meta property=\"og:site_name\" content=\"Clinica Althea\" \/>\n<meta property=\"article:modified_time\" content=\"2024-04-30T05:51:25+00:00\" \/>\n<meta property=\"og:image\" content=\"https:\/\/www.clinicaalthea.com\/farmacia\/wp-content\/uploads\/2024\/04\/Start-Erotique.jpg\" \/>\n\t<meta property=\"og:image:width\" content=\"768\" \/>\n\t<meta property=\"og:image:height\" content=\"768\" \/>\n\t<meta property=\"og:image:type\" content=\"image\/jpeg\" \/>\n<meta name=\"twitter:card\" content=\"summary_large_image\" \/>\n<meta name=\"twitter:label1\" content=\"Szacowany czas czytania\" \/>\n\t<meta name=\"twitter:data1\" content=\"7 minut\" \/>\n<script type=\"application\/ld+json\" class=\"yoast-schema-graph\">{\"@context\":\"https:\\\/\\\/schema.org\",\"@graph\":[{\"@type\":\"WebPage\",\"@id\":\"https:\\\/\\\/www.clinicaalthea.com\\\/farmacia\\\/de\\\/apt\\\/start-erotique\\\/\",\"url\":\"https:\\\/\\\/www.clinicaalthea.com\\\/farmacia\\\/de\\\/apt\\\/start-erotique\\\/\",\"name\":\"Start Erotique - Clinica Althea\",\"isPartOf\":{\"@id\":\"https:\\\/\\\/www.clinicaalthea.com\\\/farmacia\\\/#website\"},\"primaryImageOfPage\":{\"@id\":\"https:\\\/\\\/www.clinicaalthea.com\\\/farmacia\\\/de\\\/apt\\\/start-erotique\\\/#primaryimage\"},\"image\":{\"@id\":\"https:\\\/\\\/www.clinicaalthea.com\\\/farmacia\\\/de\\\/apt\\\/start-erotique\\\/#primaryimage\"},\"thumbnailUrl\":\"https:\\\/\\\/www.clinicaalthea.com\\\/farmacia\\\/wp-content\\\/uploads\\\/2024\\\/04\\\/Start-Erotique.jpg\",\"datePublished\":\"2024-04-27T20:34:25+00:00\",\"dateModified\":\"2024-04-30T05:51:25+00:00\",\"breadcrumb\":{\"@id\":\"https:\\\/\\\/www.clinicaalthea.com\\\/farmacia\\\/de\\\/apt\\\/start-erotique\\\/#breadcrumb\"},\"inLanguage\":\"pl-PL\",\"potentialAction\":[{\"@type\":\"ReadAction\",\"target\":[\"https:\\\/\\\/www.clinicaalthea.com\\\/farmacia\\\/de\\\/apt\\\/start-erotique\\\/\"]}]},{\"@type\":\"ImageObject\",\"inLanguage\":\"pl-PL\",\"@id\":\"https:\\\/\\\/www.clinicaalthea.com\\\/farmacia\\\/de\\\/apt\\\/start-erotique\\\/#primaryimage\",\"url\":\"https:\\\/\\\/www.clinicaalthea.com\\\/farmacia\\\/wp-content\\\/uploads\\\/2024\\\/04\\\/Start-Erotique.jpg\",\"contentUrl\":\"https:\\\/\\\/www.clinicaalthea.com\\\/farmacia\\\/wp-content\\\/uploads\\\/2024\\\/04\\\/Start-Erotique.jpg\",\"width\":768,\"height\":768,\"caption\":\"Start Erotique\"},{\"@type\":\"BreadcrumbList\",\"@id\":\"https:\\\/\\\/www.clinicaalthea.com\\\/farmacia\\\/de\\\/apt\\\/start-erotique\\\/#breadcrumb\",\"itemListElement\":[{\"@type\":\"ListItem\",\"position\":1,\"name\":\"Strona g\u0142\u00f3wna\",\"item\":\"https:\\\/\\\/www.clinicaalthea.com\\\/farmacia\\\/\"},{\"@type\":\"ListItem\",\"position\":2,\"name\":\"Produkty\",\"item\":\"https:\\\/\\\/www.clinicaalthea.com\\\/farmacia\\\/\"},{\"@type\":\"ListItem\",\"position\":3,\"name\":\"Start Erotique\"}]},{\"@type\":\"WebSite\",\"@id\":\"https:\\\/\\\/www.clinicaalthea.com\\\/farmacia\\\/#website\",\"url\":\"https:\\\/\\\/www.clinicaalthea.com\\\/farmacia\\\/\",\"name\":\"Clinica Althea\",\"description\":\"\",\"publisher\":{\"@id\":\"https:\\\/\\\/www.clinicaalthea.com\\\/farmacia\\\/#organization\"},\"potentialAction\":[{\"@type\":\"SearchAction\",\"target\":{\"@type\":\"EntryPoint\",\"urlTemplate\":\"https:\\\/\\\/www.clinicaalthea.com\\\/farmacia\\\/?s={search_term_string}\"},\"query-input\":{\"@type\":\"PropertyValueSpecification\",\"valueRequired\":true,\"valueName\":\"search_term_string\"}}],\"inLanguage\":\"pl-PL\"},{\"@type\":\"Organization\",\"@id\":\"https:\\\/\\\/www.clinicaalthea.com\\\/farmacia\\\/#organization\",\"name\":\"Clinica Althea\",\"url\":\"https:\\\/\\\/www.clinicaalthea.com\\\/farmacia\\\/\",\"logo\":{\"@type\":\"ImageObject\",\"inLanguage\":\"pl-PL\",\"@id\":\"https:\\\/\\\/www.clinicaalthea.com\\\/farmacia\\\/#\\\/schema\\\/logo\\\/image\\\/\",\"url\":\"https:\\\/\\\/www.clinicaalthea.com\\\/farmacia\\\/wp-content\\\/uploads\\\/2023\\\/12\\\/Jak-diagnozuje-sie-FAS_-objawy-kryteria-diagnostyczne-i-metody-diagnozowania-154162903.jpg\",\"contentUrl\":\"https:\\\/\\\/www.clinicaalthea.com\\\/farmacia\\\/wp-content\\\/uploads\\\/2023\\\/12\\\/Jak-diagnozuje-sie-FAS_-objawy-kryteria-diagnostyczne-i-metody-diagnozowania-154162903.jpg\",\"width\":1216,\"height\":832,\"caption\":\"Clinica Althea\"},\"image\":{\"@id\":\"https:\\\/\\\/www.clinicaalthea.com\\\/farmacia\\\/#\\\/schema\\\/logo\\\/image\\\/\"}}]}<\/script>\n<!-- \/ Yoast SEO plugin. -->","yoast_head_json":{"title":"Start Erotique - Clinica Althea","robots":{"index":"index","follow":"follow","max-snippet":"max-snippet:-1","max-image-preview":"max-image-preview:large","max-video-preview":"max-video-preview:-1"},"canonical":"https:\/\/www.clinicaalthea.com\/farmacia\/de\/apt\/start-erotique\/","og_locale":"pl_PL","og_type":"article","og_title":"Start Erotique - Clinica Althea","og_description":"73.00 \u20ac 146.00 \u20ac","og_url":"https:\/\/www.clinicaalthea.com\/farmacia\/de\/apt\/start-erotique\/","og_site_name":"Clinica Althea","article_modified_time":"2024-04-30T05:51:25+00:00","og_image":[{"width":768,"height":768,"url":"https:\/\/www.clinicaalthea.com\/farmacia\/wp-content\/uploads\/2024\/04\/Start-Erotique.jpg","type":"image\/jpeg"}],"twitter_card":"summary_large_image","twitter_misc":{"Szacowany czas czytania":"7 minut"},"schema":{"@context":"https:\/\/schema.org","@graph":[{"@type":"WebPage","@id":"https:\/\/www.clinicaalthea.com\/farmacia\/de\/apt\/start-erotique\/","url":"https:\/\/www.clinicaalthea.com\/farmacia\/de\/apt\/start-erotique\/","name":"Start Erotique - Clinica Althea","isPartOf":{"@id":"https:\/\/www.clinicaalthea.com\/farmacia\/#website"},"primaryImageOfPage":{"@id":"https:\/\/www.clinicaalthea.com\/farmacia\/de\/apt\/start-erotique\/#primaryimage"},"image":{"@id":"https:\/\/www.clinicaalthea.com\/farmacia\/de\/apt\/start-erotique\/#primaryimage"},"thumbnailUrl":"https:\/\/www.clinicaalthea.com\/farmacia\/wp-content\/uploads\/2024\/04\/Start-Erotique.jpg","datePublished":"2024-04-27T20:34:25+00:00","dateModified":"2024-04-30T05:51:25+00:00","breadcrumb":{"@id":"https:\/\/www.clinicaalthea.com\/farmacia\/de\/apt\/start-erotique\/#breadcrumb"},"inLanguage":"pl-PL","potentialAction":[{"@type":"ReadAction","target":["https:\/\/www.clinicaalthea.com\/farmacia\/de\/apt\/start-erotique\/"]}]},{"@type":"ImageObject","inLanguage":"pl-PL","@id":"https:\/\/www.clinicaalthea.com\/farmacia\/de\/apt\/start-erotique\/#primaryimage","url":"https:\/\/www.clinicaalthea.com\/farmacia\/wp-content\/uploads\/2024\/04\/Start-Erotique.jpg","contentUrl":"https:\/\/www.clinicaalthea.com\/farmacia\/wp-content\/uploads\/2024\/04\/Start-Erotique.jpg","width":768,"height":768,"caption":"Start Erotique"},{"@type":"BreadcrumbList","@id":"https:\/\/www.clinicaalthea.com\/farmacia\/de\/apt\/start-erotique\/#breadcrumb","itemListElement":[{"@type":"ListItem","position":1,"name":"Strona g\u0142\u00f3wna","item":"https:\/\/www.clinicaalthea.com\/farmacia\/"},{"@type":"ListItem","position":2,"name":"Produkty","item":"https:\/\/www.clinicaalthea.com\/farmacia\/"},{"@type":"ListItem","position":3,"name":"Start Erotique"}]},{"@type":"WebSite","@id":"https:\/\/www.clinicaalthea.com\/farmacia\/#website","url":"https:\/\/www.clinicaalthea.com\/farmacia\/","name":"Clinica Althea","description":"","publisher":{"@id":"https:\/\/www.clinicaalthea.com\/farmacia\/#organization"},"potentialAction":[{"@type":"SearchAction","target":{"@type":"EntryPoint","urlTemplate":"https:\/\/www.clinicaalthea.com\/farmacia\/?s={search_term_string}"},"query-input":{"@type":"PropertyValueSpecification","valueRequired":true,"valueName":"search_term_string"}}],"inLanguage":"pl-PL"},{"@type":"Organization","@id":"https:\/\/www.clinicaalthea.com\/farmacia\/#organization","name":"Clinica Althea","url":"https:\/\/www.clinicaalthea.com\/farmacia\/","logo":{"@type":"ImageObject","inLanguage":"pl-PL","@id":"https:\/\/www.clinicaalthea.com\/farmacia\/#\/schema\/logo\/image\/","url":"https:\/\/www.clinicaalthea.com\/farmacia\/wp-content\/uploads\/2023\/12\/Jak-diagnozuje-sie-FAS_-objawy-kryteria-diagnostyczne-i-metody-diagnozowania-154162903.jpg","contentUrl":"https:\/\/www.clinicaalthea.com\/farmacia\/wp-content\/uploads\/2023\/12\/Jak-diagnozuje-sie-FAS_-objawy-kryteria-diagnostyczne-i-metody-diagnozowania-154162903.jpg","width":1216,"height":832,"caption":"Clinica Althea"},"image":{"@id":"https:\/\/www.clinicaalthea.com\/farmacia\/#\/schema\/logo\/image\/"}}]}},"lang":"de","translations":{"de":3445,"cs":3444,"pl":3442,"fr":3446,"hu":3447,"it":3448,"pt":3449,"ro":3450,"sk":3451,"sl":3452,"sv":3453},"pll_sync_post":[],"_links":{"self":[{"href":"https:\/\/www.clinicaalthea.com\/farmacia\/wp-json\/wp\/v2\/product\/3445","targetHints":{"allow":["GET"]}}],"collection":[{"href":"https:\/\/www.clinicaalthea.com\/farmacia\/wp-json\/wp\/v2\/product"}],"about":[{"href":"https:\/\/www.clinicaalthea.com\/farmacia\/wp-json\/wp\/v2\/types\/product"}],"replies":[{"embeddable":true,"href":"https:\/\/www.clinicaalthea.com\/farmacia\/wp-json\/wp\/v2\/comments?post=3445"}],"wp:featuredmedia":[{"embeddable":true,"href":"https:\/\/www.clinicaalthea.com\/farmacia\/wp-json\/wp\/v2\/media\/3443"}],"wp:attachment":[{"href":"https:\/\/www.clinicaalthea.com\/farmacia\/wp-json\/wp\/v2\/media?parent=3445"}],"wp:term":[{"taxonomy":"product_brand","embeddable":true,"href":"https:\/\/www.clinicaalthea.com\/farmacia\/wp-json\/wp\/v2\/product_brand?post=3445"},{"taxonomy":"product_cat","embeddable":true,"href":"https:\/\/www.clinicaalthea.com\/farmacia\/wp-json\/wp\/v2\/product_cat?post=3445"},{"taxonomy":"product_tag","embeddable":true,"href":"https:\/\/www.clinicaalthea.com\/farmacia\/wp-json\/wp\/v2\/product_tag?post=3445"}],"curies":[{"name":"wp","href":"https:\/\/api.w.org\/{rel}","templated":true}]}}