{"id":3435,"date":"2024-04-27T21:22:17","date_gmt":"2024-04-27T20:22:17","guid":{"rendered":"https:\/\/mayoguide.org\/produkty\/?post_type=product&#038;p=3435"},"modified":"2024-04-27T21:26:08","modified_gmt":"2024-04-27T20:26:08","slug":"hugefinale","status":"publish","type":"product","link":"https:\/\/www.clinicaalthea.com\/farmacia\/de\/apt\/hugefinale\/","title":{"rendered":"HugeFinale"},"content":{"rendered":"\n<p>Haben Sie mit vorzeitiger Ejakulation zu k\u00e4mpfen? Entspricht Ihr Sexualleben nicht Ihren Erwartungen? Dann k\u00f6nnte <b>HugeFinale<\/b>, ein innovatives <b>Nahrungserg\u00e4nzungsmittel<\/b>, genau das sein, wonach Sie suchen! Steigern Sie Ihr <b>Durchhalteverm\u00f6gen<\/b>, Ihre Ejakulationskontrolle und Ihre <b>Libido<\/b> mit den 18 nat\u00fcrlichen Inhaltsstoffen dieses Nahrungserg\u00e4nzungsmittels. Ist <b>HugeFinale<\/b> die Antwort auf Ihre Probleme im Schlafzimmer? Finden Sie mehr \u00fcber dieses erstaunliche Produkt heraus!<\/p>\n\n\n\n<h2 class=\"wp-block-heading\" id=\"h-co-to-jest-hugefinale-i-jak-dziala\">Was ist HugeFinale und wie wirkt es?<\/h2>\n\n\n\n<p><b>HugeFinale<\/b> ist ein revolution\u00e4res <b>Nahrungserg\u00e4nzungsmittel<\/b>, das speziell f\u00fcr M\u00e4nner entwickelt wurde, die mit vorzeitiger Ejakulation zu k\u00e4mpfen haben. Es wirkt, indem es die <b>Libido<\/b> steigert, die Erektion verbessert und die Dauer des Geschlechtsverkehrs verl\u00e4ngert. Mit seiner einzigartigen Formel, die auf 18 nat\u00fcrlichen Inhaltsstoffen basiert, wirkt HugeFinale umfassend zur Unterst\u00fctzung der sexuellen Gesundheit und zur Verbesserung der Qualit\u00e4t des Intimlebens.<\/p>\n\n\n\n<p>Das Pr\u00e4parat hilft M\u00e4nnern, ihr Selbstvertrauen im Schlafzimmer wiederzuerlangen, indem es Probleme mit vorzeitiger Ejakulation lindert und das Vergn\u00fcgen und die Intensit\u00e4t des sexuellen Empfindens erh\u00f6ht. Es ist eine wirksame L\u00f6sung f\u00fcr M\u00e4nner, die ein besseres Sexualleben genie\u00dfen wollen.<\/p>\n\n\n\n<h2 class=\"wp-block-heading\" id=\"h-hugefinale-efekty-stosowania\">HugeFinale &#8211; Auswirkungen der Anwendung<\/h2>\n\n\n\n<p>Die Verwendung des Nahrungserg\u00e4nzungsmittels HugeFinale hat zahlreiche Vorteile f\u00fcr M\u00e4nner, die mit vorzeitiger Ejakulation zu k\u00e4mpfen haben. Die regelm\u00e4\u00dfige Einnahme dieses Nahrungserg\u00e4nzungsmittels f\u00fchrt zu einer Steigerung der Ausdauer, was sich in einer l\u00e4ngeren Dauer des Geschlechtsverkehrs und einer gr\u00f6\u00dferen Befriedigung sowohl f\u00fcr den Mann als auch f\u00fcr seine Partnerin niederschl\u00e4gt.<\/p>\n\n\n\n<p>Dar\u00fcber hinaus verbessert HugeFinale die Erektion, was zu einer verbesserten Qualit\u00e4t und Intensit\u00e4t der Orgasmen beitr\u00e4gt. Die <b>Nutzer des<\/b> Pr\u00e4parats berichten auch von einer gesteigerten <b>Libido<\/b> und einer Intensivierung der sexuellen Empfindungen. Dank dieser Effekte tr\u00e4gt die Einnahme von HugeFinale dazu bei, mehr Freude und Zufriedenheit im Sexualleben zu erleben.<\/p>\n\n\n\n<figure class=\"wp-block-table\"><table><tbody><tr><th>Eigenschaften<\/th><th>Wirkungen von HugeFinale<\/th><\/tr><tr><td><b>Ausdauer<\/b><\/td><td>Erh\u00f6hte Dauer des Geschlechtsverkehrs<\/td><\/tr><tr><td><b>Befriedigung<\/b><\/td><td>Erh\u00f6hte Zufriedenheit f\u00fcr Mann und Partnerin<\/td><\/tr><tr><td>Libido<\/td><td>Gesteigerte Libido und erh\u00f6hter Appetit auf Sex<\/td><\/tr><tr><td><b>Intensit\u00e4t der Empfindungen<\/b><\/td><td>Intensivierung der sexuellen Empfindungen<\/td><\/tr><\/tbody><\/table><\/figure>\n\n\n\n<p>Es ist erw\u00e4hnenswert, dass die Auswirkungen der Verwendung von HugeFinale individuell sind und von K\u00f6rper zu K\u00f6rper variieren k\u00f6nnen. Zahlreiche positive <b>R\u00fcckmeldungen<\/b> und <b>Anwenderberichte<\/b> best\u00e4tigen jedoch die Wirksamkeit des Mittels bei der Linderung von Problemen mit vorzeitiger Ejakulation und der Verbesserung der Qualit\u00e4t des Sexuallebens.<\/p>\n\n\n\n<h2 class=\"wp-block-heading\" id=\"h-jak-stosowac-hugefinale-dawkowanie\">Wie wird HugeFinale verwendet? &#8211; Dosierung<\/h2>\n\n\n\n<p>Um die maximale Wirkung des Nahrungserg\u00e4nzungsmittels HugeFinale zu erzielen, wird empfohlen, eine Kapsel pro Tag einzunehmen. Es ist wichtig, die Kapsel regelm\u00e4\u00dfig \u00fcber einen Zeitraum von mehreren Wochen einzunehmen, damit sich die Inhaltsstoffe des Nahrungserg\u00e4nzungsmittels im K\u00f6rper integrieren und eine nachhaltige Wirkung entfalten k\u00f6nnen.<\/p>\n\n\n\n<p>Die beste Zeit f\u00fcr die Einnahme des Nahrungserg\u00e4nzungsmittels ist morgens oder abends, je nach individueller Vorliebe.<\/p>\n\n\n\n<p>Denken Sie daran, die empfohlene Dosis nicht zu \u00fcberschreiten und konsultieren Sie Ihren Arzt, bevor Sie mit der Einnahme des Nahrungserg\u00e4nzungsmittels beginnen, vor allem wenn Sie bereits an einer Krankheit leiden oder andere Medikamente einnehmen.<\/p>\n\n\n\n<h2 class=\"wp-block-heading\" id=\"h-hugefinale-opinie-i-recenzje-co-mowia-uzytkownicy\">HugeFinale &#8211; Meinungen und Bewertungen &#8211; Was sagen die Anwender?<\/h2>\n\n\n\n<p>Die<b>Nutzer von<\/b> HugeFinale sprechen sehr positiv dar\u00fcber. Eine Reihe von Bewertungen und R\u00fcckmeldungen deuten darauf hin, dass das Pr\u00e4parat wirksam ist, um Probleme mit vorzeitiger Ejakulation zu lindern und die Qualit\u00e4t des Sexuallebens zu verbessern. <\/p>\n\n\n\n<p>Die<b>Benutzer<\/b> bemerken eine deutliche Verbesserung der Ausdauer, was zu l\u00e4ngerem und befriedigenderem Geschlechtsverkehr f\u00fchrt. Au\u00dferdem verbessert das Pr\u00e4parat die Ejakulationskontrolle und steigert die Libido. Jede Bewertung ist wertvoll, da sie die Leistung des Pr\u00e4parats best\u00e4tigt und dazu beitr\u00e4gt, das Vertrauen der potenziellen Kunden zu gewinnen.<\/p>\n\n\n\n<ol class=\"wp-block-list\">\n<li><strong>Adam:<\/strong> <em>&#8220;Huge Effect ist ein Produkt, das wirklich funktioniert! Nach einigen Wochen der Einnahme habe ich eine deutliche Verbesserung meiner sexuellen Leistungsf\u00e4higkeit festgestellt. Auch mein Partner ist sehr zufrieden. Ich empfehle es sehr!&#8221;<\/em><\/li>\n\n\n\n<li><strong>Marcin:<\/strong> &#8221; <em>Ich hatte einige Erektionsprobleme und beschloss, Huge Effect auszuprobieren. Die Wirkung hat meine Erwartungen \u00fcbertroffen. Ich f\u00fchle mich jetzt im Schlafzimmer selbstbewusster und bin mit unserer Intimit\u00e4t zufriedener.&#8221;<\/em><\/li>\n\n\n\n<li><strong>Anna<\/strong>: &#8221; <em>Meine Erfahrung mit Huge Effect war wirklich positiv. Mein Partner hat einen Unterschied bemerkt, und ich f\u00fchle mich beim Geschlechtsverkehr entspannter und sicherer. Ich w\u00fcrde es jedem empfehlen, der in diesem Bereich Unterst\u00fctzung braucht.&#8221;<\/em><\/li>\n<\/ol>\n\n\n\n<h2 class=\"wp-block-heading\" id=\"h-hugefinale-sklad-analiza-skladnikow\">HugeFinale &#8211; Zusammensetzung &#8211; Analyse der Inhaltsstoffe<\/h2>\n\n\n\n<p>HugeFinale ist ein innovatives <b>Nahrungserg\u00e4nzungsmittel<\/b>, das 18 nat\u00fcrliche Inhaltsstoffe enth\u00e4lt, deren Wirkung auf die Verbesserung der sexuellen Funktion bei M\u00e4nnern nachgewiesen ist. Dank seiner sorgf\u00e4ltig ausgew\u00e4hlten Inhaltsstoffe tr\u00e4gt HugeFinale zur Verbesserung der Qualit\u00e4t des Sexuallebens bei und hilft M\u00e4nnern, ihr Selbstvertrauen im Schlafzimmer wiederzuerlangen.<\/p>\n\n\n\n<p>Zu den wichtigsten Inhaltsstoffen von HugeFinale geh\u00f6ren:<\/p>\n\n\n\n<ul class=\"wp-block-list\">\n<li>Bockshornklee-Extrakt &#8211; eine Pflanze mit gesundheitsf\u00f6rdernden Eigenschaften, die die Libido unterst\u00fctzt und als Aphrodisiakum wirkt.<\/li>\n\n\n\n<li>L-Arginin &#8211; eine Aminos\u00e4ure, die die Durchblutung des Penis verbessert, die Erektion unterst\u00fctzt und die Dauer des Geschlechtsverkehrs verl\u00e4ngert.<\/li>\n\n\n\n<li>Ginsengextrakt &#8211; ein Kraut mit adaptogenen Eigenschaften, das Energie und sexuelle <b>Ausdauer<\/b> f\u00f6rdert.<\/li>\n\n\n\n<li>Vitamin E &#8211; ein starkes Antioxidans, das die Qualit\u00e4t der Erektion verbessert und eine positive Wirkung auf die Libido hat.<\/li>\n<\/ul>\n\n\n\n<p>HugeFinale wurde sorgf\u00e4ltig so formuliert, dass <b>die Inhaltsstoffe<\/b> synergetisch zusammenwirken, um die Libido zu steigern, die Erektionsqualit\u00e4t zu verbessern und die Dauer des Geschlechtsverkehrs zu verl\u00e4ngern. Eine vollst\u00e4ndige Liste der Inhaltsstoffe finden Sie auf der offiziellen Website des Herstellers, die Sie unter <a href=\"https:\/\/www.hugefinale.pl\">www.hugefinale.pl<\/a> aufrufen k\u00f6nnen <a href=\"https:\/\/www.hugefinale.pl\">.<\/a><\/p>\n\n\n\n<h2 class=\"wp-block-heading\" id=\"h-gdzie-kupic-i-jaka-jest-cena-hugefinale\">Wo kann man HugeFinale kaufen und wie hoch ist der Preis von HugeFinale?<\/h2>\n\n\n\n<p>Wenn Sie sich f\u00fcr den Kauf von HugeFinale interessieren, k\u00f6nnen Sie dies nur \u00fcber die offizielle Website des Herstellers tun. Der <b>Kauf<\/b> \u00fcber diese Plattform garantiert die Originalit\u00e4t des Produkts und gew\u00e4hrleistet die <b>Sicherheit<\/b> der Transaktion. <\/p>\n\n\n\n<p>Der aktuelle <b>Preis des<\/b> Supplements ist um 50% reduziert. Das ist ein wirklich g\u00fcnstiges Angebot, das man sich nicht entgehen lassen sollte, zumal es nur f\u00fcr eine begrenzte Zeit gilt.<\/p>\n\n\n\n<p>Der<b>Kauf<\/b> auf der offiziellen Website des Herstellers ist die beste Option, da er die Originalit\u00e4t des Produkts garantiert und bei Problemen oder Fragen Unterst\u00fctzung durch den Hersteller bietet. Wenn Sie auf der offiziellen Website kaufen, k\u00f6nnen Sie sicher sein, dass Sie ein authentisches Produkt erhalten und alle Vorteile f\u00fcr die sexuelle Gesundheit genie\u00dfen k\u00f6nnen.<\/p>\n\n\n\n<h2 class=\"wp-block-heading\" id=\"h-hugefinale-skutki-uboczne-i-przeciwwskazania\">HugeFinale &#8211; Nebenwirkungen und Kontraindikationen<\/h2>\n\n\n\n<p>HugeFinale ist in der Regel sicher in der Anwendung, aber einige Benutzer k\u00f6nnen Nebenwirkungen wie Kopfschmerzen, \u00dcbelkeit oder Magenprobleme erfahren. Die <b>Nebenwirkungen<\/b> sollten leicht und vor\u00fcbergehend sein. Wenn jedoch unangenehme Symptome auftreten, sollte das Pr\u00e4parat abgesetzt und ein Arzt konsultiert werden.<\/p>\n\n\n\n<p>Zu den<b>Kontraindikationen<\/b> f\u00fcr die Einnahme von HugeFinale geh\u00f6ren Menschen mit gesundheitlichen Problemen wie Herzerkrankungen, Bluthochdruck, chronischen Krankheiten und Allergien gegen die <b>Inhaltsstoffe<\/b> des Nahrungserg\u00e4nzungsmittels. Vor der Einnahme von HugeFinale ist es immer ratsam, Ihren Arzt zu konsultieren, insbesondere wenn Sie bereits an einer Krankheit leiden oder andere Medikamente einnehmen.<\/p>\n\n\n\n<p>Denken Sie daran, dass jeder K\u00f6rper anders ist, daher ist es wichtig, die Informationen \u00fcber das Erg\u00e4nzungsmittel sorgf\u00e4ltig zu lesen und Ihren Arzt zu konsultieren, bevor Sie mit der Behandlung mit HugeFinale beginnen. Nur so k\u00f6nnen Sie sicherstellen, dass das Pr\u00e4parat sicher und f\u00fcr Ihren individuellen Gesundheitszustand geeignet ist.<\/p>\n","protected":false},"excerpt":{"rendered":"<p><strong>69.00 \u20ac<\/strong><\/p>\n<p><del>138.00 \u20ac<\/del><\/p>\n<p><strong>[date_countdown]<\/strong><\/p>\n","protected":false},"featured_media":3433,"comment_status":"open","ping_status":"closed","template":"","meta":{"neve_meta_sidebar":"","neve_meta_container":"","neve_meta_enable_content_width":"","neve_meta_content_width":0,"neve_meta_title_alignment":"","neve_meta_author_avatar":"","neve_post_elements_order":"","neve_meta_disable_header":"","neve_meta_disable_footer":"","neve_meta_disable_title":"","neve_meta_reading_time":""},"product_brand":[],"product_cat":[275],"product_tag":[],"class_list":{"0":"post-3435","1":"product","2":"type-product","3":"status-publish","4":"has-post-thumbnail","6":"product_cat-sexuelle-gesundheit","8":"first","9":"instock","10":"shipping-taxable","11":"product-type-external"},"yoast_head":"<!-- This site is optimized with the Yoast SEO plugin v27.4 - https:\/\/yoast.com\/product\/yoast-seo-wordpress\/ -->\n<title>HugeFinale - Clinica Althea<\/title>\n<meta name=\"robots\" content=\"index, follow, max-snippet:-1, max-image-preview:large, max-video-preview:-1\" \/>\n<link rel=\"canonical\" href=\"https:\/\/www.clinicaalthea.com\/farmacia\/de\/apt\/hugefinale\/\" \/>\n<meta property=\"og:locale\" content=\"pl_PL\" \/>\n<meta property=\"og:type\" content=\"article\" \/>\n<meta property=\"og:title\" content=\"HugeFinale - Clinica Althea\" \/>\n<meta property=\"og:description\" content=\"69.00 \u20ac 138.00 \u20ac\" \/>\n<meta property=\"og:url\" content=\"https:\/\/www.clinicaalthea.com\/farmacia\/de\/apt\/hugefinale\/\" \/>\n<meta property=\"og:site_name\" content=\"Clinica Althea\" \/>\n<meta property=\"article:modified_time\" content=\"2024-04-27T20:26:08+00:00\" \/>\n<meta property=\"og:image\" content=\"https:\/\/www.clinicaalthea.com\/farmacia\/wp-content\/uploads\/2024\/04\/HugeFinale.jpg\" \/>\n\t<meta property=\"og:image:width\" content=\"768\" \/>\n\t<meta property=\"og:image:height\" content=\"768\" \/>\n\t<meta property=\"og:image:type\" content=\"image\/jpeg\" \/>\n<meta name=\"twitter:card\" content=\"summary_large_image\" \/>\n<meta name=\"twitter:label1\" content=\"Szacowany czas czytania\" \/>\n\t<meta name=\"twitter:data1\" content=\"7 minut\" \/>\n<script type=\"application\/ld+json\" class=\"yoast-schema-graph\">{\"@context\":\"https:\\\/\\\/schema.org\",\"@graph\":[{\"@type\":\"WebPage\",\"@id\":\"https:\\\/\\\/www.clinicaalthea.com\\\/farmacia\\\/de\\\/apt\\\/hugefinale\\\/\",\"url\":\"https:\\\/\\\/www.clinicaalthea.com\\\/farmacia\\\/de\\\/apt\\\/hugefinale\\\/\",\"name\":\"HugeFinale - Clinica Althea\",\"isPartOf\":{\"@id\":\"https:\\\/\\\/www.clinicaalthea.com\\\/farmacia\\\/#website\"},\"primaryImageOfPage\":{\"@id\":\"https:\\\/\\\/www.clinicaalthea.com\\\/farmacia\\\/de\\\/apt\\\/hugefinale\\\/#primaryimage\"},\"image\":{\"@id\":\"https:\\\/\\\/www.clinicaalthea.com\\\/farmacia\\\/de\\\/apt\\\/hugefinale\\\/#primaryimage\"},\"thumbnailUrl\":\"https:\\\/\\\/www.clinicaalthea.com\\\/farmacia\\\/wp-content\\\/uploads\\\/2024\\\/04\\\/HugeFinale.jpg\",\"datePublished\":\"2024-04-27T20:22:17+00:00\",\"dateModified\":\"2024-04-27T20:26:08+00:00\",\"breadcrumb\":{\"@id\":\"https:\\\/\\\/www.clinicaalthea.com\\\/farmacia\\\/de\\\/apt\\\/hugefinale\\\/#breadcrumb\"},\"inLanguage\":\"pl-PL\",\"potentialAction\":[{\"@type\":\"ReadAction\",\"target\":[\"https:\\\/\\\/www.clinicaalthea.com\\\/farmacia\\\/de\\\/apt\\\/hugefinale\\\/\"]}]},{\"@type\":\"ImageObject\",\"inLanguage\":\"pl-PL\",\"@id\":\"https:\\\/\\\/www.clinicaalthea.com\\\/farmacia\\\/de\\\/apt\\\/hugefinale\\\/#primaryimage\",\"url\":\"https:\\\/\\\/www.clinicaalthea.com\\\/farmacia\\\/wp-content\\\/uploads\\\/2024\\\/04\\\/HugeFinale.jpg\",\"contentUrl\":\"https:\\\/\\\/www.clinicaalthea.com\\\/farmacia\\\/wp-content\\\/uploads\\\/2024\\\/04\\\/HugeFinale.jpg\",\"width\":768,\"height\":768,\"caption\":\"HugeFinale\"},{\"@type\":\"BreadcrumbList\",\"@id\":\"https:\\\/\\\/www.clinicaalthea.com\\\/farmacia\\\/de\\\/apt\\\/hugefinale\\\/#breadcrumb\",\"itemListElement\":[{\"@type\":\"ListItem\",\"position\":1,\"name\":\"Strona g\u0142\u00f3wna\",\"item\":\"https:\\\/\\\/www.clinicaalthea.com\\\/farmacia\\\/\"},{\"@type\":\"ListItem\",\"position\":2,\"name\":\"Produkty\",\"item\":\"https:\\\/\\\/www.clinicaalthea.com\\\/farmacia\\\/\"},{\"@type\":\"ListItem\",\"position\":3,\"name\":\"HugeFinale\"}]},{\"@type\":\"WebSite\",\"@id\":\"https:\\\/\\\/www.clinicaalthea.com\\\/farmacia\\\/#website\",\"url\":\"https:\\\/\\\/www.clinicaalthea.com\\\/farmacia\\\/\",\"name\":\"Clinica Althea\",\"description\":\"\",\"publisher\":{\"@id\":\"https:\\\/\\\/www.clinicaalthea.com\\\/farmacia\\\/#organization\"},\"potentialAction\":[{\"@type\":\"SearchAction\",\"target\":{\"@type\":\"EntryPoint\",\"urlTemplate\":\"https:\\\/\\\/www.clinicaalthea.com\\\/farmacia\\\/?s={search_term_string}\"},\"query-input\":{\"@type\":\"PropertyValueSpecification\",\"valueRequired\":true,\"valueName\":\"search_term_string\"}}],\"inLanguage\":\"pl-PL\"},{\"@type\":\"Organization\",\"@id\":\"https:\\\/\\\/www.clinicaalthea.com\\\/farmacia\\\/#organization\",\"name\":\"Clinica Althea\",\"url\":\"https:\\\/\\\/www.clinicaalthea.com\\\/farmacia\\\/\",\"logo\":{\"@type\":\"ImageObject\",\"inLanguage\":\"pl-PL\",\"@id\":\"https:\\\/\\\/www.clinicaalthea.com\\\/farmacia\\\/#\\\/schema\\\/logo\\\/image\\\/\",\"url\":\"https:\\\/\\\/www.clinicaalthea.com\\\/farmacia\\\/wp-content\\\/uploads\\\/2023\\\/12\\\/Jak-diagnozuje-sie-FAS_-objawy-kryteria-diagnostyczne-i-metody-diagnozowania-154162903.jpg\",\"contentUrl\":\"https:\\\/\\\/www.clinicaalthea.com\\\/farmacia\\\/wp-content\\\/uploads\\\/2023\\\/12\\\/Jak-diagnozuje-sie-FAS_-objawy-kryteria-diagnostyczne-i-metody-diagnozowania-154162903.jpg\",\"width\":1216,\"height\":832,\"caption\":\"Clinica Althea\"},\"image\":{\"@id\":\"https:\\\/\\\/www.clinicaalthea.com\\\/farmacia\\\/#\\\/schema\\\/logo\\\/image\\\/\"}}]}<\/script>\n<!-- \/ Yoast SEO plugin. -->","yoast_head_json":{"title":"HugeFinale - Clinica Althea","robots":{"index":"index","follow":"follow","max-snippet":"max-snippet:-1","max-image-preview":"max-image-preview:large","max-video-preview":"max-video-preview:-1"},"canonical":"https:\/\/www.clinicaalthea.com\/farmacia\/de\/apt\/hugefinale\/","og_locale":"pl_PL","og_type":"article","og_title":"HugeFinale - Clinica Althea","og_description":"69.00 \u20ac 138.00 \u20ac","og_url":"https:\/\/www.clinicaalthea.com\/farmacia\/de\/apt\/hugefinale\/","og_site_name":"Clinica Althea","article_modified_time":"2024-04-27T20:26:08+00:00","og_image":[{"width":768,"height":768,"url":"https:\/\/www.clinicaalthea.com\/farmacia\/wp-content\/uploads\/2024\/04\/HugeFinale.jpg","type":"image\/jpeg"}],"twitter_card":"summary_large_image","twitter_misc":{"Szacowany czas czytania":"7 minut"},"schema":{"@context":"https:\/\/schema.org","@graph":[{"@type":"WebPage","@id":"https:\/\/www.clinicaalthea.com\/farmacia\/de\/apt\/hugefinale\/","url":"https:\/\/www.clinicaalthea.com\/farmacia\/de\/apt\/hugefinale\/","name":"HugeFinale - Clinica Althea","isPartOf":{"@id":"https:\/\/www.clinicaalthea.com\/farmacia\/#website"},"primaryImageOfPage":{"@id":"https:\/\/www.clinicaalthea.com\/farmacia\/de\/apt\/hugefinale\/#primaryimage"},"image":{"@id":"https:\/\/www.clinicaalthea.com\/farmacia\/de\/apt\/hugefinale\/#primaryimage"},"thumbnailUrl":"https:\/\/www.clinicaalthea.com\/farmacia\/wp-content\/uploads\/2024\/04\/HugeFinale.jpg","datePublished":"2024-04-27T20:22:17+00:00","dateModified":"2024-04-27T20:26:08+00:00","breadcrumb":{"@id":"https:\/\/www.clinicaalthea.com\/farmacia\/de\/apt\/hugefinale\/#breadcrumb"},"inLanguage":"pl-PL","potentialAction":[{"@type":"ReadAction","target":["https:\/\/www.clinicaalthea.com\/farmacia\/de\/apt\/hugefinale\/"]}]},{"@type":"ImageObject","inLanguage":"pl-PL","@id":"https:\/\/www.clinicaalthea.com\/farmacia\/de\/apt\/hugefinale\/#primaryimage","url":"https:\/\/www.clinicaalthea.com\/farmacia\/wp-content\/uploads\/2024\/04\/HugeFinale.jpg","contentUrl":"https:\/\/www.clinicaalthea.com\/farmacia\/wp-content\/uploads\/2024\/04\/HugeFinale.jpg","width":768,"height":768,"caption":"HugeFinale"},{"@type":"BreadcrumbList","@id":"https:\/\/www.clinicaalthea.com\/farmacia\/de\/apt\/hugefinale\/#breadcrumb","itemListElement":[{"@type":"ListItem","position":1,"name":"Strona g\u0142\u00f3wna","item":"https:\/\/www.clinicaalthea.com\/farmacia\/"},{"@type":"ListItem","position":2,"name":"Produkty","item":"https:\/\/www.clinicaalthea.com\/farmacia\/"},{"@type":"ListItem","position":3,"name":"HugeFinale"}]},{"@type":"WebSite","@id":"https:\/\/www.clinicaalthea.com\/farmacia\/#website","url":"https:\/\/www.clinicaalthea.com\/farmacia\/","name":"Clinica Althea","description":"","publisher":{"@id":"https:\/\/www.clinicaalthea.com\/farmacia\/#organization"},"potentialAction":[{"@type":"SearchAction","target":{"@type":"EntryPoint","urlTemplate":"https:\/\/www.clinicaalthea.com\/farmacia\/?s={search_term_string}"},"query-input":{"@type":"PropertyValueSpecification","valueRequired":true,"valueName":"search_term_string"}}],"inLanguage":"pl-PL"},{"@type":"Organization","@id":"https:\/\/www.clinicaalthea.com\/farmacia\/#organization","name":"Clinica Althea","url":"https:\/\/www.clinicaalthea.com\/farmacia\/","logo":{"@type":"ImageObject","inLanguage":"pl-PL","@id":"https:\/\/www.clinicaalthea.com\/farmacia\/#\/schema\/logo\/image\/","url":"https:\/\/www.clinicaalthea.com\/farmacia\/wp-content\/uploads\/2023\/12\/Jak-diagnozuje-sie-FAS_-objawy-kryteria-diagnostyczne-i-metody-diagnozowania-154162903.jpg","contentUrl":"https:\/\/www.clinicaalthea.com\/farmacia\/wp-content\/uploads\/2023\/12\/Jak-diagnozuje-sie-FAS_-objawy-kryteria-diagnostyczne-i-metody-diagnozowania-154162903.jpg","width":1216,"height":832,"caption":"Clinica Althea"},"image":{"@id":"https:\/\/www.clinicaalthea.com\/farmacia\/#\/schema\/logo\/image\/"}}]}},"lang":"de","translations":{"de":3435,"cs":3434,"pl":3432,"it":3436,"sv":3437},"pll_sync_post":[],"_links":{"self":[{"href":"https:\/\/www.clinicaalthea.com\/farmacia\/wp-json\/wp\/v2\/product\/3435","targetHints":{"allow":["GET"]}}],"collection":[{"href":"https:\/\/www.clinicaalthea.com\/farmacia\/wp-json\/wp\/v2\/product"}],"about":[{"href":"https:\/\/www.clinicaalthea.com\/farmacia\/wp-json\/wp\/v2\/types\/product"}],"replies":[{"embeddable":true,"href":"https:\/\/www.clinicaalthea.com\/farmacia\/wp-json\/wp\/v2\/comments?post=3435"}],"wp:featuredmedia":[{"embeddable":true,"href":"https:\/\/www.clinicaalthea.com\/farmacia\/wp-json\/wp\/v2\/media\/3433"}],"wp:attachment":[{"href":"https:\/\/www.clinicaalthea.com\/farmacia\/wp-json\/wp\/v2\/media?parent=3435"}],"wp:term":[{"taxonomy":"product_brand","embeddable":true,"href":"https:\/\/www.clinicaalthea.com\/farmacia\/wp-json\/wp\/v2\/product_brand?post=3435"},{"taxonomy":"product_cat","embeddable":true,"href":"https:\/\/www.clinicaalthea.com\/farmacia\/wp-json\/wp\/v2\/product_cat?post=3435"},{"taxonomy":"product_tag","embeddable":true,"href":"https:\/\/www.clinicaalthea.com\/farmacia\/wp-json\/wp\/v2\/product_tag?post=3435"}],"curies":[{"name":"wp","href":"https:\/\/api.w.org\/{rel}","templated":true}]}}