{"id":3431,"date":"2024-04-27T21:18:38","date_gmt":"2024-04-27T20:18:38","guid":{"rendered":"https:\/\/mayoguide.org\/produkty\/?post_type=product&#038;p=3431"},"modified":"2024-04-27T21:18:41","modified_gmt":"2024-04-27T20:18:41","slug":"hugeeffect","status":"publish","type":"product","link":"https:\/\/www.clinicaalthea.com\/farmacia\/sv\/apt\/hugeeffect\/","title":{"rendered":"HugeEffect"},"content":{"rendered":"\n<p><b>HugeEffect<\/b> \u00e4r ett innovativt <b>kosttillskott<\/b> som kan ha stor inverkan p\u00e5 ditt sexliv. Om du letar efter ett s\u00e4tt att \u00f6ka libido, f\u00f6rb\u00e4ttra erektionskvaliteten och ha mer uth\u00e5llighet i s\u00e4ngen, \u00e4r det v\u00e4rt att ta reda p\u00e5 mer om <b>HugeEffect<\/b>.<\/p>\n\n\n\n<h2 class=\"wp-block-heading\" id=\"h-co-to-jest-hugeeffect-i-jak-dziala\">Vad \u00e4r HugeEffect och hur fungerar det?<\/h2>\n\n\n\n<p><b>HugeEffect<\/b> \u00e4r ett innovativt <b>kosttillskott<\/b> som har utvecklats speciellt f\u00f6r m\u00e4n. Dess huvudsakliga \u00e5tg\u00e4rd \u00e4r att f\u00f6rb\u00e4ttra blodcirkulationen i b\u00e4ckenomr\u00e5det, vilket bidrar till b\u00e4ttre erektionskvalitet och \u00f6kad sexuell tillfredsst\u00e4llelse.<\/p>\n\n\n\n<p>Denna produkt inneh\u00e5ller <b>naturliga ingredienser<\/b> som L-arginin, ginseng och Tribulus Terrestris, som har en gynnsam effekt p\u00e5 m\u00e4ns sexuella funktion. L-arginin \u00e4r den aminosyra som ansvarar f\u00f6r produktionen av kv\u00e4veoxid, som slappnar av blodk\u00e4rlen och f\u00f6rb\u00e4ttrar blodcirkulationen i k\u00f6nsorganen. Ginseng, \u00e5 andra sidan, st\u00f6der cirkulationssystemet och fungerar som ett naturligt afrodisiakum, vilket \u00f6kar libido. Tribulus Terrestris, \u00e5 andra sidan, \u00f6kar testosteronniv\u00e5erna, vilket bidrar till f\u00f6rb\u00e4ttrad sexuell prestanda.<\/p>\n\n\n\n<p>Genom ingredienser med en cirkulationsaccelererande effekt st\u00f6der HugeEffect uppr\u00e4tth\u00e5llandet av en ih\u00e5llande erektion och l\u00e5ngvarig sexuell prestanda.<\/p>\n\n\n\n<h2 class=\"wp-block-heading\" id=\"h-hugeeffect-efekty\">HugeEffect &#8211; effekter<\/h2>\n\n\n\n<p>Regelbunden <b>anv\u00e4ndning<\/b> av HugeEffect-tillskottet kan ge m\u00e5nga f\u00f6rdelar f\u00f6r m\u00e4n. Det fungerar omfattande och erbjuder en rad positiva effekter som avsev\u00e4rt f\u00f6rb\u00e4ttrar kvaliteten p\u00e5 det sexuella livet.<\/p>\n\n\n\n<p>En av de viktigaste effekterna av att anv\u00e4nda HugeEffect \u00e4r en f\u00f6rb\u00e4ttring av erektionens kvalitet. Tack vare verkan av naturliga ingredienser hj\u00e4lper detta innovativa <b>kosttillskott<\/b> till att uppn\u00e5 och uppr\u00e4tth\u00e5lla h\u00e5rda och varaktiga erektioner, vilket i sin tur leder till \u00f6kad sexuell tillfredsst\u00e4llelse.<\/p>\n\n\n\n<p>F\u00f6r m\u00e5nga m\u00e4n \u00e4r f\u00f6rlust av libido ett annat problem som p\u00e5verkar kvaliteten p\u00e5 deras sexliv. Att <b>ta<\/b> HugeEffect kan hj\u00e4lpa till att \u00f6ka libido-niv\u00e5erna, \u00e5terst\u00e4lla den naturliga \u00f6nskan om sexuell aktivitet och f\u00f6rb\u00e4ttra de \u00f6vergripande energiniv\u00e5erna och hum\u00f6ret.<\/p>\n\n\n\n<p>En annan viktig effekt av HugeEffect-tillskott \u00e4r en \u00f6kning av sexuell uth\u00e5llighet. Regelbundet intag av detta tillskott kan leda till att m\u00e4n har st\u00f6rre uth\u00e5llighet under samlag, vilket m\u00f6jligg\u00f6r en mer intensiv och tillfredsst\u00e4llande sexuell upplevelse.<\/p>\n\n\n\n<p>HugeEffect p\u00e5verkar inte bara de fysiska aspekterna av sexlivet utan kan ocks\u00e5 f\u00f6rb\u00e4ttra den totala sexuella tillfredsst\u00e4llelsen. \u00d6kad erektionskvalitet, libido och sexuell uth\u00e5llighet kan \u00f6vers\u00e4ttas till st\u00f6rre tillfredsst\u00e4llelse hos b\u00e5de m\u00e4n och deras partner eller partner. Att f\u00f6rb\u00e4ttra dessa aspekter av sexlivet kan ocks\u00e5 gynna andra omr\u00e5den i livet, s\u00e5som sj\u00e4lvk\u00e4nsla och partnerrelationer.<\/p>\n\n\n\n<h2 class=\"wp-block-heading\" id=\"h-jak-stosowac-hugeeffect-dawkowanie-i-zalecenia\">Hur man anv\u00e4nder HugeEffect? &#8211; Dosering och rekommendationer<\/h2>\n\n\n\n<p>Vi rekommenderar att du tar en eller tv\u00e5 HugeEffect-kapslar dagligen, helst med en m\u00e5ltid och dricker mycket vatten. Det \u00e4r viktigt att f\u00f6lja tillverkarens rekommendationer p\u00e5 produktf\u00f6rpackningen. Regelbunden och konsekvent <b>anv\u00e4ndning<\/b> av till\u00e4gget ger de b\u00e4sta resultaten.<\/p>\n\n\n\n<p>Hur ska HugeEffect doseras? Enligt tillverkarens rekommendation, ta en eller tv\u00e5 kapslar dagligen. Detta tas b\u00e4st med en m\u00e5ltid f\u00f6r att s\u00e4kerst\u00e4lla optimal absorption av tillskottets ingredienser. F\u00f6r att g\u00f6ra kapslarna l\u00e4ttare att sv\u00e4lja rekommenderas att du dricker mycket vatten.<\/p>\n\n\n\n<blockquote class=\"wp-block-quote is-layout-flow wp-block-quote-is-layout-flow\">\n<p>Att f\u00f6lja tillverkarens rekommendationer \u00e4r nyckeln till att uppn\u00e5 \u00f6nskade resultat. \u00d6verskrid inte den rekommenderade dosen av tillskottet, eftersom detta kan leda till o\u00f6nskade biverkningar. Det \u00e4r mycket viktigt att ta HugeEffect regelbundet f\u00f6r att uppr\u00e4tth\u00e5lla adekvata niv\u00e5er av ingredienserna i kroppen.<\/p>\n<\/blockquote>\n\n\n\n<p>Anv\u00e4ndningen av HugeEffect \u00e4r enkel och bekv\u00e4m. Allt du beh\u00f6ver g\u00f6ra \u00e4r att ta den rekommenderade dosen av till\u00e4gget varje dag, ta hand om att vara regelbunden och f\u00f6lja tillverkarens rekommendationer. Detta hj\u00e4lper dig att uppn\u00e5 b\u00e4sta resultat och njuta av ett f\u00f6rb\u00e4ttrat sexuellt liv.<\/p>\n\n\n\n<figure class=\"wp-block-table\"><table><tbody><tr><th>Dosering<\/th><th>Rekommendationer<\/th><\/tr><tr><td>Ta<\/td><td>En eller tv\u00e5 kapslar dagligen<\/td><\/tr><tr><td>I samband med en m\u00e5ltid<\/td><td>F\u00f6r att s\u00e4kerst\u00e4lla optimal absorption av ingredienserna<\/td><\/tr><tr><td>Med rikligt med vatten<\/td><td>F\u00f6r att underl\u00e4tta sv\u00e4ljningen av kapslarna<\/td><\/tr><tr><td>Regelbunden applicering<\/td><td>Uppr\u00e4tth\u00e5lla r\u00e4tt niv\u00e5 av ingredienser i kroppen<\/td><\/tr><\/tbody><\/table><\/figure>\n\n\n\n<h2 class=\"wp-block-heading\" id=\"h-hugeeffect-opinie-i-recenzje-co-mowia-uzytkownicy\">HugeEffect &#8211; \u00c5sikter och recensioner &#8211; Vad s\u00e4ger anv\u00e4ndarna?<\/h2>\n\n\n\n<p><b>Anv\u00e4ndarrecensioner<\/b> av HugeEffect \u00e4r i allm\u00e4nhet positiva. <b>Anv\u00e4ndare<\/b> lyfter ofta fram f\u00f6rb\u00e4ttringar av erektionskvaliteten, <em>\u00f6kad libido<\/em> och tillfredsst\u00e4llelse med produkten. \u00c4nd\u00e5 <em>kan effekterna variera<\/em> fr\u00e5n person till person. Det \u00e4r alltid tillr\u00e5dligt att konsultera en l\u00e4kare innan du b\u00f6rjar ett till\u00e4gg.<\/p>\n\n\n\n<blockquote class=\"wp-block-quote is-layout-flow wp-block-quote-is-layout-flow\">\n<p>&#8220;HugeEffect \u00e4r ett revolutionerande tillskott som har f\u00f6rb\u00e4ttrat mitt sexliv avsev\u00e4rt. Mina erektioner har blivit starkare och mer l\u00e5ngvariga och min libido har \u00f6kat avsev\u00e4rt. Jag \u00e4r mycket n\u00f6jd med de resultat jag har uppn\u00e5tt med den h\u00e4r produkten.&#8221; &#8211; Adam<\/p>\n<\/blockquote>\n\n\n\n<blockquote class=\"wp-block-quote is-layout-flow wp-block-quote-is-layout-flow\">\n<p>&#8220;Jag har provat olika kosttillskott, men denna HugeEffect har visat sig vara den b\u00e4sta. Min erektionskvalitet har f\u00f6rb\u00e4ttrats avsev\u00e4rt och mina kvinnliga partners har m\u00e4rkt skillnaden. Jag skulle rekommendera den h\u00e4r produkten till alla som letar efter st\u00f6d f\u00f6r sitt sexliv.&#8221; &#8211; Michael<\/p>\n<\/blockquote>\n\n\n\n<blockquote class=\"wp-block-quote is-layout-flow wp-block-quote-is-layout-flow\">\n<p>&#8220;Jag \u00e4r nu medel\u00e5lders och har m\u00e4rkt en viss nedg\u00e5ng i mitt sexliv. Lyckligtvis best\u00e4mde jag mig f\u00f6r att prova HugeEffect och blev positivt \u00f6verraskad av resultaten. Min libido har \u00e5terv\u00e4nt till en h\u00f6g niv\u00e5 och mina erektioner \u00e4r starkare. Jag rekommenderar verkligen den h\u00e4r produkten!&#8221; &#8211; Piotr<\/p>\n<\/blockquote>\n\n\n\n<p><b>Feedback<\/b> och <b>anv\u00e4ndarrecensioner<\/b> bekr\u00e4ftar effektiviteten hos HugeEffect f\u00f6r att f\u00f6rb\u00e4ttra sexlivet. Men allas kroppar \u00e4r olika, s\u00e5 det \u00e4r tillr\u00e5dligt att konsultera din l\u00e4kare innan du b\u00f6rjar ett till\u00e4gg f\u00f6r att avg\u00f6ra om det \u00e4r l\u00e4mpligt f\u00f6r din h\u00e4lsa.<\/p>\n\n\n\n<figure class=\"wp-block-table\"><table><tbody><tr><th>Anv\u00e4ndarrecensioner<\/th><th>Yttrande<\/th><th>F\u00f6rfattaren<\/th><\/tr><tr><td>5\/5<\/td><td>&#8220;HugeEffect fungerar sensationellt! V\u00e4l v\u00e4rt ett f\u00f6rs\u00f6k!&#8221;<\/td><td>Jan<\/td><\/tr><tr><td>4\/5<\/td><td>&#8220;Effekterna av att anv\u00e4nda HugeEffect \u00e4r synliga efter n\u00e5gra veckor.&#8221;<\/td><td>Anna<\/td><\/tr><tr><td>5\/5<\/td><td>&#8220;F\u00f6rb\u00e4ttrad erektionskvalitet och st\u00f6rre sexuell tillfredsst\u00e4llelse \u00e4r de <b>effekter<\/b> jag har uppn\u00e5tt med HugeEffect.&#8221;<\/td><td>Marcin<\/td><\/tr><\/tbody><\/table><\/figure>\n\n\n\n<h2 class=\"wp-block-heading\" id=\"h-hugeeffect-sklad-co-zawiera\">HugeEffect &#8211; Sammans\u00e4ttning &#8211; Vad inneh\u00e5ller den?<\/h2>\n\n\n\n<p>HugeEffect \u00e4r ett innovativt kosttillskott f\u00f6r m\u00e4n som \u00e4r utformat f\u00f6r att f\u00f6rb\u00e4ttra sexlivet. Dess effektivitet beror p\u00e5 anv\u00e4ndningen av naturliga ingredienser som har en positiv effekt p\u00e5 sexuell funktion.<\/p>\n\n\n\n<p>De viktigaste ingredienserna i HugeEffect \u00e4r:<\/p>\n\n\n\n<figure class=\"wp-block-table\"><table><tbody><tr><th>Ingrediens<\/th><th>\u00c5tg\u00e4rd<\/th><\/tr><tr><td>L-arginin<\/td><td>\u00d6kar blodfl\u00f6det till b\u00e4ckenomr\u00e5det, vilket bidrar till b\u00e4ttre erektionskvalitet.<\/td><\/tr><tr><td>Ginseng<\/td><td>Stimulerar blodcirkulationen och f\u00f6rb\u00e4ttrar den sexuella prestationen.<\/td><\/tr><tr><td>Tribulus terrestris<\/td><td>\u00d6kar testosteronniv\u00e5erna i kroppen, vilket resulterar i f\u00f6rb\u00e4ttrad libido och sexuell uth\u00e5llighet.<\/td><\/tr><\/tbody><\/table><\/figure>\n\n\n\n<p>Dessa <b>naturliga ingredienser<\/b> tolereras v\u00e4l av kroppen och p\u00e5skyndar blodcirkulationen i b\u00e4ckenomr\u00e5det. Som ett resultat f\u00f6rb\u00e4ttrar de kvaliteten p\u00e5 erektioner och \u00f6kar libido och sexuell uth\u00e5llighet.<\/p>\n\n\n\n<p>Den fullst\u00e4ndiga ingrediensf\u00f6rteckningen finns p\u00e5 produktf\u00f6rpackningen.<\/p>\n\n\n\n<p>Ingredienserna \u00e4r noggrant utvalda f\u00f6r att s\u00e4kerst\u00e4lla produktens effektivitet och s\u00e4kerhet.<\/p>\n\n\n\n<h2 class=\"wp-block-heading\" id=\"h-gdzie-kupic-i-jaka-jest-cena-hugeeffect\">Var kan man k\u00f6pa och vad \u00e4r priset p\u00e5 HugeEffect?<\/h2>\n\n\n\n<p>HugeEffect finns inte p\u00e5 apotek. Det rekommenderas att k\u00f6pa det fr\u00e5n tillverkarens officiella webbplats f\u00f6r att undvika f\u00f6rfalskningar och f\u00f6r att s\u00e4kerst\u00e4lla din s\u00e4kerhet. <\/p>\n\n\n\n<p><b>Priset<\/b> p\u00e5 produkten kan variera beroende p\u00e5 aktuella kampanjer.<\/p>\n\n\n\n<h2 class=\"wp-block-heading\" id=\"h-potencjalne-skutki-uboczne-i-przeciwwskazania-do-stosowania-hugeeffect\">Potentiella biverkningar och kontraindikationer f\u00f6r anv\u00e4ndningen av HugeEffect<\/h2>\n\n\n\n<p>Innan du anv\u00e4nder HugeEffect \u00e4r det alltid tillr\u00e5dligt att l\u00e4sa om potentiella biverkningar och kontraindikationer. \u00c4ven om det vanligtvis tolereras v\u00e4l finns det m\u00f6jlighet till individuella allergiska reaktioner p\u00e5 n\u00e5gon av ingredienserna. De med allvarliga h\u00e4lsoproblem b\u00f6r r\u00e5dg\u00f6ra med sin l\u00e4kare innan de b\u00f6rjar komplettera.<\/p>\n\n\n\n<p>HugeEffect kosttillskott kan orsaka olika <b>biverkningar<\/b> hos vissa individer. De vanligaste biverkningarna kan inkludera illam\u00e5ende, buksm\u00e4rta, \u00f6verdriven svettning, s\u00f6mnst\u00f6rningar och nervositet. Om n\u00e5gra negativa symtom uppst\u00e5r \u00e4r det l\u00e4mpligt att avbryta anv\u00e4ndningen omedelbart och konsultera en l\u00e4kare.<\/p>\n\n\n\n<p>Det \u00e4r ocks\u00e5 viktigt att ta h\u00e4nsyn till kontraindikationerna f\u00f6r anv\u00e4ndning av HugeEffect. Detta till\u00e4gg b\u00f6r inte anv\u00e4ndas av personer med \u00e4kta kroniska h\u00e4lsoproblem som hj\u00e4rtsjukdom, leversjukdom, njurproblem, h\u00f6gt blodtryck och de med intolerans mot n\u00e5gon av produktens ingredienser. R\u00e5dg\u00f6r alltid med din l\u00e4kare innan du b\u00f6rjar komplettera f\u00f6r att bed\u00f6ma om HugeEffect \u00e4r l\u00e4mpligt f\u00f6r dig.<\/p>\n","protected":false},"excerpt":{"rendered":"<p><strong>899.00 kr<\/strong><\/p>\n<p><del>1798.00 kr<\/del><\/p>\n<p><strong>[date_countdown]<\/strong><\/p>\n","protected":false},"featured_media":3420,"comment_status":"open","ping_status":"closed","template":"","meta":{"neve_meta_sidebar":"","neve_meta_container":"","neve_meta_enable_content_width":"","neve_meta_content_width":0,"neve_meta_title_alignment":"","neve_meta_author_avatar":"","neve_post_elements_order":"","neve_meta_disable_header":"","neve_meta_disable_footer":"","neve_meta_disable_title":"","neve_meta_reading_time":""},"product_brand":[],"product_cat":[413],"product_tag":[],"class_list":{"0":"post-3431","1":"product","2":"type-product","3":"status-publish","4":"has-post-thumbnail","6":"product_cat-sexuell-halsa","8":"first","9":"instock","10":"shipping-taxable","11":"product-type-external"},"yoast_head":"<!-- This site is optimized with the Yoast SEO plugin v27.4 - https:\/\/yoast.com\/product\/yoast-seo-wordpress\/ -->\n<title>HugeEffect - Clinica Althea<\/title>\n<meta name=\"robots\" content=\"index, follow, max-snippet:-1, max-image-preview:large, max-video-preview:-1\" \/>\n<link rel=\"canonical\" href=\"https:\/\/www.clinicaalthea.com\/farmacia\/sv\/apt\/hugeeffect\/\" \/>\n<meta property=\"og:locale\" content=\"pl_PL\" \/>\n<meta property=\"og:type\" content=\"article\" \/>\n<meta property=\"og:title\" content=\"HugeEffect - Clinica Althea\" \/>\n<meta property=\"og:description\" content=\"899.00 kr 1798.00 kr\" \/>\n<meta property=\"og:url\" content=\"https:\/\/www.clinicaalthea.com\/farmacia\/sv\/apt\/hugeeffect\/\" \/>\n<meta property=\"og:site_name\" content=\"Clinica Althea\" \/>\n<meta property=\"article:modified_time\" content=\"2024-04-27T20:18:41+00:00\" \/>\n<meta property=\"og:image\" content=\"https:\/\/www.clinicaalthea.com\/farmacia\/wp-content\/uploads\/2024\/04\/HugeEffect.jpg\" \/>\n\t<meta property=\"og:image:width\" content=\"768\" \/>\n\t<meta property=\"og:image:height\" content=\"768\" \/>\n\t<meta property=\"og:image:type\" content=\"image\/jpeg\" \/>\n<meta name=\"twitter:card\" content=\"summary_large_image\" \/>\n<meta name=\"twitter:label1\" content=\"Szacowany czas czytania\" \/>\n\t<meta name=\"twitter:data1\" content=\"7 minut\" \/>\n<script type=\"application\/ld+json\" class=\"yoast-schema-graph\">{\"@context\":\"https:\\\/\\\/schema.org\",\"@graph\":[{\"@type\":\"WebPage\",\"@id\":\"https:\\\/\\\/www.clinicaalthea.com\\\/farmacia\\\/sv\\\/apt\\\/hugeeffect\\\/\",\"url\":\"https:\\\/\\\/www.clinicaalthea.com\\\/farmacia\\\/sv\\\/apt\\\/hugeeffect\\\/\",\"name\":\"HugeEffect - Clinica Althea\",\"isPartOf\":{\"@id\":\"https:\\\/\\\/www.clinicaalthea.com\\\/farmacia\\\/#website\"},\"primaryImageOfPage\":{\"@id\":\"https:\\\/\\\/www.clinicaalthea.com\\\/farmacia\\\/sv\\\/apt\\\/hugeeffect\\\/#primaryimage\"},\"image\":{\"@id\":\"https:\\\/\\\/www.clinicaalthea.com\\\/farmacia\\\/sv\\\/apt\\\/hugeeffect\\\/#primaryimage\"},\"thumbnailUrl\":\"https:\\\/\\\/www.clinicaalthea.com\\\/farmacia\\\/wp-content\\\/uploads\\\/2024\\\/04\\\/HugeEffect.jpg\",\"datePublished\":\"2024-04-27T20:18:38+00:00\",\"dateModified\":\"2024-04-27T20:18:41+00:00\",\"breadcrumb\":{\"@id\":\"https:\\\/\\\/www.clinicaalthea.com\\\/farmacia\\\/sv\\\/apt\\\/hugeeffect\\\/#breadcrumb\"},\"inLanguage\":\"pl-PL\",\"potentialAction\":[{\"@type\":\"ReadAction\",\"target\":[\"https:\\\/\\\/www.clinicaalthea.com\\\/farmacia\\\/sv\\\/apt\\\/hugeeffect\\\/\"]}]},{\"@type\":\"ImageObject\",\"inLanguage\":\"pl-PL\",\"@id\":\"https:\\\/\\\/www.clinicaalthea.com\\\/farmacia\\\/sv\\\/apt\\\/hugeeffect\\\/#primaryimage\",\"url\":\"https:\\\/\\\/www.clinicaalthea.com\\\/farmacia\\\/wp-content\\\/uploads\\\/2024\\\/04\\\/HugeEffect.jpg\",\"contentUrl\":\"https:\\\/\\\/www.clinicaalthea.com\\\/farmacia\\\/wp-content\\\/uploads\\\/2024\\\/04\\\/HugeEffect.jpg\",\"width\":768,\"height\":768,\"caption\":\"HugeEffect\"},{\"@type\":\"BreadcrumbList\",\"@id\":\"https:\\\/\\\/www.clinicaalthea.com\\\/farmacia\\\/sv\\\/apt\\\/hugeeffect\\\/#breadcrumb\",\"itemListElement\":[{\"@type\":\"ListItem\",\"position\":1,\"name\":\"Strona g\u0142\u00f3wna\",\"item\":\"https:\\\/\\\/www.clinicaalthea.com\\\/farmacia\\\/\"},{\"@type\":\"ListItem\",\"position\":2,\"name\":\"Produkty\",\"item\":\"https:\\\/\\\/www.clinicaalthea.com\\\/farmacia\\\/\"},{\"@type\":\"ListItem\",\"position\":3,\"name\":\"HugeEffect\"}]},{\"@type\":\"WebSite\",\"@id\":\"https:\\\/\\\/www.clinicaalthea.com\\\/farmacia\\\/#website\",\"url\":\"https:\\\/\\\/www.clinicaalthea.com\\\/farmacia\\\/\",\"name\":\"Clinica Althea\",\"description\":\"\",\"publisher\":{\"@id\":\"https:\\\/\\\/www.clinicaalthea.com\\\/farmacia\\\/#organization\"},\"potentialAction\":[{\"@type\":\"SearchAction\",\"target\":{\"@type\":\"EntryPoint\",\"urlTemplate\":\"https:\\\/\\\/www.clinicaalthea.com\\\/farmacia\\\/?s={search_term_string}\"},\"query-input\":{\"@type\":\"PropertyValueSpecification\",\"valueRequired\":true,\"valueName\":\"search_term_string\"}}],\"inLanguage\":\"pl-PL\"},{\"@type\":\"Organization\",\"@id\":\"https:\\\/\\\/www.clinicaalthea.com\\\/farmacia\\\/#organization\",\"name\":\"Clinica Althea\",\"url\":\"https:\\\/\\\/www.clinicaalthea.com\\\/farmacia\\\/\",\"logo\":{\"@type\":\"ImageObject\",\"inLanguage\":\"pl-PL\",\"@id\":\"https:\\\/\\\/www.clinicaalthea.com\\\/farmacia\\\/#\\\/schema\\\/logo\\\/image\\\/\",\"url\":\"https:\\\/\\\/www.clinicaalthea.com\\\/farmacia\\\/wp-content\\\/uploads\\\/2023\\\/12\\\/Jak-diagnozuje-sie-FAS_-objawy-kryteria-diagnostyczne-i-metody-diagnozowania-154162903.jpg\",\"contentUrl\":\"https:\\\/\\\/www.clinicaalthea.com\\\/farmacia\\\/wp-content\\\/uploads\\\/2023\\\/12\\\/Jak-diagnozuje-sie-FAS_-objawy-kryteria-diagnostyczne-i-metody-diagnozowania-154162903.jpg\",\"width\":1216,\"height\":832,\"caption\":\"Clinica Althea\"},\"image\":{\"@id\":\"https:\\\/\\\/www.clinicaalthea.com\\\/farmacia\\\/#\\\/schema\\\/logo\\\/image\\\/\"}}]}<\/script>\n<!-- \/ Yoast SEO plugin. -->","yoast_head_json":{"title":"HugeEffect - Clinica Althea","robots":{"index":"index","follow":"follow","max-snippet":"max-snippet:-1","max-image-preview":"max-image-preview:large","max-video-preview":"max-video-preview:-1"},"canonical":"https:\/\/www.clinicaalthea.com\/farmacia\/sv\/apt\/hugeeffect\/","og_locale":"pl_PL","og_type":"article","og_title":"HugeEffect - Clinica Althea","og_description":"899.00 kr 1798.00 kr","og_url":"https:\/\/www.clinicaalthea.com\/farmacia\/sv\/apt\/hugeeffect\/","og_site_name":"Clinica Althea","article_modified_time":"2024-04-27T20:18:41+00:00","og_image":[{"width":768,"height":768,"url":"https:\/\/www.clinicaalthea.com\/farmacia\/wp-content\/uploads\/2024\/04\/HugeEffect.jpg","type":"image\/jpeg"}],"twitter_card":"summary_large_image","twitter_misc":{"Szacowany czas czytania":"7 minut"},"schema":{"@context":"https:\/\/schema.org","@graph":[{"@type":"WebPage","@id":"https:\/\/www.clinicaalthea.com\/farmacia\/sv\/apt\/hugeeffect\/","url":"https:\/\/www.clinicaalthea.com\/farmacia\/sv\/apt\/hugeeffect\/","name":"HugeEffect - Clinica Althea","isPartOf":{"@id":"https:\/\/www.clinicaalthea.com\/farmacia\/#website"},"primaryImageOfPage":{"@id":"https:\/\/www.clinicaalthea.com\/farmacia\/sv\/apt\/hugeeffect\/#primaryimage"},"image":{"@id":"https:\/\/www.clinicaalthea.com\/farmacia\/sv\/apt\/hugeeffect\/#primaryimage"},"thumbnailUrl":"https:\/\/www.clinicaalthea.com\/farmacia\/wp-content\/uploads\/2024\/04\/HugeEffect.jpg","datePublished":"2024-04-27T20:18:38+00:00","dateModified":"2024-04-27T20:18:41+00:00","breadcrumb":{"@id":"https:\/\/www.clinicaalthea.com\/farmacia\/sv\/apt\/hugeeffect\/#breadcrumb"},"inLanguage":"pl-PL","potentialAction":[{"@type":"ReadAction","target":["https:\/\/www.clinicaalthea.com\/farmacia\/sv\/apt\/hugeeffect\/"]}]},{"@type":"ImageObject","inLanguage":"pl-PL","@id":"https:\/\/www.clinicaalthea.com\/farmacia\/sv\/apt\/hugeeffect\/#primaryimage","url":"https:\/\/www.clinicaalthea.com\/farmacia\/wp-content\/uploads\/2024\/04\/HugeEffect.jpg","contentUrl":"https:\/\/www.clinicaalthea.com\/farmacia\/wp-content\/uploads\/2024\/04\/HugeEffect.jpg","width":768,"height":768,"caption":"HugeEffect"},{"@type":"BreadcrumbList","@id":"https:\/\/www.clinicaalthea.com\/farmacia\/sv\/apt\/hugeeffect\/#breadcrumb","itemListElement":[{"@type":"ListItem","position":1,"name":"Strona g\u0142\u00f3wna","item":"https:\/\/www.clinicaalthea.com\/farmacia\/"},{"@type":"ListItem","position":2,"name":"Produkty","item":"https:\/\/www.clinicaalthea.com\/farmacia\/"},{"@type":"ListItem","position":3,"name":"HugeEffect"}]},{"@type":"WebSite","@id":"https:\/\/www.clinicaalthea.com\/farmacia\/#website","url":"https:\/\/www.clinicaalthea.com\/farmacia\/","name":"Clinica Althea","description":"","publisher":{"@id":"https:\/\/www.clinicaalthea.com\/farmacia\/#organization"},"potentialAction":[{"@type":"SearchAction","target":{"@type":"EntryPoint","urlTemplate":"https:\/\/www.clinicaalthea.com\/farmacia\/?s={search_term_string}"},"query-input":{"@type":"PropertyValueSpecification","valueRequired":true,"valueName":"search_term_string"}}],"inLanguage":"pl-PL"},{"@type":"Organization","@id":"https:\/\/www.clinicaalthea.com\/farmacia\/#organization","name":"Clinica Althea","url":"https:\/\/www.clinicaalthea.com\/farmacia\/","logo":{"@type":"ImageObject","inLanguage":"pl-PL","@id":"https:\/\/www.clinicaalthea.com\/farmacia\/#\/schema\/logo\/image\/","url":"https:\/\/www.clinicaalthea.com\/farmacia\/wp-content\/uploads\/2023\/12\/Jak-diagnozuje-sie-FAS_-objawy-kryteria-diagnostyczne-i-metody-diagnozowania-154162903.jpg","contentUrl":"https:\/\/www.clinicaalthea.com\/farmacia\/wp-content\/uploads\/2023\/12\/Jak-diagnozuje-sie-FAS_-objawy-kryteria-diagnostyczne-i-metody-diagnozowania-154162903.jpg","width":1216,"height":832,"caption":"Clinica Althea"},"image":{"@id":"https:\/\/www.clinicaalthea.com\/farmacia\/#\/schema\/logo\/image\/"}}]}},"lang":"sv","translations":{"sv":3431,"cs":3421,"pl":3419,"de":3422,"es":3423,"fr":3424,"hu":3425,"it":3426,"pt":3427,"ro":3428,"sk":3429,"sl":3430},"pll_sync_post":[],"_links":{"self":[{"href":"https:\/\/www.clinicaalthea.com\/farmacia\/wp-json\/wp\/v2\/product\/3431","targetHints":{"allow":["GET"]}}],"collection":[{"href":"https:\/\/www.clinicaalthea.com\/farmacia\/wp-json\/wp\/v2\/product"}],"about":[{"href":"https:\/\/www.clinicaalthea.com\/farmacia\/wp-json\/wp\/v2\/types\/product"}],"replies":[{"embeddable":true,"href":"https:\/\/www.clinicaalthea.com\/farmacia\/wp-json\/wp\/v2\/comments?post=3431"}],"wp:featuredmedia":[{"embeddable":true,"href":"https:\/\/www.clinicaalthea.com\/farmacia\/wp-json\/wp\/v2\/media\/3420"}],"wp:attachment":[{"href":"https:\/\/www.clinicaalthea.com\/farmacia\/wp-json\/wp\/v2\/media?parent=3431"}],"wp:term":[{"taxonomy":"product_brand","embeddable":true,"href":"https:\/\/www.clinicaalthea.com\/farmacia\/wp-json\/wp\/v2\/product_brand?post=3431"},{"taxonomy":"product_cat","embeddable":true,"href":"https:\/\/www.clinicaalthea.com\/farmacia\/wp-json\/wp\/v2\/product_cat?post=3431"},{"taxonomy":"product_tag","embeddable":true,"href":"https:\/\/www.clinicaalthea.com\/farmacia\/wp-json\/wp\/v2\/product_tag?post=3431"}],"curies":[{"name":"wp","href":"https:\/\/api.w.org\/{rel}","templated":true}]}}