{"id":3425,"date":"2024-04-27T21:12:03","date_gmt":"2024-04-27T20:12:03","guid":{"rendered":"https:\/\/mayoguide.org\/produkty\/?post_type=product&#038;p=3425"},"modified":"2024-04-27T21:18:42","modified_gmt":"2024-04-27T20:18:42","slug":"hugeeffect","status":"publish","type":"product","link":"https:\/\/www.clinicaalthea.com\/farmacia\/hu\/apt\/hugeeffect\/","title":{"rendered":"HugeEffect"},"content":{"rendered":"\n<p>A<b>HugeEffect<\/b> egy innovat\u00edv <b>\u00e9trend-kieg\u00e9sz\u00edt\u0151<\/b>, amely nagy hat\u00e1ssal lehet a szexu\u00e1lis \u00e9let\u00e9re. Ha a libid\u00f3 n\u00f6vel\u00e9s\u00e9nek, az erekci\u00f3 min\u0151s\u00e9g\u00e9nek jav\u00edt\u00e1s\u00e1nak \u00e9s az \u00e1gyban val\u00f3 kitart\u00e1s n\u00f6vel\u00e9s\u00e9nek m\u00f3dj\u00e1t keresi, akkor \u00e9rdemes t\u00f6bbet megtudnia a <b>HugeEffectr\u0151l<\/b>.<\/p>\n\n\n\n<h2 class=\"wp-block-heading\" id=\"h-co-to-jest-hugeeffect-i-jak-dziala\">Mi az a HugeEffect \u00e9s hogyan m\u0171k\u00f6dik?<\/h2>\n\n\n\n<p>A<b>HugeEffect<\/b> egy innovat\u00edv <b>\u00e9trend-kieg\u00e9sz\u00edt\u0151<\/b>, amelyet kifejezetten f\u00e9rfiak sz\u00e1m\u00e1ra fejlesztettek ki. F\u0151 hat\u00e1sa a kismedencei v\u00e9rkering\u00e9s jav\u00edt\u00e1sa, ami hozz\u00e1j\u00e1rul a jobb erekci\u00f3 min\u0151s\u00e9g\u00e9hez \u00e9s a fokozott szexu\u00e1lis kiel\u00e9g\u00fcl\u00e9shez.<\/p>\n\n\n\n<p>A term\u00e9k olyan <b>term\u00e9szetes \u00f6sszetev\u0151ket<\/b> tartalmaz, mint az L-arginin, a ginzeng \u00e9s a Tribulus Terrestris, amelyek j\u00f3t\u00e9kony hat\u00e1ssal vannak a f\u00e9rfiak szexu\u00e1lis m\u0171k\u00f6d\u00e9s\u00e9re. Az L-arginin a nitrog\u00e9n-oxid termel\u00e9s\u00e9\u00e9rt felel\u0151s aminosav, amely ellaz\u00edtja az ereket \u00e9s jav\u00edtja a v\u00e9rkering\u00e9st a nemi szervekben. A ginzeng viszont t\u00e1mogatja a kering\u00e9si rendszert \u00e9s term\u00e9szetes afrodizi\u00e1kumk\u00e9nt hat, n\u00f6velve a libid\u00f3t. A Tribulus Terrestris viszont n\u00f6veli a tesztoszteronszintet, ami hozz\u00e1j\u00e1rul a szexu\u00e1lis teljes\u00edtm\u00e9ny javul\u00e1s\u00e1hoz.<\/p>\n\n\n\n<p>A kering\u00e9sgyors\u00edt\u00f3 hat\u00e1s\u00fa \u00f6sszetev\u0151k r\u00e9v\u00e9n a HugeEffect t\u00e1mogatja a tart\u00f3s erekci\u00f3 fenntart\u00e1s\u00e1t \u00e9s a hosszan tart\u00f3 szexu\u00e1lis teljes\u00edtm\u00e9nyt.<\/p>\n\n\n\n<h2 class=\"wp-block-heading\" id=\"h-hugeeffect-efekty\">HugeEffect &#8211; hat\u00e1sok<\/h2>\n\n\n\n<p>A HugeEffect kieg\u00e9sz\u00edt\u0151 rendszeres <b>haszn\u00e1lata<\/b> sz\u00e1mos el\u0151nnyel j\u00e1rhat a f\u00e9rfiak sz\u00e1m\u00e1ra. \u00c1tfog\u00f3an m\u0171k\u00f6dik, sz\u00e1mos pozit\u00edv hat\u00e1st k\u00edn\u00e1l, amelyek jelent\u0151sen jav\u00edtj\u00e1k a szexu\u00e1lis \u00e9let min\u0151s\u00e9g\u00e9t.<\/p>\n\n\n\n<p>A HugeEffect haszn\u00e1lat\u00e1nak egyik legfontosabb hat\u00e1sa az erekci\u00f3 min\u0151s\u00e9g\u00e9nek javul\u00e1sa. A term\u00e9szetes \u00f6sszetev\u0151k hat\u00e1s\u00e1nak k\u00f6sz\u00f6nhet\u0151en ez az innovat\u00edv <b>\u00e9trend-kieg\u00e9sz\u00edt\u0151<\/b> seg\u00edt el\u00e9rni \u00e9s fenntartani a kem\u00e9ny \u00e9s tart\u00f3s erekci\u00f3t, ami viszont fokozott szexu\u00e1lis el\u00e9gedetts\u00e9get eredm\u00e9nyez.<\/p>\n\n\n\n<p>Sok f\u00e9rfi sz\u00e1m\u00e1ra a libid\u00f3 elveszt\u00e9se egy m\u00e1sik probl\u00e9ma, amely befoly\u00e1solja a szexu\u00e1lis \u00e9let\u00fck min\u0151s\u00e9g\u00e9t. A HugeEffect <b>szed\u00e9se<\/b> seg\u00edthet a libid\u00f3szint n\u00f6vel\u00e9s\u00e9ben, helyre\u00e1ll\u00edtva a szexu\u00e1lis aktivit\u00e1s ir\u00e1nti term\u00e9szetes v\u00e1gyat, valamint jav\u00edtva az \u00e1ltal\u00e1nos energiaszintet \u00e9s hangulatot.<\/p>\n\n\n\n<p>A HugeEffect kieg\u00e9sz\u00edt\u00e9s m\u00e1sik fontos hat\u00e1sa a szexu\u00e1lis \u00e1ll\u00f3k\u00e9pess\u00e9g n\u00f6veked\u00e9se. A kieg\u00e9sz\u00edt\u00e9s rendszeres szed\u00e9se azt eredm\u00e9nyezheti, hogy a f\u00e9rfiaknak nagyobb \u00e1ll\u00f3k\u00e9pess\u00e9g\u00fck lesz a k\u00f6z\u00f6s\u00fcl\u00e9s sor\u00e1n, ami intenz\u00edvebb \u00e9s kiel\u00e9g\u00edt\u0151bb szexu\u00e1lis \u00e9lm\u00e9nyt tesz lehet\u0151v\u00e9.<\/p>\n\n\n\n<p>A HugeEffect nem csak a szexu\u00e1lis \u00e9let fizikai aspektusait befoly\u00e1solja, hanem jav\u00edthatja az \u00e1ltal\u00e1nos szexu\u00e1lis el\u00e9gedetts\u00e9get is. A megn\u00f6vekedett erekci\u00f3 min\u0151s\u00e9ge, a libid\u00f3 \u00e9s a szexu\u00e1lis \u00e1ll\u00f3k\u00e9pess\u00e9g nagyobb el\u00e9gedetts\u00e9get jelenthet mind a f\u00e9rfiak, mind a partner\u00fck vagy partner\u00fck sz\u00e1m\u00e1ra. A szexu\u00e1lis \u00e9let ezen aspektusainak jav\u00edt\u00e1sa az \u00e9let m\u00e1s ter\u00fcletein is el\u0151ny\u00f6s lehet, mint p\u00e9ld\u00e1ul az \u00f6nbecs\u00fcl\u00e9s \u00e9s a partnerkapcsolatok.<\/p>\n\n\n\n<h2 class=\"wp-block-heading\" id=\"h-jak-stosowac-hugeeffect-dawkowanie-i-zalecenia\">Hogyan kell haszn\u00e1lni a HugeEffectet? &#8211; Adagol\u00e1s \u00e9s aj\u00e1nl\u00e1sok<\/h2>\n\n\n\n<p>Aj\u00e1nlott naponta egy vagy k\u00e9t HugeEffect kapszula bev\u00e9tele, lehet\u0151leg \u00e9tkez\u00e9s k\u00f6zben, b\u0151s\u00e9ges v\u00edz fogyaszt\u00e1s\u00e1val. Fontos, hogy k\u00f6vesse a gy\u00e1rt\u00f3nak a term\u00e9k csomagol\u00e1s\u00e1n tal\u00e1lhat\u00f3 aj\u00e1nl\u00e1sait. A t\u00e1pl\u00e1l\u00e9kkieg\u00e9sz\u00edt\u0151 rendszeres \u00e9s k\u00f6vetkezetes <b>haszn\u00e1lata<\/b> hozza a legjobb eredm\u00e9nyeket.<\/p>\n\n\n\n<p>Hogyan kell adagolni a HugeEffectet? A gy\u00e1rt\u00f3 aj\u00e1nl\u00e1s\u00e1nak megfelel\u0151en naponta egy vagy k\u00e9t kapszul\u00e1t vegyen be. Ezt a legjobb \u00e9tkez\u00e9s k\u00f6zben bevenni, hogy a kieg\u00e9sz\u00edt\u00e9s \u00f6sszetev\u0151inek optim\u00e1lis felsz\u00edv\u00f3d\u00e1sa biztos\u00edtott legyen. A kapszul\u00e1k k\u00f6nnyebb lenyel\u00e9se \u00e9rdek\u00e9ben aj\u00e1nlott b\u0151s\u00e9ges mennyis\u00e9g\u0171 vizet inni.<\/p>\n\n\n\n<blockquote class=\"wp-block-quote is-layout-flow wp-block-quote-is-layout-flow\">\n<p>A gy\u00e1rt\u00f3 aj\u00e1nl\u00e1sainak betart\u00e1sa kulcsfontoss\u00e1g\u00fa a k\u00edv\u00e1nt eredm\u00e9nyek el\u00e9r\u00e9s\u00e9hez. Ne l\u00e9pje t\u00fal a kieg\u00e9sz\u00edt\u00e9s aj\u00e1nlott adagj\u00e1t, mivel ez nemk\u00edv\u00e1natos mell\u00e9khat\u00e1sokhoz vezethet. Nagyon fontos a HugeEffect rendszeres szed\u00e9se annak \u00e9rdek\u00e9ben, hogy az \u00f6sszetev\u0151k megfelel\u0151 szintje a szervezetben megmaradjon.<\/p>\n<\/blockquote>\n\n\n\n<p>A HugeEffect haszn\u00e1lata egyszer\u0171 \u00e9s k\u00e9nyelmes. Mind\u00f6ssze annyit kell tennie, hogy minden nap beveszi a kieg\u00e9sz\u00edt\u00e9s aj\u00e1nlott adagj\u00e1t, \u00fcgyelve a rendszeress\u00e9gre \u00e9s a gy\u00e1rt\u00f3 aj\u00e1nl\u00e1sainak betart\u00e1s\u00e1ra. Ez seg\u00edt a legjobb eredm\u00e9nyek el\u00e9r\u00e9s\u00e9ben \u00e9s a jobb szexu\u00e1lis \u00e9let \u00e9lvez\u00e9s\u00e9ben.<\/p>\n\n\n\n<figure class=\"wp-block-table\"><table><tbody><tr><th>Adagol\u00e1s<\/th><th>Aj\u00e1nl\u00e1sok<\/th><\/tr><tr><td>Vegye be a<\/td><td>Naponta egy vagy k\u00e9t kapszula<\/td><\/tr><tr><td>\u00c9tkez\u00e9s k\u00f6zben<\/td><td>Az \u00f6sszetev\u0151k optim\u00e1lis felsz\u00edv\u00f3d\u00e1s\u00e1nak biztos\u00edt\u00e1sa \u00e9rdek\u00e9ben<\/td><\/tr><tr><td>B\u0151s\u00e9ges v\u00edzzel<\/td><td>A kapszula lenyel\u00e9s\u00e9nek megk\u00f6nny\u00edt\u00e9se \u00e9rdek\u00e9ben<\/td><\/tr><tr><td>Rendszeres alkalmaz\u00e1s<\/td><td>Az \u00f6sszetev\u0151k megfelel\u0151 szintj\u00e9nek fenntart\u00e1sa a szervezetben<\/td><\/tr><\/tbody><\/table><\/figure>\n\n\n\n<h2 class=\"wp-block-heading\" id=\"h-hugeeffect-opinie-i-recenzje-co-mowia-uzytkownicy\">HugeEffect &#8211; V\u00e9lem\u00e9nyek \u00e9s v\u00e9lem\u00e9nyek &#8211; Mit mondanak a felhaszn\u00e1l\u00f3k?<\/h2>\n\n\n\n<p>A HugeEffect felhaszn\u00e1l\u00f3i<b>v\u00e9lem\u00e9nyei<\/b> \u00e1ltal\u00e1ban pozit\u00edvak. A <b>felhaszn\u00e1l\u00f3k<\/b> gyakran kiemelik az erekci\u00f3 min\u0151s\u00e9g\u00e9nek javul\u00e1s\u00e1t, a <em>megn\u00f6vekedett libid\u00f3t<\/em> \u00e9s a term\u00e9kkel val\u00f3 el\u00e9gedetts\u00e9get. Mindazon\u00e1ltal a <em>hat\u00e1sok<\/em> szem\u00e9lyenk\u00e9nt <em>elt\u00e9r\u0151ek lehetnek<\/em>. Mindig tan\u00e1csos konzult\u00e1lni egy orvossal, miel\u0151tt elkezden\u00e9 a kieg\u00e9sz\u00edt\u00e9st.<\/p>\n\n\n\n<blockquote class=\"wp-block-quote is-layout-flow wp-block-quote-is-layout-flow\">\n<p>&#8220;A HugeEffect egy forradalmi kieg\u00e9sz\u00edt\u0151, amely jelent\u0151sen jav\u00edtotta a szexu\u00e1lis \u00e9letemet. Az erekci\u00f3m er\u0151sebb\u00e9 \u00e9s tart\u00f3sabb\u00e1 v\u00e1lt, a libid\u00f3m pedig jelent\u0151sen megn\u0151tt. Nagyon el\u00e9gedett vagyok a term\u00e9kkel el\u00e9rt eredm\u00e9nyeimmel.&#8221; &#8211; Adam<\/p>\n<\/blockquote>\n\n\n\n<blockquote class=\"wp-block-quote is-layout-flow wp-block-quote-is-layout-flow\">\n<p>&#8220;T\u00f6bbf\u00e9le kieg\u00e9sz\u00edt\u0151t kipr\u00f3b\u00e1ltam m\u00e1r, de ez a HugeEffect bizonyult a legjobbnak. Az erekci\u00f3m min\u0151s\u00e9ge jelent\u0151sen javult, \u00e9s a n\u0151i partnereim is \u00e9szrevett\u00e9k a k\u00fcl\u00f6nbs\u00e9get. Aj\u00e1nlom ezt a term\u00e9ket mindenkinek, aki t\u00e1mogat\u00e1st keres a szexu\u00e1lis \u00e9let\u00e9hez.&#8221; &#8211; Michael<\/p>\n<\/blockquote>\n\n\n\n<blockquote class=\"wp-block-quote is-layout-flow wp-block-quote-is-layout-flow\">\n<p>&#8220;M\u00e1r k\u00f6z\u00e9pkor\u00fa vagyok, \u00e9s \u00e9szrevettem n\u00e9mi hanyatl\u00e1st a szexu\u00e1lis \u00e9letemben. Szerencs\u00e9re \u00fagy d\u00f6nt\u00f6ttem, hogy kipr\u00f3b\u00e1lom a HugeEffectet, \u00e9s kellemesen meglepett az eredm\u00e9ny. A libid\u00f3m visszat\u00e9rt a magas szintre \u00e9s az erekci\u00f3m er\u0151sebb. Nagyon aj\u00e1nlom ezt a term\u00e9ket!&#8221; &#8211; Piotr<\/p>\n<\/blockquote>\n\n\n\n<p>A<b>visszajelz\u00e9sek<\/b> \u00e9s a felhaszn\u00e1l\u00f3i <b>v\u00e9lem\u00e9nyek<\/b> meger\u0151s\u00edtik a HugeEffect hat\u00e9konys\u00e1g\u00e1t a szexu\u00e1lis \u00e9let jav\u00edt\u00e1s\u00e1ban. Azonban mindenki teste m\u00e1s \u00e9s m\u00e1s, ez\u00e9rt tan\u00e1csos konzult\u00e1lni orvos\u00e1val, miel\u0151tt elkezden\u00e9 a kieg\u00e9sz\u00edt\u0151t, hogy meg\u00e1llap\u00edtsa, alkalmas-e az \u00d6n eg\u00e9szs\u00e9g\u00e9re.<\/p>\n\n\n\n<figure class=\"wp-block-table\"><table><tbody><tr><th>Felhaszn\u00e1l\u00f3i \u00e9rt\u00e9kel\u00e9s<\/th><th>V\u00e9lem\u00e9ny<\/th><th>Szerz\u0151<\/th><\/tr><tr><td>5\/5<\/td><td>&#8220;A HugeEffect szenz\u00e1ci\u00f3san m\u0171k\u00f6dik! \u00c9rdemes kipr\u00f3b\u00e1lni!&#8221;<\/td><td>Jan<\/td><\/tr><tr><td>4\/5<\/td><td>&#8220;A HugeEffect haszn\u00e1lat\u00e1nak hat\u00e1sa n\u00e9h\u00e1ny h\u00e9t ut\u00e1n l\u00e1that\u00f3.&#8221;<\/td><td>Anna<\/td><\/tr><tr><td>5\/5<\/td><td>&#8220;Jobb erekci\u00f3min\u0151s\u00e9g \u00e9s nagyobb szexu\u00e1lis el\u00e9gedetts\u00e9g a HugeEffect haszn\u00e1lat\u00e1val el\u00e9rt <b>hat\u00e1sok<\/b>.&#8221;<\/td><td>Marcin<\/td><\/tr><\/tbody><\/table><\/figure>\n\n\n\n<h2 class=\"wp-block-heading\" id=\"h-hugeeffect-sklad-co-zawiera\">HugeEffect &#8211; \u00d6sszet\u00e9tel &#8211; Mit tartalmaz?<\/h2>\n\n\n\n<p>A HugeEffect egy innovat\u00edv \u00e9trend-kieg\u00e9sz\u00edt\u0151 a f\u00e9rfiak sz\u00e1m\u00e1ra, amelyet a szexu\u00e1lis \u00e9let jav\u00edt\u00e1s\u00e1ra terveztek. Hat\u00e9konys\u00e1ga a term\u00e9szetes \u00f6sszetev\u0151k haszn\u00e1lat\u00e1nak k\u00f6sz\u00f6nhet\u0151, amelyek pozit\u00edv hat\u00e1ssal vannak a szexu\u00e1lis funkci\u00f3ra.<\/p>\n\n\n\n<p>A HugeEffect f\u0151 \u00f6sszetev\u0151i a k\u00f6vetkez\u0151k:<\/p>\n\n\n\n<figure class=\"wp-block-table\"><table><tbody><tr><th>\u00d6sszetev\u0151k<\/th><th>M\u0171k\u00f6d\u00e9s<\/th><\/tr><tr><td>L-arginin<\/td><td>N\u00f6veli a kismedencei v\u00e9r\u00e1raml\u00e1st, ami hozz\u00e1j\u00e1rul a jobb erekci\u00f3 min\u0151s\u00e9g\u00e9hez.<\/td><\/tr><tr><td>Ginseng<\/td><td>Serkenti a v\u00e9rkering\u00e9st \u00e9s jav\u00edtja a szexu\u00e1lis teljes\u00edtm\u00e9nyt.<\/td><\/tr><tr><td>Tribulus terrestris<\/td><td>N\u00f6veli a szervezet tesztoszteronszintj\u00e9t, ami jobb libid\u00f3t \u00e9s szexu\u00e1lis \u00e1ll\u00f3k\u00e9pess\u00e9get eredm\u00e9nyez.<\/td><\/tr><\/tbody><\/table><\/figure>\n\n\n\n<p>Ezeket a <b>term\u00e9szetes \u00f6sszetev\u0151ket<\/b> a szervezet j\u00f3l toler\u00e1lja, \u00e9s felgyors\u00edtj\u00e1k a v\u00e9rkering\u00e9st a kismedencei ter\u00fcleten. Ennek eredm\u00e9nyek\u00e9ppen jav\u00edtj\u00e1k az erekci\u00f3 min\u0151s\u00e9g\u00e9t \u00e9s n\u00f6velik a libid\u00f3t \u00e9s a szexu\u00e1lis \u00e1ll\u00f3k\u00e9pess\u00e9get.<\/p>\n\n\n\n<p>Az \u00f6sszetev\u0151k teljes list\u00e1ja megtal\u00e1lhat\u00f3 a term\u00e9k betegt\u00e1j\u00e9koztat\u00f3j\u00e1ban.<\/p>\n\n\n\n<p>Az \u00f6sszetev\u0151ket gondosan v\u00e1logatt\u00e1k ki, hogy biztos\u00edts\u00e1k a term\u00e9k hat\u00e9konys\u00e1g\u00e1t \u00e9s biztons\u00e1goss\u00e1g\u00e1t.<\/p>\n\n\n\n<h2 class=\"wp-block-heading\" id=\"h-gdzie-kupic-i-jaka-jest-cena-hugeeffect\">Hol lehet megv\u00e1s\u00e1rolni \u00e9s mennyi a HugeEffect \u00e1ra?<\/h2>\n\n\n\n<p>A HugeEffect nem kaphat\u00f3 gy\u00f3gyszert\u00e1rakban. A hamis\u00edtv\u00e1nyok elker\u00fcl\u00e9se \u00e9s az \u00d6n biztons\u00e1ga \u00e9rdek\u00e9ben aj\u00e1nlott a gy\u00e1rt\u00f3 hivatalos weboldal\u00e1r\u00f3l megv\u00e1s\u00e1rolni. <\/p>\n\n\n\n<p>A term\u00e9k<b>\u00e1ra<\/b> az aktu\u00e1lis akci\u00f3kt\u00f3l f\u00fcgg\u0151en v\u00e1ltozhat.<\/p>\n\n\n\n<h2 class=\"wp-block-heading\" id=\"h-potencjalne-skutki-uboczne-i-przeciwwskazania-do-stosowania-hugeeffect\">A HugeEffect haszn\u00e1lat\u00e1nak lehets\u00e9ges mell\u00e9khat\u00e1sai \u00e9s ellenjavallatai<\/h2>\n\n\n\n<p>A HugeEffect haszn\u00e1lata el\u0151tt mindig aj\u00e1nlatos t\u00e1j\u00e9koz\u00f3dni a lehets\u00e9ges mell\u00e9khat\u00e1sokr\u00f3l \u00e9s ellenjavallatokr\u00f3l. B\u00e1r \u00e1ltal\u00e1ban j\u00f3l toler\u00e1lhat\u00f3, fenn\u00e1ll a lehet\u0151s\u00e9g, hogy az \u00f6sszetev\u0151k b\u00e1rmelyik\u00e9re egy\u00e9ni allergi\u00e1s reakci\u00f3 l\u00e9phet fel. A s\u00falyos eg\u00e9szs\u00e9g\u00fcgyi probl\u00e9m\u00e1kkal k\u00fczd\u0151knek a kieg\u00e9sz\u00edt\u00e9s megkezd\u00e9se el\u0151tt konzult\u00e1lniuk kell orvosukkal.<\/p>\n\n\n\n<p>A HugeEffect \u00e9trend-kieg\u00e9sz\u00edt\u0151 egyes egy\u00e9nekn\u00e9l k\u00fcl\u00f6nb\u00f6z\u0151 <b>mell\u00e9khat\u00e1sokat<\/b> okozhat. A leggyakoribb mell\u00e9khat\u00e1sok k\u00f6z\u00e9 tartozhat a h\u00e1nyinger, hasi f\u00e1jdalom, t\u00falzott izzad\u00e1s, alv\u00e1szavarok \u00e9s idegess\u00e9g. Ha b\u00e1rmilyen nemk\u00edv\u00e1natos t\u00fcnet jelentkezik, tan\u00e1csos azonnal abbahagyni a haszn\u00e1lat\u00e1t \u00e9s orvoshoz fordulni.<\/p>\n\n\n\n<p>Fontos figyelembe venni a HugeEffect haszn\u00e1lat\u00e1nak ellenjavallatait is. Ezt a kieg\u00e9sz\u00edt\u0151t nem haszn\u00e1lhatj\u00e1k olyan szem\u00e9lyek, akiknek val\u00f3di kr\u00f3nikus eg\u00e9szs\u00e9g\u00fcgyi probl\u00e9m\u00e1ik vannak, mint p\u00e9ld\u00e1ul sz\u00edvbetegs\u00e9g, m\u00e1jbetegs\u00e9g, veseprobl\u00e9m\u00e1k, magas v\u00e9rnyom\u00e1s \u00e9s azok, akik a term\u00e9k b\u00e1rmelyik \u00f6sszetev\u0151j\u00e9vel szemben intoleranci\u00e1val rendelkeznek. A kieg\u00e9sz\u00edt\u00e9s megkezd\u00e9se el\u0151tt mindig konzult\u00e1ljon kezel\u0151orvos\u00e1val, hogy felm\u00e9rje, a HugeEffect alkalmas-e az \u00d6n sz\u00e1m\u00e1ra.<\/p>\n","protected":false},"excerpt":{"rendered":"<p><strong>17500.00 Ft<\/strong><\/p>\n<p><del>35000.00 Ft<\/del><\/p>\n<p><strong>[date_countdown]<\/strong><\/p>\n","protected":false},"featured_media":3420,"comment_status":"open","ping_status":"closed","template":"","meta":{"neve_meta_sidebar":"","neve_meta_container":"","neve_meta_enable_content_width":"","neve_meta_content_width":0,"neve_meta_title_alignment":"","neve_meta_author_avatar":"","neve_post_elements_order":"","neve_meta_disable_header":"","neve_meta_disable_footer":"","neve_meta_disable_title":"","neve_meta_reading_time":""},"product_brand":[],"product_cat":[365],"product_tag":[],"class_list":{"0":"post-3425","1":"product","2":"type-product","3":"status-publish","4":"has-post-thumbnail","6":"product_cat-szexualis-egeszseg","8":"first","9":"instock","10":"shipping-taxable","11":"product-type-external"},"yoast_head":"<!-- This site is optimized with the Yoast SEO plugin v27.4 - https:\/\/yoast.com\/product\/yoast-seo-wordpress\/ -->\n<title>HugeEffect - Clinica Althea<\/title>\n<meta name=\"robots\" content=\"index, follow, max-snippet:-1, max-image-preview:large, max-video-preview:-1\" \/>\n<link rel=\"canonical\" href=\"https:\/\/www.clinicaalthea.com\/farmacia\/hu\/apt\/hugeeffect\/\" \/>\n<meta property=\"og:locale\" content=\"pl_PL\" \/>\n<meta property=\"og:type\" content=\"article\" \/>\n<meta property=\"og:title\" content=\"HugeEffect - Clinica Althea\" \/>\n<meta property=\"og:description\" content=\"17500.00 Ft 35000.00 Ft\" \/>\n<meta property=\"og:url\" content=\"https:\/\/www.clinicaalthea.com\/farmacia\/hu\/apt\/hugeeffect\/\" \/>\n<meta property=\"og:site_name\" content=\"Clinica Althea\" \/>\n<meta property=\"article:modified_time\" content=\"2024-04-27T20:18:42+00:00\" \/>\n<meta property=\"og:image\" content=\"https:\/\/www.clinicaalthea.com\/farmacia\/wp-content\/uploads\/2024\/04\/HugeEffect.jpg\" \/>\n\t<meta property=\"og:image:width\" content=\"768\" \/>\n\t<meta property=\"og:image:height\" content=\"768\" \/>\n\t<meta property=\"og:image:type\" content=\"image\/jpeg\" \/>\n<meta name=\"twitter:card\" content=\"summary_large_image\" \/>\n<meta name=\"twitter:label1\" content=\"Szacowany czas czytania\" \/>\n\t<meta name=\"twitter:data1\" content=\"6 minut\" \/>\n<script type=\"application\/ld+json\" class=\"yoast-schema-graph\">{\"@context\":\"https:\\\/\\\/schema.org\",\"@graph\":[{\"@type\":\"WebPage\",\"@id\":\"https:\\\/\\\/www.clinicaalthea.com\\\/farmacia\\\/hu\\\/apt\\\/hugeeffect\\\/\",\"url\":\"https:\\\/\\\/www.clinicaalthea.com\\\/farmacia\\\/hu\\\/apt\\\/hugeeffect\\\/\",\"name\":\"HugeEffect - Clinica Althea\",\"isPartOf\":{\"@id\":\"https:\\\/\\\/www.clinicaalthea.com\\\/farmacia\\\/#website\"},\"primaryImageOfPage\":{\"@id\":\"https:\\\/\\\/www.clinicaalthea.com\\\/farmacia\\\/hu\\\/apt\\\/hugeeffect\\\/#primaryimage\"},\"image\":{\"@id\":\"https:\\\/\\\/www.clinicaalthea.com\\\/farmacia\\\/hu\\\/apt\\\/hugeeffect\\\/#primaryimage\"},\"thumbnailUrl\":\"https:\\\/\\\/www.clinicaalthea.com\\\/farmacia\\\/wp-content\\\/uploads\\\/2024\\\/04\\\/HugeEffect.jpg\",\"datePublished\":\"2024-04-27T20:12:03+00:00\",\"dateModified\":\"2024-04-27T20:18:42+00:00\",\"breadcrumb\":{\"@id\":\"https:\\\/\\\/www.clinicaalthea.com\\\/farmacia\\\/hu\\\/apt\\\/hugeeffect\\\/#breadcrumb\"},\"inLanguage\":\"pl-PL\",\"potentialAction\":[{\"@type\":\"ReadAction\",\"target\":[\"https:\\\/\\\/www.clinicaalthea.com\\\/farmacia\\\/hu\\\/apt\\\/hugeeffect\\\/\"]}]},{\"@type\":\"ImageObject\",\"inLanguage\":\"pl-PL\",\"@id\":\"https:\\\/\\\/www.clinicaalthea.com\\\/farmacia\\\/hu\\\/apt\\\/hugeeffect\\\/#primaryimage\",\"url\":\"https:\\\/\\\/www.clinicaalthea.com\\\/farmacia\\\/wp-content\\\/uploads\\\/2024\\\/04\\\/HugeEffect.jpg\",\"contentUrl\":\"https:\\\/\\\/www.clinicaalthea.com\\\/farmacia\\\/wp-content\\\/uploads\\\/2024\\\/04\\\/HugeEffect.jpg\",\"width\":768,\"height\":768,\"caption\":\"HugeEffect\"},{\"@type\":\"BreadcrumbList\",\"@id\":\"https:\\\/\\\/www.clinicaalthea.com\\\/farmacia\\\/hu\\\/apt\\\/hugeeffect\\\/#breadcrumb\",\"itemListElement\":[{\"@type\":\"ListItem\",\"position\":1,\"name\":\"Strona g\u0142\u00f3wna\",\"item\":\"https:\\\/\\\/www.clinicaalthea.com\\\/farmacia\\\/\"},{\"@type\":\"ListItem\",\"position\":2,\"name\":\"Produkty\",\"item\":\"https:\\\/\\\/www.clinicaalthea.com\\\/farmacia\\\/\"},{\"@type\":\"ListItem\",\"position\":3,\"name\":\"HugeEffect\"}]},{\"@type\":\"WebSite\",\"@id\":\"https:\\\/\\\/www.clinicaalthea.com\\\/farmacia\\\/#website\",\"url\":\"https:\\\/\\\/www.clinicaalthea.com\\\/farmacia\\\/\",\"name\":\"Clinica Althea\",\"description\":\"\",\"publisher\":{\"@id\":\"https:\\\/\\\/www.clinicaalthea.com\\\/farmacia\\\/#organization\"},\"potentialAction\":[{\"@type\":\"SearchAction\",\"target\":{\"@type\":\"EntryPoint\",\"urlTemplate\":\"https:\\\/\\\/www.clinicaalthea.com\\\/farmacia\\\/?s={search_term_string}\"},\"query-input\":{\"@type\":\"PropertyValueSpecification\",\"valueRequired\":true,\"valueName\":\"search_term_string\"}}],\"inLanguage\":\"pl-PL\"},{\"@type\":\"Organization\",\"@id\":\"https:\\\/\\\/www.clinicaalthea.com\\\/farmacia\\\/#organization\",\"name\":\"Clinica Althea\",\"url\":\"https:\\\/\\\/www.clinicaalthea.com\\\/farmacia\\\/\",\"logo\":{\"@type\":\"ImageObject\",\"inLanguage\":\"pl-PL\",\"@id\":\"https:\\\/\\\/www.clinicaalthea.com\\\/farmacia\\\/#\\\/schema\\\/logo\\\/image\\\/\",\"url\":\"https:\\\/\\\/www.clinicaalthea.com\\\/farmacia\\\/wp-content\\\/uploads\\\/2023\\\/12\\\/Jak-diagnozuje-sie-FAS_-objawy-kryteria-diagnostyczne-i-metody-diagnozowania-154162903.jpg\",\"contentUrl\":\"https:\\\/\\\/www.clinicaalthea.com\\\/farmacia\\\/wp-content\\\/uploads\\\/2023\\\/12\\\/Jak-diagnozuje-sie-FAS_-objawy-kryteria-diagnostyczne-i-metody-diagnozowania-154162903.jpg\",\"width\":1216,\"height\":832,\"caption\":\"Clinica Althea\"},\"image\":{\"@id\":\"https:\\\/\\\/www.clinicaalthea.com\\\/farmacia\\\/#\\\/schema\\\/logo\\\/image\\\/\"}}]}<\/script>\n<!-- \/ Yoast SEO plugin. -->","yoast_head_json":{"title":"HugeEffect - Clinica Althea","robots":{"index":"index","follow":"follow","max-snippet":"max-snippet:-1","max-image-preview":"max-image-preview:large","max-video-preview":"max-video-preview:-1"},"canonical":"https:\/\/www.clinicaalthea.com\/farmacia\/hu\/apt\/hugeeffect\/","og_locale":"pl_PL","og_type":"article","og_title":"HugeEffect - Clinica Althea","og_description":"17500.00 Ft 35000.00 Ft","og_url":"https:\/\/www.clinicaalthea.com\/farmacia\/hu\/apt\/hugeeffect\/","og_site_name":"Clinica Althea","article_modified_time":"2024-04-27T20:18:42+00:00","og_image":[{"width":768,"height":768,"url":"https:\/\/www.clinicaalthea.com\/farmacia\/wp-content\/uploads\/2024\/04\/HugeEffect.jpg","type":"image\/jpeg"}],"twitter_card":"summary_large_image","twitter_misc":{"Szacowany czas czytania":"6 minut"},"schema":{"@context":"https:\/\/schema.org","@graph":[{"@type":"WebPage","@id":"https:\/\/www.clinicaalthea.com\/farmacia\/hu\/apt\/hugeeffect\/","url":"https:\/\/www.clinicaalthea.com\/farmacia\/hu\/apt\/hugeeffect\/","name":"HugeEffect - Clinica Althea","isPartOf":{"@id":"https:\/\/www.clinicaalthea.com\/farmacia\/#website"},"primaryImageOfPage":{"@id":"https:\/\/www.clinicaalthea.com\/farmacia\/hu\/apt\/hugeeffect\/#primaryimage"},"image":{"@id":"https:\/\/www.clinicaalthea.com\/farmacia\/hu\/apt\/hugeeffect\/#primaryimage"},"thumbnailUrl":"https:\/\/www.clinicaalthea.com\/farmacia\/wp-content\/uploads\/2024\/04\/HugeEffect.jpg","datePublished":"2024-04-27T20:12:03+00:00","dateModified":"2024-04-27T20:18:42+00:00","breadcrumb":{"@id":"https:\/\/www.clinicaalthea.com\/farmacia\/hu\/apt\/hugeeffect\/#breadcrumb"},"inLanguage":"pl-PL","potentialAction":[{"@type":"ReadAction","target":["https:\/\/www.clinicaalthea.com\/farmacia\/hu\/apt\/hugeeffect\/"]}]},{"@type":"ImageObject","inLanguage":"pl-PL","@id":"https:\/\/www.clinicaalthea.com\/farmacia\/hu\/apt\/hugeeffect\/#primaryimage","url":"https:\/\/www.clinicaalthea.com\/farmacia\/wp-content\/uploads\/2024\/04\/HugeEffect.jpg","contentUrl":"https:\/\/www.clinicaalthea.com\/farmacia\/wp-content\/uploads\/2024\/04\/HugeEffect.jpg","width":768,"height":768,"caption":"HugeEffect"},{"@type":"BreadcrumbList","@id":"https:\/\/www.clinicaalthea.com\/farmacia\/hu\/apt\/hugeeffect\/#breadcrumb","itemListElement":[{"@type":"ListItem","position":1,"name":"Strona g\u0142\u00f3wna","item":"https:\/\/www.clinicaalthea.com\/farmacia\/"},{"@type":"ListItem","position":2,"name":"Produkty","item":"https:\/\/www.clinicaalthea.com\/farmacia\/"},{"@type":"ListItem","position":3,"name":"HugeEffect"}]},{"@type":"WebSite","@id":"https:\/\/www.clinicaalthea.com\/farmacia\/#website","url":"https:\/\/www.clinicaalthea.com\/farmacia\/","name":"Clinica Althea","description":"","publisher":{"@id":"https:\/\/www.clinicaalthea.com\/farmacia\/#organization"},"potentialAction":[{"@type":"SearchAction","target":{"@type":"EntryPoint","urlTemplate":"https:\/\/www.clinicaalthea.com\/farmacia\/?s={search_term_string}"},"query-input":{"@type":"PropertyValueSpecification","valueRequired":true,"valueName":"search_term_string"}}],"inLanguage":"pl-PL"},{"@type":"Organization","@id":"https:\/\/www.clinicaalthea.com\/farmacia\/#organization","name":"Clinica Althea","url":"https:\/\/www.clinicaalthea.com\/farmacia\/","logo":{"@type":"ImageObject","inLanguage":"pl-PL","@id":"https:\/\/www.clinicaalthea.com\/farmacia\/#\/schema\/logo\/image\/","url":"https:\/\/www.clinicaalthea.com\/farmacia\/wp-content\/uploads\/2023\/12\/Jak-diagnozuje-sie-FAS_-objawy-kryteria-diagnostyczne-i-metody-diagnozowania-154162903.jpg","contentUrl":"https:\/\/www.clinicaalthea.com\/farmacia\/wp-content\/uploads\/2023\/12\/Jak-diagnozuje-sie-FAS_-objawy-kryteria-diagnostyczne-i-metody-diagnozowania-154162903.jpg","width":1216,"height":832,"caption":"Clinica Althea"},"image":{"@id":"https:\/\/www.clinicaalthea.com\/farmacia\/#\/schema\/logo\/image\/"}}]}},"lang":"hu","translations":{"hu":3425,"cs":3421,"pl":3419,"de":3422,"es":3423,"fr":3424,"it":3426,"pt":3427,"ro":3428,"sk":3429,"sl":3430,"sv":3431},"pll_sync_post":[],"_links":{"self":[{"href":"https:\/\/www.clinicaalthea.com\/farmacia\/wp-json\/wp\/v2\/product\/3425","targetHints":{"allow":["GET"]}}],"collection":[{"href":"https:\/\/www.clinicaalthea.com\/farmacia\/wp-json\/wp\/v2\/product"}],"about":[{"href":"https:\/\/www.clinicaalthea.com\/farmacia\/wp-json\/wp\/v2\/types\/product"}],"replies":[{"embeddable":true,"href":"https:\/\/www.clinicaalthea.com\/farmacia\/wp-json\/wp\/v2\/comments?post=3425"}],"wp:featuredmedia":[{"embeddable":true,"href":"https:\/\/www.clinicaalthea.com\/farmacia\/wp-json\/wp\/v2\/media\/3420"}],"wp:attachment":[{"href":"https:\/\/www.clinicaalthea.com\/farmacia\/wp-json\/wp\/v2\/media?parent=3425"}],"wp:term":[{"taxonomy":"product_brand","embeddable":true,"href":"https:\/\/www.clinicaalthea.com\/farmacia\/wp-json\/wp\/v2\/product_brand?post=3425"},{"taxonomy":"product_cat","embeddable":true,"href":"https:\/\/www.clinicaalthea.com\/farmacia\/wp-json\/wp\/v2\/product_cat?post=3425"},{"taxonomy":"product_tag","embeddable":true,"href":"https:\/\/www.clinicaalthea.com\/farmacia\/wp-json\/wp\/v2\/product_tag?post=3425"}],"curies":[{"name":"wp","href":"https:\/\/api.w.org\/{rel}","templated":true}]}}