{"id":3423,"date":"2024-04-27T21:05:48","date_gmt":"2024-04-27T20:05:48","guid":{"rendered":"https:\/\/mayoguide.org\/produkty\/?post_type=product&#038;p=3423"},"modified":"2024-04-27T21:18:42","modified_gmt":"2024-04-27T20:18:42","slug":"hugeeffect","status":"publish","type":"product","link":"https:\/\/www.clinicaalthea.com\/farmacia\/es\/apt\/hugeeffect\/","title":{"rendered":"HugeEffect"},"content":{"rendered":"\n<p><b>HugeEffect<\/b> es un <b>suplemento diet\u00e9tico<\/b> innovador que puede tener un gran impacto en su vida sexual. Si est\u00e1 buscando una forma de aumentar la libido, mejorar la calidad de la erecci\u00f3n y tener m\u00e1s resistencia en la cama, entonces merece la pena saber m\u00e1s sobre <b>HugeEffect<\/b>.<\/p>\n\n\n\n<h2 class=\"wp-block-heading\" id=\"h-co-to-jest-hugeeffect-i-jak-dziala\">\u00bfQu\u00e9 es HugeEffect y c\u00f3mo funciona?<\/h2>\n\n\n\n<p><b>HugeEffect<\/b> es un <b>suplemento diet\u00e9tico<\/b> innovador desarrollado espec\u00edficamente para el hombre. Su acci\u00f3n principal es mejorar la circulaci\u00f3n sangu\u00ednea en la zona p\u00e9lvica, lo que contribuye a mejorar la calidad de la erecci\u00f3n y a aumentar la satisfacci\u00f3n sexual.<\/p>\n\n\n\n<p>Este producto contiene <b>ingredientes naturales<\/b> como la L-arginina, el ginseng y el Tribulus Terrestris, que tienen un efecto beneficioso sobre la funci\u00f3n sexual masculina. La L-arginina es el amino\u00e1cido responsable de la producci\u00f3n de \u00f3xido n\u00edtrico, que relaja los vasos sangu\u00edneos y mejora la circulaci\u00f3n sangu\u00ednea en los genitales. El ginseng, por su parte, favorece el sistema circulatorio y act\u00faa como afrodis\u00edaco natural, aumentando la libido. El Tribulus Terrestris, por su parte, aumenta los niveles de testosterona, lo que contribuye a mejorar el rendimiento sexual.<\/p>\n\n\n\n<p>Gracias a sus ingredientes con efecto acelerador de la circulaci\u00f3n, HugeEffect favorece el mantenimiento de una erecci\u00f3n sostenida y un rendimiento sexual duradero.<\/p>\n\n\n\n<h2 class=\"wp-block-heading\" id=\"h-hugeeffect-efekty\">HugeEffect &#8211; efectos<\/h2>\n\n\n\n<p>El <b>uso<\/b> regular del suplemento HugeEffect puede aportar muchos beneficios a los hombres. Act\u00faa de forma integral, ofreciendo una serie de efectos positivos que mejoran significativamente la calidad de la vida sexual.<\/p>\n\n\n\n<p>Uno de los efectos clave del uso de HugeEffect es la mejora de la calidad de las erecciones. Gracias a la acci\u00f3n de ingredientes naturales, este innovador <b>complemento alimenticio<\/b> ayuda a conseguir y mantener erecciones duras y duraderas, lo que a su vez se traduce en una mayor satisfacci\u00f3n sexual.<\/p>\n\n\n\n<p>Para muchos hombres, la p\u00e9rdida de libido es otro problema que afecta a la calidad de su vida sexual. <b>Tomar<\/b> HugeEffect puede ayudar a aumentar los niveles de libido, restaurando el deseo natural de actividad sexual y mejorando los niveles generales de energ\u00eda y el estado de \u00e1nimo.<\/p>\n\n\n\n<p>Otro efecto importante de la suplementaci\u00f3n con HugeEffect es el aumento de la resistencia sexual. El consumo regular de este suplemento puede hacer que los hombres tengan una mayor resistencia durante el coito, lo que permite una experiencia sexual m\u00e1s intensa y satisfactoria.<\/p>\n\n\n\n<p>HugeEffect no s\u00f3lo afecta a los aspectos f\u00edsicos de la vida sexual, sino que tambi\u00e9n puede mejorar la satisfacci\u00f3n sexual en general. El aumento de la calidad de la erecci\u00f3n, la libido y la resistencia sexual puede traducirse en una mayor satisfacci\u00f3n tanto en el hombre como en su pareja o compa\u00f1era. Mejorar estos aspectos de la vida sexual tambi\u00e9n puede beneficiar a otras \u00e1reas de la vida, como la autoestima y las relaciones de pareja.<\/p>\n\n\n\n<h2 class=\"wp-block-heading\" id=\"h-jak-stosowac-hugeeffect-dawkowanie-i-zalecenia\">\u00bfC\u00f3mo utilizar HugeEffect? &#8211; Dosis y recomendaciones<\/h2>\n\n\n\n<p>Se recomienda tomar una o dos c\u00e1psulas de HugeEffect al d\u00eda, preferiblemente con una comida, bebiendo abundante agua. Es importante seguir las recomendaciones del fabricante que figuran en el envase del producto. El <b>uso<\/b> regular y constante del suplemento produce los mejores resultados.<\/p>\n\n\n\n<p>\u00bfC\u00f3mo debe dosificarse HugeEffect? Seg\u00fan las recomendaciones del fabricante, tome una o dos c\u00e1psulas al d\u00eda. Lo mejor es tomarlo con una comida para garantizar una absorci\u00f3n \u00f3ptima de los ingredientes del suplemento. Para que las c\u00e1psulas sean m\u00e1s f\u00e1ciles de tragar, se recomienda beber mucha agua.<\/p>\n\n\n\n<blockquote class=\"wp-block-quote is-layout-flow wp-block-quote-is-layout-flow\">\n<p>Seguir las recomendaciones del fabricante es clave para lograr los resultados deseados. No exceda la dosis recomendada del suplemento, ya que esto puede provocar efectos secundarios no deseados. Es muy importante tomar HugeEffect con regularidad para mantener niveles adecuados de los ingredientes en el organismo.<\/p>\n<\/blockquote>\n\n\n\n<p>El uso de HugeEffect es sencillo y c\u00f3modo. Todo lo que necesita hacer es tomar la dosis recomendada del suplemento todos los d\u00edas, teniendo cuidado de ser regular y seguir las recomendaciones del fabricante. Esto le ayudar\u00e1 a conseguir los mejores resultados y a disfrutar de una vida sexual mejorada.<\/p>\n\n\n\n<figure class=\"wp-block-table\"><table><tbody><tr><th>Dosis<\/th><th>Recomendaciones<\/th><\/tr><tr><td>Tomar<\/td><td>Una o dos c\u00e1psulas al d\u00eda<\/td><\/tr><tr><td>Durante una comida<\/td><td>Para asegurar una absorci\u00f3n \u00f3ptima de los ingredientes<\/td><\/tr><tr><td>Con abundante agua<\/td><td>Para facilitar la degluci\u00f3n de las c\u00e1psulas<\/td><\/tr><tr><td>Aplicaci\u00f3n regular<\/td><td>Mantener el nivel adecuado de ingredientes en el organismo<\/td><\/tr><\/tbody><\/table><\/figure>\n\n\n\n<h2 class=\"wp-block-heading\" id=\"h-hugeeffect-opinie-i-recenzje-co-mowia-uzytkownicy\">HugeEffect &#8211; Opiniones y cr\u00edticas &#8211; \u00bfQu\u00e9 opinan los usuarios?<\/h2>\n\n\n\n<p><b>Las<\/b> opiniones de los usuarios de HugeEffect son generalmente positivas. Los <b>usuarios<\/b> suelen destacar mejoras en la calidad de la erecci\u00f3n, <em>aumento de la libido<\/em> y satisfacci\u00f3n con el producto. No obstante, los <em>efectos pueden variar<\/em> de una persona a otra. Siempre es aconsejable consultar a un m\u00e9dico antes de empezar a tomar un suplemento.<\/p>\n\n\n\n<blockquote class=\"wp-block-quote is-layout-flow wp-block-quote-is-layout-flow\">\n<p>&#8220;HugeEffect es un suplemento revolucionario que ha mejorado significativamente mi vida sexual. Mis erecciones se han vuelto m\u00e1s fuertes y duraderas y mi libido ha aumentado significativamente. Estoy muy satisfecho con los resultados que he conseguido con este producto.&#8221; &#8211; Adam<\/p>\n<\/blockquote>\n\n\n\n<blockquote class=\"wp-block-quote is-layout-flow wp-block-quote-is-layout-flow\">\n<p>&#8220;He probado varios suplementos, pero este HugeEffect ha demostrado ser el mejor. La calidad de mi erecci\u00f3n ha mejorado significativamente y mis parejas femeninas han notado la diferencia. Recomendar\u00eda este producto a cualquiera que busque apoyo para su vida sexual.&#8221; &#8211; Michael<\/p>\n<\/blockquote>\n\n\n\n<blockquote class=\"wp-block-quote is-layout-flow wp-block-quote-is-layout-flow\">\n<p>&#8220;Ahora soy de mediana edad y he notado un cierto declive en mi vida sexual. Afortunadamente, decid\u00ed probar HugeEffect y me sorprendieron gratamente los resultados. Mi libido ha vuelto a un nivel alto y mis erecciones son m\u00e1s fuertes. Realmente recomiendo este producto&#8221; &#8211; Piotr<\/p>\n<\/blockquote>\n\n\n\n<p>Los<b>comentarios<\/b> y las <b>opiniones de<\/b> los usuarios confirman la eficacia de HugeEffect para mejorar la vida sexual. Sin embargo, el cuerpo de cada persona es diferente, por lo que es aconsejable consultar a su m\u00e9dico antes de empezar a tomar un suplemento para determinar si es adecuado para su salud.<\/p>\n\n\n\n<figure class=\"wp-block-table\"><table><tbody><tr><th>Opiniones de usuarios<\/th><th>Opini\u00f3n<\/th><th>Autor<\/th><\/tr><tr><td>5\/5<\/td><td>&#8220;\u00a1HugeEffect funciona sensacional! Merece la pena probarlo!&#8221;<\/td><td>Jan<\/td><\/tr><tr><td>4\/5<\/td><td>&#8220;Los efectos del uso de HugeEffect son visibles al cabo de unas semanas&#8221;<\/td><td>Anna<\/td><\/tr><tr><td>5\/5<\/td><td>&#8220;Mejora de la calidad de la erecci\u00f3n y mayor satisfacci\u00f3n sexual son los <b>efectos<\/b> que he conseguido con HugeEffect.&#8221;<\/td><td>Marcin<\/td><\/tr><\/tbody><\/table><\/figure>\n\n\n\n<h2 class=\"wp-block-heading\" id=\"h-hugeeffect-sklad-co-zawiera\">HugeEffect &#8211; Composici\u00f3n &#8211; \u00bfQu\u00e9 contiene?<\/h2>\n\n\n\n<p>HugeEffect es un innovador suplemento diet\u00e9tico para hombres dise\u00f1ado para mejorar la vida sexual. Su eficacia se debe al uso de ingredientes naturales que tienen un efecto positivo sobre la funci\u00f3n sexual.<\/p>\n\n\n\n<p>Los principales ingredientes de HugeEffect son:<\/p>\n\n\n\n<figure class=\"wp-block-table\"><table><tbody><tr><th>Ingrediente<\/th><th>Acci\u00f3n<\/th><\/tr><tr><td>L-arginina<\/td><td>Aumenta el flujo sangu\u00edneo a la zona p\u00e9lvica, lo que contribuye a mejorar la calidad de la erecci\u00f3n.<\/td><\/tr><tr><td>Ginseng<\/td><td>Estimula la circulaci\u00f3n sangu\u00ednea y mejora el rendimiento sexual.<\/td><\/tr><tr><td>Tribulus terrestris<\/td><td>Aumenta los niveles de testosterona en el organismo, lo que se traduce en una mejora de la libido y la resistencia sexual.<\/td><\/tr><\/tbody><\/table><\/figure>\n\n\n\n<p>Estos <b>ingredientes<\/b> naturales son bien tolerados por el organismo y aceleran la circulaci\u00f3n sangu\u00ednea en la zona p\u00e9lvica. Como resultado, mejoran la calidad de las erecciones y aumentan la libido y la resistencia sexual.<\/p>\n\n\n\n<p>La lista completa de ingredientes se encuentra en el prospecto del producto.<\/p>\n\n\n\n<p>Los ingredientes se seleccionan cuidadosamente para garantizar la eficacia y la seguridad del producto.<\/p>\n\n\n\n<h2 class=\"wp-block-heading\" id=\"h-gdzie-kupic-i-jaka-jest-cena-hugeeffect\">\u00bfD\u00f3nde comprar y cu\u00e1l es el precio de HugeEffect?<\/h2>\n\n\n\n<p>HugeEffect no est\u00e1 disponible en farmacias. Se recomienda comprarlo en la p\u00e1gina web oficial del fabricante para evitar falsificaciones y garantizar su seguridad. <\/p>\n\n\n\n<p>El<b>precio<\/b> del producto puede variar en funci\u00f3n de las promociones vigentes.<\/p>\n\n\n\n<h2 class=\"wp-block-heading\" id=\"h-potencjalne-skutki-uboczne-i-przeciwwskazania-do-stosowania-hugeeffect\">Posibles efectos secundarios y contraindicaciones del uso de HugeEffect<\/h2>\n\n\n\n<p>Antes de utilizar HugeEffect, siempre es aconsejable informarse sobre los posibles efectos secundarios y contraindicaciones. Aunque normalmente se tolera bien, existe la posibilidad de reacciones al\u00e9rgicas individuales a cualquiera de los ingredientes. Las personas con problemas de salud graves deben consultar a su m\u00e9dico antes de iniciar la suplementaci\u00f3n.<\/p>\n\n\n\n<p>HugeEffect suplemento diet\u00e9tico puede causar diversos <b>efectos secundarios<\/b> en algunos individuos. Los efectos secundarios m\u00e1s comunes pueden incluir n\u00e1useas, dolor abdominal, sudoraci\u00f3n excesiva, trastornos del sue\u00f1o y nerviosismo. Si se produce alg\u00fan s\u00edntoma adverso, es aconsejable interrumpir su uso inmediatamente y consultar a un m\u00e9dico.<\/p>\n\n\n\n<p>Tambi\u00e9n es importante tener en cuenta las contraindicaciones para el uso de HugeEffect. Este suplemento no debe ser utilizado por personas con verdaderos problemas cr\u00f3nicos de salud como enfermedades card\u00edacas, hep\u00e1ticas, renales, hipertensi\u00f3n arterial y aquellas con intolerancia a alguno de los ingredientes del producto. Consulte siempre a su m\u00e9dico antes de empezar a tomar suplementos para evaluar si HugeEffect es adecuado para usted.<\/p>\n","protected":false},"excerpt":{"rendered":"<p><strong>57.00 \u20ac<\/strong><\/p>\n<p><del>114.00 \u20ac<\/del><\/p>\n<p><strong>[date_countdown]<\/strong><\/p>\n","protected":false},"featured_media":3420,"comment_status":"open","ping_status":"closed","template":"","meta":{"neve_meta_sidebar":"","neve_meta_container":"","neve_meta_enable_content_width":"","neve_meta_content_width":0,"neve_meta_title_alignment":"","neve_meta_author_avatar":"","neve_post_elements_order":"","neve_meta_disable_header":"","neve_meta_disable_footer":"","neve_meta_disable_title":"","neve_meta_reading_time":""},"product_brand":[],"product_cat":[351],"product_tag":[],"class_list":{"0":"post-3423","1":"product","2":"type-product","3":"status-publish","4":"has-post-thumbnail","6":"product_cat-salud-sexual","8":"first","9":"instock","10":"shipping-taxable","11":"product-type-external"},"yoast_head":"<!-- This site is optimized with the Yoast SEO plugin v27.4 - https:\/\/yoast.com\/product\/yoast-seo-wordpress\/ -->\n<title>HugeEffect - Clinica Althea<\/title>\n<meta name=\"robots\" content=\"index, follow, max-snippet:-1, max-image-preview:large, max-video-preview:-1\" \/>\n<link rel=\"canonical\" href=\"https:\/\/www.clinicaalthea.com\/farmacia\/es\/apt\/hugeeffect\/\" \/>\n<meta property=\"og:locale\" content=\"pl_PL\" \/>\n<meta property=\"og:type\" content=\"article\" \/>\n<meta property=\"og:title\" content=\"HugeEffect - Clinica Althea\" \/>\n<meta property=\"og:description\" content=\"57.00 \u20ac 114.00 \u20ac\" \/>\n<meta property=\"og:url\" content=\"https:\/\/www.clinicaalthea.com\/farmacia\/es\/apt\/hugeeffect\/\" \/>\n<meta property=\"og:site_name\" content=\"Clinica Althea\" \/>\n<meta property=\"article:modified_time\" content=\"2024-04-27T20:18:42+00:00\" \/>\n<meta property=\"og:image\" content=\"https:\/\/www.clinicaalthea.com\/farmacia\/wp-content\/uploads\/2024\/04\/HugeEffect.jpg\" \/>\n\t<meta property=\"og:image:width\" content=\"768\" \/>\n\t<meta property=\"og:image:height\" content=\"768\" \/>\n\t<meta property=\"og:image:type\" content=\"image\/jpeg\" \/>\n<meta name=\"twitter:card\" content=\"summary_large_image\" \/>\n<meta name=\"twitter:label1\" content=\"Szacowany czas czytania\" \/>\n\t<meta name=\"twitter:data1\" content=\"8 minut\" \/>\n<script type=\"application\/ld+json\" class=\"yoast-schema-graph\">{\"@context\":\"https:\\\/\\\/schema.org\",\"@graph\":[{\"@type\":\"WebPage\",\"@id\":\"https:\\\/\\\/www.clinicaalthea.com\\\/farmacia\\\/es\\\/apt\\\/hugeeffect\\\/\",\"url\":\"https:\\\/\\\/www.clinicaalthea.com\\\/farmacia\\\/es\\\/apt\\\/hugeeffect\\\/\",\"name\":\"HugeEffect - Clinica Althea\",\"isPartOf\":{\"@id\":\"https:\\\/\\\/www.clinicaalthea.com\\\/farmacia\\\/#website\"},\"primaryImageOfPage\":{\"@id\":\"https:\\\/\\\/www.clinicaalthea.com\\\/farmacia\\\/es\\\/apt\\\/hugeeffect\\\/#primaryimage\"},\"image\":{\"@id\":\"https:\\\/\\\/www.clinicaalthea.com\\\/farmacia\\\/es\\\/apt\\\/hugeeffect\\\/#primaryimage\"},\"thumbnailUrl\":\"https:\\\/\\\/www.clinicaalthea.com\\\/farmacia\\\/wp-content\\\/uploads\\\/2024\\\/04\\\/HugeEffect.jpg\",\"datePublished\":\"2024-04-27T20:05:48+00:00\",\"dateModified\":\"2024-04-27T20:18:42+00:00\",\"breadcrumb\":{\"@id\":\"https:\\\/\\\/www.clinicaalthea.com\\\/farmacia\\\/es\\\/apt\\\/hugeeffect\\\/#breadcrumb\"},\"inLanguage\":\"pl-PL\",\"potentialAction\":[{\"@type\":\"ReadAction\",\"target\":[\"https:\\\/\\\/www.clinicaalthea.com\\\/farmacia\\\/es\\\/apt\\\/hugeeffect\\\/\"]}]},{\"@type\":\"ImageObject\",\"inLanguage\":\"pl-PL\",\"@id\":\"https:\\\/\\\/www.clinicaalthea.com\\\/farmacia\\\/es\\\/apt\\\/hugeeffect\\\/#primaryimage\",\"url\":\"https:\\\/\\\/www.clinicaalthea.com\\\/farmacia\\\/wp-content\\\/uploads\\\/2024\\\/04\\\/HugeEffect.jpg\",\"contentUrl\":\"https:\\\/\\\/www.clinicaalthea.com\\\/farmacia\\\/wp-content\\\/uploads\\\/2024\\\/04\\\/HugeEffect.jpg\",\"width\":768,\"height\":768,\"caption\":\"HugeEffect\"},{\"@type\":\"BreadcrumbList\",\"@id\":\"https:\\\/\\\/www.clinicaalthea.com\\\/farmacia\\\/es\\\/apt\\\/hugeeffect\\\/#breadcrumb\",\"itemListElement\":[{\"@type\":\"ListItem\",\"position\":1,\"name\":\"Strona g\u0142\u00f3wna\",\"item\":\"https:\\\/\\\/www.clinicaalthea.com\\\/farmacia\\\/\"},{\"@type\":\"ListItem\",\"position\":2,\"name\":\"Produkty\",\"item\":\"https:\\\/\\\/www.clinicaalthea.com\\\/farmacia\\\/\"},{\"@type\":\"ListItem\",\"position\":3,\"name\":\"HugeEffect\"}]},{\"@type\":\"WebSite\",\"@id\":\"https:\\\/\\\/www.clinicaalthea.com\\\/farmacia\\\/#website\",\"url\":\"https:\\\/\\\/www.clinicaalthea.com\\\/farmacia\\\/\",\"name\":\"Clinica Althea\",\"description\":\"\",\"publisher\":{\"@id\":\"https:\\\/\\\/www.clinicaalthea.com\\\/farmacia\\\/#organization\"},\"potentialAction\":[{\"@type\":\"SearchAction\",\"target\":{\"@type\":\"EntryPoint\",\"urlTemplate\":\"https:\\\/\\\/www.clinicaalthea.com\\\/farmacia\\\/?s={search_term_string}\"},\"query-input\":{\"@type\":\"PropertyValueSpecification\",\"valueRequired\":true,\"valueName\":\"search_term_string\"}}],\"inLanguage\":\"pl-PL\"},{\"@type\":\"Organization\",\"@id\":\"https:\\\/\\\/www.clinicaalthea.com\\\/farmacia\\\/#organization\",\"name\":\"Clinica Althea\",\"url\":\"https:\\\/\\\/www.clinicaalthea.com\\\/farmacia\\\/\",\"logo\":{\"@type\":\"ImageObject\",\"inLanguage\":\"pl-PL\",\"@id\":\"https:\\\/\\\/www.clinicaalthea.com\\\/farmacia\\\/#\\\/schema\\\/logo\\\/image\\\/\",\"url\":\"https:\\\/\\\/www.clinicaalthea.com\\\/farmacia\\\/wp-content\\\/uploads\\\/2023\\\/12\\\/Jak-diagnozuje-sie-FAS_-objawy-kryteria-diagnostyczne-i-metody-diagnozowania-154162903.jpg\",\"contentUrl\":\"https:\\\/\\\/www.clinicaalthea.com\\\/farmacia\\\/wp-content\\\/uploads\\\/2023\\\/12\\\/Jak-diagnozuje-sie-FAS_-objawy-kryteria-diagnostyczne-i-metody-diagnozowania-154162903.jpg\",\"width\":1216,\"height\":832,\"caption\":\"Clinica Althea\"},\"image\":{\"@id\":\"https:\\\/\\\/www.clinicaalthea.com\\\/farmacia\\\/#\\\/schema\\\/logo\\\/image\\\/\"}}]}<\/script>\n<!-- \/ Yoast SEO plugin. -->","yoast_head_json":{"title":"HugeEffect - Clinica Althea","robots":{"index":"index","follow":"follow","max-snippet":"max-snippet:-1","max-image-preview":"max-image-preview:large","max-video-preview":"max-video-preview:-1"},"canonical":"https:\/\/www.clinicaalthea.com\/farmacia\/es\/apt\/hugeeffect\/","og_locale":"pl_PL","og_type":"article","og_title":"HugeEffect - Clinica Althea","og_description":"57.00 \u20ac 114.00 \u20ac","og_url":"https:\/\/www.clinicaalthea.com\/farmacia\/es\/apt\/hugeeffect\/","og_site_name":"Clinica Althea","article_modified_time":"2024-04-27T20:18:42+00:00","og_image":[{"width":768,"height":768,"url":"https:\/\/www.clinicaalthea.com\/farmacia\/wp-content\/uploads\/2024\/04\/HugeEffect.jpg","type":"image\/jpeg"}],"twitter_card":"summary_large_image","twitter_misc":{"Szacowany czas czytania":"8 minut"},"schema":{"@context":"https:\/\/schema.org","@graph":[{"@type":"WebPage","@id":"https:\/\/www.clinicaalthea.com\/farmacia\/es\/apt\/hugeeffect\/","url":"https:\/\/www.clinicaalthea.com\/farmacia\/es\/apt\/hugeeffect\/","name":"HugeEffect - Clinica Althea","isPartOf":{"@id":"https:\/\/www.clinicaalthea.com\/farmacia\/#website"},"primaryImageOfPage":{"@id":"https:\/\/www.clinicaalthea.com\/farmacia\/es\/apt\/hugeeffect\/#primaryimage"},"image":{"@id":"https:\/\/www.clinicaalthea.com\/farmacia\/es\/apt\/hugeeffect\/#primaryimage"},"thumbnailUrl":"https:\/\/www.clinicaalthea.com\/farmacia\/wp-content\/uploads\/2024\/04\/HugeEffect.jpg","datePublished":"2024-04-27T20:05:48+00:00","dateModified":"2024-04-27T20:18:42+00:00","breadcrumb":{"@id":"https:\/\/www.clinicaalthea.com\/farmacia\/es\/apt\/hugeeffect\/#breadcrumb"},"inLanguage":"pl-PL","potentialAction":[{"@type":"ReadAction","target":["https:\/\/www.clinicaalthea.com\/farmacia\/es\/apt\/hugeeffect\/"]}]},{"@type":"ImageObject","inLanguage":"pl-PL","@id":"https:\/\/www.clinicaalthea.com\/farmacia\/es\/apt\/hugeeffect\/#primaryimage","url":"https:\/\/www.clinicaalthea.com\/farmacia\/wp-content\/uploads\/2024\/04\/HugeEffect.jpg","contentUrl":"https:\/\/www.clinicaalthea.com\/farmacia\/wp-content\/uploads\/2024\/04\/HugeEffect.jpg","width":768,"height":768,"caption":"HugeEffect"},{"@type":"BreadcrumbList","@id":"https:\/\/www.clinicaalthea.com\/farmacia\/es\/apt\/hugeeffect\/#breadcrumb","itemListElement":[{"@type":"ListItem","position":1,"name":"Strona g\u0142\u00f3wna","item":"https:\/\/www.clinicaalthea.com\/farmacia\/"},{"@type":"ListItem","position":2,"name":"Produkty","item":"https:\/\/www.clinicaalthea.com\/farmacia\/"},{"@type":"ListItem","position":3,"name":"HugeEffect"}]},{"@type":"WebSite","@id":"https:\/\/www.clinicaalthea.com\/farmacia\/#website","url":"https:\/\/www.clinicaalthea.com\/farmacia\/","name":"Clinica Althea","description":"","publisher":{"@id":"https:\/\/www.clinicaalthea.com\/farmacia\/#organization"},"potentialAction":[{"@type":"SearchAction","target":{"@type":"EntryPoint","urlTemplate":"https:\/\/www.clinicaalthea.com\/farmacia\/?s={search_term_string}"},"query-input":{"@type":"PropertyValueSpecification","valueRequired":true,"valueName":"search_term_string"}}],"inLanguage":"pl-PL"},{"@type":"Organization","@id":"https:\/\/www.clinicaalthea.com\/farmacia\/#organization","name":"Clinica Althea","url":"https:\/\/www.clinicaalthea.com\/farmacia\/","logo":{"@type":"ImageObject","inLanguage":"pl-PL","@id":"https:\/\/www.clinicaalthea.com\/farmacia\/#\/schema\/logo\/image\/","url":"https:\/\/www.clinicaalthea.com\/farmacia\/wp-content\/uploads\/2023\/12\/Jak-diagnozuje-sie-FAS_-objawy-kryteria-diagnostyczne-i-metody-diagnozowania-154162903.jpg","contentUrl":"https:\/\/www.clinicaalthea.com\/farmacia\/wp-content\/uploads\/2023\/12\/Jak-diagnozuje-sie-FAS_-objawy-kryteria-diagnostyczne-i-metody-diagnozowania-154162903.jpg","width":1216,"height":832,"caption":"Clinica Althea"},"image":{"@id":"https:\/\/www.clinicaalthea.com\/farmacia\/#\/schema\/logo\/image\/"}}]}},"lang":"es","translations":{"es":3423,"cs":3421,"pl":3419,"de":3422,"fr":3424,"hu":3425,"it":3426,"pt":3427,"ro":3428,"sk":3429,"sl":3430,"sv":3431},"pll_sync_post":[],"_links":{"self":[{"href":"https:\/\/www.clinicaalthea.com\/farmacia\/wp-json\/wp\/v2\/product\/3423","targetHints":{"allow":["GET"]}}],"collection":[{"href":"https:\/\/www.clinicaalthea.com\/farmacia\/wp-json\/wp\/v2\/product"}],"about":[{"href":"https:\/\/www.clinicaalthea.com\/farmacia\/wp-json\/wp\/v2\/types\/product"}],"replies":[{"embeddable":true,"href":"https:\/\/www.clinicaalthea.com\/farmacia\/wp-json\/wp\/v2\/comments?post=3423"}],"wp:featuredmedia":[{"embeddable":true,"href":"https:\/\/www.clinicaalthea.com\/farmacia\/wp-json\/wp\/v2\/media\/3420"}],"wp:attachment":[{"href":"https:\/\/www.clinicaalthea.com\/farmacia\/wp-json\/wp\/v2\/media?parent=3423"}],"wp:term":[{"taxonomy":"product_brand","embeddable":true,"href":"https:\/\/www.clinicaalthea.com\/farmacia\/wp-json\/wp\/v2\/product_brand?post=3423"},{"taxonomy":"product_cat","embeddable":true,"href":"https:\/\/www.clinicaalthea.com\/farmacia\/wp-json\/wp\/v2\/product_cat?post=3423"},{"taxonomy":"product_tag","embeddable":true,"href":"https:\/\/www.clinicaalthea.com\/farmacia\/wp-json\/wp\/v2\/product_tag?post=3423"}],"curies":[{"name":"wp","href":"https:\/\/api.w.org\/{rel}","templated":true}]}}