{"id":3422,"date":"2024-04-27T21:04:50","date_gmt":"2024-04-27T20:04:50","guid":{"rendered":"https:\/\/mayoguide.org\/produkty\/?post_type=product&#038;p=3422"},"modified":"2024-04-27T21:18:42","modified_gmt":"2024-04-27T20:18:42","slug":"hugeeffect","status":"publish","type":"product","link":"https:\/\/www.clinicaalthea.com\/farmacia\/de\/apt\/hugeeffect\/","title":{"rendered":"HugeEffect"},"content":{"rendered":"\n<p><b>HugeEffect<\/b> ist ein innovatives <b>Nahrungserg\u00e4nzungsmittel<\/b>, das einen gro\u00dfen Einfluss auf Ihr Sexualleben haben kann. Wenn Sie auf der Suche nach einer M\u00f6glichkeit sind, Ihre Libido zu steigern, die Qualit\u00e4t der Erektion zu verbessern und mehr Ausdauer im Bett zu haben, dann lohnt es sich, mehr \u00fcber <b>HugeEffect<\/b> zu erfahren.<\/p>\n\n\n\n<h2 class=\"wp-block-heading\" id=\"h-co-to-jest-hugeeffect-i-jak-dziala\">Was ist HugeEffect und wie wirkt es?<\/h2>\n\n\n\n<p><b>HugeEffect<\/b> ist ein innovatives <b>Nahrungserg\u00e4nzungsmittel<\/b>, das speziell f\u00fcr M\u00e4nner entwickelt wurde. Seine Hauptwirkung besteht darin, die Blutzirkulation im Beckenbereich zu verbessern, was zu einer besseren Erektionsqualit\u00e4t und einer h\u00f6heren sexuellen Befriedigung beitr\u00e4gt.<\/p>\n\n\n\n<p>Dieses Produkt enth\u00e4lt <b>nat\u00fcrliche Inhaltsstoffe<\/b> wie L-Arginin, Ginseng und Tribulus Terrestris, die eine positive Wirkung auf die sexuelle Funktion des Mannes haben. L-Arginin ist die Aminos\u00e4ure, die f\u00fcr die Produktion von Stickstoffmonoxid verantwortlich ist, das die Blutgef\u00e4\u00dfe entspannt und die Blutzirkulation in den Genitalien verbessert. Ginseng hingegen unterst\u00fctzt das Kreislaufsystem und wirkt als nat\u00fcrliches Aphrodisiakum, das die Libido steigert. Tribulus Terrestris wiederum erh\u00f6ht den Testosteronspiegel, was zu einer verbesserten sexuellen Leistungsf\u00e4higkeit beitr\u00e4gt.<\/p>\n\n\n\n<p>Durch Inhaltsstoffe mit kreislaufbeschleunigender Wirkung unterst\u00fctzt HugeEffect die Aufrechterhaltung einer anhaltenden Erektion und eine lang anhaltende sexuelle Leistungsf\u00e4higkeit.<\/p>\n\n\n\n<h2 class=\"wp-block-heading\" id=\"h-hugeeffect-efekty\">HugeEffect &#8211; Wirkungen<\/h2>\n\n\n\n<p>Die regelm\u00e4\u00dfige <b>Einnahme von<\/b> HugeEffect kann f\u00fcr M\u00e4nner viele Vorteile mit sich bringen. Es wirkt umfassend und bietet eine Reihe von positiven Effekten, die die Qualit\u00e4t des Sexuallebens deutlich verbessern.<\/p>\n\n\n\n<p>Eine der wichtigsten Wirkungen von HugeEffect ist die Verbesserung der Qualit\u00e4t der Erektion. Dank der Wirkung nat\u00fcrlicher Inhaltsstoffe tr\u00e4gt dieses innovative <b>Nahrungserg\u00e4nzungsmittel<\/b> dazu bei, harte und dauerhafte Erektionen zu erreichen und aufrechtzuerhalten, was sich wiederum in einer erh\u00f6hten sexuellen Befriedigung niederschl\u00e4gt.<\/p>\n\n\n\n<p>F\u00fcr viele M\u00e4nner ist der Verlust der Libido ein weiteres Problem, das die Qualit\u00e4t ihres Sexuallebens beeintr\u00e4chtigt. Die <b>Einnahme von<\/b> HugeEffect kann dazu beitragen, die Libido zu steigern, das nat\u00fcrliche Verlangen nach sexueller Aktivit\u00e4t wiederherzustellen und das allgemeine Energieniveau und die Stimmung zu verbessern.<\/p>\n\n\n\n<p>Ein weiterer wichtiger Effekt der Einnahme von HugeEffect ist die Steigerung des sexuellen Durchhalteverm\u00f6gens. Die regelm\u00e4\u00dfige Einnahme dieses Nahrungserg\u00e4nzungsmittels kann dazu f\u00fchren, dass M\u00e4nner beim Geschlechtsverkehr eine gr\u00f6\u00dfere Ausdauer haben, was eine intensivere und befriedigendere sexuelle Erfahrung erm\u00f6glicht.<\/p>\n\n\n\n<p>HugeEffect wirkt sich nicht nur auf die physischen Aspekte des Sexuallebens aus, sondern kann auch die allgemeine sexuelle Zufriedenheit verbessern. Eine gesteigerte Erektionsqualit\u00e4t, Libido und sexuelle Ausdauer k\u00f6nnen zu einer gr\u00f6\u00dferen Zufriedenheit sowohl beim Mann als auch bei seiner Partnerin oder seinem Partner f\u00fchren. Die Verbesserung dieser Aspekte des Sexuallebens kann sich auch auf andere Lebensbereiche auswirken, z. B. auf das Selbstwertgef\u00fchl und die Partnerbeziehungen.<\/p>\n\n\n\n<h2 class=\"wp-block-heading\" id=\"h-jak-stosowac-hugeeffect-dawkowanie-i-zalecenia\">Wie wird HugeEffect angewendet? &#8211; Dosierung und Empfehlungen<\/h2>\n\n\n\n<p>Es wird empfohlen, eine oder zwei HugeEffect-Kapseln t\u00e4glich einzunehmen, vorzugsweise zu einer Mahlzeit und mit viel Wasser. Es ist wichtig, die Empfehlungen des Herstellers auf der Produktverpackung zu befolgen. Bei regelm\u00e4\u00dfiger und konsequenter <b>Einnahme<\/b> des Nahrungserg\u00e4nzungsmittels werden die besten Ergebnisse erzielt.<\/p>\n\n\n\n<p>Wie sollte HugeEffect dosiert werden? Wie vom Hersteller empfohlen, nehmen Sie eine oder zwei Kapseln t\u00e4glich ein. Die Einnahme erfolgt am besten zu einer Mahlzeit, um eine optimale Aufnahme der Inhaltsstoffe des Supplements zu gew\u00e4hrleisten. Um das Schlucken der Kapseln zu erleichtern, empfiehlt es sich, viel Wasser zu trinken.<\/p>\n\n\n\n<blockquote class=\"wp-block-quote is-layout-flow wp-block-quote-is-layout-flow\">\n<p>Um die gew\u00fcnschten Ergebnisse zu erzielen, ist es wichtig, sich an die Empfehlungen des Herstellers zu halten. \u00dcberschreiten Sie nicht die empfohlene Dosierung des Nahrungserg\u00e4nzungsmittels, da dies zu unerw\u00fcnschten Nebeneffekten f\u00fchren kann. Es ist sehr wichtig, HugeEffect regelm\u00e4\u00dfig einzunehmen, um eine ausreichende Menge der Inhaltsstoffe im K\u00f6rper aufrechtzuerhalten.<\/p>\n<\/blockquote>\n\n\n\n<p>Die Anwendung von HugeEffect ist einfach und bequem. Alles, was Sie tun m\u00fcssen, ist, die empfohlene Dosis des Nahrungserg\u00e4nzungsmittels jeden Tag einzunehmen, wobei Sie darauf achten m\u00fcssen, dass Sie regelm\u00e4\u00dfig sind und die Empfehlungen des Herstellers befolgen. Dies wird Ihnen helfen, die besten Ergebnisse zu erzielen und ein verbessertes Sexualleben zu genie\u00dfen.<\/p>\n\n\n\n<figure class=\"wp-block-table\"><table><tbody><tr><th>Dosierung<\/th><th>Empfehlungen<\/th><\/tr><tr><td>Nehmen Sie<\/td><td>Eine oder zwei Kapseln t\u00e4glich<\/td><\/tr><tr><td>W\u00e4hrend einer Mahlzeit<\/td><td>Um eine optimale Aufnahme der Inhaltsstoffe zu gew\u00e4hrleisten<\/td><\/tr><tr><td>Mit reichlich Wasser<\/td><td>Um das Schlucken der Kapseln zu erleichtern<\/td><\/tr><tr><td>Regelm\u00e4\u00dfige Anwendung<\/td><td>Aufrechterhaltung des richtigen Niveaus der Inhaltsstoffe im K\u00f6rper<\/td><\/tr><\/tbody><\/table><\/figure>\n\n\n\n<h2 class=\"wp-block-heading\" id=\"h-hugeeffect-opinie-i-recenzje-co-mowia-uzytkownicy\">HugeEffect &#8211; Meinungen und Bewertungen &#8211; Was sagen die Anwender?<\/h2>\n\n\n\n<p>Die<b>Nutzerbewertungen<\/b> von HugeEffect sind im Allgemeinen positiv. Die <b>Anwender<\/b> betonen h\u00e4ufig die Verbesserung der Erektionsqualit\u00e4t, die <em>Steigerung der Libido<\/em> und die Zufriedenheit mit dem Produkt. Dennoch <em>kann die Wirkung<\/em> von Person zu Person <em>variieren<\/em>. Es ist immer ratsam, einen Arzt zu konsultieren, bevor man mit einer Erg\u00e4nzung beginnt.<\/p>\n\n\n\n<blockquote class=\"wp-block-quote is-layout-flow wp-block-quote-is-layout-flow\">\n<p>&#8220;HugeEffect ist eine revolution\u00e4re Erg\u00e4nzung, die mein Sexualleben deutlich verbessert hat. Meine Erektionen sind st\u00e4rker geworden und halten l\u00e4nger an, und meine Libido ist deutlich gestiegen. Ich bin sehr zufrieden mit den Ergebnissen, die ich mit diesem Produkt erzielt habe.&#8221; &#8211; Adam<\/p>\n<\/blockquote>\n\n\n\n<blockquote class=\"wp-block-quote is-layout-flow wp-block-quote-is-layout-flow\">\n<p>&#8220;Ich habe verschiedene Erg\u00e4nzungsmittel ausprobiert, aber dieses HugeEffect hat sich als das beste erwiesen. Meine Erektionsqualit\u00e4t hat sich deutlich verbessert und meine Partnerinnen haben den Unterschied bemerkt. Ich w\u00fcrde dieses Produkt jedem empfehlen, der nach Unterst\u00fctzung f\u00fcr sein Sexualleben sucht.&#8221; &#8211; Michael<\/p>\n<\/blockquote>\n\n\n\n<blockquote class=\"wp-block-quote is-layout-flow wp-block-quote-is-layout-flow\">\n<p>&#8220;Ich bin jetzt im mittleren Alter und habe einen gewissen R\u00fcckgang in meinem Sexualleben festgestellt. Gl\u00fccklicherweise entschied ich mich, HugeEffect auszuprobieren, und war von den Ergebnissen angenehm \u00fcberrascht. Meine Libido ist wieder auf einem hohen Niveau und meine Erektionen sind st\u00e4rker. Ich kann dieses Produkt nur empfehlen!&#8221; &#8211; Piotr<\/p>\n<\/blockquote>\n\n\n\n<p><b>R\u00fcckmeldungen<\/b> und <b>Nutzerbewertungen<\/b> best\u00e4tigen die Wirksamkeit von HugeEffect bei der Verbesserung des Sexuallebens. Da jedoch jeder K\u00f6rper anders ist, ist es ratsam, vor der Einnahme eines Nahrungserg\u00e4nzungsmittels einen Arzt zu konsultieren, um festzustellen, ob es f\u00fcr die eigene Gesundheit geeignet ist.<\/p>\n\n\n\n<figure class=\"wp-block-table\"><table><tbody><tr><th>Benutzer-Bewertung<\/th><th>Meinung<\/th><th>Autor<\/th><\/tr><tr><td>5\/5<\/td><td>&#8220;HugeEffect wirkt sensationell! Ein Versuch ist es wert!&#8221;<\/td><td>Jan<\/td><\/tr><tr><td>4\/5<\/td><td>&#8220;Die Wirkung von HugeEffect ist schon nach wenigen Wochen sichtbar.&#8221;<\/td><td>Anna<\/td><\/tr><tr><td>5\/5<\/td><td>&#8220;Eine verbesserte Erektionsqualit\u00e4t und eine gr\u00f6\u00dfere sexuelle Zufriedenheit sind die <b>Effekte<\/b>, die ich mit HugeEffect erreicht habe.&#8221;<\/td><td>Marcin<\/td><\/tr><\/tbody><\/table><\/figure>\n\n\n\n<h2 class=\"wp-block-heading\" id=\"h-hugeeffect-sklad-co-zawiera\">HugeEffect &#8211; Zusammensetzung &#8211; Was enth\u00e4lt es?<\/h2>\n\n\n\n<p>HugeEffect ist ein innovatives Nahrungserg\u00e4nzungsmittel f\u00fcr M\u00e4nner, das zur Verbesserung des Sexuallebens entwickelt wurde. Seine Wirksamkeit ist auf die Verwendung nat\u00fcrlicher Inhaltsstoffe zur\u00fcckzuf\u00fchren, die sich positiv auf die sexuelle Funktion auswirken.<\/p>\n\n\n\n<p>Die wichtigsten Inhaltsstoffe von HugeEffect sind:<\/p>\n\n\n\n<figure class=\"wp-block-table\"><table><tbody><tr><th>Inhaltsstoff<\/th><th>Wirkung<\/th><\/tr><tr><td>L-Arginin<\/td><td>Erh\u00f6ht den Blutfluss im Beckenbereich, was zu einer besseren Erektionsqualit\u00e4t beitr\u00e4gt.<\/td><\/tr><tr><td>Ginseng<\/td><td>Stimuliert die Blutzirkulation und verbessert die sexuelle Leistungsf\u00e4higkeit.<\/td><\/tr><tr><td>Tribulus Terrestris<\/td><td>Erh\u00f6ht den Testosteronspiegel im K\u00f6rper, was zu einer verbesserten Libido und sexuellen Ausdauer f\u00fchrt.<\/td><\/tr><\/tbody><\/table><\/figure>\n\n\n\n<p>Diese <b>nat\u00fcrlichen Inhaltsstoffe<\/b> sind f\u00fcr den K\u00f6rper gut vertr\u00e4glich und beschleunigen die Blutzirkulation im Beckenbereich. Dadurch verbessern sie die Qualit\u00e4t der Erektion und steigern die Libido und das sexuelle Durchhalteverm\u00f6gen.<\/p>\n\n\n\n<p>Die vollst\u00e4ndige Liste der Inhaltsstoffe ist in der Packungsbeilage zu finden.<\/p>\n\n\n\n<p>Die Inhaltsstoffe werden sorgf\u00e4ltig ausgew\u00e4hlt, um die Wirksamkeit und Sicherheit des Produkts zu gew\u00e4hrleisten.<\/p>\n\n\n\n<h2 class=\"wp-block-heading\" id=\"h-gdzie-kupic-i-jaka-jest-cena-hugeeffect\">Wo kann man HugeEffect kaufen und wie hoch ist der Preis von HugeEffect?<\/h2>\n\n\n\n<p>HugeEffect ist nicht in Apotheken erh\u00e4ltlich. Es wird empfohlen, es auf der offiziellen Website des Herstellers zu kaufen, um F\u00e4lschungen zu vermeiden und Ihre Sicherheit zu gew\u00e4hrleisten. <\/p>\n\n\n\n<p>Der<b>Preis des<\/b> Produkts kann je nach den aktuellen Werbeaktionen variieren.<\/p>\n\n\n\n<h2 class=\"wp-block-heading\" id=\"h-potencjalne-skutki-uboczne-i-przeciwwskazania-do-stosowania-hugeeffect\">M\u00f6gliche Nebenwirkungen und Kontraindikationen f\u00fcr die Verwendung von HugeEffect<\/h2>\n\n\n\n<p>Vor der Verwendung von HugeEffect ist es immer ratsam, sich \u00fcber m\u00f6gliche Nebenwirkungen und Kontraindikationen zu informieren. Obwohl HugeEffect in der Regel gut vertr\u00e4glich ist, besteht die M\u00f6glichkeit, dass einzelne Personen auf einen der Inhaltsstoffe allergisch reagieren. Personen mit schweren gesundheitlichen Problemen sollten ihren Arzt konsultieren, bevor sie mit der Nahrungserg\u00e4nzung beginnen.<\/p>\n\n\n\n<p>Das Nahrungserg\u00e4nzungsmittel HugeEffect kann bei einigen Personen verschiedene <b>Nebenwirkungen<\/b> hervorrufen. Zu den h\u00e4ufigsten Nebenwirkungen geh\u00f6ren \u00dcbelkeit, Bauchschmerzen, \u00fcberm\u00e4\u00dfiges Schwitzen, Schlafst\u00f6rungen und Nervosit\u00e4t. Beim Auftreten von unerw\u00fcnschten Symptomen ist es ratsam, die Einnahme sofort abzubrechen und einen Arzt aufzusuchen.<\/p>\n\n\n\n<p>Es ist auch wichtig, die Kontraindikationen f\u00fcr die Einnahme von HugeEffect zu ber\u00fccksichtigen. Dieses Nahrungserg\u00e4nzungsmittel sollte nicht von Personen mit echten chronischen Gesundheitsproblemen wie Herzerkrankungen, Lebererkrankungen, Nierenproblemen, Bluthochdruck und Personen mit einer Unvertr\u00e4glichkeit gegen\u00fcber einem der Inhaltsstoffe des Produkts verwendet werden. Konsultieren Sie immer Ihren Arzt, bevor Sie mit der Supplementierung beginnen, um zu beurteilen, ob HugeEffect f\u00fcr Sie geeignet ist.<\/p>\n","protected":false},"excerpt":{"rendered":"<p><strong>69.00 \u20ac<\/strong><\/p>\n<p><del>138.00 \u20ac<\/del><\/p>\n<p><strong>[date_countdown]<\/strong><\/p>\n","protected":false},"featured_media":3420,"comment_status":"open","ping_status":"closed","template":"","meta":{"neve_meta_sidebar":"","neve_meta_container":"","neve_meta_enable_content_width":"","neve_meta_content_width":0,"neve_meta_title_alignment":"","neve_meta_author_avatar":"","neve_post_elements_order":"","neve_meta_disable_header":"","neve_meta_disable_footer":"","neve_meta_disable_title":"","neve_meta_reading_time":""},"product_brand":[],"product_cat":[275],"product_tag":[],"class_list":{"0":"post-3422","1":"product","2":"type-product","3":"status-publish","4":"has-post-thumbnail","6":"product_cat-sexuelle-gesundheit","8":"first","9":"instock","10":"shipping-taxable","11":"product-type-external"},"yoast_head":"<!-- This site is optimized with the Yoast SEO plugin v27.4 - https:\/\/yoast.com\/product\/yoast-seo-wordpress\/ -->\n<title>HugeEffect - Clinica Althea<\/title>\n<meta name=\"robots\" content=\"index, follow, max-snippet:-1, max-image-preview:large, max-video-preview:-1\" \/>\n<link rel=\"canonical\" href=\"https:\/\/www.clinicaalthea.com\/farmacia\/de\/apt\/hugeeffect\/\" \/>\n<meta property=\"og:locale\" content=\"pl_PL\" \/>\n<meta property=\"og:type\" content=\"article\" \/>\n<meta property=\"og:title\" content=\"HugeEffect - Clinica Althea\" \/>\n<meta property=\"og:description\" content=\"69.00 \u20ac 138.00 \u20ac\" \/>\n<meta property=\"og:url\" content=\"https:\/\/www.clinicaalthea.com\/farmacia\/de\/apt\/hugeeffect\/\" \/>\n<meta property=\"og:site_name\" content=\"Clinica Althea\" \/>\n<meta property=\"article:modified_time\" content=\"2024-04-27T20:18:42+00:00\" \/>\n<meta property=\"og:image\" content=\"https:\/\/www.clinicaalthea.com\/farmacia\/wp-content\/uploads\/2024\/04\/HugeEffect.jpg\" \/>\n\t<meta property=\"og:image:width\" content=\"768\" \/>\n\t<meta property=\"og:image:height\" content=\"768\" \/>\n\t<meta property=\"og:image:type\" content=\"image\/jpeg\" \/>\n<meta name=\"twitter:card\" content=\"summary_large_image\" \/>\n<meta name=\"twitter:label1\" content=\"Szacowany czas czytania\" \/>\n\t<meta name=\"twitter:data1\" content=\"7 minut\" \/>\n<script type=\"application\/ld+json\" class=\"yoast-schema-graph\">{\"@context\":\"https:\\\/\\\/schema.org\",\"@graph\":[{\"@type\":\"WebPage\",\"@id\":\"https:\\\/\\\/www.clinicaalthea.com\\\/farmacia\\\/de\\\/apt\\\/hugeeffect\\\/\",\"url\":\"https:\\\/\\\/www.clinicaalthea.com\\\/farmacia\\\/de\\\/apt\\\/hugeeffect\\\/\",\"name\":\"HugeEffect - Clinica Althea\",\"isPartOf\":{\"@id\":\"https:\\\/\\\/www.clinicaalthea.com\\\/farmacia\\\/#website\"},\"primaryImageOfPage\":{\"@id\":\"https:\\\/\\\/www.clinicaalthea.com\\\/farmacia\\\/de\\\/apt\\\/hugeeffect\\\/#primaryimage\"},\"image\":{\"@id\":\"https:\\\/\\\/www.clinicaalthea.com\\\/farmacia\\\/de\\\/apt\\\/hugeeffect\\\/#primaryimage\"},\"thumbnailUrl\":\"https:\\\/\\\/www.clinicaalthea.com\\\/farmacia\\\/wp-content\\\/uploads\\\/2024\\\/04\\\/HugeEffect.jpg\",\"datePublished\":\"2024-04-27T20:04:50+00:00\",\"dateModified\":\"2024-04-27T20:18:42+00:00\",\"breadcrumb\":{\"@id\":\"https:\\\/\\\/www.clinicaalthea.com\\\/farmacia\\\/de\\\/apt\\\/hugeeffect\\\/#breadcrumb\"},\"inLanguage\":\"pl-PL\",\"potentialAction\":[{\"@type\":\"ReadAction\",\"target\":[\"https:\\\/\\\/www.clinicaalthea.com\\\/farmacia\\\/de\\\/apt\\\/hugeeffect\\\/\"]}]},{\"@type\":\"ImageObject\",\"inLanguage\":\"pl-PL\",\"@id\":\"https:\\\/\\\/www.clinicaalthea.com\\\/farmacia\\\/de\\\/apt\\\/hugeeffect\\\/#primaryimage\",\"url\":\"https:\\\/\\\/www.clinicaalthea.com\\\/farmacia\\\/wp-content\\\/uploads\\\/2024\\\/04\\\/HugeEffect.jpg\",\"contentUrl\":\"https:\\\/\\\/www.clinicaalthea.com\\\/farmacia\\\/wp-content\\\/uploads\\\/2024\\\/04\\\/HugeEffect.jpg\",\"width\":768,\"height\":768,\"caption\":\"HugeEffect\"},{\"@type\":\"BreadcrumbList\",\"@id\":\"https:\\\/\\\/www.clinicaalthea.com\\\/farmacia\\\/de\\\/apt\\\/hugeeffect\\\/#breadcrumb\",\"itemListElement\":[{\"@type\":\"ListItem\",\"position\":1,\"name\":\"Strona g\u0142\u00f3wna\",\"item\":\"https:\\\/\\\/www.clinicaalthea.com\\\/farmacia\\\/\"},{\"@type\":\"ListItem\",\"position\":2,\"name\":\"Produkty\",\"item\":\"https:\\\/\\\/www.clinicaalthea.com\\\/farmacia\\\/\"},{\"@type\":\"ListItem\",\"position\":3,\"name\":\"HugeEffect\"}]},{\"@type\":\"WebSite\",\"@id\":\"https:\\\/\\\/www.clinicaalthea.com\\\/farmacia\\\/#website\",\"url\":\"https:\\\/\\\/www.clinicaalthea.com\\\/farmacia\\\/\",\"name\":\"Clinica Althea\",\"description\":\"\",\"publisher\":{\"@id\":\"https:\\\/\\\/www.clinicaalthea.com\\\/farmacia\\\/#organization\"},\"potentialAction\":[{\"@type\":\"SearchAction\",\"target\":{\"@type\":\"EntryPoint\",\"urlTemplate\":\"https:\\\/\\\/www.clinicaalthea.com\\\/farmacia\\\/?s={search_term_string}\"},\"query-input\":{\"@type\":\"PropertyValueSpecification\",\"valueRequired\":true,\"valueName\":\"search_term_string\"}}],\"inLanguage\":\"pl-PL\"},{\"@type\":\"Organization\",\"@id\":\"https:\\\/\\\/www.clinicaalthea.com\\\/farmacia\\\/#organization\",\"name\":\"Clinica Althea\",\"url\":\"https:\\\/\\\/www.clinicaalthea.com\\\/farmacia\\\/\",\"logo\":{\"@type\":\"ImageObject\",\"inLanguage\":\"pl-PL\",\"@id\":\"https:\\\/\\\/www.clinicaalthea.com\\\/farmacia\\\/#\\\/schema\\\/logo\\\/image\\\/\",\"url\":\"https:\\\/\\\/www.clinicaalthea.com\\\/farmacia\\\/wp-content\\\/uploads\\\/2023\\\/12\\\/Jak-diagnozuje-sie-FAS_-objawy-kryteria-diagnostyczne-i-metody-diagnozowania-154162903.jpg\",\"contentUrl\":\"https:\\\/\\\/www.clinicaalthea.com\\\/farmacia\\\/wp-content\\\/uploads\\\/2023\\\/12\\\/Jak-diagnozuje-sie-FAS_-objawy-kryteria-diagnostyczne-i-metody-diagnozowania-154162903.jpg\",\"width\":1216,\"height\":832,\"caption\":\"Clinica Althea\"},\"image\":{\"@id\":\"https:\\\/\\\/www.clinicaalthea.com\\\/farmacia\\\/#\\\/schema\\\/logo\\\/image\\\/\"}}]}<\/script>\n<!-- \/ Yoast SEO plugin. -->","yoast_head_json":{"title":"HugeEffect - Clinica Althea","robots":{"index":"index","follow":"follow","max-snippet":"max-snippet:-1","max-image-preview":"max-image-preview:large","max-video-preview":"max-video-preview:-1"},"canonical":"https:\/\/www.clinicaalthea.com\/farmacia\/de\/apt\/hugeeffect\/","og_locale":"pl_PL","og_type":"article","og_title":"HugeEffect - Clinica Althea","og_description":"69.00 \u20ac 138.00 \u20ac","og_url":"https:\/\/www.clinicaalthea.com\/farmacia\/de\/apt\/hugeeffect\/","og_site_name":"Clinica Althea","article_modified_time":"2024-04-27T20:18:42+00:00","og_image":[{"width":768,"height":768,"url":"https:\/\/www.clinicaalthea.com\/farmacia\/wp-content\/uploads\/2024\/04\/HugeEffect.jpg","type":"image\/jpeg"}],"twitter_card":"summary_large_image","twitter_misc":{"Szacowany czas czytania":"7 minut"},"schema":{"@context":"https:\/\/schema.org","@graph":[{"@type":"WebPage","@id":"https:\/\/www.clinicaalthea.com\/farmacia\/de\/apt\/hugeeffect\/","url":"https:\/\/www.clinicaalthea.com\/farmacia\/de\/apt\/hugeeffect\/","name":"HugeEffect - Clinica Althea","isPartOf":{"@id":"https:\/\/www.clinicaalthea.com\/farmacia\/#website"},"primaryImageOfPage":{"@id":"https:\/\/www.clinicaalthea.com\/farmacia\/de\/apt\/hugeeffect\/#primaryimage"},"image":{"@id":"https:\/\/www.clinicaalthea.com\/farmacia\/de\/apt\/hugeeffect\/#primaryimage"},"thumbnailUrl":"https:\/\/www.clinicaalthea.com\/farmacia\/wp-content\/uploads\/2024\/04\/HugeEffect.jpg","datePublished":"2024-04-27T20:04:50+00:00","dateModified":"2024-04-27T20:18:42+00:00","breadcrumb":{"@id":"https:\/\/www.clinicaalthea.com\/farmacia\/de\/apt\/hugeeffect\/#breadcrumb"},"inLanguage":"pl-PL","potentialAction":[{"@type":"ReadAction","target":["https:\/\/www.clinicaalthea.com\/farmacia\/de\/apt\/hugeeffect\/"]}]},{"@type":"ImageObject","inLanguage":"pl-PL","@id":"https:\/\/www.clinicaalthea.com\/farmacia\/de\/apt\/hugeeffect\/#primaryimage","url":"https:\/\/www.clinicaalthea.com\/farmacia\/wp-content\/uploads\/2024\/04\/HugeEffect.jpg","contentUrl":"https:\/\/www.clinicaalthea.com\/farmacia\/wp-content\/uploads\/2024\/04\/HugeEffect.jpg","width":768,"height":768,"caption":"HugeEffect"},{"@type":"BreadcrumbList","@id":"https:\/\/www.clinicaalthea.com\/farmacia\/de\/apt\/hugeeffect\/#breadcrumb","itemListElement":[{"@type":"ListItem","position":1,"name":"Strona g\u0142\u00f3wna","item":"https:\/\/www.clinicaalthea.com\/farmacia\/"},{"@type":"ListItem","position":2,"name":"Produkty","item":"https:\/\/www.clinicaalthea.com\/farmacia\/"},{"@type":"ListItem","position":3,"name":"HugeEffect"}]},{"@type":"WebSite","@id":"https:\/\/www.clinicaalthea.com\/farmacia\/#website","url":"https:\/\/www.clinicaalthea.com\/farmacia\/","name":"Clinica Althea","description":"","publisher":{"@id":"https:\/\/www.clinicaalthea.com\/farmacia\/#organization"},"potentialAction":[{"@type":"SearchAction","target":{"@type":"EntryPoint","urlTemplate":"https:\/\/www.clinicaalthea.com\/farmacia\/?s={search_term_string}"},"query-input":{"@type":"PropertyValueSpecification","valueRequired":true,"valueName":"search_term_string"}}],"inLanguage":"pl-PL"},{"@type":"Organization","@id":"https:\/\/www.clinicaalthea.com\/farmacia\/#organization","name":"Clinica Althea","url":"https:\/\/www.clinicaalthea.com\/farmacia\/","logo":{"@type":"ImageObject","inLanguage":"pl-PL","@id":"https:\/\/www.clinicaalthea.com\/farmacia\/#\/schema\/logo\/image\/","url":"https:\/\/www.clinicaalthea.com\/farmacia\/wp-content\/uploads\/2023\/12\/Jak-diagnozuje-sie-FAS_-objawy-kryteria-diagnostyczne-i-metody-diagnozowania-154162903.jpg","contentUrl":"https:\/\/www.clinicaalthea.com\/farmacia\/wp-content\/uploads\/2023\/12\/Jak-diagnozuje-sie-FAS_-objawy-kryteria-diagnostyczne-i-metody-diagnozowania-154162903.jpg","width":1216,"height":832,"caption":"Clinica Althea"},"image":{"@id":"https:\/\/www.clinicaalthea.com\/farmacia\/#\/schema\/logo\/image\/"}}]}},"lang":"de","translations":{"de":3422,"cs":3421,"pl":3419,"es":3423,"fr":3424,"hu":3425,"it":3426,"pt":3427,"ro":3428,"sk":3429,"sl":3430,"sv":3431},"pll_sync_post":[],"_links":{"self":[{"href":"https:\/\/www.clinicaalthea.com\/farmacia\/wp-json\/wp\/v2\/product\/3422","targetHints":{"allow":["GET"]}}],"collection":[{"href":"https:\/\/www.clinicaalthea.com\/farmacia\/wp-json\/wp\/v2\/product"}],"about":[{"href":"https:\/\/www.clinicaalthea.com\/farmacia\/wp-json\/wp\/v2\/types\/product"}],"replies":[{"embeddable":true,"href":"https:\/\/www.clinicaalthea.com\/farmacia\/wp-json\/wp\/v2\/comments?post=3422"}],"wp:featuredmedia":[{"embeddable":true,"href":"https:\/\/www.clinicaalthea.com\/farmacia\/wp-json\/wp\/v2\/media\/3420"}],"wp:attachment":[{"href":"https:\/\/www.clinicaalthea.com\/farmacia\/wp-json\/wp\/v2\/media?parent=3422"}],"wp:term":[{"taxonomy":"product_brand","embeddable":true,"href":"https:\/\/www.clinicaalthea.com\/farmacia\/wp-json\/wp\/v2\/product_brand?post=3422"},{"taxonomy":"product_cat","embeddable":true,"href":"https:\/\/www.clinicaalthea.com\/farmacia\/wp-json\/wp\/v2\/product_cat?post=3422"},{"taxonomy":"product_tag","embeddable":true,"href":"https:\/\/www.clinicaalthea.com\/farmacia\/wp-json\/wp\/v2\/product_tag?post=3422"}],"curies":[{"name":"wp","href":"https:\/\/api.w.org\/{rel}","templated":true}]}}