{"id":3012,"date":"2024-04-26T09:02:41","date_gmt":"2024-04-26T08:02:41","guid":{"rendered":"https:\/\/mayoguide.org\/produkty\/?post_type=product&#038;p=3012"},"modified":"2024-04-26T09:02:44","modified_gmt":"2024-04-26T08:02:44","slug":"veniseptico","status":"publish","type":"product","link":"https:\/\/www.clinicaalthea.com\/farmacia\/sv\/apt\/veniseptico\/","title":{"rendered":"Veniseptico"},"content":{"rendered":"\n<p>Lider du av cirkulationsproblem som \u00e5derbr\u00e5ck, svullnad eller sm\u00e4rta i benen? Letar du efter ett naturligt s\u00e4tt att f\u00f6rb\u00e4ttra tillst\u00e5ndet i dina blodk\u00e4rl? I s\u00e5 fall kan <b>kosttillskottet<\/b> <b>Veniseptico<\/b> vara svaret p\u00e5 dina behov.<\/p>\n\n\n\n<p><b>Veniseptico<\/b> \u00e4r en produkt som \u00e4r s\u00e4rskilt framtagen f\u00f6r personer som k\u00e4mpar med ven\u00f6sa och vaskul\u00e4ra problem. Men kan det verkligen st\u00f6dja ven\u00f6s cirkulation och <b>blodk\u00e4rl<\/b>? \u00c4r det bara ett annat tillskott som lovar mirakel men inte levererar resultat? Ta reda p\u00e5 om <b>Veniseptico<\/b> \u00e4r vad du letar efter och om det \u00e4r v\u00e4rt att prova.<\/p>\n\n\n\n<h3 class=\"wp-block-heading\" id=\"h-kluczowe-informacje\">Nyckelinformation:<\/h3>\n\n\n\n<ul class=\"wp-block-list\">\n<li>Veniseptico \u00e4r ett <b>kosttillskott<\/b> som st\u00f6der det <b>ven\u00f6sa och vaskul\u00e4ra systemet<\/b><\/li>\n\n\n\n<li>Det kan hj\u00e4lpa till att f\u00f6rb\u00e4ttra blodcirkulationen, minska svullnad och minska sm\u00e4rta<\/li>\n\n\n\n<li>Venisepticos aktiva ingredienser har en omfattande effekt p\u00e5 cirkulationssystemet<\/li>\n\n\n\n<li>Det \u00e4r tillr\u00e5dligt att konsultera din l\u00e4kare innan du b\u00f6rjar anv\u00e4nda<\/li>\n\n\n\n<li>Till\u00e4gget \u00e4r endast tillg\u00e4ngligt p\u00e5 tillverkarens officiella webbplats<\/li>\n<\/ul>\n\n\n\n<h2 class=\"wp-block-heading\" id=\"h-veniseptico-czym-jest-i-jak-dziala\">Veniseptico &#8211; vad \u00e4r det och hur fungerar det?<\/h2>\n\n\n\n<p>Veniseptico \u00e4r ett <em>kosttillskott<\/em> som \u00e4r s\u00e4rskilt utvecklat f\u00f6r personer med <em>ven\u00f6sa och vaskul\u00e4ra<\/em> problem. Det inneh\u00e5ller naturliga ingredienser och aktiva substanser som st\u00f6der cirkulationssystemet. Det verkar genom att <em>f\u00f6rb\u00e4ttra blodk\u00e4rlens elasticitet<\/em>, <b>minska svullnad, minska<\/b> sm\u00e4rta och f\u00f6rhindra bildandet av \u00e5derbr\u00e5ck. Produkten kan ge lindring fr\u00e5n <em>bensm\u00e4rta<\/em>, tyngdk\u00e4nsla och andra besv\u00e4r relaterade till det <em>ven\u00f6sa k\u00e4rlsystemet<\/em>.<\/p>\n\n\n\n<h2 class=\"wp-block-heading\" id=\"h-korzysci-regularnego-stosowania-veniseptico\">F\u00f6rdelar med regelbunden anv\u00e4ndning av Veniseptico<\/h2>\n\n\n\n<p>Regelbunden anv\u00e4ndning av Veniseptico har m\u00e5nga <b>f\u00f6rdelar<\/b> f\u00f6r det ven\u00f6sa vaskul\u00e4ra systemet. Tillskottet hj\u00e4lper till att f\u00f6rb\u00e4ttra blodcirkulationen, minska svullnad, minska sm\u00e4rta och f\u00f6rhindra \u00e5derbr\u00e5ck. Det ger lindring fr\u00e5n bensm\u00e4rta, tyngdk\u00e4nsla och tr\u00f6tthet. Venisepticos aktiva ingredienser verkar helt\u00e4ckande f\u00f6r att st\u00f6dja cirkulationssystemets funktioner.<\/p>\n\n\n\n<figure class=\"wp-block-table\"><table><tbody><tr><th>F\u00f6rdelar med regelbunden anv\u00e4ndning av Veniseptico<\/th><\/tr><tr><td><b>F\u00f6rebyggande av \u00e5derbr\u00e5ck<\/b><\/td><\/tr><tr><td><b>Minskning av svullnad<\/b><\/td><\/tr><tr><td><b>F\u00f6rb\u00e4ttrad blodcirkulation<\/b> <\/td><\/tr><tr><td><b>Minskning av sm\u00e4rta<\/b><\/td><\/tr><\/tbody><\/table><\/figure>\n\n\n\n<h2 class=\"wp-block-heading\" id=\"h-sklad-veniseptico\">Sammans\u00e4ttning av Veniseptico<\/h2>\n\n\n\n<p><b>Sammans\u00e4ttningen<\/b> av Veniseptico \u00e4r baserad p\u00e5 naturliga ingredienser som st\u00f6der det <b>ven\u00f6sa-vaskul\u00e4ra systemet<\/b>. Till\u00e4gget inneh\u00e5ller bland annat <em>h\u00e4stkastanjextrakt<\/em>, som st\u00e4rker <b>blodk\u00e4rlen<\/b>, <em>druvextrakt<\/em>, som har en antiinflammatorisk effekt och hj\u00e4lper till att bibeh\u00e5lla k\u00e4rlens elasticitet. Dessutom finns det <em>ginsengextrakt<\/em>, som f\u00f6rb\u00e4ttrar blodcirkulationen, och <em>C-vitamin<\/em>, vilket \u00e4r viktigt f\u00f6r blodk\u00e4rlens h\u00e4lsa.<\/p>\n\n\n\n<figure class=\"wp-block-table\"><table><tbody><tr><th>Ingredienser<\/th><th>Till\u00e4mpning<\/th><\/tr><tr><td>Extrakt av h\u00e4stkastanj<\/td><td>St\u00e4rker blodk\u00e4rlen<\/td><\/tr><tr><td>Extrakt av druvk\u00e4rnor<\/td><td>Har en antiinflammatorisk effekt och bibeh\u00e5ller k\u00e4rlens elasticitet<\/td><\/tr><tr><td>Ginseng extrakt<\/td><td>F\u00f6rb\u00e4ttrar blodcirkulationen<\/td><\/tr><tr><td><b>Vitamin C<\/b><\/td><td>V\u00e4sentligt f\u00f6r friska blodk\u00e4rl<\/td><\/tr><\/tbody><\/table><\/figure>\n\n\n\n<h2 class=\"wp-block-heading\" id=\"h-skutki-uboczne-i-przeciwwskazania-stosowania-veniseptico\">Biverkningar och kontraindikationer vid anv\u00e4ndning av Veniseptico<\/h2>\n\n\n\n<p>Veniseptico \u00e4r en <em>naturligt formulerad<\/em> produkt, s\u00e5 <b>biverkningarna<\/b> \u00e4r minimala. Inga biverkningar i samband med detta tillskott har rapporterats. Det \u00e4r dock alltid tillr\u00e5dligt att konsultera en l\u00e4kare innan du b\u00f6rjar komplettera, s\u00e4rskilt f\u00f6r dem med befintliga medicinska tillst\u00e5nd eller allergier.<\/p>\n\n\n\n<h2 class=\"wp-block-heading\" id=\"h-prawidlowe-stosowanie-veniseptico\">Korrekt anv\u00e4ndning av Veniseptico<\/h2>\n\n\n\n<p>Korrekt anv\u00e4ndning av Veniseptico \u00e4r okomplicerad. Det rekommenderas vanligtvis att ta 1 kapsel per dag, helst p\u00e5 morgonen, med en drink vatten. Det \u00e4r viktigt att f\u00f6lja de doseringsrekommendationer som finns p\u00e5 produktf\u00f6rpackningen. Om du \u00e4r os\u00e4ker \u00e4r det alltid tillr\u00e5dligt att konsultera din l\u00e4kare.<\/p>\n\n\n\n<p>Veniseptico-tillskottet har utvecklats f\u00f6r enkel och bekv\u00e4m tillskott. Dess kapselform g\u00f6r det enkelt att ta, och den rekommenderade <b>dosen<\/b> s\u00e4kerst\u00e4ller optimala effekter f\u00f6r det ven\u00f6sa och vaskul\u00e4ra systemet. Kom dock ih\u00e5g att varje kropp \u00e4r annorlunda, s\u00e5 det \u00e4r alltid tillr\u00e5dligt att konsultera din l\u00e4kare innan du b\u00f6rjar komplettera f\u00f6r att justera <b>dosen<\/b> f\u00f6r att passa dina individuella behov.<\/p>\n\n\n\n<p>Det \u00e4r viktigt att komma ih\u00e5g att ett <b>kosttillskott<\/b> bara \u00e4r en del av st\u00f6det till <b>ven- och k\u00e4rlsystemet<\/b>, s\u00e5 det \u00e4r v\u00e4rt att ta hand om din \u00f6vergripande livsstil. Personer med \u00e5derbr\u00e5cksproblem eller andra cirkulationssjukdomar b\u00f6r undvika att sitta i en position under l\u00e5nga perioder, l\u00e5ngvarigt st\u00e5ende, varma bad, \u00f6verdriven solning och starkt kryddad mat. Dessutom \u00e4r det l\u00e4mpligt att r\u00f6ra p\u00e5 sig regelbundet, ut\u00f6va fysisk aktivitet, b\u00e4ra l\u00e4mpliga skor och kl\u00e4der samt anv\u00e4nda naturliga metoder f\u00f6r att fr\u00e4mja cirkulationen, t.ex. att kyla benet med kallt vatten eller anv\u00e4nda \u00f6rtkompresser.<\/p>\n\n\n\n<p>Genom att ta h\u00e4nsyn till doseringsrekommendationerna och <b>hur<\/b> Veniseptico anv\u00e4nds samt genom att leva ett h\u00e4lsosamt och aktivt liv kan du \u00f6ka dina chanser att f\u00f6rb\u00e4ttra ditt ven\u00f6sa och vaskul\u00e4ra system. Kom ih\u00e5g att kosttillskott inte ers\u00e4tter en h\u00e4lsosam och balanserad kost och en aktiv livsstil, men kan vara ett v\u00e4rdefullt komplement och st\u00f6dja kroppens naturliga funktioner.<\/p>\n\n\n\n<h2 class=\"wp-block-heading\" id=\"h-gdzie-kupic-veniseptico-i-jaka-jest-cena\">Var kan jag k\u00f6pa Veniseptico och vad \u00e4r priset?<\/h2>\n\n\n\n<p>Veniseptico \u00e4r ett kosttillskott som endast kan k\u00f6pas fr\u00e5n tillverkarens officiella webbplats. Detta \u00e4r det b\u00e4sta st\u00e4llet att f\u00e5 en originalprodukt av h\u00f6gsta kvalitet. Att k\u00f6pa fr\u00e5n tillverkarens officiella webbplats garanterar att du f\u00e5r \u00e4kta Veniseptico och att du kommer att ha f\u00f6rtroende f\u00f6r dess effektivitet.<\/p>\n\n\n\n<p>Priserna p\u00e5 Veniseptico-tillskottet kan variera, s\u00e5 det \u00e4r v\u00e4rt att bes\u00f6ka tillverkarens officiella webbplats regelbundet, d\u00e4r kampanjer och rabatter ofta erbjuds. P\u00e5 s\u00e5 s\u00e4tt kommer du att kunna spara pengar p\u00e5 ditt Veniseptico-ink\u00f6p och njuta av ett gynnsamt pris.<\/p>\n\n\n\n<p>Kolla in den officiella Veniseptico-tillverkarens webbplats f\u00f6r uppdaterade priser och kampanjer. Kom ih\u00e5g att genom att anv\u00e4nda den officiella webbplatsen f\u00f6rs\u00e4krar du dig ocks\u00e5 om produktens originalitet och tillg\u00e5ng till tillverkarens professionella support.<\/p>\n\n\n\n<h2 class=\"wp-block-heading\" id=\"h-opinie-uzytkownikow-o-veniseptico\">Anv\u00e4ndarrecensioner av Veniseptico<\/h2>\n\n\n\n<p><b>Anv\u00e4ndarrecensioner<\/b> av Veniseptico-tillskottet bekr\u00e4ftar dess effektivitet och positiva effekter. M\u00e4nniskor som har anv\u00e4nt det rapporterar f\u00f6rb\u00e4ttrad ven\u00f6s och vaskul\u00e4r cirkulation, <b>minskad svullnad<\/b>, minskad sm\u00e4rta och en k\u00e4nsla av tyngd i benen. Anv\u00e4ndarnas f\u00f6rv\u00e4ntningar uppfylls och resultaten \u00e4r i linje med tillverkarens l\u00f6ften.<\/p>\n\n\n\n<blockquote class=\"wp-block-quote is-layout-flow wp-block-quote-is-layout-flow\">\n<p><em>Jag har l\u00e4nge k\u00e4mpat med \u00e5derbr\u00e5ck och letade efter ett effektivt s\u00e4tt att f\u00f6rb\u00e4ttra tillst\u00e5ndet i mina blodk\u00e4rl. Efter m\u00e5nga f\u00f6rs\u00f6k hittade jag Veniseptico och det var en hit! Efter n\u00e5gra veckors anv\u00e4ndning har jag m\u00e4rkt att mina \u00e5derbr\u00e5ck \u00e4r mindre synliga, svullnaden har avtagit och sm\u00e4rtan har minskat avsev\u00e4rt. Jag \u00e4r mycket n\u00f6jd med resultatet och k\u00e4nner mig nu mer sj\u00e4lvs\u00e4ker och bekv\u00e4m i min hud. Jag rekommenderar starkt den h\u00e4r produkten till alla som letar efter ett naturligt s\u00e4tt att f\u00f6rb\u00e4ttra sitt cirkulationssystem!<\/em><\/p>\n<\/blockquote>\n\n\n\n<blockquote class=\"wp-block-quote is-layout-flow wp-block-quote-is-layout-flow\">\n<p><em>Jag \u00e4r f\u00f6rv\u00e5nad \u00f6ver hur stor skillnad jag har m\u00e4rkt efter att ha b\u00f6rjat anv\u00e4nda Veniseptico. Jag hade l\u00e4nge besv\u00e4rats av svullnad och en tyngdk\u00e4nsla i benen, s\u00e4rskilt n\u00e4r jag satt l\u00e5nga stunder p\u00e5 jobbet. Efter n\u00e5gra veckors regelbunden anv\u00e4ndning av detta tillskott har jag m\u00e4rkt en markant f\u00f6rb\u00e4ttring. Mina ben \u00e4r l\u00e4ttare, svullnaden har f\u00f6rsvunnit och till och med sm\u00e4rtan har minskat avsev\u00e4rt. Jag \u00e4r mycket n\u00f6jd med resultatet och skulle definitivt rekommendera Veniseptico till alla med liknande problem!<\/em><\/p>\n<\/blockquote>\n\n\n\n<p><b>Recensioner<\/b> p\u00e5 onlineforum bekr\u00e4ftar ocks\u00e5 att Veniseptico \u00e4r ett bra tillskott f\u00f6r personer med ven\u00f6sa och vaskul\u00e4ra problem. Anv\u00e4ndare betonar att tillskottet ger l\u00e4ttnad och en betydande f\u00f6rb\u00e4ttring av v\u00e4lbefinnandet. M\u00e5nga m\u00e4nniskor rekommenderar produkten till andra som k\u00e4mpar med liknande sjukdomar.<\/p>\n\n\n\n<p>Resultaten och <b>feedbacken<\/b> fr\u00e5n anv\u00e4ndarna vittnar om Venisepticos h\u00f6ga kvalitet och bekr\u00e4ftar effektiviteten hos dess naturliga ingredienser. Om du har problem med ditt ven\u00f6sa och vaskul\u00e4ra system \u00e4r det v\u00e4rt att \u00f6verv\u00e4ga detta tillskott och r\u00e5dfr\u00e5ga din l\u00e4kare innan du b\u00f6rjar tillskott.<\/p>\n","protected":false},"excerpt":{"rendered":"<p><strong>899.00 kr<\/strong><\/p>\n<p><del>1798.00 kr<\/del><\/p>\n<p><strong>[date_countdown]<\/strong><\/p>\n","protected":false},"featured_media":1316,"comment_status":"open","ping_status":"closed","template":"","meta":{"neve_meta_sidebar":"","neve_meta_container":"","neve_meta_enable_content_width":"","neve_meta_content_width":0,"neve_meta_title_alignment":"","neve_meta_author_avatar":"","neve_post_elements_order":"","neve_meta_disable_header":"","neve_meta_disable_footer":"","neve_meta_disable_title":"","neve_meta_reading_time":""},"product_brand":[],"product_cat":[193],"product_tag":[],"class_list":{"0":"post-3012","1":"product","2":"type-product","3":"status-publish","4":"has-post-thumbnail","6":"product_cat-halsa","8":"first","9":"instock","10":"shipping-taxable","11":"product-type-external"},"yoast_head":"<!-- This site is optimized with the Yoast SEO plugin v27.4 - https:\/\/yoast.com\/product\/yoast-seo-wordpress\/ -->\n<title>Veniseptico - Clinica Althea<\/title>\n<meta name=\"robots\" content=\"index, follow, max-snippet:-1, max-image-preview:large, max-video-preview:-1\" \/>\n<link rel=\"canonical\" href=\"https:\/\/www.clinicaalthea.com\/farmacia\/sv\/apt\/veniseptico\/\" \/>\n<meta property=\"og:locale\" content=\"pl_PL\" \/>\n<meta property=\"og:type\" content=\"article\" \/>\n<meta property=\"og:title\" content=\"Veniseptico - Clinica Althea\" \/>\n<meta property=\"og:description\" content=\"899.00 kr 1798.00 kr\" \/>\n<meta property=\"og:url\" content=\"https:\/\/www.clinicaalthea.com\/farmacia\/sv\/apt\/veniseptico\/\" \/>\n<meta property=\"og:site_name\" content=\"Clinica Althea\" \/>\n<meta property=\"article:modified_time\" content=\"2024-04-26T08:02:44+00:00\" \/>\n<meta property=\"og:image\" content=\"https:\/\/www.clinicaalthea.com\/farmacia\/wp-content\/uploads\/2024\/02\/Veniseptico.jpg\" \/>\n\t<meta property=\"og:image:width\" content=\"768\" \/>\n\t<meta property=\"og:image:height\" content=\"768\" \/>\n\t<meta property=\"og:image:type\" content=\"image\/jpeg\" \/>\n<meta name=\"twitter:card\" content=\"summary_large_image\" \/>\n<meta name=\"twitter:label1\" content=\"Szacowany czas czytania\" \/>\n\t<meta name=\"twitter:data1\" content=\"6 minut\" \/>\n<script type=\"application\/ld+json\" class=\"yoast-schema-graph\">{\"@context\":\"https:\\\/\\\/schema.org\",\"@graph\":[{\"@type\":\"WebPage\",\"@id\":\"https:\\\/\\\/www.clinicaalthea.com\\\/farmacia\\\/sv\\\/apt\\\/veniseptico\\\/\",\"url\":\"https:\\\/\\\/www.clinicaalthea.com\\\/farmacia\\\/sv\\\/apt\\\/veniseptico\\\/\",\"name\":\"Veniseptico - Clinica Althea\",\"isPartOf\":{\"@id\":\"https:\\\/\\\/www.clinicaalthea.com\\\/farmacia\\\/#website\"},\"primaryImageOfPage\":{\"@id\":\"https:\\\/\\\/www.clinicaalthea.com\\\/farmacia\\\/sv\\\/apt\\\/veniseptico\\\/#primaryimage\"},\"image\":{\"@id\":\"https:\\\/\\\/www.clinicaalthea.com\\\/farmacia\\\/sv\\\/apt\\\/veniseptico\\\/#primaryimage\"},\"thumbnailUrl\":\"https:\\\/\\\/www.clinicaalthea.com\\\/farmacia\\\/wp-content\\\/uploads\\\/2024\\\/02\\\/Veniseptico.jpg\",\"datePublished\":\"2024-04-26T08:02:41+00:00\",\"dateModified\":\"2024-04-26T08:02:44+00:00\",\"breadcrumb\":{\"@id\":\"https:\\\/\\\/www.clinicaalthea.com\\\/farmacia\\\/sv\\\/apt\\\/veniseptico\\\/#breadcrumb\"},\"inLanguage\":\"pl-PL\",\"potentialAction\":[{\"@type\":\"ReadAction\",\"target\":[\"https:\\\/\\\/www.clinicaalthea.com\\\/farmacia\\\/sv\\\/apt\\\/veniseptico\\\/\"]}]},{\"@type\":\"ImageObject\",\"inLanguage\":\"pl-PL\",\"@id\":\"https:\\\/\\\/www.clinicaalthea.com\\\/farmacia\\\/sv\\\/apt\\\/veniseptico\\\/#primaryimage\",\"url\":\"https:\\\/\\\/www.clinicaalthea.com\\\/farmacia\\\/wp-content\\\/uploads\\\/2024\\\/02\\\/Veniseptico.jpg\",\"contentUrl\":\"https:\\\/\\\/www.clinicaalthea.com\\\/farmacia\\\/wp-content\\\/uploads\\\/2024\\\/02\\\/Veniseptico.jpg\",\"width\":768,\"height\":768,\"caption\":\"Veniseptico\"},{\"@type\":\"BreadcrumbList\",\"@id\":\"https:\\\/\\\/www.clinicaalthea.com\\\/farmacia\\\/sv\\\/apt\\\/veniseptico\\\/#breadcrumb\",\"itemListElement\":[{\"@type\":\"ListItem\",\"position\":1,\"name\":\"Strona g\u0142\u00f3wna\",\"item\":\"https:\\\/\\\/www.clinicaalthea.com\\\/farmacia\\\/\"},{\"@type\":\"ListItem\",\"position\":2,\"name\":\"Produkty\",\"item\":\"https:\\\/\\\/www.clinicaalthea.com\\\/farmacia\\\/\"},{\"@type\":\"ListItem\",\"position\":3,\"name\":\"Veniseptico\"}]},{\"@type\":\"WebSite\",\"@id\":\"https:\\\/\\\/www.clinicaalthea.com\\\/farmacia\\\/#website\",\"url\":\"https:\\\/\\\/www.clinicaalthea.com\\\/farmacia\\\/\",\"name\":\"Clinica Althea\",\"description\":\"\",\"publisher\":{\"@id\":\"https:\\\/\\\/www.clinicaalthea.com\\\/farmacia\\\/#organization\"},\"potentialAction\":[{\"@type\":\"SearchAction\",\"target\":{\"@type\":\"EntryPoint\",\"urlTemplate\":\"https:\\\/\\\/www.clinicaalthea.com\\\/farmacia\\\/?s={search_term_string}\"},\"query-input\":{\"@type\":\"PropertyValueSpecification\",\"valueRequired\":true,\"valueName\":\"search_term_string\"}}],\"inLanguage\":\"pl-PL\"},{\"@type\":\"Organization\",\"@id\":\"https:\\\/\\\/www.clinicaalthea.com\\\/farmacia\\\/#organization\",\"name\":\"Clinica Althea\",\"url\":\"https:\\\/\\\/www.clinicaalthea.com\\\/farmacia\\\/\",\"logo\":{\"@type\":\"ImageObject\",\"inLanguage\":\"pl-PL\",\"@id\":\"https:\\\/\\\/www.clinicaalthea.com\\\/farmacia\\\/#\\\/schema\\\/logo\\\/image\\\/\",\"url\":\"https:\\\/\\\/www.clinicaalthea.com\\\/farmacia\\\/wp-content\\\/uploads\\\/2023\\\/12\\\/Jak-diagnozuje-sie-FAS_-objawy-kryteria-diagnostyczne-i-metody-diagnozowania-154162903.jpg\",\"contentUrl\":\"https:\\\/\\\/www.clinicaalthea.com\\\/farmacia\\\/wp-content\\\/uploads\\\/2023\\\/12\\\/Jak-diagnozuje-sie-FAS_-objawy-kryteria-diagnostyczne-i-metody-diagnozowania-154162903.jpg\",\"width\":1216,\"height\":832,\"caption\":\"Clinica Althea\"},\"image\":{\"@id\":\"https:\\\/\\\/www.clinicaalthea.com\\\/farmacia\\\/#\\\/schema\\\/logo\\\/image\\\/\"}}]}<\/script>\n<!-- \/ Yoast SEO plugin. -->","yoast_head_json":{"title":"Veniseptico - Clinica Althea","robots":{"index":"index","follow":"follow","max-snippet":"max-snippet:-1","max-image-preview":"max-image-preview:large","max-video-preview":"max-video-preview:-1"},"canonical":"https:\/\/www.clinicaalthea.com\/farmacia\/sv\/apt\/veniseptico\/","og_locale":"pl_PL","og_type":"article","og_title":"Veniseptico - Clinica Althea","og_description":"899.00 kr 1798.00 kr","og_url":"https:\/\/www.clinicaalthea.com\/farmacia\/sv\/apt\/veniseptico\/","og_site_name":"Clinica Althea","article_modified_time":"2024-04-26T08:02:44+00:00","og_image":[{"width":768,"height":768,"url":"https:\/\/www.clinicaalthea.com\/farmacia\/wp-content\/uploads\/2024\/02\/Veniseptico.jpg","type":"image\/jpeg"}],"twitter_card":"summary_large_image","twitter_misc":{"Szacowany czas czytania":"6 minut"},"schema":{"@context":"https:\/\/schema.org","@graph":[{"@type":"WebPage","@id":"https:\/\/www.clinicaalthea.com\/farmacia\/sv\/apt\/veniseptico\/","url":"https:\/\/www.clinicaalthea.com\/farmacia\/sv\/apt\/veniseptico\/","name":"Veniseptico - Clinica Althea","isPartOf":{"@id":"https:\/\/www.clinicaalthea.com\/farmacia\/#website"},"primaryImageOfPage":{"@id":"https:\/\/www.clinicaalthea.com\/farmacia\/sv\/apt\/veniseptico\/#primaryimage"},"image":{"@id":"https:\/\/www.clinicaalthea.com\/farmacia\/sv\/apt\/veniseptico\/#primaryimage"},"thumbnailUrl":"https:\/\/www.clinicaalthea.com\/farmacia\/wp-content\/uploads\/2024\/02\/Veniseptico.jpg","datePublished":"2024-04-26T08:02:41+00:00","dateModified":"2024-04-26T08:02:44+00:00","breadcrumb":{"@id":"https:\/\/www.clinicaalthea.com\/farmacia\/sv\/apt\/veniseptico\/#breadcrumb"},"inLanguage":"pl-PL","potentialAction":[{"@type":"ReadAction","target":["https:\/\/www.clinicaalthea.com\/farmacia\/sv\/apt\/veniseptico\/"]}]},{"@type":"ImageObject","inLanguage":"pl-PL","@id":"https:\/\/www.clinicaalthea.com\/farmacia\/sv\/apt\/veniseptico\/#primaryimage","url":"https:\/\/www.clinicaalthea.com\/farmacia\/wp-content\/uploads\/2024\/02\/Veniseptico.jpg","contentUrl":"https:\/\/www.clinicaalthea.com\/farmacia\/wp-content\/uploads\/2024\/02\/Veniseptico.jpg","width":768,"height":768,"caption":"Veniseptico"},{"@type":"BreadcrumbList","@id":"https:\/\/www.clinicaalthea.com\/farmacia\/sv\/apt\/veniseptico\/#breadcrumb","itemListElement":[{"@type":"ListItem","position":1,"name":"Strona g\u0142\u00f3wna","item":"https:\/\/www.clinicaalthea.com\/farmacia\/"},{"@type":"ListItem","position":2,"name":"Produkty","item":"https:\/\/www.clinicaalthea.com\/farmacia\/"},{"@type":"ListItem","position":3,"name":"Veniseptico"}]},{"@type":"WebSite","@id":"https:\/\/www.clinicaalthea.com\/farmacia\/#website","url":"https:\/\/www.clinicaalthea.com\/farmacia\/","name":"Clinica Althea","description":"","publisher":{"@id":"https:\/\/www.clinicaalthea.com\/farmacia\/#organization"},"potentialAction":[{"@type":"SearchAction","target":{"@type":"EntryPoint","urlTemplate":"https:\/\/www.clinicaalthea.com\/farmacia\/?s={search_term_string}"},"query-input":{"@type":"PropertyValueSpecification","valueRequired":true,"valueName":"search_term_string"}}],"inLanguage":"pl-PL"},{"@type":"Organization","@id":"https:\/\/www.clinicaalthea.com\/farmacia\/#organization","name":"Clinica Althea","url":"https:\/\/www.clinicaalthea.com\/farmacia\/","logo":{"@type":"ImageObject","inLanguage":"pl-PL","@id":"https:\/\/www.clinicaalthea.com\/farmacia\/#\/schema\/logo\/image\/","url":"https:\/\/www.clinicaalthea.com\/farmacia\/wp-content\/uploads\/2023\/12\/Jak-diagnozuje-sie-FAS_-objawy-kryteria-diagnostyczne-i-metody-diagnozowania-154162903.jpg","contentUrl":"https:\/\/www.clinicaalthea.com\/farmacia\/wp-content\/uploads\/2023\/12\/Jak-diagnozuje-sie-FAS_-objawy-kryteria-diagnostyczne-i-metody-diagnozowania-154162903.jpg","width":1216,"height":832,"caption":"Clinica Althea"},"image":{"@id":"https:\/\/www.clinicaalthea.com\/farmacia\/#\/schema\/logo\/image\/"}}]}},"lang":"sv","translations":{"sv":3012,"es":3010,"pl":1315,"fr":3011},"pll_sync_post":[],"_links":{"self":[{"href":"https:\/\/www.clinicaalthea.com\/farmacia\/wp-json\/wp\/v2\/product\/3012","targetHints":{"allow":["GET"]}}],"collection":[{"href":"https:\/\/www.clinicaalthea.com\/farmacia\/wp-json\/wp\/v2\/product"}],"about":[{"href":"https:\/\/www.clinicaalthea.com\/farmacia\/wp-json\/wp\/v2\/types\/product"}],"replies":[{"embeddable":true,"href":"https:\/\/www.clinicaalthea.com\/farmacia\/wp-json\/wp\/v2\/comments?post=3012"}],"wp:featuredmedia":[{"embeddable":true,"href":"https:\/\/www.clinicaalthea.com\/farmacia\/wp-json\/wp\/v2\/media\/1316"}],"wp:attachment":[{"href":"https:\/\/www.clinicaalthea.com\/farmacia\/wp-json\/wp\/v2\/media?parent=3012"}],"wp:term":[{"taxonomy":"product_brand","embeddable":true,"href":"https:\/\/www.clinicaalthea.com\/farmacia\/wp-json\/wp\/v2\/product_brand?post=3012"},{"taxonomy":"product_cat","embeddable":true,"href":"https:\/\/www.clinicaalthea.com\/farmacia\/wp-json\/wp\/v2\/product_cat?post=3012"},{"taxonomy":"product_tag","embeddable":true,"href":"https:\/\/www.clinicaalthea.com\/farmacia\/wp-json\/wp\/v2\/product_tag?post=3012"}],"curies":[{"name":"wp","href":"https:\/\/api.w.org\/{rel}","templated":true}]}}