{"id":3011,"date":"2024-04-26T09:01:35","date_gmt":"2024-04-26T08:01:35","guid":{"rendered":"https:\/\/mayoguide.org\/produkty\/?post_type=product&#038;p=3011"},"modified":"2024-04-26T09:02:44","modified_gmt":"2024-04-26T08:02:44","slug":"veniseptico","status":"publish","type":"product","link":"https:\/\/www.clinicaalthea.com\/farmacia\/fr\/apt\/veniseptico\/","title":{"rendered":"Veniseptico"},"content":{"rendered":"\n<p>Souffrez-vous de probl\u00e8mes circulatoires tels que des varices, des gonflements ou des douleurs dans les jambes ? Vous cherchez un moyen naturel d&#8217;am\u00e9liorer l&#8217;\u00e9tat de vos vaisseaux sanguins ? Si c&#8217;est le cas, le <b>compl\u00e9ment alimentaire<\/b> <b>Veniseptico<\/b> peut r\u00e9pondre \u00e0 vos besoins.<\/p>\n\n\n\n<p><b>Veniseptico<\/b> est un produit sp\u00e9cifiquement formul\u00e9 pour les personnes souffrant de probl\u00e8mes veineux et vasculaires. Mais peut-il r\u00e9ellement favoriser la circulation veineuse et les <b>vaisseaux sanguins<\/b>? S&#8217;agit-il d&#8217;un autre suppl\u00e9ment qui promet des miracles, mais qui ne donne pas de r\u00e9sultats ? D\u00e9couvrez si <b>Veniseptico<\/b> est ce que vous recherchez et s&#8217;il vaut la peine d&#8217;\u00eatre essay\u00e9.<\/p>\n\n\n\n<h3 class=\"wp-block-heading\" id=\"h-kluczowe-informacje\">Informations cl\u00e9s :<\/h3>\n\n\n\n<ul class=\"wp-block-list\">\n<li>Veniseptico est un <b>compl\u00e9ment alimentaire<\/b> qui soutient le <b>syst\u00e8me veineux et vasculaire<\/b><\/li>\n\n\n\n<li>Il peut contribuer \u00e0 am\u00e9liorer la circulation sanguine, \u00e0 r\u00e9duire les gonflements et \u00e0 att\u00e9nuer la douleur<\/li>\n\n\n\n<li>Les principes actifs de Veniseptico ont une action globale sur le syst\u00e8me circulatoire<\/li>\n\n\n\n<li>Il est conseill\u00e9 de consulter votre m\u00e9decin avant de commencer \u00e0 l&#8217;utiliser<\/li>\n\n\n\n<li>Le compl\u00e9ment n&#8217;est disponible que sur le site officiel du fabricant<\/li>\n<\/ul>\n\n\n\n<h2 class=\"wp-block-heading\" id=\"h-veniseptico-czym-jest-i-jak-dziala\">Veniseptico &#8211; qu&#8217;est-ce que c&#8217;est et comment \u00e7a marche ?<\/h2>\n\n\n\n<p>Veniseptico est un <em>compl\u00e9ment alimentaire<\/em> sp\u00e9cifiquement d\u00e9velopp\u00e9 pour les personnes souffrant de probl\u00e8mes <em>veineux et vasculaires<\/em>. Il contient des ingr\u00e9dients naturels et des substances actives qui soutiennent le syst\u00e8me circulatoire. Il agit en <em>am\u00e9liorant l&#8217;\u00e9lasticit\u00e9 des vaisseaux sanguins<\/em>, en <b>r\u00e9duisant les gonflements<\/b>, en diminuant la douleur et en pr\u00e9venant la formation de varices. Le produit peut soulager les <em>douleurs dans les jambes<\/em>, les sensations de lourdeur et d&#8217;autres affections li\u00e9es au <em>syst\u00e8me veineux-vasculaire<\/em>.<\/p>\n\n\n\n<h2 class=\"wp-block-heading\" id=\"h-korzysci-regularnego-stosowania-veniseptico\">Avantages d&#8217;une utilisation r\u00e9guli\u00e8re de Veniseptico<\/h2>\n\n\n\n<p>L&#8217;utilisation r\u00e9guli\u00e8re de Veniseptico pr\u00e9sente de nombreux <b>avantages<\/b> pour le syst\u00e8me veineux-vasculaire. Le compl\u00e9ment aide \u00e0 am\u00e9liorer la circulation sanguine, \u00e0 r\u00e9duire les gonflements, \u00e0 diminuer la douleur et \u00e0 pr\u00e9venir les varices. Il soulage les douleurs dans les jambes, les sensations de lourdeur et de fatigue. Les principes actifs de Veniseptico agissent de mani\u00e8re globale pour soutenir les fonctions du syst\u00e8me circulatoire.<\/p>\n\n\n\n<figure class=\"wp-block-table\"><table><tbody><tr><th>Les b\u00e9n\u00e9fices d&#8217;une utilisation r\u00e9guli\u00e8re de Veniseptico<\/th><\/tr><tr><td><b>Pr\u00e9vention des varices<\/b><\/td><\/tr><tr><td><b>R\u00e9duction des gonflements<\/b><\/td><\/tr><tr><td><b>Am\u00e9lioration de la circulation<\/b> sanguine<\/td><\/tr><tr><td><b>Diminution de la douleur<\/b><\/td><\/tr><\/tbody><\/table><\/figure>\n\n\n\n<h2 class=\"wp-block-heading\" id=\"h-sklad-veniseptico\">Composition de Veniseptico<\/h2>\n\n\n\n<p>La<b>composition<\/b> de Veniseptico est bas\u00e9e sur des ingr\u00e9dients naturels qui soutiennent le <b>syst\u00e8me veineux-vasculaire<\/b>. Le compl\u00e9ment contient notamment de l&#8217;<em>extrait de marron d&#8217;Inde<\/em>, qui renforce les <b>vaisseaux sanguins<\/b>, de l&#8217;<em>extrait de raisin<\/em>, qui a un effet anti-inflammatoire et aide \u00e0 maintenir l&#8217;\u00e9lasticit\u00e9 des vaisseaux. Il contient \u00e9galement de l&#8217;<em>extrait de ginseng<\/em>, qui am\u00e9liore la circulation sanguine, et de la <em>vitamine C<\/em>, essentielle \u00e0 la sant\u00e9 des vaisseaux sanguins.<\/p>\n\n\n\n<figure class=\"wp-block-table\"><table><tbody><tr><th>Ingr\u00e9dients<\/th><th>Application<\/th><\/tr><tr><td>Extrait de marron d&#8217;Inde<\/td><td>Renforce les vaisseaux sanguins<\/td><\/tr><tr><td>Extrait de p\u00e9pins de raisin<\/td><td>A un effet anti-inflammatoire et maintient l&#8217;\u00e9lasticit\u00e9 des vaisseaux<\/td><\/tr><tr><td>Extrait de ginseng<\/td><td>Am\u00e9liore la circulation sanguine<\/td><\/tr><tr><td><b>Vitamine C<\/b><\/td><td>Essentielle pour la sant\u00e9 des vaisseaux sanguins<\/td><\/tr><\/tbody><\/table><\/figure>\n\n\n\n<h2 class=\"wp-block-heading\" id=\"h-skutki-uboczne-i-przeciwwskazania-stosowania-veniseptico\">Effets secondaires et contre-indications de l&#8217;utilisation de Veniseptico<\/h2>\n\n\n\n<p>Veniseptico est un produit <em>formul\u00e9 de mani\u00e8re naturelle<\/em>, les <b>effets secondaires<\/b> sont donc minimes. Aucun effet secondaire li\u00e9 \u00e0 ce suppl\u00e9ment n&#8217;a \u00e9t\u00e9 signal\u00e9. Toutefois, il est toujours conseill\u00e9 de consulter un m\u00e9decin avant de commencer une suppl\u00e9mentation, en particulier pour les personnes souffrant de probl\u00e8mes de sant\u00e9 ou d&#8217;allergies.<\/p>\n\n\n\n<h2 class=\"wp-block-heading\" id=\"h-prawidlowe-stosowanie-veniseptico\">Utilisation correcte de Veniseptico<\/h2>\n\n\n\n<p>L&#8217;utilisation correcte de Veniseptico est simple. Il est g\u00e9n\u00e9ralement recommand\u00e9 de prendre 1 g\u00e9lule par jour, de pr\u00e9f\u00e9rence le matin, avec un verre d&#8217;eau. Il est important de respecter les recommandations de dosage figurant sur l&#8217;emballage du produit. En cas de doute, il est toujours conseill\u00e9 de consulter son m\u00e9decin.<\/p>\n\n\n\n<p>Le compl\u00e9ment Veniseptico a \u00e9t\u00e9 d\u00e9velopp\u00e9 pour une suppl\u00e9mentation simple et pratique. Sa forme en g\u00e9lules le rend facile \u00e0 prendre et le <b>dosage<\/b> recommand\u00e9 garantit des effets optimaux sur le syst\u00e8me veineux et vasculaire. N&#8217;oubliez cependant pas que chaque organisme est diff\u00e9rent et qu&#8217;il est donc toujours conseill\u00e9 de consulter votre m\u00e9decin avant de commencer la suppl\u00e9mentation afin d&#8217;adapter le <b>dosage<\/b> \u00e0 vos besoins individuels.<\/p>\n\n\n\n<p>Il est important de se rappeler qu&#8217;un <b>compl\u00e9ment alimentaire<\/b> n&#8217;est qu&#8217;un \u00e9l\u00e9ment du soutien du <b>syst\u00e8me veineux et vas<\/b>culaire, et qu&#8217;il vaut donc la peine de prendre soin de son mode de vie en g\u00e9n\u00e9ral. Les personnes souffrant de probl\u00e8mes de varices ou d&#8217;autres troubles circulatoires doivent \u00e9viter de rester longtemps assises dans la m\u00eame position, de rester debout de mani\u00e8re prolong\u00e9e, de prendre des bains chauds, de prendre des bains de soleil excessifs et de manger des aliments fortement \u00e9pic\u00e9s. En outre, il est conseill\u00e9 de bouger r\u00e9guli\u00e8rement, de pratiquer une activit\u00e9 physique, de porter des chaussures et des v\u00eatements appropri\u00e9s et de recourir \u00e0 des m\u00e9thodes naturelles pour favoriser la circulation, telles que le refroidissement de la jambe \u00e0 l&#8217;eau froide ou l&#8217;utilisation de compresses \u00e0 base de plantes.<\/p>\n\n\n\n<p>En tenant compte des recommandations posologiques et du <b>mode d&#8217;<\/b> utilisation de Veniseptico, et en menant une vie saine et active, vous augmentez vos chances d&#8217;am\u00e9liorer votre syst\u00e8me veineux-vasculaire. N&#8217;oubliez pas que les compl\u00e9ments alimentaires ne remplacent pas une alimentation saine et \u00e9quilibr\u00e9e et un mode de vie actif, mais qu&#8217;ils peuvent constituer un compl\u00e9ment pr\u00e9cieux et soutenir les fonctions naturelles de l&#8217;organisme.<\/p>\n\n\n\n<h2 class=\"wp-block-heading\" id=\"h-gdzie-kupic-veniseptico-i-jaka-jest-cena\">O\u00f9 acheter Veniseptico et \u00e0 quel prix ?<\/h2>\n\n\n\n<p>Veniseptico est un compl\u00e9ment alimentaire qui ne peut \u00eatre achet\u00e9 que sur le site officiel du fabricant. C&#8217;est le meilleur endroit pour obtenir un produit original de la plus haute qualit\u00e9. L&#8217;achat sur le site officiel du fabricant garantit que vous recevrez un Veniseptico authentique et que vous aurez confiance en son efficacit\u00e9.<\/p>\n\n\n\n<p>Les prix du compl\u00e9ment Veniseptico peuvent varier, c&#8217;est pourquoi il est utile de visiter r\u00e9guli\u00e8rement le site officiel du fabricant, o\u00f9 des promotions et des r\u00e9ductions sont souvent propos\u00e9es. Vous pourrez ainsi \u00e9conomiser de l&#8217;argent sur votre achat de Veniseptico et b\u00e9n\u00e9ficier d&#8217;un prix avantageux.<\/p>\n\n\n\n<p>Consultez le site officiel du fabricant de Veniseptico pour conna\u00eetre les prix et les promotions les plus r\u00e9cents. N&#8217;oubliez pas qu&#8217;en utilisant le site officiel, vous \u00eates \u00e9galement assur\u00e9 de l&#8217;originalit\u00e9 du produit et de l&#8217;acc\u00e8s \u00e0 l&#8217;assistance professionnelle du fabricant.<\/p>\n\n\n\n<h2 class=\"wp-block-heading\" id=\"h-opinie-uzytkownikow-o-veniseptico\">Avis des utilisateurs de Veniseptico<\/h2>\n\n\n\n<p>Les<b>avis<\/b> des utilisateurs du compl\u00e9ment Veniseptico confirment son efficacit\u00e9 et ses effets positifs. Les personnes qui l&#8217;ont utilis\u00e9 font \u00e9tat d&#8217;une am\u00e9lioration de la circulation veineuse et vasculaire, d&#8217;une <b>r\u00e9duction des gonflements<\/b>, d&#8217;une <b>diminution des<\/b> douleurs et de la sensation de lourdeur dans les jambes. Les attentes des utilisateurs sont satisfaites et les r\u00e9sultats sont conformes aux promesses du fabricant.<\/p>\n\n\n\n<blockquote class=\"wp-block-quote is-layout-flow wp-block-quote-is-layout-flow\">\n<p><em>Je suis aux prises avec des varices depuis longtemps et je cherchais un moyen efficace d&#8217;am\u00e9liorer l&#8217;\u00e9tat de mes vaisseaux sanguins. Apr\u00e8s de nombreuses tentatives, j&#8217;ai trouv\u00e9 Veniseptico et ce fut un succ\u00e8s ! Apr\u00e8s quelques semaines d&#8217;utilisation, j&#8217;ai remarqu\u00e9 que mes varices \u00e9taient moins visibles, que l&#8217;enflure avait diminu\u00e9 et que la douleur avait diminu\u00e9 de fa\u00e7on significative. Je suis tr\u00e8s satisfaite des r\u00e9sultats et je me sens maintenant plus confiante et plus \u00e0 l&#8217;aise dans ma peau. Je recommande vivement ce produit \u00e0 tous ceux qui recherchent un moyen naturel d&#8217;am\u00e9liorer leur syst\u00e8me circulatoire !<\/em><\/p>\n<\/blockquote>\n\n\n\n<blockquote class=\"wp-block-quote is-layout-flow wp-block-quote-is-layout-flow\">\n<p><em>Je suis surprise de la diff\u00e9rence que j&#8217;ai remarqu\u00e9e apr\u00e8s avoir commenc\u00e9 \u00e0 utiliser Veniseptico. Depuis longtemps, je souffrais de gonflements et d&#8217;une sensation de lourdeur dans les jambes, surtout lorsque j&#8217;\u00e9tais assise pendant de longues p\u00e9riodes au travail. Apr\u00e8s quelques semaines d&#8217;utilisation r\u00e9guli\u00e8re de ce compl\u00e9ment, j&#8217;ai constat\u00e9 une nette am\u00e9lioration. Mes jambes sont plus l\u00e9g\u00e8res, le gonflement a disparu et m\u00eame la douleur a \u00e9t\u00e9 consid\u00e9rablement r\u00e9duite. Je suis ravie des r\u00e9sultats et je recommanderais sans h\u00e9siter Veniseptico \u00e0 toute personne souffrant de probl\u00e8mes similaires !<\/em><\/p>\n<\/blockquote>\n\n\n\n<p>Les<b>commentaires<\/b> sur les forums en ligne confirment \u00e9galement que Veniseptico est un compl\u00e9ment utile pour les personnes souffrant de probl\u00e8mes veineux et vasculaires. Les utilisateurs soulignent que le compl\u00e9ment apporte un soulagement et une am\u00e9lioration significative du bien-\u00eatre. De nombreuses personnes recommandent le produit \u00e0 d&#8217;autres personnes souffrant de probl\u00e8mes similaires.<\/p>\n\n\n\n<p>Les r\u00e9sultats et les <b>commentaires des<\/b> utilisateurs t\u00e9moignent de la haute qualit\u00e9 de Veniseptico et confirment l&#8217;efficacit\u00e9 de ses ingr\u00e9dients naturels. Si vous avez des probl\u00e8mes avec votre syst\u00e8me veineux et vasculaire, il vaut la peine d&#8217;envisager ce suppl\u00e9ment et de consulter votre m\u00e9decin avant de commencer la suppl\u00e9mentation.<\/p>\n","protected":false},"excerpt":{"rendered":"<p><strong>79.00 \u20ac<\/strong><\/p>\n<p><del>158.00 \u20ac<\/del><\/p>\n<p><strong>[date_countdown]<\/strong><\/p>\n","protected":false},"featured_media":1316,"comment_status":"open","ping_status":"closed","template":"","meta":{"neve_meta_sidebar":"","neve_meta_container":"","neve_meta_enable_content_width":"","neve_meta_content_width":0,"neve_meta_title_alignment":"","neve_meta_author_avatar":"","neve_post_elements_order":"","neve_meta_disable_header":"","neve_meta_disable_footer":"","neve_meta_disable_title":"","neve_meta_reading_time":""},"product_brand":[],"product_cat":[89],"product_tag":[],"class_list":{"0":"post-3011","1":"product","2":"type-product","3":"status-publish","4":"has-post-thumbnail","6":"product_cat-sante","8":"first","9":"instock","10":"shipping-taxable","11":"product-type-external"},"yoast_head":"<!-- This site is optimized with the Yoast SEO plugin v27.4 - https:\/\/yoast.com\/product\/yoast-seo-wordpress\/ -->\n<title>Veniseptico - Clinica Althea<\/title>\n<meta name=\"robots\" content=\"index, follow, max-snippet:-1, max-image-preview:large, max-video-preview:-1\" \/>\n<link rel=\"canonical\" href=\"https:\/\/www.clinicaalthea.com\/farmacia\/fr\/apt\/veniseptico\/\" \/>\n<meta property=\"og:locale\" content=\"pl_PL\" \/>\n<meta property=\"og:type\" content=\"article\" \/>\n<meta property=\"og:title\" content=\"Veniseptico - Clinica Althea\" \/>\n<meta property=\"og:description\" content=\"79.00 \u20ac 158.00 \u20ac\" \/>\n<meta property=\"og:url\" content=\"https:\/\/www.clinicaalthea.com\/farmacia\/fr\/apt\/veniseptico\/\" \/>\n<meta property=\"og:site_name\" content=\"Clinica Althea\" \/>\n<meta property=\"article:modified_time\" content=\"2024-04-26T08:02:44+00:00\" \/>\n<meta property=\"og:image\" content=\"https:\/\/www.clinicaalthea.com\/farmacia\/wp-content\/uploads\/2024\/02\/Veniseptico.jpg\" \/>\n\t<meta property=\"og:image:width\" content=\"768\" \/>\n\t<meta property=\"og:image:height\" content=\"768\" \/>\n\t<meta property=\"og:image:type\" content=\"image\/jpeg\" \/>\n<meta name=\"twitter:card\" content=\"summary_large_image\" \/>\n<meta name=\"twitter:label1\" content=\"Szacowany czas czytania\" \/>\n\t<meta name=\"twitter:data1\" content=\"8 minut\" \/>\n<script type=\"application\/ld+json\" class=\"yoast-schema-graph\">{\"@context\":\"https:\\\/\\\/schema.org\",\"@graph\":[{\"@type\":\"WebPage\",\"@id\":\"https:\\\/\\\/www.clinicaalthea.com\\\/farmacia\\\/fr\\\/apt\\\/veniseptico\\\/\",\"url\":\"https:\\\/\\\/www.clinicaalthea.com\\\/farmacia\\\/fr\\\/apt\\\/veniseptico\\\/\",\"name\":\"Veniseptico - Clinica Althea\",\"isPartOf\":{\"@id\":\"https:\\\/\\\/www.clinicaalthea.com\\\/farmacia\\\/#website\"},\"primaryImageOfPage\":{\"@id\":\"https:\\\/\\\/www.clinicaalthea.com\\\/farmacia\\\/fr\\\/apt\\\/veniseptico\\\/#primaryimage\"},\"image\":{\"@id\":\"https:\\\/\\\/www.clinicaalthea.com\\\/farmacia\\\/fr\\\/apt\\\/veniseptico\\\/#primaryimage\"},\"thumbnailUrl\":\"https:\\\/\\\/www.clinicaalthea.com\\\/farmacia\\\/wp-content\\\/uploads\\\/2024\\\/02\\\/Veniseptico.jpg\",\"datePublished\":\"2024-04-26T08:01:35+00:00\",\"dateModified\":\"2024-04-26T08:02:44+00:00\",\"breadcrumb\":{\"@id\":\"https:\\\/\\\/www.clinicaalthea.com\\\/farmacia\\\/fr\\\/apt\\\/veniseptico\\\/#breadcrumb\"},\"inLanguage\":\"pl-PL\",\"potentialAction\":[{\"@type\":\"ReadAction\",\"target\":[\"https:\\\/\\\/www.clinicaalthea.com\\\/farmacia\\\/fr\\\/apt\\\/veniseptico\\\/\"]}]},{\"@type\":\"ImageObject\",\"inLanguage\":\"pl-PL\",\"@id\":\"https:\\\/\\\/www.clinicaalthea.com\\\/farmacia\\\/fr\\\/apt\\\/veniseptico\\\/#primaryimage\",\"url\":\"https:\\\/\\\/www.clinicaalthea.com\\\/farmacia\\\/wp-content\\\/uploads\\\/2024\\\/02\\\/Veniseptico.jpg\",\"contentUrl\":\"https:\\\/\\\/www.clinicaalthea.com\\\/farmacia\\\/wp-content\\\/uploads\\\/2024\\\/02\\\/Veniseptico.jpg\",\"width\":768,\"height\":768,\"caption\":\"Veniseptico\"},{\"@type\":\"BreadcrumbList\",\"@id\":\"https:\\\/\\\/www.clinicaalthea.com\\\/farmacia\\\/fr\\\/apt\\\/veniseptico\\\/#breadcrumb\",\"itemListElement\":[{\"@type\":\"ListItem\",\"position\":1,\"name\":\"Strona g\u0142\u00f3wna\",\"item\":\"https:\\\/\\\/www.clinicaalthea.com\\\/farmacia\\\/\"},{\"@type\":\"ListItem\",\"position\":2,\"name\":\"Produkty\",\"item\":\"https:\\\/\\\/www.clinicaalthea.com\\\/farmacia\\\/\"},{\"@type\":\"ListItem\",\"position\":3,\"name\":\"Veniseptico\"}]},{\"@type\":\"WebSite\",\"@id\":\"https:\\\/\\\/www.clinicaalthea.com\\\/farmacia\\\/#website\",\"url\":\"https:\\\/\\\/www.clinicaalthea.com\\\/farmacia\\\/\",\"name\":\"Clinica Althea\",\"description\":\"\",\"publisher\":{\"@id\":\"https:\\\/\\\/www.clinicaalthea.com\\\/farmacia\\\/#organization\"},\"potentialAction\":[{\"@type\":\"SearchAction\",\"target\":{\"@type\":\"EntryPoint\",\"urlTemplate\":\"https:\\\/\\\/www.clinicaalthea.com\\\/farmacia\\\/?s={search_term_string}\"},\"query-input\":{\"@type\":\"PropertyValueSpecification\",\"valueRequired\":true,\"valueName\":\"search_term_string\"}}],\"inLanguage\":\"pl-PL\"},{\"@type\":\"Organization\",\"@id\":\"https:\\\/\\\/www.clinicaalthea.com\\\/farmacia\\\/#organization\",\"name\":\"Clinica Althea\",\"url\":\"https:\\\/\\\/www.clinicaalthea.com\\\/farmacia\\\/\",\"logo\":{\"@type\":\"ImageObject\",\"inLanguage\":\"pl-PL\",\"@id\":\"https:\\\/\\\/www.clinicaalthea.com\\\/farmacia\\\/#\\\/schema\\\/logo\\\/image\\\/\",\"url\":\"https:\\\/\\\/www.clinicaalthea.com\\\/farmacia\\\/wp-content\\\/uploads\\\/2023\\\/12\\\/Jak-diagnozuje-sie-FAS_-objawy-kryteria-diagnostyczne-i-metody-diagnozowania-154162903.jpg\",\"contentUrl\":\"https:\\\/\\\/www.clinicaalthea.com\\\/farmacia\\\/wp-content\\\/uploads\\\/2023\\\/12\\\/Jak-diagnozuje-sie-FAS_-objawy-kryteria-diagnostyczne-i-metody-diagnozowania-154162903.jpg\",\"width\":1216,\"height\":832,\"caption\":\"Clinica Althea\"},\"image\":{\"@id\":\"https:\\\/\\\/www.clinicaalthea.com\\\/farmacia\\\/#\\\/schema\\\/logo\\\/image\\\/\"}}]}<\/script>\n<!-- \/ Yoast SEO plugin. -->","yoast_head_json":{"title":"Veniseptico - Clinica Althea","robots":{"index":"index","follow":"follow","max-snippet":"max-snippet:-1","max-image-preview":"max-image-preview:large","max-video-preview":"max-video-preview:-1"},"canonical":"https:\/\/www.clinicaalthea.com\/farmacia\/fr\/apt\/veniseptico\/","og_locale":"pl_PL","og_type":"article","og_title":"Veniseptico - Clinica Althea","og_description":"79.00 \u20ac 158.00 \u20ac","og_url":"https:\/\/www.clinicaalthea.com\/farmacia\/fr\/apt\/veniseptico\/","og_site_name":"Clinica Althea","article_modified_time":"2024-04-26T08:02:44+00:00","og_image":[{"width":768,"height":768,"url":"https:\/\/www.clinicaalthea.com\/farmacia\/wp-content\/uploads\/2024\/02\/Veniseptico.jpg","type":"image\/jpeg"}],"twitter_card":"summary_large_image","twitter_misc":{"Szacowany czas czytania":"8 minut"},"schema":{"@context":"https:\/\/schema.org","@graph":[{"@type":"WebPage","@id":"https:\/\/www.clinicaalthea.com\/farmacia\/fr\/apt\/veniseptico\/","url":"https:\/\/www.clinicaalthea.com\/farmacia\/fr\/apt\/veniseptico\/","name":"Veniseptico - Clinica Althea","isPartOf":{"@id":"https:\/\/www.clinicaalthea.com\/farmacia\/#website"},"primaryImageOfPage":{"@id":"https:\/\/www.clinicaalthea.com\/farmacia\/fr\/apt\/veniseptico\/#primaryimage"},"image":{"@id":"https:\/\/www.clinicaalthea.com\/farmacia\/fr\/apt\/veniseptico\/#primaryimage"},"thumbnailUrl":"https:\/\/www.clinicaalthea.com\/farmacia\/wp-content\/uploads\/2024\/02\/Veniseptico.jpg","datePublished":"2024-04-26T08:01:35+00:00","dateModified":"2024-04-26T08:02:44+00:00","breadcrumb":{"@id":"https:\/\/www.clinicaalthea.com\/farmacia\/fr\/apt\/veniseptico\/#breadcrumb"},"inLanguage":"pl-PL","potentialAction":[{"@type":"ReadAction","target":["https:\/\/www.clinicaalthea.com\/farmacia\/fr\/apt\/veniseptico\/"]}]},{"@type":"ImageObject","inLanguage":"pl-PL","@id":"https:\/\/www.clinicaalthea.com\/farmacia\/fr\/apt\/veniseptico\/#primaryimage","url":"https:\/\/www.clinicaalthea.com\/farmacia\/wp-content\/uploads\/2024\/02\/Veniseptico.jpg","contentUrl":"https:\/\/www.clinicaalthea.com\/farmacia\/wp-content\/uploads\/2024\/02\/Veniseptico.jpg","width":768,"height":768,"caption":"Veniseptico"},{"@type":"BreadcrumbList","@id":"https:\/\/www.clinicaalthea.com\/farmacia\/fr\/apt\/veniseptico\/#breadcrumb","itemListElement":[{"@type":"ListItem","position":1,"name":"Strona g\u0142\u00f3wna","item":"https:\/\/www.clinicaalthea.com\/farmacia\/"},{"@type":"ListItem","position":2,"name":"Produkty","item":"https:\/\/www.clinicaalthea.com\/farmacia\/"},{"@type":"ListItem","position":3,"name":"Veniseptico"}]},{"@type":"WebSite","@id":"https:\/\/www.clinicaalthea.com\/farmacia\/#website","url":"https:\/\/www.clinicaalthea.com\/farmacia\/","name":"Clinica Althea","description":"","publisher":{"@id":"https:\/\/www.clinicaalthea.com\/farmacia\/#organization"},"potentialAction":[{"@type":"SearchAction","target":{"@type":"EntryPoint","urlTemplate":"https:\/\/www.clinicaalthea.com\/farmacia\/?s={search_term_string}"},"query-input":{"@type":"PropertyValueSpecification","valueRequired":true,"valueName":"search_term_string"}}],"inLanguage":"pl-PL"},{"@type":"Organization","@id":"https:\/\/www.clinicaalthea.com\/farmacia\/#organization","name":"Clinica Althea","url":"https:\/\/www.clinicaalthea.com\/farmacia\/","logo":{"@type":"ImageObject","inLanguage":"pl-PL","@id":"https:\/\/www.clinicaalthea.com\/farmacia\/#\/schema\/logo\/image\/","url":"https:\/\/www.clinicaalthea.com\/farmacia\/wp-content\/uploads\/2023\/12\/Jak-diagnozuje-sie-FAS_-objawy-kryteria-diagnostyczne-i-metody-diagnozowania-154162903.jpg","contentUrl":"https:\/\/www.clinicaalthea.com\/farmacia\/wp-content\/uploads\/2023\/12\/Jak-diagnozuje-sie-FAS_-objawy-kryteria-diagnostyczne-i-metody-diagnozowania-154162903.jpg","width":1216,"height":832,"caption":"Clinica Althea"},"image":{"@id":"https:\/\/www.clinicaalthea.com\/farmacia\/#\/schema\/logo\/image\/"}}]}},"lang":"fr","translations":{"fr":3011,"es":3010,"pl":1315,"sv":3012},"pll_sync_post":[],"_links":{"self":[{"href":"https:\/\/www.clinicaalthea.com\/farmacia\/wp-json\/wp\/v2\/product\/3011","targetHints":{"allow":["GET"]}}],"collection":[{"href":"https:\/\/www.clinicaalthea.com\/farmacia\/wp-json\/wp\/v2\/product"}],"about":[{"href":"https:\/\/www.clinicaalthea.com\/farmacia\/wp-json\/wp\/v2\/types\/product"}],"replies":[{"embeddable":true,"href":"https:\/\/www.clinicaalthea.com\/farmacia\/wp-json\/wp\/v2\/comments?post=3011"}],"wp:featuredmedia":[{"embeddable":true,"href":"https:\/\/www.clinicaalthea.com\/farmacia\/wp-json\/wp\/v2\/media\/1316"}],"wp:attachment":[{"href":"https:\/\/www.clinicaalthea.com\/farmacia\/wp-json\/wp\/v2\/media?parent=3011"}],"wp:term":[{"taxonomy":"product_brand","embeddable":true,"href":"https:\/\/www.clinicaalthea.com\/farmacia\/wp-json\/wp\/v2\/product_brand?post=3011"},{"taxonomy":"product_cat","embeddable":true,"href":"https:\/\/www.clinicaalthea.com\/farmacia\/wp-json\/wp\/v2\/product_cat?post=3011"},{"taxonomy":"product_tag","embeddable":true,"href":"https:\/\/www.clinicaalthea.com\/farmacia\/wp-json\/wp\/v2\/product_tag?post=3011"}],"curies":[{"name":"wp","href":"https:\/\/api.w.org\/{rel}","templated":true}]}}