{"id":3010,"date":"2024-04-26T09:00:29","date_gmt":"2024-04-26T08:00:29","guid":{"rendered":"https:\/\/mayoguide.org\/produkty\/?post_type=product&#038;p=3010"},"modified":"2024-04-26T09:02:44","modified_gmt":"2024-04-26T08:02:44","slug":"veniseptico","status":"publish","type":"product","link":"https:\/\/www.clinicaalthea.com\/farmacia\/es\/apt\/veniseptico\/","title":{"rendered":"Veniseptico"},"content":{"rendered":"\n<p>\u00bfSufre problemas circulatorios como varices, hinchaz\u00f3n o dolor de piernas? \u00bfBusca una forma natural de mejorar el estado de sus vasos sangu\u00edneos? Si es as\u00ed, el <b>complemento alimenticio<\/b> <b>Veniseptico<\/b> puede ser la respuesta a sus necesidades.<\/p>\n\n\n\n<p><b>Veniseptico<\/b> es un producto formulado espec\u00edficamente para personas con problemas venosos y vasculares. Pero, \u00bfpuede realmente favorecer la circulaci\u00f3n venosa y los <b>vasos sangu\u00edneos<\/b>? \u00bfEs s\u00f3lo otro suplemento que promete milagros pero no consigue resultados? Averig\u00fce si <b>Veniseptico<\/b> es lo que est\u00e1 buscando y si merece la pena probarlo.<\/p>\n\n\n\n<h3 class=\"wp-block-heading\" id=\"h-kluczowe-informacje\">Informaci\u00f3n clave:<\/h3>\n\n\n\n<ul class=\"wp-block-list\">\n<li>Veniseptico es un <b>complemento alimenticio<\/b> que favorece <b>el sistema venoso y vascular<\/b><\/li>\n\n\n\n<li>Puede ayudar a mejorar la circulaci\u00f3n sangu\u00ednea, reducir la hinchaz\u00f3n y disminuir el dolor<\/li>\n\n\n\n<li>Los principios activos de Veniseptico tienen un efecto global sobre el sistema circulatorio<\/li>\n\n\n\n<li>Es aconsejable consultar al m\u00e9dico antes de empezar a utilizarlo<\/li>\n\n\n\n<li>El suplemento s\u00f3lo est\u00e1 disponible en el sitio web oficial del fabricante<\/li>\n<\/ul>\n\n\n\n<h2 class=\"wp-block-heading\" id=\"h-veniseptico-czym-jest-i-jak-dziala\">Veniseptico: \u00bfqu\u00e9 es y c\u00f3mo funciona?<\/h2>\n\n\n\n<p>Veniseptico es un <em>complemento alimenticio<\/em> desarrollado espec\u00edficamente para personas con problemas <em>venosos y vasculares<\/em>. Contiene ingredientes naturales y sustancias activas que favorecen el sistema circulatorio. Act\u00faa <em>mejorando la elasticidad de los vasos sangu\u00edneos<\/em>, <b>reduciendo la hinchaz\u00f3n<\/b>, disminuyendo el dolor y previniendo la formaci\u00f3n de varices. El producto puede aliviar el <em>dolor de piernas<\/em>, la sensaci\u00f3n de pesadez y otras dolencias relacionadas con el <em>sistema venoso-vascular<\/em>.<\/p>\n\n\n\n<h2 class=\"wp-block-heading\" id=\"h-korzysci-regularnego-stosowania-veniseptico\">Beneficios del uso regular de Veniseptico<\/h2>\n\n\n\n<p>El uso regular de Veniseptico tiene muchos <b>beneficios<\/b> para el sistema venoso-vascular. El suplemento ayuda a mejorar la circulaci\u00f3n sangu\u00ednea, reducir la hinchaz\u00f3n, disminuir el dolor y prevenir las varices. Alivia el dolor de piernas, la sensaci\u00f3n de pesadez y la fatiga. Los principios activos de Veniseptico act\u00faan de forma global para favorecer las funciones del sistema circulatorio.<\/p>\n\n\n\n<figure class=\"wp-block-table\"><table><tbody><tr><th>Beneficios del uso regular de Veniseptico<\/th><\/tr><tr><td><b>Prevenci\u00f3n de las varices<\/b><\/td><\/tr><tr><td><b>Reducci\u00f3n de la hinchaz\u00f3n<\/b><\/td><\/tr><tr><td><b>Mejora de la circulaci\u00f3n<\/b> sangu\u00ednea<\/td><\/tr><tr><td><b>Reducci\u00f3n del dolor<\/b><\/td><\/tr><\/tbody><\/table><\/figure>\n\n\n\n<h2 class=\"wp-block-heading\" id=\"h-sklad-veniseptico\">Composici\u00f3n de Veniseptico<\/h2>\n\n\n\n<p>La<b>composici\u00f3n<\/b> de Veniseptico se basa en ingredientes naturales que favorecen <b>el sistema venoso-vascular<\/b>. El suplemento contiene, entre otros, <em>extracto de casta\u00f1o de indias<\/em>, que fortalece <b>los vasos sangu\u00edneos<\/b>, <em>extracto de uva<\/em>, que tiene un efecto antiinflamatorio y ayuda a mantener la elasticidad de los vasos. Adem\u00e1s, contiene extracto <em>de ginseng<\/em>, que mejora la circulaci\u00f3n sangu\u00ednea, y <em>vitamina C<\/em>, esencial para la salud de los vasos sangu\u00edneos.<\/p>\n\n\n\n<figure class=\"wp-block-table\"><table><tbody><tr><th>Ingredientes<\/th><th>Aplicaci\u00f3n<\/th><\/tr><tr><td>Extracto de casta\u00f1o de Indias<\/td><td>Fortalece los vasos sangu\u00edneos<\/td><\/tr><tr><td>Extracto de semilla de uva<\/td><td>Tiene un efecto antiinflamatorio y mantiene la elasticidad de los vasos sangu\u00edneos<\/td><\/tr><tr><td>Extracto de ginseng<\/td><td>Mejora la circulaci\u00f3n sangu\u00ednea<\/td><\/tr><tr><td><b>Vitamina C<\/b><\/td><td>Esencial para la salud de los vasos sangu\u00edneos<\/td><\/tr><\/tbody><\/table><\/figure>\n\n\n\n<h2 class=\"wp-block-heading\" id=\"h-skutki-uboczne-i-przeciwwskazania-stosowania-veniseptico\">Efectos secundarios y contraindicaciones del uso de Veniseptico<\/h2>\n\n\n\n<p>Veniseptico es un producto <em>formulado de forma natural<\/em>, por lo que los <b>efectos secundarios<\/b> son m\u00ednimos. No se han descrito efectos secundarios asociados a este suplemento. Sin embargo, siempre es aconsejable consultar a un m\u00e9dico antes de comenzar la suplementaci\u00f3n, especialmente para aquellos con condiciones m\u00e9dicas existentes o alergias.<\/p>\n\n\n\n<h2 class=\"wp-block-heading\" id=\"h-prawidlowe-stosowanie-veniseptico\">Uso correcto de Veniseptico<\/h2>\n\n\n\n<p>El uso correcto de Veniseptico es sencillo. Por lo general, se recomienda tomar 1 c\u00e1psula al d\u00eda, preferiblemente por la ma\u00f1ana, con un vaso de agua. Es importante seguir las recomendaciones de dosificaci\u00f3n que figuran en el envase del producto. En caso de duda, siempre es aconsejable consultar a su m\u00e9dico.<\/p>\n\n\n\n<p>El suplemento Veniseptico ha sido desarrollado para una suplementaci\u00f3n simple y c\u00f3moda. Su forma de c\u00e1psula facilita su toma, y la <b>dosis<\/b> recomendada garantiza efectos \u00f3ptimos para el sistema venoso y vascular. Recuerde, sin embargo, que cada organismo es diferente, por lo que siempre es aconsejable consultar a su m\u00e9dico antes de iniciar la suplementaci\u00f3n para ajustar la <b>dosis<\/b> a sus necesidades individuales.<\/p>\n\n\n\n<p>Es importante recordar que un <b>suplemento diet\u00e9tico<\/b> es s\u00f3lo una parte del apoyo al sistema <b>venoso-vascular<\/b>, por lo que merece la pena cuidar el estilo de vida en general. Las personas con problemas de varices u otras dolencias circulatorias deben evitar permanecer sentadas en una misma posici\u00f3n durante largos periodos de tiempo, permanecer de pie durante mucho tiempo, los ba\u00f1os calientes, tomar el sol en exceso y los alimentos muy condimentados. Adem\u00e1s, es aconsejable moverse con regularidad, realizar actividad f\u00edsica, llevar calzado y ropa adecuados y recurrir a m\u00e9todos naturales para favorecer la circulaci\u00f3n, como enfriar la pierna con agua fr\u00eda o utilizar compresas de hierbas.<\/p>\n\n\n\n<p>Si tiene en cuenta las recomendaciones posol\u00f3gicas y el <b>modo de<\/b> empleo de Veniseptico, y lleva un estilo de vida sano y activo, podr\u00e1 aumentar sus posibilidades de mejorar su sistema venoso-vascular. Recuerde que los complementos alimenticios no sustituyen a una dieta sana y equilibrada y a un estilo de vida activo, pero pueden ser un complemento valioso y apoyar las funciones naturales del organismo.<\/p>\n\n\n\n<h2 class=\"wp-block-heading\" id=\"h-gdzie-kupic-veniseptico-i-jaka-jest-cena\">\u00bfD\u00f3nde comprar Veniseptico y cu\u00e1l es su precio?<\/h2>\n\n\n\n<p>Veniseptico es un complemento alimenticio que s\u00f3lo puede adquirirse en la p\u00e1gina web oficial del fabricante. Este es el mejor lugar para obtener el producto original de la m\u00e1s alta calidad. Comprar en la p\u00e1gina oficial del fabricante le garantiza que recibir\u00e1 Veniseptico aut\u00e9ntico y que tendr\u00e1 confianza en su eficacia.<\/p>\n\n\n\n<p>Los precios del suplemento Veniseptico pueden variar, por lo que vale la pena visitar regularmente el sitio web oficial del fabricante, donde a menudo se ofrecen promociones y descuentos. De esta forma, podr\u00e1 ahorrar dinero en su compra de Veniseptico y disfrutar de un precio favorable.<\/p>\n\n\n\n<p>Consulte la p\u00e1gina oficial del fabricante de Veniseptico para conocer los precios y promociones actualizados. Recuerde que al utilizar el sitio oficial, tambi\u00e9n se asegura la originalidad del producto y el acceso al soporte profesional del fabricante.<\/p>\n\n\n\n<h2 class=\"wp-block-heading\" id=\"h-opinie-uzytkownikow-o-veniseptico\">Opiniones de usuarios sobre Veniseptico<\/h2>\n\n\n\n<p>Las<b>opiniones<\/b> de los usuarios del suplemento Veniseptico confirman su eficacia y sus efectos positivos. Las personas que lo han utilizado se\u00f1alan una mejora de la circulaci\u00f3n venosa y vascular, una <b>disminuci\u00f3n de la hinchaz\u00f3n, del<\/b> dolor y de la sensaci\u00f3n de pesadez en las piernas. Las expectativas de los usuarios se est\u00e1n cumpliendo y los resultados se ajustan a las promesas del fabricante.<\/p>\n\n\n\n<blockquote class=\"wp-block-quote is-layout-flow wp-block-quote-is-layout-flow\">\n<p><em>Llevo mucho tiempo luchando contra las varices y buscaba una forma eficaz de mejorar el estado de mis vasos sangu\u00edneos. Despu\u00e9s de muchos intentos, encontr\u00e9 Veniseptico y \u00a1fue un \u00e9xito! Despu\u00e9s de unas semanas de uso, he notado que mis varices son menos visibles, la hinchaz\u00f3n ha disminuido y el dolor se ha reducido significativamente. Estoy muy contenta con los resultados y ahora me siento m\u00e1s segura y c\u00f3moda en mi piel. Recomiendo encarecidamente este producto a cualquiera que busque una forma natural de mejorar su sistema circulatorio<\/em><\/p>\n<\/blockquote>\n\n\n\n<blockquote class=\"wp-block-quote is-layout-flow wp-block-quote-is-layout-flow\">\n<p><em>Estoy sorprendida de la diferencia que he notado despu\u00e9s de empezar a utilizar Veniseptico. Hac\u00eda tiempo que me molestaba la hinchaz\u00f3n y la sensaci\u00f3n de pesadez en las piernas, sobre todo cuando estaba mucho tiempo sentada en el trabajo. Tras unas semanas de uso regular de este complemento, he notado una notable mejor\u00eda. Mis piernas est\u00e1n m\u00e1s ligeras, la hinchaz\u00f3n ha desaparecido e incluso el dolor se ha reducido significativamente. Estoy encantada con los resultados y sin duda recomendar\u00eda Veniseptico a cualquier persona con problemas similares<\/em><\/p>\n<\/blockquote>\n\n\n\n<p>Los<b>comentarios<\/b> en los foros en l\u00ednea tambi\u00e9n confirman que Veniseptico es un suplemento \u00fatil para las personas con problemas venosos y vasculares. Los usuarios destacan que el suplemento proporciona alivio y una mejora significativa del bienestar. Muchos recomiendan el producto a otras personas que sufren dolencias similares.<\/p>\n\n\n\n<p>Los resultados y los <b>comentarios de<\/b> los usuarios atestiguan la alta calidad de Veniseptico y confirman la eficacia de sus ingredientes naturales. Si tiene problemas con su sistema venoso y vascular, merece la pena considerar este suplemento y consultar a su m\u00e9dico antes de empezar a tomarlo.<\/p>\n","protected":false},"excerpt":{"rendered":"<p><strong>57.00 \u20ac<\/strong><\/p>\n<p><del>114.00 \u20ac<\/del><\/p>\n<p><strong>[date_countdown]<\/strong><\/p>\n","protected":false},"featured_media":1316,"comment_status":"open","ping_status":"closed","template":"","meta":{"neve_meta_sidebar":"","neve_meta_container":"","neve_meta_enable_content_width":"","neve_meta_content_width":0,"neve_meta_title_alignment":"","neve_meta_author_avatar":"","neve_post_elements_order":"","neve_meta_disable_header":"","neve_meta_disable_footer":"","neve_meta_disable_title":"","neve_meta_reading_time":""},"product_brand":[],"product_cat":[73],"product_tag":[],"class_list":{"0":"post-3010","1":"product","2":"type-product","3":"status-publish","4":"has-post-thumbnail","6":"product_cat-salud","8":"first","9":"instock","10":"shipping-taxable","11":"product-type-external"},"yoast_head":"<!-- This site is optimized with the Yoast SEO plugin v27.4 - https:\/\/yoast.com\/product\/yoast-seo-wordpress\/ -->\n<title>Veniseptico - Clinica Althea<\/title>\n<meta name=\"robots\" content=\"index, follow, max-snippet:-1, max-image-preview:large, max-video-preview:-1\" \/>\n<link rel=\"canonical\" href=\"https:\/\/www.clinicaalthea.com\/farmacia\/es\/apt\/veniseptico\/\" \/>\n<meta property=\"og:locale\" content=\"pl_PL\" \/>\n<meta property=\"og:type\" content=\"article\" \/>\n<meta property=\"og:title\" content=\"Veniseptico - Clinica Althea\" \/>\n<meta property=\"og:description\" content=\"57.00 \u20ac 114.00 \u20ac\" \/>\n<meta property=\"og:url\" content=\"https:\/\/www.clinicaalthea.com\/farmacia\/es\/apt\/veniseptico\/\" \/>\n<meta property=\"og:site_name\" content=\"Clinica Althea\" \/>\n<meta property=\"article:modified_time\" content=\"2024-04-26T08:02:44+00:00\" \/>\n<meta property=\"og:image\" content=\"https:\/\/www.clinicaalthea.com\/farmacia\/wp-content\/uploads\/2024\/02\/Veniseptico.jpg\" \/>\n\t<meta property=\"og:image:width\" content=\"768\" \/>\n\t<meta property=\"og:image:height\" content=\"768\" \/>\n\t<meta property=\"og:image:type\" content=\"image\/jpeg\" \/>\n<meta name=\"twitter:card\" content=\"summary_large_image\" \/>\n<meta name=\"twitter:label1\" content=\"Szacowany czas czytania\" \/>\n\t<meta name=\"twitter:data1\" content=\"7 minut\" \/>\n<script type=\"application\/ld+json\" class=\"yoast-schema-graph\">{\"@context\":\"https:\\\/\\\/schema.org\",\"@graph\":[{\"@type\":\"WebPage\",\"@id\":\"https:\\\/\\\/www.clinicaalthea.com\\\/farmacia\\\/es\\\/apt\\\/veniseptico\\\/\",\"url\":\"https:\\\/\\\/www.clinicaalthea.com\\\/farmacia\\\/es\\\/apt\\\/veniseptico\\\/\",\"name\":\"Veniseptico - Clinica Althea\",\"isPartOf\":{\"@id\":\"https:\\\/\\\/www.clinicaalthea.com\\\/farmacia\\\/#website\"},\"primaryImageOfPage\":{\"@id\":\"https:\\\/\\\/www.clinicaalthea.com\\\/farmacia\\\/es\\\/apt\\\/veniseptico\\\/#primaryimage\"},\"image\":{\"@id\":\"https:\\\/\\\/www.clinicaalthea.com\\\/farmacia\\\/es\\\/apt\\\/veniseptico\\\/#primaryimage\"},\"thumbnailUrl\":\"https:\\\/\\\/www.clinicaalthea.com\\\/farmacia\\\/wp-content\\\/uploads\\\/2024\\\/02\\\/Veniseptico.jpg\",\"datePublished\":\"2024-04-26T08:00:29+00:00\",\"dateModified\":\"2024-04-26T08:02:44+00:00\",\"breadcrumb\":{\"@id\":\"https:\\\/\\\/www.clinicaalthea.com\\\/farmacia\\\/es\\\/apt\\\/veniseptico\\\/#breadcrumb\"},\"inLanguage\":\"pl-PL\",\"potentialAction\":[{\"@type\":\"ReadAction\",\"target\":[\"https:\\\/\\\/www.clinicaalthea.com\\\/farmacia\\\/es\\\/apt\\\/veniseptico\\\/\"]}]},{\"@type\":\"ImageObject\",\"inLanguage\":\"pl-PL\",\"@id\":\"https:\\\/\\\/www.clinicaalthea.com\\\/farmacia\\\/es\\\/apt\\\/veniseptico\\\/#primaryimage\",\"url\":\"https:\\\/\\\/www.clinicaalthea.com\\\/farmacia\\\/wp-content\\\/uploads\\\/2024\\\/02\\\/Veniseptico.jpg\",\"contentUrl\":\"https:\\\/\\\/www.clinicaalthea.com\\\/farmacia\\\/wp-content\\\/uploads\\\/2024\\\/02\\\/Veniseptico.jpg\",\"width\":768,\"height\":768,\"caption\":\"Veniseptico\"},{\"@type\":\"BreadcrumbList\",\"@id\":\"https:\\\/\\\/www.clinicaalthea.com\\\/farmacia\\\/es\\\/apt\\\/veniseptico\\\/#breadcrumb\",\"itemListElement\":[{\"@type\":\"ListItem\",\"position\":1,\"name\":\"Strona g\u0142\u00f3wna\",\"item\":\"https:\\\/\\\/www.clinicaalthea.com\\\/farmacia\\\/\"},{\"@type\":\"ListItem\",\"position\":2,\"name\":\"Produkty\",\"item\":\"https:\\\/\\\/www.clinicaalthea.com\\\/farmacia\\\/\"},{\"@type\":\"ListItem\",\"position\":3,\"name\":\"Veniseptico\"}]},{\"@type\":\"WebSite\",\"@id\":\"https:\\\/\\\/www.clinicaalthea.com\\\/farmacia\\\/#website\",\"url\":\"https:\\\/\\\/www.clinicaalthea.com\\\/farmacia\\\/\",\"name\":\"Clinica Althea\",\"description\":\"\",\"publisher\":{\"@id\":\"https:\\\/\\\/www.clinicaalthea.com\\\/farmacia\\\/#organization\"},\"potentialAction\":[{\"@type\":\"SearchAction\",\"target\":{\"@type\":\"EntryPoint\",\"urlTemplate\":\"https:\\\/\\\/www.clinicaalthea.com\\\/farmacia\\\/?s={search_term_string}\"},\"query-input\":{\"@type\":\"PropertyValueSpecification\",\"valueRequired\":true,\"valueName\":\"search_term_string\"}}],\"inLanguage\":\"pl-PL\"},{\"@type\":\"Organization\",\"@id\":\"https:\\\/\\\/www.clinicaalthea.com\\\/farmacia\\\/#organization\",\"name\":\"Clinica Althea\",\"url\":\"https:\\\/\\\/www.clinicaalthea.com\\\/farmacia\\\/\",\"logo\":{\"@type\":\"ImageObject\",\"inLanguage\":\"pl-PL\",\"@id\":\"https:\\\/\\\/www.clinicaalthea.com\\\/farmacia\\\/#\\\/schema\\\/logo\\\/image\\\/\",\"url\":\"https:\\\/\\\/www.clinicaalthea.com\\\/farmacia\\\/wp-content\\\/uploads\\\/2023\\\/12\\\/Jak-diagnozuje-sie-FAS_-objawy-kryteria-diagnostyczne-i-metody-diagnozowania-154162903.jpg\",\"contentUrl\":\"https:\\\/\\\/www.clinicaalthea.com\\\/farmacia\\\/wp-content\\\/uploads\\\/2023\\\/12\\\/Jak-diagnozuje-sie-FAS_-objawy-kryteria-diagnostyczne-i-metody-diagnozowania-154162903.jpg\",\"width\":1216,\"height\":832,\"caption\":\"Clinica Althea\"},\"image\":{\"@id\":\"https:\\\/\\\/www.clinicaalthea.com\\\/farmacia\\\/#\\\/schema\\\/logo\\\/image\\\/\"}}]}<\/script>\n<!-- \/ Yoast SEO plugin. -->","yoast_head_json":{"title":"Veniseptico - Clinica Althea","robots":{"index":"index","follow":"follow","max-snippet":"max-snippet:-1","max-image-preview":"max-image-preview:large","max-video-preview":"max-video-preview:-1"},"canonical":"https:\/\/www.clinicaalthea.com\/farmacia\/es\/apt\/veniseptico\/","og_locale":"pl_PL","og_type":"article","og_title":"Veniseptico - Clinica Althea","og_description":"57.00 \u20ac 114.00 \u20ac","og_url":"https:\/\/www.clinicaalthea.com\/farmacia\/es\/apt\/veniseptico\/","og_site_name":"Clinica Althea","article_modified_time":"2024-04-26T08:02:44+00:00","og_image":[{"width":768,"height":768,"url":"https:\/\/www.clinicaalthea.com\/farmacia\/wp-content\/uploads\/2024\/02\/Veniseptico.jpg","type":"image\/jpeg"}],"twitter_card":"summary_large_image","twitter_misc":{"Szacowany czas czytania":"7 minut"},"schema":{"@context":"https:\/\/schema.org","@graph":[{"@type":"WebPage","@id":"https:\/\/www.clinicaalthea.com\/farmacia\/es\/apt\/veniseptico\/","url":"https:\/\/www.clinicaalthea.com\/farmacia\/es\/apt\/veniseptico\/","name":"Veniseptico - Clinica Althea","isPartOf":{"@id":"https:\/\/www.clinicaalthea.com\/farmacia\/#website"},"primaryImageOfPage":{"@id":"https:\/\/www.clinicaalthea.com\/farmacia\/es\/apt\/veniseptico\/#primaryimage"},"image":{"@id":"https:\/\/www.clinicaalthea.com\/farmacia\/es\/apt\/veniseptico\/#primaryimage"},"thumbnailUrl":"https:\/\/www.clinicaalthea.com\/farmacia\/wp-content\/uploads\/2024\/02\/Veniseptico.jpg","datePublished":"2024-04-26T08:00:29+00:00","dateModified":"2024-04-26T08:02:44+00:00","breadcrumb":{"@id":"https:\/\/www.clinicaalthea.com\/farmacia\/es\/apt\/veniseptico\/#breadcrumb"},"inLanguage":"pl-PL","potentialAction":[{"@type":"ReadAction","target":["https:\/\/www.clinicaalthea.com\/farmacia\/es\/apt\/veniseptico\/"]}]},{"@type":"ImageObject","inLanguage":"pl-PL","@id":"https:\/\/www.clinicaalthea.com\/farmacia\/es\/apt\/veniseptico\/#primaryimage","url":"https:\/\/www.clinicaalthea.com\/farmacia\/wp-content\/uploads\/2024\/02\/Veniseptico.jpg","contentUrl":"https:\/\/www.clinicaalthea.com\/farmacia\/wp-content\/uploads\/2024\/02\/Veniseptico.jpg","width":768,"height":768,"caption":"Veniseptico"},{"@type":"BreadcrumbList","@id":"https:\/\/www.clinicaalthea.com\/farmacia\/es\/apt\/veniseptico\/#breadcrumb","itemListElement":[{"@type":"ListItem","position":1,"name":"Strona g\u0142\u00f3wna","item":"https:\/\/www.clinicaalthea.com\/farmacia\/"},{"@type":"ListItem","position":2,"name":"Produkty","item":"https:\/\/www.clinicaalthea.com\/farmacia\/"},{"@type":"ListItem","position":3,"name":"Veniseptico"}]},{"@type":"WebSite","@id":"https:\/\/www.clinicaalthea.com\/farmacia\/#website","url":"https:\/\/www.clinicaalthea.com\/farmacia\/","name":"Clinica Althea","description":"","publisher":{"@id":"https:\/\/www.clinicaalthea.com\/farmacia\/#organization"},"potentialAction":[{"@type":"SearchAction","target":{"@type":"EntryPoint","urlTemplate":"https:\/\/www.clinicaalthea.com\/farmacia\/?s={search_term_string}"},"query-input":{"@type":"PropertyValueSpecification","valueRequired":true,"valueName":"search_term_string"}}],"inLanguage":"pl-PL"},{"@type":"Organization","@id":"https:\/\/www.clinicaalthea.com\/farmacia\/#organization","name":"Clinica Althea","url":"https:\/\/www.clinicaalthea.com\/farmacia\/","logo":{"@type":"ImageObject","inLanguage":"pl-PL","@id":"https:\/\/www.clinicaalthea.com\/farmacia\/#\/schema\/logo\/image\/","url":"https:\/\/www.clinicaalthea.com\/farmacia\/wp-content\/uploads\/2023\/12\/Jak-diagnozuje-sie-FAS_-objawy-kryteria-diagnostyczne-i-metody-diagnozowania-154162903.jpg","contentUrl":"https:\/\/www.clinicaalthea.com\/farmacia\/wp-content\/uploads\/2023\/12\/Jak-diagnozuje-sie-FAS_-objawy-kryteria-diagnostyczne-i-metody-diagnozowania-154162903.jpg","width":1216,"height":832,"caption":"Clinica Althea"},"image":{"@id":"https:\/\/www.clinicaalthea.com\/farmacia\/#\/schema\/logo\/image\/"}}]}},"lang":"es","translations":{"es":3010,"pl":1315,"fr":3011,"sv":3012},"pll_sync_post":[],"_links":{"self":[{"href":"https:\/\/www.clinicaalthea.com\/farmacia\/wp-json\/wp\/v2\/product\/3010","targetHints":{"allow":["GET"]}}],"collection":[{"href":"https:\/\/www.clinicaalthea.com\/farmacia\/wp-json\/wp\/v2\/product"}],"about":[{"href":"https:\/\/www.clinicaalthea.com\/farmacia\/wp-json\/wp\/v2\/types\/product"}],"replies":[{"embeddable":true,"href":"https:\/\/www.clinicaalthea.com\/farmacia\/wp-json\/wp\/v2\/comments?post=3010"}],"wp:featuredmedia":[{"embeddable":true,"href":"https:\/\/www.clinicaalthea.com\/farmacia\/wp-json\/wp\/v2\/media\/1316"}],"wp:attachment":[{"href":"https:\/\/www.clinicaalthea.com\/farmacia\/wp-json\/wp\/v2\/media?parent=3010"}],"wp:term":[{"taxonomy":"product_brand","embeddable":true,"href":"https:\/\/www.clinicaalthea.com\/farmacia\/wp-json\/wp\/v2\/product_brand?post=3010"},{"taxonomy":"product_cat","embeddable":true,"href":"https:\/\/www.clinicaalthea.com\/farmacia\/wp-json\/wp\/v2\/product_cat?post=3010"},{"taxonomy":"product_tag","embeddable":true,"href":"https:\/\/www.clinicaalthea.com\/farmacia\/wp-json\/wp\/v2\/product_tag?post=3010"}],"curies":[{"name":"wp","href":"https:\/\/api.w.org\/{rel}","templated":true}]}}