{"id":2961,"date":"2024-04-25T10:46:12","date_gmt":"2024-04-25T09:46:12","guid":{"rendered":"https:\/\/mayoguide.org\/produkty\/?post_type=product&#038;p=2961"},"modified":"2024-04-25T10:47:10","modified_gmt":"2024-04-25T09:47:10","slug":"vigrax","status":"publish","type":"product","link":"https:\/\/www.clinicaalthea.com\/farmacia\/hu\/apt\/vigrax\/","title":{"rendered":"Vigrax"},"content":{"rendered":"\n<h2 class=\"wp-block-heading\" id=\"h-czym-jest-vigrax-i-jak-dziala\">Milyen t\u00edpus\u00fa gy\u00f3gyszer a Vigrax \u00e9s hogyan fejti ki hat\u00e1s\u00e1t?<\/h2>\n\n\n\n<p>A Vigrax egy innovat\u00edv \u00e9trend-kieg\u00e9sz\u00edt\u0151, amelyet kifejezetten a potenciaprobl\u00e9m\u00e1kkal k\u00fczd\u0151 f\u00e9rfiak sz\u00e1m\u00e1ra fejlesztettek ki. Ez egy olyan term\u00e9k, amelyet a szexu\u00e1lis \u00e9let min\u0151s\u00e9g\u00e9nek jav\u00edt\u00e1s\u00e1ra terveztek a potencia hat\u00e9kony jav\u00edt\u00e1s\u00e1val. <\/p>\n\n\n\n<p>A Vigrax hat\u00e1sa gondosan kiv\u00e1lasztott \u00f6sszetev\u0151k\u00f6n alapul, amelyek t\u00e1mogatj\u00e1k a f\u00e9rfiak szexu\u00e1lis eg\u00e9szs\u00e9g\u00e9t. Kulcsszerepet j\u00e1tszik a ginzeng kivonat, amely jav\u00edtja a v\u00e9rkering\u00e9st, ami jobb erekci\u00f3t eredm\u00e9nyez.<\/p>\n\n\n\n<p>Emellett az olyan \u00f6sszetev\u0151k, mint a maca gy\u00f6k\u00e9r \u00e9s a bolg\u00e1r tribulus pozit\u00edv hat\u00e1ssal vannak a libid\u00f3ra \u00e9s az \u00e1ltal\u00e1nos szexu\u00e1lis teljes\u00edtm\u00e9nyre. A Vigrax rendszeres haszn\u00e1lata fokozott szexu\u00e1lis teljes\u00edtm\u00e9nyhez \u00e9s jobb intim el\u00e9gedetts\u00e9ghez vezethet.<\/p>\n\n\n\n<h2 class=\"wp-block-heading\" id=\"h-jakie-sa-efekty-stosowania-vigrax\">Milyen hat\u00e1sai vannak a Vigraxnak?<\/h2>\n\n\n\n<p>A Vigrax \u00e9trend-kieg\u00e9sz\u00edt\u0151 haszn\u00e1lata sz\u00e1mos el\u0151nnyel j\u00e1rhat a potenciaprobl\u00e9m\u00e1kkal k\u00fczd\u0151 f\u00e9rfiak sz\u00e1m\u00e1ra. Sokan, akik rendszeresen haszn\u00e1lj\u00e1k ezt a term\u00e9ket, jelent\u0151s javul\u00e1st tapasztalnak szexu\u00e1lis \u00e9let\u00fckben \u00e9s \u00e1ltal\u00e1nos teljes\u00edtm\u00e9ny\u00fckben az \u00e1gyban. <\/p>\n\n\n\n<p>A Vigrax hat\u00e1sai a v\u00e9rkering\u00e9s jav\u00edt\u00e1s\u00e1ra kifejtett hat\u00e1s\u00e1val f\u00fcggnek \u00f6ssze, ami jobb erekci\u00f3min\u0151s\u00e9get \u00e9s fokozott libid\u00f3t eredm\u00e9nyez. Ennek eredm\u00e9nyek\u00e9ppen a felhaszn\u00e1l\u00f3k hosszabb ideig tart\u00f3 \u00e9s er\u0151sebb erekci\u00f3t, nagyobb szexu\u00e1lis \u00e1ll\u00f3k\u00e9pess\u00e9get \u00e9s nagyobb el\u00e9gedetts\u00e9get tapasztalhatnak a k\u00f6z\u00f6s\u00fcl\u00e9s k\u00f6zbeni \u00e9rz\u00e9sekkel kapcsolatban. <\/p>\n\n\n\n<p>Ezenk\u00edv\u00fcl a Vigrax rendszeres haszn\u00e1lata seg\u00edthet a h\u00e1l\u00f3szob\u00e1ban val\u00f3 magabiztoss\u00e1g \u00e9s a szexu\u00e1lis \u00e9let \u00e1ltal\u00e1nos min\u0151s\u00e9g\u00e9nek jav\u00edt\u00e1s\u00e1ban is.<\/p>\n\n\n\n<h2 class=\"wp-block-heading\" id=\"h-jak-prawidlowo-stosowac-vigrax-dawkowanie\">Hogyan kell helyesen haszn\u00e1lni a Vigraxot &#8211; adagol\u00e1s<\/h2>\n\n\n\n<p>Ahhoz, hogy a legjobb eredm\u00e9nyeket \u00e9rje el a potencia jav\u00edt\u00e1s\u00e1ban, fontos, hogy k\u00f6vesse a Vigrax kieg\u00e9sz\u00edt\u00e9s adagol\u00e1si aj\u00e1nl\u00e1sait. <\/p>\n\n\n\n<p>Aj\u00e1nlott napi k\u00e9t kapszul\u00e1t bevenni megfelel\u0151 mennyis\u00e9g\u0171 v\u00edzzel. A kieg\u00e9sz\u00edt\u00e9s \u00e9tkez\u00e9s k\u00f6zben vagy an\u00e9lk\u00fcl is bevehet\u0151. <\/p>\n\n\n\n<p>Fontos azonban, hogy ne l\u00e9pje t\u00fal az aj\u00e1nlott adagot, \u00e9s a maxim\u00e1lis eredm\u00e9ny el\u00e9r\u00e9se \u00e9rdek\u00e9ben a rendszeres haszn\u00e1latot meghat\u00e1rozott ideig folytassa. <\/p>\n\n\n\n<p>Javasoljuk tov\u00e1bb\u00e1, hogy a Vigrax szed\u00e9se el\u0151tt figyelmesen olvassa el a betegt\u00e1j\u00e9koztat\u00f3t, \u00e9s sz\u00fcks\u00e9g eset\u00e9n konzult\u00e1ljon orvos\u00e1val, k\u00fcl\u00f6n\u00f6sen, ha b\u00e1rmilyen eg\u00e9szs\u00e9g\u00fcgyi probl\u00e9m\u00e1ja van, vagy m\u00e1s gy\u00f3gyszereket szed.<\/p>\n\n\n\n<h2 class=\"wp-block-heading\" id=\"h-doswiadczenia-uzytkownikow-i-opinie-o-vigrax-jakie-sa-recenzje\">Felhaszn\u00e1l\u00f3i tapasztalatok \u00e9s v\u00e9lem\u00e9nyek a Vigraxr\u00f3l &#8211; mik a v\u00e9lem\u00e9nyek?<\/h2>\n\n\n\n<p>A felhaszn\u00e1l\u00f3i tapasztalatok \u00e9s <strong>v\u00e9lem\u00e9nyek<\/strong> \u00e9rt\u00e9kes inform\u00e1ci\u00f3forr\u00e1st jelentenek a Vigrax \u00e9trend-kieg\u00e9sz\u00edt\u0151 hat\u00e9konys\u00e1g\u00e1r\u00f3l a potencia jav\u00edt\u00e1s\u00e1ban. Olvassa el az al\u00e1bbi v\u00e9lem\u00e9nyeket, hogy megtudja, milyen eredm\u00e9nyeket lehet el\u00e9rni a kieg\u00e9sz\u00edt\u00e9s rendszeres haszn\u00e1lat\u00e1val.<\/p>\n\n\n\n<p>A Vigrax<strong>felhaszn\u00e1l\u00f3i v\u00e9lem\u00e9nyek<\/strong> meger\u0151s\u00edtik, hogy ez az \u00e9trend-kieg\u00e9sz\u00edt\u0151 pozit\u00edvan befoly\u00e1solhatja a potenci\u00e1t \u00e9s jav\u00edthatja a f\u00e9rfiak szexu\u00e1lis \u00e9let\u00e9t. A hat\u00e1sok azonban az egy\u00e9ni testhelyzetekt\u0151l f\u00fcgg\u0151en v\u00e1ltozhatnak. A Vigrax szed\u00e9se el\u0151tt mindig tan\u00e1csos konzult\u00e1lni orvos\u00e1val.<\/p>\n\n\n\n<figure class=\"wp-block-table\"><table><tbody><tr><th>V\u00e9lem\u00e9ny<\/th><th>Felhaszn\u00e1l\u00f3<\/th><\/tr><tr><td>&#8220;A Vigrax egy igazi felfedez\u00e9s sz\u00e1momra. Hossz\u00fa ideig potenciaprobl\u00e9m\u00e1kkal k\u00fczd\u00f6ttem, ami er\u0151sen befoly\u00e1solta a szexu\u00e1lis \u00e9letemet \u00e9s az \u00f6nbizalmamat. A Vigrax n\u00e9h\u00e1ny hetes haszn\u00e1lata ut\u00e1n jelent\u0151s javul\u00e1st tapasztaltam az erekci\u00f3mban. Most m\u00e1r magabiztosabb vagyok \u00e9s k\u00e9pes vagyok kiel\u00e9g\u00edt\u0151 szexu\u00e1lis \u00e9letet \u00e9lni. Nagyon aj\u00e1nlom!&#8221;<\/td><td>Kamil<\/td><\/tr><tr><td>&#8220;A Vigrax sz\u00e1momra szenz\u00e1ci\u00f3s \u00e9trend-kieg\u00e9sz\u00edt\u0151. Gyorsan \u00e9s hat\u00e9konyan m\u0171k\u00f6dik, \u00e9s teljesen biztons\u00e1gos. Egy h\u00f3napos rendszeres haszn\u00e1lat ut\u00e1n jelent\u0151s javul\u00e1st vettem \u00e9szre a potenci\u00e1mban. Most m\u00e1r \u00fajra \u00e9lvezhetem a teljes \u00e9s kiel\u00e9g\u00edt\u0151 szexu\u00e1lis egy\u00fcttl\u00e9tet. Nagyon el\u00e9gedett vagyok az eredm\u00e9nyekkel.&#8221;<\/td><td>Piotr<\/td><\/tr><tr><td>&#8220;K\u00e9ts\u00e9geim voltak a potencian\u00f6vel\u0151k hat\u00e9konys\u00e1g\u00e1val kapcsolatban, de a Vigrax pozit\u00edvan meglepett. R\u00f6vid haszn\u00e1lat ut\u00e1n jelent\u0151s javul\u00e1st \u00e9szleltem a libid\u00f3mban \u00e9s az erekci\u00f3mban. Most fiatalabbnak \u00e9s energikusabbnak \u00e9rzem magam a h\u00e1l\u00f3szob\u00e1ban. A Vigraxot minden potenciaprobl\u00e9m\u00e1kkal k\u00fczd\u0151 f\u00e9rfinak aj\u00e1nlom.&#8221;<\/td><td>Raphael<\/td><\/tr><\/tbody><\/table><\/figure>\n\n\n\n<h2 class=\"wp-block-heading\" id=\"h-vigrax-sklad\">Vigrax &#8211; \u00d6sszet\u00e9tel<\/h2>\n\n\n\n<p>A Vigrax \u00e9trend-kieg\u00e9sz\u00edt\u0151<strong>\u00f6sszet\u00e9tele<\/strong> fontos t\u00e9nyez\u0151 a <strong>hat\u00e1s\u00e1ban<\/strong>. Ez a r\u00e9sz r\u00e9szletezi a term\u00e9kben haszn\u00e1lt \u00f6sszetev\u0151ket \u00e9s azok potenci\u00e1lis el\u0151nyeit a f\u00e9rfi potenci\u00e1ra n\u00e9zve.<\/p>\n\n\n\n<p><strong>\u00d6sszetev\u0151k:<\/strong><\/p>\n\n\n\n<figure class=\"wp-block-table\"><table><tbody><tr><th>\u00d6sszetev\u0151k<\/th><th>Potenci\u00e1lis el\u0151ny\u00f6k<\/th><\/tr><tr><td>Muira Puama<\/td><td>Jav\u00edtja a libid\u00f3t \u00e9s a potenci\u00e1t<\/td><\/tr><tr><td>K\u00ednai shisandra<\/td><td>Stresszcs\u00f6kkent\u00e9s, a libid\u00f3 jav\u00edt\u00e1sa<\/td><\/tr><tr><td>Ginseng<\/td><td>Stimul\u00e1ci\u00f3, energiaszint n\u00f6vel\u00e9se<\/td><\/tr><tr><td>Fah\u00e9j<\/td><td>Jav\u00edtja a v\u00e9rkering\u00e9st<\/td><\/tr><tr><td>L-arginin<\/td><td>Jav\u00edtja az erekci\u00f3t<\/td><\/tr><\/tbody><\/table><\/figure>\n\n\n\n<p>Ezek az \u00f6sszetev\u0151k hat\u00e9konyan egy\u00fcttm\u0171k\u00f6dve seg\u00edtenek jav\u00edtani a f\u00e9rfi potenci\u00e1t, valamint energi\u00e1t \u00e9s \u00e1ll\u00f3k\u00e9pess\u00e9get adnak a h\u00e1l\u00f3szob\u00e1ban.<\/p>\n\n\n\n<p>A Vigrax \u00f6sszetev\u0151i gondosan kiv\u00e1lasztott \u00f6sszetev\u0151k, amelyek \u00e1tfog\u00f3 t\u00e1mogat\u00e1st ny\u00fajtanak a f\u00e9rfi potenci\u00e1hoz. A Vigrax \u00e9trend-kieg\u00e9sz\u00edt\u0151 seg\u00edt a f\u00e9rfiaknak visszanyerni az \u00f6nbizalmukat a h\u00e1l\u00f3szob\u00e1ban \u00e9s \u00e9lvezni a kiel\u00e9g\u00edt\u0151 szexu\u00e1lis \u00e9letet.<\/p>\n\n\n\n<h2 class=\"wp-block-heading\" id=\"h-gdzie-kupic-i-ile-kosztuje-vigrax-cena\">Hol lehet megv\u00e1s\u00e1rolni \u00e9s mennyibe ker\u00fcl a Vigrax &#8211; \u00e1r<\/h2>\n\n\n\n<p>A Vigrax \u00e9trend-kieg\u00e9sz\u00edt\u0151 megv\u00e1s\u00e1rolhat\u00f3 a gy\u00e1rt\u00f3 hivatalos weboldal\u00e1n. Ez a legjobb hely a v\u00e1s\u00e1rl\u00e1shoz, hogy biztos lehessen benne, hogy az eredeti term\u00e9ket kapja. <\/p>\n\n\n\n<p>A Vigrax \u00e1ra az aj\u00e1nlatt\u00f3l \u00e9s a megrendelt mennyis\u00e9gt\u0151l f\u00fcgg\u0151en v\u00e1ltozhat. A gy\u00e1rt\u00f3 gyakran k\u00edn\u00e1l vonz\u00f3 prom\u00f3ci\u00f3kat \u00e9s kedvezm\u00e9nyeket a v\u00e1s\u00e1rl\u00f3k sz\u00e1m\u00e1ra. \u00c9rdemes ez\u00e9rt rendszeresen megl\u00e1togatni a gy\u00e1rt\u00f3 weboldal\u00e1t, hogy naprak\u00e9szen \u00e9rtes\u00fclj\u00f6n az aktu\u00e1lis \u00e1rakr\u00f3l \u00e9s aj\u00e1nlatokr\u00f3l.<\/p>\n\n\n\n<h2 class=\"wp-block-heading\" id=\"h-vigrax-potencjalne-skutki-uboczne-i-przeciwwskazania-do-stosowania\">Vigrax &#8211; Lehets\u00e9ges mell\u00e9khat\u00e1sok \u00e9s ellenjavallatok a haszn\u00e1lathoz<\/h2>\n\n\n\n<p>B\u00e1r a Vigrax sz\u00e9les k\u00f6rben biztons\u00e1gos \u00e9trend-kieg\u00e9sz\u00edt\u0151k\u00e9nt elismert, \u00e9rdemes tiszt\u00e1ban lenni a haszn\u00e1lat\u00e1val kapcsolatos lehets\u00e9ges mell\u00e9khat\u00e1sokkal \u00e9s ellenjavallatokkal. Bizonyos esetekben olyan mell\u00e9khat\u00e1sok jelentkezhetnek, mint fejf\u00e1j\u00e1s, em\u00e9szt\u00e9si zavarok, sz\u00e9d\u00fcl\u00e9s vagy l\u00e1t\u00e1szavarok. <\/p>\n\n\n\n<p>Ha b\u00e1rmilyen nemk\u00edv\u00e1natos t\u00fcnetet tapasztal, aj\u00e1nlott abbahagyni a t\u00e1pl\u00e1l\u00e9kkieg\u00e9sz\u00edt\u0151 haszn\u00e1lat\u00e1t, \u00e9s konzult\u00e1lni orvos\u00e1val. <\/p>\n\n\n\n<p>A Vigrax haszn\u00e1lat\u00e1nak ellenjavallatai k\u00f6z\u00e9 tartozik a kieg\u00e9sz\u00edt\u00e9s \u00f6sszetev\u0151ire val\u00f3 allergia, sz\u00edvbetegs\u00e9g, magas v\u00e9rnyom\u00e1s, vese- vagy m\u00e1jprobl\u00e9m\u00e1k \u00e9s bizonyos gy\u00f3gyszerek szed\u00e9se.<\/p>\n","protected":false},"excerpt":{"rendered":"<p><strong>10100.00 Ft<\/strong><\/p>\n<p><del>20200.00 Ft<\/del><\/p>\n<p><strong>[date_countdown]<\/strong><\/p>\n","protected":false},"featured_media":2771,"comment_status":"open","ping_status":"closed","template":"","meta":{"neve_meta_sidebar":"","neve_meta_container":"","neve_meta_enable_content_width":"","neve_meta_content_width":0,"neve_meta_title_alignment":"","neve_meta_author_avatar":"","neve_post_elements_order":"","neve_meta_disable_header":"","neve_meta_disable_footer":"","neve_meta_disable_title":"","neve_meta_reading_time":""},"product_brand":[],"product_cat":[365],"product_tag":[],"class_list":{"0":"post-2961","1":"product","2":"type-product","3":"status-publish","4":"has-post-thumbnail","6":"product_cat-szexualis-egeszseg","8":"first","9":"instock","10":"shipping-taxable","11":"product-type-external"},"yoast_head":"<!-- This site is optimized with the Yoast SEO plugin v27.4 - https:\/\/yoast.com\/product\/yoast-seo-wordpress\/ -->\n<title>Vigrax - Clinica Althea<\/title>\n<meta name=\"robots\" content=\"index, follow, max-snippet:-1, max-image-preview:large, max-video-preview:-1\" \/>\n<link rel=\"canonical\" href=\"https:\/\/www.clinicaalthea.com\/farmacia\/hu\/apt\/vigrax\/\" \/>\n<meta property=\"og:locale\" content=\"pl_PL\" \/>\n<meta property=\"og:type\" content=\"article\" \/>\n<meta property=\"og:title\" content=\"Vigrax - Clinica Althea\" \/>\n<meta property=\"og:description\" content=\"10100.00 Ft 20200.00 Ft\" \/>\n<meta property=\"og:url\" content=\"https:\/\/www.clinicaalthea.com\/farmacia\/hu\/apt\/vigrax\/\" \/>\n<meta property=\"og:site_name\" content=\"Clinica Althea\" \/>\n<meta property=\"article:modified_time\" content=\"2024-04-25T09:47:10+00:00\" \/>\n<meta property=\"og:image\" content=\"https:\/\/www.clinicaalthea.com\/farmacia\/wp-content\/uploads\/2024\/04\/Vigrax.jpg\" \/>\n\t<meta property=\"og:image:width\" content=\"768\" \/>\n\t<meta property=\"og:image:height\" content=\"768\" \/>\n\t<meta property=\"og:image:type\" content=\"image\/jpeg\" \/>\n<meta name=\"twitter:card\" content=\"summary_large_image\" \/>\n<meta name=\"twitter:label1\" content=\"Szacowany czas czytania\" \/>\n\t<meta name=\"twitter:data1\" content=\"5 minut\" \/>\n<script type=\"application\/ld+json\" class=\"yoast-schema-graph\">{\"@context\":\"https:\\\/\\\/schema.org\",\"@graph\":[{\"@type\":\"WebPage\",\"@id\":\"https:\\\/\\\/www.clinicaalthea.com\\\/farmacia\\\/hu\\\/apt\\\/vigrax\\\/\",\"url\":\"https:\\\/\\\/www.clinicaalthea.com\\\/farmacia\\\/hu\\\/apt\\\/vigrax\\\/\",\"name\":\"Vigrax - Clinica Althea\",\"isPartOf\":{\"@id\":\"https:\\\/\\\/www.clinicaalthea.com\\\/farmacia\\\/#website\"},\"primaryImageOfPage\":{\"@id\":\"https:\\\/\\\/www.clinicaalthea.com\\\/farmacia\\\/hu\\\/apt\\\/vigrax\\\/#primaryimage\"},\"image\":{\"@id\":\"https:\\\/\\\/www.clinicaalthea.com\\\/farmacia\\\/hu\\\/apt\\\/vigrax\\\/#primaryimage\"},\"thumbnailUrl\":\"https:\\\/\\\/www.clinicaalthea.com\\\/farmacia\\\/wp-content\\\/uploads\\\/2024\\\/04\\\/Vigrax.jpg\",\"datePublished\":\"2024-04-25T09:46:12+00:00\",\"dateModified\":\"2024-04-25T09:47:10+00:00\",\"breadcrumb\":{\"@id\":\"https:\\\/\\\/www.clinicaalthea.com\\\/farmacia\\\/hu\\\/apt\\\/vigrax\\\/#breadcrumb\"},\"inLanguage\":\"pl-PL\",\"potentialAction\":[{\"@type\":\"ReadAction\",\"target\":[\"https:\\\/\\\/www.clinicaalthea.com\\\/farmacia\\\/hu\\\/apt\\\/vigrax\\\/\"]}]},{\"@type\":\"ImageObject\",\"inLanguage\":\"pl-PL\",\"@id\":\"https:\\\/\\\/www.clinicaalthea.com\\\/farmacia\\\/hu\\\/apt\\\/vigrax\\\/#primaryimage\",\"url\":\"https:\\\/\\\/www.clinicaalthea.com\\\/farmacia\\\/wp-content\\\/uploads\\\/2024\\\/04\\\/Vigrax.jpg\",\"contentUrl\":\"https:\\\/\\\/www.clinicaalthea.com\\\/farmacia\\\/wp-content\\\/uploads\\\/2024\\\/04\\\/Vigrax.jpg\",\"width\":768,\"height\":768,\"caption\":\"Vigrax\"},{\"@type\":\"BreadcrumbList\",\"@id\":\"https:\\\/\\\/www.clinicaalthea.com\\\/farmacia\\\/hu\\\/apt\\\/vigrax\\\/#breadcrumb\",\"itemListElement\":[{\"@type\":\"ListItem\",\"position\":1,\"name\":\"Strona g\u0142\u00f3wna\",\"item\":\"https:\\\/\\\/www.clinicaalthea.com\\\/farmacia\\\/\"},{\"@type\":\"ListItem\",\"position\":2,\"name\":\"Produkty\",\"item\":\"https:\\\/\\\/www.clinicaalthea.com\\\/farmacia\\\/\"},{\"@type\":\"ListItem\",\"position\":3,\"name\":\"Vigrax\"}]},{\"@type\":\"WebSite\",\"@id\":\"https:\\\/\\\/www.clinicaalthea.com\\\/farmacia\\\/#website\",\"url\":\"https:\\\/\\\/www.clinicaalthea.com\\\/farmacia\\\/\",\"name\":\"Clinica Althea\",\"description\":\"\",\"publisher\":{\"@id\":\"https:\\\/\\\/www.clinicaalthea.com\\\/farmacia\\\/#organization\"},\"potentialAction\":[{\"@type\":\"SearchAction\",\"target\":{\"@type\":\"EntryPoint\",\"urlTemplate\":\"https:\\\/\\\/www.clinicaalthea.com\\\/farmacia\\\/?s={search_term_string}\"},\"query-input\":{\"@type\":\"PropertyValueSpecification\",\"valueRequired\":true,\"valueName\":\"search_term_string\"}}],\"inLanguage\":\"pl-PL\"},{\"@type\":\"Organization\",\"@id\":\"https:\\\/\\\/www.clinicaalthea.com\\\/farmacia\\\/#organization\",\"name\":\"Clinica Althea\",\"url\":\"https:\\\/\\\/www.clinicaalthea.com\\\/farmacia\\\/\",\"logo\":{\"@type\":\"ImageObject\",\"inLanguage\":\"pl-PL\",\"@id\":\"https:\\\/\\\/www.clinicaalthea.com\\\/farmacia\\\/#\\\/schema\\\/logo\\\/image\\\/\",\"url\":\"https:\\\/\\\/www.clinicaalthea.com\\\/farmacia\\\/wp-content\\\/uploads\\\/2023\\\/12\\\/Jak-diagnozuje-sie-FAS_-objawy-kryteria-diagnostyczne-i-metody-diagnozowania-154162903.jpg\",\"contentUrl\":\"https:\\\/\\\/www.clinicaalthea.com\\\/farmacia\\\/wp-content\\\/uploads\\\/2023\\\/12\\\/Jak-diagnozuje-sie-FAS_-objawy-kryteria-diagnostyczne-i-metody-diagnozowania-154162903.jpg\",\"width\":1216,\"height\":832,\"caption\":\"Clinica Althea\"},\"image\":{\"@id\":\"https:\\\/\\\/www.clinicaalthea.com\\\/farmacia\\\/#\\\/schema\\\/logo\\\/image\\\/\"}}]}<\/script>\n<!-- \/ Yoast SEO plugin. -->","yoast_head_json":{"title":"Vigrax - Clinica Althea","robots":{"index":"index","follow":"follow","max-snippet":"max-snippet:-1","max-image-preview":"max-image-preview:large","max-video-preview":"max-video-preview:-1"},"canonical":"https:\/\/www.clinicaalthea.com\/farmacia\/hu\/apt\/vigrax\/","og_locale":"pl_PL","og_type":"article","og_title":"Vigrax - Clinica Althea","og_description":"10100.00 Ft 20200.00 Ft","og_url":"https:\/\/www.clinicaalthea.com\/farmacia\/hu\/apt\/vigrax\/","og_site_name":"Clinica Althea","article_modified_time":"2024-04-25T09:47:10+00:00","og_image":[{"width":768,"height":768,"url":"https:\/\/www.clinicaalthea.com\/farmacia\/wp-content\/uploads\/2024\/04\/Vigrax.jpg","type":"image\/jpeg"}],"twitter_card":"summary_large_image","twitter_misc":{"Szacowany czas czytania":"5 minut"},"schema":{"@context":"https:\/\/schema.org","@graph":[{"@type":"WebPage","@id":"https:\/\/www.clinicaalthea.com\/farmacia\/hu\/apt\/vigrax\/","url":"https:\/\/www.clinicaalthea.com\/farmacia\/hu\/apt\/vigrax\/","name":"Vigrax - Clinica Althea","isPartOf":{"@id":"https:\/\/www.clinicaalthea.com\/farmacia\/#website"},"primaryImageOfPage":{"@id":"https:\/\/www.clinicaalthea.com\/farmacia\/hu\/apt\/vigrax\/#primaryimage"},"image":{"@id":"https:\/\/www.clinicaalthea.com\/farmacia\/hu\/apt\/vigrax\/#primaryimage"},"thumbnailUrl":"https:\/\/www.clinicaalthea.com\/farmacia\/wp-content\/uploads\/2024\/04\/Vigrax.jpg","datePublished":"2024-04-25T09:46:12+00:00","dateModified":"2024-04-25T09:47:10+00:00","breadcrumb":{"@id":"https:\/\/www.clinicaalthea.com\/farmacia\/hu\/apt\/vigrax\/#breadcrumb"},"inLanguage":"pl-PL","potentialAction":[{"@type":"ReadAction","target":["https:\/\/www.clinicaalthea.com\/farmacia\/hu\/apt\/vigrax\/"]}]},{"@type":"ImageObject","inLanguage":"pl-PL","@id":"https:\/\/www.clinicaalthea.com\/farmacia\/hu\/apt\/vigrax\/#primaryimage","url":"https:\/\/www.clinicaalthea.com\/farmacia\/wp-content\/uploads\/2024\/04\/Vigrax.jpg","contentUrl":"https:\/\/www.clinicaalthea.com\/farmacia\/wp-content\/uploads\/2024\/04\/Vigrax.jpg","width":768,"height":768,"caption":"Vigrax"},{"@type":"BreadcrumbList","@id":"https:\/\/www.clinicaalthea.com\/farmacia\/hu\/apt\/vigrax\/#breadcrumb","itemListElement":[{"@type":"ListItem","position":1,"name":"Strona g\u0142\u00f3wna","item":"https:\/\/www.clinicaalthea.com\/farmacia\/"},{"@type":"ListItem","position":2,"name":"Produkty","item":"https:\/\/www.clinicaalthea.com\/farmacia\/"},{"@type":"ListItem","position":3,"name":"Vigrax"}]},{"@type":"WebSite","@id":"https:\/\/www.clinicaalthea.com\/farmacia\/#website","url":"https:\/\/www.clinicaalthea.com\/farmacia\/","name":"Clinica Althea","description":"","publisher":{"@id":"https:\/\/www.clinicaalthea.com\/farmacia\/#organization"},"potentialAction":[{"@type":"SearchAction","target":{"@type":"EntryPoint","urlTemplate":"https:\/\/www.clinicaalthea.com\/farmacia\/?s={search_term_string}"},"query-input":{"@type":"PropertyValueSpecification","valueRequired":true,"valueName":"search_term_string"}}],"inLanguage":"pl-PL"},{"@type":"Organization","@id":"https:\/\/www.clinicaalthea.com\/farmacia\/#organization","name":"Clinica Althea","url":"https:\/\/www.clinicaalthea.com\/farmacia\/","logo":{"@type":"ImageObject","inLanguage":"pl-PL","@id":"https:\/\/www.clinicaalthea.com\/farmacia\/#\/schema\/logo\/image\/","url":"https:\/\/www.clinicaalthea.com\/farmacia\/wp-content\/uploads\/2023\/12\/Jak-diagnozuje-sie-FAS_-objawy-kryteria-diagnostyczne-i-metody-diagnozowania-154162903.jpg","contentUrl":"https:\/\/www.clinicaalthea.com\/farmacia\/wp-content\/uploads\/2023\/12\/Jak-diagnozuje-sie-FAS_-objawy-kryteria-diagnostyczne-i-metody-diagnozowania-154162903.jpg","width":1216,"height":832,"caption":"Clinica Althea"},"image":{"@id":"https:\/\/www.clinicaalthea.com\/farmacia\/#\/schema\/logo\/image\/"}}]}},"lang":"hu","translations":{"hu":2961,"cs":2772,"pl":2769,"da":2774,"fi":2775,"fr":2776,"el":2777,"es":2778,"nl":2953,"lv":2954,"lt":2955,"de":2956,"pt":2957,"ro":2958,"sk":2959,"sv":2960,"it":2963},"pll_sync_post":[],"_links":{"self":[{"href":"https:\/\/www.clinicaalthea.com\/farmacia\/wp-json\/wp\/v2\/product\/2961","targetHints":{"allow":["GET"]}}],"collection":[{"href":"https:\/\/www.clinicaalthea.com\/farmacia\/wp-json\/wp\/v2\/product"}],"about":[{"href":"https:\/\/www.clinicaalthea.com\/farmacia\/wp-json\/wp\/v2\/types\/product"}],"replies":[{"embeddable":true,"href":"https:\/\/www.clinicaalthea.com\/farmacia\/wp-json\/wp\/v2\/comments?post=2961"}],"wp:featuredmedia":[{"embeddable":true,"href":"https:\/\/www.clinicaalthea.com\/farmacia\/wp-json\/wp\/v2\/media\/2771"}],"wp:attachment":[{"href":"https:\/\/www.clinicaalthea.com\/farmacia\/wp-json\/wp\/v2\/media?parent=2961"}],"wp:term":[{"taxonomy":"product_brand","embeddable":true,"href":"https:\/\/www.clinicaalthea.com\/farmacia\/wp-json\/wp\/v2\/product_brand?post=2961"},{"taxonomy":"product_cat","embeddable":true,"href":"https:\/\/www.clinicaalthea.com\/farmacia\/wp-json\/wp\/v2\/product_cat?post=2961"},{"taxonomy":"product_tag","embeddable":true,"href":"https:\/\/www.clinicaalthea.com\/farmacia\/wp-json\/wp\/v2\/product_tag?post=2961"}],"curies":[{"name":"wp","href":"https:\/\/api.w.org\/{rel}","templated":true}]}}