{"id":2679,"date":"2024-04-24T10:54:17","date_gmt":"2024-04-24T09:54:17","guid":{"rendered":"https:\/\/mayoguide.org\/produkty\/?post_type=product&#038;p=2679"},"modified":"2024-04-24T10:56:27","modified_gmt":"2024-04-24T09:56:27","slug":"maxatin","status":"publish","type":"product","link":"https:\/\/www.clinicaalthea.com\/farmacia\/sv\/apt\/maxatin\/","title":{"rendered":"Maxatin"},"content":{"rendered":"\n<p>Har du n\u00e5gonsin undrat om det finns ett s\u00e4tt att \u00f6ka volymen p\u00e5 ditt ejakulat och f\u00f6rb\u00e4ttra din styrka? \u00c4r du nyfiken p\u00e5 om ett <b>kosttillskott<\/b> kan ge dig dessa effekter? Hitta svaren p\u00e5 dessa fr\u00e5gor i v\u00e5r artikel om <b>Maxatin<\/b>, ett kosttillskott som \u00e4r utformat f\u00f6r att st\u00f6dja manlig styrka och \u00f6ka ejakulationsvolymen.<\/p>\n\n\n\n<h2 class=\"wp-block-heading\" id=\"h-glowne-efekty-stosowania-maxatin\">De viktigaste effekterna av att anv\u00e4nda Maxatin<\/h2>\n\n\n\n<p>Maxatin, tack vare sina naturliga ingredienser, kan \u00f6ka ejakulationsvolymen och f\u00f6rb\u00e4ttra erektionernas varaktighet och intensitet. Regelbunden anv\u00e4ndning av detta kosttillskott kan dra nytta av st\u00f6rre tillfredsst\u00e4llelse med samlag och f\u00f6rb\u00e4ttrad kvalitet p\u00e5 sexlivet.<\/p>\n\n\n\n<p>Ingredienserna i Maxatin, s\u00e5som sibirisk ginseng, pumpa, peruansk peppar, amerikansk tranb\u00e4r och andra, arbetar synergistiskt f\u00f6r att p\u00e5verka urinv\u00e4garna och f\u00f6rb\u00e4ttra sexuell funktion. De aktiva substanserna i Maxatin kan st\u00f6dja spermieproduktionen, p\u00e5verka spermiernas kvalitet och reglera niv\u00e5erna av hormoner som \u00e4r ansvariga f\u00f6r libido och styrka.<\/p>\n\n\n\n<figure class=\"wp-block-table\"><table><tbody><tr><th>Huvudeffekter av Maxatin<\/th><th>F\u00f6rklaring<\/th><\/tr><tr><td>\u00d6ka ejakulationsvolymen<\/td><td>Maxatin kan \u00f6ka spermavolymen, vilket kan leda till st\u00f6rre sexuell tillfredsst\u00e4llelse.<\/td><\/tr><tr><td>F\u00f6rb\u00e4ttrad erektionsvaraktighet och intensitet<\/td><td>Tack vare ingredienserna i Maxatin \u00e4r det m\u00f6jligt att uppn\u00e5 starkare och mer h\u00e5llbara erektioner.<\/td><\/tr><tr><td>\u00d6ka sexuell njutning<\/td><td>Regelbunden anv\u00e4ndning av Maxatin kan bidra till att \u00f6ka tillfredsst\u00e4llelsen med samlag och f\u00f6rb\u00e4ttra kvaliteten p\u00e5 det sexuella livet.<\/td><\/tr><\/tbody><\/table><\/figure>\n\n\n\n<p>Som ett kosttillskott b\u00f6r Maxatin anv\u00e4ndas enligt tillverkarens rekommendation. L\u00e5ngvarig anv\u00e4ndning kan ha varaktiga positiva effekter, men resultaten varierar fr\u00e5n man till man.<\/p>\n\n\n\n<p>Det \u00e4r dock v\u00e4rt att komma ih\u00e5g att varje kropp reagerar individuellt p\u00e5 kosttillskott, s\u00e5 effekterna av Maxatin kan variera fr\u00e5n man till man. Om du \u00e4r i tvivel \u00e4r det v\u00e4rt att r\u00e5dfr\u00e5ga din l\u00e4kare innan du b\u00f6rjar Maxatin.<\/p>\n\n\n\n<h2 class=\"wp-block-heading\" id=\"h-dla-kogo-jest-przeznaczony-maxatin\">Vem Maxatin \u00e4r f\u00f6r<\/h2>\n\n\n\n<p>Maxatin \u00e4r f\u00f6r alla m\u00e4n som vill \u00f6ka sin spermavolym, f\u00f6rb\u00e4ttra erektionstiden och l\u00f6sa potensproblem. Oavsett \u00e5lder eller sexuell l\u00e4ggning kan Maxatin anv\u00e4ndas av alla m\u00e4n som vill f\u00f6rb\u00e4ttra sitt sexliv och uppn\u00e5 st\u00f6rre tillfredsst\u00e4llelse.<\/p>\n\n\n\n<p>Det finns dock vissa <b>kontraindikationer<\/b> som m\u00e5ste f\u00f6ljas. Maxatin ska inte anv\u00e4ndas av n\u00e5gon under 18 \u00e5r, gravida eller ammande kvinnor eller n\u00e5gon som \u00e4r allergisk mot n\u00e5gon av ingredienserna i till\u00e4gget. Innan du tar Maxatin \u00e4r det alltid tillr\u00e5dligt att konsultera din l\u00e4kare f\u00f6r att s\u00e4kerst\u00e4lla att till\u00e4gget \u00e4r l\u00e4mpligt f\u00f6r din individuella h\u00e4lsosituation.<\/p>\n\n\n\n<p>Kom ih\u00e5g att Maxatin \u00e4r ett kosttillskott, inte ett l\u00e4kemedel. Det \u00e4r d\u00e4rf\u00f6r inte ett substitut f\u00f6r en h\u00e4lsosam livsstil, en balanserad kost och regelbunden fysisk aktivitet. Anv\u00e4ndningen av Maxatin b\u00f6r betraktas som ett komplement till en h\u00e4lsosam livsstil som kan hj\u00e4lpa dig att uppn\u00e5 \u00f6nskade resultat f\u00f6r styrka och ejakulation.<\/p>\n\n\n\n<h2 class=\"wp-block-heading\" id=\"h-sklad-maxatin\">Maxatin sammans\u00e4ttning<\/h2>\n\n\n\n<p><b>Sammans\u00e4ttningen<\/b> av Maxatin \u00e4r baserad p\u00e5 naturliga ingredienser som har en positiv effekt p\u00e5 styrka och ejakulation. Kosttillskottet Maxatin inneh\u00e5ller:<\/p>\n\n\n\n<ol class=\"wp-block-list\">\n<li><strong>Sibirisk ginseng<\/strong><em>:<\/em> en ingrediens med stimulerande och manliga potensf\u00f6rb\u00e4ttrande egenskaper.<\/li>\n\n\n\n<li><strong>Pumpa:<\/strong> rik p\u00e5 v\u00e4rdefulla n\u00e4rings\u00e4mnen som zink och magnesium, som st\u00f6der reproduktionssystemets korrekta funktion.<\/li>\n\n\n\n<li><strong>Peruansk peppar<\/strong>: en v\u00e4xt med afrodisiakumegenskaper, som kan ha en positiv effekt p\u00e5 libido och erektil kvalitet.<\/li>\n\n\n\n<li><strong>Amerikanskt tranb\u00e4r:<\/strong> inneh\u00e5ller aktiva ingredienser som kan st\u00f6dja urinv\u00e4garnas h\u00e4lsa och f\u00f6rb\u00e4ttra den sexuella funktionen.<\/li>\n\n\n\n<li><strong>Sl\u00e4t lakrits:<\/strong> \u00e4mnena i denna ingrediens \u00e4r f\u00f6rdelaktiga f\u00f6r att det endokrina systemet ska fungera optimalt.<\/li>\n\n\n\n<li><strong>Sarsaparilla:<\/strong> kan bidra till att f\u00f6rb\u00e4ttra testosteronniv\u00e5erna och st\u00f6dja den totala prestationen.<\/li>\n\n\n\n<li><strong>L-arginin:<\/strong> en aminosyra som kan p\u00e5verka vasodilatation och f\u00f6rb\u00e4ttra cirkulationen i kroppen, vilket kan ha en gynnsam effekt p\u00e5 erektion.<\/li>\n\n\n\n<li><strong>L-lysin:<\/strong> en aminosyra som spelar en viktig roll i produktionen av hormoner, inklusive testosteron, och kan ha en positiv effekt p\u00e5 sexuell funktion.<\/li>\n\n\n\n<li><strong>L-karnitin:<\/strong> ett \u00e4mne som kan f\u00f6rb\u00e4ttra fysisk prestanda och sexuell funktion.<\/li>\n<\/ol>\n\n\n\n<p>Tack vare sin noggrant utvalda sammans\u00e4ttning kan Maxatin effektivt st\u00f6dja manlig styrka och f\u00f6rb\u00e4ttra kvaliteten p\u00e5 det sexuella livet.<\/p>\n\n\n\n<h2 class=\"wp-block-heading\" id=\"h-sposob-stosowania-maxatin\">Hur man anv\u00e4nder Maxatin<\/h2>\n\n\n\n<p>Det rekommenderas att ta en Maxatin-kapsel tv\u00e5 g\u00e5nger dagligen med mycket vatten. Till\u00e4gget b\u00f6r tas regelbundet i minst 2 m\u00e5nader f\u00f6r b\u00e4sta resultat. Innan du tar Maxatin, se till att det finns sexuell upphetsning eftersom kosttillskottet i sig inte direkt p\u00e5verkar upphetsningen.<\/p>\n\n\n\n<h2 class=\"wp-block-heading\" id=\"h-mozliwe-dzialania-niepozadane-maxatin\">M\u00f6jliga biverkningar av Maxatin<\/h2>\n\n\n\n<p>Inga fall av biverkningar har rapporterats vid anv\u00e4ndning av Maxatin. Men som alla kosttillskott finns det en m\u00f6jlighet till allergiska reaktioner eller biverkningar. Om n\u00e5gra o\u00f6nskade symtom uppst\u00e5r, sluta anv\u00e4nda till\u00e4gget och kontakta din l\u00e4kare.<\/p>\n\n\n\n<h2 class=\"wp-block-heading\" id=\"h-przeciwwskazania-i-srodki-ostroznosci\">Kontraindikationer och f\u00f6rsiktighets\u00e5tg\u00e4rder<\/h2>\n\n\n\n<p>Innan du tar Maxatin b\u00f6r vissa <b>kontraindikationer<\/b> och <b>f\u00f6rsiktighets\u00e5tg\u00e4rder<\/b> beaktas. Trots effektiviteten och den naturliga sammans\u00e4ttningen av detta kosttillskott finns det flera grupper av m\u00e4nniskor som b\u00f6r avst\u00e5 fr\u00e5n att anv\u00e4nda det.<\/p>\n\n\n\n<ul class=\"wp-block-list\">\n<li><strong>Personer under 18<\/strong> \u00e5r: Maxatin \u00e4r inte avsett f\u00f6r minder\u00e5riga. Deras kroppar utvecklas fortfarande, s\u00e5 f\u00f6rsiktighet b\u00f6r iakttas och kosttillskott b\u00f6r undvikas utan att f\u00f6rst r\u00e5dfr\u00e5ga en l\u00e4kare.<\/li>\n\n\n\n<li><strong>Gravida och ammande kvinnor<\/strong>: P\u00e5 grund av bristen p\u00e5 adekvat forskning om effekterna av Maxatin p\u00e5 fostrets utveckling och amningss\u00e4kerhet rekommenderas detta tillskott inte f\u00f6r gravida och ammande kvinnor.<\/li>\n\n\n\n<li><strong>M\u00e4nniskor som \u00e4r allergiska mot ingredienser<\/strong>: Maxatin inneh\u00e5ller naturliga ingredienser; det finns dock en m\u00f6jlighet till allergiska reaktioner hos personer som \u00e4r allergiska mot n\u00e5gon av ingredienserna. Innan du tar till\u00e4gget, l\u00e4s etiketten noggrant och kontakta din l\u00e4kare om du har n\u00e5gon intolerans eller allergi.<\/li>\n<\/ul>\n\n\n\n<p>Observera att Maxatin \u00e4r ett kosttillskott och inte b\u00f6r anv\u00e4ndas som ers\u00e4ttning f\u00f6r en varierad kost. F\u00f6r b\u00e4sta resultat och f\u00f6r att minimera risken f\u00f6r eventuella biverkningar \u00e4r det alltid l\u00e4mpligt att r\u00e5dfr\u00e5ga din l\u00e4kare innan du tar Maxatin.<\/p>\n\n\n\n<h2 class=\"wp-block-heading\" id=\"h-opinie-i-recenzje-uzytkownikow-maxatin\">Maxatin anv\u00e4ndarrecensioner och vittnesm\u00e5l<\/h2>\n\n\n\n<p><b>Feedback<\/b> och <b>recensioner<\/b> fr\u00e5n Maxatin-anv\u00e4ndare bekr\u00e4ftar effektiviteten hos detta kosttillskott f\u00f6r att f\u00f6rb\u00e4ttra manlig styrka och ejakulationsintensitet. Anv\u00e4ndare som regelbundet anv\u00e4nder Maxatin rapporterar positiva effekter som \u00f6kad ejakulationsvolym, b\u00e4ttre erektioner och st\u00f6rre tillfredsst\u00e4llelse med samlag.<\/p>\n\n\n\n<p><b>Yttranden<\/b> fr\u00e5n l\u00e4kare och specialister bekr\u00e4ftar ocks\u00e5 effektiviteten hos Maxatin. M\u00e5nga experter tror att ingredienserna i detta kosttillskott har en positiv effekt p\u00e5 manlig styrka och kvaliteten p\u00e5 sexlivet. De uppskattar s\u00e4rskilt de naturliga ingredienserna, vilket minimerar risken f\u00f6r biverkningar.<\/p>\n\n\n\n<blockquote class=\"wp-block-quote is-layout-flow wp-block-quote-is-layout-flow\">\n<p><em>Sedan jag b\u00f6rjade anv\u00e4nda Maxatin har min sexuella upplevelse blivit mycket mer tillfredsst\u00e4llande. Jag kan se en markant skillnad i ejakulationsvolymen, vilket ger mig sj\u00e4lvf\u00f6rtroende. Dessutom \u00e4r erektionerna mer l\u00e5ngvariga och mer intensiva. Det \u00e4r fantastiskt hur de naturliga ingredienserna i Maxatin kan ha en s\u00e5 positiv effekt p\u00e5 den manliga styrkan. Jag skulle rekommendera detta till\u00e4gg till alla m\u00e4n som vill f\u00f6rb\u00e4ttra kvaliteten p\u00e5 sitt sexliv.<\/em><\/p>\n<\/blockquote>\n\n\n\n<blockquote class=\"wp-block-quote is-layout-flow wp-block-quote-is-layout-flow\">\n<p><em>Jag \u00e4r f\u00f6rv\u00e5nad \u00f6ver hur Maxatin har f\u00f6r\u00e4ndrat mitt sexliv! Regelbunden anv\u00e4ndning av detta tillskott under de senaste tv\u00e5 m\u00e5naderna har gett mig fantastiska resultat. Jag har sett en markant f\u00f6rb\u00e4ttring av b\u00e5de erektionsvaraktighet och ejakulationsvolym. Kompositionen baserad p\u00e5 naturliga ingredienser g\u00f6r att jag k\u00e4nner mig trygg och s\u00e4ker och vet att jag tar hand om min h\u00e4lsa. Jag rekommenderar Maxatin till alla som vill f\u00f6rb\u00e4ttra sin styrka och njuta av ett tillfredsst\u00e4llande sexliv!<\/em><\/p>\n<\/blockquote>\n\n\n\n<p>Feedback och <b>recensioner fr\u00e5n<\/b> Maxatin-anv\u00e4ndare \u00e4r enh\u00e4lliga &#8211; detta till\u00e4gg kan ge positiva resultat f\u00f6r att f\u00f6rb\u00e4ttra manlig styrka och utl\u00f6sning. M\u00e5nga positiva kommentarer fr\u00e5n b\u00e5de anv\u00e4ndare och yrkesverksamma vittnar om effektiviteten hos Maxatin som ett kosttillskott f\u00f6r att st\u00f6dja en h\u00e4lsosam och tillfredsst\u00e4llande sexuell sf\u00e4r.<\/p>\n\n\n\n<p>Feedback och <b>recensioner fr\u00e5n<\/b> Maxatin-anv\u00e4ndare \u00e4r tydliga &#8211; detta kosttillskott hj\u00e4lper till att f\u00f6rb\u00e4ttra manlig styrka, ejakulationsvolym och sexuell tillfredsst\u00e4llelse. Det \u00e4r tillr\u00e5dligt att konsultera din l\u00e4kare innan du b\u00f6rjar anv\u00e4nda Maxatin f\u00f6r att f\u00e5 b\u00e4sta resultat och f\u00f6r att hitta r\u00e4tt dos som passar dina individuella behov.<\/p>\n\n\n\n<h2 class=\"wp-block-heading\" id=\"h-gdzie-kupic-maxatin-i-cena\">Var kan man k\u00f6pa Maxatin och priset<\/h2>\n\n\n\n<p>Maxatin, ett kosttillskott f\u00f6r riklig <strong>utl\u00f6sning<\/strong> och styrka, finns inte tillg\u00e4ngligt fr\u00e5n apotek i butiken. F\u00f6r att k\u00f6pa Maxatin m\u00e5ste du g\u00e5 till tillverkarens officiella webbplats. Endast d\u00e4r kan vi vara s\u00e4kra p\u00e5 att vi kommer att f\u00e5 originalprodukten. <strong>Ink\u00f6p<\/strong> via andra kanaler kan leda till exponering f\u00f6r f\u00f6rfalskningar eller produkter av tvivelaktig kvalitet.<\/p>\n\n\n\n<p>Om du vill k\u00f6pa Maxatin rekommenderar vi att du bes\u00f6ker tillverkarens officiella webbplats, d\u00e4r du kan g\u00f6ra ditt k\u00f6p s\u00e4kert och enkelt. P\u00e5 tillverkarens webbplats hittar du all n\u00f6dv\u00e4ndig information om produkten, instruktioner om hur du anv\u00e4nder den och m\u00f6jligheten att best\u00e4lla.<\/p>\n\n\n\n<p>N\u00e4r det g\u00e4ller priset p\u00e5 Maxatin \u00e4r det v\u00e4rt att vara uppm\u00e4rksam p\u00e5 kampanjerbjudandena p\u00e5 tillverkarens officiella webbplats. Priserna kan variera beroende p\u00e5 antalet f\u00f6rpackningar du best\u00e4ller. Det \u00e4r v\u00e4rt att dra nytta av kampanjer och k\u00f6pa en st\u00f6rre m\u00e4ngd Maxatin f\u00f6r att spara pengar och fylla p\u00e5 produkten l\u00e4ngre.<\/p>\n\n\n\n<h2 class=\"wp-block-heading\" id=\"h-mozliwe-skutki-uboczne\">M\u00f6jliga biverkningar<\/h2>\n\n\n\n<p>Det har inte rapporterats n\u00e5gra fall av allvarliga biverkningar vid anv\u00e4ndning av Maxatin. Men som alla kosttillskott finns det m\u00f6jlighet till allergiska reaktioner eller biverkningar hos vissa m\u00e4nniskor. Det \u00e4r alltid tillr\u00e5dligt att avbryta anv\u00e4ndningen av till\u00e4gget och konsultera en l\u00e4kare om n\u00e5gra negativa symtom uppst\u00e5r.<\/p>\n\n\n\n<p>N\u00e4r du tar Maxatin kan det finnas potentiella <b>biverkningar<\/b> hos personer som \u00e4r k\u00e4nsliga f\u00f6r n\u00e5gon av ingredienserna i till\u00e4gget. Detta kan inkludera allergiska symtom som utslag, kl\u00e5da, svullnad eller andningssv\u00e5righeter. Om dessa symtom uppst\u00e5r, sluta anv\u00e4nda Maxatin omedelbart och kontakta din l\u00e4kare.<\/p>\n\n\n\n<p>Mindre vanliga <b>biverkningar<\/b> relaterade till matsm\u00e4ltningssystemet, s\u00e5som buksm\u00e4rta, illam\u00e5ende, kr\u00e4kningar eller diarr\u00e9, kan ocks\u00e5 f\u00f6rekomma. Om dessa symtom kvarst\u00e5r eller \u00e4r besv\u00e4rande ska du r\u00e5dfr\u00e5ga l\u00e4kare.<\/p>\n\n\n\n<p>Det \u00e4r viktigt att alltid l\u00e4sa kosttillskottets sammans\u00e4ttning och r\u00e5dfr\u00e5ga din l\u00e4kare innan du tar Maxatin, s\u00e4rskilt om du har n\u00e5gra befintliga medicinska tillst\u00e5nd, tar andra mediciner eller har allergier.<\/p>\n","protected":false},"excerpt":{"rendered":"<p><strong>469.00 kr<\/strong><\/p>\n<p><del>938.00 kr<\/del><\/p>\n<p><strong>[date_countdown]<\/strong><\/p>\n","protected":false},"featured_media":2665,"comment_status":"open","ping_status":"closed","template":"","meta":{"neve_meta_sidebar":"","neve_meta_container":"","neve_meta_enable_content_width":"","neve_meta_content_width":0,"neve_meta_title_alignment":"","neve_meta_author_avatar":"","neve_post_elements_order":"","neve_meta_disable_header":"","neve_meta_disable_footer":"","neve_meta_disable_title":"","neve_meta_reading_time":""},"product_brand":[],"product_cat":[413],"product_tag":[],"class_list":{"0":"post-2679","1":"product","2":"type-product","3":"status-publish","4":"has-post-thumbnail","6":"product_cat-sexuell-halsa","8":"first","9":"instock","10":"shipping-taxable","11":"product-type-external"},"yoast_head":"<!-- This site is optimized with the Yoast SEO plugin v27.4 - https:\/\/yoast.com\/product\/yoast-seo-wordpress\/ -->\n<title>Maxatin - Clinica Althea<\/title>\n<meta name=\"robots\" content=\"index, follow, max-snippet:-1, max-image-preview:large, max-video-preview:-1\" \/>\n<link rel=\"canonical\" href=\"https:\/\/www.clinicaalthea.com\/farmacia\/sv\/apt\/maxatin\/\" \/>\n<meta property=\"og:locale\" content=\"pl_PL\" \/>\n<meta property=\"og:type\" content=\"article\" \/>\n<meta property=\"og:title\" content=\"Maxatin - Clinica Althea\" \/>\n<meta property=\"og:description\" content=\"469.00 kr 938.00 kr\" \/>\n<meta property=\"og:url\" content=\"https:\/\/www.clinicaalthea.com\/farmacia\/sv\/apt\/maxatin\/\" \/>\n<meta property=\"og:site_name\" content=\"Clinica Althea\" \/>\n<meta property=\"article:modified_time\" content=\"2024-04-24T09:56:27+00:00\" \/>\n<meta property=\"og:image\" content=\"https:\/\/www.clinicaalthea.com\/farmacia\/wp-content\/uploads\/2024\/04\/Maxatin.jpg\" \/>\n\t<meta property=\"og:image:width\" content=\"768\" \/>\n\t<meta property=\"og:image:height\" content=\"768\" \/>\n\t<meta property=\"og:image:type\" content=\"image\/jpeg\" \/>\n<meta name=\"twitter:card\" content=\"summary_large_image\" \/>\n<meta name=\"twitter:label1\" content=\"Szacowany czas czytania\" \/>\n\t<meta name=\"twitter:data1\" content=\"9 minut\" \/>\n<script type=\"application\/ld+json\" class=\"yoast-schema-graph\">{\"@context\":\"https:\\\/\\\/schema.org\",\"@graph\":[{\"@type\":\"WebPage\",\"@id\":\"https:\\\/\\\/www.clinicaalthea.com\\\/farmacia\\\/sv\\\/apt\\\/maxatin\\\/\",\"url\":\"https:\\\/\\\/www.clinicaalthea.com\\\/farmacia\\\/sv\\\/apt\\\/maxatin\\\/\",\"name\":\"Maxatin - Clinica Althea\",\"isPartOf\":{\"@id\":\"https:\\\/\\\/www.clinicaalthea.com\\\/farmacia\\\/#website\"},\"primaryImageOfPage\":{\"@id\":\"https:\\\/\\\/www.clinicaalthea.com\\\/farmacia\\\/sv\\\/apt\\\/maxatin\\\/#primaryimage\"},\"image\":{\"@id\":\"https:\\\/\\\/www.clinicaalthea.com\\\/farmacia\\\/sv\\\/apt\\\/maxatin\\\/#primaryimage\"},\"thumbnailUrl\":\"https:\\\/\\\/www.clinicaalthea.com\\\/farmacia\\\/wp-content\\\/uploads\\\/2024\\\/04\\\/Maxatin.jpg\",\"datePublished\":\"2024-04-24T09:54:17+00:00\",\"dateModified\":\"2024-04-24T09:56:27+00:00\",\"breadcrumb\":{\"@id\":\"https:\\\/\\\/www.clinicaalthea.com\\\/farmacia\\\/sv\\\/apt\\\/maxatin\\\/#breadcrumb\"},\"inLanguage\":\"pl-PL\",\"potentialAction\":[{\"@type\":\"ReadAction\",\"target\":[\"https:\\\/\\\/www.clinicaalthea.com\\\/farmacia\\\/sv\\\/apt\\\/maxatin\\\/\"]}]},{\"@type\":\"ImageObject\",\"inLanguage\":\"pl-PL\",\"@id\":\"https:\\\/\\\/www.clinicaalthea.com\\\/farmacia\\\/sv\\\/apt\\\/maxatin\\\/#primaryimage\",\"url\":\"https:\\\/\\\/www.clinicaalthea.com\\\/farmacia\\\/wp-content\\\/uploads\\\/2024\\\/04\\\/Maxatin.jpg\",\"contentUrl\":\"https:\\\/\\\/www.clinicaalthea.com\\\/farmacia\\\/wp-content\\\/uploads\\\/2024\\\/04\\\/Maxatin.jpg\",\"width\":768,\"height\":768,\"caption\":\"Maxatin\"},{\"@type\":\"BreadcrumbList\",\"@id\":\"https:\\\/\\\/www.clinicaalthea.com\\\/farmacia\\\/sv\\\/apt\\\/maxatin\\\/#breadcrumb\",\"itemListElement\":[{\"@type\":\"ListItem\",\"position\":1,\"name\":\"Strona g\u0142\u00f3wna\",\"item\":\"https:\\\/\\\/www.clinicaalthea.com\\\/farmacia\\\/\"},{\"@type\":\"ListItem\",\"position\":2,\"name\":\"Produkty\",\"item\":\"https:\\\/\\\/www.clinicaalthea.com\\\/farmacia\\\/\"},{\"@type\":\"ListItem\",\"position\":3,\"name\":\"Maxatin\"}]},{\"@type\":\"WebSite\",\"@id\":\"https:\\\/\\\/www.clinicaalthea.com\\\/farmacia\\\/#website\",\"url\":\"https:\\\/\\\/www.clinicaalthea.com\\\/farmacia\\\/\",\"name\":\"Clinica Althea\",\"description\":\"\",\"publisher\":{\"@id\":\"https:\\\/\\\/www.clinicaalthea.com\\\/farmacia\\\/#organization\"},\"potentialAction\":[{\"@type\":\"SearchAction\",\"target\":{\"@type\":\"EntryPoint\",\"urlTemplate\":\"https:\\\/\\\/www.clinicaalthea.com\\\/farmacia\\\/?s={search_term_string}\"},\"query-input\":{\"@type\":\"PropertyValueSpecification\",\"valueRequired\":true,\"valueName\":\"search_term_string\"}}],\"inLanguage\":\"pl-PL\"},{\"@type\":\"Organization\",\"@id\":\"https:\\\/\\\/www.clinicaalthea.com\\\/farmacia\\\/#organization\",\"name\":\"Clinica Althea\",\"url\":\"https:\\\/\\\/www.clinicaalthea.com\\\/farmacia\\\/\",\"logo\":{\"@type\":\"ImageObject\",\"inLanguage\":\"pl-PL\",\"@id\":\"https:\\\/\\\/www.clinicaalthea.com\\\/farmacia\\\/#\\\/schema\\\/logo\\\/image\\\/\",\"url\":\"https:\\\/\\\/www.clinicaalthea.com\\\/farmacia\\\/wp-content\\\/uploads\\\/2023\\\/12\\\/Jak-diagnozuje-sie-FAS_-objawy-kryteria-diagnostyczne-i-metody-diagnozowania-154162903.jpg\",\"contentUrl\":\"https:\\\/\\\/www.clinicaalthea.com\\\/farmacia\\\/wp-content\\\/uploads\\\/2023\\\/12\\\/Jak-diagnozuje-sie-FAS_-objawy-kryteria-diagnostyczne-i-metody-diagnozowania-154162903.jpg\",\"width\":1216,\"height\":832,\"caption\":\"Clinica Althea\"},\"image\":{\"@id\":\"https:\\\/\\\/www.clinicaalthea.com\\\/farmacia\\\/#\\\/schema\\\/logo\\\/image\\\/\"}}]}<\/script>\n<!-- \/ Yoast SEO plugin. -->","yoast_head_json":{"title":"Maxatin - Clinica Althea","robots":{"index":"index","follow":"follow","max-snippet":"max-snippet:-1","max-image-preview":"max-image-preview:large","max-video-preview":"max-video-preview:-1"},"canonical":"https:\/\/www.clinicaalthea.com\/farmacia\/sv\/apt\/maxatin\/","og_locale":"pl_PL","og_type":"article","og_title":"Maxatin - Clinica Althea","og_description":"469.00 kr 938.00 kr","og_url":"https:\/\/www.clinicaalthea.com\/farmacia\/sv\/apt\/maxatin\/","og_site_name":"Clinica Althea","article_modified_time":"2024-04-24T09:56:27+00:00","og_image":[{"width":768,"height":768,"url":"https:\/\/www.clinicaalthea.com\/farmacia\/wp-content\/uploads\/2024\/04\/Maxatin.jpg","type":"image\/jpeg"}],"twitter_card":"summary_large_image","twitter_misc":{"Szacowany czas czytania":"9 minut"},"schema":{"@context":"https:\/\/schema.org","@graph":[{"@type":"WebPage","@id":"https:\/\/www.clinicaalthea.com\/farmacia\/sv\/apt\/maxatin\/","url":"https:\/\/www.clinicaalthea.com\/farmacia\/sv\/apt\/maxatin\/","name":"Maxatin - Clinica Althea","isPartOf":{"@id":"https:\/\/www.clinicaalthea.com\/farmacia\/#website"},"primaryImageOfPage":{"@id":"https:\/\/www.clinicaalthea.com\/farmacia\/sv\/apt\/maxatin\/#primaryimage"},"image":{"@id":"https:\/\/www.clinicaalthea.com\/farmacia\/sv\/apt\/maxatin\/#primaryimage"},"thumbnailUrl":"https:\/\/www.clinicaalthea.com\/farmacia\/wp-content\/uploads\/2024\/04\/Maxatin.jpg","datePublished":"2024-04-24T09:54:17+00:00","dateModified":"2024-04-24T09:56:27+00:00","breadcrumb":{"@id":"https:\/\/www.clinicaalthea.com\/farmacia\/sv\/apt\/maxatin\/#breadcrumb"},"inLanguage":"pl-PL","potentialAction":[{"@type":"ReadAction","target":["https:\/\/www.clinicaalthea.com\/farmacia\/sv\/apt\/maxatin\/"]}]},{"@type":"ImageObject","inLanguage":"pl-PL","@id":"https:\/\/www.clinicaalthea.com\/farmacia\/sv\/apt\/maxatin\/#primaryimage","url":"https:\/\/www.clinicaalthea.com\/farmacia\/wp-content\/uploads\/2024\/04\/Maxatin.jpg","contentUrl":"https:\/\/www.clinicaalthea.com\/farmacia\/wp-content\/uploads\/2024\/04\/Maxatin.jpg","width":768,"height":768,"caption":"Maxatin"},{"@type":"BreadcrumbList","@id":"https:\/\/www.clinicaalthea.com\/farmacia\/sv\/apt\/maxatin\/#breadcrumb","itemListElement":[{"@type":"ListItem","position":1,"name":"Strona g\u0142\u00f3wna","item":"https:\/\/www.clinicaalthea.com\/farmacia\/"},{"@type":"ListItem","position":2,"name":"Produkty","item":"https:\/\/www.clinicaalthea.com\/farmacia\/"},{"@type":"ListItem","position":3,"name":"Maxatin"}]},{"@type":"WebSite","@id":"https:\/\/www.clinicaalthea.com\/farmacia\/#website","url":"https:\/\/www.clinicaalthea.com\/farmacia\/","name":"Clinica Althea","description":"","publisher":{"@id":"https:\/\/www.clinicaalthea.com\/farmacia\/#organization"},"potentialAction":[{"@type":"SearchAction","target":{"@type":"EntryPoint","urlTemplate":"https:\/\/www.clinicaalthea.com\/farmacia\/?s={search_term_string}"},"query-input":{"@type":"PropertyValueSpecification","valueRequired":true,"valueName":"search_term_string"}}],"inLanguage":"pl-PL"},{"@type":"Organization","@id":"https:\/\/www.clinicaalthea.com\/farmacia\/#organization","name":"Clinica Althea","url":"https:\/\/www.clinicaalthea.com\/farmacia\/","logo":{"@type":"ImageObject","inLanguage":"pl-PL","@id":"https:\/\/www.clinicaalthea.com\/farmacia\/#\/schema\/logo\/image\/","url":"https:\/\/www.clinicaalthea.com\/farmacia\/wp-content\/uploads\/2023\/12\/Jak-diagnozuje-sie-FAS_-objawy-kryteria-diagnostyczne-i-metody-diagnozowania-154162903.jpg","contentUrl":"https:\/\/www.clinicaalthea.com\/farmacia\/wp-content\/uploads\/2023\/12\/Jak-diagnozuje-sie-FAS_-objawy-kryteria-diagnostyczne-i-metody-diagnozowania-154162903.jpg","width":1216,"height":832,"caption":"Clinica Althea"},"image":{"@id":"https:\/\/www.clinicaalthea.com\/farmacia\/#\/schema\/logo\/image\/"}}]}},"lang":"sv","translations":{"sv":2679,"cs":2666,"pl":2664,"da":2667,"fi":2668,"fr":2669,"el":2670,"es":2671,"nl":2672,"lv":2673,"lt":2674,"de":2675,"pt":2676,"ro":2677,"sk":2678,"hu":2680,"it":2681},"pll_sync_post":[],"_links":{"self":[{"href":"https:\/\/www.clinicaalthea.com\/farmacia\/wp-json\/wp\/v2\/product\/2679","targetHints":{"allow":["GET"]}}],"collection":[{"href":"https:\/\/www.clinicaalthea.com\/farmacia\/wp-json\/wp\/v2\/product"}],"about":[{"href":"https:\/\/www.clinicaalthea.com\/farmacia\/wp-json\/wp\/v2\/types\/product"}],"replies":[{"embeddable":true,"href":"https:\/\/www.clinicaalthea.com\/farmacia\/wp-json\/wp\/v2\/comments?post=2679"}],"wp:featuredmedia":[{"embeddable":true,"href":"https:\/\/www.clinicaalthea.com\/farmacia\/wp-json\/wp\/v2\/media\/2665"}],"wp:attachment":[{"href":"https:\/\/www.clinicaalthea.com\/farmacia\/wp-json\/wp\/v2\/media?parent=2679"}],"wp:term":[{"taxonomy":"product_brand","embeddable":true,"href":"https:\/\/www.clinicaalthea.com\/farmacia\/wp-json\/wp\/v2\/product_brand?post=2679"},{"taxonomy":"product_cat","embeddable":true,"href":"https:\/\/www.clinicaalthea.com\/farmacia\/wp-json\/wp\/v2\/product_cat?post=2679"},{"taxonomy":"product_tag","embeddable":true,"href":"https:\/\/www.clinicaalthea.com\/farmacia\/wp-json\/wp\/v2\/product_tag?post=2679"}],"curies":[{"name":"wp","href":"https:\/\/api.w.org\/{rel}","templated":true}]}}