{"id":2667,"date":"2024-04-24T10:39:32","date_gmt":"2024-04-24T09:39:32","guid":{"rendered":"https:\/\/mayoguide.org\/produkty\/?post_type=product&#038;p=2667"},"modified":"2024-04-24T10:56:27","modified_gmt":"2024-04-24T09:56:27","slug":"maxatin","status":"publish","type":"product","link":"https:\/\/www.clinicaalthea.com\/farmacia\/da\/apt\/maxatin\/","title":{"rendered":"Maxatin"},"content":{"rendered":"\n<p>Har du nogensinde spekuleret p\u00e5, om der er en m\u00e5de at \u00f8ge m\u00e6ngden af dit ejakulat p\u00e5 og forbedre din potens? Er du nysgerrig efter, om <b>et kosttilskud<\/b> kan give dig disse effekter? Find svarene p\u00e5 disse sp\u00f8rgsm\u00e5l i vores artikel om <b>Maxatin<\/b>, et kosttilskud, der er designet til at underst\u00f8tte mandlig potens og \u00f8ge ejakulationsvolumen.<\/p>\n\n\n\n<h2 class=\"wp-block-heading\" id=\"h-glowne-efekty-stosowania-maxatin\">De vigtigste effekter af at bruge Maxatin<\/h2>\n\n\n\n<p>Maxatin kan takket v\u00e6re sine naturlige ingredienser \u00f8ge ejakulationsvolumen og forbedre erektionernes varighed og intensitet. Regelm\u00e6ssig brug af dette kosttilskud kan give st\u00f8rre tilfredshed med samleje og forbedret kvalitet i sexlivet.<\/p>\n\n\n\n<p>Ingredienserne i Maxatin, s\u00e5som sibirisk ginseng, gr\u00e6skar, peruviansk peber, amerikansk traneb\u00e6r og andre, arbejder synergistisk for at p\u00e5virke det urogenitale system og forbedre den seksuelle funktion. De aktive stoffer i Maxatin kan underst\u00f8tte s\u00e6dproduktionen, p\u00e5virke s\u00e6dkvaliteten og regulere niveauerne af hormoner, der er ansvarlige for libido og potens.<\/p>\n\n\n\n<figure class=\"wp-block-table\"><table><tbody><tr><th>De vigtigste virkninger af Maxatin<\/th><th>Forklaring<\/th><\/tr><tr><td>\u00d8ger ejakulationsvolumen<\/td><td>Maxatin kan \u00f8ge s\u00e6dvolumen, hvilket kan resultere i st\u00f8rre seksuel tilfredsstillelse.<\/td><\/tr><tr><td>Forbedret erektionsvarighed og -intensitet<\/td><td>Takket v\u00e6re ingredienserne i Maxatin er det muligt at opn\u00e5 st\u00e6rkere og mere holdbare erektioner.<\/td><\/tr><tr><td>\u00d8get seksuel nydelse<\/td><td>Regelm\u00e6ssig brug af Maxatin kan bidrage til at \u00f8ge tilfredsheden med samleje og forbedre kvaliteten af seksuallivet.<\/td><\/tr><\/tbody><\/table><\/figure>\n\n\n\n<p>Som kosttilskud b\u00f8r Maxatin anvendes som anbefalet af producenten. Langvarig brug kan have varige positive effekter, men resultaterne varierer fra mand til mand.<\/p>\n\n\n\n<p>Det er dog v\u00e6rd at huske, at hver krop reagerer individuelt p\u00e5 kosttilskud, s\u00e5 effekten af Maxatin kan variere fra mand til mand. Hvis du er i tvivl, er det v\u00e6rd at konsultere din l\u00e6ge, f\u00f8r du begynder p\u00e5 Maxatin.<\/p>\n\n\n\n<h2 class=\"wp-block-heading\" id=\"h-dla-kogo-jest-przeznaczony-maxatin\">Hvem er Maxatin til<\/h2>\n\n\n\n<p>Maxatin er til alle m\u00e6nd, der \u00f8nsker at \u00f8ge deres s\u00e6dvolumen, forbedre erektionens varighed og l\u00f8se potensproblemer. Uanset alder eller seksuel orientering kan Maxatin bruges af alle m\u00e6nd, der \u00f8nsker at forbedre deres sexliv og opn\u00e5 st\u00f8rre tilfredshed.<\/p>\n\n\n\n<p>Der er dog visse <b>kontraindikationer<\/b>, der skal overholdes. Maxatin b\u00f8r ikke anvendes af personer under 18 \u00e5r, gravide eller ammende kvinder eller personer, der er allergiske over for nogen af ingredienserne i kosttilskuddet. F\u00f8r du tager Maxatin, er det altid tilr\u00e5deligt at konsultere din l\u00e6ge for at sikre, at tilskuddet er egnet til din individuelle helbredssituation.<\/p>\n\n\n\n<p>Husk, at Maxatin er et kosttilskud og ikke et l\u00e6gemiddel. Det er derfor ikke en erstatning for en sund livsstil, en afbalanceret kost og regelm\u00e6ssig fysisk aktivitet. Brugen af Maxatin skal betragtes som et supplement til en sund livsstil, der kan hj\u00e6lpe dig med at opn\u00e5 de \u00f8nskede resultater for potens og ejakulation.<\/p>\n\n\n\n<h2 class=\"wp-block-heading\" id=\"h-sklad-maxatin\">Maxatins sammens\u00e6tning<\/h2>\n\n\n\n<p><b>Sammens\u00e6tningen<\/b> af Maxatin er baseret p\u00e5 naturlige ingredienser, der har en positiv effekt p\u00e5 potens og ejakulation. Kosttilskuddet Maxatin indeholder:<\/p>\n\n\n\n<ol class=\"wp-block-list\">\n<li><strong>Sibirisk ginseng<\/strong><em>:<\/em> en ingrediens med stimulerende og potensfremmende egenskaber.<\/li>\n\n\n\n<li><strong>Gr\u00e6skar:<\/strong> rigt p\u00e5 v\u00e6rdifulde n\u00e6ringsstoffer som zink og magnesium, der underst\u00f8tter det reproduktive systems korrekte funktion.<\/li>\n\n\n\n<li><strong>Peruviansk peber<\/strong>: en plante med afrodisiakum-egenskaber, som kan have en positiv effekt p\u00e5 libido og erektil kvalitet.<\/li>\n\n\n\n<li><strong>Amerikansk traneb\u00e6r:<\/strong> indeholder aktive ingredienser, som kan underst\u00f8tte urinvejenes sundhed og forbedre den seksuelle funktion.<\/li>\n\n\n\n<li><strong>Glat lakrids:<\/strong> Stofferne i denne ingrediens er gavnlige for det endokrine systems optimale funktion.<\/li>\n\n\n\n<li><strong>Sarsaparilla:<\/strong> kan hj\u00e6lpe med at forbedre testosteronniveauet og st\u00f8tte den generelle pr\u00e6stationsevne.<\/li>\n\n\n\n<li><strong>L-arginin:<\/strong> en aminosyre, der kan p\u00e5virke vasodilatation og forbedre cirkulationen i kroppen, hvilket kan have en gavnlig effekt p\u00e5 erektionen.<\/li>\n\n\n\n<li><strong>L-lysin:<\/strong> en aminosyre, der spiller en vigtig rolle i produktionen af hormoner, herunder testosteron, og som kan have en positiv effekt p\u00e5 den seksuelle funktion.<\/li>\n\n\n\n<li><strong>L-carnitin:<\/strong> et stof, der kan forbedre den fysiske ydeevne og den seksuelle funktion.<\/li>\n<\/ol>\n\n\n\n<p>Takket v\u00e6re den n\u00f8je udvalgte sammens\u00e6tning kan Maxatin effektivt underst\u00f8tte den mandlige potens og forbedre kvaliteten af seksuallivet.<\/p>\n\n\n\n<h2 class=\"wp-block-heading\" id=\"h-sposob-stosowania-maxatin\">S\u00e5dan bruges Maxatin<\/h2>\n\n\n\n<p>Det anbefales at tage en Maxatin-kapsel to gange dagligt med rigeligt vand. Tilskuddet b\u00f8r tages regelm\u00e6ssigt i mindst 2 m\u00e5neder for at opn\u00e5 de bedste resultater. F\u00f8r du tager Maxatin, skal du sikre dig, at der er seksuel ophidselse, da kosttilskuddet i sig selv ikke direkte p\u00e5virker ophidselsen.<\/p>\n\n\n\n<h2 class=\"wp-block-heading\" id=\"h-mozliwe-dzialania-niepozadane-maxatin\">Mulige bivirkninger af Maxatin<\/h2>\n\n\n\n<p>Der er ikke rapporteret nogen tilf\u00e6lde af bivirkninger ved brug af Maxatin. Men som med ethvert kosttilskud er der mulighed for allergiske reaktioner eller bivirkninger. Hvis der opst\u00e5r u\u00f8nskede symptomer, skal du oph\u00f8re med at bruge kosttilskuddet og kontakte din l\u00e6ge.<\/p>\n\n\n\n<h2 class=\"wp-block-heading\" id=\"h-przeciwwskazania-i-srodki-ostroznosci\">Kontraindikationer og forholdsregler<\/h2>\n\n\n\n<p>F\u00f8r du tager Maxatin, skal der tages hensyn til visse <b>kontraindikationer<\/b> og <b>forholdsregler<\/b>. P\u00e5 trods af effektiviteten og den naturlige sammens\u00e6tning af dette kosttilskud er der flere grupper af mennesker, der b\u00f8r afholde sig fra at bruge det.<\/p>\n\n\n\n<ul class=\"wp-block-list\">\n<li><strong>Personer under 18<\/strong> \u00e5r: Maxatin er ikke beregnet til mindre\u00e5rige. Deres kroppe er stadig under udvikling, s\u00e5 der b\u00f8r udvises forsigtighed, og kosttilskud b\u00f8r undg\u00e5s uden f\u00f8rst at konsultere en l\u00e6ge.<\/li>\n\n\n\n<li><strong>Gravide og ammende kvinder<\/strong>: P\u00e5 grund af manglen p\u00e5 tilstr\u00e6kkelig forskning i Maxatins virkninger p\u00e5 fosterudviklingen og sikkerheden ved amning anbefales dette kosttilskud ikke til gravide og ammende kvinder.<\/li>\n\n\n\n<li><strong>Personer, der er allergiske<\/strong> over for ingredienser: Maxatin indeholder naturlige ingredienser, men der er mulighed for allergiske reaktioner hos personer, som er allergiske over for nogen af ingredienserne. L\u00e6s etiketten omhyggeligt, f\u00f8r du tager tilskuddet, og kontakt din l\u00e6ge, hvis du har nogen form for intolerance eller allergi.<\/li>\n<\/ul>\n\n\n\n<p>Bem\u00e6rk, at Maxatin er et kosttilskud og ikke b\u00f8r bruges som erstatning for en varieret kost. For at opn\u00e5 de bedste resultater og for at minimere risikoen for bivirkninger anbefales det altid at konsultere din l\u00e6ge, f\u00f8r du tager Maxatin.<\/p>\n\n\n\n<h2 class=\"wp-block-heading\" id=\"h-opinie-i-recenzje-uzytkownikow-maxatin\">Brugeranmeldelser og udtalelser om Maxatin<\/h2>\n\n\n\n<p><b>Feedback<\/b> og <b>anmeldelser<\/b> fra Maxatin-brugere bekr\u00e6fter, at dette kosttilskud er effektivt til at forbedre m\u00e6nds potens og ejakulationsintensitet. Brugere, der regelm\u00e6ssigt bruger Maxatin, rapporterer om positive effekter s\u00e5som \u00f8get ejakulationsvolumen, bedre erektioner og st\u00f8rre tilfredshed med samleje.<\/p>\n\n\n\n<p><b>Udtalelser<\/b> fra l\u00e6ger og specialister bekr\u00e6fter ogs\u00e5 Maxatins effektivitet. Mange eksperter mener, at ingredienserne i dette kosttilskud har en positiv effekt p\u00e5 mandlig styrke og kvaliteten af det seksuelle liv. De s\u00e6tter is\u00e6r pris p\u00e5 de naturlige ingredienser, som minimerer risikoen for bivirkninger.<\/p>\n\n\n\n<blockquote class=\"wp-block-quote is-layout-flow wp-block-quote-is-layout-flow\">\n<p><em>Siden jeg begyndte at bruge Maxatin, er min seksuelle oplevelse blevet meget mere tilfredsstillende. Jeg kan se en markant forskel i ejakulationsvolumen, hvilket giver mig selvtillid. Desuden er erektionerne l\u00e6ngerevarende og mere intense. Det er utroligt, hvordan de naturlige ingredienser i Maxatin kan have en s\u00e5 positiv effekt p\u00e5 den mandlige potens. Jeg vil anbefale dette tilskud til enhver mand, der \u00f8nsker at forbedre kvaliteten af sit sexliv.<\/em><\/p>\n<\/blockquote>\n\n\n\n<blockquote class=\"wp-block-quote is-layout-flow wp-block-quote-is-layout-flow\">\n<p><em>Jeg er forbl\u00f8ffet over, hvordan Maxatin har \u00e6ndret mit sexliv! Regelm\u00e6ssig brug af dette kosttilskud i l\u00f8bet af de sidste to m\u00e5neder har givet mig fantastiske resultater. Jeg har set en markant forbedring af b\u00e5de erektionens varighed og ejakulationsvolumen. Sammens\u00e6tningen baseret p\u00e5 naturlige ingredienser f\u00e5r mig til at f\u00f8le mig tryg og sikker, velvidende at jeg tager mig af mit helbred. Jeg anbefaler Maxatin til alle, der \u00f8nsker at forbedre deres potens og nyde et tilfredsstillende sexliv!<\/em><\/p>\n<\/blockquote>\n\n\n\n<p>Feedback og <b>anmeldelser fra<\/b> Maxatin-brugere er enstemmige &#8211; dette tilskud kan levere positive resultater med hensyn til at forbedre mandlig potens og ejakulation. Mange positive kommentarer fra b\u00e5de brugere og fagfolk vidner om effektiviteten af Maxatin som et kosttilskud til at underst\u00f8tte en sund og tilfredsstillende seksuel sf\u00e6re.<\/p>\n\n\n\n<p>Feedback og <b>anmeldelser fra<\/b> Maxatin-brugere er klare &#8211; dette kosttilskud hj\u00e6lper med at forbedre mandlig styrke, ejakulationsvolumen og seksuel tilfredshed. Det er tilr\u00e5deligt at konsultere din l\u00e6ge, f\u00f8r du begynder at bruge Maxatin for at f\u00e5 de bedste resultater og for at finde den rigtige dosis, der passer til dine individuelle behov.<\/p>\n\n\n\n<h2 class=\"wp-block-heading\" id=\"h-gdzie-kupic-maxatin-i-cena\">Hvor kan man k\u00f8be Maxatin og prisen<\/h2>\n\n\n\n<p>Maxatin, et kosttilskud til voldsom <strong>ejakulation<\/strong> og potens, f\u00e5s ikke p\u00e5 apoteket. For at k\u00f8be Maxatin skal du g\u00e5 til producentens officielle hjemmeside. Kun der kan vi v\u00e6re sikre p\u00e5, at vi modtager det originale produkt. <strong>K\u00f8b<\/strong> gennem andre kanaler kan f\u00f8re til eksponering for forfalskninger eller produkter af tvivlsom kvalitet.<\/p>\n\n\n\n<p>Hvis du vil k\u00f8be Maxatin, anbefaler vi, at du bes\u00f8ger producentens officielle hjemmeside, hvor du kan foretage dit k\u00f8b sikkert og nemt. P\u00e5 producentens hjemmeside finder du alle de n\u00f8dvendige oplysninger om produktet, instruktioner om, hvordan du bruger det og muligheden for at bestille.<\/p>\n\n\n\n<p>Hvad ang\u00e5r prisen p\u00e5 Maxatin, er det v\u00e6rd at v\u00e6re opm\u00e6rksom p\u00e5 de salgsfremmende tilbud p\u00e5 producentens officielle hjemmeside. Priserne kan variere afh\u00e6ngigt af antallet af pakker, du bestiller. Det er v\u00e6rd at drage fordel af kampagner og k\u00f8be en st\u00f8rre m\u00e6ngde Maxatin for at spare penge og opbevare produktet i l\u00e6ngere tid.<\/p>\n\n\n\n<h2 class=\"wp-block-heading\" id=\"h-mozliwe-skutki-uboczne\">Mulige bivirkninger<\/h2>\n\n\n\n<p>Der er ikke rapporteret tilf\u00e6lde af alvorlige bivirkninger ved brug af Maxatin. Men som med ethvert kosttilskud er der mulighed for allergiske reaktioner eller bivirkninger hos nogle mennesker. Det er altid tilr\u00e5deligt at afbryde brugen af kosttilskuddet og konsultere en l\u00e6ge, hvis der opst\u00e5r u\u00f8nskede symptomer.<\/p>\n\n\n\n<p>N\u00e5r man tager Maxatin, kan der v\u00e6re potentielle <b>bivirkninger<\/b> hos personer, der er f\u00f8lsomme over for nogen af ingredienserne i kosttilskuddet. Dette kan omfatte allergiske symptomer som udsl\u00e6t, kl\u00f8e, h\u00e6velse eller \u00e5ndedr\u00e6tsbesv\u00e6r. Hvis disse symptomer opst\u00e5r, skal du straks oph\u00f8re med at bruge Maxatin og kontakte din l\u00e6ge.<\/p>\n\n\n\n<p>Mindre almindelige <b>bivirkninger<\/b> relateret til ford\u00f8jelsessystemet s\u00e5som mavesmerter, kvalme, opkastning eller diarr\u00e9 kan ogs\u00e5 forekomme. Hvis disse symptomer varer ved eller er generende, skal du kontakte din l\u00e6ge.<\/p>\n\n\n\n<p>Det er vigtigt altid at l\u00e6se kosttilskuddets sammens\u00e6tning og konsultere din l\u00e6ge, f\u00f8r du tager Maxatin, is\u00e6r hvis du har nogen eksisterende medicinske tilstande, tager anden medicin eller har allergier.<\/p>\n","protected":false},"excerpt":{"rendered":"<p><strong>291.00 kr<\/strong><\/p>\n<p><del>582.00 kr<\/del><\/p>\n<p><strong>[date_countdown]<\/strong><\/p>\n","protected":false},"featured_media":2665,"comment_status":"open","ping_status":"closed","template":"","meta":{"neve_meta_sidebar":"","neve_meta_container":"","neve_meta_enable_content_width":"","neve_meta_content_width":0,"neve_meta_title_alignment":"","neve_meta_author_avatar":"","neve_post_elements_order":"","neve_meta_disable_header":"","neve_meta_disable_footer":"","neve_meta_disable_title":"","neve_meta_reading_time":""},"product_brand":[],"product_cat":[339],"product_tag":[],"class_list":{"0":"post-2667","1":"product","2":"type-product","3":"status-publish","4":"has-post-thumbnail","6":"product_cat-seksuel-sundhed","8":"first","9":"instock","10":"shipping-taxable","11":"product-type-external"},"yoast_head":"<!-- This site is optimized with the Yoast SEO plugin v27.4 - https:\/\/yoast.com\/product\/yoast-seo-wordpress\/ -->\n<title>Maxatin - Clinica Althea<\/title>\n<meta name=\"robots\" content=\"index, follow, max-snippet:-1, max-image-preview:large, max-video-preview:-1\" \/>\n<link rel=\"canonical\" href=\"https:\/\/www.clinicaalthea.com\/farmacia\/da\/apt\/maxatin\/\" \/>\n<meta property=\"og:locale\" content=\"pl_PL\" \/>\n<meta property=\"og:type\" content=\"article\" \/>\n<meta property=\"og:title\" content=\"Maxatin - Clinica Althea\" \/>\n<meta property=\"og:description\" content=\"291.00 kr 582.00 kr\" \/>\n<meta property=\"og:url\" content=\"https:\/\/www.clinicaalthea.com\/farmacia\/da\/apt\/maxatin\/\" \/>\n<meta property=\"og:site_name\" content=\"Clinica Althea\" \/>\n<meta property=\"article:modified_time\" content=\"2024-04-24T09:56:27+00:00\" \/>\n<meta property=\"og:image\" content=\"https:\/\/www.clinicaalthea.com\/farmacia\/wp-content\/uploads\/2024\/04\/Maxatin.jpg\" \/>\n\t<meta property=\"og:image:width\" content=\"768\" \/>\n\t<meta property=\"og:image:height\" content=\"768\" \/>\n\t<meta property=\"og:image:type\" content=\"image\/jpeg\" \/>\n<meta name=\"twitter:card\" content=\"summary_large_image\" \/>\n<meta name=\"twitter:label1\" content=\"Szacowany czas czytania\" \/>\n\t<meta name=\"twitter:data1\" content=\"9 minut\" \/>\n<script type=\"application\/ld+json\" class=\"yoast-schema-graph\">{\"@context\":\"https:\\\/\\\/schema.org\",\"@graph\":[{\"@type\":\"WebPage\",\"@id\":\"https:\\\/\\\/www.clinicaalthea.com\\\/farmacia\\\/da\\\/apt\\\/maxatin\\\/\",\"url\":\"https:\\\/\\\/www.clinicaalthea.com\\\/farmacia\\\/da\\\/apt\\\/maxatin\\\/\",\"name\":\"Maxatin - Clinica Althea\",\"isPartOf\":{\"@id\":\"https:\\\/\\\/www.clinicaalthea.com\\\/farmacia\\\/#website\"},\"primaryImageOfPage\":{\"@id\":\"https:\\\/\\\/www.clinicaalthea.com\\\/farmacia\\\/da\\\/apt\\\/maxatin\\\/#primaryimage\"},\"image\":{\"@id\":\"https:\\\/\\\/www.clinicaalthea.com\\\/farmacia\\\/da\\\/apt\\\/maxatin\\\/#primaryimage\"},\"thumbnailUrl\":\"https:\\\/\\\/www.clinicaalthea.com\\\/farmacia\\\/wp-content\\\/uploads\\\/2024\\\/04\\\/Maxatin.jpg\",\"datePublished\":\"2024-04-24T09:39:32+00:00\",\"dateModified\":\"2024-04-24T09:56:27+00:00\",\"breadcrumb\":{\"@id\":\"https:\\\/\\\/www.clinicaalthea.com\\\/farmacia\\\/da\\\/apt\\\/maxatin\\\/#breadcrumb\"},\"inLanguage\":\"pl-PL\",\"potentialAction\":[{\"@type\":\"ReadAction\",\"target\":[\"https:\\\/\\\/www.clinicaalthea.com\\\/farmacia\\\/da\\\/apt\\\/maxatin\\\/\"]}]},{\"@type\":\"ImageObject\",\"inLanguage\":\"pl-PL\",\"@id\":\"https:\\\/\\\/www.clinicaalthea.com\\\/farmacia\\\/da\\\/apt\\\/maxatin\\\/#primaryimage\",\"url\":\"https:\\\/\\\/www.clinicaalthea.com\\\/farmacia\\\/wp-content\\\/uploads\\\/2024\\\/04\\\/Maxatin.jpg\",\"contentUrl\":\"https:\\\/\\\/www.clinicaalthea.com\\\/farmacia\\\/wp-content\\\/uploads\\\/2024\\\/04\\\/Maxatin.jpg\",\"width\":768,\"height\":768,\"caption\":\"Maxatin\"},{\"@type\":\"BreadcrumbList\",\"@id\":\"https:\\\/\\\/www.clinicaalthea.com\\\/farmacia\\\/da\\\/apt\\\/maxatin\\\/#breadcrumb\",\"itemListElement\":[{\"@type\":\"ListItem\",\"position\":1,\"name\":\"Strona g\u0142\u00f3wna\",\"item\":\"https:\\\/\\\/www.clinicaalthea.com\\\/farmacia\\\/\"},{\"@type\":\"ListItem\",\"position\":2,\"name\":\"Produkty\",\"item\":\"https:\\\/\\\/www.clinicaalthea.com\\\/farmacia\\\/\"},{\"@type\":\"ListItem\",\"position\":3,\"name\":\"Maxatin\"}]},{\"@type\":\"WebSite\",\"@id\":\"https:\\\/\\\/www.clinicaalthea.com\\\/farmacia\\\/#website\",\"url\":\"https:\\\/\\\/www.clinicaalthea.com\\\/farmacia\\\/\",\"name\":\"Clinica Althea\",\"description\":\"\",\"publisher\":{\"@id\":\"https:\\\/\\\/www.clinicaalthea.com\\\/farmacia\\\/#organization\"},\"potentialAction\":[{\"@type\":\"SearchAction\",\"target\":{\"@type\":\"EntryPoint\",\"urlTemplate\":\"https:\\\/\\\/www.clinicaalthea.com\\\/farmacia\\\/?s={search_term_string}\"},\"query-input\":{\"@type\":\"PropertyValueSpecification\",\"valueRequired\":true,\"valueName\":\"search_term_string\"}}],\"inLanguage\":\"pl-PL\"},{\"@type\":\"Organization\",\"@id\":\"https:\\\/\\\/www.clinicaalthea.com\\\/farmacia\\\/#organization\",\"name\":\"Clinica Althea\",\"url\":\"https:\\\/\\\/www.clinicaalthea.com\\\/farmacia\\\/\",\"logo\":{\"@type\":\"ImageObject\",\"inLanguage\":\"pl-PL\",\"@id\":\"https:\\\/\\\/www.clinicaalthea.com\\\/farmacia\\\/#\\\/schema\\\/logo\\\/image\\\/\",\"url\":\"https:\\\/\\\/www.clinicaalthea.com\\\/farmacia\\\/wp-content\\\/uploads\\\/2023\\\/12\\\/Jak-diagnozuje-sie-FAS_-objawy-kryteria-diagnostyczne-i-metody-diagnozowania-154162903.jpg\",\"contentUrl\":\"https:\\\/\\\/www.clinicaalthea.com\\\/farmacia\\\/wp-content\\\/uploads\\\/2023\\\/12\\\/Jak-diagnozuje-sie-FAS_-objawy-kryteria-diagnostyczne-i-metody-diagnozowania-154162903.jpg\",\"width\":1216,\"height\":832,\"caption\":\"Clinica Althea\"},\"image\":{\"@id\":\"https:\\\/\\\/www.clinicaalthea.com\\\/farmacia\\\/#\\\/schema\\\/logo\\\/image\\\/\"}}]}<\/script>\n<!-- \/ Yoast SEO plugin. -->","yoast_head_json":{"title":"Maxatin - Clinica Althea","robots":{"index":"index","follow":"follow","max-snippet":"max-snippet:-1","max-image-preview":"max-image-preview:large","max-video-preview":"max-video-preview:-1"},"canonical":"https:\/\/www.clinicaalthea.com\/farmacia\/da\/apt\/maxatin\/","og_locale":"pl_PL","og_type":"article","og_title":"Maxatin - Clinica Althea","og_description":"291.00 kr 582.00 kr","og_url":"https:\/\/www.clinicaalthea.com\/farmacia\/da\/apt\/maxatin\/","og_site_name":"Clinica Althea","article_modified_time":"2024-04-24T09:56:27+00:00","og_image":[{"width":768,"height":768,"url":"https:\/\/www.clinicaalthea.com\/farmacia\/wp-content\/uploads\/2024\/04\/Maxatin.jpg","type":"image\/jpeg"}],"twitter_card":"summary_large_image","twitter_misc":{"Szacowany czas czytania":"9 minut"},"schema":{"@context":"https:\/\/schema.org","@graph":[{"@type":"WebPage","@id":"https:\/\/www.clinicaalthea.com\/farmacia\/da\/apt\/maxatin\/","url":"https:\/\/www.clinicaalthea.com\/farmacia\/da\/apt\/maxatin\/","name":"Maxatin - Clinica Althea","isPartOf":{"@id":"https:\/\/www.clinicaalthea.com\/farmacia\/#website"},"primaryImageOfPage":{"@id":"https:\/\/www.clinicaalthea.com\/farmacia\/da\/apt\/maxatin\/#primaryimage"},"image":{"@id":"https:\/\/www.clinicaalthea.com\/farmacia\/da\/apt\/maxatin\/#primaryimage"},"thumbnailUrl":"https:\/\/www.clinicaalthea.com\/farmacia\/wp-content\/uploads\/2024\/04\/Maxatin.jpg","datePublished":"2024-04-24T09:39:32+00:00","dateModified":"2024-04-24T09:56:27+00:00","breadcrumb":{"@id":"https:\/\/www.clinicaalthea.com\/farmacia\/da\/apt\/maxatin\/#breadcrumb"},"inLanguage":"pl-PL","potentialAction":[{"@type":"ReadAction","target":["https:\/\/www.clinicaalthea.com\/farmacia\/da\/apt\/maxatin\/"]}]},{"@type":"ImageObject","inLanguage":"pl-PL","@id":"https:\/\/www.clinicaalthea.com\/farmacia\/da\/apt\/maxatin\/#primaryimage","url":"https:\/\/www.clinicaalthea.com\/farmacia\/wp-content\/uploads\/2024\/04\/Maxatin.jpg","contentUrl":"https:\/\/www.clinicaalthea.com\/farmacia\/wp-content\/uploads\/2024\/04\/Maxatin.jpg","width":768,"height":768,"caption":"Maxatin"},{"@type":"BreadcrumbList","@id":"https:\/\/www.clinicaalthea.com\/farmacia\/da\/apt\/maxatin\/#breadcrumb","itemListElement":[{"@type":"ListItem","position":1,"name":"Strona g\u0142\u00f3wna","item":"https:\/\/www.clinicaalthea.com\/farmacia\/"},{"@type":"ListItem","position":2,"name":"Produkty","item":"https:\/\/www.clinicaalthea.com\/farmacia\/"},{"@type":"ListItem","position":3,"name":"Maxatin"}]},{"@type":"WebSite","@id":"https:\/\/www.clinicaalthea.com\/farmacia\/#website","url":"https:\/\/www.clinicaalthea.com\/farmacia\/","name":"Clinica Althea","description":"","publisher":{"@id":"https:\/\/www.clinicaalthea.com\/farmacia\/#organization"},"potentialAction":[{"@type":"SearchAction","target":{"@type":"EntryPoint","urlTemplate":"https:\/\/www.clinicaalthea.com\/farmacia\/?s={search_term_string}"},"query-input":{"@type":"PropertyValueSpecification","valueRequired":true,"valueName":"search_term_string"}}],"inLanguage":"pl-PL"},{"@type":"Organization","@id":"https:\/\/www.clinicaalthea.com\/farmacia\/#organization","name":"Clinica Althea","url":"https:\/\/www.clinicaalthea.com\/farmacia\/","logo":{"@type":"ImageObject","inLanguage":"pl-PL","@id":"https:\/\/www.clinicaalthea.com\/farmacia\/#\/schema\/logo\/image\/","url":"https:\/\/www.clinicaalthea.com\/farmacia\/wp-content\/uploads\/2023\/12\/Jak-diagnozuje-sie-FAS_-objawy-kryteria-diagnostyczne-i-metody-diagnozowania-154162903.jpg","contentUrl":"https:\/\/www.clinicaalthea.com\/farmacia\/wp-content\/uploads\/2023\/12\/Jak-diagnozuje-sie-FAS_-objawy-kryteria-diagnostyczne-i-metody-diagnozowania-154162903.jpg","width":1216,"height":832,"caption":"Clinica Althea"},"image":{"@id":"https:\/\/www.clinicaalthea.com\/farmacia\/#\/schema\/logo\/image\/"}}]}},"lang":"da","translations":{"da":2667,"cs":2666,"pl":2664,"fi":2668,"fr":2669,"el":2670,"es":2671,"nl":2672,"lv":2673,"lt":2674,"de":2675,"pt":2676,"ro":2677,"sk":2678,"sv":2679,"hu":2680,"it":2681},"pll_sync_post":[],"_links":{"self":[{"href":"https:\/\/www.clinicaalthea.com\/farmacia\/wp-json\/wp\/v2\/product\/2667","targetHints":{"allow":["GET"]}}],"collection":[{"href":"https:\/\/www.clinicaalthea.com\/farmacia\/wp-json\/wp\/v2\/product"}],"about":[{"href":"https:\/\/www.clinicaalthea.com\/farmacia\/wp-json\/wp\/v2\/types\/product"}],"replies":[{"embeddable":true,"href":"https:\/\/www.clinicaalthea.com\/farmacia\/wp-json\/wp\/v2\/comments?post=2667"}],"wp:featuredmedia":[{"embeddable":true,"href":"https:\/\/www.clinicaalthea.com\/farmacia\/wp-json\/wp\/v2\/media\/2665"}],"wp:attachment":[{"href":"https:\/\/www.clinicaalthea.com\/farmacia\/wp-json\/wp\/v2\/media?parent=2667"}],"wp:term":[{"taxonomy":"product_brand","embeddable":true,"href":"https:\/\/www.clinicaalthea.com\/farmacia\/wp-json\/wp\/v2\/product_brand?post=2667"},{"taxonomy":"product_cat","embeddable":true,"href":"https:\/\/www.clinicaalthea.com\/farmacia\/wp-json\/wp\/v2\/product_cat?post=2667"},{"taxonomy":"product_tag","embeddable":true,"href":"https:\/\/www.clinicaalthea.com\/farmacia\/wp-json\/wp\/v2\/product_tag?post=2667"}],"curies":[{"name":"wp","href":"https:\/\/api.w.org\/{rel}","templated":true}]}}